{"id":504,"date":"2021-09-06T11:51:29","date_gmt":"2021-09-06T11:51:29","guid":{"rendered":"https:\/\/www.ull.es\/internacional-nuevo\/?page_id=504"},"modified":"2026-01-13T12:41:54","modified_gmt":"2026-01-13T12:41:54","slug":"programa-de-becas-de-la-fundacion-carolina","status":"publish","type":"page","link":"https:\/\/www.ull.es\/internacional\/fr\/programa-de-becas-de-la-fundacion-carolina\/","title":{"rendered":"Programme de bourses d&#039;\u00e9tudes de la Fondation Carolina"},"content":{"rendered":"<div class=\"wp-block-stackable-columns alignfull stk-block-columns stk--hide-mobile stk-block stk-70f2177\" data-block-id=\"70f2177\"><style>.stk-70f2177 {margin-bottom:0px !important;}<\/style><div class=\"stk-row stk-inner-blocks stk-block-content stk-content-align stk-70f2177-column alignfull\">\n<div class=\"wp-block-stackable-column stk-block-column stk-column stk-block stk-e9631c6\" data-v=\"4\" data-block-id=\"e9631c6\"><div class=\"stk-column-wrapper stk-block-column__content stk-container stk-e9631c6-container stk--no-background stk--no-padding\"><div class=\"stk-block-content stk-inner-blocks stk-e9631c6-inner-blocks\">\n<div class=\"wp-block-stackable-image stk-block-image stk-block stk-7ea61e6\" data-block-id=\"7ea61e6\"><style>.stk-7ea61e6 .stk-img-wrapper{height:635px !important;}.stk-7ea61e6 .stk-img-wrapper img{object-position:46% 34% !important;}<\/style><figure><span class=\"stk-img-wrapper stk-image--shape-stretch\"><img loading=\"lazy\" decoding=\"async\" class=\"stk-img wp-image-2521\" src=\"https:\/\/www.ull.es\/internacional\/wp-content\/uploads\/2025\/09\/BANNER-SUPERIOR-sin-texto-FUNDACIONCAROLINA.jpg\" width=\"1900\" height=\"719\" srcset=\"https:\/\/www.ull.es\/internacional\/wp-content\/uploads\/2025\/09\/BANNER-SUPERIOR-sin-texto-FUNDACIONCAROLINA.jpg 1900w, https:\/\/www.ull.es\/internacional\/wp-content\/uploads\/2025\/09\/BANNER-SUPERIOR-sin-texto-FUNDACIONCAROLINA-300x114.jpg 300w, https:\/\/www.ull.es\/internacional\/wp-content\/uploads\/2025\/09\/BANNER-SUPERIOR-sin-texto-FUNDACIONCAROLINA-1024x388.jpg 1024w, https:\/\/www.ull.es\/internacional\/wp-content\/uploads\/2025\/09\/BANNER-SUPERIOR-sin-texto-FUNDACIONCAROLINA-768x291.jpg 768w, https:\/\/www.ull.es\/internacional\/wp-content\/uploads\/2025\/09\/BANNER-SUPERIOR-sin-texto-FUNDACIONCAROLINA-1536x581.jpg 1536w, https:\/\/www.ull.es\/internacional\/wp-content\/uploads\/2025\/09\/BANNER-SUPERIOR-sin-texto-FUNDACIONCAROLINA-18x7.jpg 18w, https:\/\/www.ull.es\/internacional\/wp-content\/uploads\/2025\/09\/BANNER-SUPERIOR-sin-texto-FUNDACIONCAROLINA-200x76.jpg 200w, https:\/\/www.ull.es\/internacional\/wp-content\/uploads\/2025\/09\/BANNER-SUPERIOR-sin-texto-FUNDACIONCAROLINA-375x142.jpg 375w, https:\/\/www.ull.es\/internacional\/wp-content\/uploads\/2025\/09\/BANNER-SUPERIOR-sin-texto-FUNDACIONCAROLINA-750x284.jpg 750w, https:\/\/www.ull.es\/internacional\/wp-content\/uploads\/2025\/09\/BANNER-SUPERIOR-sin-texto-FUNDACIONCAROLINA-1140x431.jpg 1140w\" sizes=\"auto, (max-width: 1900px) 100vw, 1900px\" \/><\/span><\/figure><\/div>\n\n\n\n<div class=\"wp-block-stackable-heading stk-block-heading stk-block-heading--v2 stk-block stk-8382b35\" id=\"strong-programa-de-becas-de-la-br-fundacion-carolina-strong\" data-block-id=\"8382b35\"><style>.stk-8382b35 {margin-top:-12% !important;margin-bottom:10% !important;margin-left:10% !important;}.stk-8382b35 .stk-block-heading__text{font-size:6.3rem !important;color:#ffffff !important;font-weight:bold !important;font-family:\"Montserrat\", Sans-serif !important;}@media screen and (max-width: 1023px){.stk-8382b35 {margin-top:-35% !important;}.stk-8382b35 .stk-block-heading__text{font-size:6.3rem !important;}}<\/style><h1 class=\"stk-block-heading__text has-text-color\"><strong>Programme de bourses d&#039;\u00e9tudes de la <br>Fondation Carolina<\/strong><\/h1><\/div>\n<\/div><\/div><\/div>\n<\/div><\/div>\n\n\n\n<div class=\"wp-block-stackable-columns alignfull stk-block-columns stk--hide-desktop stk--hide-tablet stk-block stk-0b317c3\" data-block-id=\"0b317c3\"><style>.stk-0b317c3 {margin-top:-30px !important;}@media screen and (max-width: 767px){.stk-0b317c3 {margin-bottom:30px !important;}}<\/style><div class=\"stk-row stk-inner-blocks stk-block-content stk-content-align stk-0b317c3-column alignfull\">\n<div class=\"wp-block-stackable-column stk-block-column stk-column stk-block stk-563b839\" data-v=\"4\" data-block-id=\"563b839\"><div class=\"stk-column-wrapper stk-block-column__content stk-container stk-563b839-container stk--no-background stk--no-padding\"><div class=\"stk-block-content stk-inner-blocks stk-563b839-inner-blocks\">\n<div class=\"wp-block-stackable-image stk-block-image stk-block stk-c035edd\" data-block-id=\"c035edd\"><style>.stk-c035edd .stk-img-wrapper{width:100% !important;}<\/style><figure><span class=\"stk-img-wrapper stk-image--shape-stretch\"><img loading=\"lazy\" decoding=\"async\" class=\"stk-img wp-image-2064\" src=\"https:\/\/www.ull.es\/internacional\/wp-content\/uploads\/2025\/09\/BANNER-MOVIL-copia-3.jpg\" width=\"1575\" height=\"1969\" srcset=\"https:\/\/www.ull.es\/internacional\/wp-content\/uploads\/2025\/09\/BANNER-MOVIL-copia-3.jpg 1575w, https:\/\/www.ull.es\/internacional\/wp-content\/uploads\/2025\/09\/BANNER-MOVIL-copia-3-240x300.jpg 240w, https:\/\/www.ull.es\/internacional\/wp-content\/uploads\/2025\/09\/BANNER-MOVIL-copia-3-819x1024.jpg 819w, https:\/\/www.ull.es\/internacional\/wp-content\/uploads\/2025\/09\/BANNER-MOVIL-copia-3-768x960.jpg 768w, https:\/\/www.ull.es\/internacional\/wp-content\/uploads\/2025\/09\/BANNER-MOVIL-copia-3-1229x1536.jpg 1229w, https:\/\/www.ull.es\/internacional\/wp-content\/uploads\/2025\/09\/BANNER-MOVIL-copia-3-10x12.jpg 10w, https:\/\/www.ull.es\/internacional\/wp-content\/uploads\/2025\/09\/BANNER-MOVIL-copia-3-200x250.jpg 200w, https:\/\/www.ull.es\/internacional\/wp-content\/uploads\/2025\/09\/BANNER-MOVIL-copia-3-375x469.jpg 375w, https:\/\/www.ull.es\/internacional\/wp-content\/uploads\/2025\/09\/BANNER-MOVIL-copia-3-750x938.jpg 750w, https:\/\/www.ull.es\/internacional\/wp-content\/uploads\/2025\/09\/BANNER-MOVIL-copia-3-1140x1425.jpg 1140w\" sizes=\"auto, (max-width: 1575px) 100vw, 1575px\" \/><\/span><\/figure><\/div>\n<\/div><\/div><\/div>\n<\/div><\/div>\n\n\n\n<div class=\"wp-block-stackable-columns stk-block-columns stk-block stk-9bf4fbd\" data-block-id=\"9bf4fbd\"><style>.stk-9bf4fbd {margin-top:-100px !important;}@media screen and (max-width: 1023px){.stk-9bf4fbd {margin-top:0px !important;}}<\/style><div class=\"stk-row stk-inner-blocks stk-block-content stk-content-align stk-9bf4fbd-column\">\n<div class=\"wp-block-stackable-column stk-block-column stk-column stk-block stk-993df7c\" data-v=\"4\" data-block-id=\"993df7c\"><div class=\"stk-column-wrapper stk-block-column__content stk-container stk-993df7c-container stk--no-background stk--no-padding\"><div class=\"stk-block-content stk-inner-blocks stk-993df7c-inner-blocks\">\n<div class=\"wp-block-stackable-image stk-block-image stk-block stk-da7c04a\" data-block-id=\"da7c04a\"><style>.stk-da7c04a .stk-img-wrapper{width:25% !important;}@media screen and (max-width: 767px){.stk-da7c04a .stk-img-wrapper{width:50% !important;}}<\/style><figure><span class=\"stk-img-wrapper stk-image--shape-stretch\"><img loading=\"lazy\" decoding=\"async\" class=\"stk-img wp-image-2063\" src=\"https:\/\/www.ull.es\/internacional\/wp-content\/uploads\/2025\/09\/LOGO-CAROLINA.png\" width=\"636\" height=\"516\" srcset=\"https:\/\/www.ull.es\/internacional\/wp-content\/uploads\/2025\/09\/LOGO-CAROLINA.png 636w, https:\/\/www.ull.es\/internacional\/wp-content\/uploads\/2025\/09\/LOGO-CAROLINA-300x243.png 300w, https:\/\/www.ull.es\/internacional\/wp-content\/uploads\/2025\/09\/LOGO-CAROLINA-15x12.png 15w, https:\/\/www.ull.es\/internacional\/wp-content\/uploads\/2025\/09\/LOGO-CAROLINA-200x162.png 200w, https:\/\/www.ull.es\/internacional\/wp-content\/uploads\/2025\/09\/LOGO-CAROLINA-375x304.png 375w\" sizes=\"auto, (max-width: 636px) 100vw, 636px\" \/><\/span><\/figure><\/div>\n<\/div><\/div><\/div>\n<\/div><\/div>\n\n\n\n<div class=\"wp-block-stackable-columns aligncenter stk-block-columns stk-block stk-775c31c\" data-block-id=\"775c31c\"><div class=\"stk-row stk-inner-blocks stk-block-content stk-content-align stk-775c31c-column\">\n<div class=\"wp-block-stackable-column stk-block-column stk-column stk-block stk-46cee17\" data-v=\"4\" data-block-id=\"46cee17\"><div class=\"stk-column-wrapper stk-block-column__content stk-container stk-46cee17-container stk--no-background stk--no-padding\"><div class=\"stk-block-content stk-inner-blocks stk-46cee17-inner-blocks\">\n<div class=\"wp-block-stackable-text stk-block-text stk-block stk-14c9b5a\" data-block-id=\"14c9b5a\"><style>.stk-14c9b5a .stk-block-text__text{color:#612282 !important;}<\/style><p class=\"stk-block-text__text has-text-color\">Pays d&#039;Am\u00e9rique latine membres de la Communaut\u00e9 ib\u00e9ro-am\u00e9ricaine des nations et le Portugal.<br>La Fondation Carolina a \u00e9t\u00e9 cr\u00e9\u00e9e en 2000 en tant qu&#039;institution pour promouvoir les relations culturelles et la coop\u00e9ration \u00e9ducative et scientifique entre l&#039;Espagne et les pays de la Communaut\u00e9 ib\u00e9ro-am\u00e9ricaine des nations.<br>Depuis 2013, la Fondation Carolina a sign\u00e9 un accord-cadre avec l&#039;Universit\u00e9 de La Laguna pour attribuer des bourses de sp\u00e9cialisation professionnelle en Espagne \u00e0 travers le Programme de Formation de la Fondation Carolina (bourses d&#039;\u00e9tudes sup\u00e9rieures).<br>Gr\u00e2ce \u00e0 son programme de formation, la Fondation Carolina g\u00e9n\u00e8re du capital humain et favorise l\u2019excellence, contribuant de mani\u00e8re d\u00e9cisive \u00e0 la consolidation d\u2019un espace de connaissances en Am\u00e9rique latine et \u00e0 la croissance du continent.<\/p><\/div>\n<\/div><\/div><\/div>\n\n\n\n<div class=\"wp-block-stackable-column stk-block-column stk-column stk-block stk-55323d8\" data-v=\"4\" data-block-id=\"55323d8\"><div class=\"stk-column-wrapper stk-block-column__content stk-container stk-55323d8-container stk--no-background stk--no-padding\"><div class=\"stk-block-content stk-inner-blocks stk-55323d8-inner-blocks\">\n<div class=\"wp-block-stackable-text stk-block-text stk-block stk-7a2487c\" data-block-id=\"7a2487c\"><style>.stk-7a2487c .stk-block-text__text{color:#612282 !important;}<\/style><p class=\"stk-block-text__text has-text-color\">Ces derni\u00e8res ann\u00e9es, la Fondation Carolina a d\u00e9ploy\u00e9 des efforts consid\u00e9rables pour am\u00e9liorer la qualit\u00e9 de la formation offerte par ses programmes et consolider son leadership parmi les institutions culturelles qui promeuvent l&#039;am\u00e9lioration de l&#039;enseignement sup\u00e9rieur dans les Am\u00e9riques. \u00c0 cet \u00e9gard, l&#039;un de ses principaux atouts r\u00e9side dans la promotion de l&#039;internationalisation des universit\u00e9s et des centres de formation espagnols.<br>Le processus rigoureux de s\u00e9lection des candidats passe par de nombreux filtres, inspir\u00e9s principalement par le crit\u00e8re de l\u2019excellence acad\u00e9mique.<\/p><\/div>\n<\/div><\/div><\/div>\n<\/div><\/div>\n\n\n\n<div class=\"wp-block-stackable-columns stk-block-columns stk-block stk-805696a\" data-block-id=\"805696a\"><div class=\"stk-row stk-inner-blocks stk-block-content stk-content-align stk-805696a-column\">\n<div class=\"wp-block-stackable-column stk-block-column stk-column stk-block stk-febad00\" data-v=\"4\" data-block-id=\"febad00\"><div class=\"stk-column-wrapper stk-block-column__content stk-container stk-febad00-container stk--no-background stk--no-padding\"><div class=\"stk-block-content stk-inner-blocks stk-febad00-inner-blocks\">\n<div class=\"wp-block-stackable-button-group stk-block-button-group stk-block stk-e25301c\" data-block-id=\"e25301c\"><div class=\"stk-row stk-inner-blocks has-text-align-center stk-block-content stk-button-group\">\n<div class=\"wp-block-stackable-button stk-block-button stk-block stk-6c77360\" data-block-id=\"6c77360\"><style>.stk-6c77360 .stk-button{padding-right:var(--stk--preset--spacing--80, 5.06rem) !important;padding-left:var(--stk--preset--spacing--80, 5.06rem) !important;background:#55267f !important;border-top-left-radius:var(--stk--preset--border-radius--xx-large, 32px) !important;border-top-right-radius:var(--stk--preset--border-radius--xx-large, 32px) !important;border-bottom-right-radius:var(--stk--preset--border-radius--xx-large, 32px) !important;border-bottom-left-radius:var(--stk--preset--border-radius--xx-large, 32px) !important;}<\/style><a class=\"stk-link stk-button stk--hover-effect-darken\" href=\"https:\/\/www.fundacioncarolina.es\/convocatoria-de-becas-2026-2027\/\" target=\"_blank\" rel=\"noopener\"><span class=\"stk-button__inner-text\"><strong>PLUS D&#039;INFORMATIONS<\/strong><\/span><\/a><\/div>\n<\/div><\/div>\n<\/div><\/div><\/div>\n<\/div><\/div>","protected":false},"excerpt":{"rendered":"<p>Programme de bourses de la Fondation Carolina pour les pays d&#039;Am\u00e9rique latine membres de la Communaut\u00e9 ib\u00e9ro-am\u00e9ricaine des nations et le Portugal. La Fondation Carolina a \u00e9t\u00e9 cr\u00e9\u00e9e en 2000 pour promouvoir les relations culturelles et la coop\u00e9ration \u00e9ducative et scientifique entre l&#039;Espagne et les pays de la Communaut\u00e9 ib\u00e9ro-am\u00e9ricaine des nations. Depuis\u2026<\/p>","protected":false},"author":2,"featured_media":0,"parent":0,"menu_order":0,"comment_status":"closed","ping_status":"closed","template":"templates\/template-frontpage.php","meta":{"footnotes":""},"class_list":["post-504","page","type-page","status-publish","hentry"],"_links":{"self":[{"href":"https:\/\/www.ull.es\/internacional\/fr\/wp-json\/wp\/v2\/pages\/504","targetHints":{"allow":["GET"]}}],"collection":[{"href":"https:\/\/www.ull.es\/internacional\/fr\/wp-json\/wp\/v2\/pages"}],"about":[{"href":"https:\/\/www.ull.es\/internacional\/fr\/wp-json\/wp\/v2\/types\/page"}],"author":[{"embeddable":true,"href":"https:\/\/www.ull.es\/internacional\/fr\/wp-json\/wp\/v2\/users\/2"}],"replies":[{"embeddable":true,"href":"https:\/\/www.ull.es\/internacional\/fr\/wp-json\/wp\/v2\/comments?post=504"}],"version-history":[{"count":26,"href":"https:\/\/www.ull.es\/internacional\/fr\/wp-json\/wp\/v2\/pages\/504\/revisions"}],"predecessor-version":[{"id":3500,"href":"https:\/\/www.ull.es\/internacional\/fr\/wp-json\/wp\/v2\/pages\/504\/revisions\/3500"}],"wp:attachment":[{"href":"https:\/\/www.ull.es\/internacional\/fr\/wp-json\/wp\/v2\/media?parent=504"}],"curies":[{"name":"wp","href":"https:\/\/api.w.org\/{rel}","templated":true}]}}