{"id":509,"date":"2021-09-06T11:58:41","date_gmt":"2021-09-06T11:58:41","guid":{"rendered":"https:\/\/www.ull.es\/internacional-nuevo\/?page_id=509"},"modified":"2025-10-14T14:30:18","modified_gmt":"2025-10-14T14:30:18","slug":"estancias-doctorado-ecusa-eeuu","status":"publish","type":"page","link":"https:\/\/www.ull.es\/internacional\/fr\/estancias-doctorado-ecusa-eeuu\/","title":{"rendered":"S\u00e9jours doctoraux ECUSA aux \u00c9tats-Unis"},"content":{"rendered":"<div class=\"wp-block-stackable-columns alignfull stk-block-columns stk--hide-mobile stk-block stk-70f2177\" data-block-id=\"70f2177\"><style>.stk-70f2177 {margin-bottom:0px !important;}<\/style><div class=\"stk-row stk-inner-blocks stk-block-content stk-content-align stk-70f2177-column alignfull\">\n<div class=\"wp-block-stackable-column stk-block-column stk-column stk-block stk-e9631c6\" data-v=\"4\" data-block-id=\"e9631c6\"><div class=\"stk-column-wrapper stk-block-column__content stk-container stk-e9631c6-container stk--no-background stk--no-padding\"><div class=\"stk-block-content stk-inner-blocks stk-e9631c6-inner-blocks\">\n<div class=\"wp-block-stackable-image stk-block-image stk-block stk-7ea61e6\" data-block-id=\"7ea61e6\"><style>.stk-7ea61e6 .stk-img-wrapper{height:635px !important;}.stk-7ea61e6 .stk-img-wrapper img{object-position:46% 34% !important;}<\/style><figure><span class=\"stk-img-wrapper stk-image--shape-stretch\"><img loading=\"lazy\" decoding=\"async\" class=\"stk-img wp-image-2506\" src=\"https:\/\/www.ull.es\/internacional\/wp-content\/uploads\/2025\/09\/BANNER-SUPERIOR-sin-textoECUSA.jpg\" width=\"1900\" height=\"719\" srcset=\"https:\/\/www.ull.es\/internacional\/wp-content\/uploads\/2025\/09\/BANNER-SUPERIOR-sin-textoECUSA.jpg 1900w, https:\/\/www.ull.es\/internacional\/wp-content\/uploads\/2025\/09\/BANNER-SUPERIOR-sin-textoECUSA-300x114.jpg 300w, https:\/\/www.ull.es\/internacional\/wp-content\/uploads\/2025\/09\/BANNER-SUPERIOR-sin-textoECUSA-1024x388.jpg 1024w, https:\/\/www.ull.es\/internacional\/wp-content\/uploads\/2025\/09\/BANNER-SUPERIOR-sin-textoECUSA-768x291.jpg 768w, https:\/\/www.ull.es\/internacional\/wp-content\/uploads\/2025\/09\/BANNER-SUPERIOR-sin-textoECUSA-1536x581.jpg 1536w, https:\/\/www.ull.es\/internacional\/wp-content\/uploads\/2025\/09\/BANNER-SUPERIOR-sin-textoECUSA-18x7.jpg 18w, https:\/\/www.ull.es\/internacional\/wp-content\/uploads\/2025\/09\/BANNER-SUPERIOR-sin-textoECUSA-200x76.jpg 200w, https:\/\/www.ull.es\/internacional\/wp-content\/uploads\/2025\/09\/BANNER-SUPERIOR-sin-textoECUSA-375x142.jpg 375w, https:\/\/www.ull.es\/internacional\/wp-content\/uploads\/2025\/09\/BANNER-SUPERIOR-sin-textoECUSA-750x284.jpg 750w, https:\/\/www.ull.es\/internacional\/wp-content\/uploads\/2025\/09\/BANNER-SUPERIOR-sin-textoECUSA-1140x431.jpg 1140w\" sizes=\"auto, (max-width: 1900px) 100vw, 1900px\" \/><\/span><\/figure><\/div>\n\n\n\n<div class=\"wp-block-stackable-heading stk-block-heading stk-block-heading--v2 stk-block stk-8382b35\" id=\"strong-estancias-de-doctorado-br-ecusa-en-estados-unidos-strong\" data-block-id=\"8382b35\"><style>.stk-8382b35 {margin-top:-12% !important;margin-bottom:10% !important;margin-left:10% !important;}.stk-8382b35 .stk-block-heading__text{font-size:6.3rem !important;color:#ffffff !important;font-weight:bold !important;font-family:\"Montserrat\", Sans-serif !important;}@media screen and (max-width: 1023px){.stk-8382b35 {margin-top:-50% !important;}.stk-8382b35 .stk-block-heading__text{font-size:6.3rem !important;}}<\/style><h1 class=\"stk-block-heading__text has-text-color\"><strong>S\u00e9jours doctoraux <br>ECUSA aux \u00c9tats-Unis<\/strong><\/h1><\/div>\n<\/div><\/div><\/div>\n<\/div><\/div>\n\n\n\n<div class=\"wp-block-stackable-columns alignfull stk-block-columns stk--hide-desktop stk--hide-tablet stk-block stk-f270582\" data-block-id=\"f270582\"><style>.stk-f270582 {margin-top:-30px !important;margin-bottom:50px !important;}<\/style><div class=\"stk-row stk-inner-blocks stk-block-content stk-content-align stk-f270582-column alignfull\">\n<div class=\"wp-block-stackable-column stk-block-column stk-column stk-block stk-2265116\" data-v=\"4\" data-block-id=\"2265116\"><div class=\"stk-column-wrapper stk-block-column__content stk-container stk-2265116-container stk--no-background stk--no-padding\"><div class=\"stk-block-content stk-inner-blocks stk-2265116-inner-blocks\">\n<div class=\"wp-block-stackable-image stk-block-image stk-block stk-0d45aff\" data-block-id=\"0d45aff\"><figure><span class=\"stk-img-wrapper stk-image--shape-stretch\"><img loading=\"lazy\" decoding=\"async\" class=\"stk-img wp-image-1997\" src=\"https:\/\/www.ull.es\/internacional\/wp-content\/uploads\/2025\/09\/BANNER-MOVIL-copia-1.jpg\" width=\"1575\" height=\"1969\" srcset=\"https:\/\/www.ull.es\/internacional\/wp-content\/uploads\/2025\/09\/BANNER-MOVIL-copia-1.jpg 1575w, https:\/\/www.ull.es\/internacional\/wp-content\/uploads\/2025\/09\/BANNER-MOVIL-copia-1-240x300.jpg 240w, https:\/\/www.ull.es\/internacional\/wp-content\/uploads\/2025\/09\/BANNER-MOVIL-copia-1-819x1024.jpg 819w, https:\/\/www.ull.es\/internacional\/wp-content\/uploads\/2025\/09\/BANNER-MOVIL-copia-1-768x960.jpg 768w, https:\/\/www.ull.es\/internacional\/wp-content\/uploads\/2025\/09\/BANNER-MOVIL-copia-1-1229x1536.jpg 1229w, https:\/\/www.ull.es\/internacional\/wp-content\/uploads\/2025\/09\/BANNER-MOVIL-copia-1-10x12.jpg 10w, https:\/\/www.ull.es\/internacional\/wp-content\/uploads\/2025\/09\/BANNER-MOVIL-copia-1-200x250.jpg 200w, https:\/\/www.ull.es\/internacional\/wp-content\/uploads\/2025\/09\/BANNER-MOVIL-copia-1-375x469.jpg 375w, https:\/\/www.ull.es\/internacional\/wp-content\/uploads\/2025\/09\/BANNER-MOVIL-copia-1-750x938.jpg 750w, https:\/\/www.ull.es\/internacional\/wp-content\/uploads\/2025\/09\/BANNER-MOVIL-copia-1-1140x1425.jpg 1140w\" sizes=\"auto, (max-width: 1575px) 100vw, 1575px\" \/><\/span><\/figure><\/div>\n<\/div><\/div><\/div>\n<\/div><\/div>\n\n\n\n<div class=\"wp-block-stackable-columns aligncenter stk-block-columns stk-block stk-a7aa372\" data-block-id=\"a7aa372\"><style>.stk-a7aa372 {margin-top:-100px !important;margin-bottom:40px !important;}@media screen and (max-width: 1023px){.stk-a7aa372 {margin-top:0px !important;}}@media screen and (max-width: 767px){.stk-a7aa372 {margin-top:0px !important;}}<\/style><div class=\"stk-row stk-inner-blocks stk-block-content stk-content-align stk-a7aa372-column\">\n<div class=\"wp-block-stackable-column stk-block-column stk-column stk-block stk-02fc915\" data-v=\"4\" data-block-id=\"02fc915\"><div class=\"stk-column-wrapper stk-block-column__content stk-container stk-02fc915-container stk--no-background stk--no-padding\"><div class=\"stk-block-content stk-inner-blocks stk-02fc915-inner-blocks\">\n<div class=\"wp-block-stackable-text stk-block-text stk-block stk-ead2930\" data-block-id=\"ead2930\"><style>.stk-ead2930 .stk-block-text__text{color:#612282 !important;}<\/style><p class=\"stk-block-text__text has-text-color has-text-align-left-mobile\">En 2015, l&#039;Universit\u00e9 de La Laguna a sign\u00e9 un accord avec les scientifiques espagnols aux \u00c9tats-Unis (ECUSA) pour faciliter la mobilit\u00e9 du personnel.<br>chercheur et \u00e9tudiant aux USA,<br>renforcer son internationalisation et ses contacts acad\u00e9miques et scientifiques avec les institutions am\u00e9ricaines.<\/p><\/div>\n<\/div><\/div><\/div>\n\n\n\n<div class=\"wp-block-stackable-column stk-block-column stk-column stk-block stk-44ab939\" data-v=\"4\" data-block-id=\"44ab939\"><div class=\"stk-column-wrapper stk-block-column__content stk-container stk-44ab939-container stk--no-background stk--no-padding\"><div class=\"stk-block-content stk-inner-blocks stk-44ab939-inner-blocks\">\n<div class=\"wp-block-stackable-text stk-block-text stk-block stk-d4052eb\" data-block-id=\"d4052eb\"><style>.stk-d4052eb .stk-block-text__text{color:#612282 !important;}<\/style><p class=\"stk-block-text__text has-text-color has-text-align-left-mobile\">L&#039;ECUSA, bas\u00e9e dans le District de Columbia, est une organisation \u00e0 but non lucratif compos\u00e9e de chercheurs espagnols. Son objectif est de promouvoir le d\u00e9veloppement et les \u00e9changes au sein de la communaut\u00e9 scientifique espagnole aux \u00c9tats-Unis, en favorisant l&#039;\u00e9change de connaissances et la collaboration.<\/p><\/div>\n<\/div><\/div><\/div>\n<\/div><\/div>\n\n\n\n<div class=\"wp-block-stackable-columns alignfull stk-block-columns stk--hide-mobile stk-block stk-f3a085c stk-block-background\" data-block-id=\"f3a085c\"><style>.stk-f3a085c {background-color:#612282 !important;padding-bottom:50px !important;margin-bottom:-100px !important;}.stk-f3a085c:before{background-color:#612282 !important;}<\/style><div class=\"stk-row stk-inner-blocks stk-block-content stk-content-align stk-f3a085c-column alignfull\">\n<div class=\"wp-block-stackable-column stk-block-column stk-column stk-block stk-af9a85a\" data-v=\"4\" data-block-id=\"af9a85a\"><div class=\"stk-column-wrapper stk-block-column__content stk-container stk-af9a85a-container stk--no-background stk--no-padding\"><div class=\"stk-block-content stk-inner-blocks stk-af9a85a-inner-blocks\">\n<div class=\"wp-block-stackable-columns aligncenter stk-block-columns stk-block stk-0e9e8d0\" data-block-id=\"0e9e8d0\"><style>.stk-0e9e8d0 {padding-left:1.5% !important;}<\/style><div class=\"stk-row stk-inner-blocks stk-block-content stk-content-align stk-0e9e8d0-column\">\n<div class=\"wp-block-stackable-column stk-block-column stk-column stk-block stk-7aa00f0\" data-v=\"4\" data-block-id=\"7aa00f0\"><div class=\"stk-column-wrapper stk-block-column__content stk-container stk-7aa00f0-container stk--no-background stk--no-padding\"><div class=\"stk-block-content stk-inner-blocks stk-7aa00f0-inner-blocks\">\n<div class=\"wp-block-stackable-columns aligncenter stk-block-columns stk-block stk-86aa7f4\" data-block-id=\"86aa7f4\"><div class=\"stk-row stk-inner-blocks stk-block-content stk-content-align stk-86aa7f4-column\">\n<div class=\"wp-block-stackable-column stk-block-column stk-column stk-block stk-7733e6e\" data-v=\"4\" data-block-id=\"7733e6e\"><div class=\"stk-column-wrapper stk-block-column__content stk-container stk-7733e6e-container stk--no-background stk--no-padding\"><div class=\"stk-block-content stk-inner-blocks stk-7733e6e-inner-blocks\">\n<iframe loading=\"lazy\" style=\"border:5px solid white;\" width=\"870\" height=\"405\" src=\"https:\/\/www.youtube.com\/embed\/ZOD0Mm0kHhQ\" title=\"Pr\u00e9sentation du programme ECUSA-ULL Fostering Grads\" frameborder=\"0\" allow=\"accelerometer; autoplay; clipboard-write; encrypted-media; gyroscope; picture-in-picture; web-share\" referrerpolicy=\"strict-origin-when-cross-origin\" allowfullscreen><\/iframe>\n<\/div><\/div><\/div>\n<\/div><\/div>\n\n\n\n<div class=\"wp-block-stackable-text stk-block-text stk-block stk-2972f6a\" data-block-id=\"2972f6a\"><style>.stk-2972f6a .stk-block-text__text{color:#ffffff !important;}<\/style><p class=\"stk-block-text__text has-text-color has-text-align-center-mobile\">Dans ce cadre na\u00eet le programme de mentorat <a href=\"https:\/\/urldefense.com\/v3\/__https:\/\/ecusa.es\/fostering-grads\/__;!!D9dNQwwGXtA!UIyed1IJ6qRuESUYVJFUKQr6PK13Xr6Xlj8JSdAV9uSV5s8g_s-43W99Jr6nvscb1TMEdhKg8206Lhim$\" target=\"_blank\" rel=\"noopener\"><span style=\"color: #ff9300;\" class=\"stk-highlight\">Encourager les dipl\u00f4m\u00e9s,<\/span><\/a> au sein de la plateforme de d\u00e9veloppement de carri\u00e8re et de conseil, promue par le vice-rectorat \u00e0 l&#039;internationalisation et \u00e0 la coop\u00e9ration pour promouvoir des th\u00e8ses de reconnaissance internationale et former des doctorants avec une perspective globale.<br>Gr\u00e2ce \u00e0 ce programme, plusieurs doctorants de l&#039;ULL ont obtenu une reconnaissance internationale apr\u00e8s des s\u00e9jours de recherche dans des centres prestigieux aux \u00c9tats-Unis. Outre un financement pour leur mobilit\u00e9, ils b\u00e9n\u00e9ficient de formations et d&#039;un mentorat. Le programme propose des webinaires sur le d\u00e9veloppement professionnel et acad\u00e9mique \u00e0 l&#039;international et met \u00e0 leur disposition un mentor du r\u00e9seau ECUSA, en lien avec leur domaine d&#039;expertise.<br>recherche ou \u00e0 proximit\u00e9 de sa destination.<br>Le mentorat et les stages \u00e0 l&#039;\u00e9tranger sont essentiels \u00e0 l&#039;avancement des th\u00e8ses internationales et \u00e0 l&#039;\u00e9largissement des perspectives professionnelles. Cette exp\u00e9rience renforce les comp\u00e9tences, facilite l&#039;acc\u00e8s \u00e0 de nouvelles sources d&#039;information et favorise la collaboration avec des chercheurs de cultures diff\u00e9rentes, d\u00e9veloppant ainsi leur adaptabilit\u00e9 et leur employabilit\u00e9 internationale.<\/p><\/div>\n<\/div><\/div><\/div>\n<\/div><\/div>\n<\/div><\/div><\/div>\n<\/div><\/div>\n\n\n\n<div class=\"wp-block-stackable-columns alignfull stk-block-columns stk--hide-desktop stk--hide-tablet stk-block stk-396e66e stk-block-background\" data-block-id=\"396e66e\"><style>.stk-396e66e {background-color:#612282 !important;padding-bottom:50px !important;margin-bottom:-100px !important;}.stk-396e66e:before{background-color:#612282 !important;}<\/style><div class=\"stk-row stk-inner-blocks stk-block-content stk-content-align stk-396e66e-column alignfull\">\n<div class=\"wp-block-stackable-column stk-block-column stk-column stk-block stk-1b7d9fb\" data-v=\"4\" data-block-id=\"1b7d9fb\"><div class=\"stk-column-wrapper stk-block-column__content stk-container stk-1b7d9fb-container stk--no-background stk--no-padding\"><div class=\"stk-block-content stk-inner-blocks stk-1b7d9fb-inner-blocks\">\n<div class=\"wp-block-stackable-columns aligncenter stk-block-columns stk-block stk-0347e96\" data-block-id=\"0347e96\"><div class=\"stk-row stk-inner-blocks stk-block-content stk-content-align stk-0347e96-column\">\n<div class=\"wp-block-stackable-column stk-block-column stk-column stk-block stk-b228604\" data-v=\"4\" data-block-id=\"b228604\"><style>@media screen and (max-width: 767px){.stk-b228604-inner-blocks{align-items:center !important;}}<\/style><div class=\"stk-column-wrapper stk-block-column__content stk-container stk-b228604-container stk--no-background stk--no-padding\"><div class=\"stk-block-content stk-inner-blocks stk-b228604-inner-blocks\">\n<div class=\"wp-block-stackable-columns alignwide stk-block-columns stk-block stk-6020f3e\" data-block-id=\"6020f3e\"><style>@media screen and (max-width: 767px){.stk-6020f3e {padding-right:0px !important;padding-left:0px !important;}}<\/style><div class=\"stk-row stk-inner-blocks has-text-align-center-mobile stk-block-content stk-content-align stk-6020f3e-column alignwide\">\n<div class=\"wp-block-stackable-column stk-block-column stk-column stk-block stk-c62951e\" data-v=\"4\" data-block-id=\"c62951e\"><style>@media screen and (max-width: 767px){.stk-c62951e-inner-blocks{align-items:center !important;justify-content:center !important;}}<\/style><div class=\"stk-column-wrapper stk-block-column__content stk-container stk-c62951e-container stk--no-background stk--no-padding\"><div class=\"stk-block-content stk-inner-blocks stk-c62951e-inner-blocks\">\n<iframe loading=\"lazy\" style=\"border:5px solid white;\" width=\"380\" height=\"300\" src=\"https:\/\/www.youtube.com\/embed\/ZOD0Mm0kHhQ\" title=\"Pr\u00e9sentation du programme ECUSA-ULL Fostering Grads\" frameborder=\"0\" allow=\"accelerometer; autoplay; clipboard-write; encrypted-media; gyroscope; picture-in-picture; web-share\" referrerpolicy=\"strict-origin-when-cross-origin\" allowfullscreen><\/iframe>\n<\/div><\/div><\/div>\n<\/div><\/div>\n\n\n\n<div class=\"wp-block-stackable-spacer stk-block-spacer stk--no-padding stk-block stk-aa59922\" data-block-id=\"aa59922\"><style>@media screen and (max-width: 767px){.stk-aa59922 {height:35px !important;}}<\/style><\/div>\n\n\n\n<div class=\"wp-block-stackable-text stk-block-text stk-block stk-5e9efd7\" data-block-id=\"5e9efd7\"><style>.stk-5e9efd7 .stk-block-text__text{color:#ffffff !important;}@media screen and (max-width: 767px){.stk-5e9efd7 {padding-left:25px !important;}}<\/style><p class=\"stk-block-text__text has-text-color has-text-align-left-mobile\">Dans ce cadre na\u00eet le programme de mentorat <span style=\"color: #ff9300;\" class=\"stk-highlight\"><a href=\"https:\/\/urldefense.com\/v3\/__https:\/\/ecusa.es\/fostering-grads\/__;!!D9dNQwwGXtA!UIyed1IJ6qRuESUYVJFUKQr6PK13Xr6Xlj8JSdAV9uSV5s8g_s-43W99Jr6nvscb1TMEdhKg8206Lhim$\" target=\"_blank\" rel=\"noopener\">Encourager les dipl\u00f4m\u00e9s,<\/a><\/span> au sein de la plateforme de d\u00e9veloppement de carri\u00e8re et de conseil, promue par le vice-rectorat \u00e0 l&#039;internationalisation et \u00e0 la coop\u00e9ration pour promouvoir des th\u00e8ses de reconnaissance internationale et former des doctorants avec une perspective globale.<br>Gr\u00e2ce \u00e0 ce programme, plusieurs doctorants de l&#039;ULL ont acquis une reconnaissance internationale apr\u00e8s des s\u00e9jours de recherche dans des centres prestigieux aux \u00c9tats-Unis. Outre un financement de mobilit\u00e9, ils b\u00e9n\u00e9ficient de formations et d&#039;un mentorat. Le programme propose des webinaires sur le d\u00e9veloppement professionnel et acad\u00e9mique \u00e0 l&#039;international et leur permet de b\u00e9n\u00e9ficier de l&#039;aide d&#039;un mentor du r\u00e9seau ECUSA, li\u00e9 \u00e0 leur domaine de recherche ou proche de leur destination.<br>Le mentorat et les stages \u00e0 l&#039;\u00e9tranger sont essentiels \u00e0 l&#039;avancement des th\u00e8ses internationales et \u00e0 l&#039;\u00e9largissement des perspectives professionnelles. Cette exp\u00e9rience renforce les comp\u00e9tences, facilite l&#039;acc\u00e8s \u00e0 de nouvelles sources d&#039;information et favorise la collaboration avec des chercheurs de cultures diff\u00e9rentes, d\u00e9veloppant ainsi leur adaptabilit\u00e9 et leur employabilit\u00e9 internationale.<\/p><\/div>\n<\/div><\/div><\/div>\n<\/div><\/div>\n<\/div><\/div><\/div>\n<\/div><\/div>","protected":false},"excerpt":{"rendered":"<p>Le programme ECUSA permet aux doctorants de rester aux \u00c9tats-Unis. En 2015, l&#039;Universit\u00e9 de La Laguna a sign\u00e9 un accord avec l&#039;association Spanish Scientists in the USA (ECUSA) afin de faciliter la mobilit\u00e9 des chercheurs et des \u00e9tudiants aux \u00c9tats-Unis, renfor\u00e7ant ainsi son internationalisation et ses contacts acad\u00e9miques et scientifiques avec les institutions am\u00e9ricaines. ECUSA, dont le si\u00e8ge se trouve \u00e0 Washington D.C., est une organisation\u2026<\/p>","protected":false},"author":2,"featured_media":0,"parent":0,"menu_order":0,"comment_status":"closed","ping_status":"closed","template":"templates\/template-frontpage.php","meta":{"footnotes":""},"class_list":["post-509","page","type-page","status-publish","hentry"],"_links":{"self":[{"href":"https:\/\/www.ull.es\/internacional\/fr\/wp-json\/wp\/v2\/pages\/509","targetHints":{"allow":["GET"]}}],"collection":[{"href":"https:\/\/www.ull.es\/internacional\/fr\/wp-json\/wp\/v2\/pages"}],"about":[{"href":"https:\/\/www.ull.es\/internacional\/fr\/wp-json\/wp\/v2\/types\/page"}],"author":[{"embeddable":true,"href":"https:\/\/www.ull.es\/internacional\/fr\/wp-json\/wp\/v2\/users\/2"}],"replies":[{"embeddable":true,"href":"https:\/\/www.ull.es\/internacional\/fr\/wp-json\/wp\/v2\/comments?post=509"}],"version-history":[{"count":74,"href":"https:\/\/www.ull.es\/internacional\/fr\/wp-json\/wp\/v2\/pages\/509\/revisions"}],"predecessor-version":[{"id":3290,"href":"https:\/\/www.ull.es\/internacional\/fr\/wp-json\/wp\/v2\/pages\/509\/revisions\/3290"}],"wp:attachment":[{"href":"https:\/\/www.ull.es\/internacional\/fr\/wp-json\/wp\/v2\/media?parent=509"}],"curies":[{"name":"wp","href":"https:\/\/api.w.org\/{rel}","templated":true}]}}