{"id":51,"date":"2021-07-15T17:55:41","date_gmt":"2021-07-15T17:55:41","guid":{"rendered":"https:\/\/www.ull.es\/internacional-nuevo\/?page_id=51"},"modified":"2023-05-24T13:06:53","modified_gmt":"2023-05-24T13:06:53","slug":"consejo-insular-de-buenas-practicas-del-cabildo-de-tenerife-en-la-accion-exterior-y-personas-migrantes","status":"publish","type":"page","link":"https:\/\/www.ull.es\/internacional\/fr\/consejo-insular-de-buenas-practicas-del-cabildo-de-tenerife-en-la-accion-exterior-y-personas-migrantes\/","title":{"rendered":"Conseil insulaire de bonnes pratiques du Conseil insulaire de l&#039;action ext\u00e9rieure et des migrants de Tenerife"},"content":{"rendered":"<p>[vc_row][vc_column css_animation=\u00bbzoomIn\u00bb][vc_empty_space height=\u00bb20px\u00bb][vc_row_inner el_class=\u00bbcursos\u00bb][vc_column_inner css=\u00bb.vc_custom_1622809617681{padding-top: 40px !important;padding-bottom: 40px !important;}\u00bb][vc_column_text]<\/p>\n<h1 style=\"text-align: left;color: #ffffff\">Conseil insulaire de bonnes pratiques du Conseil insulaire de l&#039;action ext\u00e9rieure et des migrants de Tenerife<\/h1>\n<p><span style=\"color: #ffffff\">Cet organe consultatif, cr\u00e9\u00e9 \u00e0 la mi-2020, a pour mission de conseiller le Conseil insulaire de Tenerife en mati\u00e8re de solidarit\u00e9, de coop\u00e9ration internationale et de coop\u00e9ration au d\u00e9veloppement, ainsi que de proposer les priorit\u00e9s et les crit\u00e8res qui devraient r\u00e9gir les plans d&#039;action et d&#039;\u00e9mettre des rapports et des propositions.<\/span>[\/vc_column_text][\/vc_column_inner][\/vc_row_inner][vc_empty_space height=\u00bb20px\u00bb][\/vc_column][\/vc_row][vc_row][vc_column][vc_column_text]<strong>Les conseils du conseil couvrent les domaines suivants :<\/strong><\/p>\n<ul>\n<li style=\"font-weight: 400\"><span style=\"font-weight: 400\">Politiques de solidarit\u00e9 et de coop\u00e9ration internationale.<\/span><\/li>\n<li style=\"font-weight: 400\"><span style=\"font-weight: 400\">Sensibilisation et \u00e9ducation \u00e0 la citoyennet\u00e9 mondiale.<\/span><\/li>\n<li style=\"font-weight: 400\"><span style=\"font-weight: 400\">Participation citoyenne.<\/span><\/li>\n<li style=\"font-weight: 400\"><span style=\"font-weight: 400\">Coordination avec d\u2019autres agents sociaux.<\/span><\/li>\n<li style=\"font-weight: 400\"><span style=\"font-weight: 400\">Coexistence sociale interculturelle.<\/span><\/li>\n<\/ul>\n<p>&nbsp;<\/p>\n<p><span style=\"font-weight: 400\">Conform\u00e9ment \u00e0 son r\u00e8glement, l&#039;Universit\u00e9 de La Laguna peut \u00eatre membre du Conseil. Par cons\u00e9quent, \u00e0 la demande du Conseil, le vice-recteur \u00e0 l&#039;internationalisation et \u00e0 la coop\u00e9ration a \u00e9t\u00e9 propos\u00e9 comme membre, le conseiller \u00e0 la coop\u00e9ration faisant office de suppl\u00e9ant.<\/span>[\/vc_column_text][\/vc_column][\/vc_row]<\/p>","protected":false},"excerpt":{"rendered":"<p>[vc_row][vc_column css_animation=\u00bbzoomIn\u00bb][vc_empty_space height=\u00bb20px\u00bb][vc_row_inner el_class=\u00bbcursos\u00bb][vc_column_inner css=\u00bb.vc_custom_1622809617681{padding-top: 40px !important;padding-bottom: 40px !important;}\u00bb][vc_column_text] Consejo Insular de Buenas Pr\u00e1cticas del Cabildo de Tenerife en la Acci\u00f3n Exterior y Personas Migrantes Este \u00f3rgano consultivo, cuya creaci\u00f3n se puso en marcha a mediados de 2020, tiene encomendadas las funciones de asesorar al Cabildo de Tenerife en materia de solidaridad y cooperaci\u00f3n internacional&#8230;<\/p>","protected":false},"author":2,"featured_media":0,"parent":0,"menu_order":0,"comment_status":"closed","ping_status":"closed","template":"templates\/template-no-title.php","meta":{"footnotes":""},"class_list":["post-51","page","type-page","status-publish","hentry"],"_links":{"self":[{"href":"https:\/\/www.ull.es\/internacional\/fr\/wp-json\/wp\/v2\/pages\/51","targetHints":{"allow":["GET"]}}],"collection":[{"href":"https:\/\/www.ull.es\/internacional\/fr\/wp-json\/wp\/v2\/pages"}],"about":[{"href":"https:\/\/www.ull.es\/internacional\/fr\/wp-json\/wp\/v2\/types\/page"}],"author":[{"embeddable":true,"href":"https:\/\/www.ull.es\/internacional\/fr\/wp-json\/wp\/v2\/users\/2"}],"replies":[{"embeddable":true,"href":"https:\/\/www.ull.es\/internacional\/fr\/wp-json\/wp\/v2\/comments?post=51"}],"version-history":[{"count":1,"href":"https:\/\/www.ull.es\/internacional\/fr\/wp-json\/wp\/v2\/pages\/51\/revisions"}],"predecessor-version":[{"id":917,"href":"https:\/\/www.ull.es\/internacional\/fr\/wp-json\/wp\/v2\/pages\/51\/revisions\/917"}],"wp:attachment":[{"href":"https:\/\/www.ull.es\/internacional\/fr\/wp-json\/wp\/v2\/media?parent=51"}],"curies":[{"name":"wp","href":"https:\/\/api.w.org\/{rel}","templated":true}]}}