{"id":518,"date":"2021-08-02T10:57:25","date_gmt":"2021-08-02T10:57:25","guid":{"rendered":"https:\/\/www.ull.es\/internacional-nuevo\/?page_id=356"},"modified":"2025-10-10T09:36:28","modified_gmt":"2025-10-10T09:36:28","slug":"protocolo-de-emergencia","status":"publish","type":"page","link":"https:\/\/www.ull.es\/internacional\/fr\/protocolo-de-emergencia\/","title":{"rendered":"Protocole d&#039;urgence"},"content":{"rendered":"<div class=\"wp-block-stackable-columns alignfull stk-block-columns stk--hide-mobile stk-block stk-70f2177\" data-block-id=\"70f2177\"><style>.stk-70f2177 {margin-bottom:0px !important;}<\/style><div class=\"stk-row stk-inner-blocks stk-block-content stk-content-align stk-70f2177-column alignfull\">\n<div class=\"wp-block-stackable-column stk-block-column stk-column stk-block stk-e9631c6\" data-v=\"4\" data-block-id=\"e9631c6\"><div class=\"stk-column-wrapper stk-block-column__content stk-container stk-e9631c6-container stk--no-background stk--no-padding\"><div class=\"stk-block-content stk-inner-blocks stk-e9631c6-inner-blocks\">\n<div class=\"wp-block-stackable-image stk-block-image stk-block stk-7ea61e6\" data-block-id=\"7ea61e6\"><style>.stk-7ea61e6 .stk-img-wrapper{height:635px !important;}.stk-7ea61e6 .stk-img-wrapper img{object-position:46% 34% !important;}<\/style><figure><span class=\"stk-img-wrapper stk-image--shape-stretch\"><img loading=\"lazy\" decoding=\"async\" class=\"stk-img wp-image-2496\" src=\"https:\/\/www.ull.es\/internacional\/wp-content\/uploads\/2025\/09\/BANNER-SUPERIOR-sin-textoPROTOCOLO.jpg\" width=\"1900\" height=\"719\" srcset=\"https:\/\/www.ull.es\/internacional\/wp-content\/uploads\/2025\/09\/BANNER-SUPERIOR-sin-textoPROTOCOLO.jpg 1900w, https:\/\/www.ull.es\/internacional\/wp-content\/uploads\/2025\/09\/BANNER-SUPERIOR-sin-textoPROTOCOLO-300x114.jpg 300w, https:\/\/www.ull.es\/internacional\/wp-content\/uploads\/2025\/09\/BANNER-SUPERIOR-sin-textoPROTOCOLO-1024x388.jpg 1024w, https:\/\/www.ull.es\/internacional\/wp-content\/uploads\/2025\/09\/BANNER-SUPERIOR-sin-textoPROTOCOLO-768x291.jpg 768w, https:\/\/www.ull.es\/internacional\/wp-content\/uploads\/2025\/09\/BANNER-SUPERIOR-sin-textoPROTOCOLO-1536x581.jpg 1536w, https:\/\/www.ull.es\/internacional\/wp-content\/uploads\/2025\/09\/BANNER-SUPERIOR-sin-textoPROTOCOLO-18x7.jpg 18w, https:\/\/www.ull.es\/internacional\/wp-content\/uploads\/2025\/09\/BANNER-SUPERIOR-sin-textoPROTOCOLO-200x76.jpg 200w, https:\/\/www.ull.es\/internacional\/wp-content\/uploads\/2025\/09\/BANNER-SUPERIOR-sin-textoPROTOCOLO-375x142.jpg 375w, https:\/\/www.ull.es\/internacional\/wp-content\/uploads\/2025\/09\/BANNER-SUPERIOR-sin-textoPROTOCOLO-750x284.jpg 750w, https:\/\/www.ull.es\/internacional\/wp-content\/uploads\/2025\/09\/BANNER-SUPERIOR-sin-textoPROTOCOLO-1140x431.jpg 1140w\" sizes=\"auto, (max-width: 1900px) 100vw, 1900px\" \/><\/span><\/figure><\/div>\n\n\n\n<div class=\"wp-block-stackable-heading stk-block-heading stk-block-heading--v2 stk-block stk-8382b35\" id=\"strong-protocolo-de-emergencia-strong\" data-block-id=\"8382b35\"><style>.stk-8382b35 {margin-top:-12% !important;margin-bottom:10% !important;margin-left:10% !important;}.stk-8382b35 .stk-block-heading__text{font-size:6.3rem !important;color:#ffffff !important;font-weight:bold !important;font-family:\"Montserrat\", Sans-serif !important;}@media screen and (max-width: 1023px){.stk-8382b35 {margin-top:-25% !important;}.stk-8382b35 .stk-block-heading__text{font-size:6.3rem !important;}}<\/style><h1 class=\"stk-block-heading__text has-text-color\"><strong>Protocole d&#039;urgence<\/strong><\/h1><\/div>\n<\/div><\/div><\/div>\n<\/div><\/div>\n\n\n\n<div class=\"wp-block-stackable-columns alignfull stk-block-columns stk--hide-desktop stk--hide-tablet stk-block stk-1ee613b\" data-block-id=\"1ee613b\"><style>@media screen and (max-width: 767px){.stk-1ee613b {margin-top:-30px !important;}}<\/style><div class=\"stk-row stk-inner-blocks stk-block-content stk-content-align stk-1ee613b-column alignfull\">\n<div class=\"wp-block-stackable-column stk-block-column stk-column stk-block stk-d06786c\" data-v=\"4\" data-block-id=\"d06786c\"><div class=\"stk-column-wrapper stk-block-column__content stk-container stk-d06786c-container stk--no-background stk--no-padding\"><div class=\"stk-block-content stk-inner-blocks stk-d06786c-inner-blocks\">\n<div class=\"wp-block-stackable-image stk-block-image stk-block stk-75ed182\" data-block-id=\"75ed182\"><figure><span class=\"stk-img-wrapper stk-image--shape-stretch\"><img loading=\"lazy\" decoding=\"async\" class=\"stk-img wp-image-2182\" src=\"https:\/\/www.ull.es\/internacional\/wp-content\/uploads\/2025\/09\/BANNER-MOVIL-copia-10.jpg\" width=\"1575\" height=\"1969\" srcset=\"https:\/\/www.ull.es\/internacional\/wp-content\/uploads\/2025\/09\/BANNER-MOVIL-copia-10.jpg 1575w, https:\/\/www.ull.es\/internacional\/wp-content\/uploads\/2025\/09\/BANNER-MOVIL-copia-10-240x300.jpg 240w, https:\/\/www.ull.es\/internacional\/wp-content\/uploads\/2025\/09\/BANNER-MOVIL-copia-10-819x1024.jpg 819w, https:\/\/www.ull.es\/internacional\/wp-content\/uploads\/2025\/09\/BANNER-MOVIL-copia-10-768x960.jpg 768w, https:\/\/www.ull.es\/internacional\/wp-content\/uploads\/2025\/09\/BANNER-MOVIL-copia-10-1229x1536.jpg 1229w, https:\/\/www.ull.es\/internacional\/wp-content\/uploads\/2025\/09\/BANNER-MOVIL-copia-10-10x12.jpg 10w, https:\/\/www.ull.es\/internacional\/wp-content\/uploads\/2025\/09\/BANNER-MOVIL-copia-10-200x250.jpg 200w, https:\/\/www.ull.es\/internacional\/wp-content\/uploads\/2025\/09\/BANNER-MOVIL-copia-10-375x469.jpg 375w, https:\/\/www.ull.es\/internacional\/wp-content\/uploads\/2025\/09\/BANNER-MOVIL-copia-10-750x938.jpg 750w, https:\/\/www.ull.es\/internacional\/wp-content\/uploads\/2025\/09\/BANNER-MOVIL-copia-10-1140x1425.jpg 1140w\" sizes=\"auto, (max-width: 1575px) 100vw, 1575px\" \/><\/span><\/figure><\/div>\n<\/div><\/div><\/div>\n<\/div><\/div>\n\n\n\n<div class=\"wp-block-stackable-columns alignfull stk-block-columns stk-block stk-5cc4944\" data-block-id=\"5cc4944\"><style>.stk-5cc4944 {margin-top:-75px !important;}@media screen and (max-width: 1023px){.stk-5cc4944 {margin-top:0px !important;}}<\/style><div class=\"stk-row stk-inner-blocks stk-block-content stk-content-align stk-5cc4944-column alignfull\">\n<div class=\"wp-block-stackable-column stk-block-column stk-column stk-block stk-09870e1\" data-v=\"4\" data-block-id=\"09870e1\"><div class=\"stk-column-wrapper stk-block-column__content stk-container stk-09870e1-container stk--no-background stk--no-padding\"><div class=\"stk-block-content stk-inner-blocks stk-09870e1-inner-blocks\">\n<div class=\"wp-block-stackable-columns alignwide stk-block-columns stk-block stk-626609a\" data-block-id=\"626609a\"><style>.stk-626609a {padding-top:3% !important;padding-right:5% !important;padding-left:5% !important;}<\/style><div class=\"stk-row stk-inner-blocks stk-block-content stk-content-align stk-626609a-column alignwide\">\n<div class=\"wp-block-stackable-column stk-block-column stk-column stk-block stk-832b3f6\" data-v=\"4\" data-block-id=\"832b3f6\"><div class=\"stk-column-wrapper stk-block-column__content stk-container stk-832b3f6-container stk--no-background stk--no-padding\"><div class=\"stk-block-content stk-inner-blocks stk-832b3f6-inner-blocks\">\n<div class=\"wp-block-stackable-text stk-block-text stk-block stk-4326d06\" id=\"strong-contactos-strong\" data-block-id=\"4326d06\"><style>.stk-4326d06 .stk-block-text__text{color:#612282 !important;}<\/style><p class=\"stk-block-text__text has-text-color\"><a href=\"https:\/\/drive.google.com\/file\/d\/12SXFRFdkzmCoAajQEXTpS8fwRnEhzYBA\/view?usp=sharing\" target=\"_blank\" rel=\"noreferrer noopener\"><span style=\"color: #612282;\" class=\"stk-highlight\">Protocole d&#039;action en situation d&#039;urgence<\/span><\/a>&nbsp;des participants aux programmes internationaux de l&#039;Universit\u00e9 de La Laguna.<\/p><\/div>\n\n\n\n<div class=\"wp-block-stackable-heading stk-block-heading stk-block-heading--v2 stk-block stk-e8c2e5e\" id=\"strong-contactos-strong\" data-block-id=\"e8c2e5e\"><style>.stk-e8c2e5e .stk-block-heading__text{color:#612282 !important;}<\/style><h1 class=\"stk-block-heading__text has-text-color\"><strong>Contacts<\/strong><\/h1><\/div>\n\n\n\n<div class=\"wp-block-stackable-heading stk-block-heading stk-block-heading--v2 stk-block stk-67bc4f3\" id=\"strong-contactos-strong\" data-block-id=\"67bc4f3\"><style>.stk-67bc4f3 .stk-block-heading__text{color:#612282 !important;}<\/style><h2 class=\"stk-block-heading__text has-text-color\"><strong>Plan g\u00e9n\u00e9ral d&#039;action d&#039;urgence<\/strong><\/h2><\/div>\n\n\n\n<div class=\"wp-block-stackable-text stk-block-text stk-block stk-218f89f\" id=\"strong-contactos-strong\" data-block-id=\"218f89f\"><style>.stk-218f89f .stk-block-text__text{color:#612282 !important;}<\/style><p class=\"stk-block-text__text has-text-color\">Num\u00e9ro de t\u00e9l\u00e9phone de contact 24h\/24<\/p><\/div>\n\n\n\n<ul class=\"wp-block-list\">\n<li>(+34) 922 845 008<\/li>\n\n\n\n<li>(+34) 671 640 652.<\/li>\n<\/ul>\n\n\n\n<div class=\"wp-block-stackable-divider stk-block-divider stk-block stk-86bb69b\" data-block-id=\"86bb69b\"><style>.stk-86bb69b hr.stk-block-divider__hr{width:100% !important;}<\/style><hr class=\"stk-block-divider__hr\"\/><\/div>\n\n\n\n<div class=\"wp-block-stackable-heading stk-block-heading stk-block-heading--v2 stk-block stk-197221e\" id=\"strong-contactos-strong\" data-block-id=\"197221e\"><style>.stk-197221e .stk-block-heading__text{color:#612282 !important;}<\/style><h2 class=\"stk-block-heading__text has-text-color\"><strong>Unit\u00e9 d&#039;urgence consulaire<\/strong><\/h2><\/div>\n\n\n\n<div class=\"wp-block-stackable-text stk-block-text stk-block stk-8d21830\" id=\"strong-contactos-strong\" data-block-id=\"8d21830\"><style>.stk-8d21830 .stk-block-text__text{color:#612282 !important;}<\/style><p class=\"stk-block-text__text has-text-color\">R\u00e9pond aux urgences et aux demandes de renseignements pendant les heures de bureau<\/p><\/div>\n\n\n\n<ul class=\"wp-block-list\">\n<li>(+34) 913 948 900<\/li>\n<\/ul>\n\n\n\n<div class=\"wp-block-stackable-divider stk-block-divider stk-block stk-921701d\" data-block-id=\"921701d\"><style>.stk-921701d hr.stk-block-divider__hr{width:100% !important;}<\/style><hr class=\"stk-block-divider__hr\"\/><\/div>\n\n\n\n<div class=\"wp-block-stackable-heading stk-block-heading stk-block-heading--v2 stk-block stk-65cbabe\" id=\"strong-contactos-strong\" data-block-id=\"65cbabe\"><style>.stk-65cbabe .stk-block-heading__text{color:#612282 !important;}<\/style><h2 class=\"stk-block-heading__text has-text-color\"><strong>Minist\u00e8re comp\u00e9tent en la mati\u00e8re<\/strong><\/h2><\/div>\n\n\n\n<div class=\"wp-block-stackable-text stk-block-text stk-block stk-546468b\" id=\"strong-contactos-strong\" data-block-id=\"546468b\"><style>.stk-546468b .stk-block-text__text{color:#612282 !important;}<\/style><p class=\"stk-block-text__text has-text-color\">En dehors des heures de bureau et en cas d&#039;urgence grave<\/p><\/div>\n\n\n\n<ul class=\"wp-block-list\">\n<li>(+34) 913 799 700.<\/li>\n<\/ul>\n\n\n\n<div class=\"wp-block-stackable-divider stk-block-divider stk-block stk-40279b4\" data-block-id=\"40279b4\"><style>.stk-40279b4 hr.stk-block-divider__hr{width:100% !important;}<\/style><hr class=\"stk-block-divider__hr\"\/><\/div>\n\n\n\n<div class=\"wp-block-stackable-heading stk-block-heading stk-block-heading--v2 stk-block stk-60d45d4\" id=\"strong-contactos-strong\" data-block-id=\"60d45d4\"><style>.stk-60d45d4 .stk-block-heading__text{color:#612282 !important;}<\/style><h2 class=\"stk-block-heading__text has-text-color\"><strong>Centre de coordination des urgences et de la s\u00e9curit\u00e9 (CECOES)<\/strong><\/h2><\/div>\n\n\n\n<ul class=\"wp-block-list\">\n<li>Num\u00e9ro de t\u00e9l\u00e9phone d&#039;urgence : 112.<\/li>\n<\/ul>\n\n\n\n<div class=\"wp-block-stackable-text stk-block-text stk-block stk-de9fcb2\" id=\"strong-contactos-strong\" data-block-id=\"de9fcb2\"><style>.stk-de9fcb2 .stk-block-text__text{color:#612282 !important;}<\/style><p class=\"stk-block-text__text has-text-color\"><a href=\"http:\/\/www.112canarias.com\/info\/\" target=\"_blank\" rel=\"noreferrer noopener\">Lien vers le site Web 112<\/a><\/p><\/div>\n\n\n\n<div class=\"wp-block-stackable-divider stk-block-divider stk-block stk-7fc214f\" data-block-id=\"7fc214f\"><style>.stk-7fc214f hr.stk-block-divider__hr{width:100% !important;}<\/style><hr class=\"stk-block-divider__hr\"\/><\/div>\n\n\n\n<div class=\"wp-block-stackable-text stk-block-text stk-block stk-ffb25d8\" id=\"strong-contactos-strong\" data-block-id=\"ffb25d8\"><style>.stk-ffb25d8 .stk-block-text__text{color:#612282 !important;}<\/style><p class=\"stk-block-text__text has-text-color\">Si vous voyagez hors d&#039;Espagne et que vous avez une urgence, vous pouvez contacter les num\u00e9ros de t\u00e9l\u00e9phone d&#039;urgence consulaires fournis par le minist\u00e8re des Affaires \u00e9trang\u00e8res.<\/p><\/div>\n\n\n\n<div class=\"wp-block-stackable-text stk-block-text stk-block stk-1aba8cc\" id=\"strong-contactos-strong\" data-block-id=\"1aba8cc\"><style>.stk-1aba8cc .stk-block-text__text{color:#612282 !important;}<\/style><p class=\"stk-block-text__text has-text-color\">Lien vers le site Web de la&nbsp;<a href=\"http:\/\/www.exteriores.gob.es\/Portal\/es\/ServiciosAlCiudadano\/SiViajasAlExtranjero\/Paginas\/Tel%C3%A9fonos-de-asistencia-consular.aspx\" target=\"_blank\" rel=\"noreferrer noopener\">Minist\u00e8re des Affaires \u00e9trang\u00e8res<\/a><\/p><\/div>\n<\/div><\/div><\/div>\n<\/div><\/div>\n<\/div><\/div><\/div>\n<\/div><\/div>","protected":false},"excerpt":{"rendered":"<p>Protocole d&#039;urgence\u00a0: Protocole d&#039;intervention en cas d&#039;urgence pour les participants aux programmes internationaux de l&#039;Universit\u00e9 de La Laguna. Contacts\u00a0: Plan g\u00e9n\u00e9ral d&#039;intervention d&#039;urgence\u00a0; Num\u00e9ro de t\u00e9l\u00e9phone d&#039;urgence (24\u00a0h\/24)\u00a0; Unit\u00e9 consulaire d&#039;urgence\u00a0: G\u00e8re les urgences et les demandes de renseignements pendant les heures d&#039;ouverture\u00a0; Minist\u00e8re comp\u00e9tent\u00a0; En dehors des heures d&#039;ouverture\u2026<\/p>","protected":false},"author":2,"featured_media":0,"parent":0,"menu_order":0,"comment_status":"closed","ping_status":"closed","template":"templates\/template-frontpage.php","meta":{"footnotes":""},"class_list":["post-518","page","type-page","status-publish","hentry"],"_links":{"self":[{"href":"https:\/\/www.ull.es\/internacional\/fr\/wp-json\/wp\/v2\/pages\/518","targetHints":{"allow":["GET"]}}],"collection":[{"href":"https:\/\/www.ull.es\/internacional\/fr\/wp-json\/wp\/v2\/pages"}],"about":[{"href":"https:\/\/www.ull.es\/internacional\/fr\/wp-json\/wp\/v2\/types\/page"}],"author":[{"embeddable":true,"href":"https:\/\/www.ull.es\/internacional\/fr\/wp-json\/wp\/v2\/users\/2"}],"replies":[{"embeddable":true,"href":"https:\/\/www.ull.es\/internacional\/fr\/wp-json\/wp\/v2\/comments?post=518"}],"version-history":[{"count":17,"href":"https:\/\/www.ull.es\/internacional\/fr\/wp-json\/wp\/v2\/pages\/518\/revisions"}],"predecessor-version":[{"id":3266,"href":"https:\/\/www.ull.es\/internacional\/fr\/wp-json\/wp\/v2\/pages\/518\/revisions\/3266"}],"wp:attachment":[{"href":"https:\/\/www.ull.es\/internacional\/fr\/wp-json\/wp\/v2\/media?parent=518"}],"curies":[{"name":"wp","href":"https:\/\/api.w.org\/{rel}","templated":true}]}}