{"id":520,"date":"2021-09-06T12:04:39","date_gmt":"2021-09-06T12:04:39","guid":{"rendered":"https:\/\/www.ull.es\/internacional-nuevo\/?page_id=516"},"modified":"2024-11-04T12:45:23","modified_gmt":"2024-11-04T12:45:23","slug":"programa-fulbright","status":"publish","type":"page","link":"https:\/\/www.ull.es\/internacional\/fr\/programa-fulbright\/","title":{"rendered":"Programme Fulbright"},"content":{"rendered":"<p>[vc_row][vc_column css_animation=\u00bbzoomIn\u00bb][vc_empty_space height=\u00bb20px\u00bb][vc_row_inner el_class=\u00bbcursos\u00bb][vc_column_inner css=\u00bb.vc_custom_1622809617681{padding-top: 40px !important;padding-bottom: 40px !important;}\u00bb][vc_column_text]<\/p>\n<h1 style=\"text-align: left;color: #ffffff\">Programme Fulbright<\/h1>\n<p><span style=\"color: #ffffff\">Le programme Fulbright est un programme d&#039;\u00e9change prestigieux et comp\u00e9titif entre les \u00c9tats-Unis et plus de 160 pays, dont l&#039;Espagne. Les participants, s\u00e9lectionn\u00e9s pour leurs m\u00e9rites acad\u00e9miques et professionnels, ainsi que pour leur potentiel de leadership, ont l&#039;opportunit\u00e9 d&#039;\u00e9tudier, d&#039;enseigner ou de faire de la recherche dans le pays d&#039;accueil. Pour participer, veuillez consulter les informations publi\u00e9es sur le site web du programme en Espagne, dans la section \u00ab\u00a0Candidatures\u00a0\u00bb. <a href=\"https:\/\/fulbright.es\/programas-y-becas\/becas-para-espanoles\/\" target=\"_blank\" rel=\"noopener\">Bourses d&#039;\u00e9tudes pour les Espagnols<\/a> de la Commission Fulbright.<\/span>[\/vc_column_text][\/vc_column_inner][\/vc_row_inner][vc_empty_space height=\u00bb20px\u00bb][\/vc_column][\/vc_row][vc_row][vc_column][vc_empty_space][vc_column_text]<\/p>\n<p>[\/vc_column_text][vc_empty_space][vc_column_text]<span style=\"font-weight: 400\">Depuis 2017, l&#039;Universit\u00e9 de La Laguna collabore avec le\u00a0 <\/span><a href=\"https:\/\/fulbright.es\/\" target=\"_blank\" rel=\"noopener\"><span style=\"font-weight: 400\">Programme Fulbright<\/span><\/a><span style=\"font-weight: 400\"> dans deux initiatives : le \u00ab Programme pour les experts am\u00e9ricains dans les institutions espagnoles \u00bb, qui facilite les s\u00e9jours de recherche pour <\/span><i><span style=\"font-weight: 400\">Sp\u00e9cialistes seniors<\/span><\/i><span style=\"font-weight: 400\"> Les Am\u00e9ricains et le \u00ab English Language Assistant Program \u00bb, qui permet l&#039;int\u00e9gration d&#039;assistants am\u00e9ricains pour soutenir l&#039;internationalisation de la communaut\u00e9 universitaire.<\/span><\/p>\n<p><span style=\"font-weight: 400\">Le programme d&#039;assistants, lanc\u00e9 durant l&#039;ann\u00e9e universitaire 2020\/21, a permis d&#039;organiser plus de 50 activit\u00e9s p\u00e9dagogiques en pr\u00e9sentiel durant l&#039;ann\u00e9e universitaire 2023\/24, destin\u00e9es aux \u00e9tudiants de diff\u00e9rentes facult\u00e9s, soit une augmentation de 50 % par rapport \u00e0 l&#039;ann\u00e9e universitaire pr\u00e9c\u00e9dente. Des rencontres hebdomadaires de conversation en anglais ouvertes \u00e0 l&#039;ensemble de la communaut\u00e9 universitaire ont \u00e9galement \u00e9t\u00e9 organis\u00e9es sur diff\u00e9rents campus, et le tutorat personnalis\u00e9 s&#039;est poursuivi. <\/span><i><span style=\"font-weight: 400\">centre d&#039;\u00e9criture<\/span><\/i><span style=\"font-weight: 400\">, avec plus de 40 rendez-vous respect\u00e9s, ce qui repr\u00e9sente \u00e9galement une augmentation du service \u00e0 la communaut\u00e9.<\/span><\/p>\n<p><span style=\"font-weight: 400\">Au cours de l&#039;ann\u00e9e acad\u00e9mique 2024\/25, nous continuerons \u00e0 proposer des activit\u00e9s pour ce programme et viserons \u00e0 atteindre un plus grand nombre de personnes, avec les participants suivants :<\/span>[\/vc_column_text][\/vc_column][\/vc_row][vc_row][vc_column][vc_empty_space][\/vc_column][\/vc_row][vc_row][vc_column][vc_column_text]<\/p>\n<blockquote><p><span style=\"font-weight: 400\">Qui sommes-nous?<\/span><\/p><\/blockquote>\n<p>[\/vc_column_text][vc_empty_space][vc_column_text]<span style=\"font-weight: 400\">Nous sommes trois filles am\u00e9ricaines et nous avons h\u00e2te de vous aider !<\/span><\/p>\n<p><span style=\"font-weight: 400\">En tant que boursiers Fulbright, nous serons \u00e0 l&#039;ULL au cours de cette ann\u00e9e universitaire 2024-25 pour partager notre connaissance de la langue anglaise et de la culture am\u00e9ricaine avec l&#039;ensemble de la communaut\u00e9 universitaire.<\/span>[\/vc_column_text][vc_empty_space][\/vc_column][\/vc_row][vc_row][vc_column width=\u00bb2\/3&#8243;][vc_column_text]<span style=\"font-weight: 400\"><b>Alexis Fintland<\/b>Universit\u00e9 Cornell \u2013 Licence en relations industrielles et du travail, avec une sp\u00e9cialisation en immigration, \u00e9tudes latino-am\u00e9ricaines et droit. Alexis est originaire de Los Angeles, en Californie. Ces deux derni\u00e8res ann\u00e9es, elle a travaill\u00e9 comme chercheuse en politiques \u00e0 Washington, DC, se concentrant sur les politiques d&#039;immigration. Elle a \u00e9galement travaill\u00e9 au Congr\u00e8s am\u00e9ricain. Elle s&#039;int\u00e9resse aux migrations internationales, au droit de l&#039;immigration, aux politiques du travail et aux droits des travailleurs. Elle est enthousiaste \u00e0 l&#039;id\u00e9e d&#039;apprendre et de collaborer avec les professeurs de l&#039;Universit\u00e9 Cornell sur divers sujets.<\/span>[\/vc_column_text][vc_empty_space][\/vc_column][vc_column width=\u00bb1\/3&#8243;][vc_single_image image=\u00bb1077&#8243;][vc_empty_space][\/vc_column][\/vc_row][vc_row][vc_column width=\u00bb1\/3&#8243;][vc_single_image image=\u00bb1071&#8243;][\/vc_column][vc_column width=\u00bb2\/3&#8243;][vc_column_text]<b>Maddy Hull<\/b><span style=\"font-weight: 400\">, Dickinson College \u2013 Licence en anthropologie et en espagnol. Maddy poss\u00e8de une formation en bioarch\u00e9ologie, \u00e9volution humaine, mus\u00e9ologie, apprentissage des langues \u00e9trang\u00e8res et sciences sociales. De 2021 \u00e0 2024, elle a \u00e9t\u00e9 guide \u00e0 la Trout Gallery, o\u00f9 elle a anim\u00e9 des visites guid\u00e9es pour les apprenants d&#039;espagnol. Ces deux derniers \u00e9t\u00e9s, elle a soutenu le projet de recherche Koobi Fora, qui a \u00e9tudi\u00e9 l&#039;\u00e9volution humaine en tant qu&#039;assistante de recherche dans le bassin du Turkana, au Kenya. Elle est ravie d&#039;apporter son soutien linguistique \u00e0 l&#039;ULL cette ann\u00e9e dans les domaines mentionn\u00e9s ci-dessus et au-del\u00e0\u00a0!<\/span>[\/vc_column_text][\/vc_column][\/vc_row][vc_row][vc_column][vc_empty_space][\/vc_column][\/vc_row][vc_row][vc_column width=\u00bb2\/3&#8243;][vc_column_text]<b>Chelsea LeBron<\/b><span style=\"font-weight: 400\">Universit\u00e9 Rutgers et Universit\u00e9 George Mason \u2013 Licence en anglais et cin\u00e9ma, avec une mineure en arts visuels et un master en cr\u00e9ation litt\u00e9raire. Chelsea, originaire du New Jersey, est \u00e9crivaine, professeure et passionn\u00e9e de fant\u00f4mes. Boursi\u00e8re du Cheuse Center Travel Fellowship en 2022, elle a visit\u00e9 l&#039;Am\u00e9rique du Sud pour \u00e9tudier les l\u00e9gendes culturelles et a travaill\u00e9 comme coordinatrice des \u00e9crivains incarc\u00e9r\u00e9s au magazine. <\/span><i><span style=\"font-weight: 400\">Phoebe<\/span><\/i><span style=\"font-weight: 400\">, fournissant des conseils d&#039;\u00e9criture aux personnes touch\u00e9es par le syst\u00e8me carc\u00e9ral. Chelsea s&#039;int\u00e9resse \u00e0 la litt\u00e9rature anglaise, \u00e0 la composition, \u00e0 l&#039;\u00e9criture cr\u00e9ative et \u00e0 la fiction de genre, au folklore, aux arts et \u00e0 la culture, et souhaite postuler \u00e0 des opportunit\u00e9s dans les domaines cr\u00e9atifs. Elle se r\u00e9jouit de travailler avec les professeurs de l&#039;ULL et d&#039;apporter sa touche personnelle \u00e0 des sujets abord\u00e9s dans tous les d\u00e9partements.<\/span>[\/vc_column_text][\/vc_column][vc_column width=\u00bb1\/3&#8243;][vc_single_image image=\u00bb1070&#8243;][\/vc_column][\/vc_row][vc_row][vc_column][vc_empty_space][\/vc_column][\/vc_row][vc_row][vc_column][vc_column_text]<\/p>\n<blockquote><p><span style=\"font-weight: 400\">Que proposons-nous?<\/span><\/p><\/blockquote>\n<p>[\/vc_column_text][\/vc_column][\/vc_row][vc_row][vc_column][vc_empty_space][vc_column_text]<\/p>\n<ul>\n<li style=\"font-weight: 400\"><b>Conf\u00e9rences en anglais<\/b><span style=\"font-weight: 400\">Vous souhaitez apporter une perspective am\u00e9ricaine \u00e0 la mati\u00e8re que vous enseignez\u00a0? Nous pouvons intervenir en classe pour donner des conf\u00e9rences sur divers sujets, sur demande. Cette activit\u00e9 est ouverte \u00e0 tous les enseignants de l&#039;ULL.<br \/>\n<\/span><\/li>\n<\/ul>\n<ul>\n<li style=\"font-weight: 400\"><b>Groupes de conversation en anglais <\/b>Pour pratiquer la langue dans une ambiance d\u00e9tendue avec des Am\u00e9rindiens\u00a0: les r\u00e9unions ont lieu dans des caf\u00e9s, des salles de classe, des bureaux, etc., pour s&#039;adapter aux besoins des participants. Des suggestions de sujets \u00e0 aborder\u00a0? Contactez-nous\u00a0! Remplissez le formulaire.\u00a0<a href=\"https:\/\/docs.google.com\/forms\/d\/e\/1FAIpQLSf0nTnQcVt_f4ytkCwvhjHvxMfpYkeng6dTTQ_63c_dOHz7PQ\/viewform?usp=pp_url\" target=\"_blank\" rel=\"noopener\" data-saferedirecturl=\"https:\/\/www.google.com\/url?q=https:\/\/docs.google.com\/forms\/d\/e\/1FAIpQLSf0nTnQcVt_f4ytkCwvhjHvxMfpYkeng6dTTQ_63c_dOHz7PQ\/viewform?usp%3Dpp_url&amp;source=gmail&amp;ust=1728728663541000&amp;usg=AOvVaw1L4Bftnp2Cg87VzALHzlYl\">ce formulaire<\/a>\u00a0Pour nous faire part de vos pr\u00e9f\u00e9rences horaires, cette activit\u00e9 est ouverte \u00e0 toute la communaut\u00e9 de l&#039;ULL (\u00e9tudiants de licence, doctorat et master, personnel enseignant et de recherche, et personnel administratif).<\/li>\n<li style=\"font-weight: 400\"><b>Cours particuliers d&#039;\u00e9criture au Centre d&#039;\u00e9criture<\/b><span style=\"font-weight: 400\">Nous proposons un soutien aux \u00e9tudiants pour la r\u00e9daction de leurs dissertations, la pr\u00e9paration de leurs demandes de bourses, la pr\u00e9paration de leur CV et tout ce dont ils ont besoin pour pr\u00e9senter leurs travaux en anglais. Nous pouvons \u00e9galement vous aider \u00e0 pr\u00e9parer vos pr\u00e9sentations orales en anglais. Le tutorat est ouvert \u00e0 tous les \u00e9tudiants (licence, doctorat et master).<\/span><\/li>\n<\/ul>\n<p>[\/vc_column_text][\/vc_column][\/vc_row][vc_row][vc_column][vc_empty_space][\/vc_column][\/vc_row][vc_row][vc_column][vc_column_text]<\/p>\n<blockquote><p><span style=\"font-weight: 400\">Contact<\/span><\/p><\/blockquote>\n<p>[\/vc_column_text][vc_empty_space][vc_column_text]Para m\u00e1s informaci\u00f3n, reservar una cita en el \u2018Writing Center\u2019 o consultar el calendario de las \u2018Conversation Hours\u2019 en este <a href=\"https:\/\/linktr.ee\/ULLFulbright\" target=\"_blank\" rel=\"noopener\">lien<\/a>\u00a0ou, si vous pr\u00e9f\u00e9rez, contactez-nous directement par e-mail\u00a0<a href=\"mailto:fulbright@ull.es\" target=\"_blank\" rel=\"noopener\">fulbright@ull.es<\/a>.[\/vc_column_text][\/vc_column][\/vc_row][vc_row][vc_column][vc_empty_space][\/vc_column][\/vc_row][vc_row][vc_column width=\u00bb1\/4&#8243;][vc_single_image image=\u00bb1066&#8243; img_size=\u00bbfull\u00bb][\/vc_column][vc_column width=\u00bb3\/4&#8243;][vc_column_text]Subvencionado por el Excmo. Cabildo Insular de Tenerife, con cofinanciaci\u00f3n del Fondo de Desarrollo de Canarias.[\/vc_column_text][\/vc_column][\/vc_row]<\/p>","protected":false},"excerpt":{"rendered":"<p>[vc_row][vc_column css_animation=\u00bbzoomIn\u00bb][vc_empty_space height=\u00bb20px\u00bb][vc_row_inner el_class=\u00bbcursos\u00bb][vc_column_inner css=\u00bb.vc_custom_1622809617681{padding-top: 40px !important;padding-bottom: 40px !important;}\u00bb][vc_column_text] Programa Fullbright El programa Fulbright es un prestigioso y competitivo programa de intercambio entre Estados Unidos y m\u00e1s de 160 pa\u00edses, incluido Espa\u00f1a. Las personas participantes, seleccionadas por sus m\u00e9ritos acad\u00e9micos, profesionales y su potencial de liderazgo, tienen la oportunidad de estudiar, ense\u00f1ar o investigar en&#8230;<\/p>","protected":false},"author":2,"featured_media":0,"parent":0,"menu_order":0,"comment_status":"closed","ping_status":"closed","template":"templates\/template-no-title.php","meta":{"footnotes":""},"class_list":["post-520","page","type-page","status-publish","hentry"],"_links":{"self":[{"href":"https:\/\/www.ull.es\/internacional\/fr\/wp-json\/wp\/v2\/pages\/520","targetHints":{"allow":["GET"]}}],"collection":[{"href":"https:\/\/www.ull.es\/internacional\/fr\/wp-json\/wp\/v2\/pages"}],"about":[{"href":"https:\/\/www.ull.es\/internacional\/fr\/wp-json\/wp\/v2\/types\/page"}],"author":[{"embeddable":true,"href":"https:\/\/www.ull.es\/internacional\/fr\/wp-json\/wp\/v2\/users\/2"}],"replies":[{"embeddable":true,"href":"https:\/\/www.ull.es\/internacional\/fr\/wp-json\/wp\/v2\/comments?post=520"}],"version-history":[{"count":10,"href":"https:\/\/www.ull.es\/internacional\/fr\/wp-json\/wp\/v2\/pages\/520\/revisions"}],"predecessor-version":[{"id":1107,"href":"https:\/\/www.ull.es\/internacional\/fr\/wp-json\/wp\/v2\/pages\/520\/revisions\/1107"}],"wp:attachment":[{"href":"https:\/\/www.ull.es\/internacional\/fr\/wp-json\/wp\/v2\/media?parent=520"}],"curies":[{"name":"wp","href":"https:\/\/api.w.org\/{rel}","templated":true}]}}