{"id":531,"date":"2021-09-06T12:15:44","date_gmt":"2021-09-06T12:15:44","guid":{"rendered":"https:\/\/www.ull.es\/internacional-nuevo\/?page_id=531"},"modified":"2021-09-06T12:15:44","modified_gmt":"2021-09-06T12:15:44","slug":"programa-internacional-de-mentoria-eeuu-europa-international-mentor-program-imp-usa-europe","status":"publish","type":"page","link":"https:\/\/www.ull.es\/internacional\/fr\/programa-internacional-de-mentoria-eeuu-europa-international-mentor-program-imp-usa-europe\/","title":{"rendered":"Programme de mentorat international (IMP) USA-Europe"},"content":{"rendered":"<p>[vc_row][vc_column css_animation=\u00bbzoomIn\u00bb][vc_empty_space height=\u00bb20px\u00bb][vc_row_inner el_class=\u00bbcursos\u00bb][vc_column_inner css=\u00bb.vc_custom_1622809617681{padding-top: 40px !important;padding-bottom: 40px !important;}\u00bb][vc_column_text]<\/p>\n<h1 style=\"text-align: left;color: #ffffff\">Programme de mentorat international (IMP) USA-Europe<\/h1>\n<p>[\/vc_column_text][\/vc_column_inner][\/vc_row_inner][vc_empty_space height=\u00bb20px\u00bb][\/vc_column][\/vc_row][vc_row][vc_column width=\u00bb2\/3&#8243;][vc_empty_space][vc_column_text]<\/p>\n<h3>Description<\/h3>\n<p>Le programme de mentorat international (IMP) USA-Europe est une initiative de la Fondation internationale de mentorat pour l&#039;avancement de l&#039;enseignement sup\u00e9rieur (IMFAHE), bas\u00e9e dans le Massachusetts, aux \u00c9tats-Unis.<\/p>\n<p>Pour l&#039;ann\u00e9e universitaire 2017\/2018, 20 \u00e9tudiants des programmes officiels de master et de doctorat de l&#039;ULL, plus pr\u00e9cis\u00e9ment 10 \u00e9tudiants de chacune des deux sp\u00e9cialit\u00e9s propos\u00e9es (biom\u00e9decine et ing\u00e9nierie), seront s\u00e9lectionn\u00e9s pour b\u00e9n\u00e9ficier d&#039;un accompagnement personnalis\u00e9 par des scientifiques et des professionnels ayant une exp\u00e9rience internationale, par visioconf\u00e9rence en espagnol et\/ou en anglais. L&#039;ULL d\u00e9signera cinq mentors par sp\u00e9cialit\u00e9.<\/p>\n<h3>Information<\/h3>\n<ul>\n<li><a href=\"https:\/\/www.ull.es\/internacional\/fr\/portal\/convocatorias\/convocatoria\/programa-mentoria-internacional-imp-usa-europe-2017-2018\/\" target=\"_blank\" rel=\"noopener\">Appel 2017\/2018<\/a><\/li>\n<\/ul>\n<h3>Liens d&#039;int\u00e9r\u00eat<\/h3>\n<ul>\n<li><a href=\"https:\/\/youtu.be\/LuxDyPdgTQM\" target=\"_blank\" rel=\"noopener\">Vid\u00e9o sur l&#039;IMP<\/a><\/li>\n<li><a href=\"http:\/\/www.imfahe.org\/\" target=\"_blank\" rel=\"noopener\">IMFAHE<\/a><\/li>\n<li>\u00ab Science et Rigueur : L&#039;innovation na\u00eet des r\u00e9seaux et des ponts qui unissent diff\u00e9rents courants de connaissances, d&#039;exp\u00e9riences et de valeurs \u00bb : vid\u00e9os des webinaires sur les cl\u00e9s de\u00a0<a href=\"https:\/\/www.youtube.com\/watch?v=6bbmU8JWTVg\" target=\"_blank\" rel=\"noopener\">innovation scientifique et technologique<\/a>\u00a0et pour\u00a0<a href=\"https:\/\/www.youtube.com\/watch?v=Ea8OJIeYEHA\" target=\"_blank\" rel=\"noopener\">publier un article scientifique dans des revues prestigieuses<\/a>.<\/li>\n<\/ul>\n<p>[\/vc_column_text][vc_empty_space][vc_column_text]<a class=\"btn-destacado\" href=\"https:\/\/www.ull.es\/internacional\/fr\/portal\/convocatorias\/convocatoria\/programa-mentoria-internacional-imp-usa-europe-2017-2018\/\" target=\"_blank\" rel=\"noopener\">Appel \u00e0 candidatures pour l&#039;ann\u00e9e universitaire 2017-2018<i class=\"fa fa-arrow-right\"><\/i><\/a>[\/vc_column_text][vc_empty_space][\/vc_column][vc_column width=\u00bb1\/3&#8243;][vc_column_text]<\/p>\n<div id=\"sidebar\">\n<div class=\"col-md-4 ull-sidebar\">\n<nav id=\"desktop-relative\" role=\"navigation\" aria-label=\"relatif\">\n<ul class=\"ull-sidebar-menu first-level\">\n<li class=\"pagenav\"><a class=\"homelink\" title=\"Maison\" href=\"https:\/\/www.ull.es\/internacional\/fr\/-nuevo\/\" target=\"_blank\" rel=\"noopener\">Maison<\/a>\n<ul>\n<li class=\"page_item page-item-541 page_item_has_children current_page_ancestor current_page_parent child-page-existance-tester\"><a href=\"https:\/\/www.ull.es\/internacional\/fr\/-nuevo\/estudiantes\/\" target=\"_blank\" rel=\"noopener\">\u00c9tudiants<\/a>\n<ul class=\"children\">\n<li class=\"page_item page-item-992 child-page-existance-tester\"><a href=\"https:\/\/www.ull.es\/internacional\/fr\/-nuevo\/programa-de-becas-learn-africa\/\" target=\"_blank\" rel=\"noopener\">Programme de bourses d&#039;\u00e9tudes Learn Africa<\/a><\/li>\n<li class=\"page_item page-item-988 child-page-existance-tester\"><a href=\"https:\/\/www.ull.es\/internacional\/fr\/-nuevo\/programa-de-becas-de-la-fundacion-carolina\/\" target=\"_blank\" rel=\"noopener\">Programme de bourses d&#039;\u00e9tudes de la Fondation Carolina<\/a><\/li>\n<li class=\"page_item page-item-988 child-page-existance-tester\"><a href=\"https:\/\/www.ull.es\/internacional\/fr\/-nuevo\/programa-fostering-grads\/\" target=\"_blank\" rel=\"noopener\">Programme de parrainage des dipl\u00f4m\u00e9s<\/a><\/li>\n<li class=\"page_item page-item-582 child-page-existance-tester\"><a href=\"https:\/\/www.ull.es\/internacional\/fr\/-nuevo\/programa-fulbright\/\" target=\"_blank\" rel=\"noopener\">Programme Fulbright<\/a><\/li>\n<li class=\"page_item page-item-583 child-page-existance-tester\"><a href=\"https:\/\/www.ull.es\/internacional\/fr\/-nuevo\/programa-fulbright-internacionales\/\" target=\"_blank\" rel=\"noopener\">Programme Fulbright \u2013 International<\/a><\/li>\n<li class=\"page_item page-item-629 current_page_item\"><a href=\"https:\/\/www.ull.es\/internacional\/fr\/-nuevo\/programa-internacional-de-mentoria-eeuu-europa-international-mentor-program-imp-usa-europe\/\" target=\"_blank\" rel=\"noopener\">Programme de mentorat international \u00c9tats-Unis-Europe<\/a><\/li>\n<\/ul>\n<\/li>\n<\/ul>\n<\/li>\n<\/ul>\n<\/nav>\n<\/div>\n<\/div>\n<p>[\/vc_column_text][\/vc_column][\/vc_row]<\/p>","protected":false},"excerpt":{"rendered":"<p>[vc_row][vc_column css_animation=\u00bbzoomIn\u00bb][vc_empty_space height=\u00bb20px\u00bb][vc_row_inner el_class=\u00bbcursos\u00bb][vc_column_inner css=\u00bb.vc_custom_1622809617681{padding-top: 40px !important;padding-bottom: 40px !important;}\u00bb][vc_column_text] Programa Internacional de Mentor\u00eda EEUU-Europa, International Mentor Program (IMP) USA-Europe [\/vc_column_text][\/vc_column_inner][\/vc_row_inner][vc_empty_space height=\u00bb20px\u00bb][\/vc_column][\/vc_row][vc_row][vc_column width=\u00bb2\/3&#8243;][vc_empty_space][vc_column_text] Descripci\u00f3n El Programa Internacional de Mentor\u00eda o International Mentor Program (IMP) USA-Europe es una iniciativa de la Fundaci\u00f3n Internacional IMFAHE (International Mentoring Foundation for the Advancement of Higher Education), con sede en Massachussets,&#8230;<\/p>","protected":false},"author":2,"featured_media":0,"parent":0,"menu_order":0,"comment_status":"closed","ping_status":"closed","template":"templates\/template-no-title.php","meta":{"footnotes":""},"class_list":["post-531","page","type-page","status-publish","hentry"],"_links":{"self":[{"href":"https:\/\/www.ull.es\/internacional\/fr\/wp-json\/wp\/v2\/pages\/531","targetHints":{"allow":["GET"]}}],"collection":[{"href":"https:\/\/www.ull.es\/internacional\/fr\/wp-json\/wp\/v2\/pages"}],"about":[{"href":"https:\/\/www.ull.es\/internacional\/fr\/wp-json\/wp\/v2\/types\/page"}],"author":[{"embeddable":true,"href":"https:\/\/www.ull.es\/internacional\/fr\/wp-json\/wp\/v2\/users\/2"}],"replies":[{"embeddable":true,"href":"https:\/\/www.ull.es\/internacional\/fr\/wp-json\/wp\/v2\/comments?post=531"}],"version-history":[{"count":0,"href":"https:\/\/www.ull.es\/internacional\/fr\/wp-json\/wp\/v2\/pages\/531\/revisions"}],"wp:attachment":[{"href":"https:\/\/www.ull.es\/internacional\/fr\/wp-json\/wp\/v2\/media?parent=531"}],"curies":[{"name":"wp","href":"https:\/\/api.w.org\/{rel}","templated":true}]}}