{"id":579,"date":"2021-10-11T11:43:36","date_gmt":"2021-10-11T11:43:36","guid":{"rendered":"https:\/\/www.ull.es\/internacional\/?page_id=579"},"modified":"2021-10-11T11:52:50","modified_gmt":"2021-10-11T11:52:50","slug":"programa-de-actividades","status":"publish","type":"page","link":"https:\/\/www.ull.es\/internacional\/fr\/internacionalizacion-del-campus\/programa-de-actividades\/","title":{"rendered":"Programme d&#039;activit\u00e9s"},"content":{"rendered":"<p>[vc_row][vc_column css_animation=\u00bbzoomIn\u00bb][vc_empty_space height=\u00bb20px\u00bb][vc_row_inner el_class=\u00bbcursos\u00bb][vc_column_inner css=\u00bb.vc_custom_1622809617681{padding-top: 40px !important;padding-bottom: 40px !important;}\u00bb][vc_column_text]<\/p>\n<h1 style=\"text-align: left;color: #ffffff\">Programme d&#039;activit\u00e9s<\/h1>\n<p>[\/vc_column_text][\/vc_column_inner][\/vc_row_inner][vc_empty_space height=\u00bb20px\u00bb][vc_empty_space height=\u00bb20px\u00bb][\/vc_column][\/vc_row][vc_row][vc_column][vc_column_text]<b>a. Sentiers de randonn\u00e9e<\/b><span style=\"font-weight: 400\">Activit\u00e9s pour d\u00e9couvrir quelques-uns des tr\u00e9sors naturels et culturels de l&#039;\u00eele de Tenerife, avec des guides touristiques officiels et des experts culturels. Jour : <\/span><b>Samedis<\/b><span style=\"font-weight: 400\">. Dur\u00e9e: <\/span><b>4 \u00e0 5 heures<\/b><span style=\"font-weight: 400\">.<\/span><\/p>\n<p><b>b. Astronomie<\/b><span style=\"font-weight: 400\">Interpr\u00e9tation du ciel nocturne dans le parc national du Teide avec un guide Starlight. Vous apprendrez les techniques d&#039;orientation et de navigation gr\u00e2ce au ciel nocturne. Jour : <\/span><b>fin de semaine<\/b><span style=\"font-weight: 400\">. Dur\u00e9e: <\/span><b>5 \u2013 6 h<\/b><span style=\"font-weight: 400\">.<\/span><\/p>\n<p><b>c. Randonn\u00e9e avec immersion linguistique<\/b><span style=\"font-weight: 400\">Une occasion unique d&#039;am\u00e9liorer vos comp\u00e9tences linguistiques et de rencontrer de nouvelles personnes tout en d\u00e9couvrant les merveilles de Tenerife avec des professeurs de langues professionnels. Jour : <\/span><b>Jeudi<\/b><span style=\"font-weight: 400\">. Dur\u00e9e: <\/span><b>2 \u00e0 3 heures<\/b><span style=\"font-weight: 400\">.<\/span><\/p>\n<p><b>d. Activit\u00e9s de b\u00e9n\u00e9volat environnemental<\/b><span style=\"font-weight: 400\">Des actions de sensibilisation visant \u00e0 am\u00e9liorer diff\u00e9rents aspects et \u00e0 faire comprendre l&#039;importance d&#039;agir pour pr\u00e9server notre environnement seront men\u00e9es par l&#039;association environnementale Desaplat\u00e1nate. <\/span><b>Date et dur\u00e9e \u00e0 d\u00e9terminer<\/b><span style=\"font-weight: 400\">.<\/span><\/p>\n<p><b>et. Activit\u00e9s d&#039;immersion linguistique ludifi\u00e9es<\/b><span style=\"font-weight: 400\">Des activit\u00e9s, incluant des jeux et des comp\u00e9titions, dans certains des principaux centres urbains. Les participants devront relever une s\u00e9rie de d\u00e9fis, notamment l&#039;utilisation de ressources linguistiques. Une fa\u00e7on diff\u00e9rente et amusante de pratiquer les langues. Jour : <\/span><b>Jeudi<\/b><span style=\"font-weight: 400\">. Dur\u00e9e: <\/span><b>1,5 \u2013 2 h<\/b><span style=\"font-weight: 400\">.<\/span><\/p>\n<p><b>f. Routes ethnogastronomiques<\/b><span style=\"font-weight: 400\">Con\u00e7u pour d\u00e9couvrir le patrimoine culturel et gastronomique du nord de l&#039;\u00eele. Remarque\u00a0: en raison de la capacit\u00e9 limit\u00e9e des restaurants, cet itin\u00e9raire est pr\u00e9vu pour un groupe de 8\u00a0personnes et comprend le transport priv\u00e9, le d\u00e9jeuner et un guide officiel. Jour\u00a0: <\/span><b>Dimanches<\/b><span style=\"font-weight: 400\">. Dur\u00e9e: <\/span><b>7<\/b><span style=\"font-weight: 400\"> h.<\/span>[\/vc_column_text][vc_empty_space][\/vc_column][\/vc_row][vc_row][vc_column width=\u00bb1\/3&#8243;][vc_single_image image=\u00bb582&#8243; img_size=\u00bblarge\u00bb onclick=\u00bbimg_link_large\u00bb img_link_target=\u00bb_blank\u00bb][\/vc_column][vc_column width=\u00bb1\/3&#8243;][vc_single_image image=\u00bb581&#8243; img_size=\u00bblarge\u00bb onclick=\u00bbimg_link_large\u00bb img_link_target=\u00bb_blank\u00bb][\/vc_column][vc_column width=\u00bb1\/3&#8243;][\/vc_column][\/vc_row][vc_row][vc_column width=\u00bb1\/2&#8243;][vc_empty_space][vc_empty_space][vc_column_text]<span style=\"font-weight: 400\">Inscrivez-vous \u00e0 la liste de diffusion pour rester inform\u00e9(e) des derni\u00e8res actualit\u00e9s en scannant le code QR suivant\u00a0:<\/span>[\/vc_column_text][\/vc_column][vc_column width=\u00bb1\/2&#8243;][vc_empty_space height=\u00bb15px\u00bb][vc_empty_space height=\u00bb15px\u00bb][vc_single_image image=\u00bb580&#8243;][\/vc_column][\/vc_row]<\/p>","protected":false},"excerpt":{"rendered":"<p>[vc_row][vc_column css_animation=\u00bbzoomIn\u00bb][vc_empty_space height=\u00bb20px\u00bb][vc_row_inner el_class=\u00bbcursos\u00bb][vc_column_inner css=\u00bb.vc_custom_1622809617681{padding-top: 40px !important;padding-bottom: 40px !important;}\u00bb][vc_column_text] Programa de actividades [\/vc_column_text][\/vc_column_inner][\/vc_row_inner][vc_empty_space height=\u00bb20px\u00bb][vc_empty_space height=\u00bb20px\u00bb][\/vc_column][\/vc_row][vc_row][vc_column][vc_column_text]a. Rutas de senderismo: actividades para descubrir algunos de los tesoros naturales y culturales de la isla de Tenerife, con gu\u00edas oficiales de turismo y expertos en cultura. D\u00eda: s\u00e1bados. Duraci\u00f3n: 4 \u2013 5 h. b. Astronom\u00eda: interpretaci\u00f3n del cielo nocturno&#8230;<\/p>","protected":false},"author":3,"featured_media":0,"parent":57,"menu_order":0,"comment_status":"closed","ping_status":"closed","template":"","meta":{"footnotes":""},"class_list":["post-579","page","type-page","status-publish","hentry"],"_links":{"self":[{"href":"https:\/\/www.ull.es\/internacional\/fr\/wp-json\/wp\/v2\/pages\/579","targetHints":{"allow":["GET"]}}],"collection":[{"href":"https:\/\/www.ull.es\/internacional\/fr\/wp-json\/wp\/v2\/pages"}],"about":[{"href":"https:\/\/www.ull.es\/internacional\/fr\/wp-json\/wp\/v2\/types\/page"}],"author":[{"embeddable":true,"href":"https:\/\/www.ull.es\/internacional\/fr\/wp-json\/wp\/v2\/users\/3"}],"replies":[{"embeddable":true,"href":"https:\/\/www.ull.es\/internacional\/fr\/wp-json\/wp\/v2\/comments?post=579"}],"version-history":[{"count":9,"href":"https:\/\/www.ull.es\/internacional\/fr\/wp-json\/wp\/v2\/pages\/579\/revisions"}],"predecessor-version":[{"id":584,"href":"https:\/\/www.ull.es\/internacional\/fr\/wp-json\/wp\/v2\/pages\/579\/revisions\/584"}],"up":[{"embeddable":true,"href":"https:\/\/www.ull.es\/internacional\/fr\/wp-json\/wp\/v2\/pages\/57"}],"wp:attachment":[{"href":"https:\/\/www.ull.es\/internacional\/fr\/wp-json\/wp\/v2\/media?parent=579"}],"curies":[{"name":"wp","href":"https:\/\/api.w.org\/{rel}","templated":true}]}}