{"id":1445,"date":"2025-03-27T09:53:55","date_gmt":"2025-03-27T09:53:55","guid":{"rendered":"https:\/\/www.ull.es\/internacional\/cooperar-cooperando-copy\/"},"modified":"2026-02-09T12:41:47","modified_gmt":"2026-02-09T12:41:47","slug":"liderafrica","status":"publish","type":"page","link":"https:\/\/www.ull.es\/internacional\/liderafrica\/","title":{"rendered":"Liderafrica"},"content":{"rendered":"\n<div class=\"wp-block-stackable-columns alignfull stk-block-columns stk--hide-mobile stk-block stk-70f2177\" data-block-id=\"70f2177\"><style>.stk-70f2177 {margin-bottom:0px !important;}<\/style><div class=\"stk-row stk-inner-blocks stk-block-content stk-content-align stk-70f2177-column alignfull\">\n<div class=\"wp-block-stackable-column stk-block-column stk-column stk-block stk-e9631c6\" data-v=\"4\" data-block-id=\"e9631c6\"><div class=\"stk-column-wrapper stk-block-column__content stk-container stk-e9631c6-container stk--no-background stk--no-padding\"><div class=\"stk-block-content stk-inner-blocks stk-e9631c6-inner-blocks\">\n<div class=\"wp-block-stackable-image stk-block-image stk-block stk-7ea61e6\" data-block-id=\"7ea61e6\"><style>.stk-7ea61e6 .stk-img-wrapper{height:635px !important;}.stk-7ea61e6 .stk-img-wrapper img{object-position:46% 34% !important;}<\/style><figure><span class=\"stk-img-wrapper stk-image--shape-stretch\"><img loading=\"lazy\" decoding=\"async\" class=\"stk-img wp-image-2563\" src=\"https:\/\/www.ull.es\/internacional\/wp-content\/uploads\/2025\/09\/BANNER-SUPERIOR-sin-texto-LIDERAFRICA.jpg\" width=\"1900\" height=\"719\" srcset=\"https:\/\/www.ull.es\/internacional\/wp-content\/uploads\/2025\/09\/BANNER-SUPERIOR-sin-texto-LIDERAFRICA.jpg 1900w, https:\/\/www.ull.es\/internacional\/wp-content\/uploads\/2025\/09\/BANNER-SUPERIOR-sin-texto-LIDERAFRICA-300x114.jpg 300w, https:\/\/www.ull.es\/internacional\/wp-content\/uploads\/2025\/09\/BANNER-SUPERIOR-sin-texto-LIDERAFRICA-1024x388.jpg 1024w, https:\/\/www.ull.es\/internacional\/wp-content\/uploads\/2025\/09\/BANNER-SUPERIOR-sin-texto-LIDERAFRICA-768x291.jpg 768w, https:\/\/www.ull.es\/internacional\/wp-content\/uploads\/2025\/09\/BANNER-SUPERIOR-sin-texto-LIDERAFRICA-1536x581.jpg 1536w, https:\/\/www.ull.es\/internacional\/wp-content\/uploads\/2025\/09\/BANNER-SUPERIOR-sin-texto-LIDERAFRICA-18x7.jpg 18w, https:\/\/www.ull.es\/internacional\/wp-content\/uploads\/2025\/09\/BANNER-SUPERIOR-sin-texto-LIDERAFRICA-200x76.jpg 200w, https:\/\/www.ull.es\/internacional\/wp-content\/uploads\/2025\/09\/BANNER-SUPERIOR-sin-texto-LIDERAFRICA-375x142.jpg 375w, https:\/\/www.ull.es\/internacional\/wp-content\/uploads\/2025\/09\/BANNER-SUPERIOR-sin-texto-LIDERAFRICA-750x284.jpg 750w, https:\/\/www.ull.es\/internacional\/wp-content\/uploads\/2025\/09\/BANNER-SUPERIOR-sin-texto-LIDERAFRICA-1140x431.jpg 1140w\" sizes=\"auto, (max-width: 1900px) 100vw, 1900px\" \/><\/span><\/figure><\/div>\n\n\n\n<div class=\"wp-block-stackable-heading stk-block-heading stk-block-heading--v2 stk-block stk-8382b35\" id=\"strong-lider-africa-strong\" data-block-id=\"8382b35\"><style>.stk-8382b35 {margin-top:-12% !important;margin-bottom:10% !important;margin-left:10% !important;}.stk-8382b35 .stk-block-heading__text{font-size:6.3rem !important;color:#ffffff !important;font-weight:bold !important;font-family:\"Montserrat\", Sans-serif !important;}@media screen and (max-width: 1023px){.stk-8382b35 {margin-top:-50% !important;}.stk-8382b35 .stk-block-heading__text{font-size:6.3rem !important;}}<\/style><h1 class=\"stk-block-heading__text has-text-color\"><strong>Lider\u00c1frica <\/strong><\/h1><\/div>\n<\/div><\/div><\/div>\n<\/div><\/div>\n\n\n\n<div class=\"wp-block-stackable-columns alignfull stk-block-columns stk--hide-desktop stk--hide-tablet stk-block stk-3a7c820\" data-block-id=\"3a7c820\"><style>.stk-3a7c820 {margin-top:-30px !important;margin-bottom:0px !important;}<\/style><div class=\"stk-row stk-inner-blocks stk-block-content stk-content-align stk-3a7c820-column alignfull\">\n<div class=\"wp-block-stackable-column stk-block-column stk-column stk-block stk-44aeb31\" data-v=\"4\" data-block-id=\"44aeb31\"><div class=\"stk-column-wrapper stk-block-column__content stk-container stk-44aeb31-container stk--no-background stk--no-padding\"><div class=\"stk-block-content stk-inner-blocks stk-44aeb31-inner-blocks\">\n<div class=\"wp-block-stackable-image stk-block-image stk-block stk-942416e\" data-block-id=\"942416e\"><figure><span class=\"stk-img-wrapper stk-image--shape-stretch\"><img loading=\"lazy\" decoding=\"async\" class=\"stk-img wp-image-2422\" src=\"https:\/\/www.ull.es\/internacional\/wp-content\/uploads\/2025\/09\/BANNER-MOVIL-copiaLIDERAFRICA.jpg\" width=\"1575\" height=\"1969\" srcset=\"https:\/\/www.ull.es\/internacional\/wp-content\/uploads\/2025\/09\/BANNER-MOVIL-copiaLIDERAFRICA.jpg 1575w, https:\/\/www.ull.es\/internacional\/wp-content\/uploads\/2025\/09\/BANNER-MOVIL-copiaLIDERAFRICA-240x300.jpg 240w, https:\/\/www.ull.es\/internacional\/wp-content\/uploads\/2025\/09\/BANNER-MOVIL-copiaLIDERAFRICA-819x1024.jpg 819w, https:\/\/www.ull.es\/internacional\/wp-content\/uploads\/2025\/09\/BANNER-MOVIL-copiaLIDERAFRICA-768x960.jpg 768w, https:\/\/www.ull.es\/internacional\/wp-content\/uploads\/2025\/09\/BANNER-MOVIL-copiaLIDERAFRICA-1229x1536.jpg 1229w, https:\/\/www.ull.es\/internacional\/wp-content\/uploads\/2025\/09\/BANNER-MOVIL-copiaLIDERAFRICA-10x12.jpg 10w, https:\/\/www.ull.es\/internacional\/wp-content\/uploads\/2025\/09\/BANNER-MOVIL-copiaLIDERAFRICA-200x250.jpg 200w, https:\/\/www.ull.es\/internacional\/wp-content\/uploads\/2025\/09\/BANNER-MOVIL-copiaLIDERAFRICA-375x469.jpg 375w, https:\/\/www.ull.es\/internacional\/wp-content\/uploads\/2025\/09\/BANNER-MOVIL-copiaLIDERAFRICA-750x938.jpg 750w, https:\/\/www.ull.es\/internacional\/wp-content\/uploads\/2025\/09\/BANNER-MOVIL-copiaLIDERAFRICA-1140x1425.jpg 1140w\" sizes=\"auto, (max-width: 1575px) 100vw, 1575px\" \/><\/span><\/figure><\/div>\n<\/div><\/div><\/div>\n<\/div><\/div>\n\n\n\n<div class=\"wp-block-stackable-columns alignfull stk-block-columns stk-block stk-c2906b8 stk-block-background\" data-block-id=\"c2906b8\"><style>.stk-c2906b8 {margin-top:-75px !important;margin-bottom:0px !important;}@media screen and (max-width: 767px){.stk-c2906b8 {margin-top:0px !important;}}<\/style><div class=\"stk-row stk-inner-blocks stk-block-content stk-content-align stk-c2906b8-column alignfull\">\n<div class=\"wp-block-stackable-column stk-block-column stk-column stk-block stk-0ea4214\" data-v=\"4\" data-block-id=\"0ea4214\"><div class=\"stk-column-wrapper stk-block-column__content stk-container stk-0ea4214-container stk--no-background stk--no-padding\"><div class=\"stk-block-content stk-inner-blocks stk-0ea4214-inner-blocks\">\n<div class=\"wp-block-stackable-columns stk-block-columns stk-block stk-f575f32\" data-block-id=\"f575f32\"><style>.stk-f575f32 .stk--block-align-f575f32{align-items:center !important;}.stk-f575f32 {padding-top:3% !important;padding-right:5% !important;padding-bottom:3% !important;padding-left:5% !important;}<\/style><div class=\"stk-row stk-inner-blocks stk--block-align-f575f32 stk-block-content stk-content-align stk-f575f32-column\">\n<div class=\"wp-block-stackable-column stk-block-column stk-column stk-block stk-58519c5\" data-v=\"4\" data-block-id=\"58519c5\"><style>@media screen and (min-width: 768px) and (max-width: 1023px){.stk-58519c5 {flex:var(--stk-flex-grow, 1) 1 calc(100% - var(--stk-column-gap, 0px) * 0 \/ 1 ) !important;}}<\/style><div class=\"stk-column-wrapper stk-block-column__content stk-container stk-58519c5-container stk--no-background stk--no-padding\"><div class=\"stk-block-content stk-inner-blocks stk-58519c5-inner-blocks\">\n<div class=\"wp-block-stackable-text stk-block-text stk-block stk-294c95b\" data-block-id=\"294c95b\"><style>.stk-294c95b .stk-block-text__text{color:#612282 !important;}<\/style><p class=\"stk-block-text__text has-text-color\">La Universidad de La Laguna forma parte del Consorcio LiderAfrica, junto con la Universidad de C\u00e1diz, la Universidad de Huelva, la Universidad de Las Palmas de Gran Canaria y Casa \u00c1frica. Estas instituciones, debido a su posici\u00f3n estrat\u00e9gica como nexo entre Europa y \u00c1frica, han mantenido una colaboraci\u00f3n constante con el continente vecino a trav\u00e9s de proyectos de movilidad acad\u00e9mica, investigaci\u00f3n y cooperaci\u00f3n internacional.<\/p><\/div>\n<\/div><\/div><\/div>\n\n\n\n<div class=\"wp-block-stackable-column stk-block-column stk-column stk-block stk-b5833ca\" data-v=\"4\" data-block-id=\"b5833ca\"><style>@media screen and (min-width: 768px) and (max-width: 1023px){.stk-b5833ca {flex:var(--stk-flex-grow, 1) 1 calc(100% - var(--stk-column-gap, 0px) * 0 \/ 1 ) !important;}}<\/style><div class=\"stk-column-wrapper stk-block-column__content stk-container stk-b5833ca-container stk--no-background stk--no-padding\"><div class=\"stk-block-content stk-inner-blocks stk-b5833ca-inner-blocks\">\n<div class=\"wp-block-stackable-image stk-block-image stk-block stk-b81b12c\" data-block-id=\"b81b12c\"><style>.stk-b81b12c .stk-img-wrapper{width:70% !important;}@media screen and (max-width: 1023px){.stk-b81b12c .stk-img-wrapper{width:100% !important;}}@media screen and (max-width: 767px){.stk-b81b12c .stk-img-wrapper{width:100% !important;}}<\/style><figure><span class=\"stk-img-wrapper stk-image--shape-stretch\"><img loading=\"lazy\" decoding=\"async\" class=\"stk-img wp-image-2424\" src=\"https:\/\/www.ull.es\/internacional\/wp-content\/uploads\/2025\/09\/IMAGEN-AFRICA.jpg\" width=\"1800\" height=\"1200\" srcset=\"https:\/\/www.ull.es\/internacional\/wp-content\/uploads\/2025\/09\/IMAGEN-AFRICA.jpg 1800w, https:\/\/www.ull.es\/internacional\/wp-content\/uploads\/2025\/09\/IMAGEN-AFRICA-300x200.jpg 300w, https:\/\/www.ull.es\/internacional\/wp-content\/uploads\/2025\/09\/IMAGEN-AFRICA-1024x683.jpg 1024w, https:\/\/www.ull.es\/internacional\/wp-content\/uploads\/2025\/09\/IMAGEN-AFRICA-768x512.jpg 768w, https:\/\/www.ull.es\/internacional\/wp-content\/uploads\/2025\/09\/IMAGEN-AFRICA-1536x1024.jpg 1536w, https:\/\/www.ull.es\/internacional\/wp-content\/uploads\/2025\/09\/IMAGEN-AFRICA-18x12.jpg 18w, https:\/\/www.ull.es\/internacional\/wp-content\/uploads\/2025\/09\/IMAGEN-AFRICA-200x133.jpg 200w, https:\/\/www.ull.es\/internacional\/wp-content\/uploads\/2025\/09\/IMAGEN-AFRICA-375x250.jpg 375w, https:\/\/www.ull.es\/internacional\/wp-content\/uploads\/2025\/09\/IMAGEN-AFRICA-750x500.jpg 750w, https:\/\/www.ull.es\/internacional\/wp-content\/uploads\/2025\/09\/IMAGEN-AFRICA-1140x760.jpg 1140w\" sizes=\"auto, (max-width: 1800px) 100vw, 1800px\" \/><\/span><\/figure><\/div>\n<\/div><\/div><\/div>\n<\/div><\/div>\n<\/div><\/div><\/div>\n<\/div><\/div>\n\n\n\n<div class=\"wp-block-stackable-columns alignfull stk-block-columns stk-block stk-55ed907 stk-block-background\" data-block-id=\"55ed907\"><style>.stk-55ed907 {background-color:#612282 !important;margin-bottom:-80px !important;}.stk-55ed907:before{background-color:#612282 !important;}@media screen and (max-width: 767px){.stk-55ed907 {margin-bottom:-100px !important;}}<\/style><div class=\"stk-row stk-inner-blocks stk-block-content stk-content-align stk-55ed907-column alignfull\">\n<div class=\"wp-block-stackable-column stk-block-column stk-column stk-block stk-8177b02\" data-v=\"4\" data-block-id=\"8177b02\"><div class=\"stk-column-wrapper stk-block-column__content stk-container stk-8177b02-container stk--no-background stk--no-padding\"><div class=\"stk-block-content stk-inner-blocks stk-8177b02-inner-blocks\">\n<div class=\"wp-block-stackable-columns stk-block-columns stk-block stk-93993ae\" data-block-id=\"93993ae\"><style>.stk-93993ae {padding-top:3% !important;padding-right:5% !important;padding-bottom:3% !important;padding-left:5% !important;}<\/style><div class=\"stk-row stk-inner-blocks stk-block-content stk-content-align stk-93993ae-column\">\n<div class=\"wp-block-stackable-column stk-block-column stk-column stk-block stk-1379c07\" data-v=\"4\" data-block-id=\"1379c07\"><div class=\"stk-column-wrapper stk-block-column__content stk-container stk-1379c07-container stk--no-background stk--no-padding\"><div class=\"stk-block-content stk-inner-blocks stk-1379c07-inner-blocks\">\n<div class=\"wp-block-stackable-columns stk-block-columns stk--hide-mobile stk-block stk-d8b9779\" data-block-id=\"d8b9779\"><style>.stk-d8b9779-column{justify-content:center !important;}<\/style><div class=\"stk-row stk-inner-blocks stk-block-content stk-content-align stk-d8b9779-column stk--flex\">\n<div class=\"wp-block-stackable-column stk-block-column stk-column stk-block stk-f6c54bb\" data-v=\"4\" data-block-id=\"f6c54bb\"><div class=\"stk-column-wrapper stk-block-column__content stk-container stk-f6c54bb-container stk--no-background stk--no-padding\"><div class=\"stk-block-content stk-inner-blocks stk-f6c54bb-inner-blocks\">\n\n<\/div><\/div><\/div>\n<\/div><\/div>\n\n\n\n<div class=\"wp-block-stackable-columns stk-block-columns stk--hide-desktop stk--hide-tablet stk-block stk-98f740e\" data-block-id=\"98f740e\"><style>.stk-98f740e-column{justify-content:center !important;}<\/style><div class=\"stk-row stk-inner-blocks stk-block-content stk-content-align stk-98f740e-column stk--flex\">\n<div class=\"wp-block-stackable-column stk-block-column stk-column stk-block stk-10daabf\" data-v=\"4\" data-block-id=\"10daabf\"><div class=\"stk-column-wrapper stk-block-column__content stk-container stk-10daabf-container stk--no-background stk--no-padding\"><div class=\"stk-block-content stk-inner-blocks stk-10daabf-inner-blocks\">\n\n<\/div><\/div><\/div>\n<\/div><\/div>\n\n\n\n<div class=\"wp-block-stackable-text stk-block-text stk-block stk-3ba70de\" data-block-id=\"3ba70de\"><style>.stk-3ba70de {padding-right:20% !important;padding-left:20% !important;}.stk-3ba70de .stk-block-text__text{color:#ffffff !important;}@media screen and (max-width: 767px){.stk-3ba70de {padding-right:0px !important;padding-left:0px !important;}}<\/style><p class=\"stk-block-text__text has-text-color\">El Consorcio naci\u00f3 con el prop\u00f3sito de fortalecer y ampliar estos lazos, facilitando la movilidad de estudiantes, docentes y personal administrativo en el marco del programa Erasmus+ (Acci\u00f3n Clave 171). A<br>trav\u00e9s de esta iniciativa, se ha consolidado una red de intercambio y trabajo colaborativo con universidades africanas, promoviendo un espacio de aprendizaje compartido.<br><br>El objetivo central del proyecto es impulsar la movilidad acad\u00e9mica como una v\u00eda para formar l\u00edderes capaces de afrontar los desaf\u00edos globales, especialmente en el contexto del sur de Europa y \u00c1frica. Esto permitir\u00e1 que la ULL y el resto de instituciones participantes aporten a sus comunidades herramientas y conocimientos que contribuyan a la gesti\u00f3n de los retos sociales, econ\u00f3micos y medioambientales alineados con los Objetivos de Desarrollo Sostenible (ODS), promovidos por la ONU para erradicar la pobreza, proteger el planeta y fomentar el bienestar global.<\/p><\/div>\n\n\n\n<div class=\"wp-block-stackable-image stk-block-image stk-block stk-f919592\" data-block-id=\"f919592\"><style>.stk-f919592 .stk-img-wrapper{width:30% !important;}.stk-f919592 .stk-img-wrapper img{object-fit:contain !important;}@media screen and (max-width: 1023px){.stk-f919592 .stk-img-wrapper{width:50% !important;}}@media screen and (max-width: 767px){.stk-f919592 .stk-img-wrapper{width:100% !important;}}<\/style><figure><span class=\"stk-img-wrapper stk-image--shape-stretch\"><img loading=\"lazy\" decoding=\"async\" class=\"stk-img wp-image-2811\" src=\"https:\/\/www.ull.es\/internacional\/wp-content\/uploads\/2025\/10\/LOGO_LIDERAFRICA_SIN_FONDO-1.png\" width=\"351\" height=\"150\" srcset=\"https:\/\/www.ull.es\/internacional\/wp-content\/uploads\/2025\/10\/LOGO_LIDERAFRICA_SIN_FONDO-1.png 351w, https:\/\/www.ull.es\/internacional\/wp-content\/uploads\/2025\/10\/LOGO_LIDERAFRICA_SIN_FONDO-1-300x128.png 300w, https:\/\/www.ull.es\/internacional\/wp-content\/uploads\/2025\/10\/LOGO_LIDERAFRICA_SIN_FONDO-1-18x8.png 18w, https:\/\/www.ull.es\/internacional\/wp-content\/uploads\/2025\/10\/LOGO_LIDERAFRICA_SIN_FONDO-1-200x85.png 200w\" sizes=\"auto, (max-width: 351px) 100vw, 351px\" \/><\/span><\/figure><\/div>\n<\/div><\/div><\/div>\n<\/div><\/div>\n<\/div><\/div><\/div>\n<\/div><\/div>\n","protected":false},"excerpt":{"rendered":"<p>Lider\u00c1frica La Universidad de La Laguna forma parte del Consorcio LiderAfrica, junto con la Universidad de C\u00e1diz, la Universidad de Huelva, la Universidad de Las Palmas de Gran Canaria y Casa \u00c1frica. Estas instituciones, debido a su posici\u00f3n estrat\u00e9gica como nexo entre Europa y \u00c1frica, han mantenido una colaboraci\u00f3n constante con el continente vecino a&#8230;<\/p>\n","protected":false},"author":3,"featured_media":0,"parent":0,"menu_order":0,"comment_status":"closed","ping_status":"closed","template":"templates\/template-frontpage.php","meta":{"footnotes":""},"class_list":["post-1445","page","type-page","status-publish","hentry"],"_links":{"self":[{"href":"https:\/\/www.ull.es\/internacional\/wp-json\/wp\/v2\/pages\/1445","targetHints":{"allow":["GET"]}}],"collection":[{"href":"https:\/\/www.ull.es\/internacional\/wp-json\/wp\/v2\/pages"}],"about":[{"href":"https:\/\/www.ull.es\/internacional\/wp-json\/wp\/v2\/types\/page"}],"author":[{"embeddable":true,"href":"https:\/\/www.ull.es\/internacional\/wp-json\/wp\/v2\/users\/3"}],"replies":[{"embeddable":true,"href":"https:\/\/www.ull.es\/internacional\/wp-json\/wp\/v2\/comments?post=1445"}],"version-history":[{"count":35,"href":"https:\/\/www.ull.es\/internacional\/wp-json\/wp\/v2\/pages\/1445\/revisions"}],"predecessor-version":[{"id":3543,"href":"https:\/\/www.ull.es\/internacional\/wp-json\/wp\/v2\/pages\/1445\/revisions\/3543"}],"wp:attachment":[{"href":"https:\/\/www.ull.es\/internacional\/wp-json\/wp\/v2\/media?parent=1445"}],"curies":[{"name":"wp","href":"https:\/\/api.w.org\/{rel}","templated":true}]}}