{"id":251,"date":"2021-07-29T16:35:54","date_gmt":"2021-07-29T16:35:54","guid":{"rendered":"https:\/\/www.ull.es\/internacional-nuevo\/?page_id=251"},"modified":"2026-03-09T13:58:38","modified_gmt":"2026-03-09T13:58:38","slug":"contactos","status":"publish","type":"page","link":"https:\/\/www.ull.es\/internacional\/contactos\/","title":{"rendered":"Contactos"},"content":{"rendered":"\n<div class=\"wp-block-stackable-columns alignfull stk-block-columns stk--hide-mobile stk-block stk-70f2177\" data-block-id=\"70f2177\"><style>.stk-70f2177 {margin-bottom:0px !important;}<\/style><div class=\"stk-row stk-inner-blocks stk-block-content stk-content-align stk-70f2177-column alignfull\">\n<div class=\"wp-block-stackable-column stk-block-column stk-column stk-block stk-e9631c6\" data-v=\"4\" data-block-id=\"e9631c6\"><div class=\"stk-column-wrapper stk-block-column__content stk-container stk-e9631c6-container stk--no-background stk--no-padding\"><div class=\"stk-block-content stk-inner-blocks stk-e9631c6-inner-blocks\">\n<div class=\"wp-block-stackable-image stk-block-image stk-block stk-7ea61e6\" data-block-id=\"7ea61e6\"><style>.stk-7ea61e6 .stk-img-wrapper{height:635px !important;}.stk-7ea61e6 .stk-img-wrapper img{object-position:46% 34% !important;}<\/style><figure><span class=\"stk-img-wrapper stk-image--shape-stretch\"><img loading=\"lazy\" decoding=\"async\" class=\"stk-img wp-image-2501\" src=\"https:\/\/www.ull.es\/internacional\/wp-content\/uploads\/2025\/09\/BANNER-SUPERIOR-sin-texto-CONTACTOS.jpg\" width=\"1900\" height=\"719\" srcset=\"https:\/\/www.ull.es\/internacional\/wp-content\/uploads\/2025\/09\/BANNER-SUPERIOR-sin-texto-CONTACTOS.jpg 1900w, https:\/\/www.ull.es\/internacional\/wp-content\/uploads\/2025\/09\/BANNER-SUPERIOR-sin-texto-CONTACTOS-300x114.jpg 300w, https:\/\/www.ull.es\/internacional\/wp-content\/uploads\/2025\/09\/BANNER-SUPERIOR-sin-texto-CONTACTOS-1024x388.jpg 1024w, https:\/\/www.ull.es\/internacional\/wp-content\/uploads\/2025\/09\/BANNER-SUPERIOR-sin-texto-CONTACTOS-768x291.jpg 768w, https:\/\/www.ull.es\/internacional\/wp-content\/uploads\/2025\/09\/BANNER-SUPERIOR-sin-texto-CONTACTOS-1536x581.jpg 1536w, https:\/\/www.ull.es\/internacional\/wp-content\/uploads\/2025\/09\/BANNER-SUPERIOR-sin-texto-CONTACTOS-18x7.jpg 18w, https:\/\/www.ull.es\/internacional\/wp-content\/uploads\/2025\/09\/BANNER-SUPERIOR-sin-texto-CONTACTOS-200x76.jpg 200w, https:\/\/www.ull.es\/internacional\/wp-content\/uploads\/2025\/09\/BANNER-SUPERIOR-sin-texto-CONTACTOS-375x142.jpg 375w, https:\/\/www.ull.es\/internacional\/wp-content\/uploads\/2025\/09\/BANNER-SUPERIOR-sin-texto-CONTACTOS-750x284.jpg 750w, https:\/\/www.ull.es\/internacional\/wp-content\/uploads\/2025\/09\/BANNER-SUPERIOR-sin-texto-CONTACTOS-1140x431.jpg 1140w\" sizes=\"auto, (max-width: 1900px) 100vw, 1900px\" \/><\/span><\/figure><\/div>\n\n\n\n<div class=\"wp-block-stackable-heading stk-block-heading stk-block-heading--v2 stk-block stk-8382b35\" id=\"strong-contactos-strong\" data-block-id=\"8382b35\"><style>.stk-8382b35 {margin-top:-12% !important;margin-bottom:10% !important;margin-left:10% !important;}.stk-8382b35 .stk-block-heading__text{font-size:6.3rem !important;color:#ffffff !important;font-weight:bold !important;font-family:\"Montserrat\", Sans-serif !important;}@media screen and (max-width: 1023px){.stk-8382b35 {margin-top:-20% !important;}.stk-8382b35 .stk-block-heading__text{font-size:6.3rem !important;}}<\/style><h1 class=\"stk-block-heading__text has-text-color\"><strong>Contactos<\/strong><\/h1><\/div>\n<\/div><\/div><\/div>\n<\/div><\/div>\n\n\n\n<div class=\"wp-block-stackable-columns alignfull stk-block-columns stk--hide-desktop stk--hide-tablet stk-block stk-1ee613b\" data-block-id=\"1ee613b\"><style>.stk-1ee613b {margin-top:-30px !important;}<\/style><div class=\"stk-row stk-inner-blocks stk-block-content stk-content-align stk-1ee613b-column alignfull\">\n<div class=\"wp-block-stackable-column stk-block-column stk-column stk-block stk-d06786c\" data-v=\"4\" data-block-id=\"d06786c\"><div class=\"stk-column-wrapper stk-block-column__content stk-container stk-d06786c-container stk--no-background stk--no-padding\"><div class=\"stk-block-content stk-inner-blocks stk-d06786c-inner-blocks\">\n<div class=\"wp-block-stackable-image stk-block-image stk-block stk-75ed182\" data-block-id=\"75ed182\"><figure><span class=\"stk-img-wrapper stk-image--shape-stretch\"><img loading=\"lazy\" decoding=\"async\" class=\"stk-img wp-image-2189\" src=\"https:\/\/www.ull.es\/internacional\/wp-content\/uploads\/2025\/09\/BANNER-MOVIL-copiaCONTACTOS.jpg\" width=\"1575\" height=\"1969\" srcset=\"https:\/\/www.ull.es\/internacional\/wp-content\/uploads\/2025\/09\/BANNER-MOVIL-copiaCONTACTOS.jpg 1575w, https:\/\/www.ull.es\/internacional\/wp-content\/uploads\/2025\/09\/BANNER-MOVIL-copiaCONTACTOS-240x300.jpg 240w, https:\/\/www.ull.es\/internacional\/wp-content\/uploads\/2025\/09\/BANNER-MOVIL-copiaCONTACTOS-819x1024.jpg 819w, https:\/\/www.ull.es\/internacional\/wp-content\/uploads\/2025\/09\/BANNER-MOVIL-copiaCONTACTOS-768x960.jpg 768w, https:\/\/www.ull.es\/internacional\/wp-content\/uploads\/2025\/09\/BANNER-MOVIL-copiaCONTACTOS-1229x1536.jpg 1229w, https:\/\/www.ull.es\/internacional\/wp-content\/uploads\/2025\/09\/BANNER-MOVIL-copiaCONTACTOS-10x12.jpg 10w, https:\/\/www.ull.es\/internacional\/wp-content\/uploads\/2025\/09\/BANNER-MOVIL-copiaCONTACTOS-200x250.jpg 200w, https:\/\/www.ull.es\/internacional\/wp-content\/uploads\/2025\/09\/BANNER-MOVIL-copiaCONTACTOS-375x469.jpg 375w, https:\/\/www.ull.es\/internacional\/wp-content\/uploads\/2025\/09\/BANNER-MOVIL-copiaCONTACTOS-750x938.jpg 750w, https:\/\/www.ull.es\/internacional\/wp-content\/uploads\/2025\/09\/BANNER-MOVIL-copiaCONTACTOS-1140x1425.jpg 1140w\" sizes=\"auto, (max-width: 1575px) 100vw, 1575px\" \/><\/span><\/figure><\/div>\n<\/div><\/div><\/div>\n<\/div><\/div>\n\n\n\n<div class=\"wp-block-stackable-columns alignfull stk-block-columns stk-block stk-5cc4944\" data-block-id=\"5cc4944\"><style>.stk-5cc4944 {margin-top:-75px !important;}@media screen and (max-width: 1023px){.stk-5cc4944 {margin-top:0px !important;}}<\/style><div class=\"stk-row stk-inner-blocks stk-block-content stk-content-align stk-5cc4944-column alignfull\">\n<div class=\"wp-block-stackable-column stk-block-column stk-column stk-block stk-09870e1\" data-v=\"4\" data-block-id=\"09870e1\"><div class=\"stk-column-wrapper stk-block-column__content stk-container stk-09870e1-container stk--no-background stk--no-padding\"><div class=\"stk-block-content stk-inner-blocks stk-09870e1-inner-blocks\">\n<div class=\"wp-block-stackable-columns alignwide stk-block-columns stk-block stk-626609a\" data-block-id=\"626609a\"><style>.stk-626609a {padding-top:3% !important;padding-right:5% !important;padding-left:5% !important;}<\/style><div class=\"stk-row stk-inner-blocks stk-block-content stk-content-align stk-626609a-column alignwide\">\n<div class=\"wp-block-stackable-column stk-block-column stk-column stk-block stk-832b3f6\" data-v=\"4\" data-block-id=\"832b3f6\"><div class=\"stk-column-wrapper stk-block-column__content stk-container stk-832b3f6-container stk--no-background stk--no-padding\"><div class=\"stk-block-content stk-inner-blocks stk-832b3f6-inner-blocks\">\n<div class=\"wp-block-stackable-heading stk-block-heading stk-block-heading--v2 stk-block stk-e8c2e5e\" id=\"strong-oficina-de-relaciones-internacionales-strong\" data-block-id=\"e8c2e5e\"><style>.stk-e8c2e5e .stk-block-heading__text{color:#612282 !important;}<\/style><h2 class=\"stk-block-heading__text has-text-color\"><strong>Oficina de Relaciones Internacionales<\/strong><\/h2><\/div>\n\n\n\n<div class=\"wp-block-stackable-text stk-block-text stk-block stk-67bc4f3\" id=\"strong-contactos-strong\" data-block-id=\"67bc4f3\"><style>.stk-67bc4f3 .stk-block-text__text{color:#612282 !important;}<\/style><p class=\"stk-block-text__text has-text-color\"><span style=\"color: #000000\" class=\"stk-highlight\">Jefa de Secci\u00f3n de Internacionalizaci\u00f3n: Elisabeth Garc\u00eda Navarro<br>Direcci\u00f3n y coordinaci\u00f3n de la oficina<\/span><br>orisocra@ull.es<br>Tlf. 922 319 457<\/p><\/div>\n\n\n\n<div class=\"wp-block-stackable-divider stk-block-divider stk-block stk-4e2dd10\" data-block-id=\"4e2dd10\"><style>.stk-4e2dd10 hr.stk-block-divider__hr{width:100% !important;}<\/style><hr class=\"stk-block-divider__hr\" \/><\/div>\n\n\n\n<div class=\"wp-block-stackable-heading stk-block-heading stk-block-heading--v2 stk-block stk-dd61676\" id=\"strong-negociado-de-programas-europeos-strong\" data-block-id=\"dd61676\"><style>.stk-dd61676 .stk-block-heading__text{color:#612282 !important;}<\/style><h2 class=\"stk-block-heading__text has-text-color\"><strong>Negociado de Programas Europeos<\/strong><\/h2><\/div>\n\n\n\n<div class=\"wp-block-stackable-text stk-block-text stk-block stk-441a69d\" id=\"strong-contactos-strong\" data-block-id=\"441a69d\"><style>.stk-441a69d {margin-bottom:10px !important;}.stk-441a69d .stk-block-text__text{color:#612282 !important;}<\/style><p class=\"stk-block-text__text has-text-color\"><span style=\"color: #000000\" class=\"stk-highlight\">Jefatura de Negociado de Programas Europeos<\/span>: <span style=\"color: #000000\" class=\"stk-highlight\">Sonia M. de Le\u00f3n Plasencia<\/span><br>Tlf. 922 319 526<br><br><span style=\"color: #000000\" class=\"stk-highlight\">Colaboradora: Laura Lodeiro Santiago<\/span><br>Tlf. 922 319 528<br><span style=\"color: #000000\" class=\"stk-highlight\">Colaborador: Ra\u00fal D\u00e1vila Febles<\/span><br>Tlf. 922 316 502 (Ext. 6949)<br><br><span style=\"color: #000000\" class=\"stk-highlight\">Direcciones de correo electr\u00f3nico para la gesti\u00f3n de:<\/span><br><\/p><\/div>\n\n\n\n<ul style=\"color:#612282\" class=\"wp-block-list has-text-color has-link-color wp-elements-5f90d6b3b681f9be7d8bcdea2d224aa1\">\n<li><span style=\"color: #000000\" class=\"stk-highlight\">Movilidades Erasmus de estudiantado, PDI y PTGAS de la ULL:<\/span> orisal@ull.es<\/li>\n\n\n\n<li><span style=\"color: #000000\" class=\"stk-highlight\">Erasmus Incoming (movilidades entrantes):<\/span> incoming@ull.es<\/li>\n\n\n\n<li><span style=\"color: #000000\" class=\"stk-highlight\">Convenios bilaterales Erasmus:<\/span> iiaerasmus@ull.es<\/li>\n<\/ul>\n\n\n\n<div class=\"wp-block-stackable-divider stk-block-divider stk-block stk-626440e\" data-block-id=\"626440e\"><style>.stk-626440e hr.stk-block-divider__hr{width:100% !important;}<\/style><hr class=\"stk-block-divider__hr\" \/><\/div>\n\n\n\n<div class=\"wp-block-stackable-heading stk-block-heading stk-block-heading--v2 stk-block stk-d428f5c\" id=\"strong-negociado-de-programas-extraeuropeos-strong\" data-block-id=\"d428f5c\"><style>.stk-d428f5c .stk-block-heading__text{color:#612282 !important;}<\/style><h2 class=\"stk-block-heading__text has-text-color\"><strong>Negociado de Programas Extraeuropeos<\/strong><\/h2><\/div>\n\n\n\n<div class=\"wp-block-stackable-text stk-block-text stk-block stk-c9a5b72\" id=\"strong-contactos-strong\" data-block-id=\"c9a5b72\"><style>.stk-c9a5b72 .stk-block-text__text{color:#612282 !important;}<\/style><p class=\"stk-block-text__text has-text-color\"><span style=\"color: #000000\" class=\"stk-highlight\">Jefe de Negociado de Programas Extraeuropeos: Jos\u00e9 Carlos Barreiro Bahamonde<\/span><br>oriextra@ull.edu.es<br>Tlf. 922 316 502 ext. 6394<br><br><span style=\"color: #000000\" class=\"stk-highlight\">Colaboradora: Alicia Cartaya Est\u00e9vez<\/span><br><span style=\"color: #000000\" class=\"stk-highlight\">Convocatorias extraeuropeas; gesti\u00f3n, control y pago de ayudas y becas<\/span><br><span style=\"color: #000000\" class=\"stk-highlight\">Prestar el apoyo necesario para la ejecuci\u00f3n de las actividades propias de la unidad.<\/span><br>oriextra@ull.edu.es<br>Tlf. 922 845 098<\/p><\/div>\n\n\n\n<div class=\"wp-block-stackable-divider stk-block-divider stk-block stk-9299fbf\" data-block-id=\"9299fbf\"><style>.stk-9299fbf hr.stk-block-divider__hr{width:100% !important;}<\/style><hr class=\"stk-block-divider__hr\" \/><\/div>\n\n\n\n<div class=\"wp-block-stackable-heading stk-block-heading stk-block-heading--v2 stk-block stk-1623dc4\" id=\"strong-asesor-de-cooperacion-strong\" data-block-id=\"1623dc4\"><style>.stk-1623dc4 .stk-block-heading__text{color:#612282 !important;}<\/style><h2 class=\"stk-block-heading__text has-text-color\"><strong>Asesor de Cooperaci\u00f3n<\/strong><\/h2><\/div>\n\n\n\n<div class=\"wp-block-stackable-text stk-block-text stk-block stk-8de15c4\" id=\"strong-contactos-strong\" data-block-id=\"8de15c4\"><style>.stk-8de15c4 .stk-block-text__text{color:#612282 !important;}<\/style><p class=\"stk-block-text__text has-text-color\"><span style=\"color: #000000\" class=\"stk-highlight\">Asesor de Cooperaci\u00f3n: Marcelino Santana Delgado<\/span><br><span style=\"color: #000000\" class=\"stk-highlight\">Tr\u00e1mite de convenios marcos, espec\u00edficos y de movilidad extraeuropeos; tr\u00e1mite de<br>movilidades entrantes extraeuropeas; tr\u00e1mite de autorizaciones de acceso a posgrado con<br>titulaci\u00f3n extraeuropea.<\/span><br>oriconve@ull.es<br>Tlf. 922 319 577<br><br><span style=\"color: #000000\" class=\"stk-highlight\">T\u00e9cnico de Proyectos de Cooperaci\u00f3n: Jos\u00e9 Manuel Gonz\u00e1lez-Casanova Camacho<br>Asesor\u00eda en gesti\u00f3n de proyectos de cooperaci\u00f3n universitaria al desarrollo.<br>Seguimiento de convocatorias. Relaci\u00f3n con instituciones y socios locales.<\/span><br>jmgonzalez@fg.ull.es<\/p><\/div>\n<\/div><\/div><\/div>\n<\/div><\/div>\n<\/div><\/div><\/div>\n<\/div><\/div>\n","protected":false},"excerpt":{"rendered":"<p>Contactos Oficina de Relaciones Internacionales Jefa de Secci\u00f3n de Internacionalizaci\u00f3n: Elisabeth Garc\u00eda NavarroDirecci\u00f3n y coordinaci\u00f3n de la oficinaorisocra@ull.esTlf. 922 319 457 Negociado de Programas Europeos Jefatura de Negociado de Programas Europeos: Sonia M. de Le\u00f3n PlasenciaTlf. 922 319 526 Colaboradora: Laura Lodeiro SantiagoTlf. 922 319 528Colaborador: Ra\u00fal D\u00e1vila FeblesTlf. 922 316 502 (Ext. 6949) Direcciones&#8230;<\/p>\n","protected":false},"author":2,"featured_media":0,"parent":0,"menu_order":0,"comment_status":"closed","ping_status":"closed","template":"templates\/template-frontpage.php","meta":{"footnotes":""},"class_list":["post-251","page","type-page","status-publish","hentry"],"_links":{"self":[{"href":"https:\/\/www.ull.es\/internacional\/wp-json\/wp\/v2\/pages\/251","targetHints":{"allow":["GET"]}}],"collection":[{"href":"https:\/\/www.ull.es\/internacional\/wp-json\/wp\/v2\/pages"}],"about":[{"href":"https:\/\/www.ull.es\/internacional\/wp-json\/wp\/v2\/types\/page"}],"author":[{"embeddable":true,"href":"https:\/\/www.ull.es\/internacional\/wp-json\/wp\/v2\/users\/2"}],"replies":[{"embeddable":true,"href":"https:\/\/www.ull.es\/internacional\/wp-json\/wp\/v2\/comments?post=251"}],"version-history":[{"count":48,"href":"https:\/\/www.ull.es\/internacional\/wp-json\/wp\/v2\/pages\/251\/revisions"}],"predecessor-version":[{"id":3612,"href":"https:\/\/www.ull.es\/internacional\/wp-json\/wp\/v2\/pages\/251\/revisions\/3612"}],"wp:attachment":[{"href":"https:\/\/www.ull.es\/internacional\/wp-json\/wp\/v2\/media?parent=251"}],"curies":[{"name":"wp","href":"https:\/\/api.w.org\/{rel}","templated":true}]}}