{"id":321,"date":"2021-08-02T09:06:02","date_gmt":"2021-08-02T09:06:02","guid":{"rendered":"https:\/\/www.ull.es\/internacional-nuevo\/?page_id=321"},"modified":"2021-08-02T09:06:02","modified_gmt":"2021-08-02T09:06:02","slug":"becas-icex-de-internacionalizacion","status":"publish","type":"page","link":"https:\/\/www.ull.es\/internacional\/becas-icex-de-internacionalizacion\/","title":{"rendered":"Becas ICEX de Internacionalizaci\u00f3n"},"content":{"rendered":"<p>[vc_row][vc_column css_animation=\u00bbzoomIn\u00bb][vc_empty_space height=\u00bb20px\u00bb][vc_row_inner el_class=\u00bbcursos\u00bb][vc_column_inner css=\u00bb.vc_custom_1622809617681{padding-top: 40px !important;padding-bottom: 40px !important;}\u00bb][vc_column_text]<\/p>\n<h1 style=\"text-align: left;color: #ffffff\">Becas ICEX de Internacionalizaci\u00f3n<\/h1>\n<p>[\/vc_column_text][\/vc_column_inner][\/vc_row_inner][vc_empty_space height=\u00bb20px\u00bb][\/vc_column][\/vc_row][vc_row][vc_column][vc_column_text]<a href=\"https:\/\/www.icex.es\/icex\/es\/navegacion-principal\/todos-nuestros-servicios\/formacion\/becas\/nuestras-becas\/becas-activas\/BEC2019815337.html\" target=\"_blank\" rel=\"noopener\" target=\"_blank\" rel=\"noopener\">Convocatoria para el curso 2021-2022:<\/a>\u00a0Plazo cerrado<\/p>\n<p>Las Becas de Internacionalizaci\u00f3n Empresarial de ICEX tienen como finalidad la formaci\u00f3n de j\u00f3venes profesionales especializados en internacionalizaci\u00f3n empresarial, m\u00e1s concretamente, en ayudar a las empresas espa\u00f1olas a implantarse en el extranjero, aumentar sus exportaciones, atraer inversiones extranjeras y proyectar adecuadamente la imagen de Espa\u00f1a y de sus empresas en el exterior. La finalidad \u00faltima ser\u00e1 la de la inserci\u00f3n laboral de los becarios.[\/vc_column_text][\/vc_column][\/vc_row]<\/p>\n","protected":false},"excerpt":{"rendered":"<p>[vc_row][vc_column css_animation=\u00bbzoomIn\u00bb][vc_empty_space height=\u00bb20px\u00bb][vc_row_inner el_class=\u00bbcursos\u00bb][vc_column_inner css=\u00bb.vc_custom_1622809617681{padding-top: 40px !important;padding-bottom: 40px !important;}\u00bb][vc_column_text] Becas ICEX de Internacionalizaci\u00f3n [\/vc_column_text][\/vc_column_inner][\/vc_row_inner][vc_empty_space height=\u00bb20px\u00bb][\/vc_column][\/vc_row][vc_row][vc_column][vc_column_text]Convocatoria para el curso 2021-2022:\u00a0Plazo cerrado Las Becas de Internacionalizaci\u00f3n Empresarial de ICEX tienen como finalidad la formaci\u00f3n de j\u00f3venes profesionales especializados en internacionalizaci\u00f3n empresarial, m\u00e1s concretamente, en ayudar a las empresas espa\u00f1olas a implantarse en el extranjero, aumentar sus exportaciones,&#8230;<\/p>\n","protected":false},"author":2,"featured_media":0,"parent":0,"menu_order":0,"comment_status":"closed","ping_status":"closed","template":"templates\/template-no-title.php","meta":{"footnotes":""},"class_list":["post-321","page","type-page","status-publish","hentry"],"_links":{"self":[{"href":"https:\/\/www.ull.es\/internacional\/wp-json\/wp\/v2\/pages\/321","targetHints":{"allow":["GET"]}}],"collection":[{"href":"https:\/\/www.ull.es\/internacional\/wp-json\/wp\/v2\/pages"}],"about":[{"href":"https:\/\/www.ull.es\/internacional\/wp-json\/wp\/v2\/types\/page"}],"author":[{"embeddable":true,"href":"https:\/\/www.ull.es\/internacional\/wp-json\/wp\/v2\/users\/2"}],"replies":[{"embeddable":true,"href":"https:\/\/www.ull.es\/internacional\/wp-json\/wp\/v2\/comments?post=321"}],"version-history":[{"count":0,"href":"https:\/\/www.ull.es\/internacional\/wp-json\/wp\/v2\/pages\/321\/revisions"}],"wp:attachment":[{"href":"https:\/\/www.ull.es\/internacional\/wp-json\/wp\/v2\/media?parent=321"}],"curies":[{"name":"wp","href":"https:\/\/api.w.org\/{rel}","templated":true}]}}