{"id":482,"date":"2021-09-06T10:44:27","date_gmt":"2021-09-06T10:44:27","guid":{"rendered":"https:\/\/www.ull.es\/internacional-nuevo\/?page_id=482"},"modified":"2023-12-04T11:08:26","modified_gmt":"2023-12-04T11:08:26","slug":"jean-monnet","status":"publish","type":"page","link":"https:\/\/www.ull.es\/internacional\/jean-monnet\/","title":{"rendered":"Jean Monnet"},"content":{"rendered":"<p>[vc_row][vc_column css_animation=\u00bbzoomIn\u00bb][vc_empty_space height=\u00bb20px\u00bb][vc_row_inner el_class=\u00bbcursos\u00bb][vc_column_inner css=\u00bb.vc_custom_1622809617681{padding-top: 40px !important;padding-bottom: 40px !important;}\u00bb][vc_column_text]<\/p>\n<h1 style=\"text-align: left;color: #ffffff\">Proyecto Europeo Jean Monnet \u2013 HAIKU<\/h1>\n<p>[\/vc_column_text][\/vc_column_inner][\/vc_row_inner][vc_empty_space height=\u00bb20px\u00bb][\/vc_column][\/vc_row][vc_row][vc_column][vc_column_text]<span style=\"font-weight: 400\">Las acciones Jean Monnet se enmarcan en el programa Erasmus+ (per\u00edodo 2021-2027) para apoyar la ense\u00f1anza, el aprendizaje, la investigaci\u00f3n y los debates sobre diversos aspectos de la Uni\u00f3n Europea.<\/span><\/p>\n<p><span style=\"font-weight: 400\">El proyecto HAIKU fue propuesto desde la ULL y result\u00f3 ser uno de los seleccionados. Este proyecto contar\u00e1 con tres ediciones y un objetivo com\u00fan: fortalecer la identidad europea de la comunidad universitaria, a trav\u00e9s de charlas y talleres tem\u00e1ticos en los que ir descubriendo diversos aspectos sobre la Uni\u00f3n Europea, su historia y su importancia.<\/span>[\/vc_column_text][vc_empty_space height=\u00bb50px\u00bb][vc_column_text]<\/p>\n<h2><span style=\"font-weight: 400\"><b>Segunda edici\u00f3n: \u201c\u00c9rase (otra vez) la UE\u201d<\/b><\/span><\/h2>\n<p><span style=\"font-weight: 400\">El proyecto Jean Monnet Haiku abre su segunda edici\u00f3n con el curso \u00c9rase (otra vez) la UE. Se han apuntado m\u00e1s de 30 personas y un grupo estable de 15 conforman el alumnado que desde finales de marzo hasta el 12 de mayo estar\u00e1 conociendo y trabajando sobre distintos aspectos de la Uni\u00f3n Europea.\u00a0<\/span><\/p>\n<p><span style=\"font-weight: 400\">Este segundo curso lo conforman 6 m\u00f3dulos dirigidos cada uno por un profesorado de alta calidad y que cuenta, como novedad, con la colaboraci\u00f3n inestimable de alumnado de la primera edici\u00f3n. El acto final del curso tendr\u00e1 lugar el 12 de mayo con la presentaci\u00f3n de los proyectos estilo \u00abGot Talent\u00bb donde un jurado compuesto por alumnado de la primera edici\u00f3n valorar\u00e1 los trabajos del alumnado de este a\u00f1o. Los mejores trabajos tendr\u00e1n la posibilidad de ir al viaje a Bruselas que se realizar\u00e1 entre septiembre y octubre de este a\u00f1o y que pondr\u00e1 el broche de oro al proyecto.<\/span>[\/vc_column_text][vc_empty_space height=\u00bb50px\u00bb][\/vc_column][\/vc_row][vc_row][vc_column width=\u00bb1\/3&#8243;][vc_single_image image=\u00bb858&#8243; img_size=\u00bbfull\u00bb][\/vc_column][vc_column width=\u00bb1\/3&#8243;][vc_single_image image=\u00bb852&#8243; img_size=\u00bbfull\u00bb][\/vc_column][vc_column width=\u00bb1\/3&#8243;][vc_single_image image=\u00bb860&#8243; img_size=\u00bbfull\u00bb][\/vc_column][\/vc_row][vc_row][vc_column][vc_empty_space height=\u00bb50px\u00bb][vc_column_text]<\/p>\n<h2><b>Primera edici\u00f3n: <\/b><span style=\"font-weight: 400\">\u201c<\/span><b>\u00c9rase una vez\u2026 la UE<\/b><span style=\"font-weight: 400\">\u201d<\/span><\/h2>\n<p><span style=\"font-weight: 400\">Esta primera edici\u00f3n, narrada a modo de cuento, tuvo su clausura el 3 de diciembre de 2021 y cont\u00f3 con la participaci\u00f3n de m\u00e1s de 30 estudiantes.<\/span>[\/vc_column_text][vc_empty_space height=\u00bb50px\u00bb][vc_raw_html]JTIwJTNDZGl2JTIwc3R5bGUlM0QlMjJ3aWR0aCUzQSUyMDEwMCUyNSUzQiUyMiUzRSUzQ2RpdiUyMHN0eWxlJTNEJTIycG9zaXRpb24lM0ElMjByZWxhdGl2ZSUzQiUyMHBhZGRpbmctYm90dG9tJTNBJTIwNTYuMjUlMjUlM0IlMjBwYWRkaW5nLXRvcCUzQSUyMDAlM0IlMjBoZWlnaHQlM0ElMjAwJTNCJTIyJTNFJTNDaWZyYW1lJTIwZnJhbWVib3JkZXIlM0QlMjIwJTIyJTIwd2lkdGglM0QlMjIxMjAwJTIyJTIwaGVpZ2h0JTNEJTIyNjc1JTIyJTIwc3R5bGUlM0QlMjJwb3NpdGlvbiUzQSUyMGFic29sdXRlJTNCJTIwdG9wJTNBJTIwMCUzQiUyMGxlZnQlM0ElMjAwJTNCJTIwd2lkdGglM0ElMjAxMDAlMjUlM0IlMjBoZWlnaHQlM0ElMjAxMDAlMjUlM0IlMjIlMjBzcmMlM0QlMjJodHRwcyUzQSUyRiUyRnZpZXcuZ2VuaWFsLmx5JTJGNjAzN2Q4ZDM2YmJkMzcwZDkzZThlZjQxJTIyJTIwdHlwZSUzRCUyMnRleHQlMkZodG1sJTIyJTIwYWxsb3dzY3JpcHRhY2Nlc3MlM0QlMjJhbHdheXMlMjIlMjBhbGxvd2Z1bGxzY3JlZW4lM0QlMjJ0cnVlJTIyJTIwc2Nyb2xsaW5nJTNEJTIyeWVzJTIyJTIwYWxsb3duZXR3b3JraW5nJTNEJTIyYWxsJTIyJTNFJTNDJTJGaWZyYW1lJTNFJTIwJTNDJTJGZGl2JTNFJTIwJTNDJTJGZGl2JTNFJTBB[\/vc_raw_html][vc_empty_space height=\u00bb50px\u00bb][vc_column_text]<\/p>\n<h2>Actividades realizadas<\/h2>\n<p>[\/vc_column_text][vc_tta_accordion active_section=\u00bb0&#8243; collapsible_all=\u00bbtrue\u00bb][vc_tta_section title=\u00bbM\u00f3dulo 1: Bienvenido Mr. UE.\u00bb tab_id=\u00bb1681379952747-3a1659ea-27fb\u00bb][vc_column_text]<strong>Ponentes<\/strong>: Javier Mendoza Jim\u00e9nez (profesor de Econom\u00eda de la ULL) y Susana Eva Franco Escobar (profesora de Derecho de la ULL).<\/p>\n<p>Este m\u00f3dulo de inicio introdujo al participante en la Uni\u00f3n Europea y la trayectoria de nuestra ciudadan\u00eda hasta llegar a formar parte de ella.[\/vc_column_text][\/vc_tta_section][vc_tta_section title=\u00bbM\u00f3dulo 2: Blade Runner 2030&#8243; tab_id=\u00bb1681379952799-62153cd0-164c\u00bb][vc_column_text]<strong>Ponentes<\/strong>: Javier Mendoza Jim\u00e9nez (profesor de Econom\u00eda de la ULL) y Susana Eva Franco Escobar (profesora de Derecho de la ULL).<\/p>\n<p>Este m\u00f3dulo de inicio introdujo al participante en la Uni\u00f3n Europea y la trayectoria de nuestra ciudadan\u00eda hasta llegar a formar parte de ella.[\/vc_column_text][\/vc_tta_section][vc_tta_section title=\u00bbM\u00f3dulo 3: Ciudadano UE\u00bb tab_id=\u00bb1681379952841-9f0227aa-1ce0&#8243;][vc_column_text]<strong>Ponente<\/strong>: Susana Eva Franco Escobar (Profesora de Derecho de la ULL).<\/p>\n<p>Esta parte del cuento ayud\u00f3 al participante a conocer sus derechos y libertades en el territorio de la UE y a sensibilizarlo en lo que significa ser ciudadano en este mundo globalizado[\/vc_column_text][\/vc_tta_section][vc_tta_section title=\u00bbM\u00f3dulo 4: Matrix\u00bb tab_id=\u00bb1681379952895-d8f9e8d9-6dff\u00bb][vc_column_text]<strong>Ponente<\/strong>: Andr\u00e9s Gonz\u00e1lez Novoa (profesor de Teor\u00eda e Historia de la Educaci\u00f3n).<\/p>\n<p>Como no pod\u00eda ser de otra manera, este m\u00f3dulo trat\u00f3 la influencia de las redes y la capacidad de so\u00f1ar[\/vc_column_text][\/vc_tta_section][vc_tta_section title=\u00bbM\u00f3dulo 5: Un cuento chino\u00bb tab_id=\u00bb1681379952954-8260edd1-3ae2&#8243;][vc_column_text]<strong>Ponente<\/strong>: Ruth Martin\u00f3n Quintero (profesora de Derecho de la ULL).<\/p>\n<p>Un m\u00f3dulo centrado en las migraciones. Se cont\u00f3 con la intervenci\u00f3n de personas migrantes residentes en Tenerife.[\/vc_column_text][\/vc_tta_section][vc_tta_section title=\u00bbM\u00f3dulo 6: Contagio\u00bb tab_id=\u00bb1681379952999-26db5821-bbb7&#8243;][vc_column_text]<strong>Ponente<\/strong>: Sara Darias Curvo (profesora del Departamento de Enfermer\u00eda de la ULL).<\/p>\n<p>No pod\u00edan faltar todas las cuestiones relacionadas con la salud y la manera en la cual la UE las afronta, y este m\u00f3dulo del cuento las abord\u00f3.[\/vc_column_text][\/vc_tta_section][vc_tta_section title=\u00bbM\u00f3dulo 7: El rapto de Europa\u00bb tab_id=\u00bb1681379953035-21af9eaa-98f2&#8243;][vc_column_text]<strong>Ponente<\/strong>: Carmen Ascanio S\u00e1nchez (profesora de Sociolog\u00eda y Antropolog\u00eda de la ULL).<\/p>\n<p>Este m\u00f3dulo buce\u00f3 en la identidad europea y el futuro que nos espera.[\/vc_column_text][\/vc_tta_section][vc_tta_section title=\u00bbBonus: viaje a Bruselas\u00bb tab_id=\u00bb1681379953078-522cf152-4849&#8243;][vc_column_text]\u00a1Todas las personas participantes en el proyecto tendr\u00e1n la oportunidad de conocer la UE desde dentro! Para ello, est\u00e1 programado un viaje a Bruselas y a las instituciones comunitarias para 2022.[\/vc_column_text][\/vc_tta_section][\/vc_tta_accordion][vc_empty_space height=\u00bb50px\u00bb][vc_column_text]Todo este proceso siempre ha estado centrado en el alumnado, que ha participado aprendiendo, aportando y transmitiendo. Por eso, este espectacular proyecto tuvo como broche final una actividad protagonizada por todas las personas part\u00edcipes y titulada: \u201cConstruyendo el futuro de la UE\u201d. Aqu\u00ed puedes ver el v\u00eddeo presentado en el acto de clausura:[\/vc_column_text][vc_video link=\u00bbhttps:\/\/www.youtube.com\/watch?v=c3FkcBpPDHY\u00bb el_width=\u00bb80&#8243;][vc_empty_space][vc_column_text]Y as\u00ed, \u00a1finaliza la primera edici\u00f3n![\/vc_column_text][vc_video link=\u00bbhttps:\/\/www.youtube.com\/watch?v=XQW7Zts5eek\u00bb][vc_empty_space height=\u00bb50px\u00bb][\/vc_column][\/vc_row]<\/p>\n","protected":false},"excerpt":{"rendered":"<p>[vc_row][vc_column css_animation=\u00bbzoomIn\u00bb][vc_empty_space height=\u00bb20px\u00bb][vc_row_inner el_class=\u00bbcursos\u00bb][vc_column_inner css=\u00bb.vc_custom_1622809617681{padding-top: 40px !important;padding-bottom: 40px !important;}\u00bb][vc_column_text] Proyecto Europeo Jean Monnet \u2013 HAIKU [\/vc_column_text][\/vc_column_inner][\/vc_row_inner][vc_empty_space height=\u00bb20px\u00bb][\/vc_column][\/vc_row][vc_row][vc_column][vc_column_text]Las acciones Jean Monnet se enmarcan en el programa Erasmus+ (per\u00edodo 2021-2027) para apoyar la ense\u00f1anza, el aprendizaje, la investigaci\u00f3n y los debates sobre diversos aspectos de la Uni\u00f3n Europea. El proyecto HAIKU fue propuesto desde la ULL y&#8230;<\/p>\n","protected":false},"author":2,"featured_media":0,"parent":0,"menu_order":0,"comment_status":"closed","ping_status":"closed","template":"templates\/template-no-title.php","meta":{"footnotes":""},"class_list":["post-482","page","type-page","status-publish","hentry"],"_links":{"self":[{"href":"https:\/\/www.ull.es\/internacional\/wp-json\/wp\/v2\/pages\/482","targetHints":{"allow":["GET"]}}],"collection":[{"href":"https:\/\/www.ull.es\/internacional\/wp-json\/wp\/v2\/pages"}],"about":[{"href":"https:\/\/www.ull.es\/internacional\/wp-json\/wp\/v2\/types\/page"}],"author":[{"embeddable":true,"href":"https:\/\/www.ull.es\/internacional\/wp-json\/wp\/v2\/users\/2"}],"replies":[{"embeddable":true,"href":"https:\/\/www.ull.es\/internacional\/wp-json\/wp\/v2\/comments?post=482"}],"version-history":[{"count":21,"href":"https:\/\/www.ull.es\/internacional\/wp-json\/wp\/v2\/pages\/482\/revisions"}],"predecessor-version":[{"id":862,"href":"https:\/\/www.ull.es\/internacional\/wp-json\/wp\/v2\/pages\/482\/revisions\/862"}],"wp:attachment":[{"href":"https:\/\/www.ull.es\/internacional\/wp-json\/wp\/v2\/media?parent=482"}],"curies":[{"name":"wp","href":"https:\/\/api.w.org\/{rel}","templated":true}]}}