{"id":488,"date":"2021-09-06T10:55:25","date_gmt":"2021-09-06T10:55:25","guid":{"rendered":"https:\/\/www.ull.es\/internacional-nuevo\/?page_id=488"},"modified":"2024-09-23T09:54:55","modified_gmt":"2024-09-23T09:54:55","slug":"movilidad-bilateral-internacional","status":"publish","type":"page","link":"https:\/\/www.ull.es\/internacional\/movilidad-bilateral-internacional\/","title":{"rendered":"Movilidad Bilateral Internacional"},"content":{"rendered":"<p>[vc_row][vc_column css_animation=\u00bbzoomIn\u00bb][vc_empty_space height=\u00bb20px\u00bb][vc_row_inner el_class=\u00bbcursos\u00bb][vc_column_inner css=\u00bb.vc_custom_1622809617681{padding-top: 40px !important;padding-bottom: 40px !important;}\u00bb][vc_column_text]<\/p>\n<h1 style=\"text-align: left;color: #ffffff\">Movilidades por convenio bilateral<\/h1>\n<p><span style=\"color: #ffffff\">Al margen de su participaci\u00f3n en los programas de movilidad reglados por la UE y diversas organizaciones, la ULL fomenta la firma de acuerdos de movilidad bilateral con aquellas universidades con las que suscribe convenios marcos.<\/span><br \/>\n<span style=\"color: #ffffff\">Las condiciones generales de estas movilidades son id\u00e9nticas (salvo en lo relativo a condiciones econ\u00f3micas) a las de la Erasmus en cuanto a organizaci\u00f3n y reconocimiento acad\u00e9mico, con la salvedad de las condiciones espec\u00edficas que pueda contemplar alguno de los convenios.<br \/>\n<\/span>[\/vc_column_text][\/vc_column_inner][\/vc_row_inner][vc_empty_space height=\u00bb20px\u00bb][\/vc_column][\/vc_row][vc_row][vc_column][vc_column_text]<b>\u00bf<\/b><b>Qui\u00e9n pude solicitarla?<\/b><\/p>\n<ul>\n<li style=\"font-weight: 400\">\n<p style=\"font-weight: 400\">\u00a0\u00danicamente el alumnado de universidades con las que la ULL tenga en vigor un convenio espec\u00edfico de intercambio (<a href=\"https:\/\/drive.google.com\/file\/d\/1IjrxuLZx1isSuQOlnytLdFprNUiI5Rkf\/view\" data-saferedirecturl=\"https:\/\/www.google.com\/url?q=https:\/\/drive.google.com\/file\/d\/1IjrxuLZx1isSuQOlnytLdFprNUiI5Rkf\/view&amp;source=gmail&amp;ust=1727171099678000&amp;usg=AOvVaw3w1RWIHEw2GFeHhmQwSJJ3\" target=\"_blank\" rel=\"noopener\">Listado de convenios bilaterales de movilidad<\/a><u>)<\/u>\u00a0previa postulaci\u00f3n por parte de la Unidad de Intercambio de la universidad de origen.<br \/>\nNo se admitir\u00e1n:<\/p>\n<ul>\n<li style=\"font-weight: 400\">\u00a0Solicitudes de universidades con las que s\u00f3lo haya convenio marco;<\/li>\n<li style=\"font-weight: 400\">Solicitudes presentadas sin postulaci\u00f3n previa de la universidad de origen.<\/li>\n<li style=\"font-weight: 400\">Solicitudes tipo \u201cfreemover\u201d.<\/li>\n<\/ul>\n<\/li>\n<\/ul>\n<p><b>\u00bfC\u00f3mo solicitarla?<\/b><\/p>\n<ul>\n<li style=\"font-weight: 400\">\n<p style=\"font-weight: 400\">\u00a0<b>A trav\u00e9s de la Unidad de Intercambio de la universidad de origen.\u00a0<\/b>Es dicha unidad la que debe presentar las postulaciones o nominaciones. Tras la aprobaci\u00f3n de la postulaci\u00f3n, la Unidad de Intercambio de la ULL se pondr\u00e1 en contacto con el alumnado preaceptado para darle instrucciones sobre la solicitud de admisi\u00f3n.<\/p>\n<\/li>\n<\/ul>\n<p><strong>Coordinadores de movilidad<\/strong><\/p>\n<p style=\"font-weight: 400\">Si, antes de presentar su postulaci\u00f3n, el alumnado quiere consultar alg\u00fan aspecto acad\u00e9mico u organizativo, puede consultar directamente a la Coordinaci\u00f3n de Movilidad del centro de destino Por favor, pinche\u00a0<a href=\"https:\/\/docs.google.com\/spreadsheets\/d\/1TRwvCI_7Y8dskmsH5OHLO1FtSIc47y_LLLiGHdpdxFE\/edit?gid=0#gid=0\" data-saferedirecturl=\"https:\/\/www.google.com\/url?q=https:\/\/docs.google.com\/spreadsheets\/d\/1TRwvCI_7Y8dskmsH5OHLO1FtSIc47y_LLLiGHdpdxFE\/edit?gid%3D0%23gid%3D0&amp;source=gmail&amp;ust=1727171099678000&amp;usg=AOvVaw2FehomKOWizTPwI-qqpyv2\" target=\"_blank\" rel=\"noopener\">aqu\u00ed<\/a>\u00a0para acceder a los datos de contacto de los Coordinadores.<\/p>\n<p><strong>Estudios a los que pueden acceder los alumnos de intercambio bilateral<\/strong><\/p>\n<p style=\"font-weight: 400\">Salvo que el convenio con la universidad\u00a0de origen (<a href=\"https:\/\/drive.google.com\/file\/d\/1IjrxuLZx1isSuQOlnytLdFprNUiI5Rkf\/view\" data-saferedirecturl=\"https:\/\/www.google.com\/url?q=https:\/\/drive.google.com\/file\/d\/1IjrxuLZx1isSuQOlnytLdFprNUiI5Rkf\/view&amp;source=gmail&amp;ust=1727171099678000&amp;usg=AOvVaw3w1RWIHEw2GFeHhmQwSJJ3\" target=\"_blank\" rel=\"noopener\">Listado de convenios bilaterales de movilidad<\/a>)\u00a0indique otra cosa, el alumnado entrante puede acceder a todas las\u00a0<a href=\"https:\/\/www.ull.es\/estudios-docencia\/grados\/\" data-saferedirecturl=\"https:\/\/www.google.com\/url?q=https:\/\/www.ull.es\/estudios-docencia\/grados\/&amp;source=gmail&amp;ust=1727171099678000&amp;usg=AOvVaw3Woh4w09V1CEaCaEDDFtnL\" target=\"_blank\" rel=\"noopener\">titulaciones de Grado<\/a>; en todo caso, la decisi\u00f3n final sobre la admisi\u00f3n est\u00e1 en manos de la Comisi\u00f3n de Movilidad del centro de destino. Puede haber exclusiones o limitaciones de cupo para la realizaci\u00f3n de pr\u00e1cticas, especialmente en las carreras sanitarias.<\/p>\n<p><strong>\u00a0Movilidad de Posgrado<\/strong><\/p>\n<p style=\"font-weight: 400\">El intercambio de Posgrado se gestiona en la\u00a0<a href=\"https:\/\/www.ull.es\/centros\/escuela-doctorado-estudios-posgrado\/\" data-saferedirecturl=\"https:\/\/www.google.com\/url?q=https:\/\/www.ull.es\/centros\/escuela-doctorado-estudios-posgrado\/&amp;source=gmail&amp;ust=1727171099678000&amp;usg=AOvVaw0c5E2w9_k0loTSA7WrlAG2\" target=\"_blank\" rel=\"noopener\">Escuela de Doctorado y Estudios de Posgrado<\/a><\/p>\n<p><strong>Alojamiento universitario<\/strong><\/p>\n<p style=\"font-weight: 400\">El Vicerrectorado de Internacionalizaci\u00f3n y Cooperaci\u00f3n dispone de un n\u00famero limitado de plazas de alojamiento a precios reducidos para el alumnado entrante. Las solicitudes ser\u00e1n atendidas por orden de entrada.<\/p>\n<ul>\n<li style=\"font-weight: 400\"><strong><u>M\u00e1s informaci\u00f3n<\/u><\/strong><\/li>\n<\/ul>\n<p style=\"font-weight: 400\">\u00a0 \u00a0 \u00a0 \u00a0 \u00a0<a href=\"https:\/\/drive.google.com\/file\/d\/1-715l2OAhE7-sIcRxWdSCPsxYn6DUHI6\/view?usp=drive_link\" data-saferedirecturl=\"https:\/\/www.google.com\/url?q=https:\/\/drive.google.com\/file\/d\/1-715l2OAhE7-sIcRxWdSCPsxYn6DUHI6\/view?usp%3Ddrive_link&amp;source=gmail&amp;ust=1727171099678000&amp;usg=AOvVaw20b4LPvm8urCf8PzEv4RkF\" target=\"_blank\" rel=\"noopener\">Archivo FAQ<\/a><\/p>\n<p><b>Informaci\u00f3n de contacto<\/b><\/p>\n<ul>\n<li style=\"font-weight: 400\"><span style=\"font-weight: 400\">\u00a0Calle Viana, 50. Apartado 456. C\u00f3digo postal 38200. San Crist\u00f3bal de La Laguna. S\/C de Tenerife<\/span><\/li>\n<li style=\"font-weight: 400\"><span style=\"font-weight: 400\">\u00a0(+34) 922 31 95 59<\/span><\/li>\n<li style=\"font-weight: 400\"><a href=\"mailto:oriextra@ull.es\" target=\"_blank\" rel=\"noopener\"><span style=\"font-weight: 400\">oriextra@ull.es<\/span><\/a><\/li>\n<li style=\"font-weight: 400\"><b>Puedes realizar tu consulta a trav\u00e9s de correo electr\u00f3nico o por tel\u00e9fono<\/b><\/li>\n<li style=\"font-weight: 400\"><span style=\"font-weight: 400\">Para citas presenciales debes reservar a trav\u00e9s del siguiente\u00a0<\/span><a href=\"http:\/\/citaprevia.ull.es\/index.php?s=vicint\" target=\"_blank\" rel=\"noopener\"><span style=\"font-weight: 400\">enlace<\/span><\/a><\/li>\n<\/ul>\n<p>[\/vc_column_text][vc_empty_space height=\u00bb50px\u00bb][\/vc_column][\/vc_row]<\/p>\n","protected":false},"excerpt":{"rendered":"<p>[vc_row][vc_column css_animation=\u00bbzoomIn\u00bb][vc_empty_space height=\u00bb20px\u00bb][vc_row_inner el_class=\u00bbcursos\u00bb][vc_column_inner css=\u00bb.vc_custom_1622809617681{padding-top: 40px !important;padding-bottom: 40px !important;}\u00bb][vc_column_text] Movilidades por convenio bilateral Al margen de su participaci\u00f3n en los programas de movilidad reglados por la UE y diversas organizaciones, la ULL fomenta la firma de acuerdos de movilidad bilateral con aquellas universidades con las que suscribe convenios marcos. Las condiciones generales de estas movilidades&#8230;<\/p>\n","protected":false},"author":2,"featured_media":0,"parent":0,"menu_order":0,"comment_status":"closed","ping_status":"closed","template":"templates\/template-no-title.php","meta":{"footnotes":""},"class_list":["post-488","page","type-page","status-publish","hentry"],"_links":{"self":[{"href":"https:\/\/www.ull.es\/internacional\/wp-json\/wp\/v2\/pages\/488","targetHints":{"allow":["GET"]}}],"collection":[{"href":"https:\/\/www.ull.es\/internacional\/wp-json\/wp\/v2\/pages"}],"about":[{"href":"https:\/\/www.ull.es\/internacional\/wp-json\/wp\/v2\/types\/page"}],"author":[{"embeddable":true,"href":"https:\/\/www.ull.es\/internacional\/wp-json\/wp\/v2\/users\/2"}],"replies":[{"embeddable":true,"href":"https:\/\/www.ull.es\/internacional\/wp-json\/wp\/v2\/comments?post=488"}],"version-history":[{"count":4,"href":"https:\/\/www.ull.es\/internacional\/wp-json\/wp\/v2\/pages\/488\/revisions"}],"predecessor-version":[{"id":1008,"href":"https:\/\/www.ull.es\/internacional\/wp-json\/wp\/v2\/pages\/488\/revisions\/1008"}],"wp:attachment":[{"href":"https:\/\/www.ull.es\/internacional\/wp-json\/wp\/v2\/media?parent=488"}],"curies":[{"name":"wp","href":"https:\/\/api.w.org\/{rel}","templated":true}]}}