{"id":504,"date":"2021-09-06T11:51:29","date_gmt":"2021-09-06T11:51:29","guid":{"rendered":"https:\/\/www.ull.es\/internacional-nuevo\/?page_id=504"},"modified":"2026-01-13T12:41:54","modified_gmt":"2026-01-13T12:41:54","slug":"programa-de-becas-de-la-fundacion-carolina","status":"publish","type":"page","link":"https:\/\/www.ull.es\/internacional\/programa-de-becas-de-la-fundacion-carolina\/","title":{"rendered":"Programa de becas de la Fundaci\u00f3n Carolina"},"content":{"rendered":"\n<div class=\"wp-block-stackable-columns alignfull stk-block-columns stk--hide-mobile stk-block stk-70f2177\" data-block-id=\"70f2177\"><style>.stk-70f2177 {margin-bottom:0px !important;}<\/style><div class=\"stk-row stk-inner-blocks stk-block-content stk-content-align stk-70f2177-column alignfull\">\n<div class=\"wp-block-stackable-column stk-block-column stk-column stk-block stk-e9631c6\" data-v=\"4\" data-block-id=\"e9631c6\"><div class=\"stk-column-wrapper stk-block-column__content stk-container stk-e9631c6-container stk--no-background stk--no-padding\"><div class=\"stk-block-content stk-inner-blocks stk-e9631c6-inner-blocks\">\n<div class=\"wp-block-stackable-image stk-block-image stk-block stk-7ea61e6\" data-block-id=\"7ea61e6\"><style>.stk-7ea61e6 .stk-img-wrapper{height:635px !important;}.stk-7ea61e6 .stk-img-wrapper img{object-position:46% 34% !important;}<\/style><figure><span class=\"stk-img-wrapper stk-image--shape-stretch\"><img loading=\"lazy\" decoding=\"async\" class=\"stk-img wp-image-2521\" src=\"https:\/\/www.ull.es\/internacional\/wp-content\/uploads\/2025\/09\/BANNER-SUPERIOR-sin-texto-FUNDACIONCAROLINA.jpg\" width=\"1900\" height=\"719\" srcset=\"https:\/\/www.ull.es\/internacional\/wp-content\/uploads\/2025\/09\/BANNER-SUPERIOR-sin-texto-FUNDACIONCAROLINA.jpg 1900w, https:\/\/www.ull.es\/internacional\/wp-content\/uploads\/2025\/09\/BANNER-SUPERIOR-sin-texto-FUNDACIONCAROLINA-300x114.jpg 300w, https:\/\/www.ull.es\/internacional\/wp-content\/uploads\/2025\/09\/BANNER-SUPERIOR-sin-texto-FUNDACIONCAROLINA-1024x388.jpg 1024w, https:\/\/www.ull.es\/internacional\/wp-content\/uploads\/2025\/09\/BANNER-SUPERIOR-sin-texto-FUNDACIONCAROLINA-768x291.jpg 768w, https:\/\/www.ull.es\/internacional\/wp-content\/uploads\/2025\/09\/BANNER-SUPERIOR-sin-texto-FUNDACIONCAROLINA-1536x581.jpg 1536w, https:\/\/www.ull.es\/internacional\/wp-content\/uploads\/2025\/09\/BANNER-SUPERIOR-sin-texto-FUNDACIONCAROLINA-18x7.jpg 18w, https:\/\/www.ull.es\/internacional\/wp-content\/uploads\/2025\/09\/BANNER-SUPERIOR-sin-texto-FUNDACIONCAROLINA-200x76.jpg 200w, https:\/\/www.ull.es\/internacional\/wp-content\/uploads\/2025\/09\/BANNER-SUPERIOR-sin-texto-FUNDACIONCAROLINA-375x142.jpg 375w, https:\/\/www.ull.es\/internacional\/wp-content\/uploads\/2025\/09\/BANNER-SUPERIOR-sin-texto-FUNDACIONCAROLINA-750x284.jpg 750w, https:\/\/www.ull.es\/internacional\/wp-content\/uploads\/2025\/09\/BANNER-SUPERIOR-sin-texto-FUNDACIONCAROLINA-1140x431.jpg 1140w\" sizes=\"auto, (max-width: 1900px) 100vw, 1900px\" \/><\/span><\/figure><\/div>\n\n\n\n<div class=\"wp-block-stackable-heading stk-block-heading stk-block-heading--v2 stk-block stk-8382b35\" id=\"strong-programa-de-becas-de-la-br-fundacion-carolina-strong\" data-block-id=\"8382b35\"><style>.stk-8382b35 {margin-top:-12% !important;margin-bottom:10% !important;margin-left:10% !important;}.stk-8382b35 .stk-block-heading__text{font-size:6.3rem !important;color:#ffffff !important;font-weight:bold !important;font-family:\"Montserrat\", Sans-serif !important;}@media screen and (max-width: 1023px){.stk-8382b35 {margin-top:-35% !important;}.stk-8382b35 .stk-block-heading__text{font-size:6.3rem !important;}}<\/style><h1 class=\"stk-block-heading__text has-text-color\"><strong>Programa de Becas de la <br>Fundaci\u00f3n Carolina<\/strong><\/h1><\/div>\n<\/div><\/div><\/div>\n<\/div><\/div>\n\n\n\n<div class=\"wp-block-stackable-columns alignfull stk-block-columns stk--hide-desktop stk--hide-tablet stk-block stk-0b317c3\" data-block-id=\"0b317c3\"><style>.stk-0b317c3 {margin-top:-30px !important;}@media screen and (max-width: 767px){.stk-0b317c3 {margin-bottom:30px !important;}}<\/style><div class=\"stk-row stk-inner-blocks stk-block-content stk-content-align stk-0b317c3-column alignfull\">\n<div class=\"wp-block-stackable-column stk-block-column stk-column stk-block stk-563b839\" data-v=\"4\" data-block-id=\"563b839\"><div class=\"stk-column-wrapper stk-block-column__content stk-container stk-563b839-container stk--no-background stk--no-padding\"><div class=\"stk-block-content stk-inner-blocks stk-563b839-inner-blocks\">\n<div class=\"wp-block-stackable-image stk-block-image stk-block stk-c035edd\" data-block-id=\"c035edd\"><style>.stk-c035edd .stk-img-wrapper{width:100% !important;}<\/style><figure><span class=\"stk-img-wrapper stk-image--shape-stretch\"><img loading=\"lazy\" decoding=\"async\" class=\"stk-img wp-image-2064\" src=\"https:\/\/www.ull.es\/internacional\/wp-content\/uploads\/2025\/09\/BANNER-MOVIL-copia-3.jpg\" width=\"1575\" height=\"1969\" srcset=\"https:\/\/www.ull.es\/internacional\/wp-content\/uploads\/2025\/09\/BANNER-MOVIL-copia-3.jpg 1575w, https:\/\/www.ull.es\/internacional\/wp-content\/uploads\/2025\/09\/BANNER-MOVIL-copia-3-240x300.jpg 240w, https:\/\/www.ull.es\/internacional\/wp-content\/uploads\/2025\/09\/BANNER-MOVIL-copia-3-819x1024.jpg 819w, https:\/\/www.ull.es\/internacional\/wp-content\/uploads\/2025\/09\/BANNER-MOVIL-copia-3-768x960.jpg 768w, https:\/\/www.ull.es\/internacional\/wp-content\/uploads\/2025\/09\/BANNER-MOVIL-copia-3-1229x1536.jpg 1229w, https:\/\/www.ull.es\/internacional\/wp-content\/uploads\/2025\/09\/BANNER-MOVIL-copia-3-10x12.jpg 10w, https:\/\/www.ull.es\/internacional\/wp-content\/uploads\/2025\/09\/BANNER-MOVIL-copia-3-200x250.jpg 200w, https:\/\/www.ull.es\/internacional\/wp-content\/uploads\/2025\/09\/BANNER-MOVIL-copia-3-375x469.jpg 375w, https:\/\/www.ull.es\/internacional\/wp-content\/uploads\/2025\/09\/BANNER-MOVIL-copia-3-750x938.jpg 750w, https:\/\/www.ull.es\/internacional\/wp-content\/uploads\/2025\/09\/BANNER-MOVIL-copia-3-1140x1425.jpg 1140w\" sizes=\"auto, (max-width: 1575px) 100vw, 1575px\" \/><\/span><\/figure><\/div>\n<\/div><\/div><\/div>\n<\/div><\/div>\n\n\n\n<div class=\"wp-block-stackable-columns stk-block-columns stk-block stk-9bf4fbd\" data-block-id=\"9bf4fbd\"><style>.stk-9bf4fbd {margin-top:-100px !important;}@media screen and (max-width: 1023px){.stk-9bf4fbd {margin-top:0px !important;}}<\/style><div class=\"stk-row stk-inner-blocks stk-block-content stk-content-align stk-9bf4fbd-column\">\n<div class=\"wp-block-stackable-column stk-block-column stk-column stk-block stk-993df7c\" data-v=\"4\" data-block-id=\"993df7c\"><div class=\"stk-column-wrapper stk-block-column__content stk-container stk-993df7c-container stk--no-background stk--no-padding\"><div class=\"stk-block-content stk-inner-blocks stk-993df7c-inner-blocks\">\n<div class=\"wp-block-stackable-image stk-block-image stk-block stk-da7c04a\" data-block-id=\"da7c04a\"><style>.stk-da7c04a .stk-img-wrapper{width:25% !important;}@media screen and (max-width: 767px){.stk-da7c04a .stk-img-wrapper{width:50% !important;}}<\/style><figure><span class=\"stk-img-wrapper stk-image--shape-stretch\"><img loading=\"lazy\" decoding=\"async\" class=\"stk-img wp-image-2063\" src=\"https:\/\/www.ull.es\/internacional\/wp-content\/uploads\/2025\/09\/LOGO-CAROLINA.png\" width=\"636\" height=\"516\" srcset=\"https:\/\/www.ull.es\/internacional\/wp-content\/uploads\/2025\/09\/LOGO-CAROLINA.png 636w, https:\/\/www.ull.es\/internacional\/wp-content\/uploads\/2025\/09\/LOGO-CAROLINA-300x243.png 300w, https:\/\/www.ull.es\/internacional\/wp-content\/uploads\/2025\/09\/LOGO-CAROLINA-15x12.png 15w, https:\/\/www.ull.es\/internacional\/wp-content\/uploads\/2025\/09\/LOGO-CAROLINA-200x162.png 200w, https:\/\/www.ull.es\/internacional\/wp-content\/uploads\/2025\/09\/LOGO-CAROLINA-375x304.png 375w\" sizes=\"auto, (max-width: 636px) 100vw, 636px\" \/><\/span><\/figure><\/div>\n<\/div><\/div><\/div>\n<\/div><\/div>\n\n\n\n<div class=\"wp-block-stackable-columns aligncenter stk-block-columns stk-block stk-775c31c\" data-block-id=\"775c31c\"><div class=\"stk-row stk-inner-blocks stk-block-content stk-content-align stk-775c31c-column\">\n<div class=\"wp-block-stackable-column stk-block-column stk-column stk-block stk-46cee17\" data-v=\"4\" data-block-id=\"46cee17\"><div class=\"stk-column-wrapper stk-block-column__content stk-container stk-46cee17-container stk--no-background stk--no-padding\"><div class=\"stk-block-content stk-inner-blocks stk-46cee17-inner-blocks\">\n<div class=\"wp-block-stackable-text stk-block-text stk-block stk-14c9b5a\" data-block-id=\"14c9b5a\"><style>.stk-14c9b5a .stk-block-text__text{color:#612282 !important;}<\/style><p class=\"stk-block-text__text has-text-color\">Pa\u00edses de Am\u00e9rica Latina miembros de la Comunidad Iberoamericana de Naciones y Portugal.<br>La Fundaci\u00f3n Carolina se constituye en el a\u00f1o 2000 como una instituci\u00f3n para la promoci\u00f3n de las relaciones culturales y la cooperaci\u00f3n educativa y cient\u00edfica entre Espa\u00f1a y los pa\u00edses de la Comunidad Iberoamericana de Naciones.<br>Desde el 2013, la Fundaci\u00f3n Carolina firma un acuerdo marco con la Universidad de La Laguna, para convocar becas para la especializaci\u00f3n profesional en Espa\u00f1a, a trav\u00e9s del Programa de Formaci\u00f3n (becas de posgrado) de la Fundaci\u00f3n Carolina.<br>A trav\u00e9s de su Programa de Formaci\u00f3n, la Fundaci\u00f3n Carolina genera capital humano y crea excelencia, contribuyendo decisivamente a la consolidaci\u00f3n de un espacio del conocimiento en Iberoam\u00e9rica y al crecimiento del continente.<\/p><\/div>\n<\/div><\/div><\/div>\n\n\n\n<div class=\"wp-block-stackable-column stk-block-column stk-column stk-block stk-55323d8\" data-v=\"4\" data-block-id=\"55323d8\"><div class=\"stk-column-wrapper stk-block-column__content stk-container stk-55323d8-container stk--no-background stk--no-padding\"><div class=\"stk-block-content stk-inner-blocks stk-55323d8-inner-blocks\">\n<div class=\"wp-block-stackable-text stk-block-text stk-block stk-7a2487c\" data-block-id=\"7a2487c\"><style>.stk-7a2487c .stk-block-text__text{color:#612282 !important;}<\/style><p class=\"stk-block-text__text has-text-color\">En los \u00faltimos a\u00f1os la Fundaci\u00f3n Carolina ha realizado un gran esfuerzo por incrementar la calidad de la oferta formativa de los programas que articulan su convocatoria y por consolidar su liderazgo entre las instituciones culturales que impulsan la mejora de la educaci\u00f3n superior en el continente americano. En este sentido, uno de sus activos m\u00e1s relevantes radica en el fomento a la internacionalizaci\u00f3n de las universidades y centros de formaci\u00f3n espa\u00f1oles.<br>El riguroso proceso de selecci\u00f3n de candidatos pasa por numerosos filtros, inspirados principalmente por el criterio de la excelencia acad\u00e9mica<\/p><\/div>\n<\/div><\/div><\/div>\n<\/div><\/div>\n\n\n\n<div class=\"wp-block-stackable-columns stk-block-columns stk-block stk-805696a\" data-block-id=\"805696a\"><div class=\"stk-row stk-inner-blocks stk-block-content stk-content-align stk-805696a-column\">\n<div class=\"wp-block-stackable-column stk-block-column stk-column stk-block stk-febad00\" data-v=\"4\" data-block-id=\"febad00\"><div class=\"stk-column-wrapper stk-block-column__content stk-container stk-febad00-container stk--no-background stk--no-padding\"><div class=\"stk-block-content stk-inner-blocks stk-febad00-inner-blocks\">\n<div class=\"wp-block-stackable-button-group stk-block-button-group stk-block stk-e25301c\" data-block-id=\"e25301c\"><div class=\"stk-row stk-inner-blocks has-text-align-center stk-block-content stk-button-group\">\n<div class=\"wp-block-stackable-button stk-block-button stk-block stk-6c77360\" data-block-id=\"6c77360\"><style>.stk-6c77360 .stk-button{padding-right:var(--stk--preset--spacing--80, 5.06rem) !important;padding-left:var(--stk--preset--spacing--80, 5.06rem) !important;background:#55267f !important;border-top-left-radius:var(--stk--preset--border-radius--xx-large, 32px) !important;border-top-right-radius:var(--stk--preset--border-radius--xx-large, 32px) !important;border-bottom-right-radius:var(--stk--preset--border-radius--xx-large, 32px) !important;border-bottom-left-radius:var(--stk--preset--border-radius--xx-large, 32px) !important;}<\/style><a class=\"stk-link stk-button stk--hover-effect-darken\" href=\"https:\/\/www.fundacioncarolina.es\/convocatoria-de-becas-2026-2027\/\" target=\"_blank\" rel=\"noopener\"><span class=\"stk-button__inner-text\"><strong>M\u00c1S INFORMACI\u00d3N<\/strong><\/span><\/a><\/div>\n<\/div><\/div>\n<\/div><\/div><\/div>\n<\/div><\/div>\n","protected":false},"excerpt":{"rendered":"<p>Programa de Becas de la Fundaci\u00f3n Carolina Pa\u00edses de Am\u00e9rica Latina miembros de la Comunidad Iberoamericana de Naciones y Portugal.La Fundaci\u00f3n Carolina se constituye en el a\u00f1o 2000 como una instituci\u00f3n para la promoci\u00f3n de las relaciones culturales y la cooperaci\u00f3n educativa y cient\u00edfica entre Espa\u00f1a y los pa\u00edses de la Comunidad Iberoamericana de Naciones.Desde&#8230;<\/p>\n","protected":false},"author":2,"featured_media":0,"parent":0,"menu_order":0,"comment_status":"closed","ping_status":"closed","template":"templates\/template-frontpage.php","meta":{"footnotes":""},"class_list":["post-504","page","type-page","status-publish","hentry"],"_links":{"self":[{"href":"https:\/\/www.ull.es\/internacional\/wp-json\/wp\/v2\/pages\/504","targetHints":{"allow":["GET"]}}],"collection":[{"href":"https:\/\/www.ull.es\/internacional\/wp-json\/wp\/v2\/pages"}],"about":[{"href":"https:\/\/www.ull.es\/internacional\/wp-json\/wp\/v2\/types\/page"}],"author":[{"embeddable":true,"href":"https:\/\/www.ull.es\/internacional\/wp-json\/wp\/v2\/users\/2"}],"replies":[{"embeddable":true,"href":"https:\/\/www.ull.es\/internacional\/wp-json\/wp\/v2\/comments?post=504"}],"version-history":[{"count":26,"href":"https:\/\/www.ull.es\/internacional\/wp-json\/wp\/v2\/pages\/504\/revisions"}],"predecessor-version":[{"id":3500,"href":"https:\/\/www.ull.es\/internacional\/wp-json\/wp\/v2\/pages\/504\/revisions\/3500"}],"wp:attachment":[{"href":"https:\/\/www.ull.es\/internacional\/wp-json\/wp\/v2\/media?parent=504"}],"curies":[{"name":"wp","href":"https:\/\/api.w.org\/{rel}","templated":true}]}}