{"id":520,"date":"2021-09-06T12:04:39","date_gmt":"2021-09-06T12:04:39","guid":{"rendered":"https:\/\/www.ull.es\/internacional-nuevo\/?page_id=516"},"modified":"2024-11-04T12:45:23","modified_gmt":"2024-11-04T12:45:23","slug":"programa-fulbright","status":"publish","type":"page","link":"https:\/\/www.ull.es\/internacional\/programa-fulbright\/","title":{"rendered":"Programa Fulbright"},"content":{"rendered":"<p>[vc_row][vc_column css_animation=\u00bbzoomIn\u00bb][vc_empty_space height=\u00bb20px\u00bb][vc_row_inner el_class=\u00bbcursos\u00bb][vc_column_inner css=\u00bb.vc_custom_1622809617681{padding-top: 40px !important;padding-bottom: 40px !important;}\u00bb][vc_column_text]<\/p>\n<h1 style=\"text-align: left;color: #ffffff\">Programa Fullbright<\/h1>\n<p><span style=\"color: #ffffff\">El programa Fulbright es un prestigioso y competitivo programa de intercambio entre Estados Unidos y m\u00e1s de 160 pa\u00edses, incluido Espa\u00f1a. Las personas participantes, seleccionadas por sus m\u00e9ritos acad\u00e9micos, profesionales y su potencial de liderazgo, tienen la oportunidad de estudiar, ense\u00f1ar o investigar en el pa\u00eds de destino. Para participar se debe consultar la informaci\u00f3n publicada en la web del Programa en Espa\u00f1a, en la secci\u00f3n <a href=\"https:\/\/fulbright.es\/programas-y-becas\/becas-para-espanoles\/\" target=\"_blank\" rel=\"noopener\" target=\"_blank\" rel=\"noopener\">Becas para Espa\u00f1oles<\/a> de la Comisi\u00f3n Fulbright.<\/span>[\/vc_column_text][\/vc_column_inner][\/vc_row_inner][vc_empty_space height=\u00bb20px\u00bb][\/vc_column][\/vc_row][vc_row][vc_column][vc_empty_space][vc_column_text]<\/p>\n<p>[\/vc_column_text][vc_empty_space][vc_column_text]<span style=\"font-weight: 400\">Desde 2017, la Universidad de La Laguna colabora con el\u00a0 <\/span><a href=\"https:\/\/fulbright.es\/\" target=\"_blank\" rel=\"noopener\"><span style=\"font-weight: 400\">Programa Fulbright<\/span><\/a><span style=\"font-weight: 400\"> en dos iniciativas: el &#8216;Programa para expertos estadounidenses en instituciones espa\u00f1olas&#8217;, que facilita estancias de investigaci\u00f3n para <\/span><i><span style=\"font-weight: 400\">Senior Specialists<\/span><\/i><span style=\"font-weight: 400\"> americanos, y el &#8216;Programa de auxiliares de conversaci\u00f3n en lengua inglesa&#8217;, que permite la incorporaci\u00f3n de asistentes estadounidenses para apoyar la internacionalizaci\u00f3n de la comunidad universitaria.<\/span><\/p>\n<p><span style=\"font-weight: 400\">El programa de auxiliares, iniciado en el curso 2020\/21, facilit\u00f3 la realizaci\u00f3n de m\u00e1s de 50 actividades acad\u00e9micas en el aula durante el curso 2023\/24, dirigidas a estudiantes de diversas facultades, lo que represent\u00f3 un incremento del 50% con respecto al curso anterior. Asimismo, se mantuvieron las reuniones semanales de conversaci\u00f3n en ingl\u00e9s abiertas a toda la comunidad universitaria en distintos campus, y se continuaron las tutor\u00edas personalizadas en el <\/span><i><span style=\"font-weight: 400\">writing center<\/span><\/i><span style=\"font-weight: 400\">, con m\u00e1s de 40 citas atendidas, suponiendo tambi\u00e9n un incremento en el servicio a la comunidad.<\/span><\/p>\n<p><span style=\"font-weight: 400\">Durante el curso acad\u00e9mico 2024\/25, continuamos con la oferta de actividades de este programa y el objetivo de llegar a un mayor n\u00famero de personas, contando con las asistentes que te presentamos a continuaci\u00f3n:<\/span>[\/vc_column_text][\/vc_column][\/vc_row][vc_row][vc_column][vc_empty_space][\/vc_column][\/vc_row][vc_row][vc_column][vc_column_text]<\/p>\n<blockquote><p><span style=\"font-weight: 400\">\u00bfQui\u00e9nes somos?<\/span><\/p><\/blockquote>\n<p>[\/vc_column_text][vc_empty_space][vc_column_text]<span style=\"font-weight: 400\">\u00a1Somos tres chicas estadounidenses y estamos deseando serles de ayuda!<\/span><\/p>\n<p><span style=\"font-weight: 400\">Como becarias Fulbright, estaremos en la ULL durante este curso acad\u00e9mico 2024-25 para compartir nuestros conocimientos de la lengua inglesa y la cultura de los Estados Unidos con toda la comunidad universitaria.<\/span>[\/vc_column_text][vc_empty_space][\/vc_column][\/vc_row][vc_row][vc_column width=\u00bb2\/3&#8243;][vc_column_text]<span style=\"font-weight: 400\"><b>Alexis Fintland<\/b>, Cornell University \u2013 Grado en Relaciones Industriales y Laborales con un enfoque en Migraci\u00f3n, Estudios Latino\/a y Derecho. Alexis es de Los \u00c1ngeles, California. Durante los \u00faltimos dos a\u00f1os, trabaj\u00f3 como investigadora de pol\u00edticas en Washington, D.C., enfoc\u00e1ndose en pol\u00edticas de inmigraci\u00f3n. Tambi\u00e9n tiene experiencia trabajando en el Congreso de los Estados Unidos. Le interesa la migraci\u00f3n internacional, el derecho migratorio, las pol\u00edticas y los derechos laborales. Est\u00e1 emocionada por aprender y colaborar con los profesores de la ULL en varios temas.<\/span>[\/vc_column_text][vc_empty_space][\/vc_column][vc_column width=\u00bb1\/3&#8243;][vc_single_image image=\u00bb1077&#8243;][vc_empty_space][\/vc_column][\/vc_row][vc_row][vc_column width=\u00bb1\/3&#8243;][vc_single_image image=\u00bb1071&#8243;][\/vc_column][vc_column width=\u00bb2\/3&#8243;][vc_column_text]<b>Maddy Hull<\/b><span style=\"font-weight: 400\">, Dickinson College \u2013 Grado en antropolog\u00eda y espa\u00f1ol. Maddy tiene experiencia en bioarqueolog\u00eda, evoluci\u00f3n humana, educaci\u00f3n muse\u00edstica, aprendizaje de idiomas extranjeros y ciencias sociales. De 2021 a 2024, fue docente en la Trout Gallery, donde dirigi\u00f3 visitas guiadas para estudiantes de espa\u00f1ol. Durante los \u00faltimos dos veranos, ha apoyado el Proyecto de Investigaci\u00f3n Koobi Fora en investigaci\u00f3n de evoluci\u00f3n humana como asistente de investigaci\u00f3n en la Cuenca de Turkana, Kenia. \u00a1Est\u00e1 emocionada de brindar apoyo ling\u00fc\u00edstico en la ULL este a\u00f1o en las \u00e1reas mencionadas y m\u00e1s all\u00e1!<\/span>[\/vc_column_text][\/vc_column][\/vc_row][vc_row][vc_column][vc_empty_space][\/vc_column][\/vc_row][vc_row][vc_column width=\u00bb2\/3&#8243;][vc_column_text]<b>Chelsea Lebron<\/b><span style=\"font-weight: 400\">, Rutgers University &amp; George Mason University \u2013 B.A. en Ingl\u00e9s y Cine con una especializaci\u00f3n en Artes Visuales y un M.F.A en Escritura Creativa. Chelsea, de Nueva Jersey, es una escritora, profesora y entusiasta de los fantasmas. Fue becaria de viajes del Cheuse Center en 2022, visitando Sudam\u00e9rica para investigar leyendas culturales, y trabaj\u00f3 como coordinadora de Escritores Encarcelados en la revista <\/span><i><span style=\"font-weight: 400\">Phoebe<\/span><\/i><span style=\"font-weight: 400\">, brindando retroalimentaci\u00f3n de escritura a personas afectadas por el sistema penitenciario. Chelsea est\u00e1 interesada en la literatura inglesa, la composici\u00f3n, la escritura creativa y la ficci\u00f3n de g\u00e9nero, el folklore, las artes y la cultura, y en solicitar oportunidades en campos creativos. Espera con entusiasmo trabajar con los profesores de la ULL y aportar su toque personal a temas en todos los departamentos.<\/span>[\/vc_column_text][\/vc_column][vc_column width=\u00bb1\/3&#8243;][vc_single_image image=\u00bb1070&#8243;][\/vc_column][\/vc_row][vc_row][vc_column][vc_empty_space][\/vc_column][\/vc_row][vc_row][vc_column][vc_column_text]<\/p>\n<blockquote><p><span style=\"font-weight: 400\">\u00bfQu\u00e9 ofrecemos?<\/span><\/p><\/blockquote>\n<p>[\/vc_column_text][\/vc_column][\/vc_row][vc_row][vc_column][vc_empty_space][vc_column_text]<\/p>\n<ul>\n<li style=\"font-weight: 400\"><b>Charlas en ingl\u00e9s<\/b><span style=\"font-weight: 400\">: \u00bfQuieres a\u00f1adir una perspectiva estadounidense a la asignatura que est\u00e1s impartiendo? Podemos visitar las aulas para dar charlas en clase sobre diversas tem\u00e1ticas a convenir. Esta actividad se oferta a todo el profesorado de la ULL.<br \/>\n<\/span><\/li>\n<\/ul>\n<ul>\n<li style=\"font-weight: 400\"><b>Grupos de conversaci\u00f3n en ingl\u00e9s <\/b>para practicar el idioma en un ambiente relajado, con nativas americanas: Las reuniones tienen lugar en caf\u00e9s, aulas, despachos, etc., para adaptarse a la conveniencia de los asistentes. \u00bfAlguna sugerencia en cuanto a los temas a tratar? \u00a1Cont\u00e1ctanos! Rellena\u00a0<a href=\"https:\/\/docs.google.com\/forms\/d\/e\/1FAIpQLSf0nTnQcVt_f4ytkCwvhjHvxMfpYkeng6dTTQ_63c_dOHz7PQ\/viewform?usp=pp_url\" target=\"_blank\" rel=\"noopener\" data-saferedirecturl=\"https:\/\/www.google.com\/url?q=https:\/\/docs.google.com\/forms\/d\/e\/1FAIpQLSf0nTnQcVt_f4ytkCwvhjHvxMfpYkeng6dTTQ_63c_dOHz7PQ\/viewform?usp%3Dpp_url&amp;source=gmail&amp;ust=1728728663541000&amp;usg=AOvVaw1L4Bftnp2Cg87VzALHzlYl\" target=\"_blank\" rel=\"noopener\">este formulario<\/a>\u00a0para hacernos llegar tus preferencias horarias. Esta actividad est\u00e1 abierta a toda la comunidad de ULL (alumnado de grado, doctorado y m\u00e1ster, PDI y PAS de la ULL).<\/li>\n<li style=\"font-weight: 400\"><b>Tutor\u00edas de escritura en el Writing Center<\/b><span style=\"font-weight: 400\">: Ofrecemos apoyo a los estudiantes para la redacci\u00f3n de ensayos, solicitudes de becas, preparaci\u00f3n de CV, y cualquier cosa que tengas que presentar en ingl\u00e9s. Tambi\u00e9n podemos ayudarte a preparar tus exposiciones orales en ingl\u00e9s. Las tutor\u00edas van dirigidas a todo el estudiantado (grado, doctorado y m\u00e1ster).<\/span><\/li>\n<\/ul>\n<p>[\/vc_column_text][\/vc_column][\/vc_row][vc_row][vc_column][vc_empty_space][\/vc_column][\/vc_row][vc_row][vc_column][vc_column_text]<\/p>\n<blockquote><p><span style=\"font-weight: 400\">Contacto<\/span><\/p><\/blockquote>\n<p>[\/vc_column_text][vc_empty_space][vc_column_text]Para m\u00e1s informaci\u00f3n, reservar una cita en el \u2018Writing Center\u2019 o consultar el calendario de las \u2018Conversation Hours\u2019 en este <a href=\"https:\/\/linktr.ee\/ULLFulbright\" target=\"_blank\" rel=\"noopener\" target=\"_blank\" rel=\"noopener\">enlace<\/a>\u00a0o, si lo prefieres, contacta con nosotras directamente a trav\u00e9s del correo\u00a0<a href=\"mailto:fulbright@ull.es\" target=\"_blank\" rel=\"noopener\" target=\"_blank\" rel=\"noopener\">fulbright@ull.es<\/a>.[\/vc_column_text][\/vc_column][\/vc_row][vc_row][vc_column][vc_empty_space][\/vc_column][\/vc_row][vc_row][vc_column width=\u00bb1\/4&#8243;][vc_single_image image=\u00bb1066&#8243; img_size=\u00bbfull\u00bb][\/vc_column][vc_column width=\u00bb3\/4&#8243;][vc_column_text]Subvencionado por el Excmo. Cabildo Insular de Tenerife, con cofinanciaci\u00f3n del Fondo de Desarrollo de Canarias.[\/vc_column_text][\/vc_column][\/vc_row]<\/p>\n","protected":false},"excerpt":{"rendered":"<p>[vc_row][vc_column css_animation=\u00bbzoomIn\u00bb][vc_empty_space height=\u00bb20px\u00bb][vc_row_inner el_class=\u00bbcursos\u00bb][vc_column_inner css=\u00bb.vc_custom_1622809617681{padding-top: 40px !important;padding-bottom: 40px !important;}\u00bb][vc_column_text] Programa Fullbright El programa Fulbright es un prestigioso y competitivo programa de intercambio entre Estados Unidos y m\u00e1s de 160 pa\u00edses, incluido Espa\u00f1a. Las personas participantes, seleccionadas por sus m\u00e9ritos acad\u00e9micos, profesionales y su potencial de liderazgo, tienen la oportunidad de estudiar, ense\u00f1ar o investigar en&#8230;<\/p>\n","protected":false},"author":2,"featured_media":0,"parent":0,"menu_order":0,"comment_status":"closed","ping_status":"closed","template":"templates\/template-no-title.php","meta":{"footnotes":""},"class_list":["post-520","page","type-page","status-publish","hentry"],"_links":{"self":[{"href":"https:\/\/www.ull.es\/internacional\/wp-json\/wp\/v2\/pages\/520","targetHints":{"allow":["GET"]}}],"collection":[{"href":"https:\/\/www.ull.es\/internacional\/wp-json\/wp\/v2\/pages"}],"about":[{"href":"https:\/\/www.ull.es\/internacional\/wp-json\/wp\/v2\/types\/page"}],"author":[{"embeddable":true,"href":"https:\/\/www.ull.es\/internacional\/wp-json\/wp\/v2\/users\/2"}],"replies":[{"embeddable":true,"href":"https:\/\/www.ull.es\/internacional\/wp-json\/wp\/v2\/comments?post=520"}],"version-history":[{"count":10,"href":"https:\/\/www.ull.es\/internacional\/wp-json\/wp\/v2\/pages\/520\/revisions"}],"predecessor-version":[{"id":1107,"href":"https:\/\/www.ull.es\/internacional\/wp-json\/wp\/v2\/pages\/520\/revisions\/1107"}],"wp:attachment":[{"href":"https:\/\/www.ull.es\/internacional\/wp-json\/wp\/v2\/media?parent=520"}],"curies":[{"name":"wp","href":"https:\/\/api.w.org\/{rel}","templated":true}]}}