{"id":531,"date":"2021-09-06T12:15:44","date_gmt":"2021-09-06T12:15:44","guid":{"rendered":"https:\/\/www.ull.es\/internacional-nuevo\/?page_id=531"},"modified":"2021-09-06T12:15:44","modified_gmt":"2021-09-06T12:15:44","slug":"programa-internacional-de-mentoria-eeuu-europa-international-mentor-program-imp-usa-europe","status":"publish","type":"page","link":"https:\/\/www.ull.es\/internacional\/programa-internacional-de-mentoria-eeuu-europa-international-mentor-program-imp-usa-europe\/","title":{"rendered":"Programa Internacional de Mentor\u00eda EEUU-Europa, International Mentor Program (IMP) USA-Europe"},"content":{"rendered":"<p>[vc_row][vc_column css_animation=\u00bbzoomIn\u00bb][vc_empty_space height=\u00bb20px\u00bb][vc_row_inner el_class=\u00bbcursos\u00bb][vc_column_inner css=\u00bb.vc_custom_1622809617681{padding-top: 40px !important;padding-bottom: 40px !important;}\u00bb][vc_column_text]<\/p>\n<h1 style=\"text-align: left;color: #ffffff\">Programa Internacional de Mentor\u00eda EEUU-Europa, International Mentor Program (IMP) USA-Europe<\/h1>\n<p>[\/vc_column_text][\/vc_column_inner][\/vc_row_inner][vc_empty_space height=\u00bb20px\u00bb][\/vc_column][\/vc_row][vc_row][vc_column width=\u00bb2\/3&#8243;][vc_empty_space][vc_column_text]<\/p>\n<h3>Descripci\u00f3n<\/h3>\n<p>El Programa Internacional de Mentor\u00eda o International Mentor Program (IMP) USA-Europe es una iniciativa de la Fundaci\u00f3n Internacional IMFAHE (International Mentoring Foundation for the Advancement of Higher Education), con sede en Massachussets, USA.<\/p>\n<p>Para el presente curso acad\u00e9mico 2017\/2018, 20 alumnos de m\u00e1steres oficiales y de doctorado de la ULL, en concreto 10 alumnos por cada una de las dos especialidades ofertadas (Biomedicina e Ingenier\u00eda), ser\u00e1n seleccionados para recibir una mentorizaci\u00f3n personalizada por parte de cient\u00edficos y profesionales con experiencia internacional mediante videoconferencias en espa\u00f1ol y\/o ingl\u00e9s. La ULL tendr\u00e1 asignados 5 mentores por especialidad.<\/p>\n<h3>Informaci\u00f3n<\/h3>\n<ul>\n<li><a href=\"https:\/\/www.ull.es\/portal\/convocatorias\/convocatoria\/programa-mentoria-internacional-imp-usa-europe-2017-2018\/\" target=\"_blank\" rel=\"noopener\">Convocatoria 2017\/2018<\/a><\/li>\n<\/ul>\n<h3>Enlaces de Inter\u00e9s<\/h3>\n<ul>\n<li><a href=\"https:\/\/youtu.be\/LuxDyPdgTQM\" target=\"_blank\" rel=\"noopener\">V\u00eddeo sobre el IMP<\/a><\/li>\n<li><a href=\"http:\/\/www.imfahe.org\/\" target=\"_blank\" rel=\"noopener\">IMFAHE<\/a><\/li>\n<li>\u00abScience &amp; Rigor: Innovation stems from networks and bridges that unite different strands of knowledge, experiences and values\u00bb: v\u00eddeos de los webinar sobre las claves para la\u00a0<a href=\"https:\/\/www.youtube.com\/watch?v=6bbmU8JWTVg\" target=\"_blank\" rel=\"noopener\">innovaci\u00f3n en ciencia y tecnolog\u00eda<\/a>\u00a0y para\u00a0<a href=\"https:\/\/www.youtube.com\/watch?v=Ea8OJIeYEHA\" target=\"_blank\" rel=\"noopener\">publicar un art\u00edculo cient\u00edfico en revistas prestigiosas<\/a>.<\/li>\n<\/ul>\n<p>[\/vc_column_text][vc_empty_space][vc_column_text]<a class=\"btn-destacado\" href=\"https:\/\/www.ull.es\/portal\/convocatorias\/convocatoria\/programa-mentoria-internacional-imp-usa-europe-2017-2018\/\" target=\"_blank\" rel=\"noopener\" target=\"_blank\" rel=\"noopener\">Convocatoria del curso 2017-2018<i class=\"fa fa-arrow-right\"><\/i><\/a>[\/vc_column_text][vc_empty_space][\/vc_column][vc_column width=\u00bb1\/3&#8243;][vc_column_text]<\/p>\n<div id=\"sidebar\">\n<div class=\"col-md-4 ull-sidebar\">\n<nav id=\"desktop-relative\" role=\"navigation\" aria-label=\"relative\">\n<ul class=\"ull-sidebar-menu first-level\">\n<li class=\"pagenav\"><a class=\"homelink\" title=\"Home\" href=\"https:\/\/www.ull.es\/internacional-nuevo\" target=\"_blank\" rel=\"noopener\" target=\"_blank\" rel=\"noopener\">Home<\/a>\n<ul>\n<li class=\"page_item page-item-541 page_item_has_children current_page_ancestor current_page_parent child-page-existance-tester\"><a href=\"https:\/\/www.ull.es\/internacional-nuevo\/estudiantes\/\" target=\"_blank\" rel=\"noopener\" target=\"_blank\" rel=\"noopener\">Estudiantes<\/a>\n<ul class=\"children\">\n<li class=\"page_item page-item-992 child-page-existance-tester\"><a href=\"https:\/\/www.ull.es\/internacional-nuevo\/programa-de-becas-learn-africa\/\" target=\"_blank\" rel=\"noopener\" target=\"_blank\" rel=\"noopener\">Programa de Becas \u00abLearn Africa\u00bb<\/a><\/li>\n<li class=\"page_item page-item-988 child-page-existance-tester\"><a href=\"https:\/\/www.ull.es\/internacional-nuevo\/programa-de-becas-de-la-fundacion-carolina\/\" target=\"_blank\" rel=\"noopener\" target=\"_blank\" rel=\"noopener\">Programa de becas de la Fundaci\u00f3n Carolina<\/a><\/li>\n<li class=\"page_item page-item-988 child-page-existance-tester\"><a href=\"https:\/\/www.ull.es\/internacional-nuevo\/programa-fostering-grads\/\" target=\"_blank\" rel=\"noopener\" target=\"_blank\" rel=\"noopener\">Programa Fostering Grads<\/a><\/li>\n<li class=\"page_item page-item-582 child-page-existance-tester\"><a href=\"https:\/\/www.ull.es\/internacional-nuevo\/programa-fulbright\/\" target=\"_blank\" rel=\"noopener\" target=\"_blank\" rel=\"noopener\">Programa Fulbright<\/a><\/li>\n<li class=\"page_item page-item-583 child-page-existance-tester\"><a href=\"https:\/\/www.ull.es\/internacional-nuevo\/programa-fulbright-internacionales\" target=\"_blank\" rel=\"noopener\" target=\"_blank\" rel=\"noopener\">Programa Fulbright \u2013 Internacionales<\/a><\/li>\n<li class=\"page_item page-item-629 current_page_item\"><a href=\"https:\/\/www.ull.es\/internacional-nuevo\/programa-internacional-de-mentoria-eeuu-europa-international-mentor-program-imp-usa-europe\/\" target=\"_blank\" rel=\"noopener\" target=\"_blank\" rel=\"noopener\">Programa Internacional de Mentor\u00eda EEUU-Europa<\/a><\/li>\n<\/ul>\n<\/li>\n<\/ul>\n<\/li>\n<\/ul>\n<\/nav>\n<\/div>\n<\/div>\n<p>[\/vc_column_text][\/vc_column][\/vc_row]<\/p>\n","protected":false},"excerpt":{"rendered":"<p>[vc_row][vc_column css_animation=\u00bbzoomIn\u00bb][vc_empty_space height=\u00bb20px\u00bb][vc_row_inner el_class=\u00bbcursos\u00bb][vc_column_inner css=\u00bb.vc_custom_1622809617681{padding-top: 40px !important;padding-bottom: 40px !important;}\u00bb][vc_column_text] Programa Internacional de Mentor\u00eda EEUU-Europa, International Mentor Program (IMP) USA-Europe [\/vc_column_text][\/vc_column_inner][\/vc_row_inner][vc_empty_space height=\u00bb20px\u00bb][\/vc_column][\/vc_row][vc_row][vc_column width=\u00bb2\/3&#8243;][vc_empty_space][vc_column_text] Descripci\u00f3n El Programa Internacional de Mentor\u00eda o International Mentor Program (IMP) USA-Europe es una iniciativa de la Fundaci\u00f3n Internacional IMFAHE (International Mentoring Foundation for the Advancement of Higher Education), con sede en Massachussets,&#8230;<\/p>\n","protected":false},"author":2,"featured_media":0,"parent":0,"menu_order":0,"comment_status":"closed","ping_status":"closed","template":"templates\/template-no-title.php","meta":{"footnotes":""},"class_list":["post-531","page","type-page","status-publish","hentry"],"_links":{"self":[{"href":"https:\/\/www.ull.es\/internacional\/wp-json\/wp\/v2\/pages\/531","targetHints":{"allow":["GET"]}}],"collection":[{"href":"https:\/\/www.ull.es\/internacional\/wp-json\/wp\/v2\/pages"}],"about":[{"href":"https:\/\/www.ull.es\/internacional\/wp-json\/wp\/v2\/types\/page"}],"author":[{"embeddable":true,"href":"https:\/\/www.ull.es\/internacional\/wp-json\/wp\/v2\/users\/2"}],"replies":[{"embeddable":true,"href":"https:\/\/www.ull.es\/internacional\/wp-json\/wp\/v2\/comments?post=531"}],"version-history":[{"count":0,"href":"https:\/\/www.ull.es\/internacional\/wp-json\/wp\/v2\/pages\/531\/revisions"}],"wp:attachment":[{"href":"https:\/\/www.ull.es\/internacional\/wp-json\/wp\/v2\/media?parent=531"}],"curies":[{"name":"wp","href":"https:\/\/api.w.org\/{rel}","templated":true}]}}