{"id":579,"date":"2021-10-11T11:43:36","date_gmt":"2021-10-11T11:43:36","guid":{"rendered":"https:\/\/www.ull.es\/internacional\/?page_id=579"},"modified":"2021-10-11T11:52:50","modified_gmt":"2021-10-11T11:52:50","slug":"programa-de-actividades","status":"publish","type":"page","link":"https:\/\/www.ull.es\/internacional\/internacionalizacion-del-campus\/programa-de-actividades\/","title":{"rendered":"Programa de actividades"},"content":{"rendered":"<p>[vc_row][vc_column css_animation=\u00bbzoomIn\u00bb][vc_empty_space height=\u00bb20px\u00bb][vc_row_inner el_class=\u00bbcursos\u00bb][vc_column_inner css=\u00bb.vc_custom_1622809617681{padding-top: 40px !important;padding-bottom: 40px !important;}\u00bb][vc_column_text]<\/p>\n<h1 style=\"text-align: left;color: #ffffff\">Programa de actividades<\/h1>\n<p>[\/vc_column_text][\/vc_column_inner][\/vc_row_inner][vc_empty_space height=\u00bb20px\u00bb][vc_empty_space height=\u00bb20px\u00bb][\/vc_column][\/vc_row][vc_row][vc_column][vc_column_text]<b>a. Rutas de senderismo<\/b><span style=\"font-weight: 400\">: actividades para descubrir algunos de los tesoros naturales y culturales de la isla de Tenerife, con gu\u00edas oficiales de turismo y expertos en cultura. D\u00eda: <\/span><b>s\u00e1bados<\/b><span style=\"font-weight: 400\">. Duraci\u00f3n: <\/span><b>4 \u2013 5 h<\/b><span style=\"font-weight: 400\">.<\/span><\/p>\n<p><b>b. Astronom\u00eda<\/b><span style=\"font-weight: 400\">: interpretaci\u00f3n del cielo nocturno en el Parque Nacional del Teide con un monitor Starlight. Se ense\u00f1ar\u00e1 orientaci\u00f3n y a navegar en el firmamento. D\u00eda: <\/span><b>fin de semana<\/b><span style=\"font-weight: 400\">. Duraci\u00f3n: <\/span><b>5 \u2013 6 h<\/b><span style=\"font-weight: 400\">.<\/span><\/p>\n<p><b>c. Senderismo con inmersi\u00f3n ling\u00fc\u00edstica<\/b><span style=\"font-weight: 400\">: una oportunidad \u00fanica para mejorar idiomas y conocer gente nueva al tiempo que se descubren las maravillas de la isla de Tenerife de la mano de profesionales en la educaci\u00f3n de idiomas. D\u00eda: <\/span><b>jueves<\/b><span style=\"font-weight: 400\">. Duraci\u00f3n: <\/span><b>2 \u2013 3 h<\/b><span style=\"font-weight: 400\">.<\/span><\/p>\n<p><b>d. Actividades de voluntariado ambiental<\/b><span style=\"font-weight: 400\">: acciones de concienciaci\u00f3n para la mejora de diversas zonas y entender el porqu\u00e9 es necesario actuar para conservar nuestro medio. Se realizar\u00e1n por la asociaci\u00f3n medioambiental Desaplat\u00e1nate. <\/span><b>D\u00eda y duraci\u00f3n a concretar<\/b><span style=\"font-weight: 400\">.<\/span><\/p>\n<p><b>e. Actividades de inmersi\u00f3n ling\u00fc\u00edstica gamificada<\/b><span style=\"font-weight: 400\">: actividades, que incluyen el juego y la competici\u00f3n, en algunos de los principales n\u00facleos urbanos. Los participantes tendr\u00e1n que superar una serie de pruebas, que incluyen la utilizaci\u00f3n de recursos ling\u00fc\u00edsticos. Una forma diferente y divertida de practicar idiomas. D\u00eda: <\/span><b>jueves<\/b><span style=\"font-weight: 400\">. Duraci\u00f3n: <\/span><b>1,5 \u2013 2 h<\/b><span style=\"font-weight: 400\">.<\/span><\/p>\n<p><b>f. Rutas etnogastron\u00f3micas<\/b><span style=\"font-weight: 400\">: hechas para descubrir el patrimonio cultural y gastron\u00f3mico del norte de la isla. Nota: Debido a las limitaciones de aforo en los restaurantes, se plantea realizar esta ruta para un p\u00fablico de 8 personas, que contar\u00e1 con transporte privado, comida y gu\u00eda oficial de turismo. D\u00eda: <\/span><b>domingos<\/b><span style=\"font-weight: 400\">. Duraci\u00f3n: <\/span><b>7<\/b><span style=\"font-weight: 400\"> h.<\/span>[\/vc_column_text][vc_empty_space][\/vc_column][\/vc_row][vc_row][vc_column width=\u00bb1\/3&#8243;][vc_single_image image=\u00bb582&#8243; img_size=\u00bblarge\u00bb onclick=\u00bbimg_link_large\u00bb img_link_target=\u00bb_blank\u00bb][\/vc_column][vc_column width=\u00bb1\/3&#8243;][vc_single_image image=\u00bb581&#8243; img_size=\u00bblarge\u00bb onclick=\u00bbimg_link_large\u00bb img_link_target=\u00bb_blank\u00bb][\/vc_column][vc_column width=\u00bb1\/3&#8243;][\/vc_column][\/vc_row][vc_row][vc_column width=\u00bb1\/2&#8243;][vc_empty_space][vc_empty_space][vc_column_text]<span style=\"font-weight: 400\">Suscr\u00edbete a la lista de difusi\u00f3n para estar al d\u00eda de todas las novedades escaneando el siguiente c\u00f3digo QR:<\/span>[\/vc_column_text][\/vc_column][vc_column width=\u00bb1\/2&#8243;][vc_empty_space height=\u00bb15px\u00bb][vc_empty_space height=\u00bb15px\u00bb][vc_single_image image=\u00bb580&#8243;][\/vc_column][\/vc_row]<\/p>\n","protected":false},"excerpt":{"rendered":"<p>[vc_row][vc_column css_animation=\u00bbzoomIn\u00bb][vc_empty_space height=\u00bb20px\u00bb][vc_row_inner el_class=\u00bbcursos\u00bb][vc_column_inner css=\u00bb.vc_custom_1622809617681{padding-top: 40px !important;padding-bottom: 40px !important;}\u00bb][vc_column_text] Programa de actividades [\/vc_column_text][\/vc_column_inner][\/vc_row_inner][vc_empty_space height=\u00bb20px\u00bb][vc_empty_space height=\u00bb20px\u00bb][\/vc_column][\/vc_row][vc_row][vc_column][vc_column_text]a. Rutas de senderismo: actividades para descubrir algunos de los tesoros naturales y culturales de la isla de Tenerife, con gu\u00edas oficiales de turismo y expertos en cultura. D\u00eda: s\u00e1bados. Duraci\u00f3n: 4 \u2013 5 h. b. Astronom\u00eda: interpretaci\u00f3n del cielo nocturno&#8230;<\/p>\n","protected":false},"author":3,"featured_media":0,"parent":57,"menu_order":0,"comment_status":"closed","ping_status":"closed","template":"","meta":{"footnotes":""},"class_list":["post-579","page","type-page","status-publish","hentry"],"_links":{"self":[{"href":"https:\/\/www.ull.es\/internacional\/wp-json\/wp\/v2\/pages\/579","targetHints":{"allow":["GET"]}}],"collection":[{"href":"https:\/\/www.ull.es\/internacional\/wp-json\/wp\/v2\/pages"}],"about":[{"href":"https:\/\/www.ull.es\/internacional\/wp-json\/wp\/v2\/types\/page"}],"author":[{"embeddable":true,"href":"https:\/\/www.ull.es\/internacional\/wp-json\/wp\/v2\/users\/3"}],"replies":[{"embeddable":true,"href":"https:\/\/www.ull.es\/internacional\/wp-json\/wp\/v2\/comments?post=579"}],"version-history":[{"count":9,"href":"https:\/\/www.ull.es\/internacional\/wp-json\/wp\/v2\/pages\/579\/revisions"}],"predecessor-version":[{"id":584,"href":"https:\/\/www.ull.es\/internacional\/wp-json\/wp\/v2\/pages\/579\/revisions\/584"}],"up":[{"embeddable":true,"href":"https:\/\/www.ull.es\/internacional\/wp-json\/wp\/v2\/pages\/57"}],"wp:attachment":[{"href":"https:\/\/www.ull.es\/internacional\/wp-json\/wp\/v2\/media?parent=579"}],"curies":[{"name":"wp","href":"https:\/\/api.w.org\/{rel}","templated":true}]}}