{"id":2,"date":"2022-09-08T13:16:26","date_gmt":"2022-09-08T13:16:26","guid":{"rendered":"https:\/\/www.ull.es\/investigacion\/accionuniversitariacontralasviolenciasmachistas\/?page_id=2"},"modified":"2024-03-11T12:45:22","modified_gmt":"2024-03-11T12:45:22","slug":"inicio","status":"publish","type":"page","link":"https:\/\/www.ull.es\/investigacion\/generoconciencia\/","title":{"rendered":"Inicio"},"content":{"rendered":"<p>[vc_row full_width=\u00bbstretch_row_content_no_spaces\u00bb][vc_column][rev_slider_vc alias=\u00bbhome\u00bb][\/vc_column][\/vc_row][vc_row][vc_column][vc_empty_space][vc_column_text]<span style=\"font-weight: 400;\">EL proyecto<\/span><b> G\u00e9neroConCiencia: acci\u00f3n universitaria contra las violencias machistas<\/b><span style=\"font-weight: 400;\"> (Investigadores Noveles referencia 2023\/2321: &#8216;Fotovoz: Metodolog\u00eda Participativa y Aprendizaje Experiencial&#8217;) emerge como una respuesta al desaf\u00edo de las violencias de g\u00e9nero dentro del entorno acad\u00e9mico espa\u00f1ol, bajo el auspicio de la Universidad de La Laguna. Esta iniciativa interuniversitaria busca enfrentar la compleja realidad de las violencias de g\u00e9nero mediante la transferencia y adaptaci\u00f3n de las metodolog\u00edas y \u00e9xitos del proyecto<\/span><span style=\"font-weight: 400;\"> internacional <\/span><a href=\"http:\/\/www.innovaciondocentegenero.eu\/photovoice\/es\/el-proyecto\/\" target=\"_blank\" rel=\"noopener\"><span style=\"font-weight: 400;\">PhV_SeGReV <\/span><\/a><span style=\"font-weight: 400;\">\u00a0(Ref. 2020 INDOV 00003) ajust\u00e1ndolos a las particularidades y necesidades de nuestra comunidad educativa.<\/span><\/p>\n<p><span style=\"font-weight: 400;\">La estrategia del proyecto <\/span><b>G\u00e9neroConCiencia<\/b><span style=\"font-weight: 400;\"> se despliega en dos ejes fundamentales, entrelazados para maximizar su impacto. En primer lugar, se concentra en descifrar y comprender las percepciones y actitudes de las y los estudiantes respecto a las violencias de g\u00e9nero a trav\u00e9s de un cuestionario meticulosamente dise\u00f1ados y validados en el contexto de <\/span><a href=\"https:\/\/www.segrevuni.eu\/\" target=\"_blank\" rel=\"noopener\"><span style=\"font-weight: 400;\">SeGReVUni<\/span><\/a><span style=\"font-weight: 400;\">. En paralelo, el proyecto se adentra en el \u00e1mbito pedag\u00f3gico con la implementaci\u00f3n de talleres de Fotonarrativas, evaluando la potencia del Fotovoz como herramienta educativa. Esta metodolog\u00eda se erige como un veh\u00edculo para elevar la conciencia sobre las violencias de g\u00e9nero y para incitar un cambio proactivo en las actitudes y percepciones de las y los estudiantes, fomentando una cultura de respeto, igualdad y seguridad.<\/span><\/p>\n<p><span style=\"font-weight: 400;\">En su conjunto, <\/span><b>G\u00e9neroConCiencia<\/b><span style=\"font-weight: 400;\"> no solo se propone como un mecanismo de intervenci\u00f3n y cambio frente a las violencias de g\u00e9nero en la educaci\u00f3n superior, sino que tambi\u00e9n reafirma el compromiso profundo de la Universidad de La Laguna con la igualdad de g\u00e9nero.<\/span><\/p>\n<p>El proyecto cuenta con el apoyo de la <a href=\"https:\/\/www.ull.es\/servicios\/igualdad\/\" target=\"_blank\" rel=\"noopener\" data-saferedirecturl=\"https:\/\/www.google.com\/url?q=https:\/\/www.ull.es\/servicios\/igualdad\/&amp;source=gmail&amp;ust=1709108709655000&amp;usg=AOvVaw1Mf-CNvv6o2dhqKQQwxBj7\" target=\"_blank\" rel=\"noopener\">Unidad de Igualdad de la ULL\u00a0<\/a>y del Laboratorio de Innovaci\u00f3n Social de la Universidad de La Laguna (<a href=\"https:\/\/fg.ull.es\/innovacion\/labins_ull\/#LabINS_ULL\" target=\"_blank\" rel=\"noopener\" data-saferedirecturl=\"https:\/\/www.google.com\/url?q=https:\/\/fg.ull.es\/innovacion\/labins_ull\/%23LabINS_ULL&amp;source=gmail&amp;ust=1709108709655000&amp;usg=AOvVaw1UBDP7dHQhmWqPCkmPWAT4\" target=\"_blank\" rel=\"noopener\">LabINS ULL<\/a>).[\/vc_column_text][vc_empty_space][\/vc_column][\/vc_row][vc_row css=\u00bb.vc_custom_1708601716364{padding-top: 20px !important;padding-bottom: 50px !important;}\u00bb][vc_column width=\u00bb1\/4&#8243; offset=\u00bbvc_hidden-sm vc_hidden-xs\u00bb][vc_single_image image=\u00bb132&#8243; img_size=\u00bbfull\u00bb][\/vc_column][vc_column width=\u00bb1\/4&#8243; offset=\u00bbvc_hidden-sm vc_hidden-xs\u00bb][vc_single_image image=\u00bb131&#8243; img_size=\u00bbfull\u00bb][\/vc_column][vc_column width=\u00bb1\/4&#8243; offset=\u00bbvc_hidden-sm vc_hidden-xs\u00bb][vc_single_image image=\u00bb130&#8243; img_size=\u00bbfull\u00bb][\/vc_column][vc_column width=\u00bb1\/4&#8243; offset=\u00bbvc_hidden-sm vc_hidden-xs\u00bb][vc_single_image image=\u00bb133&#8243; img_size=\u00bbfull\u00bb][\/vc_column][\/vc_row][vc_row css=\u00bb.vc_custom_1708601716364{padding-top: 20px !important;padding-bottom: 50px !important;}\u00bb][vc_column width=\u00bb1\/4&#8243; offset=\u00bbvc_hidden-lg vc_hidden-md\u00bb][vc_single_image image=\u00bb132&#8243; img_size=\u00bbfull\u00bb alignment=\u00bbcenter\u00bb][vc_column_text]<\/p>\n<h5 style=\"text-align: center;\"><a href=\"https:\/\/www.ub.edu\/gredi\/?lang=es\" target=\"_blank\" rel=\"noopener\" target=\"_blank\" rel=\"noopener\">Grupo de Investigaci\u00f3n en Educaci\u00f3n Intercultural<\/a><\/h5>\n<p>[\/vc_column_text][\/vc_column][vc_column width=\u00bb1\/4&#8243; offset=\u00bbvc_hidden-lg vc_hidden-md\u00bb][vc_single_image image=\u00bb131&#8243; img_size=\u00bbfull\u00bb alignment=\u00bbcenter\u00bb][vc_column_text]<\/p>\n<h5 style=\"text-align: center;\"><a href=\"https:\/\/cespyd.es\/\" target=\"_blank\" rel=\"noopener\" target=\"_blank\" rel=\"noopener\">Centro de Investigaci\u00f3n y Acci\u00f3n Comunitaria de la Universidad de Sevilla<\/a><\/h5>\n<p>[\/vc_column_text][\/vc_column][vc_column width=\u00bb1\/4&#8243; offset=\u00bbvc_hidden-lg vc_hidden-md\u00bb][vc_single_image image=\u00bb130&#8243; img_size=\u00bbfull\u00bb alignment=\u00bbcenter\u00bb][vc_column_text]<\/p>\n<h5 style=\"text-align: center;\"><a href=\"https:\/\/www.urv.cat\/es\/\" target=\"_blank\" rel=\"noopener\" target=\"_blank\" rel=\"noopener\">Universitat Rovira i Virgili<\/a><\/h5>\n<p>[\/vc_column_text][\/vc_column][vc_column width=\u00bb1\/4&#8243; offset=\u00bbvc_hidden-lg vc_hidden-md\u00bb][vc_single_image image=\u00bb133&#8243; img_size=\u00bbfull\u00bb alignment=\u00bbcenter\u00bb][vc_column_text]<\/p>\n<h5 style=\"text-align: center;\"><a href=\"https:\/\/www.us.es\/\" target=\"_blank\" rel=\"noopener\" target=\"_blank\" rel=\"noopener\">Universidad de Sevilla<\/a><\/h5>\n<p>[\/vc_column_text][\/vc_column][\/vc_row][vc_row][vc_column width=\u00bb1\/4&#8243; offset=\u00bbvc_hidden-sm vc_hidden-xs\u00bb][vc_column_text]<\/p>\n<h5 style=\"text-align: left;\"><a href=\"https:\/\/www.ub.edu\/gredi\/?lang=es\" target=\"_blank\" rel=\"noopener\" target=\"_blank\" rel=\"noopener\">Grupo de Investigaci\u00f3n en Educaci\u00f3n Intercultural<\/a><\/h5>\n<p>[\/vc_column_text][\/vc_column][vc_column width=\u00bb1\/4&#8243; offset=\u00bbvc_hidden-sm vc_hidden-xs\u00bb][vc_column_text]<\/p>\n<h5 style=\"text-align: left;\"><a href=\"https:\/\/cespyd.es\/\" target=\"_blank\" rel=\"noopener\" target=\"_blank\" rel=\"noopener\">Centro de Investigaci\u00f3n y Acci\u00f3n Comunitaria de la Universidad de Sevilla<\/a><\/h5>\n<p>[\/vc_column_text][\/vc_column][vc_column width=\u00bb1\/4&#8243; offset=\u00bbvc_hidden-sm vc_hidden-xs\u00bb][vc_column_text]<\/p>\n<h5 style=\"text-align: left;\"><a href=\"https:\/\/www.urv.cat\/es\/\" target=\"_blank\" rel=\"noopener\" target=\"_blank\" rel=\"noopener\">Universitat Rovira i Virgili<\/a><\/h5>\n<p>[\/vc_column_text][\/vc_column][vc_column width=\u00bb1\/4&#8243; offset=\u00bbvc_hidden-sm vc_hidden-xs\u00bb][vc_column_text]<\/p>\n<h5 style=\"text-align: left;\"><a href=\"https:\/\/www.us.es\/\" target=\"_blank\" rel=\"noopener\" target=\"_blank\" rel=\"noopener\">Universidad de Sevilla<\/a><\/h5>\n<p>[\/vc_column_text][\/vc_column][\/vc_row][vc_row][vc_column width=\u00bb1\/3&#8243; offset=\u00bbvc_hidden-lg vc_hidden-md vc_hidden-sm vc_hidden-xs\u00bb][vc_column_text]<style>\n    .news-group .bg-size {\n        background-position: center;\n        background-size: cover;\n        width: 100%;\n        height: 48px;\n    }\n    .news-group .list-group-item-text {\n        font-size: 13px;\n    }\n    .news-group .col-md-3 {\n        padding-right: 0;\n    }\n    .news-group .list-group-item-date {\n        font-size: 11px;\n        color: #A4A4A4;\n        margin-bottom: 2px;\n        text-transform: uppercase;\n    }\n\n    .mensaje.alert-warning{\n        font-size: 12px;\n        margin: 14px !important;\n        padding: 4px 8px;\n        color: #cca60b;\n    }\n<\/style>\n\n<div class=\"panel panel-default\">\n    <div class=\"panel-heading\">\n        <h3 class=\"panel-title\">Noticias<\/h3>\n    <\/div>\n\n    <div class=\"list-group news-group\">\n                    <a href=\"https:\/\/www.ull.es\/portal\/noticias\/2024\/una-investigacion-liderada-por-la-ull-destaca-que-el-silencio-mental-mejora-interconexiones-nerviosas-del-cerebro\/\" class=\"list-group-item\">\n                <div class=\"row\">\n                    <div class=\"col-md-3\">\n                        <div class=\"bg-size\" style=\"background-image: url('https:\/\/www.ull.es\/portal\/noticias\/wp-content\/uploads\/sites\/13\/2024\/04\/cerebro-300x200.jpg');\"><\/div>\n                    <\/div>\n                    <div class=\"col-md-9\">\n                        <p class=\"list-group-item-date\">\n                            03 Apr 2024 - 12:39 UTC                        <\/p>\n                        <p class=\"list-group-item-text\">Una investigaci\u00f3n liderada por la ULL destaca que el silencio mental mejora interconexiones nerviosas del cerebro<\/p>\n                    <\/div>\n                <\/div>\n            <\/a>\n                    <a href=\"https:\/\/www.ull.es\/portal\/noticias\/2022\/tarea-cartografiar-cerebro\/\" class=\"list-group-item\">\n                <div class=\"row\">\n                    <div class=\"col-md-3\">\n                        <div class=\"bg-size\" style=\"background-image: url('https:\/\/www.ull.es\/portal\/noticias\/wp-content\/uploads\/sites\/13\/2022\/06\/Entrev-Jose-Luis-Glez-Mora-01-300x200.jpg');\"><\/div>\n                    <\/div>\n                    <div class=\"col-md-9\">\n                        <p class=\"list-group-item-date\">\n                            22 Jun 2022 - 07:55 UTC                        <\/p>\n                        <p class=\"list-group-item-text\">En la tarea de cartografiar el cerebro<\/p>\n                    <\/div>\n                <\/div>\n            <\/a>\n                    <a href=\"https:\/\/www.ull.es\/portal\/noticias\/2017\/gonzalez-mora-biomedicina-macaronesia\/\" class=\"list-group-item\">\n                <div class=\"row\">\n                    <div class=\"col-md-3\">\n                        <div class=\"bg-size\" style=\"background-image: url('https:\/\/www.ull.es\/portal\/noticias\/wp-content\/uploads\/sites\/13\/2017\/05\/Jose-Luis-Glez-Mora-07-300x200.jpg');\"><\/div>\n                    <\/div>\n                    <div class=\"col-md-9\">\n                        <p class=\"list-group-item-date\">\n                            29 May 2017 - 10:48 UTC                        <\/p>\n                        <p class=\"list-group-item-text\">Tecnolog\u00eda para mejorar la biomedicina en la Macaronesia<\/p>\n                    <\/div>\n                <\/div>\n            <\/a>\n            <\/div>\n    <div class=\"panel-footer\">\n        <a href=\"https:\/\/www.ull.es\/portal\/noticias\/?cat=9303\">M\u00c1S NOTICIAS <i class=\"fa fa-chevron-right\"><\/i><\/a>\n    <\/div>\n\n\n<\/div>[\/vc_column_text][\/vc_column][vc_column width=\u00bb1\/3&#8243; offset=\u00bbvc_hidden-lg vc_hidden-md vc_hidden-sm vc_hidden-xs\u00bb][vc_column_text]\n<style>\n    .events-group .bg-size {\n        background-position: center;\n        background-size: cover;\n        width: 100%;\n        height: 48px;\n    }\n    .events-group .list-group-item-text {\n        font-size: 13px;\n    }\n    .events-group .col-md-3 {\n        padding-right: 0;\n    }\n    .events-group .list-group-item-date {\n        font-size: 11px;\n        color: #A4A4A4;\n        margin-bottom: 2px;\n        text-transform: uppercase;\n    }\n\n    .mensaje.alert-warning{\n        font-size: 12px;\n        margin: 14px !important;\n        padding: 4px 8px;\n        color: #cca60b;\n    }\n\n<\/style>\n\n<div class=\"panel panel-default\">\n    <div class=\"panel-heading\">\n        <h3 class=\"panel-title\">Eventos<\/h3>\n    <\/div>\n\n    <div class=\"list-group events-group\">\n\n        <div class=\"mensaje alert alert-warning\">No hay eventos disponibles.<\/div>\n    <\/div>\n\n\n<\/div>\n[\/vc_column_text][\/vc_column][vc_column css_animation=\u00bbfadeInDown\u00bb width=\u00bb1\/3&#8243; offset=\u00bbvc_hidden-lg vc_hidden-md vc_hidden-sm vc_hidden-xs\u00bb][vc_column_text]<\/p>\n<ul class=\"widget-box\" style=\"margin: 0px !important; padding: 0px !important;\">\n<li class=\"contacto-header\">Informaci\u00f3n de contacto<\/li>\n<li><i class=\"fa fa-map-marker\"><\/i> Calle Santa Mar\u00eda Soledad, s\/n, Facultad de Ciencias de la Salud 38200 San Crist\u00f3bal de La Laguna.<\/li>\n<li><i class=\"fa fa-phone\"><\/i> +34) 922 31 93 63<\/li>\n<li><i class=\"fa fa-envelope\"><\/i><a href=\"Neurolab@ull.edu.es s\" target=\"_blank\" rel=\"noopener\"> Neurolab@ull.edu.es <\/a><\/li>\n<\/ul>\n<p>[\/vc_column_text][vc_column_text]\n    \n<style>\n    .google-maps {\n        position: relative;\n        padding-bottom: 75%;\n        height: 0;\n        overflow: hidden;\n    }\n    .google-maps iframe {\n        position: absolute;\n        top: 0;\n        left: 0;\n        width: 100% !important;\n        height: 100% !important;\n    }\n<\/style>\n\n\n<div class=\"google-maps\">\n    <iframe src=\"https:\/\/www.openstreetmap.org\/export\/embed.html?bbox=-16.30590617411%2C28.46362704426%2C-16.29976236452%2C28.46943926654&amp;layer=mapnik&amp;marker=28.46781%2C-16.30308\" style=\"border: 1px solid black\"><\/iframe>\n<\/div>\n\n<div class=\"btn-widget\">\n    <a href=\"https:\/\/www.openstreetmap.org\/directions?engine=graphhopper_car&from=&to=28.46781%2C-16.30308#map=17\/28.46781\/-16.30308\">C\u00f3mo llegar<\/a>  \n<\/div>\n\n  <\/body>\n<\/html>\n\n[\/vc_column_text][\/vc_column][\/vc_row]<\/p>\n","protected":false},"excerpt":{"rendered":"<p>[vc_row full_width=\u00bbstretch_row_content_no_spaces\u00bb][vc_column][rev_slider_vc alias=\u00bbhome\u00bb][\/vc_column][\/vc_row][vc_row][vc_column][vc_empty_space][vc_column_text]EL proyecto G\u00e9neroConCiencia: acci\u00f3n universitaria contra las violencias machistas (Investigadores Noveles referencia 2023\/2321: &#8216;Fotovoz: Metodolog\u00eda Participativa y Aprendizaje Experiencial&#8217;) emerge como una respuesta al desaf\u00edo de las violencias de g\u00e9nero dentro del entorno acad\u00e9mico espa\u00f1ol, bajo el auspicio de la Universidad de La Laguna. Esta iniciativa interuniversitaria busca enfrentar la compleja realidad de&#8230;<\/p>\n","protected":false},"author":2,"featured_media":0,"parent":0,"menu_order":0,"comment_status":"closed","ping_status":"closed","template":"templates\/template-frontpage.php","meta":{"footnotes":""},"_links":{"self":[{"href":"https:\/\/www.ull.es\/investigacion\/generoconciencia\/wp-json\/wp\/v2\/pages\/2"}],"collection":[{"href":"https:\/\/www.ull.es\/investigacion\/generoconciencia\/wp-json\/wp\/v2\/pages"}],"about":[{"href":"https:\/\/www.ull.es\/investigacion\/generoconciencia\/wp-json\/wp\/v2\/types\/page"}],"author":[{"embeddable":true,"href":"https:\/\/www.ull.es\/investigacion\/generoconciencia\/wp-json\/wp\/v2\/users\/2"}],"replies":[{"embeddable":true,"href":"https:\/\/www.ull.es\/investigacion\/generoconciencia\/wp-json\/wp\/v2\/comments?post=2"}],"version-history":[{"count":32,"href":"https:\/\/www.ull.es\/investigacion\/generoconciencia\/wp-json\/wp\/v2\/pages\/2\/revisions"}],"predecessor-version":[{"id":213,"href":"https:\/\/www.ull.es\/investigacion\/generoconciencia\/wp-json\/wp\/v2\/pages\/2\/revisions\/213"}],"wp:attachment":[{"href":"https:\/\/www.ull.es\/investigacion\/generoconciencia\/wp-json\/wp\/v2\/media?parent=2"}],"curies":[{"name":"wp","href":"https:\/\/api.w.org\/{rel}","templated":true}]}}