{"id":30,"date":"2022-11-02T11:33:07","date_gmt":"2022-11-02T11:33:07","guid":{"rendered":"https:\/\/www.ull.es\/investigacion\/accionuniversitariacontralasviolenciasmachistas\/?page_id=30"},"modified":"2024-03-20T08:53:36","modified_gmt":"2024-03-20T08:53:36","slug":"quienes-somos","status":"publish","type":"page","link":"https:\/\/www.ull.es\/investigacion\/generoconciencia\/quienes-somos\/","title":{"rendered":"Qui\u00e9nes Somos"},"content":{"rendered":"<p>[vc_row full_width=\u00bbstretch_row_content\u00bb el_class=\u00bbprincipio-marcha\u00bb][vc_column css=\u00bb.vc_custom_1617905589707{padding-top: 40px !important;padding-bottom: 25px !important;}\u00bb][vc_custom_heading text=\u00bbQui\u00e9nes Somos\u00bb font_container=\u00bbtag:h1|text_align:center|color:%23ffffff\u00bb use_theme_fonts=\u00bbyes\u00bb css_animation=\u00bbfadeInUp\u00bb][\/vc_column][\/vc_row][vc_row css=\u00bb.vc_custom_1708601043924{padding-top: 30px !important;}\u00bb][vc_column css=\u00bb.vc_custom_1708603187403{padding-top: 30px !important;}\u00bb][vc_column_text]El proyecto <strong>G\u00e9neroConCiencia<\/strong>: acci\u00f3n universitaria contra las violencias machistas\u00a0ha sido financiado en el marco de la convocatoria de los Proyectos dirigidos por noveles investigadores de la Universidad de La Laguna y est\u00e1 conformado por un equipo multidisciplinar e interuniversitarios de investigadoras e investigadores implicadas e implicados en los estudios de g\u00e9neros y, en particular, en la lucha en contras de cualquier forma de violencia.[\/vc_column_text][\/vc_column][\/vc_row][vc_row css=\u00bb.vc_custom_1618481859513{padding-top: 50px !important;padding-bottom: 50px !important;}\u00bb][vc_column width=\u00bb1\/2&#8243;][vc_single_image image=\u00bb142&#8243; img_size=\u00bbfull\u00bb alignment=\u00bbcenter\u00bb style=\u00bbvc_box_rounded\u00bb onclick=\u00bbcustom_link\u00bb img_link_target=\u00bb_blank\u00bb css_animation=\u00bbzoomIn\u00bb link=\u00bbhttps:\/\/drive.google.com\/file\/d\/1xsrC-OcVlIBDHwUE0Z4US85lOGHIKtR5\/view?usp=sharing\u00bb][vc_column_text]<\/p>\n<h3 style=\"text-align: center;\">IP del proyecto<\/h3>\n<h3 style=\"text-align: center;\">Annachiara Del Prete<\/h3>\n<p>[\/vc_column_text][vc_empty_space height=\u00bb20px\u00bb][vc_tta_accordion active_section=\u00bb0&#8243; collapsible_all=\u00bbtrue\u00bb][vc_tta_section title=\u00bbVer m\u00e1s\u00bb tab_id=\u00bb1667389767896-f985c275-04b3&#8243;][vc_column_text]<\/p>\n<p class=\"p1\">Annachiara Del Prete, de nacionalidad italiana, profesora <a href=\"https:\/\/portalciencia.ull.es\/investigadores\/278622\/detalle\" target=\"_blank\" rel=\"noopener\">Ayudante Doctora por la Universidad de la Laguna<\/a>, Facultad de Educaci\u00f3n, Departamento de Did\u00e1ctica e Investigaci\u00f3n Educativa, \u00c1rea de M\u00e9todos de Investigaci\u00f3n y Diagn\u00f3stico en Educaci\u00f3n.<br \/>\nDoctora en Tecnolog\u00eda Educativa y especialista en estudios de g\u00e9nero.<\/p>\n<p><strong>ORCID:<\/strong> <a href=\"https:\/\/orcid.org\/0000-0002-3003-2885\" target=\"_blank\" rel=\"noopener\">0000-0002-3003-2885<\/a><\/p>\n<p><strong>Correo electr\u00f3nico:<\/strong> <a href=\"mailto:anprete@ull.edu.es\" target=\"_blank\" rel=\"noopener\">anprete@ull.es<\/a><\/p>\n<p><strong>Tel\u00e9fono:<\/strong> 922 319 9028[\/vc_column_text][\/vc_tta_section][\/vc_tta_accordion][\/vc_column][vc_column width=\u00bb1\/2&#8243;][vc_single_image image=\u00bb144&#8243; img_size=\u00bbfull\u00bb alignment=\u00bbcenter\u00bb style=\u00bbvc_box_rounded\u00bb onclick=\u00bbcustom_link\u00bb img_link_target=\u00bb_blank\u00bb css_animation=\u00bbzoomIn\u00bb link=\u00bbhttps:\/\/drive.google.com\/file\/d\/1xsrC-OcVlIBDHwUE0Z4US85lOGHIKtR5\/view?usp=sharing\u00bb][vc_column_text]<\/p>\n<h3 style=\"text-align: center;\">Equipo de investigaci\u00f3n<\/h3>\n<h3 style=\"text-align: center;\">Betty Est\u00e9vez Cede\u00f1o<\/h3>\n<p>[\/vc_column_text][vc_empty_space height=\u00bb20px\u00bb][vc_tta_accordion active_section=\u00bb0&#8243; collapsible_all=\u00bbtrue\u00bb][vc_tta_section title=\u00bbVer m\u00e1s\u00bb tab_id=\u00bb1667389595381-064c8afe-a273&#8243;][vc_column_text]Betty Est\u00e9vez Cede\u00f1o es profesora <a href=\"https:\/\/portalciencia.ull.es\/investigadores\/81945\/detalle\" target=\"_blank\" rel=\"noopener\">Ayudante Doctora por la Universidad de La Laguna,<\/a> Departamento de Sociolog\u00eda y Antropolog\u00eda en. Sus principales l\u00edneas de trabajo abarcan los estudios de g\u00e9nero, educaci\u00f3n, ciencia y tecnolog\u00eda; grupos vulnerables y educaci\u00f3n, y desigualdades sociales.<\/p>\n<p><strong>ORCID:<\/strong> 0000-0002-1590-952X<\/p>\n<p><strong>Correo electr\u00f3nico:<\/strong> <a href=\"mailto:bestevec@ull.edu.es\" target=\"_blank\" rel=\"noopener\">bestevec@ull.es<\/a><\/p>\n<p><strong>Tel\u00e9fono:<\/strong> 922 845 909[\/vc_column_text][\/vc_tta_section][\/vc_tta_accordion][\/vc_column][\/vc_row][vc_row css=\u00bb.vc_custom_1618481859513{padding-top: 50px !important;padding-bottom: 50px !important;}\u00bb][vc_column width=\u00bb1\/2&#8243;][vc_single_image image=\u00bb141&#8243; img_size=\u00bbfull\u00bb alignment=\u00bbcenter\u00bb style=\u00bbvc_box_rounded\u00bb onclick=\u00bbcustom_link\u00bb img_link_target=\u00bb_blank\u00bb css_animation=\u00bbzoomIn\u00bb link=\u00bbhttps:\/\/drive.google.com\/file\/d\/1xsrC-OcVlIBDHwUE0Z4US85lOGHIKtR5\/view?usp=sharing\u00bb][vc_column_text]<\/p>\n<h3 style=\"text-align: center;\">Equipo de trabajo<\/h3>\n<h3 style=\"text-align: center;\">Aloe Cubero<\/h3>\n<p>[\/vc_column_text][vc_empty_space height=\u00bb20px\u00bb][vc_tta_accordion active_section=\u00bb0&#8243; collapsible_all=\u00bbtrue\u00bb][vc_tta_section title=\u00bbVer m\u00e1s\u00bb tab_id=\u00bb1667390179792-9dd83432-5c0f\u00bb][vc_column_text]Aloe Cubero. Doctoranda en Humanidades con especializaci\u00f3n en Estudios de G\u00e9nero por la Universitat Rovira i Virgili. M\u00e1ster en Psicolog\u00eda de la Intervenci\u00f3n Social y Comunitaria por la Universidad de Sevilla.<\/p>\n<p><strong>Correo electr\u00f3nico<\/strong>: <a href=\"mailto:aloe.cubero@fundacio.urv.cat\" target=\"_blank\" rel=\"noopener\">aloe.cubero@fundacio.urv.cat<\/a><\/p>\n<p><a href=\"https:\/\/www.researchgate.net\/profile\/Aloe-Cubero-2\" target=\"_blank\" rel=\"noopener\"><strong>ResearchGate<\/strong><\/a><\/p>\n<p><a href=\"https:\/\/orcid.org\/0000-0002-6308-3937\" target=\"_blank\" rel=\"noopener\" target=\"_blank\" rel=\"noopener\">ORCID<\/a>[\/vc_column_text][\/vc_tta_section][\/vc_tta_accordion][\/vc_column][vc_column width=\u00bb1\/2&#8243;][vc_single_image image=\u00bb143&#8243; img_size=\u00bbfull\u00bb alignment=\u00bbcenter\u00bb style=\u00bbvc_box_rounded\u00bb onclick=\u00bbcustom_link\u00bb img_link_target=\u00bb_blank\u00bb css_animation=\u00bbzoomIn\u00bb link=\u00bbhttps:\/\/drive.google.com\/file\/d\/1xsrC-OcVlIBDHwUE0Z4US85lOGHIKtR5\/view?usp=sharing\u00bb][vc_column_text]<\/p>\n<h3 style=\"text-align: center;\">Equipo de trabajo<\/h3>\n<h3 style=\"text-align: center;\">Barbara Biglia<\/h3>\n<p>[\/vc_column_text][vc_empty_space height=\u00bb20px\u00bb][vc_tta_accordion active_section=\u00bb0&#8243; collapsible_all=\u00bbtrue\u00bb][vc_tta_section title=\u00bbVer m\u00e1s\u00bb tab_id=\u00bb1667390301121-22083baf-70a7&#8243;][vc_column_text]Barbara Biglia, profesora agregada Serra Hunter en el Departamento de Pedagogia de la Universitat Rovira i Virgili. Coordinadora URV del\u00a0Grupo de Investigaci\u00f3n en Educaci\u00f3n Intercultural\u00a0<a href=\"https:\/\/www.ub.edu\/gredi\/?lang=es\" target=\"_blank\" rel=\"noopener\">GREDI\u00a0<\/a>y del Seminario Interdisciplinar de Metodolog\u00eda de Investigaci\u00f3n Feminista\u00a0<a href=\"https:\/\/www.simref.net\/\" target=\"_blank\" rel=\"noopener\">SIMReF<\/a>.<\/p>\n<p>Actualmente es IP del proyecto euroepo\u00a0<a href=\"https:\/\/www.linkedin.com\/company\/geio-gender-equitable-interactions-online\/\" target=\"_blank\" rel=\"noopener\">GEiO<\/a>\u00a0&#8211; Gender Equitable Interactions Online.<\/p>\n<p><strong>ORCID:<\/strong> 0000-0003-0135-4866<\/p>\n<p><strong>Correo electr\u00f3nico<\/strong>: <a href=\"mailto:barbara.biglia@urv.cat\" target=\"_blank\" rel=\"noopener\">barbara.biglia@urv.cat<\/a><\/p>\n<p><strong>Curriculum Vitae:<\/strong> <a href=\"https:\/\/iris.urv.cat\/cat\/ipublic\/researcher\/321920\" target=\"_blank\" rel=\"noopener\">Barbara Biglia &#8211; Universitat Rovira i Virgili (urv.cat)<\/a>[\/vc_column_text][\/vc_tta_section][\/vc_tta_accordion][\/vc_column][\/vc_row][vc_row css=\u00bb.vc_custom_1618481859513{padding-top: 50px !important;padding-bottom: 50px !important;}\u00bb][vc_column width=\u00bb1\/2&#8243;][vc_single_image image=\u00bb145&#8243; img_size=\u00bbfull\u00bb alignment=\u00bbcenter\u00bb style=\u00bbvc_box_rounded\u00bb onclick=\u00bbcustom_link\u00bb img_link_target=\u00bb_blank\u00bb css_animation=\u00bbzoomIn\u00bb link=\u00bbhttps:\/\/drive.google.com\/file\/d\/1xsrC-OcVlIBDHwUE0Z4US85lOGHIKtR5\/view?usp=sharing\u00bb][vc_column_text]<\/p>\n<h3 style=\"text-align: center;\">Equipo de trabajo<\/h3>\n<h3 style=\"text-align: center;\">M\u00aa Rocio Garrido Mu\u00f1oz de Arenilla<\/h3>\n<p>[\/vc_column_text][vc_empty_space height=\u00bb20px\u00bb][vc_tta_accordion active_section=\u00bb0&#8243; collapsible_all=\u00bbtrue\u00bb][vc_tta_section title=\u00bbVer m\u00e1s\u00bb tab_id=\u00bb1667390179695-5b6c17c0-47e2&#8243;][vc_column_text]Roc\u00edo Garrido. Profesora Ayudante Doctora del\u00a0 Departamento de Psicolog\u00eda Social de la Universidad de Sevilla. Experta en gesti\u00f3n de la diversidad y metodolog\u00edas de investigaci\u00f3n-acci\u00f3n participativas. Miembro del Centro de Investigaci\u00f3n y Acci\u00f3n Comunitaria de la Universidad de Sevilla (<a href=\"http:\/\/www.cespyd.es\" target=\"_blank\" rel=\"noopener\">CESPYUD<\/a>).<\/p>\n<p><strong>ORCID:<\/strong> <a href=\"https:\/\/orcid.org\/0000-0002-2238-0222\" target=\"_blank\" rel=\"noopener\">https:\/\/orcid.org\/0000-0002-2238-0222<\/a><\/p>\n<p><strong><a href=\"https:\/\/www.researchgate.net\/profile\/Rocio-Garrido-3\" target=\"_blank\" rel=\"noopener\" target=\"_blank\" rel=\"noopener\">Research Gate<\/a><\/strong>[\/vc_column_text][\/vc_tta_section][\/vc_tta_accordion][\/vc_column][vc_column width=\u00bb1\/2&#8243;][\/vc_column][\/vc_row][vc_row][vc_column css=\u00bb.vc_custom_1708603174138{padding-top: 20px !important;padding-bottom: 50px !important;}\u00bb][vc_column_text]El proyecto cuenta con el apoyo de:<\/p>\n<ul>\n<li><strong>Fernando Barrag\u00e1n Barriga <\/strong>Profesor Catedr\u00e1tico de la Universidad de La Laguna<\/li>\n<\/ul>\n<p>[\/vc_column_text][\/vc_column][\/vc_row]<\/p>\n","protected":false},"excerpt":{"rendered":"<p>[vc_row full_width=\u00bbstretch_row_content\u00bb el_class=\u00bbprincipio-marcha\u00bb][vc_column css=\u00bb.vc_custom_1617905589707{padding-top: 40px !important;padding-bottom: 25px !important;}\u00bb][vc_custom_heading text=\u00bbQui\u00e9nes Somos\u00bb font_container=\u00bbtag:h1|text_align:center|color:%23ffffff\u00bb use_theme_fonts=\u00bbyes\u00bb css_animation=\u00bbfadeInUp\u00bb][\/vc_column][\/vc_row][vc_row css=\u00bb.vc_custom_1708601043924{padding-top: 30px !important;}\u00bb][vc_column css=\u00bb.vc_custom_1708603187403{padding-top: 30px !important;}\u00bb][vc_column_text]El proyecto G\u00e9neroConCiencia: acci\u00f3n universitaria contra las violencias machistas\u00a0ha sido financiado en el marco de la convocatoria de los Proyectos dirigidos por noveles investigadores de la Universidad de La Laguna y est\u00e1 conformado por un equipo multidisciplinar&#8230;<\/p>\n","protected":false},"author":3,"featured_media":0,"parent":0,"menu_order":0,"comment_status":"closed","ping_status":"closed","template":"templates\/template-no-title.php","meta":{"footnotes":""},"_links":{"self":[{"href":"https:\/\/www.ull.es\/investigacion\/generoconciencia\/wp-json\/wp\/v2\/pages\/30"}],"collection":[{"href":"https:\/\/www.ull.es\/investigacion\/generoconciencia\/wp-json\/wp\/v2\/pages"}],"about":[{"href":"https:\/\/www.ull.es\/investigacion\/generoconciencia\/wp-json\/wp\/v2\/types\/page"}],"author":[{"embeddable":true,"href":"https:\/\/www.ull.es\/investigacion\/generoconciencia\/wp-json\/wp\/v2\/users\/3"}],"replies":[{"embeddable":true,"href":"https:\/\/www.ull.es\/investigacion\/generoconciencia\/wp-json\/wp\/v2\/comments?post=30"}],"version-history":[{"count":31,"href":"https:\/\/www.ull.es\/investigacion\/generoconciencia\/wp-json\/wp\/v2\/pages\/30\/revisions"}],"predecessor-version":[{"id":262,"href":"https:\/\/www.ull.es\/investigacion\/generoconciencia\/wp-json\/wp\/v2\/pages\/30\/revisions\/262"}],"wp:attachment":[{"href":"https:\/\/www.ull.es\/investigacion\/generoconciencia\/wp-json\/wp\/v2\/media?parent=30"}],"curies":[{"name":"wp","href":"https:\/\/api.w.org\/{rel}","templated":true}]}}