{"id":44,"date":"2022-11-02T12:20:32","date_gmt":"2022-11-02T12:20:32","guid":{"rendered":"https:\/\/www.ull.es\/investigacion\/accionuniversitariacontralasviolenciasmachistas\/?page_id=44"},"modified":"2024-02-28T11:35:46","modified_gmt":"2024-02-28T11:35:46","slug":"como-participar","status":"publish","type":"page","link":"https:\/\/www.ull.es\/investigacion\/generoconciencia\/como-participar\/","title":{"rendered":"C\u00f3mo Participar"},"content":{"rendered":"<p>[vc_row full_width=\u00bbstretch_row_content\u00bb el_class=\u00bbprincipio-marcha\u00bb][vc_column css=\u00bb.vc_custom_1617905589707{padding-top: 40px !important;padding-bottom: 25px !important;}\u00bb][vc_custom_heading text=\u00bbC\u00f3mo Participar\u00bb font_container=\u00bbtag:h1|text_align:center|color:%23ffffff\u00bb use_theme_fonts=\u00bbyes\u00bb css_animation=\u00bbfadeInUp\u00bb][\/vc_column][\/vc_row][vc_row css=\u00bb.vc_custom_1618481859513{padding-top: 50px !important;padding-bottom: 50px !important;}\u00bb][vc_column width=\u00bb2\/3&#8243; css=\u00bb.vc_custom_1708946306205{padding-top: 50px !important;padding-right: 50px !important;padding-bottom: 50px !important;padding-left: 50px !important;}\u00bb][vc_column_text]<\/p>\n<h2 style=\"text-align: right;\"><span style=\"color: #f7be68;\"><strong>Cuestionario<\/strong><\/span><\/h2>\n<p>[\/vc_column_text][vc_empty_space height=\u00bb20px\u00bb][vc_column_text css=\u00bb.vc_custom_1708946330509{padding-bottom: 30px !important;}\u00bb]<\/p>\n<p style=\"text-align: right;\">En el 2024 en nuestras universidades todav\u00eda asistimos a casos de violencia de g\u00e9nero, muchas veces encubiertos o silenciados\u2026Es urgente generar un cambio significativo y definitivo en nuestro entorno y en la sociedad. Vuestro aporte puede marcar una diferencia significativa.<\/p>\n<p style=\"text-align: right;\">Por eso, invitamos a todo el estudiantado de la Universidad de la Laguna a responder a nuestro cuestionario que busca comprender mejor las percepciones y actitudes hacia las violencias de g\u00e9nero. Este es un paso importante para desarrollar estrategias efectivas de sensibilizaci\u00f3n y prevenci\u00f3n, adaptadas a nuestras realidades espec\u00edficas.<\/p>\n<p style=\"text-align: right;\">Al responder a este cuestionario, no solo proporcionar\u00e9is informaci\u00f3n valiosa, sino que tambi\u00e9n tom\u00e1is un rol activo en la lucha contra este fen\u00f3meno en el \u00e1mbito universitario.<\/p>\n<p style=\"text-align: right;\">Os animamos a participar y a invitar a vuestras compa\u00f1eras a hacerlo tambi\u00e9n. Cada voz cuenta en nuestro esfuerzo por construir una comunidad universitaria m\u00e1s segura e igualitaria, libre de violencia de g\u00e9nero.<\/p>\n<p>[\/vc_column_text][vc_btn title=\u00bbCUESTIONARIO\u00bb style=\u00bbgradient\u00bb gradient_color_1=\u00bborange\u00bb gradient_color_2=\u00bbviolet\u00bb size=\u00bblg\u00bb align=\u00bbright\u00bb link=\u00bburl:https%3A%2F%2Fsociologica.eu%2Flimesurvey%2Findex.php%2F686171%3Flang%3Des|title:cuestionario\u00bb][\/vc_column][vc_column width=\u00bb1\/3&#8243; css=\u00bb.vc_custom_1708951765261{padding-top: 320px !important;padding-bottom: 320px !important;background-image: url(https:\/\/www.ull.es\/investigacion\/accionuniversitariacontralasviolenciasmachistas\/wp-content\/uploads\/sites\/7\/2024\/02\/adalia-botha-Y7KZNzDqJ4Q-unsplash.jpg?id=171) !important;background-position: center !important;background-repeat: no-repeat !important;background-size: cover !important;}\u00bb][\/vc_column][\/vc_row][vc_row css=\u00bb.vc_custom_1618481859513{padding-top: 50px !important;padding-bottom: 50px !important;}\u00bb][vc_column width=\u00bb1\/3&#8243; css=\u00bb.vc_custom_1708951801733{padding-top: 370px !important;padding-bottom: 370px !important;background-image: url(https:\/\/www.ull.es\/investigacion\/accionuniversitariacontralasviolenciasmachistas\/wp-content\/uploads\/sites\/7\/2024\/02\/kate-kozyrka-B41fY4dhX18-unsplash.jpg?id=172) !important;background-position: center !important;background-repeat: no-repeat !important;background-size: cover !important;}\u00bb][\/vc_column][vc_column width=\u00bb2\/3&#8243; css=\u00bb.vc_custom_1708950117547{padding-top: 50px !important;padding-right: 50px !important;padding-bottom: 50px !important;padding-left: 50px !important;background-color: #f7e0be !important;}\u00bb][vc_column_text]<\/p>\n<h2><span style=\"color: #9170c0;\"><strong>Taller<\/strong><\/span><\/h2>\n<p>[\/vc_column_text][vc_empty_space height=\u00bb20px\u00bb][vc_column_text]El taller de Fotovoz es un proyecto innovador que busca sensibilizar y comprometer al alumnado en la prevenci\u00f3n de las violencias de g\u00e9nero, un desaf\u00edo crucial en las universidades y en la sociedad espa\u00f1ola.<\/p>\n<p>En este taller, no solo se aprender\u00e1 sobre \u00a0las violencias de g\u00e9nero, sino que tambi\u00e9n habr\u00e1 la oportunidad de utilizar la fotograf\u00eda y la narrativa para dar voz a experiencias y percepciones.<\/p>\n<p>&#8216;Fotovoz: Metodolog\u00eda Participativa y Aprendizaje Experiencial&#8217; es un espacio donde las fotos se convertir\u00e1n en un poderoso medio para contar historias, compartir perspectivas y escuchar las voces que a menudo quedan en silencio.<\/p>\n<p>La participaci\u00f3n es esencial para dar luz a este tema\u00a0 y contribuir a la creaci\u00f3n de un ambiente universitario m\u00e1s seguro e igualitario. A trav\u00e9s de las im\u00e1genes y palabras, se podr\u00e1 entender mejor las violencias de g\u00e9nero y trabajar hacia su prevenci\u00f3n.<\/p>\n<p>Los talleres presentar\u00e1n 4 sesiones se llevar\u00e1n a cabo durante el mes de abril.<\/p>\n<p>Para escribirte a los talleres rellena este formulario.<\/p>\n<p>Esta formaci\u00f3n estar\u00e1 certificada por la Fundaci\u00f3n General de la Universidad de La Laguna.[\/vc_column_text][vc_btn title=\u00bbFormulario\u00bb style=\u00bbgradient\u00bb gradient_color_1=\u00bbpurple\u00bb gradient_color_2=\u00bbviolet\u00bb size=\u00bblg\u00bb align=\u00bbleft\u00bb link=\u00bburl:https%3A%2F%2Fdocs.google.com%2Fforms%2Fd%2Fe%2F1FAIpQLSeBfrzDGXssNanp_Vr0bqCDSz8LT6YNzUBQfDyX9QqaybIErQ%2Fformrestricted|title:cuestionario|target:_blank\u00bb css=\u00bb.vc_custom_1708950095853{padding-top: 40px !important;}\u00bb][\/vc_column][\/vc_row]<\/p>\n","protected":false},"excerpt":{"rendered":"<p>[vc_row full_width=\u00bbstretch_row_content\u00bb el_class=\u00bbprincipio-marcha\u00bb][vc_column css=\u00bb.vc_custom_1617905589707{padding-top: 40px !important;padding-bottom: 25px !important;}\u00bb][vc_custom_heading text=\u00bbC\u00f3mo Participar\u00bb font_container=\u00bbtag:h1|text_align:center|color:%23ffffff\u00bb use_theme_fonts=\u00bbyes\u00bb css_animation=\u00bbfadeInUp\u00bb][\/vc_column][\/vc_row][vc_row css=\u00bb.vc_custom_1618481859513{padding-top: 50px !important;padding-bottom: 50px !important;}\u00bb][vc_column width=\u00bb2\/3&#8243; css=\u00bb.vc_custom_1708946306205{padding-top: 50px !important;padding-right: 50px !important;padding-bottom: 50px !important;padding-left: 50px !important;}\u00bb][vc_column_text] Cuestionario [\/vc_column_text][vc_empty_space height=\u00bb20px\u00bb][vc_column_text css=\u00bb.vc_custom_1708946330509{padding-bottom: 30px !important;}\u00bb] En el 2024 en nuestras universidades todav\u00eda asistimos a casos de violencia de g\u00e9nero, muchas veces encubiertos o silenciados\u2026Es urgente generar&#8230;<\/p>\n","protected":false},"author":3,"featured_media":0,"parent":0,"menu_order":0,"comment_status":"closed","ping_status":"closed","template":"templates\/template-no-title.php","meta":{"footnotes":""},"_links":{"self":[{"href":"https:\/\/www.ull.es\/investigacion\/generoconciencia\/wp-json\/wp\/v2\/pages\/44"}],"collection":[{"href":"https:\/\/www.ull.es\/investigacion\/generoconciencia\/wp-json\/wp\/v2\/pages"}],"about":[{"href":"https:\/\/www.ull.es\/investigacion\/generoconciencia\/wp-json\/wp\/v2\/types\/page"}],"author":[{"embeddable":true,"href":"https:\/\/www.ull.es\/investigacion\/generoconciencia\/wp-json\/wp\/v2\/users\/3"}],"replies":[{"embeddable":true,"href":"https:\/\/www.ull.es\/investigacion\/generoconciencia\/wp-json\/wp\/v2\/comments?post=44"}],"version-history":[{"count":32,"href":"https:\/\/www.ull.es\/investigacion\/generoconciencia\/wp-json\/wp\/v2\/pages\/44\/revisions"}],"predecessor-version":[{"id":196,"href":"https:\/\/www.ull.es\/investigacion\/generoconciencia\/wp-json\/wp\/v2\/pages\/44\/revisions\/196"}],"wp:attachment":[{"href":"https:\/\/www.ull.es\/investigacion\/generoconciencia\/wp-json\/wp\/v2\/media?parent=44"}],"curies":[{"name":"wp","href":"https:\/\/api.w.org\/{rel}","templated":true}]}}