{"id":53,"date":"2022-11-02T12:34:11","date_gmt":"2022-11-02T12:34:11","guid":{"rendered":"https:\/\/www.ull.es\/investigacion\/accionuniversitariacontralasviolenciasmachistas\/?page_id=53"},"modified":"2024-04-01T10:32:44","modified_gmt":"2024-04-01T10:32:44","slug":"informacion","status":"publish","type":"page","link":"https:\/\/www.ull.es\/investigacion\/generoconciencia\/informacion\/","title":{"rendered":"Informaci\u00f3n"},"content":{"rendered":"<p>[vc_row full_width=\u00bbstretch_row_content\u00bb el_class=\u00bbprincipio-marcha\u00bb][vc_column css=\u00bb.vc_custom_1617905589707{padding-top: 40px !important;padding-bottom: 25px !important;}\u00bb][vc_custom_heading text=\u00bbInformaci\u00f3n\u00bb font_container=\u00bbtag:h1|text_align:center|color:%23ffffff\u00bb use_theme_fonts=\u00bbyes\u00bb css_animation=\u00bbfadeInUp\u00bb][\/vc_column][\/vc_row][vc_row css=\u00bb.vc_custom_1708958213182{padding-top: 50px !important;padding-bottom: 50px !important;}\u00bb][vc_column width=\u00bb1\/2&#8243; css=\u00bb.vc_custom_1708958247247{background-color: #ffffff !important;}\u00bb][vc_column_text css=\u00bb.vc_custom_1708959456189{padding-right: 10px !important;padding-left: 10px !important;}\u00bb]<\/p>\n<h2><span style=\"color: #9170c0;\">Gu\u00eda\u00a0 \u00abAbordar las violencias de g\u00e9nero en la universidad a trav\u00e9s de la fotovoz\u00bb de Biglia, B. &amp; Cubero Pajares A., acompa\u00f1ada por la rese\u00f1a de \u00a0Del Prete, A. (2023)<\/span><\/h2>\n<p><em>Esta obra, publicada por Publicacions Universitat Rovira i Virgili, representa un esfuerzo significativo en la lucha contra las violencias de g\u00e9nero dentro del \u00e1mbito universitario, ofreciendo un enfoque novedoso y participativo para la sensibilizaci\u00f3n y prevenci\u00f3n de este fen\u00f3meno persistente.<\/em><\/p>\n<p>La gu\u00eda, que ocupa 96 p\u00e1ginas es accesible en Ingl\u00e9s, espa\u00f1ol y catal\u00e1n, se encuentra en la colecci\u00f3n Clivaje, destacada por abordar estudios y testimonios del conflicto y cambio social.<br \/>\nEste recurso est\u00e1 disponible para consulta y descarga[\/vc_column_text][vc_btn title=\u00bbConsultar gu\u00eda\u00bb style=\u00bbgradient\u00bb gradient_color_1=\u00bborange\u00bb gradient_color_2=\u00bbviolet\u00bb size=\u00bblg\u00bb align=\u00bbcenter\u00bb button_block=\u00bbtrue\u00bb link=\u00bburl:https%3A%2F%2Frevistes.ub.edu%2Findex.php%2Fclivatge%2Farticle%2Fview%2F45275|target:_blank\u00bb css=\u00bb.vc_custom_1708958461235{padding-top: 20px !important;}\u00bb][\/vc_column][vc_column width=\u00bb1\/2&#8243; css=\u00bb.vc_custom_1708958446654{padding-top: 250px !important;padding-bottom: 300px !important;background-image: url(https:\/\/www.ull.es\/investigacion\/accionuniversitariacontralasviolenciasmachistas\/wp-content\/uploads\/sites\/7\/2024\/02\/violencia-machista-rotated.jpg?id=158) !important;background-position: center !important;background-repeat: no-repeat !important;background-size: cover !important;}\u00bb][\/vc_column][\/vc_row][vc_row css=\u00bb.vc_custom_1708958525230{margin-top: 0px !important;}\u00bb][vc_column css=\u00bb.vc_custom_1708958747248{background-color: #fcbfcd !important;}\u00bb][vc_column_text css=\u00bb.vc_custom_1708958803256{padding-top: 40px !important;padding-right: 60px !important;padding-left: 60px !important;}\u00bb]<\/p>\n<h2>Videos educativos accesibles a trav\u00e9s del canal oficial de <strong><a href=\"https:\/\/www.youtube.com\/@docenciauniversitatrovirai6658\/search?query=fotovoz\" target=\"_blank\" rel=\"noopener\">YouTube Docencia Universitat Rovira i Virgili<\/a>.<\/strong><\/h2>\n<p>Estos materiales audiovisuales ofrecen una visi\u00f3n detallada sobre la implementaci\u00f3n de la metodolog\u00eda fotovoz, una t\u00e9cnica que combina la fotograf\u00eda y la narrativa para empoderar a los y las participantes, permiti\u00e9ndoles expresar sus experiencias y perspectivas sobre las violencias de g\u00e9nero. Los videos est\u00e1n dise\u00f1ados para facilitar a docentes y estudiantes la aplicaci\u00f3n de esta metodolog\u00eda transformadora en el aula, promoviendo as\u00ed un entorno de aprendizaje m\u00e1s inclusivo y consciente.[\/vc_column_text][vc_btn title=\u00bbIr al canal\u00bb style=\u00bbgradient\u00bb gradient_color_1=\u00bbpurple\u00bb gradient_color_2=\u00bbpink\u00bb size=\u00bblg\u00bb align=\u00bbcenter\u00bb button_block=\u00bbtrue\u00bb link=\u00bburl:https%3A%2F%2Fwww.youtube.com%2Fplaylist%3Flist%3DPLX_ZEvSoWR6noTTRysAuW2SY1eu7bHK-5|target:_blank\u00bb css=\u00bb.vc_custom_1711967562389{padding-top: 20px !important;padding-right: 80px !important;padding-left: 80px !important;}\u00bb][vc_row_inner][vc_column_inner width=\u00bb1\/3&#8243; css=\u00bb.vc_custom_1708958685293{padding-bottom: 50px !important;background-color: #f96d67 !important;}\u00bb][vc_video link=\u00bbhttps:\/\/www.youtube.com\/watch?v=n10HEGfwoB0&#8243;][\/vc_column_inner][vc_column_inner width=\u00bb1\/3&#8243; css=\u00bb.vc_custom_1708958661190{padding-bottom: 50px !important;background-color: #f96d67 !important;}\u00bb][vc_video link=\u00bbhttps:\/\/www.youtube.com\/watch?v=bcCXLEvMWPo\u00bb][\/vc_column_inner][vc_column_inner width=\u00bb1\/3&#8243; css=\u00bb.vc_custom_1708958650198{padding-bottom: 50px !important;background-color: #f96d67 !important;}\u00bb][vc_video link=\u00bbhttps:\/\/www.youtube.com\/watch?v=p1MhNwrEeN0&#8243;][\/vc_column_inner][\/vc_row_inner][\/vc_column][\/vc_row]<\/p>\n","protected":false},"excerpt":{"rendered":"<p>[vc_row full_width=\u00bbstretch_row_content\u00bb el_class=\u00bbprincipio-marcha\u00bb][vc_column css=\u00bb.vc_custom_1617905589707{padding-top: 40px !important;padding-bottom: 25px !important;}\u00bb][vc_custom_heading text=\u00bbInformaci\u00f3n\u00bb font_container=\u00bbtag:h1|text_align:center|color:%23ffffff\u00bb use_theme_fonts=\u00bbyes\u00bb css_animation=\u00bbfadeInUp\u00bb][\/vc_column][\/vc_row][vc_row css=\u00bb.vc_custom_1708958213182{padding-top: 50px !important;padding-bottom: 50px !important;}\u00bb][vc_column width=\u00bb1\/2&#8243; css=\u00bb.vc_custom_1708958247247{background-color: #ffffff !important;}\u00bb][vc_column_text css=\u00bb.vc_custom_1708959456189{padding-right: 10px !important;padding-left: 10px !important;}\u00bb] Gu\u00eda\u00a0 \u00abAbordar las violencias de g\u00e9nero en la universidad a trav\u00e9s de la fotovoz\u00bb de Biglia, B. &amp; Cubero Pajares A., acompa\u00f1ada por la rese\u00f1a de \u00a0Del Prete, A&#8230;.<\/p>\n","protected":false},"author":3,"featured_media":0,"parent":0,"menu_order":0,"comment_status":"closed","ping_status":"closed","template":"templates\/template-no-title.php","meta":{"footnotes":""},"_links":{"self":[{"href":"https:\/\/www.ull.es\/investigacion\/generoconciencia\/wp-json\/wp\/v2\/pages\/53"}],"collection":[{"href":"https:\/\/www.ull.es\/investigacion\/generoconciencia\/wp-json\/wp\/v2\/pages"}],"about":[{"href":"https:\/\/www.ull.es\/investigacion\/generoconciencia\/wp-json\/wp\/v2\/types\/page"}],"author":[{"embeddable":true,"href":"https:\/\/www.ull.es\/investigacion\/generoconciencia\/wp-json\/wp\/v2\/users\/3"}],"replies":[{"embeddable":true,"href":"https:\/\/www.ull.es\/investigacion\/generoconciencia\/wp-json\/wp\/v2\/comments?post=53"}],"version-history":[{"count":17,"href":"https:\/\/www.ull.es\/investigacion\/generoconciencia\/wp-json\/wp\/v2\/pages\/53\/revisions"}],"predecessor-version":[{"id":264,"href":"https:\/\/www.ull.es\/investigacion\/generoconciencia\/wp-json\/wp\/v2\/pages\/53\/revisions\/264"}],"wp:attachment":[{"href":"https:\/\/www.ull.es\/investigacion\/generoconciencia\/wp-json\/wp\/v2\/media?parent=53"}],"curies":[{"name":"wp","href":"https:\/\/api.w.org\/{rel}","templated":true}]}}