{"id":117,"date":"2021-04-22T15:28:20","date_gmt":"2021-04-22T15:28:20","guid":{"rendered":"https:\/\/www.ull.es\/investigacion2\/?page_id=117"},"modified":"2026-01-27T11:30:49","modified_gmt":"2026-01-27T11:30:49","slug":"procedimientos-para-la-investigacion","status":"publish","type":"page","link":"https:\/\/www.ull.es\/investigacion\/procedimientos-para-la-investigacion\/","title":{"rendered":"Procedimientos para la investigaci\u00f3n"},"content":{"rendered":"<p>[vc_row][vc_column][rev_slider_vc alias=\u00bbprocedimientos\u00bb][\/vc_column][\/vc_row][vc_row full_width=\u00bbstretch_row_content\u00bb css_animation=\u00bbfadeInUp\u00bb css=\u00bb.vc_custom_1619027676387{background-color: #f4f4f4 !important;background-position: center !important;background-repeat: no-repeat !important;background-size: cover !important;}\u00bb][vc_column][vc_row_inner css=\u00bb.vc_custom_1619027662759{padding-right: 10% !important;padding-left: 10% !important;}\u00bb][vc_column_inner][vc_column_text]<\/p>\n<h1 class=\"lea\">Modelo de pago por impartici\u00f3n de cursos, conferencias y otras actividades<\/h1>\n<p>[\/vc_column_text][vc_empty_space height=\u00bb15px\u00bb][vc_column_text]<\/p>\n<ul>\n<li><a href=\"https:\/\/drive.google.com\/drive\/folders\/1AN1TOFUI4itj_22Y_c_hz9RKiP-OYZ2s?usp=sharing\" target=\"_blank\" rel=\"noopener\" target=\"_blank\" rel=\"noopener\">Formularios de designaci\u00f3n y pago a conferenciantes y actividades an\u00e1logas<\/a><\/li>\n<li><a href=\"https:\/\/drive.google.com\/open?id=1dw2RtHwew6ZkkWhrSFe18M7Q0UduOaon\" target=\"_blank\" rel=\"noopener noreferrer\" target=\"_blank\" rel=\"noopener\">Instrucci\u00f3n de la Gerencia pago conferencias<\/a><\/li>\n<\/ul>\n<p>[\/vc_column_text][vc_empty_space][\/vc_column_inner][\/vc_row_inner][\/vc_column][\/vc_row][vc_row full_width=\u00bbstretch_row_content\u00bb css_animation=\u00bbfadeInUp\u00bb css=\u00bb.vc_custom_1619106042358{background-position: center !important;background-repeat: no-repeat !important;background-size: cover !important;}\u00bb][vc_column][vc_row_inner css=\u00bb.vc_custom_1619027662759{padding-right: 10% !important;padding-left: 10% !important;}\u00bb][vc_column_inner][vc_column_text]<\/p>\n<h1 class=\"lea\">Modelos de tramitaci\u00f3n de facturas con cargo a subvenciones para investigaci\u00f3n<\/h1>\n<p>[\/vc_column_text][vc_column_text]<\/p>\n<ul>\n<li><a href=\"https:\/\/sede.ull.es\/ecivilis-site\/catalog\/showProcedure\/519\" target=\"_blank\" rel=\"noopener noreferrer\" target=\"_blank\" rel=\"noopener\">Modelos para facturas ya abonadas previamente por el interesado<\/a><\/li>\n<li><a href=\"https:\/\/sede.ull.es\/ecivilis-site\/catalog\/showProcedure\/520\" target=\"_blank\" rel=\"noopener noreferrer\" target=\"_blank\" rel=\"noopener\">Modelo para la tramitaci\u00f3n de facturas con cargo a subvenciones para investigaci\u00f3n (pago al proveedor)<\/a><\/li>\n<li><a href=\"https:\/\/sede.ull.es\/ecivilis-site\/catalog\/showProcedure\/521\" target=\"_blank\" rel=\"noopener noreferrer\" target=\"_blank\" rel=\"noopener\">Modelo de justificaci\u00f3n del gasto<\/a><\/li>\n<li><a href=\"https:\/\/drive.google.com\/file\/d\/0Bxi8Rp1_THQzekVyZ2szUHN4eHM\/view\" target=\"_blank\" rel=\"noopener noreferrer\" target=\"_blank\" rel=\"noopener\">Solicitud de pago a justificar<br \/>\n<\/a><\/li>\n<li><a href=\"https:\/\/drive.google.com\/file\/d\/0Bxi8Rp1_THQzQ09NWlZXaEtNV0E\/view\" target=\"_blank\" rel=\"noopener noreferrer\" target=\"_blank\" rel=\"noopener\">Solicitud de pago al extranjero<\/a><\/li>\n<\/ul>\n<p>[\/vc_column_text][vc_empty_space height=\u00bb15px\u00bb][vc_empty_space][\/vc_column_inner][\/vc_row_inner][\/vc_column][\/vc_row][vc_row full_width=\u00bbstretch_row_content\u00bb css_animation=\u00bbfadeInUp\u00bb css=\u00bb.vc_custom_1619027676387{background-color: #f4f4f4 !important;background-position: center !important;background-repeat: no-repeat !important;background-size: cover !important;}\u00bb][vc_column][vc_row_inner css=\u00bb.vc_custom_1619027662759{padding-right: 10% !important;padding-left: 10% !important;}\u00bb][vc_column_inner][vc_column_text]<\/p>\n<h1 class=\"lea\">Modelos de declaraciones y autorizaciones<\/h1>\n<p>[\/vc_column_text][vc_empty_space height=\u00bb15px\u00bb][vc_column_text]<\/p>\n<ul>\n<li><a href=\"https:\/\/sede.ull.es\/ecivilis-site\/catalog\/showProcedure\/590\" target=\"_blank\" rel=\"noopener noreferrer\" target=\"_blank\" rel=\"noopener\">Autorizaci\u00f3n de desplazamiento PDI<\/a><\/li>\n<\/ul>\n<p>[\/vc_column_text][vc_empty_space][\/vc_column_inner][\/vc_row_inner][\/vc_column][\/vc_row][vc_row full_width=\u00bbstretch_row_content\u00bb css_animation=\u00bbfadeInUp\u00bb css=\u00bb.vc_custom_1619106042358{background-position: center !important;background-repeat: no-repeat !important;background-size: cover !important;}\u00bb][vc_column][vc_row_inner css=\u00bb.vc_custom_1619027662759{padding-right: 10% !important;padding-left: 10% !important;}\u00bb][vc_column_inner][vc_column_text]<\/p>\n<h1 class=\"lea\">Apoyo a la investigaci\u00f3n<\/h1>\n<p>[\/vc_column_text][vc_empty_space height=\u00bb15px\u00bb][vc_column_text]<a href=\"https:\/\/riull.ull.es\/xmlui\/bitstream\/handle\/915\/7853\/Acuerdo%203_Firma.pdf\" target=\"_blank\" rel=\"noopener noreferrer\" target=\"_blank\" rel=\"noopener\">Reglamento para la gesti\u00f3n de costes indirectos procedentes de proyectos de investigaci\u00f3n competitivos de \u00e1mbito nacional y regional<\/a><\/p>\n<p><a href=\"https:\/\/riull.ull.es\/xmlui\/bitstream\/handle\/915\/7854\/Acuerdo%204_Firma.pdf\" target=\"_blank\" rel=\"noopener noreferrer\" target=\"_blank\" rel=\"noopener\">Normativa para la gesti\u00f3n de costes indirectos procedentes de proyectos de investigaci\u00f3n competitivos de \u00e1mbito internacional<\/a><\/p>\n<p><a href=\"https:\/\/riull.ull.es\/xmlui\/bitstream\/handle\/915\/7852\/Acuerdo%202_Firma.pdf\" target=\"_blank\" rel=\"noopener noreferrer\" target=\"_blank\" rel=\"noopener\">Normativa para la gesti\u00f3n de recursos liberados disponibles procedentes de proyectos de investigaci\u00f3n competitivos de \u00e1mbito internacional<\/a><\/p>\n<p><a href=\"https:\/\/drive.google.com\/open?id=0Bxi8Rp1_THQzRndkY1NCYzZYcjA\" target=\"_blank\" rel=\"noopener noreferrer\" target=\"_blank\" rel=\"noopener\">Normalizaci\u00f3n de la forma de indicar el lugar de trabajo en la firma de los trabajos publicados por investigadores de la ULL<\/a><\/p>\n<ul>\n<li><a href=\"https:\/\/drive.google.com\/open?id=0Bxi8Rp1_THQzQm9TejlYTW1MSjg\" target=\"_blank\" rel=\"noopener noreferrer\" target=\"_blank\" rel=\"noopener\">Procedimiento para la selecci\u00f3n de becarios de Investigaci\u00f3n de la Universidad de La Laguna<\/a>\n<ul>\n<li><a href=\"https:\/\/drive.google.com\/open?id=0Bxi8Rp1_THQzYklwTlhPa2dvSTg\" target=\"_blank\" rel=\"noopener\">Anexo I. Convocatoria<\/a><\/li>\n<li><a href=\"https:\/\/drive.google.com\/open?id=0Bxi8Rp1_THQzanF6MWcxaVJ1VlU\" target=\"_blank\" rel=\"noopener\">Anexo II. Caracter\u00edsticas de la beca<\/a><\/li>\n<li><a href=\"https:\/\/drive.google.com\/open?id=0Bxi8Rp1_THQzc2dJUS02Ry1Xa2s\" target=\"_blank\" rel=\"noopener\">Anexo III. Modelo de solicitud<\/a><\/li>\n<li><a href=\"https:\/\/drive.google.com\/open?id=0Bxi8Rp1_THQzWWoyZ2Z6dndoWlU\" target=\"_blank\" rel=\"noopener\">Anexo IV<\/a><\/li>\n<\/ul>\n<\/li>\n<li><a href=\"https:\/\/drive.google.com\/open?id=0Bxi8Rp1_THQzNm5aeHZlTnktLW8\" target=\"_blank\" rel=\"noopener noreferrer\" target=\"_blank\" rel=\"noopener\">Programa de gesti\u00f3n de residuos t\u00f3xicos y peligrosos producidos en los laboratorios de la ULL<\/a><\/li>\n<\/ul>\n<p><a href=\"https:\/\/drive.google.com\/file\/d\/1-jwlroR8YON5UcLPp0KUJwUgd8yBHn11\/view?usp=drive_link\" target=\"_blank\" rel=\"noopener\" target=\"_blank\" rel=\"noopener\">Instrucci\u00f3n del Vicerrectorado de Investigaci\u00f3n y Transferencia de la Universidad de La Laguna para el abono de gastos de movilidad del personal posdoctoral seleccionado mediante programas para la atracci\u00f3n del talento y similares, as\u00ed como para la disponibilidad de cantidades econ\u00f3micas para su actividad investigadora<\/a><\/p>\n<p>[\/vc_column_text][vc_empty_space][\/vc_column_inner][\/vc_row_inner][vc_row_inner css=\u00bb.vc_custom_1619027662759{padding-right: 10% !important;padding-left: 10% !important;}\u00bb][vc_column_inner][vc_column_text]<\/p>\n<h2 class=\"lea\">Anexos que hay que cumplimentar:<\/h2>\n<p>[\/vc_column_text][vc_empty_space height=\u00bb15px\u00bb][vc_column_text]<\/p>\n<ul>\n<li><a href=\"https:\/\/drive.google.com\/open?id=0Bxi8Rp1_THQzQVgzR0tEMTVjMFk\" target=\"_blank\" rel=\"noopener\">Solicitud de envases<\/a><\/li>\n<li><a href=\"https:\/\/drive.google.com\/file\/d\/0Bxi8Rp1_THQzTk1vNWF5ZHlzZFk\/view\" target=\"_blank\" rel=\"noopener\">Solicitud de etiquetas<\/a><\/li>\n<li><a href=\"https:\/\/drive.google.com\/file\/d\/0Bxi8Rp1_THQzeGtqOEVEVjhHTkU\/view\" target=\"_blank\" rel=\"noopener\">Solicitud de retirada de residuos peligrosos<\/a><\/li>\n<\/ul>\n<p><a href=\"https:\/\/drive.google.com\/open?id=0Bxi8Rp1_THQzWEQ4dmVWZWRmNzg\" target=\"_blank\" rel=\"noopener\">Normas para el reconocimiento de la condici\u00f3n de becario de investigaci\u00f3n de la ULL<\/a><\/p>\n<p><a href=\"https:\/\/drive.google.com\/open?id=0Bxi8Rp1_THQzVEVZbkJTTDRnenc\" target=\"_blank\" rel=\"noopener\">Solicitud de reconocimiento de la condici\u00f3n de becario de investigaci\u00f3n<\/a><\/p>\n<p><a href=\"https:\/\/sede.ull.es\/ecivilis-site\/catalog\/showProcedure\/515\" target=\"_blank\" rel=\"noopener\">Solicitud de autorizaci\u00f3n para participar en proyectos de investigaci\u00f3n de otra instituci\u00f3n<\/a><\/p>\n<p><a href=\"https:\/\/sede.ull.es\/ecivilis-site\/catalog\/showProcedure\/522\" target=\"_blank\" rel=\"noopener\">Solicitud para participar en actividades de investigaci\u00f3n de otra instituci\u00f3n<\/a><\/p>\n<p><a href=\"https:\/\/drive.google.com\/open?id=0Bxi8Rp1_THQzRDBlbTFkOTJaWGs\" target=\"_blank\" rel=\"noopener noreferrer\" target=\"_blank\" rel=\"noopener\">Creaci\u00f3n de institutos universitarios<\/a><\/p>\n<p><a href=\"https:\/\/drive.google.com\/open?id=0Bxi8Rp1_THQzZjBZRnY3TkVkU0E\" target=\"_blank\" rel=\"noopener noreferrer\" target=\"_blank\" rel=\"noopener\">Creaci\u00f3n de centros de estudios<\/a><\/p>\n<p><a href=\"http:\/\/www.minhafp.gob.es\/Documentacion\/Publico\/D.G.%20PATRIMONIO\/Junta%20Consultiva\/CPA.pdf\" target=\"_blank\" rel=\"noopener noreferrer\" target=\"_blank\" rel=\"noopener\">Reglamento (CE) de la comisi\u00f3n por el que se modifica el reglamento (CEE) del consejo relativo a la clasificaci\u00f3n estad\u00edstica de productos por actividadees (CPA) en la Comunidad Econ\u00f3mica Europea<\/a><\/p>\n<p><a href=\"https:\/\/www.boe.es\/doue\/2003\/329\/L00001-00270.pdf\" target=\"_blank\" rel=\"noopener noreferrer\" target=\"_blank\" rel=\"noopener\">Reglamento (CE) de la comisi\u00f3n por el que se modifica el reglamento (CE) del Parlamento Europeo y del consejo por el que se aprueba el vocabulario com\u00fan de contratos p\u00fablicos (CPV)<\/a><\/p>\n<p><a href=\"https:\/\/drive.google.com\/open?id=0Bxi8Rp1_THQzQ1V6YjEtcmE2X1E\" target=\"_blank\" rel=\"noopener noreferrer\" target=\"_blank\" rel=\"noopener\">Procedimiento para el registro de grupos de investigaci\u00f3n de la Universidad de La Laguna<\/a>[\/vc_column_text][vc_empty_space][\/vc_column_inner][\/vc_row_inner][\/vc_column][\/vc_row][vc_row full_width=\u00bbstretch_row_content\u00bb css_animation=\u00bbfadeInUp\u00bb css=\u00bb.vc_custom_1619106050650{background-color: #f4f4f4 !important;background-position: center !important;background-repeat: no-repeat !important;background-size: cover !important;}\u00bb][vc_column][vc_row_inner css=\u00bb.vc_custom_1619027662759{padding-right: 10% !important;padding-left: 10% !important;}\u00bb][vc_column_inner][vc_column_text]<\/p>\n<h1 class=\"lea\">Transferencia de Conocimiento<\/h1>\n<p>[\/vc_column_text][vc_empty_space height=\u00bb15px\u00bb][vc_column_text]<\/p>\n<ul>\n<li><a href=\"https:\/\/drive.google.com\/open?id=0Bxi8Rp1_THQzcEFtXy1GMFZsNEk\" target=\"_blank\" rel=\"noopener noreferrer\" target=\"_blank\" rel=\"noopener\">Normativa de Empresas de Base Tecnol\u00f3gica<\/a><\/li>\n<li><a href=\"https:\/\/drive.google.com\/file\/d\/0Bxi8Rp1_THQzcFNWc2ZfdFZvc0k\/view?usp=sharing\" target=\"_blank\" rel=\"noopener noreferrer\" target=\"_blank\" rel=\"noopener\">Normativa sobre la protecci\u00f3n y explotaci\u00f3n de resultados de investigaci\u00f3n en la ULL<\/a><\/li>\n<li><a href=\"https:\/\/drive.google.com\/open?id=0Bxi8Rp1_THQzXzVVczR0MkNfbkU\" target=\"_blank\" rel=\"noopener noreferrer\" target=\"_blank\" rel=\"noopener\">Protocolos sobre la protecci\u00f3n y explotaci\u00f3n de resultados de investigaci\u00f3n en la ULL<\/a><\/li>\n<\/ul>\n<p>[\/vc_column_text][vc_empty_space][\/vc_column_inner][\/vc_row_inner][\/vc_column][\/vc_row][vc_row full_width=\u00bbstretch_row_content\u00bb css_animation=\u00bbfadeInUp\u00bb css=\u00bb.vc_custom_1619106042358{background-position: center !important;background-repeat: no-repeat !important;background-size: cover !important;}\u00bb][vc_column][vc_row_inner css=\u00bb.vc_custom_1619027662759{padding-right: 10% !important;padding-left: 10% !important;}\u00bb][vc_column_inner][vc_column_text]<\/p>\n<h1 class=\"lea\">Servicio General de Apoyo a la Investigaci\u00f3n (SEGAI)<\/h1>\n<p>[\/vc_column_text][vc_empty_space height=\u00bb15px\u00bb][vc_column_text]<\/p>\n<ul>\n<li><a href=\"https:\/\/drive.google.com\/open?id=0Bxi8Rp1_THQzaE9QSHRIU3BCVFU\" target=\"_blank\" rel=\"noopener noreferrer\" target=\"_blank\" rel=\"noopener\">Reglamento de funcionamiento del Servicio General de Apoyo a la Investigaci\u00f3n<\/a><\/li>\n<\/ul>\n<p>[\/vc_column_text][vc_empty_space][\/vc_column_inner][\/vc_row_inner][\/vc_column][\/vc_row][vc_row full_width=\u00bbstretch_row_content\u00bb css_animation=\u00bbfadeInUp\u00bb css=\u00bb.vc_custom_1619106050650{background-color: #f4f4f4 !important;background-position: center !important;background-repeat: no-repeat !important;background-size: cover !important;}\u00bb][vc_column][vc_row_inner css=\u00bb.vc_custom_1619027662759{padding-right: 10% !important;padding-left: 10% !important;}\u00bb][vc_column_inner][vc_column_text]<\/p>\n<h1 class=\"lea\">Servicio de Gesti\u00f3n de la Investigaci\u00f3n<\/h1>\n<p>[\/vc_column_text][vc_empty_space height=\u00bb15px\u00bb][vc_column_text]<\/p>\n<ul>\n<li style=\"list-style-type: none;\">\n<ul>\n<li><a href=\"https:\/\/drive.google.com\/file\/d\/12RSwlyzYGv1h51sj6Fl_FAUYSinWzdNS\/view?usp=sharing\" target=\"_blank\" rel=\"noopener\" target=\"_blank\" rel=\"noopener\">Guia de participaci\u00f3n en proyectos de investigaci\u00f3n<\/a><\/li>\n<\/ul>\n<ul>\n<li><a href=\"https:\/\/drive.google.com\/file\/d\/1I_ljV1GtBUy32tQnq89qIdsPpH0w3Tx7\/view?usp=sharing\" target=\"_blank\" rel=\"noopener\" target=\"_blank\" rel=\"noopener\">Nota interna del Vicerrectorado de Investigaci\u00f3n y Transferencia sobre retribuciones de aplicaci\u00f3n para la contrataci\u00f3n de personal de investigaci\u00f3n a trav\u00e9s de las figuras establecidas en la Ley de la Ciencia.<\/a><\/li>\n<li><a href=\"https:\/\/drive.google.com\/file\/d\/1n0Cpyv9WYmp5WqUwoeITLFjpB5oNI3X-\/view?usp=sharing\" target=\"_blank\" rel=\"noopener\">Formulario para la continuidad de contrato indefinido en el marco de la misma l\u00ednea de investigaci\u00f3n<\/a><\/li>\n<\/ul>\n<\/li>\n<\/ul>\n<p>[\/vc_column_text][vc_empty_space][\/vc_column_inner][\/vc_row_inner][\/vc_column][\/vc_row][vc_row full_width=\u00bbstretch_row_content\u00bb css_animation=\u00bbfadeInUp\u00bb css=\u00bb.vc_custom_1619106042358{background-position: center !important;background-repeat: no-repeat !important;background-size: cover !important;}\u00bb][vc_column][vc_row_inner css=\u00bb.vc_custom_1619027662759{padding-right: 10% !important;padding-left: 10% !important;}\u00bb][vc_column_inner][vc_column_text]<\/p>\n<h1 class=\"lea\">Comisi\u00f3n de Investigaci\u00f3n<\/h1>\n<p>[\/vc_column_text][vc_empty_space height=\u00bb15px\u00bb][vc_column_text]<\/p>\n<ul>\n<li><a href=\"https:\/\/riull.ull.es\/xmlui\/bitstream\/handle\/915\/12444\/organizacion_funcionamiento_comision.pdf\" target=\"_blank\" rel=\"noopener noreferrer\" target=\"_blank\" rel=\"noopener\">Reglamento de Organizaci\u00f3n y Funcionamiento de la Comisi\u00f3n de Investigaci\u00f3n de la Universidad de La Laguna<\/a>\u00a0(aprobado en Consejo de Gobierno del 31 de enero de 2012)<\/li>\n<\/ul>\n<p>[\/vc_column_text][vc_empty_space][\/vc_column_inner][\/vc_row_inner][\/vc_column][\/vc_row][vc_row full_width=\u00bbstretch_row_content\u00bb css_animation=\u00bbfadeInUp\u00bb css=\u00bb.vc_custom_1619106050650{background-color: #f4f4f4 !important;background-position: center !important;background-repeat: no-repeat !important;background-size: cover !important;}\u00bb][vc_column][vc_row_inner css=\u00bb.vc_custom_1619027662759{padding-right: 10% !important;padding-left: 10% !important;}\u00bb][vc_column_inner][vc_column_text]<\/p>\n<h1 class=\"lea\">Protocolo de difusi\u00f3n<\/h1>\n<p>[\/vc_column_text][vc_empty_space height=\u00bb15px\u00bb][vc_column_text]El Vicerrectorado de Investigaci\u00f3n y el Gabinete de Comunicaci\u00f3n de la Universidad de La Laguna, han establecido un protocolo de difusi\u00f3n de la producci\u00f3n cient\u00edfica del PDI de la instituci\u00f3n que se beneficia de alguna de las ayudas vinculadas al citado vicerrectorado, con el objetivo fundamental de dar una mayor visibilidad a la actividad investigadora que se realiza.<\/p>\n<p>A continuaci\u00f3n pueden descargarse los formularios de prensa tanto para \u00abcursos y seminarios\u00bb como para \u00abprofesores invitados\u00bb con el objeto de que las cumplimenten ya que corresponden a las ayudas que se solicitan con cargo al Plan de Formaci\u00f3n de J\u00f3venes Investigadores.<\/p>\n<ul>\n<li><a href=\"https:\/\/sede.ull.es\/ecivilis-site\/catalog\/showProcedure\/528\" target=\"_blank\" rel=\"noopener noreferrer\" target=\"_blank\" rel=\"noopener\">Formulario para cursos y seminarios<br \/>\n<\/a><\/li>\n<li><a href=\"https:\/\/sede.ull.es\/ecivilis-site\/catalog\/showProcedure\/524\" target=\"_blank\" rel=\"noopener noreferrer\" target=\"_blank\" rel=\"noopener\">Formulario de prensa para profesores invitados<\/a><\/li>\n<\/ul>\n<p>[\/vc_column_text][vc_empty_space][\/vc_column_inner][\/vc_row_inner][\/vc_column][\/vc_row][vc_row full_width=\u00bbstretch_row_content\u00bb css_animation=\u00bbfadeInUp\u00bb css=\u00bb.vc_custom_1619106042358{background-position: center !important;background-repeat: no-repeat !important;background-size: cover !important;}\u00bb][vc_column][vc_row_inner css=\u00bb.vc_custom_1619027662759{padding-right: 10% !important;padding-left: 10% !important;}\u00bb][vc_column_inner][vc_column_text]<\/p>\n<h1 class=\"lea\">Normalizaci\u00f3n de la forma de indicar el lugar de trabajo en la firma de los trabajos publicados por investigadores de la ULL<\/h1>\n<p>[\/vc_column_text][vc_empty_space height=\u00bb15px\u00bb][vc_column_text]La correcta consignaci\u00f3n del lugar de trabajo favorece la visibilidad de los centros e instituciones en la comunidad cient\u00edfica internacional, as\u00ed como la fiabilidad de indicadores bibliom\u00e9tricos sobre productividad, impacto, ranking, etc., de pa\u00edses, instituciones, regiones y provincias. Por esta raz\u00f3n, se proponen las siguientes recomendaciones:<\/p>\n<ul>\n<li>Los autores deben incluir siempre su afiliaci\u00f3n institucional y hacerlo en espa\u00f1ol: \u201c<strong>Universidad de La Laguna<\/strong>\u201d.<\/li>\n<li>Se debe incluir en este orden, el nombre del grupo (si procede), o departamento (si procede), centro o instituto (nombre completo y acr\u00f3nimo, si existe), instituci\u00f3n de la que depende (nombre completo y acr\u00f3nimo, si existe), direcci\u00f3n postal, ciudad, y pa\u00eds.<\/li>\n<li>Se recomienda firmemente incluir el nombre del centro o instituto en el idioma original, que es lo correcto desde un punto de vista ling\u00fc\u00edstico. Incluir el nombre del centro traducido al ingl\u00e9s es una pr\u00e1ctica com\u00fan entre algunos investigadores para facilitar la visibilidad internacional de su centro. Sin embargo, para evitar la proliferaci\u00f3n de variantes y nombres no homologados, se recomienda hacerlo s\u00f3lo si el centro cuenta con un nombre normalizado previamente aceptado por la instituci\u00f3n y siempre acompa\u00f1ado de las siglas correspondientes al nombre del centro en la lengua original para garantizar su adecuada identificaci\u00f3n.<\/li>\n<li>En el caso de los centros\/unidades mixtas dependientes de varias instituciones es recomendable especificar el nombre del centro y las instituciones de las que depende.<\/li>\n<li>En el caso de investigadores del sector hospitalario, que adem\u00e1s son profesores universitarios, se recomienda incluir ambas instituciones.<\/li>\n<\/ul>\n<p>Ejemplos:<\/p>\n<ul>\n<li>Departamento de Econom\u00eda Aplicada y M\u00e9todos Cuantitativos, Facultad de Econom\u00eda, Empresa y Turismo, Universidad de La Laguna (ULL). Campus de Guajara. 38200 La Laguna (Tenerife), Espa\u00f1a.<\/li>\n<li>Instituto Universitario de Bio-Org\u00e1nica \u201cAntonio Gonz\u00e1lez\u201d (IUBO). Universidad de La Laguna (ULL). Avenida Astrof\u00edsico Francisco S\u00e1nchez, 2. 38200 La Laguna (Tenerife), Espa\u00f1a.<\/li>\n<li>Instituto de Astrof\u00edsica de Canarias (IAC), Centro Superior de Investigaciones Cient\u00edficas (CSIC), Universidad de La Laguna (ULL), C\/ V\u00eda L\u00e1ctea, s\/n, 38205 \u2013 La Laguna (Tenerife). Espa\u00f1a<\/li>\n<li>Hospital Universitario de Canarias (HUC), Universidad de La Laguna (ULL), Santa Cruz de Tenerife, Espa\u00f1a.<\/li>\n<\/ul>\n<p>1 Adaptado del documento: Propuesta de manual de ayuda a los investigadores espa\u00f1oles para la normalizaci\u00f3n del nombre de autores e instituciones en las publicaciones cient\u00edficas. Versi\u00f3n 17\/01\/07. Documento elaborado para la FECYT por los grupos de investigaci\u00f3n EC3 de la Universidad de Granada y An\u00e1lisis Cuantitativos de Ciencia y Tecnolog\u00eda del CINDOCCSIC.[\/vc_column_text][vc_empty_space][\/vc_column_inner][\/vc_row_inner][\/vc_column][\/vc_row][vc_row][vc_column][vc_empty_space height=\u00bb10px\u00bb][\/vc_column][\/vc_row]<\/p>\n","protected":false},"excerpt":{"rendered":"<p>[vc_row][vc_column][rev_slider_vc alias=\u00bbprocedimientos\u00bb][\/vc_column][\/vc_row][vc_row full_width=\u00bbstretch_row_content\u00bb css_animation=\u00bbfadeInUp\u00bb css=\u00bb.vc_custom_1619027676387{background-color: #f4f4f4 !important;background-position: center !important;background-repeat: no-repeat !important;background-size: cover !important;}\u00bb][vc_column][vc_row_inner css=\u00bb.vc_custom_1619027662759{padding-right: 10% !important;padding-left: 10% !important;}\u00bb][vc_column_inner][vc_column_text] Modelo de pago por impartici\u00f3n de cursos, conferencias y otras actividades [\/vc_column_text][vc_empty_space height=\u00bb15px\u00bb][vc_column_text] Formularios de designaci\u00f3n y pago a conferenciantes y actividades an\u00e1logas Instrucci\u00f3n de la Gerencia pago conferencias [\/vc_column_text][vc_empty_space][\/vc_column_inner][\/vc_row_inner][\/vc_column][\/vc_row][vc_row full_width=\u00bbstretch_row_content\u00bb css_animation=\u00bbfadeInUp\u00bb css=\u00bb.vc_custom_1619106042358{background-position: center !important;background-repeat: no-repeat !important;background-size:&#8230;<\/p>\n","protected":false},"author":1,"featured_media":0,"parent":0,"menu_order":0,"comment_status":"closed","ping_status":"closed","template":"templates\/template-no-title.php","meta":{"footnotes":""},"_links":{"self":[{"href":"https:\/\/www.ull.es\/investigacion\/wp-json\/wp\/v2\/pages\/117"}],"collection":[{"href":"https:\/\/www.ull.es\/investigacion\/wp-json\/wp\/v2\/pages"}],"about":[{"href":"https:\/\/www.ull.es\/investigacion\/wp-json\/wp\/v2\/types\/page"}],"author":[{"embeddable":true,"href":"https:\/\/www.ull.es\/investigacion\/wp-json\/wp\/v2\/users\/1"}],"replies":[{"embeddable":true,"href":"https:\/\/www.ull.es\/investigacion\/wp-json\/wp\/v2\/comments?post=117"}],"version-history":[{"count":26,"href":"https:\/\/www.ull.es\/investigacion\/wp-json\/wp\/v2\/pages\/117\/revisions"}],"predecessor-version":[{"id":840,"href":"https:\/\/www.ull.es\/investigacion\/wp-json\/wp\/v2\/pages\/117\/revisions\/840"}],"wp:attachment":[{"href":"https:\/\/www.ull.es\/investigacion\/wp-json\/wp\/v2\/media?parent=117"}],"curies":[{"name":"wp","href":"https:\/\/api.w.org\/{rel}","templated":true}]}}