{"id":124,"date":"2021-04-22T16:10:19","date_gmt":"2021-04-22T16:10:19","guid":{"rendered":"https:\/\/www.ull.es\/investigacion2\/?page_id=124"},"modified":"2022-04-27T08:08:16","modified_gmt":"2022-04-27T08:08:16","slug":"comite-de-etica-de-la-investigacion-y-bienestar-animal","status":"publish","type":"page","link":"https:\/\/www.ull.es\/investigacion\/comite-de-etica-de-la-investigacion-y-bienestar-animal\/","title":{"rendered":"Comit\u00e9 de \u00c9tica de la Investigaci\u00f3n y Bienestar Animal"},"content":{"rendered":"<p>[vc_row][vc_column][rev_slider_vc alias=\u00bbbienestar-animal\u00bb][\/vc_column][\/vc_row][vc_row full_width=\u00bbstretch_row_content\u00bb css_animation=\u00bbfadeInUp\u00bb css=\u00bb.vc_custom_1619027676387{background-color: #f4f4f4 !important;background-position: center !important;background-repeat: no-repeat !important;background-size: cover !important;}\u00bb][vc_column][vc_row_inner css=\u00bb.vc_custom_1619027662759{padding-right: 10% !important;padding-left: 10% !important;}\u00bb][vc_column_inner][vc_empty_space height=\u00bb15px\u00bb][vc_column_text]El <strong>CEIBA<\/strong> tiene, como funci\u00f3n general, debatir e informar sobre los problemas \u00e9ticos suscitados por la investigaci\u00f3n cient\u00edfica desarrollada en el contexto de la <strong>ULL<\/strong>; y le corresponde en particular:<\/p>\n<ul>\n<li>Estudiar e informar, desde las exigencias de la \u00e9tica y de acuerdo con la normativa legal vigente, los protocolos de aquellos proyectos de investigaci\u00f3n emanados de alg\u00fan centro de la <strong>ULL<\/strong> en los que se utilicen, como material de experimentaci\u00f3n, personas, muestras org\u00e1nicas procedente de seres humanos, datos personales que puedan considerarse confidenciales, animales vivos, o muestras de origen animal. Tambi\u00e9n analizar\u00e1 cualquier otro proyecto de investigaci\u00f3n que pueda afectar de modo directo los derechos b\u00e1sicos de las personas o intereses vinculados a la defensa y protecci\u00f3n del medio ambiente.<\/li>\n<li>Informar, a instancias de los investigadores interesados, aquellos manuscritos destinados a ser publicados que se realicen por personal adscrito a la <strong>ULL<\/strong>.<\/li>\n<\/ul>\n<p>Para ponerse en contacto con el Comit\u00e9 de \u00c9tica de la Investigaci\u00f3n y Bienestar Animal, puede escribir un correo electr\u00f3nico a <b><a href=\"mailto:ceiba@ull.edu.es\" target=\"_blank\" rel=\"noopener\" target=\"_blank\" rel=\"noopener\">ceiba@ull.es<\/a>\u00a0<\/b><\/p>\n<p>En su funcionamiento el Comit\u00e9 se atendr\u00e1 a su reglamento, y toda la informaci\u00f3n que reciba o emita ser\u00e1 estrictamente confidencial.[\/vc_column_text][vc_empty_space][vc_btn title=\u00bbPulse aqu\u00ed para crear una nueva solicitud o acceder a su listado\u00bb style=\u00bbflat\u00bb shape=\u00bbsquare\u00bb size=\u00bblg\u00bb align=\u00bbcenter\u00bb button_block=\u00bbtrue\u00bb custom_onclick=\u00bbtrue\u00bb link=\u00bburl:https%3A%2F%2Fwww.ull.es%2Fapps%2Fceiba%2Fprojects%2F|target:_blank\u00bb][vc_empty_space][\/vc_column_inner][\/vc_row_inner][\/vc_column][\/vc_row][vc_row full_width=\u00bbstretch_row_content\u00bb css_animation=\u00bbfadeInUp\u00bb disable_element=\u00bbyes\u00bb css=\u00bb.vc_custom_1619108111563{background-color: #f4f4f4 !important;background-position: 0 0 !important;background-repeat: no-repeat !important;}\u00bb][vc_column][vc_empty_space][vc_row_inner equal_height=\u00bbyes\u00bb content_placement=\u00bbmiddle\u00bb css=\u00bb.vc_custom_1619026417562{padding-right: 10% !important;padding-left: 10% !important;}\u00bb][vc_column_inner el_class=\u00bbcaja-facultad\u00bb width=\u00bb1\/3&#8243;][vc_column_text]<\/p>\n<div class=\"wpb_text_column wpb_content_element \">\n<div class=\"wpb_wrapper\">\n<div dir=\"ltr\">La gesti\u00f3n de los grupos de investigaci\u00f3n se realiza en el\u00a0<a href=\"https:\/\/www.ull.es\/servicios\/gestion-de-la-investigacion\/\" target=\"_blank\" rel=\"noopener noreferrer\" target=\"_blank\" rel=\"noopener\">Servicio de Gesti\u00f3n de la investigaci\u00f3n<\/a>\u00a0(SGI).<\/div>\n<div dir=\"ltr\"><\/div>\n<\/div>\n<\/div>\n<p>[\/vc_column_text][\/vc_column_inner][vc_column_inner el_class=\u00bbcaja-facultad\u00bb width=\u00bb1\/3&#8243;][vc_column_text]<\/p>\n<div class=\"wpb_text_column wpb_content_element \">\n<div class=\"wpb_wrapper\">\n<div dir=\"ltr\">La informaci\u00f3n que se muestra en la web relativa a los grupos es la que consta en los aplicativos de gesti\u00f3n universitaria.<\/div>\n<div dir=\"ltr\"><\/div>\n<\/div>\n<\/div>\n<p>[\/vc_column_text][\/vc_column_inner][vc_column_inner el_class=\u00bbcaja-facultad\u00bb width=\u00bb1\/3&#8243;][vc_column_text]<\/p>\n<div class=\"wpb_text_column wpb_content_element \">\n<div class=\"wpb_wrapper\">\n<div dir=\"ltr\">Para cualquier actuaci\u00f3n relacionada con este \u00e1mbito, puede Ud.\u00a0<a href=\"https:\/\/www.ull.es\/directorio\/search\/?busqueda=servicio-gestion-de-la-investigacion\" target=\"_blank\" rel=\"noopener noreferrer\" target=\"_blank\" rel=\"noopener\">contactar con el SGI<\/a>.<\/div>\n<\/div>\n<\/div>\n<p>[\/vc_column_text][\/vc_column_inner][\/vc_row_inner][vc_empty_space][\/vc_column][\/vc_row]<\/p>\n","protected":false},"excerpt":{"rendered":"<p>[vc_row][vc_column][rev_slider_vc alias=\u00bbbienestar-animal\u00bb][\/vc_column][\/vc_row][vc_row full_width=\u00bbstretch_row_content\u00bb css_animation=\u00bbfadeInUp\u00bb css=\u00bb.vc_custom_1619027676387{background-color: #f4f4f4 !important;background-position: center !important;background-repeat: no-repeat !important;background-size: cover !important;}\u00bb][vc_column][vc_row_inner css=\u00bb.vc_custom_1619027662759{padding-right: 10% !important;padding-left: 10% !important;}\u00bb][vc_column_inner][vc_empty_space height=\u00bb15px\u00bb][vc_column_text]El CEIBA tiene, como funci\u00f3n general, debatir e informar sobre los problemas \u00e9ticos suscitados por la investigaci\u00f3n cient\u00edfica desarrollada en el contexto de la ULL; y le corresponde en particular: Estudiar e informar, desde las exigencias de&#8230;<\/p>\n","protected":false},"author":1,"featured_media":0,"parent":0,"menu_order":0,"comment_status":"closed","ping_status":"closed","template":"templates\/template-no-title.php","meta":{"footnotes":""},"_links":{"self":[{"href":"https:\/\/www.ull.es\/investigacion\/wp-json\/wp\/v2\/pages\/124"}],"collection":[{"href":"https:\/\/www.ull.es\/investigacion\/wp-json\/wp\/v2\/pages"}],"about":[{"href":"https:\/\/www.ull.es\/investigacion\/wp-json\/wp\/v2\/types\/page"}],"author":[{"embeddable":true,"href":"https:\/\/www.ull.es\/investigacion\/wp-json\/wp\/v2\/users\/1"}],"replies":[{"embeddable":true,"href":"https:\/\/www.ull.es\/investigacion\/wp-json\/wp\/v2\/comments?post=124"}],"version-history":[{"count":5,"href":"https:\/\/www.ull.es\/investigacion\/wp-json\/wp\/v2\/pages\/124\/revisions"}],"predecessor-version":[{"id":435,"href":"https:\/\/www.ull.es\/investigacion\/wp-json\/wp\/v2\/pages\/124\/revisions\/435"}],"wp:attachment":[{"href":"https:\/\/www.ull.es\/investigacion\/wp-json\/wp\/v2\/media?parent=124"}],"curies":[{"name":"wp","href":"https:\/\/api.w.org\/{rel}","templated":true}]}}