{"id":153,"date":"2021-04-23T08:33:31","date_gmt":"2021-04-23T08:33:31","guid":{"rendered":"https:\/\/www.ull.es\/investigacion2\/?page_id=153"},"modified":"2025-11-10T13:34:29","modified_gmt":"2025-11-10T13:34:29","slug":"plan-propio-de-investigacion","status":"publish","type":"page","link":"https:\/\/www.ull.es\/investigacion\/plan-propio-de-investigacion\/","title":{"rendered":"Plan Propio de Investigaci\u00f3n"},"content":{"rendered":"<p>[vc_row full_width=\u00bbstretch_row_content_no_spaces\u00bb equal_height=\u00bbyes\u00bb content_placement=\u00bbmiddle\u00bb css=\u00bb.vc_custom_1694516100976{margin-top: -50px !important;background-position: center !important;background-repeat: no-repeat !important;background-size: contain !important;}\u00bb][vc_column css=\u00bb.vc_custom_1694516117354{padding-top: 250px !important;padding-bottom: 250px !important;background-image: url(https:\/\/www.ull.es\/investigacion\/wp-content\/uploads\/2023\/09\/06.07.20-1.jpg?id=633) !important;background-position: center !important;background-repeat: no-repeat !important;background-size: contain !important;}\u00bb offset=\u00bbvc_hidden-sm vc_hidden-xs\u00bb][vc_custom_heading text=\u00bbPlan propio de investigaci\u00f3n\u00bb font_container=\u00bbtag:h1|font_size:50|text_align:center|color:%23f291ac|line_height:2&#8243; google_fonts=\u00bbfont_family:Montserrat%3Aregular%2C700|font_style:700%20bold%20regular%3A700%3Anormal\u00bb el_class=\u00bbtitulo-inv\u00bb][\/vc_column][\/vc_row][vc_row gap=\u00bb25&#8243; content_placement=\u00bbtop\u00bb css=\u00bb.vc_custom_1697183870535{margin-top: -50px !important;background-position: center !important;background-repeat: no-repeat !important;background-size: contain !important;}\u00bb][vc_column width=\u00bb1\/2&#8243; offset=\u00bbvc_hidden-sm vc_hidden-xs\u00bb][vc_custom_heading text=\u00bbConvocatorias del Plan propio de investigaci\u00f3n\u00bb font_container=\u00bbtag:h2|font_size:35|text_align:center|color:%23bb80b7|line_height:1.8&#8243; use_theme_fonts=\u00bbyes\u00bb css=\u00bb.vc_custom_1695645042063{margin-bottom: 50px !important;padding-top: 100px !important;padding-right: 50px !important;padding-bottom: 100px !important;padding-left: 50px !important;background-image: url(https:\/\/www.ull.es\/investigacion\/wp-content\/uploads\/2023\/09\/degr_Mesa-de-trabajo-1.png?id=660) !important;background-position: center !important;background-repeat: no-repeat !important;background-size: cover !important;border-radius: 10px !important;}\u00bb el_class=\u00bbconv-2&#8243;][vc_btn title=\u00bbVer convocatorias\u00bb style=\u00bbgradient\u00bb gradient_color_1=\u00bbpurple\u00bb gradient_color_2=\u00bborange\u00bb size=\u00bblg\u00bb align=\u00bbcenter\u00bb button_block=\u00bbtrue\u00bb link=\u00bburl:https%3A%2F%2Fwww.ull.es%2Fportal%2Fconvocatorias%2Fcategorias%2Fplan-propio-de-investigacion%2F|title:Ver%20convocatorias|target:_blank\u00bb][vc_btn title=\u00bbPlan de investigaci\u00f3n y transferencia de la Universidad de La Laguna 2026&#8243; style=\u00bbgradient\u00bb gradient_color_1=\u00bbpurple\u00bb gradient_color_2=\u00bborange\u00bb size=\u00bblg\u00bb align=\u00bbcenter\u00bb button_block=\u00bbtrue\u00bb link=\u00bburl:https%3A%2F%2Fdrive.google.com%2Ffile%2Fd%2F1aJ1w5Sd1rv1tUQxzwQyxpks-i9W2MM8D%2Fview%3Fusp%3Dsharing|title:Ver%20convocatorias|target:_blank\u00bb][\/vc_column][vc_column width=\u00bb1\/2&#8243; css=\u00bb.vc_custom_1695632980258{background-position: center !important;background-repeat: no-repeat !important;background-size: contain !important;}\u00bb offset=\u00bbvc_hidden-sm vc_hidden-xs\u00bb][vc_column_text]<style>\n    .news-group .bg-size {\n        background-position: center;\n        background-size: cover;\n        width: 100%;\n        height: 48px;\n    }\n    .news-group .list-group-item-text {\n        font-size: 13px;\n    }\n    .news-group .col-md-3 {\n        padding-right: 0;\n    }\n    .news-group .list-group-item-date {\n        font-size: 11px;\n        color: #A4A4A4;\n        margin-bottom: 2px;\n        text-transform: uppercase;\n    }\n\n    .mensaje.alert-warning{\n        font-size: 12px;\n        margin: 14px !important;\n        padding: 4px 8px;\n        color: #cca60b;\n    }\n\n<\/style>\n\n<div class=\"panel panel-default\">\n    <div class=\"panel-heading\">\n        <h3 class=\"panel-title\">Notificaciones<\/h3>\n    <\/div>\n\n    <div class=\"list-group news-group\">\n                            <a href=\"https:\/\/www.ull.es\/portal\/noticias\/2026\/resolucion-del-vicerrector-de-investigacion-y-transferencia-por-la-que-se-resuelve-el-reparto-de-costes-indirectos-correspondiente-a-los-centros-de-estudios-e-institutos-universitarios-de-investigac-3\/\" class=\"list-group-item\">\n                    <div class=\"row\">\n                        <div class=\"col-md-12\">\n                            <p class=\"list-group-item-date\">\n                                27 Mar 2026 - 13:43 UTC                            <\/p>\n                            <p class=\"list-group-item-text\">Resoluci\u00f3n del Vicerrector de Investigaci\u00f3n y Transferencia por la que se resuelve el reparto de costes indirectos correspondiente a los Centros de Estudios e Institutos Universitarios de Investigaci\u00f3n correspondiente a convenios y contratos concedidos y\/o firmados en 2025<\/p>\n                        <\/div>\n                    <\/div>\n                <\/a>\n                            <a href=\"https:\/\/www.ull.es\/portal\/noticias\/2026\/correccion-de-errores-de-resolucion-del-vicerrector-de-investigacion-y-transferencia-de-26-de-febrero-de-2026-por-la-que-resuelve-el-reparto-de-costes-indirectos-procedentes-de-la-convocatoria-de-su\/\" class=\"list-group-item\">\n                    <div class=\"row\">\n                        <div class=\"col-md-12\">\n                            <p class=\"list-group-item-date\">\n                                13 Mar 2026 - 12:04 UTC                            <\/p>\n                            <p class=\"list-group-item-text\">Correcci\u00f3n de errores de Resoluci\u00f3n del Vicerrector de Investigaci\u00f3n y Transferencia, de 26 de febrero de 2026, por la que resuelve el reparto de costes indirectos procedentes de la convocatoria de subvenciones, en r\u00e9gimen de concurrencia competitiva, para el fomento de la econom\u00eda azul y el impulso de la sostenibilidad pesquera y acu\u00edcola<\/p>\n                        <\/div>\n                    <\/div>\n                <\/a>\n                            <a href=\"https:\/\/www.ull.es\/portal\/noticias\/2026\/correccion-de-errores-de-resolucion-del-vicerrector-de-investigacion-y-transferencia-de-fecha-6-de-febrero-de-2026-por-la-que-resuelve-el-reparto-de-costes-indirectos-por-la-que-se-conceden-subvenci\/\" class=\"list-group-item\">\n                    <div class=\"row\">\n                        <div class=\"col-md-12\">\n                            <p class=\"list-group-item-date\">\n                                13 Mar 2026 - 12:02 UTC                            <\/p>\n                            <p class=\"list-group-item-text\">Correcci\u00f3n de errores de Resoluci\u00f3n del Vicerrector de Investigaci\u00f3n y Transferencia, de fecha 6 de febrero de 2026, por la que resuelve el reparto de costes indirectos por la que se conceden subvenciones para Proyectos de I+D+I en salud<\/p>\n                        <\/div>\n                    <\/div>\n                <\/a>\n                            <a href=\"https:\/\/www.ull.es\/portal\/noticias\/2026\/resolucion-del-vicerrector-de-investigacion-y-transferencia-por-la-que-resuelve-el-reparto-de-costes-indirectos-procedentes-de-la-resolucion-de-15-12-2025-de-la-direccion-del-instituto-de-salud-carl\/\" class=\"list-group-item\">\n                    <div class=\"row\">\n                        <div class=\"col-md-12\">\n                            <p class=\"list-group-item-date\">\n                                06 Feb 2026 - 12:34 UTC                            <\/p>\n                            <p class=\"list-group-item-text\">Resoluci\u00f3n del Vicerrector de Investigaci\u00f3n y Transferencia por la que resuelve el reparto de costes indirectos procedentes de la Resoluci\u00f3n de 15\/12\/2025 de la Direcci\u00f3n del Instituto de Salud Carlos III<\/p>\n                        <\/div>\n                    <\/div>\n                <\/a>\n                            <a href=\"https:\/\/www.ull.es\/portal\/noticias\/2026\/resolucion-del-vicerrector-de-investigacion-y-transferencia-por-la-que-se-resuelve-el-reparto-de-costes-indirectos-correspondiente-a-los-centros-de-estudios-e-institutos-universitarios-de-investigac-2\/\" class=\"list-group-item\">\n                    <div class=\"row\">\n                        <div class=\"col-md-12\">\n                            <p class=\"list-group-item-date\">\n                                29 Jan 2026 - 12:52 UTC                            <\/p>\n                            <p class=\"list-group-item-text\">Resoluci\u00f3n del Vicerrector de Investigaci\u00f3n y Transferencia por la que se resuelve el reparto de costes indirectos correspondiente a los Centros de Estudios e Institutos Universitarios de Investigaci\u00f3n<\/p>\n                        <\/div>\n                    <\/div>\n                <\/a>\n                <\/div>\n    <div class=\"panel-footer\">\n        <a href=\"https:\/\/www.ull.es\/portal\/noticias\/?cat=10237\">M\u00c1S NOTIFICACIONES <i class=\"fa fa-chevron-right\"><\/i><\/a>\n    <\/div>\n\n\n<\/div>[\/vc_column_text][\/vc_column][\/vc_row][vc_row gap=\u00bb25&#8243; content_placement=\u00bbtop\u00bb disable_element=\u00bbyes\u00bb css=\u00bb.vc_custom_1697183875860{margin-top: -50px !important;background-position: center !important;background-repeat: no-repeat !important;background-size: contain !important;}\u00bb][vc_column width=\u00bb1\/2&#8243; offset=\u00bbvc_hidden-sm vc_hidden-xs\u00bb][vc_column_text]<style>\n    .news-group .bg-size {\n        background-position: center;\n        background-size: cover;\n        width: 100%;\n        height: 48px;\n    }\n    .news-group .list-group-item-text {\n        font-size: 13px;\n    }\n    .news-group .col-md-3 {\n        padding-right: 0;\n    }\n    .news-group .list-group-item-date {\n        font-size: 11px;\n        color: #A4A4A4;\n        margin-bottom: 2px;\n        text-transform: uppercase;\n    }\n\n    .mensaje.alert-warning{\n        font-size: 12px;\n        margin: 14px !important;\n        padding: 4px 8px;\n        color: #cca60b;\n    }\n\n<\/style>\n\n\n<!--<pre>-->\n<!--    --><!--<\/pre>-->\n\n<div class=\"panel panel-default\">\n    <div class=\"panel-heading\">\n        <h3 class=\"panel-title\">Convocatorias<\/h3>\n    <\/div>\n\n    <div class=\"list-group news-group\">\n                            <a href=\"https:\/\/www.ull.es\/portal\/convocatorias\/convocatoria\/programa-propio-de-apoyo-a-la-investigacion-2026\/\" class=\"list-group-item\">\n                    <div class=\"row\">\n                        <div class=\"col-md-12\">\n                            <p class=\"list-group-item-date\">\n                                Fecha de modificaci\u00f3n: 26 Mar 2026 - 14:36 UTC                            <\/p>\n                            <p class=\"list-group-item-text\">Programa Propio de Apoyo a la Investigaci\u00f3n 2026<\/p>\n                        <\/div>\n                    <\/div>\n                <\/a>\n                            <a href=\"https:\/\/www.ull.es\/portal\/convocatorias\/convocatoria\/resolucion-del-vicerrector-de-investigacion-y-transferencia-por-la-que-autoriza-a-los-investigadores-que-han-sido-beneficiarios-de-las-ayudas-ramon-y-cajal-convocatorias-2022-y-2023-en-el-marco-del\/\" class=\"list-group-item\">\n                    <div class=\"row\">\n                        <div class=\"col-md-12\">\n                            <p class=\"list-group-item-date\">\n                                Fecha de modificaci\u00f3n: 10 Apr 2025 - 09:34 UTC                            <\/p>\n                            <p class=\"list-group-item-text\">Resoluci\u00f3n del Vicerrector de Investigaci\u00f3n y Transferencia por la que autoriza a los investigadores que han sido beneficiarios de las ayudas Ram\u00f3n y Cajal, convocatorias 2022 y 2023, en el marco del Plan Estatal de Investigaci\u00f3n Cient\u00edfica, T\u00e9cnica y de Innovaci\u00f3n para el per\u00edodo 2021-2023, a realizar gastos relacionados con su l\u00ednea de investigaci\u00f3n<\/p>\n                        <\/div>\n                    <\/div>\n                <\/a>\n                            <a href=\"https:\/\/www.ull.es\/portal\/convocatorias\/convocatoria\/programa-de-incentivacion-de-la-actividad-investigadora-del-pdi-ano-2025\/\" class=\"list-group-item\">\n                    <div class=\"row\">\n                        <div class=\"col-md-12\">\n                            <p class=\"list-group-item-date\">\n                                Fecha de modificaci\u00f3n: 19 Mar 2026 - 08:56 UTC                            <\/p>\n                            <p class=\"list-group-item-text\">Plan Propio de Investigaci\u00f3n 2025<\/p>\n                        <\/div>\n                    <\/div>\n                <\/a>\n                            <a href=\"https:\/\/www.ull.es\/portal\/convocatorias\/convocatoria\/programa-de-incentivacion-de-la-actividad-investigadora-del-pdi-ano-2024\/\" class=\"list-group-item\">\n                    <div class=\"row\">\n                        <div class=\"col-md-12\">\n                            <p class=\"list-group-item-date\">\n                                Fecha de modificaci\u00f3n: 26 Feb 2025 - 13:24 UTC                            <\/p>\n                            <p class=\"list-group-item-text\">Programa de Incentivaci\u00f3n de la Actividad Investigadora del PDI, a\u00f1o 2024<\/p>\n                        <\/div>\n                    <\/div>\n                <\/a>\n                            <a href=\"https:\/\/www.ull.es\/portal\/convocatorias\/convocatoria\/resolucion-del-vicerrector-de-investigacion-y-transferencia-por-la-que-se-otorga-financiacion-adicional-a-los-institutos-universitarios-de-investigacion-de-la-universidad-de-la-laguna-2\/\" class=\"list-group-item\">\n                    <div class=\"row\">\n                        <div class=\"col-md-12\">\n                            <p class=\"list-group-item-date\">\n                                Fecha de modificaci\u00f3n: 07 Sep 2023 - 08:10 UTC                            <\/p>\n                            <p class=\"list-group-item-text\">Resoluci\u00f3n del Vicerrector de Investigaci\u00f3n y Transferencia por la que se otorga financiaci\u00f3n adicional a los Institutos Universitarios de Investigaci\u00f3n de la Universidad de La Laguna<\/p>\n                        <\/div>\n                    <\/div>\n                <\/a>\n                            <a href=\"https:\/\/www.ull.es\/portal\/convocatorias\/convocatoria\/resolucion-del-vicerrector-de-investigacion-y-transferencia-por-la-que-modifica-la-resolucion-de-11-04-2023-del-vicerrector-de-investigacion-transferencia-y-campus-santa-cruz-y-sur-por-la-que-autoriz\/\" class=\"list-group-item\">\n                    <div class=\"row\">\n                        <div class=\"col-md-12\">\n                            <p class=\"list-group-item-date\">\n                                Fecha de modificaci\u00f3n: 12 May 2023 - 12:39 UTC                            <\/p>\n                            <p class=\"list-group-item-text\">Resoluci\u00f3n del Vicerrector de Investigaci\u00f3n y Transferencia por la que modifica la Resoluci\u00f3n de 11\/04\/2023 del Vicerrector de Investigaci\u00f3n, Transferencia y Campus Santa Cruz y Sur por la que autoriza a los investigadores que han sido beneficiarios de las ayudas Ram\u00f3n y Cajal, convocatoria de 2021, en el marco del Plan Estatal de Investigaci\u00f3n Cient\u00edfica, T\u00e9cnica y de Innovaci\u00f3n para el per\u00edodo 2021-2023, a realizar gastos relacionados con su l\u00ednea de investigaci\u00f3n<\/p>\n                        <\/div>\n                    <\/div>\n                <\/a>\n                            <a href=\"https:\/\/www.ull.es\/portal\/convocatorias\/convocatoria\/resolucion-del-vicerrector-de-investigacion-transferencia-y-campus-santa-cruz-y-sur-por-la-que-resuelve-dar-de-baja-definitivamente-a-los-grupos-de-investigacion-que-no-cumplen-con-los-requisitos-es\/\" class=\"list-group-item\">\n                    <div class=\"row\">\n                        <div class=\"col-md-12\">\n                            <p class=\"list-group-item-date\">\n                                Fecha de modificaci\u00f3n: 19 Apr 2023 - 09:57 UTC                            <\/p>\n                            <p class=\"list-group-item-text\">Resoluci\u00f3n del Vicerrector de Investigaci\u00f3n, Transferencia y Campus Santa Cruz y Sur, por la que resuelve dar de baja definitivamente a los grupos de investigaci\u00f3n que no cumplen con los requisitos establecidos en el Reglamento de Registro de Grupos de Investigaci\u00f3n de la ULL<\/p>\n                        <\/div>\n                    <\/div>\n                <\/a>\n                <\/div>\n\n    <div class=\"panel-footer\">\n                    <a href=\"https:\/\/www.ull.es\/portal\/convocatorias\">M\u00c1S CONVOCATORIAS <i class=\"fa fa-chevron-right\"><\/i><\/a>\n            <\/div>\n\n    \n<\/div>[\/vc_column_text][\/vc_column][vc_column width=\u00bb1\/2&#8243; css=\u00bb.vc_custom_1695632980258{background-position: center !important;background-repeat: no-repeat !important;background-size: contain !important;}\u00bb offset=\u00bbvc_hidden-sm vc_hidden-xs\u00bb][vc_column_text]<style>\n    .news-group .bg-size {\n        background-position: center;\n        background-size: cover;\n        width: 100%;\n        height: 48px;\n    }\n    .news-group .list-group-item-text {\n        font-size: 13px;\n    }\n    .news-group .col-md-3 {\n        padding-right: 0;\n    }\n    .news-group .list-group-item-date {\n        font-size: 11px;\n        color: #A4A4A4;\n        margin-bottom: 2px;\n        text-transform: uppercase;\n    }\n\n    .mensaje.alert-warning{\n        font-size: 12px;\n        margin: 14px !important;\n        padding: 4px 8px;\n        color: #cca60b;\n    }\n\n<\/style>\n\n<div class=\"panel panel-default\">\n    <div class=\"panel-heading\">\n        <h3 class=\"panel-title\">Notificaciones<\/h3>\n    <\/div>\n\n    <div class=\"list-group news-group\">\n                            <a href=\"https:\/\/www.ull.es\/portal\/noticias\/2026\/resolucion-del-vicerrector-de-investigacion-y-transferencia-por-la-que-se-resuelve-el-reparto-de-costes-indirectos-correspondiente-a-los-centros-de-estudios-e-institutos-universitarios-de-investigac-3\/\" class=\"list-group-item\">\n                    <div class=\"row\">\n                        <div class=\"col-md-12\">\n                            <p class=\"list-group-item-date\">\n                                27 Mar 2026 - 13:43 UTC                            <\/p>\n                            <p class=\"list-group-item-text\">Resoluci\u00f3n del Vicerrector de Investigaci\u00f3n y Transferencia por la que se resuelve el reparto de costes indirectos correspondiente a los Centros de Estudios e Institutos Universitarios de Investigaci\u00f3n correspondiente a convenios y contratos concedidos y\/o firmados en 2025<\/p>\n                        <\/div>\n                    <\/div>\n                <\/a>\n                            <a href=\"https:\/\/www.ull.es\/portal\/noticias\/2026\/correccion-de-errores-de-resolucion-del-vicerrector-de-investigacion-y-transferencia-de-26-de-febrero-de-2026-por-la-que-resuelve-el-reparto-de-costes-indirectos-procedentes-de-la-convocatoria-de-su\/\" class=\"list-group-item\">\n                    <div class=\"row\">\n                        <div class=\"col-md-12\">\n                            <p class=\"list-group-item-date\">\n                                13 Mar 2026 - 12:04 UTC                            <\/p>\n                            <p class=\"list-group-item-text\">Correcci\u00f3n de errores de Resoluci\u00f3n del Vicerrector de Investigaci\u00f3n y Transferencia, de 26 de febrero de 2026, por la que resuelve el reparto de costes indirectos procedentes de la convocatoria de subvenciones, en r\u00e9gimen de concurrencia competitiva, para el fomento de la econom\u00eda azul y el impulso de la sostenibilidad pesquera y acu\u00edcola<\/p>\n                        <\/div>\n                    <\/div>\n                <\/a>\n                            <a href=\"https:\/\/www.ull.es\/portal\/noticias\/2026\/correccion-de-errores-de-resolucion-del-vicerrector-de-investigacion-y-transferencia-de-fecha-6-de-febrero-de-2026-por-la-que-resuelve-el-reparto-de-costes-indirectos-por-la-que-se-conceden-subvenci\/\" class=\"list-group-item\">\n                    <div class=\"row\">\n                        <div class=\"col-md-12\">\n                            <p class=\"list-group-item-date\">\n                                13 Mar 2026 - 12:02 UTC                            <\/p>\n                            <p class=\"list-group-item-text\">Correcci\u00f3n de errores de Resoluci\u00f3n del Vicerrector de Investigaci\u00f3n y Transferencia, de fecha 6 de febrero de 2026, por la que resuelve el reparto de costes indirectos por la que se conceden subvenciones para Proyectos de I+D+I en salud<\/p>\n                        <\/div>\n                    <\/div>\n                <\/a>\n                            <a href=\"https:\/\/www.ull.es\/portal\/noticias\/2026\/resolucion-del-vicerrector-de-investigacion-y-transferencia-por-la-que-resuelve-el-reparto-de-costes-indirectos-procedentes-de-la-resolucion-de-15-12-2025-de-la-direccion-del-instituto-de-salud-carl\/\" class=\"list-group-item\">\n                    <div class=\"row\">\n                        <div class=\"col-md-12\">\n                            <p class=\"list-group-item-date\">\n                                06 Feb 2026 - 12:34 UTC                            <\/p>\n                            <p class=\"list-group-item-text\">Resoluci\u00f3n del Vicerrector de Investigaci\u00f3n y Transferencia por la que resuelve el reparto de costes indirectos procedentes de la Resoluci\u00f3n de 15\/12\/2025 de la Direcci\u00f3n del Instituto de Salud Carlos III<\/p>\n                        <\/div>\n                    <\/div>\n                <\/a>\n                            <a href=\"https:\/\/www.ull.es\/portal\/noticias\/2026\/resolucion-del-vicerrector-de-investigacion-y-transferencia-por-la-que-se-resuelve-el-reparto-de-costes-indirectos-correspondiente-a-los-centros-de-estudios-e-institutos-universitarios-de-investigac-2\/\" class=\"list-group-item\">\n                    <div class=\"row\">\n                        <div class=\"col-md-12\">\n                            <p class=\"list-group-item-date\">\n                                29 Jan 2026 - 12:52 UTC                            <\/p>\n                            <p class=\"list-group-item-text\">Resoluci\u00f3n del Vicerrector de Investigaci\u00f3n y Transferencia por la que se resuelve el reparto de costes indirectos correspondiente a los Centros de Estudios e Institutos Universitarios de Investigaci\u00f3n<\/p>\n                        <\/div>\n                    <\/div>\n                <\/a>\n                <\/div>\n    <div class=\"panel-footer\">\n        <a href=\"https:\/\/www.ull.es\/portal\/noticias\/?cat=10237\">M\u00c1S NOTIFICACIONES <i class=\"fa fa-chevron-right\"><\/i><\/a>\n    <\/div>\n\n\n<\/div>[\/vc_column_text][\/vc_column][\/vc_row]<\/p>\n","protected":false},"excerpt":{"rendered":"<p>[vc_row full_width=\u00bbstretch_row_content_no_spaces\u00bb equal_height=\u00bbyes\u00bb content_placement=\u00bbmiddle\u00bb css=\u00bb.vc_custom_1694516100976{margin-top: -50px !important;background-position: center !important;background-repeat: no-repeat !important;background-size: contain !important;}\u00bb][vc_column css=\u00bb.vc_custom_1694516117354{padding-top: 250px !important;padding-bottom: 250px !important;background-image: url(https:\/\/www.ull.es\/investigacion\/wp-content\/uploads\/2023\/09\/06.07.20-1.jpg?id=633) !important;background-position: center !important;background-repeat: no-repeat !important;background-size: contain !important;}\u00bb offset=\u00bbvc_hidden-sm vc_hidden-xs\u00bb][vc_custom_heading text=\u00bbPlan propio de investigaci\u00f3n\u00bb font_container=\u00bbtag:h1|font_size:50|text_align:center|color:%23f291ac|line_height:2&#8243; google_fonts=\u00bbfont_family:Montserrat%3Aregular%2C700|font_style:700%20bold%20regular%3A700%3Anormal\u00bb el_class=\u00bbtitulo-inv\u00bb][\/vc_column][\/vc_row][vc_row gap=\u00bb25&#8243; content_placement=\u00bbtop\u00bb css=\u00bb.vc_custom_1697183870535{margin-top: -50px !important;background-position: center !important;background-repeat: no-repeat !important;background-size: contain !important;}\u00bb][vc_column width=\u00bb1\/2&#8243; offset=\u00bbvc_hidden-sm vc_hidden-xs\u00bb][vc_custom_heading text=\u00bbConvocatorias del Plan propio de investigaci\u00f3n\u00bb&#8230;<\/p>\n","protected":false},"author":1,"featured_media":0,"parent":0,"menu_order":0,"comment_status":"closed","ping_status":"closed","template":"templates\/template-no-title.php","meta":{"footnotes":""},"_links":{"self":[{"href":"https:\/\/www.ull.es\/investigacion\/wp-json\/wp\/v2\/pages\/153"}],"collection":[{"href":"https:\/\/www.ull.es\/investigacion\/wp-json\/wp\/v2\/pages"}],"about":[{"href":"https:\/\/www.ull.es\/investigacion\/wp-json\/wp\/v2\/types\/page"}],"author":[{"embeddable":true,"href":"https:\/\/www.ull.es\/investigacion\/wp-json\/wp\/v2\/users\/1"}],"replies":[{"embeddable":true,"href":"https:\/\/www.ull.es\/investigacion\/wp-json\/wp\/v2\/comments?post=153"}],"version-history":[{"count":26,"href":"https:\/\/www.ull.es\/investigacion\/wp-json\/wp\/v2\/pages\/153\/revisions"}],"predecessor-version":[{"id":832,"href":"https:\/\/www.ull.es\/investigacion\/wp-json\/wp\/v2\/pages\/153\/revisions\/832"}],"wp:attachment":[{"href":"https:\/\/www.ull.es\/investigacion\/wp-json\/wp\/v2\/media?parent=153"}],"curies":[{"name":"wp","href":"https:\/\/api.w.org\/{rel}","templated":true}]}}