{"id":260,"date":"2021-04-30T12:15:39","date_gmt":"2021-04-30T12:15:39","guid":{"rendered":"https:\/\/www.ull.es\/investigacion\/?page_id=260"},"modified":"2025-03-17T14:50:25","modified_gmt":"2025-03-17T14:50:25","slug":"comisiones","status":"publish","type":"page","link":"https:\/\/www.ull.es\/investigacion\/comisiones\/","title":{"rendered":"Comisiones"},"content":{"rendered":"<p>[vc_row][vc_column][rev_slider_vc alias=\u00bbcomiciones\u00bb][\/vc_column][\/vc_row][vc_row full_width=\u00bbstretch_row_content\u00bb css=\u00bb.vc_custom_1620129725176{background-color: #f4f4f4 !important;}\u00bb][vc_column][vc_row_inner css=\u00bb.vc_custom_1620129797156{padding-right: 10% !important;padding-left: 10% !important;}\u00bb][vc_column_inner][vc_column_text]<\/p>\n<h1 class=\"lea\">Comisi\u00f3n Permanente de Investigaci\u00f3n<\/h1>\n<ul>\n<li>La Comisi\u00f3n Permanente de Investigaci\u00f3n estar\u00e1 compuesta por:<\/li>\n<\/ul>\n<ol type=\"a\">\n<li>Un presidente y un secretario, que ser\u00e1n los mismos que los del Pleno.<\/li>\n<li>El Director del Servicio General de Apoyo a la Investigaci\u00f3n (SEGAI).<\/li>\n<li>El Director de la OTRI.<\/li>\n<li>Doce vocales elegidos entre la representaci\u00f3n referida en el apartado e) del art\u00edculo 4\u00ba del Pleno de la Comisi\u00f3n de Investigaci\u00f3n, garantizando, en todo caso, la presencia de dos representantes de las \u00e1reas de Ciencias Experimentales, de T\u00e9cnicas, de la Salud, de Humanidades y de Ciencias Sociales y dos representantes de los institutos universitarios (uno de ciencias experimentales, t\u00e9cnicas y de la salud y otro de humanidades y ciencias sociales). Los vocales de cada \u00e1rea ser\u00e1n elegidos entre aquellos que cumplan los requisitos recogidos en el art\u00edculo 4\u00ba, apartado e) y en el art\u00edculo 6\u00ba.<\/li>\n<\/ol>\n<ul>\n<li><a href=\"https:\/\/drive.google.com\/open?id=0Bxi8Rp1_THQzamxWYXRnbURseEU\" target=\"_blank\" rel=\"noopener noreferrer\" target=\"_blank\" rel=\"noopener\">Listado de miembros<\/a><\/li>\n<li><a href=\"https:\/\/riull.ull.es\/xmlui\/bitstream\/handle\/915\/12444\/organizacion_funcionamiento_comision.pdf\" target=\"_blank\" rel=\"noopener noreferrer\" target=\"_blank\" rel=\"noopener\">Reglamento<\/a><\/li>\n<\/ul>\n<p>[\/vc_column_text][vc_empty_space][\/vc_column_inner][\/vc_row_inner][\/vc_column][\/vc_row][vc_row full_width=\u00bbstretch_row_content\u00bb][vc_column][vc_row_inner css=\u00bb.vc_custom_1620129803499{padding-right: 10% !important;padding-left: 10% !important;}\u00bb][vc_column_inner][vc_column_text]<\/p>\n<h1 class=\"lea\">Comisi\u00f3n de Investigaci\u00f3n<\/h1>\n<ul>\n<li>La Comisi\u00f3n de Investigaci\u00f3n en Pleno est\u00e1 integrada por:<\/li>\n<\/ul>\n<ol type=\"a\">\n<li>El Vicerrector de Investigaci\u00f3n, que la preside y dirige.<\/li>\n<li>El Director del Secretariado, que act\u00faa como secretario.<\/li>\n<li>El Director del Servicio General de Apoyo a la Investigaci\u00f3n (SEGAI).<\/li>\n<li>El Director de la Oficina de Transferencia de Resultados de Investigaci\u00f3n (OTRI), el Director de la Biblioteca y la Jefa del Servicio de Investigaci\u00f3n, Desarrollo e Innovaci\u00f3n, en representaci\u00f3n de los Servicios de Apoyo al estudio, la docencia y la investigaci\u00f3n.<\/li>\n<li>Un representante de cada Departamento, de cada Instituto Universitario de Investigaci\u00f3n y un representante de cada una de las divisiones del SEGAI. Estos representantes deber\u00e1n acreditar la condici\u00f3n de investigador activo. La situaci\u00f3n de investigador activo se entender\u00e1 acreditada cuando concurra la concesi\u00f3n de un sexenio obtenido en los \u00faltimos siete a\u00f1os o tres sexenios en su actividad investigadora. En el caso de existir Departamentos en los que ning\u00fan miembro del mismo re\u00fana estos requisitos, sus representantes podr\u00e1n asistir a las reuniones pero sin derecho a voto.<\/li>\n<\/ol>\n<ul>\n<li><a href=\"https:\/\/drive.google.com\/open?id=1LnAwI-wOZz3YZ-ZL3Ub_scAW4S9lxdyY\" target=\"_blank\" rel=\"noopener noreferrer\" target=\"_blank\" rel=\"noopener\">Listado de miembros<\/a><\/li>\n<li><a href=\"https:\/\/riull.ull.es\/xmlui\/bitstream\/handle\/915\/12444\/organizacion_funcionamiento_comision.pdf\" target=\"_blank\" rel=\"noopener noreferrer\" target=\"_blank\" rel=\"noopener\">Reglamento<\/a><\/li>\n<\/ul>\n<p>[\/vc_column_text][vc_empty_space][\/vc_column_inner][\/vc_row_inner][\/vc_column][\/vc_row][vc_row full_width=\u00bbstretch_row_content\u00bb css=\u00bb.vc_custom_1742222154184{background-color: #f4f4f4 !important;}\u00bb][vc_column][vc_row_inner css=\u00bb.vc_custom_1620129809916{padding-right: 10% !important;padding-left: 10% !important;}\u00bb][vc_column_inner][vc_column_text]<\/p>\n<h1 class=\"lea\">Comisi\u00f3n de Expertos<\/h1>\n<div>\n<p>Las comisiones de expertos por ramas de conocimiento se crean con el fin de que contribuyan en la evaluaci\u00f3n y asesoramiento de las comisiones de selecci\u00f3n del personal tanto predoctoral como postdoctoral, as\u00ed como en la selecci\u00f3n de proyectos de investigaci\u00f3n en las convocatorias propias y en las ocasiones en las que se considere necesaria su participaci\u00f3n.<\/p>\n<p>Se crear\u00e1n cinco comisiones de expertos, una por cada rama de conocimiento.<\/p>\n<\/div>\n<ul>\n<li><a href=\"https:\/\/drive.google.com\/file\/d\/1dEW99kaxlRQN8OWSN678h52FhpefCvD4\/view?usp=sharing\" target=\"_blank\" rel=\"noopener\" target=\"_blank\" rel=\"noopener\">Resoluci\u00f3n<\/a><\/li>\n<\/ul>\n<p>[\/vc_column_text][vc_empty_space][\/vc_column_inner][\/vc_row_inner][\/vc_column][\/vc_row]<\/p>\n","protected":false},"excerpt":{"rendered":"<p>[vc_row][vc_column][rev_slider_vc alias=\u00bbcomiciones\u00bb][\/vc_column][\/vc_row][vc_row full_width=\u00bbstretch_row_content\u00bb css=\u00bb.vc_custom_1620129725176{background-color: #f4f4f4 !important;}\u00bb][vc_column][vc_row_inner css=\u00bb.vc_custom_1620129797156{padding-right: 10% !important;padding-left: 10% !important;}\u00bb][vc_column_inner][vc_column_text] Comisi\u00f3n Permanente de Investigaci\u00f3n La Comisi\u00f3n Permanente de Investigaci\u00f3n estar\u00e1 compuesta por: Un presidente y un secretario, que ser\u00e1n los mismos que los del Pleno. El Director del Servicio General de Apoyo a la Investigaci\u00f3n (SEGAI). El Director de la OTRI. Doce vocales elegidos&#8230;<\/p>\n","protected":false},"author":2,"featured_media":0,"parent":0,"menu_order":0,"comment_status":"closed","ping_status":"closed","template":"templates\/template-no-title.php","meta":{"footnotes":""},"_links":{"self":[{"href":"https:\/\/www.ull.es\/investigacion\/wp-json\/wp\/v2\/pages\/260"}],"collection":[{"href":"https:\/\/www.ull.es\/investigacion\/wp-json\/wp\/v2\/pages"}],"about":[{"href":"https:\/\/www.ull.es\/investigacion\/wp-json\/wp\/v2\/types\/page"}],"author":[{"embeddable":true,"href":"https:\/\/www.ull.es\/investigacion\/wp-json\/wp\/v2\/users\/2"}],"replies":[{"embeddable":true,"href":"https:\/\/www.ull.es\/investigacion\/wp-json\/wp\/v2\/comments?post=260"}],"version-history":[{"count":10,"href":"https:\/\/www.ull.es\/investigacion\/wp-json\/wp\/v2\/pages\/260\/revisions"}],"predecessor-version":[{"id":817,"href":"https:\/\/www.ull.es\/investigacion\/wp-json\/wp\/v2\/pages\/260\/revisions\/817"}],"wp:attachment":[{"href":"https:\/\/www.ull.es\/investigacion\/wp-json\/wp\/v2\/media?parent=260"}],"curies":[{"name":"wp","href":"https:\/\/api.w.org\/{rel}","templated":true}]}}