{"id":264,"date":"2021-04-30T12:27:49","date_gmt":"2021-04-30T12:27:49","guid":{"rendered":"https:\/\/www.ull.es\/investigacion\/?page_id=264"},"modified":"2024-12-30T11:36:02","modified_gmt":"2024-12-30T11:36:02","slug":"impresos-contratos-laborales-cargo-proyectos","status":"publish","type":"page","link":"https:\/\/www.ull.es\/investigacion\/impresos-contratos-laborales-cargo-proyectos\/","title":{"rendered":"Impresos para contratos labora"},"content":{"rendered":"<p>[vc_row][vc_column][rev_slider_vc alias=\u00bbimpresos\u00bb][\/vc_column][\/vc_row][vc_row full_width=\u00bbstretch_row_content\u00bb css_animation=\u00bbfadeInUp\u00bb css=\u00bb.vc_custom_1619027676387{background-color: #f4f4f4 !important;background-position: center !important;background-repeat: no-repeat !important;background-size: cover !important;}\u00bb][vc_column][vc_row_inner css=\u00bb.vc_custom_1619027662759{padding-right: 10% !important;padding-left: 10% !important;}\u00bb][vc_column_inner][vc_column_text]<\/p>\n<h1 class=\"lea\">Formularios para contrataci\u00f3n de personal<\/h1>\n<p>[\/vc_column_text][vc_empty_space height=\u00bb15px\u00bb][vc_column_text]<a href=\"https:\/\/riull.ull.es\/xmlui\/bitstream\/handle\/915\/12181\/Procedim_contratac_pdi.pdf\" target=\"_blank\" rel=\"noopener noreferrer\" target=\"_blank\" rel=\"noopener\">Procedimiento de contrataci\u00f3n de personal con cargo a proyectos y\/o convenios de investigaci\u00f3n<\/a><\/p>\n<ul>\n<li><a href=\"https:\/\/drive.google.com\/open?id=0Bxi8Rp1_THQzdnZ1YmY3TEJ4elU\" target=\"_blank\" rel=\"noopener\" target=\"_blank\" rel=\"noopener\">Acta de constituci\u00f3n de la comisi\u00f3n evaluadora<\/a><\/li>\n<li><a href=\"https:\/\/drive.google.com\/open?id=0Bxi8Rp1_THQzNjg4dVlUSEpaRmM\" target=\"_blank\" rel=\"noopener\" target=\"_blank\" rel=\"noopener\">Cargo de gastos de publicidad\u00a0<\/a><\/li>\n<li><a href=\"https:\/\/drive.google.com\/file\/d\/1IaPqyZzw00vSrlRFJ6bj2PGCWG0xypBK\/view\" target=\"_blank\" rel=\"noopener\" target=\"_blank\" rel=\"noopener\">Propuesta de contrataci\u00f3n de Personal Laboral Investigador<\/a><\/li>\n<li><a href=\"https:\/\/drive.google.com\/open?id=1L-I7yzFqsYafDiW7S-BBvlJ2Yy_yjYRy\" target=\"_blank\" rel=\"noopener noreferrer\" target=\"_blank\" rel=\"noopener\">Solicitud de contrataci\u00f3n de personal investigador con cargo a proyectos de investigaci\u00f3n<\/a><\/li>\n<li><a href=\"https:\/\/drive.google.com\/file\/d\/0Bxi8Rp1_THQzZUNRZ19ORW91Mnc\/view?usp=sharing&amp;resourcekey=0-4JLUY9-_GzSJiNwBndrz5A\" target=\"_blank\" rel=\"noopener\" target=\"_blank\" rel=\"noopener\">Solicitud de pr\u00f3rroga del contrato del personal investigador<\/a><\/li>\n<li><a href=\"https:\/\/drive.google.com\/file\/d\/1ZUruUNc7IbxD2CxI3dYddjGr5qiumd3U\/view?usp=sharing\" target=\"_blank\" rel=\"noopener\" target=\"_blank\" rel=\"noopener\">Resoluci\u00f3n del Vicerrector de Investigaci\u00f3n, Transferencia y Campus Santa Cruz y Sur por la que se establece, para la Universidad de La Laguna, el listado de las l\u00edneas de investigaci\u00f3n de la ULL<\/a><\/li>\n<\/ul>\n<p>[\/vc_column_text][vc_empty_space][\/vc_column_inner][\/vc_row_inner][\/vc_column][\/vc_row][vc_row full_width=\u00bbstretch_row_content\u00bb css_animation=\u00bbfadeInUp\u00bb css=\u00bb.vc_custom_1619106042358{background-position: center !important;background-repeat: no-repeat !important;background-size: cover !important;}\u00bb][vc_column][vc_row_inner css=\u00bb.vc_custom_1619027662759{padding-right: 10% !important;padding-left: 10% !important;}\u00bb][vc_column_inner][vc_column_text]<\/p>\n<h1 class=\"lea\">Formularios para contratados laborales del Servicio de Gesti\u00f3n de la Investigaci\u00f3n<\/h1>\n<p>[\/vc_column_text][vc_column_text]<strong>Para participar en el proceso de selecci\u00f3n<\/strong><\/p>\n<ul>\n<li><a href=\"https:\/\/drive.google.com\/open?id=1dRXMMsfet55LAjawlGA3j_xOXBEAfkZU\" target=\"_blank\" rel=\"noopener\" target=\"_blank\" rel=\"noopener\">Solicitud para participar en selecci\u00f3n de personal investigador<\/a><\/li>\n<li><a href=\"https:\/\/drive.google.com\/file\/d\/1cVL3QmeDCb4vcVq1ATWm3A3laNgxHUeF\/view?usp=sharing\" target=\"_blank\" rel=\"noopener\" target=\"_blank\" rel=\"noopener\">Declaraci\u00f3n responsable gen\u00e9rica de veracidad de la documentaci\u00f3n aportada en formato digital<\/a><\/li>\n<\/ul>\n<p><strong>Para formalizar contratos<\/strong><\/p>\n<ul>\n<li><a href=\"https:\/\/drive.google.com\/open?id=1HJshG4o1vh3LMDgHZ6VyXVnWmnctVsAb\" target=\"_blank\" rel=\"noopener\" target=\"_blank\" rel=\"noopener\">Modelo 145<\/a><\/li>\n<li>Toma de datos (.<a href=\"https:\/\/drive.google.com\/open?id=1DR_qngsAiojmD3tSETl-KTNj-Gt7GPdD\" target=\"_blank\" rel=\"noopener noreferrer\" target=\"_blank\" rel=\"noopener\">pdf<\/a>)<\/li>\n<li>Declaraci\u00f3n responsable para formalizaci\u00f3n de contrato (<a href=\"https:\/\/drive.google.com\/open?id=1bX4ZA5c4KuSuWyvOO6VB1U4sQJXsKaQN\" target=\"_blank\" rel=\"noopener noreferrer\" target=\"_blank\" rel=\"noopener\">.pdf<\/a>)<\/li>\n<li>Declaraci\u00f3n jurada sobre inhabilitaci\u00f3n (Espa\u00f1a) (.<a href=\"https:\/\/drive.google.com\/open?id=12CkDx8MUZyhdbULr67wzUpuLWOgQKfkM\" target=\"_blank\" rel=\"noopener noreferrer\" target=\"_blank\" rel=\"noopener\">pdf<\/a>)<\/li>\n<li>Declaraci\u00f3n jurada sobre inhabilitaci\u00f3n (para extranjeros) (.<a href=\"https:\/\/drive.google.com\/open?id=1X3Sn4wsKdIzSTtSEy9GPDbPJyMv0sV_6\" target=\"_blank\" rel=\"noopener noreferrer\" target=\"_blank\" rel=\"noopener\">pdf<\/a>)<\/li>\n<\/ul>\n<p><strong>Autorizaci\u00f3n de desplazamiento<\/strong><\/p>\n<ul>\n<li><a href=\"https:\/\/sede.ull.es\/ecivilis-site\/catalog\/showProcedure\/529\" target=\"_blank\" rel=\"noopener noreferrer\" target=\"_blank\" rel=\"noopener\">Solicitud<\/a><\/li>\n<li><a href=\"https:\/\/drive.google.com\/file\/d\/1vdMPyATR6tSd-ADVhb9CQYaziUb9wn-R\/view?usp=sharing\" target=\"_blank\" rel=\"noopener\" target=\"_blank\" rel=\"noopener\">Gu\u00eda sobre desplazamientos PDI, PTGAS<\/a><\/li>\n<\/ul>\n<p><strong>Solicitud de vacaciones y permisos<\/strong><\/p>\n<ul>\n<li><a href=\"https:\/\/sede.ull.es\/ecivilis-site\/catalog\/showProcedure\/579\" target=\"_blank\" rel=\"noopener noreferrer\" target=\"_blank\" rel=\"noopener\">Solicitud<\/a><\/li>\n<li><a href=\"https:\/\/drive.google.com\/file\/d\/1HjmdD5xpar8nZsrr6sVKavoEJZ4CAFqj\/view?usp=sharing\" target=\"_blank\" rel=\"noopener noreferrer\" target=\"_blank\" rel=\"noopener\">Gu\u00eda sobre permisos y vacaciones del personal contratado laboral de investigaci\u00f3n<\/a><\/li>\n<li><a href=\"https:\/\/drive.google.com\/file\/d\/1yyqmMgAUHcqkSzTkiABkwDDB3ACwiO5S\/view?usp=sharing\" target=\"_blank\" rel=\"noopener\" target=\"_blank\" rel=\"noopener\">Gu\u00eda de permisos y vacaciones personal contratado laboral 23bis Ley de la Ciencia, la Tecnolog\u00eda y la Innovaci\u00f3n<\/a><\/li>\n<\/ul>\n<p><strong>Comisi\u00f3n de servicios<\/strong><\/p>\n<ul>\n<li><a href=\"https:\/\/sede.ull.es\/ecivilis-site\/catalog\/showProcedure\/582\" target=\"_blank\" rel=\"noopener noreferrer\" target=\"_blank\" rel=\"noopener\">Solicitud<\/a><\/li>\n<\/ul>\n<p><strong>Agust\u00edn de Betancourt<\/strong><\/p>\n<ul>\n<li>Convenio de c\u200bolaboraci\u00f3n entre la Universidad de La Laguna y la empresa, para programa Agust\u00edn de \u200bBetancourt\u00a0(<a href=\"https:\/\/www.ull.es\/Private\/folder\/institucional\/ull\/investigacion\/investigacion2016\/modelo_convenio_agustin1.pdf\" target=\"_blank\" rel=\"noopener\">.<\/a><a href=\"https:\/\/drive.google.com\/open?id=12plrE9gXmP3n7y3qG99N0A_98IcvpCm1\" target=\"_blank\" rel=\"noopener noreferrer\" target=\"_blank\" rel=\"noopener\">pdf<\/a>)<\/li>\n<\/ul>\n<p>[\/vc_column_text][vc_empty_space height=\u00bb15px\u00bb][vc_empty_space][\/vc_column_inner][\/vc_row_inner][\/vc_column][\/vc_row]<\/p>\n","protected":false},"excerpt":{"rendered":"<p>[vc_row][vc_column][rev_slider_vc alias=\u00bbimpresos\u00bb][\/vc_column][\/vc_row][vc_row full_width=\u00bbstretch_row_content\u00bb css_animation=\u00bbfadeInUp\u00bb css=\u00bb.vc_custom_1619027676387{background-color: #f4f4f4 !important;background-position: center !important;background-repeat: no-repeat !important;background-size: cover !important;}\u00bb][vc_column][vc_row_inner css=\u00bb.vc_custom_1619027662759{padding-right: 10% !important;padding-left: 10% !important;}\u00bb][vc_column_inner][vc_column_text] Formularios para contrataci\u00f3n de personal [\/vc_column_text][vc_empty_space height=\u00bb15px\u00bb][vc_column_text]Procedimiento de contrataci\u00f3n de personal con cargo a proyectos y\/o convenios de investigaci\u00f3n Acta de constituci\u00f3n de la comisi\u00f3n evaluadora Cargo de gastos de publicidad\u00a0 Propuesta de contrataci\u00f3n de Personal Laboral&#8230;<\/p>\n","protected":false},"author":2,"featured_media":0,"parent":0,"menu_order":0,"comment_status":"closed","ping_status":"closed","template":"templates\/template-no-title.php","meta":{"footnotes":""},"_links":{"self":[{"href":"https:\/\/www.ull.es\/investigacion\/wp-json\/wp\/v2\/pages\/264"}],"collection":[{"href":"https:\/\/www.ull.es\/investigacion\/wp-json\/wp\/v2\/pages"}],"about":[{"href":"https:\/\/www.ull.es\/investigacion\/wp-json\/wp\/v2\/types\/page"}],"author":[{"embeddable":true,"href":"https:\/\/www.ull.es\/investigacion\/wp-json\/wp\/v2\/users\/2"}],"replies":[{"embeddable":true,"href":"https:\/\/www.ull.es\/investigacion\/wp-json\/wp\/v2\/comments?post=264"}],"version-history":[{"count":17,"href":"https:\/\/www.ull.es\/investigacion\/wp-json\/wp\/v2\/pages\/264\/revisions"}],"predecessor-version":[{"id":807,"href":"https:\/\/www.ull.es\/investigacion\/wp-json\/wp\/v2\/pages\/264\/revisions\/807"}],"wp:attachment":[{"href":"https:\/\/www.ull.es\/investigacion\/wp-json\/wp\/v2\/media?parent=264"}],"curies":[{"name":"wp","href":"https:\/\/api.w.org\/{rel}","templated":true}]}}