{"id":275,"date":"2021-05-03T07:14:58","date_gmt":"2021-05-03T07:14:58","guid":{"rendered":"https:\/\/www.ull.es\/investigacion\/?page_id=275"},"modified":"2021-05-03T07:20:45","modified_gmt":"2021-05-03T07:20:45","slug":"colaboracion-con-empresas","status":"publish","type":"page","link":"https:\/\/www.ull.es\/investigacion\/colaboracion-con-empresas\/","title":{"rendered":"Colaboraci\u00f3n con empresas"},"content":{"rendered":"<h1>Colaboraci\u00f3n con empresas<\/h1>\n<p>La OTRI asesora en la elaboraci\u00f3n y gesti\u00f3n de convenios y contratos de investigaci\u00f3n, desarrollo y asesor\u00eda, entre otros.<\/p>\n<p><strong>Tipos de convenios y contratos<\/strong>:<\/p>\n<ol type=\"a)\">\n<li>Convenios para la realizaci\u00f3n de trabajos cient\u00edficos, art\u00edsticos o t\u00e9cnicos, y participaci\u00f3n en cursos de especializaci\u00f3n.\n<ul>\n<li>Convenio de colaboraci\u00f3n con empresas.<\/li>\n<li>Convenio de colaboraci\u00f3n con Instituciones P\u00fablicas y Privadas.<\/li>\n<li>Contratos para proyectos de investigaci\u00f3n.<\/li>\n<li>Contrato de asesoramiento y asistencia t\u00e9cnica.<\/li>\n<li>Contrato para actividades de apoyo tecnol\u00f3gico.<\/li>\n<li>Contrato de an\u00e1lisis de muestras.<\/li>\n<\/ul>\n<\/li>\n<li>Convenios marco con empresas, e instituciones p\u00fablicas y privadas, para el desarrollo conjunto de actividades.<\/li>\n<\/ol>\n<p><strong>Procedimiento<\/strong><\/p>\n<p>El procedimiento de tramitaci\u00f3n para convenios y contratos es el siguiente:<\/p>\n<ol>\n<li>El Grupo de Investigaci\u00f3n, Centro, Departamento, Instituto Universitario, Servicios de la Universidad, u otras Instituciones P\u00fablicas o Privadas presentar\u00e1n en la OTRI la propuesta del Convenio o Contrato y el nombre del interlocutor en la Universidad.<\/li>\n<li>La OTRI asesorar\u00e1, en la elaboraci\u00f3n, negociaci\u00f3n y gesti\u00f3n de los convenios y contratos de transferencia de tecnolog\u00eda propuestos.<\/li>\n<li>Gestionar\u00e1 el informe de la Asesor\u00eda Jur\u00eddica y del Servicio de Intervenci\u00f3n (si ha lugar). Asimismo, tramitar\u00e1 la firma del Convenio y posteriormente lo presentar\u00e1 al Consejo de Gobierno, junto con los anexos al mismo.<\/li>\n<li>Por \u00faltimo una vez firmado el documento es escaneado y guardado en una base de datos que posee la oficina.<\/li>\n<\/ol>\n<p><strong>Legislaci\u00f3n<\/strong><\/p>\n<ul>\n<li><a href=\"https:\/\/www.boe.es\/buscar\/pdf\/2001\/BOE-A-2001-24515-consolidado.pdf\" target=\"_blank\" rel=\"noopener\">Ley Org\u00e1nica de Universidades<\/a><\/li>\n<li><a href=\"http:\/\/www.boe.es\/boe\/dias\/2007\/04\/13\/pdfs\/A16241-16260.pdf\" target=\"_blank\" rel=\"noopener\">Ley Org\u00e1nica de Universidades (\u00faltimas modificaciones)<\/a><\/li>\n<li><a href=\"http:\/\/www.gobcan.es\/boc\/2004\/143\/boc-2004-143-001.pdf\" target=\"_blank\" rel=\"noopener\">Estatutos ULL \/2004<\/a><\/li>\n<li><a href=\"http:\/\/noticias.juridicas.com\/base_datos\/Admin\/lo6-2001.t11.html\" target=\"_blank\" rel=\"noopener\">Art\u00edculo 83 de la LOU<\/a><\/li>\n<\/ul>\n","protected":false},"excerpt":{"rendered":"<p>Colaboraci\u00f3n con empresas La OTRI asesora en la elaboraci\u00f3n y gesti\u00f3n de convenios y contratos de investigaci\u00f3n, desarrollo y asesor\u00eda, entre otros. Tipos de convenios y contratos: Convenios para la realizaci\u00f3n de trabajos cient\u00edficos, art\u00edsticos o t\u00e9cnicos, y participaci\u00f3n en cursos de especializaci\u00f3n. Convenio de colaboraci\u00f3n con empresas. Convenio de colaboraci\u00f3n con Instituciones P\u00fablicas y&#8230;<\/p>\n","protected":false},"author":2,"featured_media":0,"parent":0,"menu_order":0,"comment_status":"closed","ping_status":"closed","template":"","meta":{"footnotes":""},"_links":{"self":[{"href":"https:\/\/www.ull.es\/investigacion\/wp-json\/wp\/v2\/pages\/275"}],"collection":[{"href":"https:\/\/www.ull.es\/investigacion\/wp-json\/wp\/v2\/pages"}],"about":[{"href":"https:\/\/www.ull.es\/investigacion\/wp-json\/wp\/v2\/types\/page"}],"author":[{"embeddable":true,"href":"https:\/\/www.ull.es\/investigacion\/wp-json\/wp\/v2\/users\/2"}],"replies":[{"embeddable":true,"href":"https:\/\/www.ull.es\/investigacion\/wp-json\/wp\/v2\/comments?post=275"}],"version-history":[{"count":1,"href":"https:\/\/www.ull.es\/investigacion\/wp-json\/wp\/v2\/pages\/275\/revisions"}],"predecessor-version":[{"id":276,"href":"https:\/\/www.ull.es\/investigacion\/wp-json\/wp\/v2\/pages\/275\/revisions\/276"}],"wp:attachment":[{"href":"https:\/\/www.ull.es\/investigacion\/wp-json\/wp\/v2\/media?parent=275"}],"curies":[{"name":"wp","href":"https:\/\/api.w.org\/{rel}","templated":true}]}}