{"id":333,"date":"2021-07-01T09:08:30","date_gmt":"2021-07-01T09:08:30","guid":{"rendered":"https:\/\/www.ull.es\/investigacion\/?page_id=333"},"modified":"2022-07-14T10:58:02","modified_gmt":"2022-07-14T10:58:02","slug":"recualificacion-del-sistema-universitario-espanol","status":"publish","type":"page","link":"https:\/\/www.ull.es\/investigacion\/convocatorias-y-ayudas-de-investigacion\/recualificacion-del-sistema-universitario-espanol\/","title":{"rendered":"Recualificacion del sistema universitario espa\u00f1ol"},"content":{"rendered":"<p>[vc_row][vc_column][rev_slider_vc alias=\u00bbrecualificacion\u00bb][\/vc_column][\/vc_row][vc_row][vc_column][vc_empty_space][\/vc_column][\/vc_row][vc_row][vc_column][vc_column_text]<\/p>\n<h1>Recualificaci\u00f3n del Sistema Universitario Espa\u00f1ol<\/h1>\n<h2>Convocatoria del Ministerio de Universidades<\/h2>\n<p>El Ministerio de Universidades ha convocado una concesi\u00f3n directa de subvenciones, con car\u00e1cter plurianual, a universidades p\u00fablicas para la Recualificaci\u00f3n del Sistema Universitario Espa\u00f1ol para el cumplimiento de las siguientes finalidades de inter\u00e9s p\u00fablico, social y econ\u00f3mico en beneficio de una mejora de la calidad de la educaci\u00f3n en Espa\u00f1a: a) la formaci\u00f3n de j\u00f3venes doctores; b) la recualificaci\u00f3n del profesorado universitario funcionario o contratado mediante la promoci\u00f3n de la movilidad del personal docente e investigador; c) la atracci\u00f3n de talento internacional.<\/p>\n<p>Puede conocer todos los detalles de esta convocatoria a continuaci\u00f3n.[\/vc_column_text][vc_empty_space][vc_btn title=\u00bbAcceder a la convocatoria\u00bb size=\u00bblg\u00bb align=\u00bbcenter\u00bb button_block=\u00bbtrue\u00bb link=\u00bburl:https%3A%2F%2Fwww.ull.es%2Fportal%2Fconvocatorias%2Fcategorias%2Frecualificacion-sistema-universitario%2F|target:_blank\u00bb][vc_empty_space][vc_column_text]Para informaci\u00f3n adicional de la convocatoria, <a href=\"https:\/\/www.educacionyfp.gob.es\/servicios-al-ciudadano\/catalogo\/centros-docentes\/becas-ayudas-subvenciones\/universitarios\/concesion-universidades-publicas.html\" target=\"_blank\" rel=\"noopener\" target=\"_blank\" rel=\"noopener\">acceda a este enlace.<\/a>[\/vc_column_text][vc_empty_space][\/vc_column][\/vc_row][vc_row][vc_column][vc_empty_space][\/vc_column][\/vc_row][vc_row][vc_column][vc_separator][\/vc_column][\/vc_row][vc_row][vc_column][vc_empty_space][\/vc_column][\/vc_row][vc_row][vc_column][vc_video link=\u00bbhttps:\/\/www.youtube.com\/watch?v=EJreYeOtb8Q\u00bb el_width=\u00bb40&#8243; align=\u00bbcenter\u00bb][\/vc_column][\/vc_row][vc_row][vc_column][vc_empty_space][\/vc_column][\/vc_row][vc_row equal_height=\u00bbyes\u00bb][vc_column][vc_cta h2=\u00bb\u00bb style=\u00bb3d\u00bb add_icon=\u00bbleft\u00bb i_icon_fontawesome=\u00bbfas fa-info-circle\u00bb i_color=\u00bbviolet\u00bb]<a href=\"https:\/\/portalciencia.ull.es\/grupos\" target=\"_blank\" rel=\"noopener\" target=\"_blank\" rel=\"noopener\">M\u00e1s informaci\u00f3n relativa a los posibles grupos de investigaci\u00f3n receptores en la ULL<\/a><\/p>\n<p><a href=\"https:\/\/portalciencia.ull.es\/grupos?lang=en\" target=\"_blank\" rel=\"noopener\" target=\"_blank\" rel=\"noopener\">More information related with possible host research groups at ULL<\/a>[\/vc_cta][vc_empty_space][\/vc_column][\/vc_row][vc_row][vc_column][vc_separator][\/vc_column][\/vc_row][vc_row][vc_column][vc_empty_space][\/vc_column][\/vc_row][vc_row][vc_column][vc_column_text]<\/p>\n<h1>Anexos y formularios<\/h1>\n<p>[\/vc_column_text][vc_tta_accordion style=\u00bbmodern\u00bb c_icon=\u00bbchevron\u00bb c_position=\u00bbright\u00bb active_section=\u00bb\u00bb collapsible_all=\u00bbtrue\u00bb][vc_tta_section title=\u00bbMargarita Salas\u00bb tab_id=\u00bbmargarita-salas\u00bb][vc_column_text]<\/p>\n<ul>\n<li><a href=\"https:\/\/drive.google.com\/file\/d\/1shhrkTxUJYcXTxirhtphb3T1erDgiE_P\/view?usp=sharing\" target=\"_blank\" rel=\"noopener\" target=\"_blank\" rel=\"noopener\">Anexo 1: Solicitud Margarita Salas_R<\/a><\/li>\n<li><a href=\"https:\/\/drive.google.com\/file\/d\/1lADagptNQVQlNqQZZSHYnyv6KDYELane\/view?usp=sharing\" target=\"_blank\" rel=\"noopener\" target=\"_blank\" rel=\"noopener\">Anexo 4: Memoria Margarita Salas_R<\/a><\/li>\n<li><a href=\"https:\/\/drive.google.com\/file\/d\/1M2Z1nRgo2HqFKa39J9SSooivAGfUN1mV\/view?usp=sharing\" target=\"_blank\" rel=\"noopener\" target=\"_blank\" rel=\"noopener\">Anexo 7: Historial Equipo Receptor_R<\/a><\/li>\n<li><a href=\"https:\/\/drive.google.com\/file\/d\/1X3DTklGfyBWWvYGY0UHY8dHpBrWMLJak\/view?usp=sharing\" target=\"_blank\" rel=\"noopener\" target=\"_blank\" rel=\"noopener\">Preparaci\u00f3n de CVA<\/a><\/li>\n<li><a href=\"https:\/\/drive.google.com\/file\/d\/1nqfuGsZJcMJJqI1rfHfC9OPOPCk0NlkO\/view?usp=sharing\" target=\"_blank\" rel=\"noopener\" target=\"_blank\" rel=\"noopener\">Modelo de CVA<\/a><\/li>\n<\/ul>\n<p>[\/vc_column_text][\/vc_tta_section][vc_tta_section title=\u00bbRecualificaci\u00f3n de Profesorado\u00bb tab_id=\u00bbrecualificacion-profesorado\u00bb][vc_column_text]<\/p>\n<ul>\n<li><a href=\"https:\/\/drive.google.com\/file\/d\/18X8x7A3M88GPyH8erUuJR5XtFXozQhwa\/view?usp=sharing\" target=\"_blank\" rel=\"noopener\" target=\"_blank\" rel=\"noopener\">Anexo 2: Solicitud Recualificaci\u00f3n_R<\/a><\/li>\n<li><a href=\"https:\/\/drive.google.com\/file\/d\/1hk5QwDjpwM-_r6Sw7eAHP0N_URk6oH1z\/view?usp=sharing\" target=\"_blank\" rel=\"noopener\" target=\"_blank\" rel=\"noopener\">Anexo 5: Memoria Recualificaci\u00f3n_R<\/a><\/li>\n<li><a href=\"https:\/\/drive.google.com\/file\/d\/1M2Z1nRgo2HqFKa39J9SSooivAGfUN1mV\/view?usp=sharing\" target=\"_blank\" rel=\"noopener\" target=\"_blank\" rel=\"noopener\">Anexo 7: Historial Equipo Receptor_R<\/a><\/li>\n<li><a href=\"https:\/\/drive.google.com\/file\/d\/1MpjTc9N5D7YseMFis79KVGnnBWnXIeir\/view?usp=sharing\" target=\"_blank\" rel=\"noopener\" target=\"_blank\" rel=\"noopener\">Preparaci\u00f3n de CVA<\/a><\/li>\n<li><a href=\"https:\/\/drive.google.com\/file\/d\/1nqfuGsZJcMJJqI1rfHfC9OPOPCk0NlkO\/view?usp=sharing\" target=\"_blank\" rel=\"noopener\" target=\"_blank\" rel=\"noopener\">Modelo de CVA<\/a><\/li>\n<\/ul>\n<p>[\/vc_column_text][\/vc_tta_section][vc_tta_section title=\u00bbMar\u00eda Zambrano\u00bb tab_id=\u00bbmaria-zambrano\u00bb][vc_column_text]<\/p>\n<ul>\n<li><a href=\"https:\/\/drive.google.com\/file\/d\/1b3UCaQg1ggH0f7qu6nYc6QUN_ngtMfFl\/view?usp=sharing\" target=\"_blank\" rel=\"noopener\" target=\"_blank\" rel=\"noopener\">Anexo 3: Solicitud Mar\u00eda Zambrano_R<\/a><\/li>\n<li><a href=\"https:\/\/drive.google.com\/file\/d\/1xpx900LcNXprNkvOGLfLBjO6ep2t9VSZ\/view?usp=sharing\" target=\"_blank\" rel=\"noopener\" target=\"_blank\" rel=\"noopener\">Anexo 6: Memoria Mar\u00eda Zambrano_R<\/a><\/li>\n<li><a href=\"https:\/\/drive.google.com\/file\/d\/1M2Z1nRgo2HqFKa39J9SSooivAGfUN1mV\/view?usp=sharing\" target=\"_blank\" rel=\"noopener\" target=\"_blank\" rel=\"noopener\">Anexo 7: Historial Equipo Receptor_R<\/a><\/li>\n<li><a href=\"https:\/\/drive.google.com\/file\/d\/17XXMqz1n0l1XIO2or7iEHsZGQLkjEIG7\/view?usp=sharing\" target=\"_blank\" rel=\"noopener\" target=\"_blank\" rel=\"noopener\">Preparaci\u00f3n de CVA<\/a><\/li>\n<li><a href=\"https:\/\/drive.google.com\/file\/d\/1Zkg3p2FcKfIxcWwqLGTkRJEnh1qHb3vJ\/view?usp=sharing\" target=\"_blank\" rel=\"noopener\" target=\"_blank\" rel=\"noopener\">Preparaci\u00f3n de CVA &#8211; English version<\/a><\/li>\n<li><a href=\"https:\/\/drive.google.com\/file\/d\/1nqfuGsZJcMJJqI1rfHfC9OPOPCk0NlkO\/view?usp=sharing\" target=\"_blank\" rel=\"noopener\" target=\"_blank\" rel=\"noopener\">Modelo de CVA<\/a><\/li>\n<li><a href=\"https:\/\/drive.google.com\/file\/d\/1wrwgESjDUO9w8VDxOBbYLxpqVVKR1M8A\/view?usp=sharing\" target=\"_blank\" rel=\"noopener\" target=\"_blank\" rel=\"noopener\">Modelo de CVA &#8211; English version<\/a> (NOVEDAD)<\/li>\n<li><a href=\"https:\/\/drive.google.com\/file\/d\/1pz1JFJVvJ0Dq5-SDGCff1qjzo3e-p1Fg\/view?usp=sharing\" target=\"_blank\" rel=\"noopener\" target=\"_blank\" rel=\"noopener\">Summary of Postdoc Positions \u201cMar\u00eda Zambrano\u201d at University of La Laguna<\/a><\/li>\n<\/ul>\n<p>[\/vc_column_text][\/vc_tta_section][\/vc_tta_accordion][vc_empty_space][\/vc_column][\/vc_row][vc_row][vc_column][vc_separator][\/vc_column][\/vc_row][vc_row][vc_column][vc_empty_space][vc_column_text]<\/p>\n<h1>Preguntas frecuentes<\/h1>\n<p>[\/vc_column_text][vc_empty_space][vc_btn title=\u00bbAcceder a las Preguntas frecuentes de la convocatoria\u00bb size=\u00bblg\u00bb align=\u00bbcenter\u00bb button_block=\u00bbtrue\u00bb link=\u00bburl:https%3A%2F%2Fwww.educacionyfp.gob.es%2Fdam%2Fjcr%3A7ee6d194-704b-4933-9131-e54290e532ad%2Fpreguntasfrecuentes.pdf|target:_blank\u00bb][vc_column_text]<\/p>\n<h4>\u00a0Direcci\u00f3n de correo unificada para consultas: <span style=\"text-decoration: underline;\"><a href=\"mailto:recuali@ull.es\" target=\"_blank\" rel=\"noopener\">recuali@ull.es<\/a><\/span><\/h4>\n<p>[\/vc_column_text][vc_empty_space][\/vc_column][\/vc_row][vc_row][vc_column][vc_empty_space][\/vc_column][\/vc_row][vc_row][vc_column width=\u00bb1\/3&#8243;][vc_single_image image=\u00bb362&#8243; img_size=\u00bblarge\u00bb alignment=\u00bbcenter\u00bb][\/vc_column][vc_column width=\u00bb1\/3&#8243;][vc_single_image image=\u00bb361&#8243; img_size=\u00bblarge\u00bb alignment=\u00bbcenter\u00bb][\/vc_column][vc_column width=\u00bb1\/3&#8243;][vc_single_image image=\u00bb363&#8243; img_size=\u00bbmedium\u00bb alignment=\u00bbcenter\u00bb][\/vc_column][\/vc_row][vc_row][vc_column][vc_empty_space][\/vc_column][\/vc_row]<\/p>\n","protected":false},"excerpt":{"rendered":"<p>[vc_row][vc_column][rev_slider_vc alias=\u00bbrecualificacion\u00bb][\/vc_column][\/vc_row][vc_row][vc_column][vc_empty_space][\/vc_column][\/vc_row][vc_row][vc_column][vc_column_text] Recualificaci\u00f3n del Sistema Universitario Espa\u00f1ol Convocatoria del Ministerio de Universidades El Ministerio de Universidades ha convocado una concesi\u00f3n directa de subvenciones, con car\u00e1cter plurianual, a universidades p\u00fablicas para la Recualificaci\u00f3n del Sistema Universitario Espa\u00f1ol para el cumplimiento de las siguientes finalidades de inter\u00e9s p\u00fablico, social y econ\u00f3mico en beneficio de una mejora de&#8230;<\/p>\n","protected":false},"author":2,"featured_media":0,"parent":99,"menu_order":0,"comment_status":"closed","ping_status":"closed","template":"templates\/template-no-title.php","meta":{"footnotes":""},"_links":{"self":[{"href":"https:\/\/www.ull.es\/investigacion\/wp-json\/wp\/v2\/pages\/333"}],"collection":[{"href":"https:\/\/www.ull.es\/investigacion\/wp-json\/wp\/v2\/pages"}],"about":[{"href":"https:\/\/www.ull.es\/investigacion\/wp-json\/wp\/v2\/types\/page"}],"author":[{"embeddable":true,"href":"https:\/\/www.ull.es\/investigacion\/wp-json\/wp\/v2\/users\/2"}],"replies":[{"embeddable":true,"href":"https:\/\/www.ull.es\/investigacion\/wp-json\/wp\/v2\/comments?post=333"}],"version-history":[{"count":60,"href":"https:\/\/www.ull.es\/investigacion\/wp-json\/wp\/v2\/pages\/333\/revisions"}],"predecessor-version":[{"id":440,"href":"https:\/\/www.ull.es\/investigacion\/wp-json\/wp\/v2\/pages\/333\/revisions\/440"}],"up":[{"embeddable":true,"href":"https:\/\/www.ull.es\/investigacion\/wp-json\/wp\/v2\/pages\/99"}],"wp:attachment":[{"href":"https:\/\/www.ull.es\/investigacion\/wp-json\/wp\/v2\/media?parent=333"}],"curies":[{"name":"wp","href":"https:\/\/api.w.org\/{rel}","templated":true}]}}