{"id":686,"date":"2024-02-28T12:20:09","date_gmt":"2024-02-28T12:20:09","guid":{"rendered":"https:\/\/www.ull.es\/investigacion\/?page_id=686"},"modified":"2024-02-29T09:35:00","modified_gmt":"2024-02-29T09:35:00","slug":"programa-investigo","status":"publish","type":"page","link":"https:\/\/www.ull.es\/investigacion\/programa-investigo\/","title":{"rendered":"Programa Investigo"},"content":{"rendered":"\t\t<div data-elementor-type=\"wp-page\" data-elementor-id=\"686\" class=\"elementor elementor-686\">\n\t\t\t\t\t\t\t\t\t<section class=\"elementor-section elementor-top-section elementor-element elementor-element-8e986b1 elementor-section-height-min-height elementor-section-boxed elementor-section-height-default elementor-section-items-middle\" data-id=\"8e986b1\" data-element_type=\"section\" data-settings=\"{&quot;background_background&quot;:&quot;classic&quot;}\">\n\t\t\t\t\t\t\t<div class=\"elementor-background-overlay\"><\/div>\n\t\t\t\t\t\t\t<div class=\"elementor-container elementor-column-gap-default\">\n\t\t\t\t\t<div class=\"elementor-column elementor-col-100 elementor-top-column elementor-element elementor-element-7f8ec93\" data-id=\"7f8ec93\" data-element_type=\"column\" data-settings=\"{&quot;background_background&quot;:&quot;classic&quot;}\">\n\t\t\t<div class=\"elementor-widget-wrap elementor-element-populated\">\n\t\t\t\t\t\t\t\t<div class=\"elementor-element elementor-element-2d1cbce elementor-widget elementor-widget-heading\" data-id=\"2d1cbce\" data-element_type=\"widget\" data-widget_type=\"heading.default\">\n\t\t\t\t<div class=\"elementor-widget-container\">\n\t\t\t<style>\/*! elementor - v3.9.0 - 06-12-2022 *\/\n.elementor-heading-title{padding:0;margin:0;line-height:1}.elementor-widget-heading .elementor-heading-title[class*=elementor-size-]>a{color:inherit;font-size:inherit;line-height:inherit}.elementor-widget-heading .elementor-heading-title.elementor-size-small{font-size:15px}.elementor-widget-heading .elementor-heading-title.elementor-size-medium{font-size:19px}.elementor-widget-heading .elementor-heading-title.elementor-size-large{font-size:29px}.elementor-widget-heading .elementor-heading-title.elementor-size-xl{font-size:39px}.elementor-widget-heading .elementor-heading-title.elementor-size-xxl{font-size:59px}<\/style><h1 class=\"elementor-heading-title elementor-size-default\">Programa Investigo<\/h1>\t\t<\/div>\n\t\t\t\t<\/div>\n\t\t\t\t\t<\/div>\n\t\t<\/div>\n\t\t\t\t\t\t\t<\/div>\n\t\t<\/section>\n\t\t\t\t<section class=\"elementor-section elementor-top-section elementor-element elementor-element-3f8ee58c elementor-section-boxed elementor-section-height-default elementor-section-height-default\" data-id=\"3f8ee58c\" data-element_type=\"section\">\n\t\t\t\t\t\t<div class=\"elementor-container elementor-column-gap-default\">\n\t\t\t\t\t<div class=\"elementor-column elementor-col-50 elementor-top-column elementor-element elementor-element-58c6cf60 elementor-invisible\" data-id=\"58c6cf60\" data-element_type=\"column\" data-settings=\"{&quot;animation&quot;:&quot;slideInLeft&quot;}\">\n\t\t\t<div class=\"elementor-widget-wrap elementor-element-populated\">\n\t\t\t\t\t\t\t\t<div class=\"elementor-element elementor-element-2ca58dd8 elementor-widget elementor-widget-text-editor\" data-id=\"2ca58dd8\" data-element_type=\"widget\" data-widget_type=\"text-editor.default\">\n\t\t\t\t<div class=\"elementor-widget-container\">\n\t\t\t<style>\/*! elementor - v3.9.0 - 06-12-2022 *\/\n.elementor-widget-text-editor.elementor-drop-cap-view-stacked .elementor-drop-cap{background-color:#818a91;color:#fff}.elementor-widget-text-editor.elementor-drop-cap-view-framed .elementor-drop-cap{color:#818a91;border:3px solid;background-color:transparent}.elementor-widget-text-editor:not(.elementor-drop-cap-view-default) .elementor-drop-cap{margin-top:8px}.elementor-widget-text-editor:not(.elementor-drop-cap-view-default) .elementor-drop-cap-letter{width:1em;height:1em}.elementor-widget-text-editor .elementor-drop-cap{float:left;text-align:center;line-height:1;font-size:50px}.elementor-widget-text-editor .elementor-drop-cap-letter{display:inline-block}<\/style>\t\t\t\t<span>El Ministerio de Trabajo y Econom\u00eda Social convoc\u00f3, mediante la Orden TES\/1267\/2021, de 17 de noviembre, el<strong> \u00abPrograma Investigo\u00bb,<\/strong> destinado a la contrataci\u00f3n de personas j\u00f3venes demandantes de empleo en la realizaci\u00f3n de iniciativas de investigaci\u00f3n e innovaci\u00f3n, en el marco del Plan de Recuperaci\u00f3n, Transformaci\u00f3n y Resiliencia. Su objetivo, por tanto era cubrir la contrataci\u00f3n de personas j\u00f3venes investigadoras en organismos p\u00fablicos de investigaci\u00f3n, universidades p\u00fablicas, centros tecnol\u00f3gicos y otras entidades p\u00fablicas y privadas que participaran en un proyecto de investigaci\u00f3n.<\/span><br>\n<br>\n<span>La Universidad de La Laguna, como centro p\u00fablico de educaci\u00f3n superior, tiene como uno de sus m\u00faltiples objetivos el contribuir a la creaci\u00f3n y desarrollo del conocimiento a trav\u00e9s de la investigaci\u00f3n y su posterior transferencia a la sociedad, promoviendo el desarrollo social, cultural y econ\u00f3mico de Canarias. En este sentido, la convocatoria del \u201cPrograma Investigo\u201d, por parte del Servicio Canario de Empleo, ha supuesto una oportunidad para que j\u00f3venes egresados hayan comenzado sus carreras investigadoras y realizado iniciativas de investigaci\u00f3n e innovaci\u00f3n en el marco de proyectos de investigaci\u00f3n relacionados con \u00e1reas primordiales para el desarrollo econ\u00f3mico de nuestras islas.<\/span> \t\t\t\t\t\t<\/div>\n\t\t\t\t<\/div>\n\t\t\t\t\t<\/div>\n\t\t<\/div>\n\t\t\t\t<div class=\"elementor-column elementor-col-50 elementor-top-column elementor-element elementor-element-a55484c elementor-invisible\" data-id=\"a55484c\" data-element_type=\"column\" data-settings=\"{&quot;background_background&quot;:&quot;classic&quot;,&quot;animation&quot;:&quot;slideInRight&quot;}\">\n\t\t\t<div class=\"elementor-widget-wrap elementor-element-populated\">\n\t\t\t\t\t\t\t\t<div class=\"elementor-element elementor-element-cac519c elementor-widget elementor-widget-spacer\" data-id=\"cac519c\" data-element_type=\"widget\" data-widget_type=\"spacer.default\">\n\t\t\t\t<div class=\"elementor-widget-container\">\n\t\t\t<style>\/*! elementor - v3.9.0 - 06-12-2022 *\/\n.elementor-column .elementor-spacer-inner{height:var(--spacer-size)}.e-con{--container-widget-width:100%}.e-con-inner>.elementor-widget-spacer,.e-con>.elementor-widget-spacer{width:var(--container-widget-width,var(--spacer-size));--align-self:var(--container-widget-align-self,initial);--flex-shrink:0}.e-con-inner>.elementor-widget-spacer>.elementor-widget-container,.e-con-inner>.elementor-widget-spacer>.elementor-widget-container>.elementor-spacer,.e-con>.elementor-widget-spacer>.elementor-widget-container,.e-con>.elementor-widget-spacer>.elementor-widget-container>.elementor-spacer{height:100%}.e-con-inner>.elementor-widget-spacer>.elementor-widget-container>.elementor-spacer>.elementor-spacer-inner,.e-con>.elementor-widget-spacer>.elementor-widget-container>.elementor-spacer>.elementor-spacer-inner{height:var(--container-widget-height,var(--spacer-size))}<\/style>\t\t<div class=\"elementor-spacer\">\n\t\t\t<div class=\"elementor-spacer-inner\"><\/div>\n\t\t<\/div>\n\t\t\t\t<\/div>\n\t\t\t\t<\/div>\n\t\t\t\t\t<\/div>\n\t\t<\/div>\n\t\t\t\t\t\t\t<\/div>\n\t\t<\/section>\n\t\t\t\t<section class=\"elementor-section elementor-top-section elementor-element elementor-element-1379700 elementor-section-boxed elementor-section-height-default elementor-section-height-default\" data-id=\"1379700\" data-element_type=\"section\" data-settings=\"{&quot;background_background&quot;:&quot;classic&quot;}\">\n\t\t\t\t\t\t<div class=\"elementor-container elementor-column-gap-default\">\n\t\t\t\t\t<div class=\"elementor-column elementor-col-50 elementor-top-column elementor-element elementor-element-013c992\" data-id=\"013c992\" data-element_type=\"column\" data-settings=\"{&quot;background_background&quot;:&quot;classic&quot;}\">\n\t\t\t<div class=\"elementor-widget-wrap elementor-element-populated\">\n\t\t\t\t\t\t\t\t<div class=\"elementor-element elementor-element-2850623 elementor-widget elementor-widget-text-editor\" data-id=\"2850623\" data-element_type=\"widget\" data-widget_type=\"text-editor.default\">\n\t\t\t\t<div class=\"elementor-widget-container\">\n\t\t\t\t\t\t\tPor parte de la Universidad de La Laguna se ha logrado la financiaci\u00f3n de tres iniciativas dentro del programa, una en el a\u00f1o 2022 y dos en el 2023. En todas ellas se ha considerado que el medio \u00f3ptimo para que estas personas se integren en grupos de investigaci\u00f3n competitivos son los institutos universitarios de la Universidad. En ellos las personas reci\u00e9n egresadas con intereses en investigaci\u00f3n han encontrado un ecosistema de trabajo \u00f3ptimo, y han entrado en contacto con la actividad cient\u00edfica desarrollada a trav\u00e9s de los m\u00faltiples proyectos de investigaci\u00f3n en los que se han visto involucrados. La ULL cuenta con institutos de todas las ramas del conocimiento, por lo que en el marco del \u201cPrograma Investigo\u201d se ha podido ofrecer una oportunidad de iniciaci\u00f3n a la investigaci\u00f3n a egresadas y egresados de todos los perfiles e intereses cient\u00edficos.\t\t\t\t\t\t<\/div>\n\t\t\t\t<\/div>\n\t\t\t\t\t<\/div>\n\t\t<\/div>\n\t\t\t\t<div class=\"elementor-column elementor-col-50 elementor-top-column elementor-element elementor-element-377a4cd\" data-id=\"377a4cd\" data-element_type=\"column\">\n\t\t\t<div class=\"elementor-widget-wrap elementor-element-populated\">\n\t\t\t\t\t\t\t\t<div class=\"elementor-element elementor-element-498417a elementor-widget elementor-widget-text-editor\" data-id=\"498417a\" data-element_type=\"widget\" data-widget_type=\"text-editor.default\">\n\t\t\t\t<div class=\"elementor-widget-container\">\n\t\t\t\t\t\t\t\n\nEstas tres propuestas se han destinado a la contrataci\u00f3n de titulados o tituladas universitarios\/as por el per\u00edodo de un a\u00f1o de duraci\u00f3n, en base a lo establecido en la memoria de solicitud presentada en cada una de las convocatorias, pero que, en general, coincid\u00edan en los siguientes objetivos.\u00a0 Los generales se articulaban en torno al\u00a0 fomento de la carrera investigadora entre los j\u00f3venes titulados universitarios; la potenciaci\u00f3n de la incorporaci\u00f3n de j\u00f3venes a grupos de investigaci\u00f3n ya consolidados; la formaci\u00f3n de investigadoras\/es de alta cualificaci\u00f3n para el impulso de la investigaci\u00f3n p\u00fablica en Canarias; la mejora en la capacitaci\u00f3n acad\u00e9mica de egresados universitarios; y el aprovechamiento del potencial que aportan los j\u00f3venes investigadores para desarrollar nuevas l\u00edneas de investigaci\u00f3n.\t\t\t\t\t\t<\/div>\n\t\t\t\t<\/div>\n\t\t\t\t\t<\/div>\n\t\t<\/div>\n\t\t\t\t\t\t\t<\/div>\n\t\t<\/section>\n\t\t\t\t<section class=\"elementor-section elementor-top-section elementor-element elementor-element-c2fb1ca elementor-section-boxed elementor-section-height-default elementor-section-height-default\" data-id=\"c2fb1ca\" data-element_type=\"section\" data-settings=\"{&quot;background_background&quot;:&quot;classic&quot;}\">\n\t\t\t\t\t\t\t<div class=\"elementor-background-overlay\"><\/div>\n\t\t\t\t\t\t\t<div class=\"elementor-container elementor-column-gap-default\">\n\t\t\t\t\t<div class=\"elementor-column elementor-col-50 elementor-top-column elementor-element elementor-element-de2da94 elementor-invisible\" data-id=\"de2da94\" data-element_type=\"column\" data-settings=\"{&quot;background_background&quot;:&quot;classic&quot;,&quot;animation&quot;:&quot;slideInLeft&quot;}\">\n\t\t\t<div class=\"elementor-widget-wrap elementor-element-populated\">\n\t\t\t\t\t\t\t\t<div class=\"elementor-element elementor-element-ddcd556 elementor-widget elementor-widget-spacer\" data-id=\"ddcd556\" data-element_type=\"widget\" data-widget_type=\"spacer.default\">\n\t\t\t\t<div class=\"elementor-widget-container\">\n\t\t\t\t\t<div class=\"elementor-spacer\">\n\t\t\t<div class=\"elementor-spacer-inner\"><\/div>\n\t\t<\/div>\n\t\t\t\t<\/div>\n\t\t\t\t<\/div>\n\t\t\t\t\t<\/div>\n\t\t<\/div>\n\t\t\t\t<div class=\"elementor-column elementor-col-50 elementor-top-column elementor-element elementor-element-a4bbb54 elementor-invisible\" data-id=\"a4bbb54\" data-element_type=\"column\" data-settings=\"{&quot;animation&quot;:&quot;slideInRight&quot;}\">\n\t\t\t<div class=\"elementor-widget-wrap elementor-element-populated\">\n\t\t\t\t\t\t\t\t<div class=\"elementor-element elementor-element-85fb05f elementor-widget elementor-widget-text-editor\" data-id=\"85fb05f\" data-element_type=\"widget\" data-widget_type=\"text-editor.default\">\n\t\t\t\t<div class=\"elementor-widget-container\">\n\t\t\t\t\t\t\tDentro de estas l\u00edneas, las propuestas planteadas por la Universidad de La Laguna han concretado los siguientes objetivos espec\u00edficos:<br>\n<ul>\n \t<li>Favorecer la formaci\u00f3n investigadora de los j\u00f3venes en materias de inter\u00e9s para la Universidad de La Laguna.<\/li>\n \t<li>Favorecer el conocimiento de metodolog\u00edas de investigaci\u00f3n especializada en las distintas \u00e1reas de inter\u00e9s, abarcando el conjunto de ramas de conocimiento.<\/li>\n \t<li>Impulsar la colaboraci\u00f3n entre la Universidad de La Laguna y el Servicio Canario de Empleo en el favorecimiento de la inserci\u00f3n laboral de j\u00f3venes graduados.<\/li>\n \t<li>Fomentar el car\u00e1cter creativo y cr\u00edtico de los j\u00f3venes en sus primeros pasos en el campo de la investigaci\u00f3n.<\/li>\n \t<li>Lograr la mejora de la inserci\u00f3n laboral de j\u00f3venes titulados en distintas disciplinas formativas.<\/li>\n \t<li>Potenciar la mejora y creaci\u00f3n de nuevas l\u00edneas de investigaci\u00f3n en la Universidad de La Laguna a trav\u00e9s de la aplicaci\u00f3n del conocimiento de j\u00f3venes titulados.<\/li>\n \t<li>Incentivar la participaci\u00f3n de los j\u00f3venes en proyectos de investigaci\u00f3n tanto nacionales como europeos.<\/li>\n \t<li>Potenciar la creaci\u00f3n de redes para la investigaci\u00f3n multidisciplinar y transnacional.<\/li>\n<\/ul>\nLas actividades desarrolladas en el marco delos proyectos se han ido concretando en las diferentes l\u00edneas de investigaci\u00f3n que vienen desarrollando algunos de los grupos de investigaci\u00f3n que conforman los institutos universitarios, y que en la mayor parte de ocasiones se imbrican en proyectos de investigaci\u00f3n financiados en convocatorias p\u00fablicas. Ello ofrece un marco de indudable proyecci\u00f3n cient\u00edfica y capacidad formativa para esas personas j\u00f3venes reci\u00e9n tituladas. \t\t\t\t\t\t<\/div>\n\t\t\t\t<\/div>\n\t\t\t\t\t<\/div>\n\t\t<\/div>\n\t\t\t\t\t\t\t<\/div>\n\t\t<\/section>\n\t\t\t\t<section class=\"elementor-section elementor-top-section elementor-element elementor-element-0b595f5 elementor-section-boxed elementor-section-height-default elementor-section-height-default\" data-id=\"0b595f5\" data-element_type=\"section\">\n\t\t\t\t\t\t<div class=\"elementor-container elementor-column-gap-default\">\n\t\t\t\t\t<div class=\"elementor-column elementor-col-100 elementor-top-column elementor-element elementor-element-9002491\" data-id=\"9002491\" data-element_type=\"column\">\n\t\t\t<div class=\"elementor-widget-wrap elementor-element-populated\">\n\t\t\t\t\t\t\t\t<div class=\"elementor-element elementor-element-623fc49 elementor-widget elementor-widget-heading\" data-id=\"623fc49\" data-element_type=\"widget\" data-widget_type=\"heading.default\">\n\t\t\t\t<div class=\"elementor-widget-container\">\n\t\t\t<h2 class=\"elementor-heading-title elementor-size-default\">Colaboran<\/h2>\t\t<\/div>\n\t\t\t\t<\/div>\n\t\t\t\t\t<\/div>\n\t\t<\/div>\n\t\t\t\t\t\t\t<\/div>\n\t\t<\/section>\n\t\t\t\t<section class=\"elementor-section elementor-top-section elementor-element elementor-element-9cdb813 elementor-section-boxed elementor-section-height-default elementor-section-height-default\" data-id=\"9cdb813\" data-element_type=\"section\">\n\t\t\t\t\t\t<div class=\"elementor-container elementor-column-gap-default\">\n\t\t\t\t\t<div class=\"elementor-column elementor-col-33 elementor-top-column elementor-element elementor-element-0768f34 elementor-invisible\" data-id=\"0768f34\" data-element_type=\"column\" data-settings=\"{&quot;background_background&quot;:&quot;classic&quot;,&quot;animation&quot;:&quot;fadeInLeft&quot;}\">\n\t\t\t<div class=\"elementor-widget-wrap elementor-element-populated\">\n\t\t\t\t\t\t\t\t<div class=\"elementor-element elementor-element-f4e1a95 elementor-widget elementor-widget-spacer\" data-id=\"f4e1a95\" data-element_type=\"widget\" data-widget_type=\"spacer.default\">\n\t\t\t\t<div class=\"elementor-widget-container\">\n\t\t\t\t\t<div class=\"elementor-spacer\">\n\t\t\t<div class=\"elementor-spacer-inner\"><\/div>\n\t\t<\/div>\n\t\t\t\t<\/div>\n\t\t\t\t<\/div>\n\t\t\t\t\t<\/div>\n\t\t<\/div>\n\t\t\t\t<div class=\"elementor-column elementor-col-33 elementor-top-column elementor-element elementor-element-ecef95b elementor-invisible\" data-id=\"ecef95b\" data-element_type=\"column\" data-settings=\"{&quot;background_background&quot;:&quot;classic&quot;,&quot;animation&quot;:&quot;fadeInDown&quot;}\">\n\t\t\t<div class=\"elementor-widget-wrap elementor-element-populated\">\n\t\t\t\t\t\t\t\t<div class=\"elementor-element elementor-element-80430ed elementor-widget elementor-widget-spacer\" data-id=\"80430ed\" data-element_type=\"widget\" data-widget_type=\"spacer.default\">\n\t\t\t\t<div class=\"elementor-widget-container\">\n\t\t\t\t\t<div class=\"elementor-spacer\">\n\t\t\t<div class=\"elementor-spacer-inner\"><\/div>\n\t\t<\/div>\n\t\t\t\t<\/div>\n\t\t\t\t<\/div>\n\t\t\t\t\t<\/div>\n\t\t<\/div>\n\t\t\t\t<div class=\"elementor-column elementor-col-33 elementor-top-column elementor-element elementor-element-3553b12 elementor-invisible\" data-id=\"3553b12\" data-element_type=\"column\" data-settings=\"{&quot;background_background&quot;:&quot;classic&quot;,&quot;animation&quot;:&quot;fadeInRight&quot;}\">\n\t\t\t<div class=\"elementor-widget-wrap elementor-element-populated\">\n\t\t\t\t\t\t\t\t<div class=\"elementor-element elementor-element-b31ad35 elementor-widget elementor-widget-spacer\" data-id=\"b31ad35\" data-element_type=\"widget\" data-widget_type=\"spacer.default\">\n\t\t\t\t<div class=\"elementor-widget-container\">\n\t\t\t\t\t<div class=\"elementor-spacer\">\n\t\t\t<div class=\"elementor-spacer-inner\"><\/div>\n\t\t<\/div>\n\t\t\t\t<\/div>\n\t\t\t\t<\/div>\n\t\t\t\t\t<\/div>\n\t\t<\/div>\n\t\t\t\t\t\t\t<\/div>\n\t\t<\/section>\n\t\t\t\t\t\t\t<\/div>\n\t\t","protected":false},"excerpt":{"rendered":"<p>Programa Investigo El Ministerio de Trabajo y Econom\u00eda Social convoc\u00f3, mediante la Orden TES\/1267\/2021, de 17 de noviembre, el \u00abPrograma Investigo\u00bb, destinado a la contrataci\u00f3n de personas j\u00f3venes demandantes de empleo en la realizaci\u00f3n de iniciativas de investigaci\u00f3n e innovaci\u00f3n, en el marco del Plan de Recuperaci\u00f3n, Transformaci\u00f3n y Resiliencia. Su objetivo, por tanto era&#8230;<\/p>\n","protected":false},"author":10,"featured_media":0,"parent":0,"menu_order":0,"comment_status":"closed","ping_status":"closed","template":"elementor_header_footer","meta":{"footnotes":""},"_links":{"self":[{"href":"https:\/\/www.ull.es\/investigacion\/wp-json\/wp\/v2\/pages\/686"}],"collection":[{"href":"https:\/\/www.ull.es\/investigacion\/wp-json\/wp\/v2\/pages"}],"about":[{"href":"https:\/\/www.ull.es\/investigacion\/wp-json\/wp\/v2\/types\/page"}],"author":[{"embeddable":true,"href":"https:\/\/www.ull.es\/investigacion\/wp-json\/wp\/v2\/users\/10"}],"replies":[{"embeddable":true,"href":"https:\/\/www.ull.es\/investigacion\/wp-json\/wp\/v2\/comments?post=686"}],"version-history":[{"count":64,"href":"https:\/\/www.ull.es\/investigacion\/wp-json\/wp\/v2\/pages\/686\/revisions"}],"predecessor-version":[{"id":765,"href":"https:\/\/www.ull.es\/investigacion\/wp-json\/wp\/v2\/pages\/686\/revisions\/765"}],"wp:attachment":[{"href":"https:\/\/www.ull.es\/investigacion\/wp-json\/wp\/v2\/media?parent=686"}],"curies":[{"name":"wp","href":"https:\/\/api.w.org\/{rel}","templated":true}]}}