{"id":99,"date":"2021-04-21T18:54:24","date_gmt":"2021-04-21T18:54:24","guid":{"rendered":"https:\/\/www.ull.es\/investigacion2\/?page_id=99"},"modified":"2025-04-11T08:37:54","modified_gmt":"2025-04-11T08:37:54","slug":"convocatorias-y-ayudas-de-investigacion","status":"publish","type":"page","link":"https:\/\/www.ull.es\/investigacion\/convocatorias-y-ayudas-de-investigacion\/","title":{"rendered":"Convocatorias y ayudas de investigaci\u00f3n"},"content":{"rendered":"<p>[vc_row][vc_column][rev_slider_vc alias=\u00bbconvocatorias\u00bb][\/vc_column][\/vc_row][vc_row full_width=\u00bbstretch_row_content\u00bb css_animation=\u00bbfadeInUp\u00bb css=\u00bb.vc_custom_1619027676387{background-color: #f4f4f4 !important;background-position: center !important;background-repeat: no-repeat !important;background-size: cover !important;}\u00bb][vc_column][vc_row_inner css=\u00bb.vc_custom_1619027662759{padding-right: 10% !important;padding-left: 10% !important;}\u00bb][vc_column_inner][vc_column_text]<\/p>\n<h1 class=\"lea\">Convocatorias y ayudas de la ULL<\/h1>\n<p>[\/vc_column_text][vc_empty_space][\/vc_column_inner][\/vc_row_inner][vc_row_inner equal_height=\u00bbyes\u00bb css=\u00bb.vc_custom_1619030752975{padding-right: 10% !important;padding-left: 10% !important;}\u00bb][vc_column_inner width=\u00bb1\/2&#8243;][vc_column_text]<\/p>\n<div class=\"wpb_text_column wpb_content_element \">\n<ul>\n<li><a href=\"https:\/\/www.ull.es\/portal\/convocatorias\/categorias\/plan-propio-de-investigacion\/\" target=\"_blank\" rel=\"noopener\">Plan Propio de Investigaci\u00f3n<\/a><\/li>\n<li><a href=\"https:\/\/www.ull.es\/portal\/convocatorias\/categorias\/programa-de-formacion-de-investigadores\/\" target=\"_blank\" rel=\"noopener\">Programa de formaci\u00f3n de investigadores<\/a><\/li>\n<li><a href=\"https:\/\/www.ull.es\/portal\/convocatorias\/categorias\/contratos-laborales-con-cargo-a-proyectos\/\" target=\"_blank\" rel=\"noopener\">Contratos laborales con cargo a proyectos<\/a><\/li>\n<li><a href=\"https:\/\/www.ull.es\/portal\/convocatorias\/categorias\/contratos-laborales-con-destino-a-otc-ope\/\" target=\"_blank\" rel=\"noopener\" target=\"_blank\" rel=\"noopener\">Contratos laborales OTC-OPE<\/a><\/li>\n<li><a href=\"https:\/\/www.ull.es\/portal\/convocatorias\/categorias\/becas-y-ayudas-investigacion\/\" target=\"_blank\" rel=\"noopener\">Becas y ayudas<\/a><\/li>\n<li><a href=\"https:\/\/www.ull.es\/portal\/convocatorias\/categorias\/contratos-predoctorales\/\" target=\"_blank\" rel=\"noopener\">Contratos predoctorales<\/a><\/li>\n<li><a href=\"https:\/\/www.ull.es\/portal\/convocatorias\/categorias\/programa-agustin-de-betancourt\/\" target=\"_blank\" rel=\"noopener\">Programa Agust\u00edn de Betancourt<\/a><\/li>\n<li><a href=\"https:\/\/www.ull.es\/portal\/convocatorias\/categorias\/campus-excelencia-internacional-canarias\/\" target=\"_blank\" rel=\"noopener\">Campus de Excelencia Internacional \u2013 Canarias<\/a><\/li>\n<\/ul>\n<\/div>\n<p>[\/vc_column_text][\/vc_column_inner][vc_column_inner width=\u00bb1\/2&#8243;][vc_column_text]<\/p>\n<div class=\"wpb_text_column wpb_content_element \">\n<ul>\n<li><a href=\"https:\/\/www.ull.es\/portal\/convocatorias\/categorias\/contratos-de-doctores-viera-y-clavijo\/\" target=\"_blank\" rel=\"noopener\">Contratos de doctores Viera y Clavijo<\/a><\/li>\n<li><a href=\"https:\/\/www.ull.es\/portal\/convocatorias\/categorias\/contratos-de-doctores-catalina-ruiz\/\" target=\"_blank\" rel=\"noopener\">Contratos de doctores Catalina Ruiz<\/a><\/li>\n<li><a href=\"https:\/\/www.ull.es\/portal\/convocatorias\/categorias\/contratos-laborales-para-segai\/\" target=\"_blank\" rel=\"noopener\">Contratos laborales para SEGAI<\/a><\/li>\n<li><a href=\"https:\/\/www.ull.es\/portal\/convocatorias\/categorias\/apoyo-a-proyectos-de-investigacion-internacionales\/\" target=\"_blank\" rel=\"noopener\">Apoyo a proyectos investigaci\u00f3n internacionales<\/a><\/li>\n<li><a href=\"https:\/\/www.ull.es\/portal\/convocatorias\/categorias\/apoyo-a-la-transferencia-de-conocimiento\/\" target=\"_blank\" rel=\"noopener\">Apoyo a la transferencia del conocimiento<\/a><\/li>\n<li><a href=\"https:\/\/www.ull.es\/portal\/convocatorias\/categorias\/excelencia-postdoctorales-ull-caixa-cajacanarias\/\" target=\"_blank\" rel=\"noopener noreferrer\" target=\"_blank\" rel=\"noopener\">Contratos de personal investigador de excelencia postdoctorales junior y senior ULL-Fundaci\u00f3n La Caixa-Fundaci\u00f3n Cajacanarias<\/a><\/li>\n<li><a href=\"https:\/\/www.ull.es\/investigacion\/convocatorias-y-ayudas-de-investigacion\/recualificacion-del-sistema-universitario-espanol\/\" rel=\"noopener\" target=\"_blank\" rel=\"noopener\">Recualificaci\u00f3n del Sistema Universitario Espa\u00f1ol<\/a><\/li>\n<li><a href=\"https:\/\/www.ull.es\/portal\/convocatorias\/categorias\/estancias-investigacion\/\" target=\"_blank\" rel=\"noopener\" target=\"_blank\" rel=\"noopener\">Estancias de investigaci\u00f3n<\/a><\/li>\n<li><a href=\"https:\/\/www.ull.es\/portal\/convocatorias\/categorias\/otros-contratos-posdoctorales\/\" target=\"_blank\" rel=\"noopener\" target=\"_blank\" rel=\"noopener\">Otros contratos posdoctorales<\/a><\/li>\n<\/ul>\n<\/div>\n<p>[\/vc_column_text][\/vc_column_inner][\/vc_row_inner][vc_empty_space][\/vc_column][\/vc_row][vc_row full_width=\u00bbstretch_row_content\u00bb css_animation=\u00bbfadeInUp\u00bb css=\u00bb.vc_custom_1619024134257{background-position: 0 0 !important;background-repeat: no-repeat !important;}\u00bb][vc_column][vc_row_inner css=\u00bb.vc_custom_1619024035306{padding-right: 10% !important;padding-left: 10% !important;}\u00bb][vc_column_inner][vc_column_text]<\/p>\n<h1 class=\"lea\">Convocatorias y ayudas externas<\/h1>\n<p>[\/vc_column_text][\/vc_column_inner][\/vc_row_inner][vc_empty_space height=\u00bb18px\u00bb][vc_row_inner equal_height=\u00bbyes\u00bb content_placement=\u00bbmiddle\u00bb css=\u00bb.vc_custom_1619024045389{padding-right: 10% !important;padding-left: 10% !important;}\u00bb][vc_column_inner][vc_column_text]<\/p>\n<div class=\"wpb_text_column wpb_content_element \">\n<ul>\n<li><a href=\"https:\/\/www.ull.es\/portal\/convocatorias\/categorias\/comunidad-autonoma\/\" target=\"_blank\" rel=\"noopener\">Comunidad Aut\u00f3noma<\/a><\/li>\n<li><a href=\"https:\/\/www.ull.es\/portal\/convocatorias\/categorias\/nacionales\/\" target=\"_blank\" rel=\"noopener\">Nacionales<\/a><\/li>\n<li><a href=\"https:\/\/www.ull.es\/portal\/convocatorias\/categorias\/internacionales\/\" target=\"_blank\" rel=\"noopener\">Internacionales<\/a><\/li>\n<li><a href=\"https:\/\/www.ull.es\/portal\/convocatorias\/categorias\/privadas\/\" target=\"_blank\" rel=\"noopener\">Privadas<\/a><\/li>\n<li><a href=\"https:\/\/www.ull.es\/portal\/convocatorias\/categorias\/otras\/\" target=\"_blank\" rel=\"noopener\">Otras<\/a><\/li>\n<\/ul>\n<\/div>\n<p>[\/vc_column_text][\/vc_column_inner][\/vc_row_inner][vc_empty_space][\/vc_column][\/vc_row][vc_row full_width=\u00bbstretch_row_content\u00bb css_animation=\u00bbfadeInUp\u00bb disable_element=\u00bbyes\u00bb css=\u00bb.vc_custom_1619078942286{background-color: #f4f4f4 !important;background-position: 0 0 !important;background-repeat: no-repeat !important;}\u00bb][vc_column][vc_row_inner css=\u00bb.vc_custom_1619024916475{padding-right: 10% !important;padding-left: 10% !important;}\u00bb][vc_column_inner][vc_empty_space][vc_column_text]<\/p>\n<h1 class=\"lea\" style=\"text-align: center;\">Gesti\u00f3n de los grupos de investigaci\u00f3n<\/h1>\n<p>[\/vc_column_text][\/vc_column_inner][\/vc_row_inner][vc_empty_space][vc_row_inner equal_height=\u00bbyes\u00bb content_placement=\u00bbmiddle\u00bb css=\u00bb.vc_custom_1619026417562{padding-right: 10% !important;padding-left: 10% !important;}\u00bb][vc_column_inner el_class=\u00bbcaja-facultad\u00bb width=\u00bb1\/3&#8243;][vc_column_text]<\/p>\n<div class=\"wpb_text_column wpb_content_element \">\n<div class=\"wpb_wrapper\">\n<div dir=\"ltr\">La gesti\u00f3n de los grupos de investigaci\u00f3n se realiza en el\u00a0<a href=\"https:\/\/www.ull.es\/servicios\/gestion-de-la-investigacion\/\" target=\"_blank\" rel=\"noopener noreferrer\" target=\"_blank\" rel=\"noopener\">Servicio de Gesti\u00f3n de la investigaci\u00f3n<\/a>\u00a0(SGI).<\/div>\n<div dir=\"ltr\"><\/div>\n<\/div>\n<\/div>\n<p>[\/vc_column_text][\/vc_column_inner][vc_column_inner el_class=\u00bbcaja-facultad\u00bb width=\u00bb1\/3&#8243;][vc_column_text]<\/p>\n<div class=\"wpb_text_column wpb_content_element \">\n<div class=\"wpb_wrapper\">\n<div dir=\"ltr\">La informaci\u00f3n que se muestra en la web relativa a los grupos es la que consta en los aplicativos de gesti\u00f3n universitaria.<\/div>\n<div dir=\"ltr\"><\/div>\n<\/div>\n<\/div>\n<p>[\/vc_column_text][\/vc_column_inner][vc_column_inner el_class=\u00bbcaja-facultad\u00bb width=\u00bb1\/3&#8243;][vc_column_text]<\/p>\n<div class=\"wpb_text_column wpb_content_element \">\n<div class=\"wpb_wrapper\">\n<div dir=\"ltr\">Para cualquier actuaci\u00f3n relacionada con este \u00e1mbito, puede Ud.\u00a0<a href=\"https:\/\/www.ull.es\/directorio\/search\/?busqueda=servicio-gestion-de-la-investigacion\" target=\"_blank\" rel=\"noopener noreferrer\" target=\"_blank\" rel=\"noopener\">contactar con el SGI<\/a>.<\/div>\n<\/div>\n<\/div>\n<p>[\/vc_column_text][\/vc_column_inner][\/vc_row_inner][vc_empty_space][\/vc_column][\/vc_row][vc_row full_width=\u00bbstretch_row_content\u00bb equal_height=\u00bbyes\u00bb css_animation=\u00bbfadeInUp\u00bb disable_element=\u00bbyes\u00bb css=\u00bb.vc_custom_1619078947833{padding-right: 10% !important;padding-left: 10% !important;}\u00bb][vc_column width=\u00bb1\/4&#8243;][vc_btn title=\u00bbGrupos de investigaci\u00f3n\u00bb style=\u00bbflat\u00bb shape=\u00bbsquare\u00bb size=\u00bblg\u00bb align=\u00bbcenter\u00bb button_block=\u00bbtrue\u00bb custom_onclick=\u00bbtrue\u00bb link=\u00bburl:https%3A%2F%2Fportalciencia.ull.es%2Fgrupos|target:_blank\u00bb][\/vc_column][vc_column width=\u00bb1\/4&#8243;][vc_btn title=\u00bbProcedimientos para el registro\u00bb style=\u00bbflat\u00bb shape=\u00bbsquare\u00bb size=\u00bblg\u00bb align=\u00bbcenter\u00bb button_block=\u00bbtrue\u00bb custom_onclick=\u00bbtrue\u00bb link=\u00bburl:https%3A%2F%2Fdrive.google.com%2Ffile%2Fd%2F0Bxi8Rp1_THQzQ1V6YjEtcmE2X1E%2Fview|target:_blank\u00bb][\/vc_column][vc_column width=\u00bb1\/4&#8243;][vc_btn title=\u00bbInstrucciones para el registro\u00bb style=\u00bbflat\u00bb shape=\u00bbsquare\u00bb size=\u00bblg\u00bb align=\u00bbcenter\u00bb button_block=\u00bbtrue\u00bb custom_onclick=\u00bbtrue\u00bb link=\u00bburl:https%3A%2F%2Fdrive.google.com%2Ffile%2Fd%2F0Bxi8Rp1_THQzOWVmOHVBZkFfUm8%2Fview|target:_blank\u00bb][\/vc_column][vc_column width=\u00bb1\/4&#8243;][vc_btn title=\u00bbSolicitud de registro\u00bb style=\u00bbflat\u00bb shape=\u00bbsquare\u00bb size=\u00bblg\u00bb align=\u00bbcenter\u00bb button_block=\u00bbtrue\u00bb custom_onclick=\u00bbtrue\u00bb link=\u00bburl:https%3A%2F%2Fsede.ull.es%2Fecivilis-site%2Fcatalog%2FshowProcedure%2F523|target:_blank\u00bb][\/vc_column][\/vc_row][vc_row full_width=\u00bbstretch_row_content\u00bb css_animation=\u00bbfadeInUp\u00bb css=\u00bb.vc_custom_1619109127986{padding-right: 10% !important;padding-left: 10% !important;background-color: #f4f4f4 !important;}\u00bb][vc_column][vc_column_text]<style>\n    .news-group .bg-size {\n        background-position: center;\n        background-size: cover;\n        width: 100%;\n        height: 48px;\n    }\n    .news-group .list-group-item-text {\n        font-size: 13px;\n    }\n    .news-group .col-md-3 {\n        padding-right: 0;\n    }\n    .news-group .list-group-item-date {\n        font-size: 11px;\n        color: #A4A4A4;\n        margin-bottom: 2px;\n        text-transform: uppercase;\n    }\n\n    .mensaje.alert-warning{\n        font-size: 12px;\n        margin: 14px !important;\n        padding: 4px 8px;\n        color: #cca60b;\n    }\n\n<\/style>\n\n\n<!--<pre>-->\n<!--    --><!--<\/pre>-->\n\n<div class=\"panel panel-default\">\n    <div class=\"panel-heading\">\n        <h3 class=\"panel-title\">Convocatorias<\/h3>\n    <\/div>\n\n    <div class=\"list-group news-group\">\n                            <a href=\"https:\/\/www.ull.es\/portal\/convocatorias\/convocatoria\/convocatoria-sobre-la-concesion-de-subvenciones-para-la-realizacion-de-proyectos-de-investigacion-cientifica-en-la-red-de-parques-nacionales-para-el-ano-2026\/\" class=\"list-group-item\">\n                    <div class=\"row\">\n                        <div class=\"col-md-12\">\n                            <p class=\"list-group-item-date\">\n                                Fecha de modificaci\u00f3n: 10 Apr 2026 - 13:15 UTC                            <\/p>\n                            <p class=\"list-group-item-text\">Convocatoria sobre la concesi\u00f3n de subvenciones para la realizaci\u00f3n de proyectos de investigaci\u00f3n cient\u00edfica en la Red de Parques Nacionales para el a\u00f1o 2026<\/p>\n                        <\/div>\n                    <\/div>\n                <\/a>\n                            <a href=\"https:\/\/www.ull.es\/portal\/convocatorias\/convocatoria\/convocatoria-programa-fundacion-once-investiga\/\" class=\"list-group-item\">\n                    <div class=\"row\">\n                        <div class=\"col-md-12\">\n                            <p class=\"list-group-item-date\">\n                                Fecha de modificaci\u00f3n: 26 Feb 2026 - 12:30 UTC                            <\/p>\n                            <p class=\"list-group-item-text\">Convocatoria Programa \u00abFundaci\u00f3n ONCE-INVESTIGA\u00bb<\/p>\n                        <\/div>\n                    <\/div>\n                <\/a>\n                            <a href=\"https:\/\/www.ull.es\/portal\/convocatorias\/convocatoria\/convocatoria-contratos-predoctorales-para-formacion-de-doctores-asociados-a-proyectos-de-generacion-de-conocimiento-fpi-ull-2025\/\" class=\"list-group-item\">\n                    <div class=\"row\">\n                        <div class=\"col-md-12\">\n                            <p class=\"list-group-item-date\">\n                                Fecha de modificaci\u00f3n: 10 Apr 2026 - 09:56 UTC                            <\/p>\n                            <p class=\"list-group-item-text\">Convocatoria contratos predoctorales para formaci\u00f3n de doctores asociados a proyectos de \u00abGeneraci\u00f3n de Conocimiento\u00bb (FPI-ULL) 2025<\/p>\n                        <\/div>\n                    <\/div>\n                <\/a>\n                            <a href=\"https:\/\/www.ull.es\/portal\/convocatorias\/convocatoria\/convocatoria-de-la-edicion-2026-de-los-premios-institucionales-de-la-universidad-de-la-laguna\/\" class=\"list-group-item\">\n                    <div class=\"row\">\n                        <div class=\"col-md-12\">\n                            <p class=\"list-group-item-date\">\n                                Fecha de modificaci\u00f3n: 05 Feb 2026 - 11:49 UTC                            <\/p>\n                            <p class=\"list-group-item-text\">Convocatoria de la edici\u00f3n 2026 de los Premios Institucionales de la Universidad de La Laguna<\/p>\n                        <\/div>\n                    <\/div>\n                <\/a>\n                            <a href=\"https:\/\/www.ull.es\/portal\/convocatorias\/convocatoria\/subvenciones-para-estancias-en-2026-2027-en-el-extranjero-para-personal-docente-e-investigador-subprograma-estatal-de-formacion-atraccion-y-retencion-del-talento-peicti-2024-2027\/\" class=\"list-group-item\">\n                    <div class=\"row\">\n                        <div class=\"col-md-12\">\n                            <p class=\"list-group-item-date\">\n                                Fecha de modificaci\u00f3n: 29 Jan 2026 - 13:44 UTC                            <\/p>\n                            <p class=\"list-group-item-text\">Subvenciones para estancias en 2026-2027 en el extranjero para personal docente e investigador. Subprograma Estatal de formaci\u00f3n, Atracci\u00f3n y Retenci\u00f3n del Talento (PEICTI) 2024-2027<\/p>\n                        <\/div>\n                    <\/div>\n                <\/a>\n                <\/div>\n\n    <div class=\"panel-footer\">\n                    <a href=\"https:\/\/www.ull.es\/portal\/convocatorias\/categorias\/internacional\">M\u00c1S CONVOCATORIAS <i class=\"fa fa-chevron-right\"><\/i><\/a>\n            <\/div>\n\n    \n<\/div>[\/vc_column_text][vc_empty_space][\/vc_column][\/vc_row]<\/p>\n","protected":false},"excerpt":{"rendered":"<p>[vc_row][vc_column][rev_slider_vc alias=\u00bbconvocatorias\u00bb][\/vc_column][\/vc_row][vc_row full_width=\u00bbstretch_row_content\u00bb css_animation=\u00bbfadeInUp\u00bb css=\u00bb.vc_custom_1619027676387{background-color: #f4f4f4 !important;background-position: center !important;background-repeat: no-repeat !important;background-size: cover !important;}\u00bb][vc_column][vc_row_inner css=\u00bb.vc_custom_1619027662759{padding-right: 10% !important;padding-left: 10% !important;}\u00bb][vc_column_inner][vc_column_text] Convocatorias y ayudas de la ULL [\/vc_column_text][vc_empty_space][\/vc_column_inner][\/vc_row_inner][vc_row_inner equal_height=\u00bbyes\u00bb css=\u00bb.vc_custom_1619030752975{padding-right: 10% !important;padding-left: 10% !important;}\u00bb][vc_column_inner width=\u00bb1\/2&#8243;][vc_column_text] Plan Propio de Investigaci\u00f3n Programa de formaci\u00f3n de investigadores Contratos laborales con cargo a proyectos Contratos laborales OTC-OPE Becas y ayudas Contratos predoctorales&#8230;<\/p>\n","protected":false},"author":1,"featured_media":0,"parent":0,"menu_order":0,"comment_status":"closed","ping_status":"closed","template":"templates\/template-no-title.php","meta":{"footnotes":""},"_links":{"self":[{"href":"https:\/\/www.ull.es\/investigacion\/wp-json\/wp\/v2\/pages\/99"}],"collection":[{"href":"https:\/\/www.ull.es\/investigacion\/wp-json\/wp\/v2\/pages"}],"about":[{"href":"https:\/\/www.ull.es\/investigacion\/wp-json\/wp\/v2\/types\/page"}],"author":[{"embeddable":true,"href":"https:\/\/www.ull.es\/investigacion\/wp-json\/wp\/v2\/users\/1"}],"replies":[{"embeddable":true,"href":"https:\/\/www.ull.es\/investigacion\/wp-json\/wp\/v2\/comments?post=99"}],"version-history":[{"count":11,"href":"https:\/\/www.ull.es\/investigacion\/wp-json\/wp\/v2\/pages\/99\/revisions"}],"predecessor-version":[{"id":820,"href":"https:\/\/www.ull.es\/investigacion\/wp-json\/wp\/v2\/pages\/99\/revisions\/820"}],"wp:attachment":[{"href":"https:\/\/www.ull.es\/investigacion\/wp-json\/wp\/v2\/media?parent=99"}],"curies":[{"name":"wp","href":"https:\/\/api.w.org\/{rel}","templated":true}]}}