{"id":17360,"date":"2025-01-20T08:57:40","date_gmt":"2025-01-20T08:57:40","guid":{"rendered":"https:\/\/www.ull.es\/la-universidad\/?page_id=17360"},"modified":"2025-03-05T12:34:58","modified_gmt":"2025-03-05T12:34:58","slug":"laudatio-ken-bugul","status":"publish","type":"page","link":"https:\/\/www.ull.es\/la-universidad\/en\/honoris-causa\/ken-bugul\/laudatio-ken-bugul\/","title":{"rendered":"Laudatio"},"content":{"rendered":"<div class=\"wp-block-stackable-columns alignfull stk-block-columns stk-block stk-bf13746 stk-block-background stk--has-background-overlay\" data-block-id=\"bf13746\"><style>.stk-bf13746 .stk--block-align-bf13746{align-items:center !important;}.stk-bf13746 {background-image:url(https:\/\/www.ull.es\/la-universidad\/wp-content\/uploads\/sites\/2\/2025\/01\/IMG-20210125-WA0004_DITADA-1.jpg) !important;background-position:top center !important;background-repeat:no-repeat !important;background-size:cover !important;padding-bottom:20% !important;margin-top:-2% !important;}<\/style><div class=\"stk-row stk-inner-blocks stk--block-align-bf13746 stk-block-content stk-content-align stk-bf13746-column alignfull\">\n<div class=\"wp-block-stackable-column stk-block-column stk-column stk-block stk-52369c8\" data-v=\"4\" data-block-id=\"52369c8\"><div class=\"stk-column-wrapper stk-block-column__content stk-container stk-52369c8-container stk--no-background stk--no-padding\"><div class=\"stk-block-content stk-inner-blocks stk-52369c8-inner-blocks\">\n<div class=\"wp-block-stackable-columns alignfull stk-block-columns stk-block stk-09efffd\" data-block-id=\"09efffd\"><style>.stk-09efffd {padding-top:3% !important;padding-right:10% !important;}<\/style><div class=\"stk-row stk-inner-blocks stk-block-content stk-content-align stk-09efffd-column alignfull\">\n<div class=\"wp-block-stackable-column stk-block-column stk-column stk-block stk-079e619\" data-v=\"4\" data-block-id=\"079e619\"><div class=\"stk-column-wrapper stk-block-column__content stk-container stk-079e619-container stk--no-background stk--no-padding\"><div class=\"stk-block-content stk-inner-blocks stk-079e619-inner-blocks\">\n<div class=\"wp-block-stackable-image aligncenter stk-block-image has-text-align-left stk-block stk-bcd1559\" data-block-id=\"bcd1559\"><style>.stk-bcd1559 .stk-img-wrapper{width:40% !important;}<\/style><figure><span class=\"stk-img-wrapper stk-image--shape-stretch\"><img loading=\"lazy\" decoding=\"async\" class=\"stk-img wp-image-17362\" src=\"https:\/\/www.ull.es\/la-universidad\/wp-content\/uploads\/sites\/2\/2025\/01\/Mockup-web-honoris-causa-25.png\" width=\"581\" height=\"148\" srcset=\"https:\/\/www.ull.es\/la-universidad\/wp-content\/uploads\/sites\/2\/2025\/01\/Mockup-web-honoris-causa-25.png 581w, https:\/\/www.ull.es\/la-universidad\/wp-content\/uploads\/sites\/2\/2025\/01\/Mockup-web-honoris-causa-25-300x76.png 300w, https:\/\/www.ull.es\/la-universidad\/wp-content\/uploads\/sites\/2\/2025\/01\/Mockup-web-honoris-causa-25-375x96.png 375w\" sizes=\"auto, (max-width: 581px) 100vw, 581px\" \/><\/span><\/figure><\/div>\n<\/div><\/div><\/div>\n<\/div><\/div>\n<\/div><\/div><\/div>\n<\/div><\/div>\n\n\n\n<div class=\"wp-block-stackable-columns alignfull stk-block-columns stk-block stk-593da1e\" data-block-id=\"593da1e\"><div class=\"stk-row stk-inner-blocks stk-block-content stk-content-align stk-593da1e-column alignfull\">\n<div class=\"wp-block-stackable-column stk-block-column stk-column stk-block stk-614a277\" data-v=\"4\" data-block-id=\"614a277\"><div class=\"stk-column-wrapper stk-block-column__content stk-container stk-614a277-container stk--no-background stk--no-padding\"><div class=\"stk-block-content stk-inner-blocks stk-614a277-inner-blocks\">\n<div class=\"wp-block-stackable-columns alignwide stk-block-columns stk-block stk-2fea7a6\" data-block-id=\"2fea7a6\"><style>.stk-2fea7a6 {padding-right:5% !important;padding-left:5% !important;}.stk-2fea7a6-column{--stk-columns-spacing:12px !important;--stk-column-gap:50px !important;}<\/style><div class=\"stk-row stk-inner-blocks stk-block-content stk-content-align stk-2fea7a6-column alignwide\">\n<div class=\"wp-block-stackable-column stk-block-column stk-column stk-block stk-2f0dfa9\" data-v=\"4\" data-block-id=\"2f0dfa9\"><style>@media screen and (min-width: 768px){.stk-2f0dfa9 {flex:var(--stk-flex-grow, 1) 1 calc(62% - var(--stk-column-gap, 0px) * 1 \/ 2 ) !important;}}<\/style><div class=\"stk-column-wrapper stk-block-column__content stk-container stk-2f0dfa9-container stk--no-background stk--no-padding\"><div class=\"stk-block-content stk-inner-blocks stk-2f0dfa9-inner-blocks\">\n<div class=\"wp-block-stackable-text stk-block-text stk-block stk-1cc959a\" data-block-id=\"1cc959a\"><p class=\"stk-block-text__text\"><a href=\"https:\/\/www.ull.es\/la-universidad\/honoris-causa\/\" target=\"_blank\" rel=\"noreferrer noopener\">Honoris Causa<\/a>&nbsp;\u00bb&nbsp;<a href=\"https:\/\/www.ull.es\/la-universidad\/honoris-causa\/ken-bugul\/\" target=\"_blank\" rel=\"noreferrer noopener\">Ken Bugul<\/a>&nbsp;\u00bb Laudatio<\/p><\/div>\n\n\n\n<div class=\"wp-block-stackable-image stk-block-image has-text-align-left stk-block stk-bade6cd\" data-block-id=\"bade6cd\"><style>.stk-bade6cd .stk-img-wrapper{width:100% !important;}<\/style><figure><span class=\"stk-img-wrapper stk-image--shape-stretch\"><img loading=\"lazy\" decoding=\"async\" class=\"stk-img wp-image-17257\" src=\"https:\/\/www.ull.es\/la-universidad\/wp-content\/uploads\/sites\/2\/2025\/01\/Mockup-web-honoris-causa_Trayectoria.png\" width=\"692\" height=\"138\" srcset=\"https:\/\/www.ull.es\/la-universidad\/wp-content\/uploads\/sites\/2\/2025\/01\/Mockup-web-honoris-causa_Trayectoria.png 692w, https:\/\/www.ull.es\/la-universidad\/wp-content\/uploads\/sites\/2\/2025\/01\/Mockup-web-honoris-causa_Trayectoria-300x60.png 300w, https:\/\/www.ull.es\/la-universidad\/wp-content\/uploads\/sites\/2\/2025\/01\/Mockup-web-honoris-causa_Trayectoria-375x75.png 375w\" sizes=\"auto, (max-width: 692px) 100vw, 692px\" \/><\/span><\/figure><\/div>\n\n\n\n<div class=\"wp-block-stackable-text stk-block-text stk-block stk-8a32b18\" data-block-id=\"8a32b18\"><style>.stk-8a32b18 {margin-bottom:10px !important;}<\/style><p class=\"stk-block-text__text\">Ken Bugul, the Wolof pseudonym of Mari\u00e9tou Mbaye Bil\u00e9oma, was born in 1947 in Ndoucoumane, a former region in western Senegal. He made his debut in literature in 1982 with his fictionalized autobiography, Le baobab fou.<\/p><\/div>\n\n\n\n<div class=\"wp-block-stackable-text stk-block-text stk-block stk-e85552f\" data-block-id=\"e85552f\"><style>.stk-e85552f {margin-bottom:10px !important;}<\/style><p class=\"stk-block-text__text\">As an author, Ken Bugul has published eleven novels, most of them translated into several languages. The daughter of an 85-year-old polygamous marabout and a young Senegalese woman, she was raised in a polygamous family where her siblings were considerably older than her. At the age of five, she was separated from her mother, and the incomprehension of this abandonment and disconnection from her family haunted her throughout her childhood, adolescence, and adulthood, the moment she began to write. <\/p><\/div>\n\n\n\n<div class=\"wp-block-stackable-text stk-block-text stk-block stk-1c7347c\" data-block-id=\"1c7347c\"><style>.stk-1c7347c {margin-bottom:10px !important;}<\/style><p class=\"stk-block-text__text\">After completing primary school in his village, he continued his studies at the Malick-Sy Lyc\u00e9e in Thi\u00e8s, after which he entered what is now known as the Cheikh Anta Diop University in Dakar. His academic brilliance opened doors for him, and he obtained a scholarship to study in Belgium, a period during which he experienced the West he had studied, read, and talked about so much. That longed-for place, which his colonial education presented to him as his own, as the land of his &quot;Gaul ancestors.&quot; His time in Belgium, recounted in Le baobab fou, was as complex as it was devastating; this was followed by another time in France, thanks to a scholarship at the National Institute of Audiovisual in Paris. His experiences in that country are recounted in Cendres et braises, in which so many other experiences turned his stay into hell and ultimately pointed to the only possible path to survival: returning home. <\/p><\/div>\n\n\n\n<div class=\"wp-block-stackable-text stk-block-text stk-block stk-4068788\" data-block-id=\"4068788\"><style>.stk-4068788 {margin-bottom:10px !important;}<\/style><p class=\"stk-block-text__text\">In the early 1980s, M\u00e8re Mbaye, known as &quot;Mother Mbaye,&quot; as her loved ones call her, returned to Senegal for a time. There, she once again faced the conflict between two realities. Her neighbors and relatives treated her as an outcast, and her own mother was ashamed of her for having returned from Europe without any apparent success. During that time, she met an 85-year-old marabout, whom she married as his twenty-eighth wife. This marriage rehabilitated her socially and brought her a certain stability and inner peace. A few months later, her husband died, and later, she married a doctor in Benin, with whom she had a daughter.<\/p><\/div>\n\n\n\n<div class=\"wp-block-stackable-text stk-block-text stk-block stk-971dbcd\" data-block-id=\"971dbcd\"><style>.stk-971dbcd {margin-bottom:10px !important;}<\/style><p class=\"stk-block-text__text\">It was on this return to her native country that she began to write. And she wrote and wrote... and the manuscript arrived at Nouvelles \u00c9ditions Africaines. It was so groundbreaking, so irreverent, so &#039;unsuitable&#039; for a woman, an African woman, a Black woman, that the publisher decided to publish it, but under a pseudonym. Thus, it was the eternal feeling of abandonment that led her to adopt the pseudonym she uses to sign her works, Ken Bugul, which in the Wolof language means &quot;personne n&#039;en veut&quot; or &quot;the one nobody wants.&quot; <\/p><\/div>\n\n\n\n<div class=\"wp-block-stackable-text stk-block-text stk-block stk-b4a0390\" data-block-id=\"b4a0390\"><style>.stk-b4a0390 {margin-bottom:10px !important;}<\/style><p class=\"stk-block-text__text\">Between 1986 and 1993, she worked as an international civil servant in several African countries, including Kenya, Congo, and Togo, managing family planning programs for an international non-governmental organization, leading the organization&#039;s African regional section. She traveled the world, participating in various training sessions and giving lectures on development, family planning, and the rights of women and girls. <\/p><\/div>\n\n\n\n<div class=\"wp-block-stackable-text stk-block-text stk-block stk-0de3193\" data-block-id=\"0de3193\"><p class=\"stk-block-text__text\">Since 1994, she has devoted herself primarily to writing, combining her writing with the organization of workshops in disadvantaged communities, where she promotes therapeutic writing and rehabilitation. She also supports the dissemination of local arts and crafts.<\/p><\/div>\n\n\n\n<div class=\"wp-block-stackable-text stk-block-text stk-block stk-1ecf2b3\" data-block-id=\"1ecf2b3\"><style>.stk-1ecf2b3 {margin-bottom:10px !important;}<\/style><p class=\"stk-block-text__text\">Ken Bugul has overcome multiple challenges and developed a worldview with a rare freedom. She conveys to those around her a profound love of life, and her writing is shaped by the separation from her mother during her childhood. Her views on topics such as African tradition, feminism, economic development, and North-South relations have been forceful and often controversial. Her clarity about the human condition and humorous narrative style have established her as a leading figure in African literature. In Africa, where her work has generated everything from controversy to respect, Ken Bugul has earned a place as a pivotal voice. His life and his work are intimately connected, and in his internationally known autobiographical trilogy, composed of Le Baobab fou (his childhood, leaving his homeland and encountering the West), Cendres et braises (his adult experience in the West) and Riwan ou le chemin de sable (the return to his roots, healing at home) he recounts, openly and with unusual boldness, different moments of his existence.<\/p><\/div>\n\n\n\n<div class=\"wp-block-stackable-text stk-block-text stk-block stk-d704236\" data-block-id=\"d704236\"><style>.stk-d704236 {margin-bottom:10px !important;}<\/style><p class=\"stk-block-text__text\">Ken Bugul writes in French, the language of her colonial upbringing, and has not felt the need to write in Wolof, her mother tongue, because, she believes, French is her tool, the one that has allowed her to reach a wider audience, a Western audience to whom she is, in a sense, addressing herself. However, her works are inhabited by voices in the Wolof language, references to Senegalese concepts and realities, African popular beliefs, and local practices, among others. In this way, Ken Bugul&#039;s writing is both a means of personal catharsis and a tool for analyzing and critiquing African and Western realities.<\/p><\/div>\n\n\n\n<div class=\"wp-block-stackable-text stk-block-text stk-block stk-327ab68\" data-block-id=\"327ab68\"><style>.stk-327ab68 {margin-bottom:10px !important;}<\/style><p class=\"stk-block-text__text\">On several occasions, she has described how colonization divided Senegalese society into three classes: Westerners, the assimilated, and the indigenous people, to which she belonged. The indigenous people, as Bugul explains, were forced to imitate the mentality of the colonizers without receiving any of their privileges. These experiences profoundly shaped her sense of identity and led her to question the inequalities and cultural domination she suffered.<\/p><\/div>\n\n\n\n<div class=\"wp-block-stackable-text stk-block-text stk-block stk-a2cd050\" data-block-id=\"a2cd050\"><style>.stk-a2cd050 {margin-bottom:10px !important;}<\/style><p class=\"stk-block-text__text\">Ken Bugul is one of the most important writers on the African continent, and her work offers a fascinating insight into the human condition, exile, and the search for a place in the world and an identity, making her not only an African writer, but a universal one.<\/p><\/div>\n\n\n\n<div class=\"wp-block-stackable-text stk-block-text stk-block stk-bf17300\" data-block-id=\"bf17300\"><style>.stk-bf17300 {margin-bottom:10px !important;}<\/style><p class=\"stk-block-text__text\">Furthermore, its humanistic approach, with a critical view of social and cultural structures, demonstrates a firm commitment to human rights, equality between men and women, and the dignity of the marginalized, as well as a powerful and necessary vision that engages with global concerns.<\/p><\/div>\n\n\n\n<div class=\"wp-block-stackable-text stk-block-text stk-block stk-19415cf\" data-block-id=\"19415cf\"><style>.stk-19415cf {margin-bottom:10px !important;}<\/style><p class=\"stk-block-text__text\">This commitment is reflected in every aspect of her life and work, and is perfectly aligned with the values our institution upholds. Her fight for social justice and giving a voice to African women, as well as her critical analysis of power structures and inequalities, make her a tireless defender of fundamental rights, values that the ULL actively promotes.<\/p><\/div>\n\n\n\n<div class=\"wp-block-stackable-text stk-block-text stk-block stk-28eb6a7\" data-block-id=\"28eb6a7\"><style>.stk-28eb6a7 {margin-bottom:10px !important;}<\/style><p class=\"stk-block-text__text\">Furthermore, Ken Bugul&#039;s extensive and renowned literary career has had a significant international impact, establishing her as one of the leading voices in contemporary African literature. For all these reasons, this writer represents a figure who will not only bring great prestige to our university but will also strengthen the ULL&#039;s commitment to Senegal, and by extension to the neighboring African continent and its diasporas. This commitment has been firm for decades, successfully maintained through not only academic and scientific projects, but also cooperation and development projects that the various researchers, departments, and faculties of this university have carried out and continue to carry out with the neighboring country. <\/p><\/div>\n\n\n\n<div class=\"wp-block-stackable-text stk-block-text stk-block stk-dbe5066\" data-block-id=\"dbe5066\"><style>.stk-dbe5066 {margin-bottom:10px !important;}<\/style><p class=\"stk-block-text__text\">For all these reasons, the appointment of Ken Bugul, Mari\u00e8tou Mbaye Bil\u00e9oma, to the University of La Laguna faculty as an Honorary Doctor, will strengthen the cultural and academic ties between our institution and the African continent, a twin territory of great importance to both the Canary Islands and the ULL, thereby consolidating our role as leaders and promoters of cultural and social dialogue that aspires to a more just, egalitarian, and supportive future.<\/p><\/div>\n\n\n\n<div class=\"wp-block-stackable-text stk-block-text stk-block stk-a396d85\" data-block-id=\"a396d85\"><p class=\"stk-block-text__text has-text-align-right\"><strong>Dulce Mar\u00eda Gonz\u00e1lez Doreste and Alba Rodr\u00edguez Garc\u00eda<\/strong><\/p><\/div>\n<\/div><\/div><\/div>\n\n\n\n<div class=\"wp-block-stackable-column stk-block-column stk-column stk-block stk-25b306a\" data-v=\"4\" data-block-id=\"25b306a\"><style>@media screen and (min-width: 768px){.stk-25b306a {flex:var(--stk-flex-grow, 1) 1 calc(38% - var(--stk-column-gap, 0px) * 1 \/ 2 ) !important;}}<\/style><div class=\"stk-column-wrapper stk-block-column__content stk-container stk-25b306a-container stk--no-background stk--no-padding\"><div class=\"stk-block-content stk-inner-blocks stk-25b306a-inner-blocks\">\n<div class=\"wp-block-stackable-heading stk-block-heading stk-block-heading--v2 stk-block stk-85a5815 stk-block-background\" id=\"a-href-https-drive-google-com-file-d-1-fv-5-v-7-h-01-u-g-o-bo-u-pn-jdflofl-idi-ed-py-n-view-usp-sharing-span-style-color-ffffff-class-stk-highlight-version-leida-en-el-acto-span-a\" data-block-id=\"85a5815\"><style>.stk-85a5815 {background-color:#ffc100 !important;padding-top:5% !important;padding-bottom:2% !important;margin-bottom:50px !important;}.stk-85a5815:before{background-color:#ffc100 !important;}.stk-85a5815 .stk-block-heading__text{color:#ffffff !important;font-weight:700 !important;}<\/style><h2 class=\"stk-block-heading__text has-text-color has-text-align-center\"><a href=\"https:\/\/drive.google.com\/file\/d\/1Fv5v7H01u-gOBoUPnJdfloflIdiEdPyN\/view?usp=sharing\" target=\"_blank\" rel=\"noopener\"><span style=\"color: #ffffff;\" class=\"stk-highlight\">VERSION READ ON THE ACT<\/span><\/a><\/h2><\/div>\n\n\n\n<div class=\"wp-block-stackable-image stk-block-image stk-block stk-d1d7398\" data-block-id=\"d1d7398\"><style>.stk-d1d7398 .stk-img-wrapper{width:90% !important;}<\/style><figure><span class=\"stk-img-wrapper stk-image--shape-stretch\"><img loading=\"lazy\" decoding=\"async\" class=\"stk-img wp-image-17243\" src=\"https:\/\/www.ull.es\/la-universidad\/wp-content\/uploads\/sites\/2\/2025\/01\/Mockup-web-honoris-causa_Iconos.png\" width=\"276\" height=\"276\" srcset=\"https:\/\/www.ull.es\/la-universidad\/wp-content\/uploads\/sites\/2\/2025\/01\/Mockup-web-honoris-causa_Iconos.png 276w, https:\/\/www.ull.es\/la-universidad\/wp-content\/uploads\/sites\/2\/2025\/01\/Mockup-web-honoris-causa_Iconos-150x150.png 150w, https:\/\/www.ull.es\/la-universidad\/wp-content\/uploads\/sites\/2\/2025\/01\/Mockup-web-honoris-causa_Iconos-50x50.png 50w\" sizes=\"auto, (max-width: 276px) 100vw, 276px\" \/><\/span><\/figure><\/div>\n<\/div><\/div><\/div>\n<\/div><\/div>\n<\/div><\/div><\/div>\n<\/div><\/div>","protected":false},"excerpt":{"rendered":"<p>Honoris Causa \u00bb Ken Bugul \u00bb Laudatio Ken Bugul, the Wolof pseudonym of Mari\u00e9tou Mbaye Bil\u00e9oma, was born in 1947 in Ndoucoumane, a former region in western Senegal. In 1982, he made his debut in literature with his fictionalized autobiography, *Le baobab fou*. As an author, Ken Bugul has published eleven novels, most of them translated into several languages. Daughter\u2026<\/p>","protected":false},"author":67,"featured_media":0,"parent":17323,"menu_order":0,"comment_status":"closed","ping_status":"closed","template":"templates\/template-frontpage.php","meta":{"footnotes":""},"class_list":["post-17360","page","type-page","status-publish","hentry"],"_links":{"self":[{"href":"https:\/\/www.ull.es\/la-universidad\/en\/wp-json\/wp\/v2\/pages\/17360","targetHints":{"allow":["GET"]}}],"collection":[{"href":"https:\/\/www.ull.es\/la-universidad\/en\/wp-json\/wp\/v2\/pages"}],"about":[{"href":"https:\/\/www.ull.es\/la-universidad\/en\/wp-json\/wp\/v2\/types\/page"}],"author":[{"embeddable":true,"href":"https:\/\/www.ull.es\/la-universidad\/en\/wp-json\/wp\/v2\/users\/67"}],"replies":[{"embeddable":true,"href":"https:\/\/www.ull.es\/la-universidad\/en\/wp-json\/wp\/v2\/comments?post=17360"}],"version-history":[{"count":17,"href":"https:\/\/www.ull.es\/la-universidad\/en\/wp-json\/wp\/v2\/pages\/17360\/revisions"}],"predecessor-version":[{"id":17980,"href":"https:\/\/www.ull.es\/la-universidad\/en\/wp-json\/wp\/v2\/pages\/17360\/revisions\/17980"}],"up":[{"embeddable":true,"href":"https:\/\/www.ull.es\/la-universidad\/en\/wp-json\/wp\/v2\/pages\/17323"}],"wp:attachment":[{"href":"https:\/\/www.ull.es\/la-universidad\/en\/wp-json\/wp\/v2\/media?parent=17360"}],"curies":[{"name":"wp","href":"https:\/\/api.w.org\/{rel}","templated":true}]}}