{"id":372,"date":"2016-09-12T08:19:35","date_gmt":"2016-09-12T08:19:35","guid":{"rendered":"http:\/\/www.ull.es\/conoce-la-ull\/?page_id=372"},"modified":"2026-02-06T09:30:24","modified_gmt":"2026-02-06T09:30:24","slug":"campus","status":"publish","type":"page","link":"https:\/\/www.ull.es\/la-universidad\/en\/campus\/","title":{"rendered":"Campus"},"content":{"rendered":"\n<div class=\"wp-block-stackable-tabs stk-block-tabs stk-block stk-3e4b581\" data-initial-tab=\"1\" data-block-id=\"3e4b581\"><style>.stk-3e4b581 .stk-block-tab-content .stk-block-content .stk-block-column[hidden]{display:none !important;}<\/style><div class=\"stk-row stk-inner-blocks stk-block-content stk-block-tabs--horizontal stk-block-tabs--fade stk-content-align stk-3e4b581-column\">\n<div class=\"wp-block-stackable-tab-labels stk-block-tab-labels stk-block-tab-labels--wrap-mobile stk-block stk-3f5eabb is-style-classic\" data-block-id=\"3f5eabb\"><style>.stk-3f5eabb .stk-block-tab-labels__wrapper{justify-content:center !important;}.stk-3f5eabb .stk-block-tabs__tab{color:#999999 !important;background:#fafafa !important;border-color:#000000 !important;border-top-width:1px !important;border-right-width:1px !important;border-bottom-width:1px !important;border-left-width:1px !important;}.stk-3f5eabb .stk-block-tabs__tab.stk-block-tabs__tab--active .stk-block-tab-labels__text{color:#ffffff !important;}.stk-3f5eabb {overflow:hidden !important;}.stk-3f5eabb .stk-block-tab-labels__text{color:#999999 !important;}.stk-3f5eabb .stk-block-tabs__tab .stk--inner-svg svg:last-child, .stk-3f5eabb .stk-block-tabs__tab .stk--inner-svg svg:last-child :is(g, path, rect, polygon, ellipse){fill:#000000 !important;}.stk-3f5eabb .stk-block-tabs__tab.stk-block-tabs__tab--active{background:#7a3b7a !important;border-color:#000000 !important;border-top-width:1px !important;border-right-width:1px !important;border-bottom-width:0px !important;border-left-width:1px !important;}<\/style><div class=\"stk-block-tab-labels__wrapper\" role=\"tablist\"><button class=\"stk-block-tabs__tab\" role=\"tab\"><div class=\"stk-block-tab-labels__text\"><span>Campus Central<\/span><\/div><\/button><button class=\"stk-block-tabs__tab\" role=\"tab\"><div class=\"stk-block-tab-labels__text\"><span>Campus de Anchieta<\/span><\/div><\/button><button class=\"stk-block-tabs__tab\" role=\"tab\"><div class=\"stk-block-tab-labels__text\"><span>Campus de Guajara<\/span><\/div><\/button><button class=\"stk-block-tabs__tab\" role=\"tab\"><div class=\"stk-block-tab-labels__text\"><span>Campus de Ofra<\/span><\/div><\/button><button class=\"stk-block-tabs__tab\" role=\"tab\"><div class=\"stk-block-tab-labels__text\"><span>Campus de Santa Cruz<\/span><\/div><\/button><button class=\"stk-block-tabs__tab\" role=\"tab\"><div class=\"stk-block-tab-labels__text\"><span>Campus del Sur<\/span><\/div><\/button><\/div><\/div>\n\n\n\n<div class=\"wp-block-stackable-tab-content stk-block-tab-content stk-block stk-67b225a\" data-block-id=\"67b225a\"><div class=\"stk-row stk-inner-blocks stk-block-content stk-content-align stk-67b225a-column\">\n<div class=\"wp-block-stackable-column stk-block-column stk-column stk-block stk-38acc80\" data-v=\"4\" role=\"tabpanel\" data-block-id=\"38acc80\"><style>.stk-38acc80 {border-style:solid !important;border-color:#7a3b7a !important;border-top-width:2px !important;border-right-width:0px !important;border-bottom-width:0px !important;border-left-width:0px !important;}<\/style><div class=\"stk-column-wrapper stk-block-column__content stk-container stk-38acc80-container stk--no-background stk--no-padding\"><div class=\"stk-block-content stk-inner-blocks stk-38acc80-inner-blocks\">\n<div class=\"wp-block-columns is-layout-flex wp-container-core-columns-is-layout-9d6595d7 wp-block-columns-is-layout-flex\">\n<div class=\"wp-block-column is-layout-flow wp-block-column-is-layout-flow\" style=\"flex-basis:65%\">\n<p>El Campus Central se halla en la parte m\u00e1s moderna del casco urbano de San Crist\u00f3bal de la Laguna. En \u00e9l destaca el edificio m\u00e1s emblem\u00e1tico de la ULL, el llamado \u201cEdificio Central\u201d proyectado en los a\u00f1os 40 del siglo XX por el arquitecto Jos\u00e9 Enrique Marrero Regalado y culminado por Domingo Pisaca y Burgada en 1953, dentro del cual se ubica el Paraninfo, sal\u00f3n noble de la instituci\u00f3n.<\/p>\n\n\n\n<p>Dicho edificio alberg\u00f3 durante muchos a\u00f1os las facultades de Derecho, Ciencias y Filosof\u00eda y Letras, pero el aumento de alumnado y la creaci\u00f3n de nuevos campus fueron vaci\u00e1ndolo de actividad acad\u00e9mica y, en la actualidad, alberga servicios administrativos y algunos vicerrectorados. En este campus se encuentra:<\/p>\n\n\n\n<ul class=\"wp-block-list\">\n<li>Edificio Central.<\/li>\n\n\n\n<li>Sede del Consejo Social de la ULL.<\/li>\n\n\n\n<li>Sede de la Fundaci\u00f3n General de la ULL.<\/li>\n\n\n\n<li>Polideportivo central de la ULL.<\/li>\n\n\n\n<li>Secci\u00f3n de Arquitectura T\u00e9cnica de la Escuela Polit\u00e9cnica Superior de Ingenier\u00eda.<\/li>\n\n\n\n<li>Facultad de Educaci\u00f3n.<\/li>\n\n\n\n<li>Colegios mayores San Fernando y Santa Mar\u00eda.<\/li>\n<\/ul>\n<\/div>\n\n\n\n<div class=\"wp-block-column is-layout-flow wp-block-column-is-layout-flow\">\n<figure class=\"wp-block-image size-full\"><a href=\"https:\/\/www.ull.es\/la-universidad\/wp-content\/uploads\/sites\/2\/2017\/01\/Campus-central-Universidad-Laguna.jpg\" target=\"_blank\" rel=\"noopener\"><img loading=\"lazy\" decoding=\"async\" width=\"640\" height=\"360\" src=\"https:\/\/www.ull.es\/la-universidad\/wp-content\/uploads\/sites\/2\/2017\/01\/Campus-central-Universidad-Laguna.jpg\" alt=\"\" class=\"wp-image-7174\" srcset=\"https:\/\/www.ull.es\/la-universidad\/wp-content\/uploads\/sites\/2\/2017\/01\/Campus-central-Universidad-Laguna.jpg 640w, https:\/\/www.ull.es\/la-universidad\/wp-content\/uploads\/sites\/2\/2017\/01\/Campus-central-Universidad-Laguna-300x169.jpg 300w, https:\/\/www.ull.es\/la-universidad\/wp-content\/uploads\/sites\/2\/2017\/01\/Campus-central-Universidad-Laguna-375x211.jpg 375w\" sizes=\"auto, (max-width: 640px) 100vw, 640px\" \/><\/a><\/figure>\n<\/div>\n<\/div>\n\n\n\n<iframe src=\"https:\/\/www.google.com\/maps\/embed?pb=!1m16!1m12!1m3!1d3506.9385732778583!2d-16.319462133989465!3d28.481396497653943!2m3!1f0!2f0!3f0!3m2!1i1024!2i768!4f13.1!2m1!1scampus%20central%20universidad%20de%20la%20laguna!5e0!3m2!1ses!2ses!4v1674135007026!5m2!1ses!2ses\" width=\"1100\" height=\"450\" style=\"border:0;\" allowfullscreen=\"\" loading=\"lazy\" referrerpolicy=\"no-referrer-when-downgrade\"><\/iframe>\n<\/div><\/div><\/div>\n\n\n\n<div class=\"wp-block-stackable-column stk-block-column stk-column stk-block stk-d814a0f\" data-v=\"4\" role=\"tabpanel\" data-block-id=\"d814a0f\"><style>.stk-d814a0f {border-style:solid !important;border-color:#7a3b7a !important;border-top-width:2px !important;border-right-width:0px !important;border-bottom-width:0px !important;border-left-width:0px !important;}<\/style><div class=\"stk-column-wrapper stk-block-column__content stk-container stk-d814a0f-container stk--no-background stk--no-padding\"><div class=\"stk-block-content stk-inner-blocks stk-d814a0f-inner-blocks\">\n<div class=\"wp-block-columns is-layout-flex wp-container-core-columns-is-layout-9d6595d7 wp-block-columns-is-layout-flex\">\n<div class=\"wp-block-column is-layout-flow wp-block-column-is-layout-flow\">\n<p>El Campus de Anchieta es un enclave muy bien comunicado, pues se ubica al lado de una de las rotondas de entrada a la ciudad de San Crist\u00f3bal de La Laguna, que conecta, adem\u00e1s, los municipios del norte de la isla con la capital, Santa Cruz de Tenerife.<\/p>\n\n\n\n<p>Este espacio aglutina las sedes de las especialidades de Ciencias e Ingenier\u00edas de la Universidad de La Laguna. En concreto, alberga:<\/p>\n\n\n\n<ul class=\"wp-block-list\">\n<li>Todas las secciones al completo de la Facultad de Ciencias: Biolog\u00eda, F\u00edsica, Matem\u00e1ticas y Qu\u00edmica.<\/li>\n\n\n\n<li>La Facultad de Farmacia.<\/li>\n\n\n\n<li>La Secci\u00f3n de Ingenier\u00eda Agraria de la Escuela Polit\u00e9cnica Superior de Ingenier\u00eda.<\/li>\n\n\n\n<li>La Escuela Superior de Ingenier\u00eda y Tecnolog\u00eda.<\/li>\n\n\n\n<li>La sede del Servicio General de Apoyo a la Investigaci\u00f3n (SEGAI).<\/li>\n\n\n\n<li>Edificio de Servicios al Alumnado ULL-CajaCanarias<\/li>\n\n\n\n<li>Escuela de Doctorado y Estudios de Posgrado.<\/li>\n<\/ul>\n<\/div>\n\n\n\n<div class=\"wp-block-column is-layout-flow wp-block-column-is-layout-flow\">\n<figure class=\"wp-block-image size-full\"><a href=\"https:\/\/www.ull.es\/la-universidad\/wp-content\/uploads\/sites\/2\/2017\/01\/Campus-Anchieta-Universidad-Laguna.jpg\" target=\"_blank\" rel=\"noopener\"><img loading=\"lazy\" decoding=\"async\" width=\"640\" height=\"360\" src=\"https:\/\/www.ull.es\/la-universidad\/wp-content\/uploads\/sites\/2\/2017\/01\/Campus-Anchieta-Universidad-Laguna.jpg\" alt=\"\" class=\"wp-image-7173\" srcset=\"https:\/\/www.ull.es\/la-universidad\/wp-content\/uploads\/sites\/2\/2017\/01\/Campus-Anchieta-Universidad-Laguna.jpg 640w, https:\/\/www.ull.es\/la-universidad\/wp-content\/uploads\/sites\/2\/2017\/01\/Campus-Anchieta-Universidad-Laguna-300x169.jpg 300w, https:\/\/www.ull.es\/la-universidad\/wp-content\/uploads\/sites\/2\/2017\/01\/Campus-Anchieta-Universidad-Laguna-375x211.jpg 375w\" sizes=\"auto, (max-width: 640px) 100vw, 640px\" \/><\/a><\/figure>\n<\/div>\n<\/div>\n\n\n\n<iframe src=\"https:\/\/www.google.com\/maps\/embed?pb=!1m16!1m12!1m3!1d1474.489199954871!2d-16.320766742288253!3d28.48116998386447!2m3!1f0!2f0!3f0!3m2!1i1024!2i768!4f13.1!2m1!1sUniversidad%20de%20La%20Laguna%20-%20Campus%20de%20anchieta!5e0!3m2!1ses!2ses!4v1674131810651!5m2!1ses!2ses\" width=\"1100\" height=\"450\" style=\"border:0;\" allowfullscreen=\"\" loading=\"lazy\" referrerpolicy=\"no-referrer-when-downgrade\"><\/iframe>\n<\/div><\/div><\/div>\n\n\n\n<div class=\"wp-block-stackable-column stk-block-column stk-column stk-block stk-712e50c\" data-v=\"4\" role=\"tabpanel\" data-block-id=\"712e50c\"><style>.stk-712e50c {border-style:solid !important;border-color:#7a3b7a !important;border-top-width:2px !important;border-right-width:0px !important;border-bottom-width:0px !important;border-left-width:0px !important;}<\/style><div class=\"stk-column-wrapper stk-block-column__content stk-container stk-712e50c-container stk--no-background stk--no-padding\"><div class=\"stk-block-content stk-inner-blocks stk-712e50c-inner-blocks\">\n<div class=\"wp-block-columns is-layout-flex wp-container-core-columns-is-layout-9d6595d7 wp-block-columns-is-layout-flex\">\n<div class=\"wp-block-column is-layout-flow wp-block-column-is-layout-flow\">\n<p>El Campus de Guajara es el m\u00e1s amplio en extensi\u00f3n de toda la ULL, finalizado a mediados de la d\u00e9cada de los 80 del siglo XX aunque cuenta con edificios inaugurados en 2014 y a\u00fan dispone de solares sin construir para albergar futuros inmuebles. Se encuentra en las proximidades del casco urbano de San Crist\u00f3bal de La Laguna, flanqueando la autopista del norte TF-5 y bien comunicado mediante guaguas y tranv\u00edas.<\/p>\n\n\n\n<p>Este espacio alberga la totalidad de estudios de Humanidades y Ciencias Sociales, as\u00ed como uno de los espacios m\u00e1s importantes de la instituci\u00f3n, la sede central de Servicio de Biblioteca, cuyo valios\u00edsimo fondo antiguo custodia ejemplares que se remontan hasta el siglo XVI. En el campus se hallan:<\/p>\n\n\n\n<ul class=\"wp-block-list\">\n<li>Todas las secciones de Facultad de Humanidades: Filolog\u00eda, Filosof\u00eda y Geograf\u00eda e Historia.<\/li>\n\n\n\n<li>Facultad de Bellas Artes: Conservaci\u00f3n y Restauraci\u00f3n de Bienes Culturales, Dise\u00f1o y Bellas Artes.<\/li>\n\n\n\n<li>Todas las secciones de la Facultad de Ciencias Sociales y de la Comunicaci\u00f3n: Antropolog\u00eda Social y Cultural, Periodismo, Sociolog\u00eda y Trabajo Social.<\/li>\n\n\n\n<li>Facultad de Psicolog\u00eda y Logopedia.<\/li>\n\n\n\n<li>Facultad de Derecho.<\/li>\n\n\n\n<li>Facultad de Econom\u00eda, Empresa y Turismo.<\/li>\n\n\n\n<li>Aulario General.<\/li>\n\n\n\n<li>Biblioteca General y de Humanidades.<\/li>\n\n\n\n<li>Edificio de Servicios al Alumnado ULL-CajaCanarias.<\/li>\n\n\n\n<li>Residencia Universitaria Parque de las Islas.<\/li>\n<\/ul>\n<\/div>\n\n\n\n<div class=\"wp-block-column is-layout-flow wp-block-column-is-layout-flow\">\n<figure class=\"wp-block-image size-full\"><a href=\"https:\/\/www.ull.es\/la-universidad\/wp-content\/uploads\/sites\/2\/2017\/01\/Campus-Guajara-Universidad-Laguna.jpg\" target=\"_blank\" rel=\"noopener\"><img loading=\"lazy\" decoding=\"async\" width=\"640\" height=\"360\" src=\"https:\/\/www.ull.es\/la-universidad\/wp-content\/uploads\/sites\/2\/2017\/01\/Campus-Guajara-Universidad-Laguna.jpg\" alt=\"\" class=\"wp-image-7175\" srcset=\"https:\/\/www.ull.es\/la-universidad\/wp-content\/uploads\/sites\/2\/2017\/01\/Campus-Guajara-Universidad-Laguna.jpg 640w, https:\/\/www.ull.es\/la-universidad\/wp-content\/uploads\/sites\/2\/2017\/01\/Campus-Guajara-Universidad-Laguna-300x169.jpg 300w, https:\/\/www.ull.es\/la-universidad\/wp-content\/uploads\/sites\/2\/2017\/01\/Campus-Guajara-Universidad-Laguna-375x211.jpg 375w\" sizes=\"auto, (max-width: 640px) 100vw, 640px\" \/><\/a><\/figure>\n<\/div>\n<\/div>\n\n\n\n<iframe src=\"https:\/\/www.google.com\/maps\/embed?pb=!1m18!1m12!1m3!1d3507.342100867685!2d-16.306961933989573!3d28.469242348201394!2m3!1f0!2f0!3f0!3m2!1i1024!2i768!4f13.1!3m3!1m2!1s0xc41cda98805c349%3A0x876a5cae0fbba55f!2sCampus%20de%20Guajara!5e0!3m2!1ses!2ses!4v1674131891522!5m2!1ses!2ses\" width=\"1100\" height=\"450\" style=\"border:0;\" allowfullscreen=\"\" loading=\"lazy\" referrerpolicy=\"no-referrer-when-downgrade\"><\/iframe>\n<\/div><\/div><\/div>\n\n\n\n<div class=\"wp-block-stackable-column stk-block-column stk-column stk-block stk-ccb4318\" data-v=\"4\" role=\"tabpanel\" data-block-id=\"ccb4318\"><style>.stk-ccb4318 {border-style:solid !important;border-color:#7a3b7a !important;border-top-width:2px !important;border-right-width:0px !important;border-bottom-width:0px !important;border-left-width:0px !important;}<\/style><div class=\"stk-column-wrapper stk-block-column__content stk-container stk-ccb4318-container stk--no-background stk--no-padding\"><div class=\"stk-block-content stk-inner-blocks stk-ccb4318-inner-blocks\">\n<div class=\"wp-block-columns is-layout-flex wp-container-core-columns-is-layout-9d6595d7 wp-block-columns-is-layout-flex\">\n<div class=\"wp-block-column is-layout-flow wp-block-column-is-layout-flow\">\n<p>Este campus est\u00e1 articulado en los alrededores del Hospital Universitario de Canarias (HUC), ya que en el se ubica la mayor\u00eda de estudios superiores relacionados con las Ciencias de la Salud, a excepci\u00f3n de Psicolog\u00eda y Logopedia. La relaci\u00f3n con el recinto hospitalario es muy fluida ya que, si bien no se trata de una instalaci\u00f3n perteneciente a la ULL (pertenece la Servicio Canario de Salud), es vital para la docencia y la investigaci\u00f3n en titulaciones como Medicina o Enfermer\u00eda. Este campus aloja:<\/p>\n\n\n\n<ul class=\"wp-block-list\">\n<li>Secciones de Medicina y Fisioterapia de la Facultad de Ciencias de la Salud.<\/li>\n\n\n\n<li>Facultad de Enfermer\u00eda.<\/li>\n\n\n\n<li>Escuela Adscrita de Enfermer\u00eda Nuestra Se\u00f1ora de Candelaria.<\/li>\n<\/ul>\n<\/div>\n\n\n\n<div class=\"wp-block-column is-layout-flow wp-block-column-is-layout-flow\">\n<figure class=\"wp-block-image size-full\"><a href=\"https:\/\/www.ull.es\/la-universidad\/wp-content\/uploads\/sites\/2\/2017\/04\/imagen-facultad-4.jpg\" target=\"_blank\" rel=\"noopener\"><img loading=\"lazy\" decoding=\"async\" width=\"1000\" height=\"600\" src=\"https:\/\/www.ull.es\/la-universidad\/wp-content\/uploads\/sites\/2\/2017\/04\/imagen-facultad-4.jpg\" alt=\"\" class=\"wp-image-12043\" srcset=\"https:\/\/www.ull.es\/la-universidad\/wp-content\/uploads\/sites\/2\/2017\/04\/imagen-facultad-4.jpg 1000w, https:\/\/www.ull.es\/la-universidad\/wp-content\/uploads\/sites\/2\/2017\/04\/imagen-facultad-4-300x180.jpg 300w, https:\/\/www.ull.es\/la-universidad\/wp-content\/uploads\/sites\/2\/2017\/04\/imagen-facultad-4-768x461.jpg 768w, https:\/\/www.ull.es\/la-universidad\/wp-content\/uploads\/sites\/2\/2017\/04\/imagen-facultad-4-375x225.jpg 375w, https:\/\/www.ull.es\/la-universidad\/wp-content\/uploads\/sites\/2\/2017\/04\/imagen-facultad-4-750x450.jpg 750w\" sizes=\"auto, (max-width: 1000px) 100vw, 1000px\" \/><\/a><\/figure>\n<\/div>\n<\/div>\n\n\n\n<iframe src=\"https:\/\/www.google.com\/maps\/embed?pb=!1m18!1m12!1m3!1d3507.7956580254636!2d-16.295524665165548!3d28.455575642813685!2m3!1f0!2f0!3f0!3m2!1i1024!2i768!4f13.1!3m3!1m2!1s0xc41cce4f9acac43%3A0xeec90ae94a2af5c4!2sUniversidad%20de%20La%20Laguna%20-%20Secci%C3%B3n%20de%20Medicina%2C%20Enfermer%C3%ADa%20y%20Fisioterapia!5e0!3m2!1ses!2ses!4v1674131972802!5m2!1ses!2ses\" width=\"1100\" height=\"450\" style=\"border:0;\" allowfullscreen=\"\" loading=\"lazy\" referrerpolicy=\"no-referrer-when-downgrade\"><\/iframe>\n<\/div><\/div><\/div>\n\n\n\n<div class=\"wp-block-stackable-column stk-block-column stk-column stk-block stk-918faac\" data-v=\"4\" role=\"tabpanel\" data-block-id=\"918faac\"><style>.stk-918faac {border-style:solid !important;border-color:#7a3b7a !important;border-top-width:2px !important;border-right-width:0px !important;border-bottom-width:0px !important;border-left-width:0px !important;}<\/style><div class=\"stk-column-wrapper stk-block-column__content stk-container stk-918faac-container stk--no-background stk--no-padding\"><div class=\"stk-block-content stk-inner-blocks stk-918faac-inner-blocks\">\n<div class=\"wp-block-columns is-layout-flex wp-container-core-columns-is-layout-9d6595d7 wp-block-columns-is-layout-flex\">\n<div class=\"wp-block-column is-layout-flow wp-block-column-is-layout-flow\">\n<p>No se trata de un campus propiamente dicho, en tanto que no se estructura como un enclave urban\u00edstico claramente delimitado que aloja varias dependencias universitarias. Pero valga esta denominaci\u00f3n para aglutinar las diferentes dependencias institucionales ubicadas en el municipio capitalino de Tenerife. A saber:<\/p>\n\n\n\n<ul class=\"wp-block-list\">\n<li>Secci\u00f3n de N\u00e1utica, M\u00e1quinas y Radioelectr\u00f3nica Naval de la Escuela Polit\u00e9cnica Superior de Ingenier\u00eda.<\/li>\n\n\n\n<li>Escuela de Turismo de Tenerife (centro adscrito).<\/li>\n<\/ul>\n<\/div>\n\n\n\n<div class=\"wp-block-column is-layout-flow wp-block-column-is-layout-flow\">\n<figure class=\"wp-block-image size-full\"><a href=\"https:\/\/www.ull.es\/la-universidad\/wp-content\/uploads\/sites\/2\/2017\/01\/Campus-Santa_Cruz-Universidad-Laguna.jpg\" target=\"_blank\" rel=\"noopener\"><img loading=\"lazy\" decoding=\"async\" width=\"640\" height=\"360\" src=\"https:\/\/www.ull.es\/la-universidad\/wp-content\/uploads\/sites\/2\/2017\/01\/Campus-Santa_Cruz-Universidad-Laguna.jpg\" alt=\"\" class=\"wp-image-7177\" srcset=\"https:\/\/www.ull.es\/la-universidad\/wp-content\/uploads\/sites\/2\/2017\/01\/Campus-Santa_Cruz-Universidad-Laguna.jpg 640w, https:\/\/www.ull.es\/la-universidad\/wp-content\/uploads\/sites\/2\/2017\/01\/Campus-Santa_Cruz-Universidad-Laguna-300x169.jpg 300w, https:\/\/www.ull.es\/la-universidad\/wp-content\/uploads\/sites\/2\/2017\/01\/Campus-Santa_Cruz-Universidad-Laguna-375x211.jpg 375w\" sizes=\"auto, (max-width: 640px) 100vw, 640px\" \/><\/a><\/figure>\n<\/div>\n<\/div>\n\n\n\n<iframe src=\"https:\/\/www.google.com\/maps\/embed?pb=!1m18!1m12!1m3!1d3518.790665988047!2d-16.725162!3d28.122409!2m3!1f0!2f0!3f0!3m2!1i1024!2i768!4f13.1!3m3!1m2!1s0xc6a909fc8703611%3A0xefb298f4f518f389!2sCentro%20Cultural%20de%20la%20Villa%20de%20Adeje!5e0!3m2!1ses!2ses!4v1674134879396!5m2!1ses!2ses\" width=\"1100\" height=\"450\" style=\"border:0;\" allowfullscreen=\"\" loading=\"lazy\" referrerpolicy=\"no-referrer-when-downgrade\"><\/iframe>\n<\/div><\/div><\/div>\n\n\n\n<div class=\"wp-block-stackable-column stk-block-column stk-column stk-block stk-a4a7612\" data-v=\"4\" role=\"tabpanel\" data-block-id=\"a4a7612\"><style>.stk-a4a7612 {border-style:solid !important;border-color:#7a3b7a !important;border-top-width:2px !important;border-right-width:0px !important;border-bottom-width:0px !important;border-left-width:0px !important;}<\/style><div class=\"stk-column-wrapper stk-block-column__content stk-container stk-a4a7612-container stk--no-background stk--no-padding\"><div class=\"stk-block-content stk-inner-blocks stk-a4a7612-inner-blocks\">\n<div class=\"wp-block-columns is-layout-flex wp-container-core-columns-is-layout-9d6595d7 wp-block-columns-is-layout-flex\">\n<div class=\"wp-block-column is-layout-flow wp-block-column-is-layout-flow\">\n<p>Ubicado en Adeje, se encuentra f\u00edsicamente en una ampliaci\u00f3n del centro cultural municipal que durante muchos a\u00f1os ha alojado las diferentes ediciones de la Universidad de Verano de Adeje y algunos cursos puntuales. Fruto de esta relaci\u00f3n formativa surgi\u00f3 la posibilidad de aumentar la oferta formativa de la ULL en la villa sure\u00f1a, con el establecimiento de un campus permanente que, por fin, se hizo realidad en 2012.<\/p>\n\n\n\n<p>Por el momento, este campus solamente acoge el Grado en Turismo que imparte la Facultad de Econom\u00eda, Empresa y Turismo, pero est\u00e1 en estudio la posible ampliaci\u00f3n a m\u00e1s disciplinas, ya sea en formato de grado o de posgrado.<\/p>\n<\/div>\n\n\n\n<div class=\"wp-block-column is-layout-flow wp-block-column-is-layout-flow\">\n<figure class=\"wp-block-image size-full\"><a href=\"https:\/\/www.ull.es\/la-universidad\/wp-content\/uploads\/sites\/2\/2017\/01\/Campus-Sur-Universidad-Laguna.jpg\" target=\"_blank\" rel=\"noopener\"><img loading=\"lazy\" decoding=\"async\" width=\"640\" height=\"360\" src=\"https:\/\/www.ull.es\/la-universidad\/wp-content\/uploads\/sites\/2\/2017\/01\/Campus-Sur-Universidad-Laguna.jpg\" alt=\"\" class=\"wp-image-7172\" srcset=\"https:\/\/www.ull.es\/la-universidad\/wp-content\/uploads\/sites\/2\/2017\/01\/Campus-Sur-Universidad-Laguna.jpg 640w, https:\/\/www.ull.es\/la-universidad\/wp-content\/uploads\/sites\/2\/2017\/01\/Campus-Sur-Universidad-Laguna-300x169.jpg 300w, https:\/\/www.ull.es\/la-universidad\/wp-content\/uploads\/sites\/2\/2017\/01\/Campus-Sur-Universidad-Laguna-375x211.jpg 375w\" sizes=\"auto, (max-width: 640px) 100vw, 640px\" \/><\/a><\/figure>\n<\/div>\n<\/div>\n\n\n\n<iframe src=\"https:\/\/www.google.com\/maps\/embed?pb=!1m18!1m12!1m3!1d4170.4773499311395!2d-16.240737633600578!3d28.481369992144547!2m3!1f0!2f0!3f0!3m2!1i1024!2i768!4f13.1!3m3!1m2!1s0xc41cb7eb935f0f7%3A0x948083dc54a4d951!2sEscuela%20Polit%C3%A9cnica%20Superior%20de%20Ingenier%C3%ADa%20(EPSI).%20Secci%C3%B3n%20de%20N%C3%A1utica%2C%20M%C3%A1quinas%20y%20Radioelectr%C3%B3nica%20Naval!5e0!3m2!1ses!2ses!4v1674134967228!5m2!1ses!2ses\" width=\"1100\" height=\"450\" style=\"border:0;\" allowfullscreen=\"\" loading=\"lazy\" referrerpolicy=\"no-referrer-when-downgrade\"><\/iframe>\n<\/div><\/div><\/div>\n<\/div><\/div>\n<\/div><\/div>\n","protected":false},"excerpt":{"rendered":"<p>Central Campus Anchieta Campus Guajara Campus Ofra Campus Santa Cruz Campus South Campus The Central Campus is located in the most modern part of the urban center of San Crist\u00f3bal de la Laguna. It features the most emblematic building of the ULL, the so-called &quot;Central Building,&quot; designed in the 1980s.<\/p>","protected":false},"author":1,"featured_media":0,"parent":0,"menu_order":0,"comment_status":"closed","ping_status":"closed","template":"templates\/template-100-width.php","meta":{"footnotes":""},"class_list":["post-372","page","type-page","status-publish","hentry"],"_links":{"self":[{"href":"https:\/\/www.ull.es\/la-universidad\/en\/wp-json\/wp\/v2\/pages\/372","targetHints":{"allow":["GET"]}}],"collection":[{"href":"https:\/\/www.ull.es\/la-universidad\/en\/wp-json\/wp\/v2\/pages"}],"about":[{"href":"https:\/\/www.ull.es\/la-universidad\/en\/wp-json\/wp\/v2\/types\/page"}],"author":[{"embeddable":true,"href":"https:\/\/www.ull.es\/la-universidad\/en\/wp-json\/wp\/v2\/users\/1"}],"replies":[{"embeddable":true,"href":"https:\/\/www.ull.es\/la-universidad\/en\/wp-json\/wp\/v2\/comments?post=372"}],"version-history":[{"count":45,"href":"https:\/\/www.ull.es\/la-universidad\/en\/wp-json\/wp\/v2\/pages\/372\/revisions"}],"predecessor-version":[{"id":18686,"href":"https:\/\/www.ull.es\/la-universidad\/en\/wp-json\/wp\/v2\/pages\/372\/revisions\/18686"}],"wp:attachment":[{"href":"https:\/\/www.ull.es\/la-universidad\/en\/wp-json\/wp\/v2\/media?parent=372"}],"curies":[{"name":"wp","href":"https:\/\/api.w.org\/{rel}","templated":true}]}}