{"id":12395,"date":"2017-10-02T11:47:40","date_gmt":"2017-10-02T11:47:40","guid":{"rendered":"https:\/\/www.ull.es\/la-universidad\/?page_id=12395"},"modified":"2025-11-19T13:34:57","modified_gmt":"2025-11-19T13:34:57","slug":"claustro","status":"publish","type":"page","link":"https:\/\/www.ull.es\/la-universidad\/fr\/claustro\/","title":{"rendered":"Clo\u00eetre"},"content":{"rendered":"<div class=\"wp-block-stackable-columns stk-block-columns stk-block stk-6e6f2dc\" data-block-id=\"6e6f2dc\"><div class=\"stk-row stk-inner-blocks stk-block-content stk-content-align stk-6e6f2dc-column\">\n<div class=\"wp-block-stackable-column stk-block-column stk-column stk-block stk-18eb9e5\" data-v=\"4\" data-block-id=\"18eb9e5\"><style>@media screen and (min-width: 768px){.stk-18eb9e5 {flex:var(--stk-flex-grow, 1) 1 calc(70% - var(--stk-column-gap, 0px) * 1 \/ 2 ) !important;}}<\/style><div class=\"stk-column-wrapper stk-block-column__content stk-container stk-18eb9e5-container stk--no-background stk--no-padding\"><div class=\"stk-block-content stk-inner-blocks stk-18eb9e5-inner-blocks\">\n<div class=\"wp-block-stackable-heading stk-block-heading stk-block-heading--v2 stk-block stk-e41b798\" id=\"claustro\" data-block-id=\"e41b798\"><style>.stk-e41b798 .stk-block-heading__text{font-weight:400 !important;}<\/style><h1 class=\"stk-block-heading__text\">Clo\u00eetre<\/h1><\/div>\n\n\n\n<div class=\"wp-block-stackable-text stk-block-text stk-block stk-fe50e1f\" data-block-id=\"fe50e1f\"><style>.stk-fe50e1f .stk-block-text__text{font-size:16px !important;font-family:\"Argentum sans\", Sans-serif !important;}@media screen and (max-width: 1023px){.stk-fe50e1f .stk-block-text__text{font-size:16px !important;}}<\/style><p class=\"stk-block-text__text\">Le S\u00e9nat est l&#039;organe repr\u00e9sentatif et d\u00e9lib\u00e9ratif supr\u00eame de l&#039;Universit\u00e9 de La Laguna, ainsi que l&#039;organe de d\u00e9cision dans les cas pr\u00e9vus par les Statuts, les r\u00e8glements compl\u00e9mentaires et autres lois en vigueur.<\/p><\/div>\n\n\n\n<div class=\"wp-block-stackable-heading stk-block-heading stk-block-heading--v2 stk-block stk-e84a185\" id=\"sesiones-plenarias\" data-block-id=\"e84a185\"><style>.stk-e84a185 .stk-block-heading__text{font-size:26px !important;}@media screen and (max-width: 1023px){.stk-e84a185 .stk-block-heading__text{font-size:26px !important;}}<\/style><h2 class=\"stk-block-heading__text\">S\u00e9ances pl\u00e9ni\u00e8res<\/h2><\/div>\n\n\n\n<div class=\"wp-block-stackable-text stk-block-text stk-block stk-c143321\" data-block-id=\"c143321\"><style>.stk-c143321 .stk-block-text__text{font-size:16px !important;font-family:\"Argentum sans\", Sans-serif !important;}@media screen and (max-width: 1023px){.stk-c143321 .stk-block-text__text{font-size:16px !important;}}<\/style><p class=\"stk-block-text__text\">Le prochain <strong>session ordinaire<\/strong> du Clo\u00eetre aura lieu le jour <strong>le 24 novembre 2025 \u00e0 9h00<\/strong> au premier appel ou, le cas \u00e9ch\u00e9ant, une demi-heure plus tard, au deuxi\u00e8me, dans l&#039;Aula Magna de la Facult\u00e9 d&#039;\u00c9conomie, de Commerce et de Tourisme.<br><br>* La s\u00e9ance sera diffus\u00e9e le <strong>streaming<\/strong> dans ce qui suit <a href=\"https:\/\/www.ull.es\/portal\/streaming-ull\/\" target=\"_blank\" rel=\"noopener\">lien<\/a>.<\/p><\/div>\n\n\n\n<div class=\"wp-block-stackable-heading stk-block-heading stk-block-heading--v2 stk-block stk-676b517\" id=\"orden-del-dia\" data-block-id=\"676b517\"><style>.stk-676b517 .stk-block-heading__text{font-size:26px !important;}@media screen and (max-width: 1023px){.stk-676b517 .stk-block-heading__text{font-size:26px !important;}}<\/style><h2 class=\"stk-block-heading__text\">Ordre du jour<\/h2><\/div>\n\n\n\n<div class=\"wp-block-stackable-text stk-block-text stk-block stk-88b490f\" data-block-id=\"88b490f\"><style>.stk-88b490f {margin-bottom:15px !important;}.stk-88b490f .stk-block-text__text{font-size:16px !important;font-family:\"Argentum sans\", Sans-serif !important;}@media screen and (max-width: 1023px){.stk-88b490f .stk-block-text__text{font-size:16px !important;}}<\/style><p class=\"stk-block-text__text\">Voir le <a href=\"https:\/\/drive.google.com\/file\/d\/1Gzsm7XncRAUjwzhJije2OC14zh4qSpvR\/view?usp=sharing\" target=\"_blank\" rel=\"noreferrer noopener\">Ordre du jour<\/a> de la session ordinaire du 24 novembre 2025 du S\u00e9nat<\/p><\/div>\n\n\n\n<div class=\"wp-block-stackable-text stk-block-text stk-block stk-2f6da50\" data-block-id=\"2f6da50\"><style>.stk-2f6da50 .stk-block-text__text{font-size:16px !important;font-family:\"Argentum sans\", Sans-serif !important;}@media screen and (max-width: 1023px){.stk-2f6da50 .stk-block-text__text{font-size:16px !important;}}<\/style><p class=\"stk-block-text__text\">Vous pourrez \u00e9galement acc\u00e9der au fichier qui contient le <a href=\"https:\/\/drive.google.com\/drive\/folders\/1onvDvucdOUDV6oHe1LYeouiFYb4Ni_ly?usp=share_link\" target=\"_blank\" rel=\"noopener\">Ordre du jour des s\u00e9ances du Clo\u00eetre<\/a>.<\/p><\/div>\n\n\n\n<div class=\"wp-block-stackable-heading stk-block-heading stk-block-heading--v2 stk-block stk-a9dc826\" id=\"informacion\" data-block-id=\"a9dc826\"><style>.stk-a9dc826 .stk-block-heading__text{font-size:26px !important;}@media screen and (max-width: 1023px){.stk-a9dc826 .stk-block-heading__text{font-size:26px !important;}}<\/style><h2 class=\"stk-block-heading__text\">Information<\/h2><\/div>\n\n\n\n<ul class=\"wp-block-list\">\n<li><a href=\"https:\/\/www.ull.es\/la-universidad\/videos-de-los-claustros\/\" target=\"_blank\" rel=\"noreferrer noopener\">Vid\u00e9os des s\u00e9ances de cl\u00f4ture<\/a><\/li>\n<\/ul>\n\n\n\n<div class=\"wp-block-stackable-spacer stk-block-spacer stk--no-padding stk-block stk-fd4ba10\" data-block-id=\"fd4ba10\"><\/div>\n\n\n\n<details class=\"wp-block-stackable-accordion stk-block-accordion stk-inner-blocks stk-block-content stk-block stk-f53bea2 is-style-plain\" data-block-id=\"f53bea2\"><style>.stk-f53bea2 {border-color:#dfdad1 !important;border-top-width:0px !important;border-right-width:0px !important;border-bottom-width:1px !important;border-left-width:0px !important;padding-top:0px !important;padding-right:15px !important;padding-bottom:12px !important;}<\/style>\n<summary class=\"wp-block-stackable-column stk-block-column stk-column stk-block stk-1c183b2 stk--container-small stk-block-accordion__heading\" data-v=\"4\" data-block-id=\"1c183b2\"><style>.stk-1c183b2 {border-style:solid !important;border-top-width:0px !important;border-right-width:0px !important;border-bottom-width:1px !important;border-left-width:0px !important;}<\/style><div class=\"stk-column-wrapper stk-block-column__content stk-container stk-1c183b2-container stk--no-background stk--no-padding\"><div class=\"stk-block-content stk-inner-blocks stk-1c183b2-inner-blocks\">\n<div class=\"wp-block-stackable-icon-label stk-block-icon-label stk-block stk-193d979\" data-block-id=\"193d979\"><style>.stk-193d979 .stk-inner-blocks{gap:34px !important;}@media screen and (max-width: 1023px){.stk-193d979 .stk-inner-blocks{gap:34px !important;}}@media screen and (max-width: 767px){.stk-193d979 .stk-inner-blocks{gap:34px !important;}}<\/style><div class=\"stk-row stk-inner-blocks stk-block-content\">\n<div class=\"wp-block-stackable-icon stk-block-icon stk-block stk-e5142f9\" data-block-id=\"e5142f9\"><style>.stk-e5142f9 .stk--svg-wrapper .stk--inner-svg svg:last-child{height:30px !important;width:30px !important;}.stk-e5142f9 .stk--svg-wrapper .stk--inner-svg svg:last-child, .stk-e5142f9 .stk--svg-wrapper .stk--inner-svg svg:last-child :is(g, path, rect, polygon, ellipse){fill:#5c068c !important;}<\/style><span class=\"stk--svg-wrapper stk--has-icon2\"><div class=\"stk--inner-svg\"><svg style=\"height:0;width:0\"><defs><lineargradient id=\"linear-gradient-e5142f9\" x1=\"0\" x2=\"100%\" y1=\"0\" y2=\"0\"><stop offset=\"0%\" style=\"stop-opacity:1;stop-color:var(--linear-gradient-e-5142-f-9-color-1)\"><\/stop><stop offset=\"100%\" style=\"stop-opacity:1;stop-color:var(--linear-gradient-e-5142-f-9-color-2)\"><\/stop><\/lineargradient><\/defs><\/svg><svg xmlns=\"http:\/\/www.w3.org\/2000\/svg\" viewbox=\"0 0 640 512\" aria-hidden=\"true\" width=\"32\" height=\"32\"><path d=\"M144 0a80 80 0 1 1 0 160A80 80 0 1 1 144 0zM512 0a80 80 0 1 1 0 160A80 80 0 1 1 512 0zM0 298.7C0 239.8 47.8 192 106.7 192h42.7c15.9 0 31 3.5 44.6 9.7c-1.3 7.2-1.9 14.7-1.9 22.3c0 38.2 16.8 72.5 43.3 96c-.2 0-.4 0-.7 0H21.3C9.6 320 0 310.4 0 298.7zM405.3 320c-.2 0-.4 0-.7 0c26.6-23.5 43.3-57.8 43.3-96c0-7.6-.7-15-1.9-22.3c13.6-6.3 28.7-9.7 44.6-9.7h42.7C592.2 192 640 239.8 640 298.7c0 11.8-9.6 21.3-21.3 21.3H405.3zM224 224a96 96 0 1 1 192 0 96 96 0 1 1 -192 0zM128 485.3C128 411.7 187.7 352 261.3 352H378.7C452.3 352 512 411.7 512 485.3c0 14.7-11.9 26.7-26.7 26.7H154.7c-14.7 0-26.7-11.9-26.7-26.7z\"><\/path><\/svg><\/div><div class=\"stk--inner-svg stk--icon-2\" style=\"display:none\"><svg style=\"height:0;width:0\"><defs><lineargradient id=\"linear-gradient-e5142f9\" x1=\"0\" x2=\"100%\" y1=\"0\" y2=\"0\"><stop offset=\"0%\" style=\"stop-opacity:1;stop-color:var(--linear-gradient-e-5142-f-9-color-1)\"><\/stop><stop offset=\"100%\" style=\"stop-opacity:1;stop-color:var(--linear-gradient-e-5142-f-9-color-2)\"><\/stop><\/lineargradient><\/defs><\/svg><svg xmlns=\"http:\/\/www.w3.org\/2000\/svg\" viewbox=\"0 0 640 512\" aria-hidden=\"true\" width=\"32\" height=\"32\"><path d=\"M211.2 96a64 64 0 1 0 -128 0 64 64 0 1 0 128 0zM32 256c0 17.7 14.3 32 32 32h85.6c10.1-39.4 38.6-71.5 75.8-86.6c-9.7-6-21.2-9.4-33.4-9.4H96c-35.3 0-64 28.7-64 64zm461.6 32H576c17.7 0 32-14.3 32-32c0-35.3-28.7-64-64-64H448c-11.7 0-22.7 3.1-32.1 8.6c38.1 14.8 67.4 47.3 77.7 87.4zM391.2 226.4c-6.9-1.6-14.2-2.4-21.6-2.4h-96c-8.5 0-16.7 1.1-24.5 3.1c-30.8 8.1-55.6 31.1-66.1 60.9c-3.5 10-5.5 20.8-5.5 32c0 17.7 14.3 32 32 32h224c17.7 0 32-14.3 32-32c0-11.2-1.9-22-5.5-32c-10.8-30.7-36.8-54.2-68.9-61.6zM563.2 96a64 64 0 1 0 -128 0 64 64 0 1 0 128 0zM321.6 192a80 80 0 1 0 0-160 80 80 0 1 0 0 160zM32 416c-17.7 0-32 14.3-32 32s14.3 32 32 32H608c17.7 0 32-14.3 32-32s-14.3-32-32-32H32z\"><\/path><\/svg><\/div><\/span><\/div>\n\n\n\n<div class=\"wp-block-stackable-heading stk-block-heading stk-block-heading--v2 stk-block stk-14355da\" id=\"strong-grupos-claustrales-strong\" data-block-id=\"14355da\"><h4 class=\"stk-block-heading__text\"><strong>Groupes claustraux<\/strong><\/h4><\/div>\n<\/div><\/div>\n<\/div><\/div><\/summary>\n\n\n\n<div class=\"wp-block-stackable-column stk-block-column stk-column stk-block stk-868cfbc stk-block-accordion__content\" data-v=\"4\" data-block-id=\"868cfbc\"><style>.stk-868cfbc-container{padding-top:0px !important;padding-right:0px !important;padding-bottom:0px !important;padding-left:0px !important;}<\/style><div class=\"stk-column-wrapper stk-block-column__content stk-container stk-868cfbc-container stk--no-background stk--no-padding\"><div class=\"stk-block-content stk-inner-blocks stk-868cfbc-inner-blocks\">\n<div class=\"wp-block-stackable-text stk-block-text stk-block stk-0e6cbd2\" data-block-id=\"0e6cbd2\"><p class=\"stk-block-text__text\"><strong>SECTEUR \u00c9TUDIANT<\/strong><\/p><\/div>\n\n\n\n<ul class=\"wp-block-list\">\n<li>Association des \u00e9tudiants des \u00eeles Canaries (ACE)<\/li>\n\n\n\n<li>Libert\u00e9 \u00e9tudiante (LE)<\/li>\n\n\n\n<li>Association des \u00e9tudiants de l&#039;ULL (AEULL)<\/li>\n\n\n\n<li>AGORA<\/li>\n\n\n\n<li>Les \u00e9tudiants d\u00e9fendent la Facult\u00e9 des Sciences de l&#039;\u00c9ducation (EDFE)<\/li>\n<\/ul>\n\n\n\n<div class=\"wp-block-stackable-text stk-block-text stk-block stk-bafa3cb\" data-block-id=\"bafa3cb\"><p class=\"stk-block-text__text\"><strong>SECTEUR PTGAS<\/strong><\/p><\/div>\n\n\n\n<ul class=\"wp-block-list\">\n<li>BOUSSOLE<\/li>\n\n\n\n<li>GRAPPE<\/li>\n<\/ul>\n\n\n\n<div class=\"wp-block-stackable-text stk-block-text stk-block stk-9b17aeb\" data-block-id=\"9b17aeb\"><p class=\"stk-block-text__text\"><strong>SECTEUR PDI<\/strong><\/p><\/div>\n\n\n\n<ul class=\"wp-block-list\">\n<li>Programme alternatif pour les enseignants (PAP)<\/li>\n\n\n\n<li>Continuez comme \u00e7a<\/li>\n<\/ul>\n<\/div><\/div><\/div>\n<\/details>\n<\/div><\/div><\/div>\n\n\n\n<div class=\"wp-block-stackable-column stk-block-column stk-column stk-block stk-ef3df56\" data-v=\"4\" data-block-id=\"ef3df56\"><style>@media screen and (min-width: 768px){.stk-ef3df56 {flex:var(--stk-flex-grow, 1) 1 calc(30% - var(--stk-column-gap, 0px) * 1 \/ 2 ) !important;}}<\/style><div class=\"stk-column-wrapper stk-block-column__content stk-container stk-ef3df56-container stk--no-background stk--no-padding\"><div class=\"stk-block-content stk-inner-blocks stk-ef3df56-inner-blocks\">\n<a class=\"btn-destacado\" href=\"https:\/\/drive.google.com\/file\/d\/1h6BLVMUWuyCF9OahOKv32XvCa0JE7mkZ\/view?usp=sharing\" target=\"_blank\" rel=\"noopener\">Membres<i class=\"fa fa-arrow-right\"><\/i><\/a>\n\n\n\n<div class=\"wp-block-stackable-spacer stk-block-spacer stk--no-padding stk-block stk-f6dd5bf\" data-block-id=\"f6dd5bf\"><style>.stk-f6dd5bf {height:25px !important;}<\/style><\/div>\n\n\n\n<a class=\"btn-destacado\" href=\"https:\/\/riull.ull.es\/xmlui\/bitstream\/handle\/915\/11564\/reglamento_claustro.pdf?sequence=1&amp;isAllowed=y\" target=\"_blank\" rel=\"noopener noreferrer\">R\u00e8glement<i class=\"fa fa-arrow-right\"><\/i><\/a>\n\n\n\n<div class=\"wp-block-stackable-spacer stk-block-spacer stk--no-padding stk-block stk-c0c2bdc\" data-block-id=\"c0c2bdc\"><style>.stk-c0c2bdc {height:25px !important;}<\/style><\/div>\n\n\n\n<a class=\"btn-destacado\" href=\"https:\/\/riull.ull.es\/xmlui\/handle\/915\/11796\" target=\"_blank\" rel=\"noopener noreferrer\">Accords du Clo\u00eetre<i class=\"fa fa-arrow-right\"><\/i><\/a>\n\n\n\n<div class=\"wp-block-stackable-spacer stk-block-spacer stk--no-padding stk-block stk-cb1a699\" data-block-id=\"cb1a699\"><style>.stk-cb1a699 {height:25px !important;}<\/style><\/div>\n\n\n\n<a class=\"btn-destacado\" href=\"https:\/\/riull.ull.es\/xmlui\/handle\/915\/12570\" target=\"_blank\" rel=\"noopener noreferrer\">Proc\u00e9dure<i class=\"fa fa-arrow-right\"><\/i><\/a>\n\n\n\n<div class=\"wp-block-stackable-spacer stk-block-spacer stk--no-padding stk-block stk-3e50861\" data-block-id=\"3e50861\"><style>.stk-3e50861 {height:25px !important;}<\/style><\/div>\n\n\n\n<a style=\"visibility:hidden;\" class=\"btn-destacado\" href=\"https:\/\/drive.google.com\/drive\/folders\/1na6rqo7-rAWeReT9n_k7WgS528bR448w\" target=\"_blank\" rel=\"noopener noreferrer\"> Appel aux \u00e9lections au Clo\u00eetre<i class=\"fa fa-arrow-right\"><\/i><\/a>\n<\/div><\/div><\/div>\n<\/div><\/div>","protected":false},"excerpt":{"rendered":"<p>Le S\u00e9nat universitaire est l&#039;organe repr\u00e9sentatif et d\u00e9lib\u00e9ratif supr\u00eame de l&#039;Universit\u00e9 de La Laguna, ainsi que l&#039;organe d\u00e9cisionnel dans les cas pr\u00e9vus par les Statuts, les r\u00e8glements compl\u00e9mentaires et toute autre l\u00e9gislation applicable. S\u00e9ances pl\u00e9ni\u00e8res\u00a0: La prochaine s\u00e9ance ordinaire du S\u00e9nat universitaire se tiendra le 24\u00a0novembre\u00a02025 \u00e0 9\u00a0h\u00a000.<\/p>","protected":false},"author":1,"featured_media":0,"parent":0,"menu_order":0,"comment_status":"closed","ping_status":"closed","template":"templates\/template-100-width.php","meta":{"footnotes":""},"class_list":["post-12395","page","type-page","status-publish","hentry"],"_links":{"self":[{"href":"https:\/\/www.ull.es\/la-universidad\/fr\/wp-json\/wp\/v2\/pages\/12395","targetHints":{"allow":["GET"]}}],"collection":[{"href":"https:\/\/www.ull.es\/la-universidad\/fr\/wp-json\/wp\/v2\/pages"}],"about":[{"href":"https:\/\/www.ull.es\/la-universidad\/fr\/wp-json\/wp\/v2\/types\/page"}],"author":[{"embeddable":true,"href":"https:\/\/www.ull.es\/la-universidad\/fr\/wp-json\/wp\/v2\/users\/1"}],"replies":[{"embeddable":true,"href":"https:\/\/www.ull.es\/la-universidad\/fr\/wp-json\/wp\/v2\/comments?post=12395"}],"version-history":[{"count":135,"href":"https:\/\/www.ull.es\/la-universidad\/fr\/wp-json\/wp\/v2\/pages\/12395\/revisions"}],"predecessor-version":[{"id":18559,"href":"https:\/\/www.ull.es\/la-universidad\/fr\/wp-json\/wp\/v2\/pages\/12395\/revisions\/18559"}],"wp:attachment":[{"href":"https:\/\/www.ull.es\/la-universidad\/fr\/wp-json\/wp\/v2\/media?parent=12395"}],"curies":[{"name":"wp","href":"https:\/\/api.w.org\/{rel}","templated":true}]}}