{"id":12655,"date":"2017-12-20T15:07:50","date_gmt":"2017-12-20T15:07:50","guid":{"rendered":"https:\/\/www.ull.es\/la-universidad\/?page_id=12655"},"modified":"2026-03-04T10:59:50","modified_gmt":"2026-03-04T10:59:50","slug":"calidad-docencia","status":"publish","type":"page","link":"https:\/\/www.ull.es\/la-universidad\/fr\/calidad\/calidad-docencia\/","title":{"rendered":"La qualit\u00e9 de l&#039;enseignement"},"content":{"rendered":"<div class=\"wp-block-stackable-columns stk-block-columns stk-block stk-3db23ef\" data-block-id=\"3db23ef\"><div class=\"stk-row stk-inner-blocks stk-block-content stk-content-align stk-3db23ef-column\">\n<div class=\"wp-block-stackable-column stk-block-column stk-column stk-block stk-54b4eb5\" data-v=\"4\" data-block-id=\"54b4eb5\"><style>@media screen and (min-width: 768px){.stk-54b4eb5 {flex:var(--stk-flex-grow, 1) 1 calc(66.667% - var(--stk-column-gap, 0px) * 1 \/ 2 ) !important;}}<\/style><div class=\"stk-column-wrapper stk-block-column__content stk-container stk-54b4eb5-container stk--no-background stk--no-padding\"><div class=\"stk-block-content stk-inner-blocks stk-54b4eb5-inner-blocks\">\n<div class=\"wp-block-stackable-heading stk-block-heading stk-block-heading--v2 stk-block stk-466bdfd\" id=\"calidad-en-la-docencia\" data-block-id=\"466bdfd\"><h2 class=\"stk-block-heading__text\">La qualit\u00e9 de l&#039;enseignement<\/h2><\/div>\n\n\n\n<div class=\"wp-block-stackable-heading stk-block-heading stk-block-heading--v2 stk-block stk-2ab9cd3\" id=\"evaluacion-de-la-actividad-docente-docentia\" data-block-id=\"2ab9cd3\"><h2 class=\"stk-block-heading__text\">\u00c9valuation de l&#039;activit\u00e9 d&#039;enseignement (DOCENTIA)<\/h2><\/div>\n\n\n\n<div class=\"wp-block-stackable-text stk-block-text stk-block stk-4a90a2c\" data-block-id=\"4a90a2c\"><p class=\"stk-block-text__text\">L&#039;\u00e9valuation de l&#039;activit\u00e9 d&#039;enseignement de la Facult\u00e9 est consid\u00e9r\u00e9e comme l&#039;une des proc\u00e9dures du Syst\u00e8me d&#039;assurance qualit\u00e9 interne (SGIC). L&#039;Universit\u00e9 de La Laguna a int\u00e9gr\u00e9 cette proc\u00e9dure \u00e0 travers sa participation au premier appel lanc\u00e9 par l&#039;ANECA pour&nbsp;<a href=\"http:\/\/www.aneca.es\/Programas-de-evaluacion\/DOCENTIA\" target=\"_blank\" rel=\"noreferrer noopener\">Programme DOCENTIA<\/a>, un programme d&#039;appui \u00e0 l&#039;\u00e9valuation de l&#039;activit\u00e9 p\u00e9dagogique pour les professeurs d&#039;universit\u00e9, en 2007.<\/p><\/div>\n\n\n\n<p>L&#039;affectation \u00e0 ce programme a conduit \u00e0 la pr\u00e9paration et au d\u00e9veloppement du Manuel d&#039;\u00e9valuation de l&#039;activit\u00e9 d&#039;enseignement, approuv\u00e9 par le Conseil d&#039;administration en juin 2008 et&nbsp;<a href=\"http:\/\/www.aneca.es\/var\/media\/215813\/acecau_laguna_090415.pdf\" target=\"_blank\" rel=\"noreferrer noopener\">certifi\u00e9 par l&#039;ANECA et l&#039;ACECAU&nbsp;<\/a>En janvier 2009, sa mise en \u0153uvre \u00e9tait d\u00e9j\u00e0 en cours, dans sa phase pilote, tout au long de l\u2019ann\u00e9e acad\u00e9mique 2010-2011. Depuis cette date, des r\u00e9visions successives ont \u00e9t\u00e9 apport\u00e9es, ainsi que des modifications et des am\u00e9liorations \u00e0 la proc\u00e9dure d\u2019\u00e9valuation de l\u2019enseignement, comme indiqu\u00e9 dans le Manuel. Des appels \u00e0 l\u2019\u00e9valuation des enseignants ont \u00e9t\u00e9 lanc\u00e9s chaque ann\u00e9e scolaire.<\/p>\n\n\n\n<p>Le mod\u00e8le d\u2019\u00e9valuation adopt\u00e9 pr\u00e9voit le lancement d\u2019une proc\u00e9dure p\u00e9riodique tous les 5 ans, bas\u00e9e sur l\u2019\u00e9valuation de trois dimensions et leur \u00e9valuation. Ainsi, la planification de l\u2019enseignement, la prestation de l\u2019enseignement et les r\u00e9sultats, y compris la formation des enseignants et l\u2019innovation, sont les dimensions de l\u2019activit\u00e9 d\u2019enseignement qui seront \u00e9valu\u00e9es en fonction de crit\u00e8res d\u2019ad\u00e9quation, de satisfaction, d\u2019efficacit\u00e9 et d\u2019orientation vers l\u2019am\u00e9lioration, conform\u00e9ment aux lignes directrices et aux obligations de l\u2019institution universitaire.<\/p>\n\n\n\n<p><strong>Liens d&#039;int\u00e9r\u00eat :<\/strong><\/p>\n\n\n\n<p><\/p>\n\n\n\n<p><a href=\"https:\/\/www.ull.es\/portal\/convocatorias\/convocatoria\/evaluacion-de-la-actividad-docente-2023-24-y-2024-25\/\" target=\"_blank\" rel=\"noreferrer noopener\">Appel \u00e0 candidatures 2023-24 et 2024-25<\/a><\/p>\n\n\n\n<p><a href=\"https:\/\/www.ull.es\/portal\/convocatorias\/categorias\/evaluacion\/\" target=\"_blank\" rel=\"noreferrer noopener\">Historique des appels<\/a><\/p>\n\n\n\n<p><a href=\"https:\/\/drive.google.com\/file\/d\/114KLzHWggPldDtlUxY5KlpwvkG4HLlK5\/view?usp=sharing\" target=\"_blank\" rel=\"noreferrer noopener\">Manuel DOCENTIA<\/a><\/p>\n\n\n\n<p><a href=\"https:\/\/drive.google.com\/file\/d\/1bk0OhstxUt2NT_PP2G75Hfw-lT-AkwH6\/view\" target=\"_blank\" rel=\"noreferrer noopener\">Bases du mod\u00e8le d&#039;enseignement centr\u00e9 sur l&#039;\u00e9tudiant<\/a>&nbsp;de l&#039;ULL.&nbsp;<a href=\"https:\/\/sede.ull.es\/ecivilis-site\/bulletinBoard\/showBulletin\/7647:1\" target=\"_blank\" rel=\"noreferrer noopener\">Accord du Conseil des gouverneurs approuvant la D\u00e9claration&nbsp;<\/a>de l&#039;ULL pour soutenir l&#039;institutionnalisation de l&#039;enseignement par l&#039;Apprentissage par le Service Universitaire.<\/p>\n\n\n\n<p><a href=\"https:\/\/www.youtube.com\/watch?v=lAo59R0HoJ8\" target=\"_blank\" rel=\"noreferrer noopener\">S\u00e9ance d&#039;information DOCENTIA-ULL.<\/a>&nbsp;(01\/12\/2021)<\/p>\n\n\n\n<p><a href=\"https:\/\/media.upv.es\/player\/?id=fd8f7c00-a610-11ed-b754-33d5f744097b\" target=\"_blank\" rel=\"noreferrer noopener\">S\u00e9ance d&#039;information DOCENTIA-EXCELENTE ULL<\/a>&nbsp;(01\/02\/2023)<\/p>\n<\/div><\/div><\/div>\n\n\n\n<div class=\"wp-block-stackable-column stk-block-column stk-column stk-block stk-403e261\" data-v=\"4\" data-block-id=\"403e261\"><style>@media screen and (min-width: 768px){.stk-403e261 {flex:var(--stk-flex-grow, 1) 1 calc(33.333% - var(--stk-column-gap, 0px) * 1 \/ 2 ) !important;}}<\/style><div class=\"stk-column-wrapper stk-block-column__content stk-container stk-403e261-container stk--no-background stk--no-padding\"><div class=\"stk-block-content stk-inner-blocks stk-403e261-inner-blocks\">\n<ul class=\"widget-box\">\n \t<li class=\"contacto-header\">Coordonn\u00e9es<\/li>\n \t<li><i class=\"fa fa-map-marker\"><\/i> C\/ Pedro Zerolo, s\/n. B\u00e2timent central. Bo\u00eete postale 456. Code postal 38200. San Crist\u00f3bal de La Laguna. S\/C de Tenerife.<\/li>\n \t<li>(+34) 922 31 81 06<\/li>\n \t<li><i class=\"fa fa-envelope\"><\/i> <a href=\"mailto:adcalidad@ull.es\" target=\"_blank\" rel=\"noopener\">adcalidad@ull.es<\/a><\/li>\n \t<li><i class=\"fa fa-list-ul\"><\/i><a href=\"http:\/\/riull.ull.es\/xmlui\/bitstream\/handle\/915\/3891\/CS_uemc.pdf\" target=\"_blank\" rel=\"noopener\"> Charte de service<\/a><\/li>\n \t<li><i class=\"fa fa-pencil-square-o\"><\/i><a href=\"https:\/\/www.ull.es\/encuestas\/index.php\/74314\/lang-es\" target=\"_blank\" rel=\"noopener\"> Enqu\u00eate de satisfaction<\/a><\/li>\n \t<li><i class=\"fa fa-archive\"><\/i><a href=\"https:\/\/sede.ull.es\/ecivilis-site\/catalog\/showProcedure\/484\" target=\"_blank\" rel=\"noopener\">Proc\u00e9dure de r\u00e9clamations, suggestions et compliments<\/a><\/li>\n<\/ul>\n\n\n\n<div class=\"wp-block-stackable-spacer stk-block-spacer stk--no-padding stk-block stk-d3f3c09\" data-block-id=\"d3f3c09\"><style>.stk-d3f3c09 {height:30px !important;}<\/style><\/div>\n\n\n\n<p><strong>Chef de d\u00e9partement <br><\/strong>Carmen Teresa Garc\u00eda M\u00e9ndez<br>(T\u00e9l. 922 31 90 00 poste 6100)<br><strong>Donateur <br><\/strong>Pilar Rodr\u00edguez Bahamond<br>(T\u00e9l. 922 31 90 00 poste 6941)<\/p>\n<\/div><\/div><\/div>\n<\/div><\/div>","protected":false},"excerpt":{"rendered":"<p>Qualit\u00e9 de l&#039;enseignement : \u00c9valuation de l&#039;activit\u00e9 d&#039;enseignement (DOCENTIA) L&#039;\u00e9valuation de l&#039;activit\u00e9 d&#039;enseignement du corps professoral est consid\u00e9r\u00e9e comme l&#039;une des proc\u00e9dures du Syst\u00e8me interne d&#039;assurance qualit\u00e9 (SGIC). L&#039;Universit\u00e9 de La Laguna a int\u00e9gr\u00e9 cette proc\u00e9dure en participant au premier appel \u00e0 propositions de l&#039;ANECA pour le programme DOCENTIA.<\/p>","protected":false},"author":1,"featured_media":0,"parent":1339,"menu_order":0,"comment_status":"closed","ping_status":"closed","template":"templates\/template-100-width.php","meta":{"footnotes":""},"class_list":["post-12655","page","type-page","status-publish","hentry"],"_links":{"self":[{"href":"https:\/\/www.ull.es\/la-universidad\/fr\/wp-json\/wp\/v2\/pages\/12655","targetHints":{"allow":["GET"]}}],"collection":[{"href":"https:\/\/www.ull.es\/la-universidad\/fr\/wp-json\/wp\/v2\/pages"}],"about":[{"href":"https:\/\/www.ull.es\/la-universidad\/fr\/wp-json\/wp\/v2\/types\/page"}],"author":[{"embeddable":true,"href":"https:\/\/www.ull.es\/la-universidad\/fr\/wp-json\/wp\/v2\/users\/1"}],"replies":[{"embeddable":true,"href":"https:\/\/www.ull.es\/la-universidad\/fr\/wp-json\/wp\/v2\/comments?post=12655"}],"version-history":[{"count":28,"href":"https:\/\/www.ull.es\/la-universidad\/fr\/wp-json\/wp\/v2\/pages\/12655\/revisions"}],"predecessor-version":[{"id":18698,"href":"https:\/\/www.ull.es\/la-universidad\/fr\/wp-json\/wp\/v2\/pages\/12655\/revisions\/18698"}],"up":[{"embeddable":true,"href":"https:\/\/www.ull.es\/la-universidad\/fr\/wp-json\/wp\/v2\/pages\/1339"}],"wp:attachment":[{"href":"https:\/\/www.ull.es\/la-universidad\/fr\/wp-json\/wp\/v2\/media?parent=12655"}],"curies":[{"name":"wp","href":"https:\/\/api.w.org\/{rel}","templated":true}]}}