{"id":13321,"date":"2019-01-14T19:56:41","date_gmt":"2019-01-14T19:56:41","guid":{"rendered":"https:\/\/www.ull.es\/la-universidad\/?page_id=13321"},"modified":"2025-10-16T06:32:42","modified_gmt":"2025-10-16T06:32:42","slug":"convocatoria-electoral-consejo-gobierno","status":"publish","type":"page","link":"https:\/\/www.ull.es\/la-universidad\/fr\/convocatoria-electoral-consejo-gobierno\/","title":{"rendered":"Appel aux \u00e9lections au Conseil des gouverneurs"},"content":{"rendered":"<p><\/p>\n\n\n<h1>Appel \u00e0 des \u00e9lections partielles pour les repr\u00e9sentants au Conseil des gouverneurs<\/h1>\n<ul>\n<li><a href=\"https:\/\/riull.ull.es\/xmlui\/bitstream\/handle\/915\/16151\/secretaria%20general_FIRMADO.pdf\" target=\"_blank\" rel=\"noopener noreferrer\">R\u00e9solution demandant des \u00e9lections partielles pour pourvoir les si\u00e8ges vacants au Conseil des gouverneurs<\/a><\/li>\n<li><a href=\"https:\/\/drive.google.com\/open?id=1vRotcEWdnrZQOV1mY05_rEiEKCxs6uQu\" target=\"_blank\" rel=\"noopener\">R\u00e9solution de la Commission \u00e9lectorale g\u00e9n\u00e9rale \u00e9tablissant le calendrier et la proc\u00e9dure des \u00e9lections partielles des repr\u00e9sentants au Conseil des gouverneurs<\/a>\n<ul>\n<li><a href=\"https:\/\/drive.google.com\/open?id=1qL75gQO8DUB5vMabr1hz3ZHbF4uJY6_h\" target=\"_blank\" rel=\"noopener\">Calendrier \u00e9lectoral<\/a><\/li>\n<\/ul>\n<\/li>\n<li><a href=\"https:\/\/drive.google.com\/open?id=1bh_pVtmfKWPJYa51OO_Ia4UnWDHxhdWq\" target=\"_blank\" rel=\"noopener\">R\u00e9solution par laquelle les recensements pour les \u00e9lections partielles des repr\u00e9sentants au conseil d&#039;administration sont port\u00e9s au niveau d\u00e9finitif et l&#039;ouverture de la p\u00e9riode de d\u00e9p\u00f4t des candidatures est \u00e9tablie<\/a><\/li>\n<li><strong>Listes \u00e9lectorales d\u00e9finitives<\/strong>\n<ul>\n<li><a href=\"https:\/\/drive.google.com\/open?id=1sstWldohBDPmDKHsjhgXkoQsQ-FxZxJA\" target=\"_blank\" rel=\"noopener\">Doyens de facult\u00e9s et directeurs d&#039;\u00e9coles<\/a><\/li>\n<li><a href=\"https:\/\/drive.google.com\/open?id=1h_BXEZm_ctPIfxSTUz3eouqboZd2uZuw\" target=\"_blank\" rel=\"noopener\">directeurs de d\u00e9partement<\/a><\/li>\n<li><a href=\"https:\/\/drive.google.com\/open?id=1bbPR6lEpLlwy_dV_8SIXFJGTPW3m9hs8\" target=\"_blank\" rel=\"noopener\">Directeurs d&#039;instituts universitaires<\/a><\/li>\n<\/ul>\n<\/li>\n<li><strong>D\u00e9p\u00f4t des candidatures<\/strong>\n<ul>\n<li><strong>Terme<\/strong>: du 1er octobre \u00e0 0h00 au 3 octobre \u00e0 23h59<\/li>\n<li><strong>Proc\u00e9dure<\/strong>:par la proc\u00e9dure de <a href=\"https:\/\/sede.ull.es\/ecivilis-site\/catalog\/showProcedure\/229\" target=\"_blank\" rel=\"noopener\">Demande g\u00e9n\u00e9rale pour le si\u00e8ge \u00e9lectronique de l&#039;Universit\u00e9 de La Laguna<\/a>, adress\u00e9e \u00e0 la Commission \u00e9lectorale g\u00e9n\u00e9rale et joignant le \u00ab<a href=\"https:\/\/drive.google.com\/open?id=15XaUD1p3Vm05JsPxsa_75onpzvj30XfH\" target=\"_blank\" rel=\"noopener\">Formulaire de demande<\/a><a href=\"https:\/\/drive.google.com\/open?id=15XaUD1p3Vm05JsPxsa_75onpzvj30XfH\" target=\"_blank\" rel=\"noopener\">\u00ab<\/a>, d\u00fbment compl\u00e9t\u00e9<\/li>\n<li>\n<p><a href=\"https:\/\/drive.google.com\/open?id=1EVZ44vHVCu4zIfubD4oCBUkd_ujQ6UlL\" target=\"_blank\" rel=\"noopener\">R\u00e9solution de la Commission \u00e9lectorale g\u00e9n\u00e9rale du 4 octobre 2019, \u00e9tablissant la proclamation provisoire des candidatures aux \u00e9lections partielles des repr\u00e9sentants au Conseil de gouvernement et \u00e9tablissant l&#039;ouverture de la p\u00e9riode de d\u00e9p\u00f4t des r\u00e9clamations<\/a><\/p>\n<\/li>\n<li>\n<p><a href=\"https:\/\/drive.google.com\/open?id=1_NwAUpxo2WZLqFCnOznvOmCCuR8aqlBb\" target=\"_blank\" rel=\"noopener\">R\u00e9solution de la Commission \u00e9lectorale g\u00e9n\u00e9rale du 9 octobre 2019, \u00e9tablissant la proclamation d\u00e9finitive des candidatures aux \u00e9lections partielles des repr\u00e9sentants au Conseil de gouvernement et \u00e9tablissant l&#039;ouverture de la p\u00e9riode de campagne \u00e9lectorale<\/a><\/p>\n<\/li>\n<\/ul>\n<\/li>\n<li><strong>Jour du vote<\/strong>\n<ul>\n<li><a href=\"https:\/\/drive.google.com\/open?id=1-bGZPzItcFV9u_ezBEjijbaPciSNhDK_\" target=\"_blank\" rel=\"noopener\">Instructions pour le jour du vote<\/a><\/li>\n<\/ul>\n<\/li>\n<li><strong>Proclamation provisoire des candidats \u00e9lus<\/strong>\n<ul>\n<li>\n<p><a href=\"https:\/\/drive.google.com\/open?id=1CyULfDSQ825tp9Fdte-HxzoGKoXJtxQ_\" target=\"_blank\" rel=\"noopener\">R\u00e9solution de la Commission \u00e9lectorale g\u00e9n\u00e9rale du 21 octobre 2019, proclamant provisoirement les candidats \u00e9lus apr\u00e8s le vote dans le cadre du processus d&#039;\u00e9lection partielle des repr\u00e9sentants au Conseil de gouvernement et indiquant l&#039;ouverture de la p\u00e9riode de recours.<\/a><\/p>\n<\/li>\n<\/ul>\n<\/li>\n<li><strong>Proclamation finale des candidats \u00e9lus<\/strong>\n<ul>\n<li><a href=\"https:\/\/drive.google.com\/open?id=1Kv7opQ1u7o8FjJy-POp9VChSUnwoFlZ5\" target=\"_blank\" rel=\"noopener\">R\u00e9solution de la Commission \u00e9lectorale g\u00e9n\u00e9rale du 24 octobre 2019, proclamant d\u00e9finitivement les candidats \u00e9lus apr\u00e8s le vote dans le processus d&#039;\u00e9lection partielle pour les repr\u00e9sentants au Conseil de gouvernement.<\/a><\/li>\n<\/ul>\n<\/li>\n<\/ul>\n\n\n<div class=\"schema-faq wp-block-yoast-faq-block\"><div class=\"schema-faq-section\"><strong class=\"schema-faq-question\"><\/strong> <p class=\"schema-faq-answer\"><\/p> <\/div> <\/div>","protected":false},"excerpt":{"rendered":"<p>Appel \u00e0 des \u00e9lections partielles pour les repr\u00e9sentants au Conseil d&#039;administration R\u00e9solution appelant \u00e0 des \u00e9lections partielles pour pourvoir les si\u00e8ges vacants au Conseil d&#039;administration R\u00e9solution de la Commission \u00e9lectorale g\u00e9n\u00e9rale \u00e9tablissant le calendrier et la proc\u00e9dure des \u00e9lections partielles pour les repr\u00e9sentants au Conseil d&#039;administration Calendrier \u00e9lectoral ...<\/p>","protected":false},"author":23,"featured_media":0,"parent":0,"menu_order":0,"comment_status":"closed","ping_status":"closed","template":"templates\/template-100-width.php","meta":{"footnotes":""},"class_list":["post-13321","page","type-page","status-publish","hentry"],"_links":{"self":[{"href":"https:\/\/www.ull.es\/la-universidad\/fr\/wp-json\/wp\/v2\/pages\/13321","targetHints":{"allow":["GET"]}}],"collection":[{"href":"https:\/\/www.ull.es\/la-universidad\/fr\/wp-json\/wp\/v2\/pages"}],"about":[{"href":"https:\/\/www.ull.es\/la-universidad\/fr\/wp-json\/wp\/v2\/types\/page"}],"author":[{"embeddable":true,"href":"https:\/\/www.ull.es\/la-universidad\/fr\/wp-json\/wp\/v2\/users\/23"}],"replies":[{"embeddable":true,"href":"https:\/\/www.ull.es\/la-universidad\/fr\/wp-json\/wp\/v2\/comments?post=13321"}],"version-history":[{"count":34,"href":"https:\/\/www.ull.es\/la-universidad\/fr\/wp-json\/wp\/v2\/pages\/13321\/revisions"}],"predecessor-version":[{"id":17228,"href":"https:\/\/www.ull.es\/la-universidad\/fr\/wp-json\/wp\/v2\/pages\/13321\/revisions\/17228"}],"wp:attachment":[{"href":"https:\/\/www.ull.es\/la-universidad\/fr\/wp-json\/wp\/v2\/media?parent=13321"}],"curies":[{"name":"wp","href":"https:\/\/api.w.org\/{rel}","templated":true}]}}