{"id":13334,"date":"2019-01-15T11:39:41","date_gmt":"2019-01-15T11:39:41","guid":{"rendered":"https:\/\/www.ull.es\/la-universidad\/?page_id=13334"},"modified":"2019-05-17T08:23:36","modified_gmt":"2019-05-17T08:23:36","slug":"elecciones-a-representantes-del-personal-docente-e-investigador-laboral","status":"publish","type":"page","link":"https:\/\/www.ull.es\/la-universidad\/fr\/elecciones-a-representantes-del-personal-docente-e-investigador-laboral\/","title":{"rendered":"\u00c9lections des repr\u00e9sentants du personnel enseignant et de recherche"},"content":{"rendered":"<h1>\u00c9lections des repr\u00e9sentants du personnel enseignant et de recherche<\/h1>\n<ul>\n<li><a href=\"https:\/\/drive.google.com\/file\/d\/1nW_D8c24PlhDKOgibGlyd2GWloYrKu1M\/view?usp=sharing\" target=\"_blank\" rel=\"noopener\">Communication de la tenue des \u00e9lections.<\/a><\/li>\n<li><a href=\"https:\/\/drive.google.com\/file\/d\/1p45Kd2zXoc2Aeg7m_nx2Ixs7pZgqrwk8\/view?usp=sharing\" target=\"_blank\" rel=\"noopener\">Avis d&#039;\u00e9lections.<\/a><\/li>\n<li><a href=\"https:\/\/drive.google.com\/file\/d\/1nW_D8c24PlhDKOgibGlyd2GWloYrKu1M\/view?usp=sharing\" target=\"_blank\" rel=\"noopener\">Date de d\u00e9but du processus \u00e9lectoral (constitution du Conseil \u00e9lectoral)<\/a><\/li>\n<li><a href=\"https:\/\/drive.google.com\/file\/d\/1CL47WD7orcSd_Q166d3uApLYKXeT816e\/view?usp=sharing\" target=\"_blank\" rel=\"noopener\">Annonce de l&#039;approbation du calendrier \u00e9lectoral et de la mise en place de cinq bureaux de vote partiels.<\/a><\/li>\n<li><a href=\"https:\/\/drive.google.com\/file\/d\/1UQYDgLCp8uAHegLgkaOlHZ-Cr5jcIjUh\/view?usp=sharing\" target=\"_blank\" rel=\"noopener\">Calendrier \u00e9lectoral<\/a><\/li>\n<li>Recensements (Pour consulter individuellement, cliquez ici <a href=\"https:\/\/www.ull.es\/appcenso\" target=\"_blank\" rel=\"noopener\">lien<\/a>):\n<ul>\n<li><a href=\"https:\/\/drive.google.com\/file\/d\/1GKqnuzxtRfKUaY8zCaGtwmHlDu-TQaTE\/view?usp=sharing\" target=\"_blank\" rel=\"noopener\">Campus de Guajara. Facult\u00e9 d&#039;\u00e9conomie, de commerce et de tourisme<\/a><\/li>\n<li><a href=\"https:\/\/drive.google.com\/file\/d\/1Hl9Od0FwUkH80F-YCm5PTQRUN86YIKo0\/view?usp=sharing\" target=\"_blank\" rel=\"noopener\">Campus de Guajara. Salles de classe<\/a><\/li>\n<li><a href=\"https:\/\/drive.google.com\/file\/d\/1IbxopNt_QYBjB07GAbKgvLfAjqGCGdyL\/view?usp=sharing\" target=\"_blank\" rel=\"noopener\">Campus d&#039;Anchieta. Facult\u00e9 de biologie<\/a><\/li>\n<li><a href=\"https:\/\/drive.google.com\/file\/d\/1ScHOm6I40gXlz32PD8l9qcEi7Z093Bs2\/view?usp=sharing\" target=\"_blank\" rel=\"noopener\">Campus central. B\u00e2timent central<\/a><\/li>\n<li><a href=\"https:\/\/drive.google.com\/file\/d\/1glw967V8fsaDypZKK1-5fNuBMGRj10sB\/view?usp=sharing\" target=\"_blank\" rel=\"noopener\">Facult\u00e9 de m\u00e9decine des sciences de la sant\u00e9<\/a><\/li>\n<\/ul>\n<\/li>\n<li><a href=\"https:\/\/drive.google.com\/file\/d\/1U8aK7D4e2akTNKyLE9pi3KsDBe3lLJ94\/view?usp=sharing\" target=\"_blank\" rel=\"noopener\">Communication des recensements d\u00e9finitifs :<\/a>\n<ul>\n<li><a href=\"https:\/\/drive.google.com\/file\/d\/1WiSM8hP0t-M7a3GNEsYRYsoNBoMRhF-D\/view?usp=sharing\" target=\"_blank\" rel=\"noopener\">Campus de Guajara. Facult\u00e9 d&#039;\u00e9conomie, de commerce et de tourisme<\/a><\/li>\n<li><a href=\"https:\/\/drive.google.com\/file\/d\/1oLP43Dz4Nlvj-UflcupnmJ2r-s9NIceI\/view?usp=sharing\" target=\"_blank\" rel=\"noopener\">Campus de Guajara. Salles de classe<\/a><\/li>\n<li><a href=\"https:\/\/drive.google.com\/file\/d\/1DWwVa2Kt5uimYwVBfbF66lleA6JPd8YV\/view?usp=sharing\" target=\"_blank\" rel=\"noopener\">Campus d&#039;Anchieta. Facult\u00e9 de biologie<\/a><\/li>\n<li><a href=\"https:\/\/drive.google.com\/file\/d\/178lxhxlti5app3zpFDtEnTQeiqj4DM8l\/view?usp=sharing\" target=\"_blank\" rel=\"noopener\">Campus central. B\u00e2timent central<\/a><\/li>\n<li><a href=\"https:\/\/drive.google.com\/file\/d\/1b5NR0ZJE-3uHd5cUPi0wQWJJVv-RKryx\/view?usp=sharing\" target=\"_blank\" rel=\"noopener\">Facult\u00e9 de m\u00e9decine des sciences de la sant\u00e9<\/a><\/li>\n<\/ul>\n<\/li>\n<li><a href=\"https:\/\/drive.google.com\/file\/d\/15gzfJiUjfaci4btPkJscSblVdZ1Y1J8q\/view?usp=sharing\" target=\"_blank\" rel=\"noopener\">Mod\u00e8le de vote anticip\u00e9<\/a><\/li>\n<li><a href=\"https:\/\/drive.google.com\/file\/d\/147UJ6tFauBIFQpkS66rry_0VR79eDm5D\/view?usp=sharing\" target=\"_blank\" rel=\"noopener\">Proc\u00e9dure de vote par correspondance<\/a><\/li>\n<li><a href=\"https:\/\/drive.google.com\/file\/d\/1Rfw2oH-GvtLCJaTqnKy2tObgFMHCNmm8\/view?usp=sharing\" target=\"_blank\" rel=\"noopener\">Candidatures provisoires aux commissions ouvri\u00e8res<\/a><\/li>\n<li><a href=\"https:\/\/drive.google.com\/file\/d\/15vDQBk_juefZwxFkzhRUEItGiHtGmJdN\/view?usp=sharing\" target=\"_blank\" rel=\"noopener\">Coalition syndicale des candidatures provisoires<\/a><\/li>\n<li><a href=\"https:\/\/drive.google.com\/file\/d\/1H8TFEnCtaG2qExnwD0oYSay29r02pTXT\/view?usp=sharing\" target=\"_blank\" rel=\"noopener\">R\u00e9gime d&#039;exemption et de permis<\/a><\/li>\n<li><a href=\"https:\/\/drive.google.com\/file\/d\/1j_vSuixiu-GwHlKGUxanipi9xURHeE5g\/view?usp=sharing\" target=\"_blank\" rel=\"noopener\">Proclamation finale des candidatures<\/a><\/li>\n<li><a href=\"https:\/\/drive.google.com\/file\/d\/1ac4D26Kpjn9H9IuvJa1XbuIpgN5PwYhu\/view?usp=sharing\" target=\"_blank\" rel=\"noopener\">Nominations finales pour les commissions ouvri\u00e8res<\/a><\/li>\n<li><a href=\"https:\/\/drive.google.com\/file\/d\/1fQTXSY0Mw6fx5LeN7AHe1x3dVChkMNDu\/view?usp=sharing\" target=\"_blank\" rel=\"noopener\">Nominations finales Coalition syndicale<\/a><\/li>\n<li><a href=\"https:\/\/drive.google.com\/file\/d\/1n3NJNqsViQqUGO_rb0FbMRwIZ54obtTU\/view?usp=sharing\" target=\"_blank\" rel=\"noopener\">Annonce de l&#039;heure et de la date du vote<\/a><\/li>\n<li><a href=\"https:\/\/drive.google.com\/file\/d\/1Xc5x7I5zQM2ZC-Nvt-MVwvJc4LlwH1pz\/view?usp=sharing\" target=\"_blank\" rel=\"noopener\">Calendrier des \u00e9lections et localisation des bureaux de vote<\/a><\/li>\n<li><a href=\"https:\/\/drive.google.com\/file\/d\/11AN4dxcRfuQ0gVx5iYme_lT5N7FKZlgU\/view?usp=sharing\" target=\"_blank\" rel=\"noopener\">R\u00e9sultats des \u00e9lections des repr\u00e9sentants du PDI Laboral<\/a><\/li>\n<\/ul>","protected":false},"excerpt":{"rendered":"<p>\u00c9lections des repr\u00e9sentants du personnel enseignant et chercheur. Avis de tenue des \u00e9lections. Avis d&#039;\u00e9lections. Date de d\u00e9but du processus \u00e9lectoral (mise en place du conseil \u00e9lectoral). Annonce de l&#039;approbation du calendrier \u00e9lectoral et de la mise en place de cinq conseils \u00e9lectoraux partiels. Calendrier \u00e9lectoral. Recensement (pour consulter les recensements individuels, cliquez sur ce lien)\u00a0: Campus de Guajara. Facult\u00e9 d&#039;\u00e9conomie d&#039;entreprise\u2026<\/p>","protected":false},"author":14,"featured_media":0,"parent":0,"menu_order":0,"comment_status":"closed","ping_status":"closed","template":"","meta":{"footnotes":""},"class_list":["post-13334","page","type-page","status-publish","hentry"],"_links":{"self":[{"href":"https:\/\/www.ull.es\/la-universidad\/fr\/wp-json\/wp\/v2\/pages\/13334","targetHints":{"allow":["GET"]}}],"collection":[{"href":"https:\/\/www.ull.es\/la-universidad\/fr\/wp-json\/wp\/v2\/pages"}],"about":[{"href":"https:\/\/www.ull.es\/la-universidad\/fr\/wp-json\/wp\/v2\/types\/page"}],"author":[{"embeddable":true,"href":"https:\/\/www.ull.es\/la-universidad\/fr\/wp-json\/wp\/v2\/users\/14"}],"replies":[{"embeddable":true,"href":"https:\/\/www.ull.es\/la-universidad\/fr\/wp-json\/wp\/v2\/comments?post=13334"}],"version-history":[{"count":16,"href":"https:\/\/www.ull.es\/la-universidad\/fr\/wp-json\/wp\/v2\/pages\/13334\/revisions"}],"predecessor-version":[{"id":13636,"href":"https:\/\/www.ull.es\/la-universidad\/fr\/wp-json\/wp\/v2\/pages\/13334\/revisions\/13636"}],"wp:attachment":[{"href":"https:\/\/www.ull.es\/la-universidad\/fr\/wp-json\/wp\/v2\/media?parent=13334"}],"curies":[{"name":"wp","href":"https:\/\/api.w.org\/{rel}","templated":true}]}}