{"id":1339,"date":"2016-10-20T09:48:30","date_gmt":"2016-10-20T09:48:30","guid":{"rendered":"http:\/\/www.ull.es\/conoce-la-ull\/?page_id=1339"},"modified":"2024-05-23T15:01:02","modified_gmt":"2024-05-23T15:01:02","slug":"calidad","status":"publish","type":"page","link":"https:\/\/www.ull.es\/la-universidad\/fr\/calidad\/","title":{"rendered":"Qualit\u00e9"},"content":{"rendered":"<div class=\"wp-block-columns is-layout-flex wp-container-core-columns-is-layout-9d6595d7 wp-block-columns-is-layout-flex\">\n<div class=\"wp-block-column is-layout-flow wp-block-column-is-layout-flow\" style=\"flex-basis:70%\">\n<h1 class=\"wp-block-heading\">Qualit\u00e9<\/h1>\n\n\n\n<p>Depuis le d\u00e9but du processus de convergence europ\u00e9enne et l\u2019int\u00e9gration du Syst\u00e8me d\u2019assurance qualit\u00e9 interne, l\u2019ULL s\u2019est engag\u00e9e \u00e0 promouvoir la qualit\u00e9 dans toutes ses activit\u00e9s.<\/p>\n\n\n\n<p>\u00c0 cette fin, des politiques d\u2019\u00e9valuation et d\u2019am\u00e9lioration de la qualit\u00e9 ont \u00e9t\u00e9 \u00e9labor\u00e9es dans les domaines de l\u2019enseignement et des qualifications, de la recherche, de la gestion et des services.<\/p>\n\n\n\n<ul class=\"wp-block-list\">\n<li><a href=\"https:\/\/www.ull.es\/la-universidad\/calidad\/calidad-docencia\/\" target=\"_blank\" rel=\"noopener\">La qualit\u00e9 de l&#039;enseignement<\/a><\/li>\n\n\n\n<li><a href=\"https:\/\/www.ull.es\/la-universidad\/calidad\/calidad-titulaciones\/\" target=\"_blank\" rel=\"noopener\">Qualit\u00e9 en degr\u00e9s<\/a><\/li>\n\n\n\n<li><a href=\"https:\/\/www.ull.es\/la-universidad\/calidad\/evaluacion-de-servicios\/\" target=\"_blank\" rel=\"noopener\">Qualit\u00e9 des services<\/a><\/li>\n\n\n\n<li><a href=\"https:\/\/www.ull.es\/la-universidad\/calidad\/resultados-de-los-sorteos-de-incentivos-a-la-participacion\/\" target=\"_blank\" rel=\"noreferrer noopener\">R\u00e9sultats des tirages au sort des incitations \u00e0 la participation<\/a><\/li>\n\n\n\n<li><a href=\"https:\/\/www.ull.es\/la-universidad\/calidad\/sistema-reclamaciones-quejas-sugerencias-felicitaciones\/\" target=\"_blank\" rel=\"noopener\">Syst\u00e8me de r\u00e9clamations, suggestions et compliments<\/a><\/li>\n<\/ul>\n<\/div>\n\n\n\n<div class=\"wp-block-column is-layout-flow wp-block-column-is-layout-flow\">\n<ul class=\"widget-box\">\n<li class='contacto-header'>Coordonn\u00e9es<\/li><li><i class=\"fa fa-map-marker\"><\/i> C\/ Pedro Zerolo, s\/n. B\u00e2timent central. Bo\u00eete postale 456. Code postal 38200. San Crist\u00f3bal de La Laguna. S\/C de Tenerife<\/li><li><i class=\"fa fa-phone\"><\/i> (+34) 922 31 96 96<\/li><li><i class=\"fa fa-envelope\"><\/i>  <a href=\"mailto:diruemc@ull.es\">diruemc@ull.es<\/a><\/li><li><i class=\"fa fa-list-ul\"><\/i><a href=\"http:\/\/riull.ull.es\/xmlui\/bitstream\/handle\/915\/3891\/CS_uemc.pdf\"> Charte de service<\/a><\/li><li><i class=\"fa fa-pencil-square-o\"><\/i><a href=\"https:\/\/encuestas.ull.es\/index.php?r=survey\/index&sid=74314&lang=es\"> Enqu\u00eate de satisfaction<\/a><\/li><li><i class=\"fa fa-archive\"><\/i><a href=\"https:\/\/sede.ull.es\/ecivilis-site\/catalog\/showProcedure\/484\"> Proc\u00e9dure de r\u00e9clamations, suggestions et compliments<\/a><\/li>\n<\/ul>\n\n\n<\/div>\n<\/div>\n\n\n\n<p><\/p>","protected":false},"excerpt":{"rendered":"<p>Qualit\u00e9 Depuis le d\u00e9but du processus de convergence europ\u00e9enne et l&#039;int\u00e9gration du Syst\u00e8me d&#039;assurance qualit\u00e9 interne, l&#039;ULL s&#039;est engag\u00e9e \u00e0 promouvoir la qualit\u00e9 dans toutes ses activit\u00e9s. \u00c0 cette fin, des politiques d\u2019\u00e9valuation et d\u2019am\u00e9lioration de la qualit\u00e9 ont \u00e9t\u00e9 \u00e9labor\u00e9es dans les domaines de\u2026<\/p>","protected":false},"author":1,"featured_media":0,"parent":0,"menu_order":0,"comment_status":"closed","ping_status":"closed","template":"","meta":{"footnotes":""},"class_list":["post-1339","page","type-page","status-publish","hentry"],"_links":{"self":[{"href":"https:\/\/www.ull.es\/la-universidad\/fr\/wp-json\/wp\/v2\/pages\/1339","targetHints":{"allow":["GET"]}}],"collection":[{"href":"https:\/\/www.ull.es\/la-universidad\/fr\/wp-json\/wp\/v2\/pages"}],"about":[{"href":"https:\/\/www.ull.es\/la-universidad\/fr\/wp-json\/wp\/v2\/types\/page"}],"author":[{"embeddable":true,"href":"https:\/\/www.ull.es\/la-universidad\/fr\/wp-json\/wp\/v2\/users\/1"}],"replies":[{"embeddable":true,"href":"https:\/\/www.ull.es\/la-universidad\/fr\/wp-json\/wp\/v2\/comments?post=1339"}],"version-history":[{"count":43,"href":"https:\/\/www.ull.es\/la-universidad\/fr\/wp-json\/wp\/v2\/pages\/1339\/revisions"}],"predecessor-version":[{"id":15920,"href":"https:\/\/www.ull.es\/la-universidad\/fr\/wp-json\/wp\/v2\/pages\/1339\/revisions\/15920"}],"wp:attachment":[{"href":"https:\/\/www.ull.es\/la-universidad\/fr\/wp-json\/wp\/v2\/media?parent=1339"}],"curies":[{"name":"wp","href":"https:\/\/api.w.org\/{rel}","templated":true}]}}