{"id":14734,"date":"2021-02-18T10:18:51","date_gmt":"2021-02-18T10:18:51","guid":{"rendered":"https:\/\/www.ull.es\/la-universidad\/?page_id=14734"},"modified":"2025-10-16T06:30:52","modified_gmt":"2025-10-16T06:30:52","slug":"resultados-de-los-sorteos-de-incentivos-a-la-participacion","status":"publish","type":"page","link":"https:\/\/www.ull.es\/la-universidad\/fr\/calidad\/resultados-de-los-sorteos-de-incentivos-a-la-participacion\/","title":{"rendered":"R\u00e9sultats des tirages au sort des incitations \u00e0 la participation"},"content":{"rendered":"<div class=\"wp-block-stackable-columns stk-block-columns stk-block stk-9c225e5\" data-block-id=\"9c225e5\"><div class=\"stk-row stk-inner-blocks stk-block-content stk-content-align stk-9c225e5-column\">\n<div class=\"wp-block-stackable-column stk-block-column stk-column stk-block stk-31a6e0d\" data-v=\"4\" data-block-id=\"31a6e0d\"><style>@media screen and (min-width:768px){.stk-31a6e0d{flex:var(--stk-flex-grow,1) 1 calc(66.666% - var(--stk-column-gap,0px) * 1 \/ 2 ) !important}}<\/style><div class=\"stk-column-wrapper stk-block-column__content stk-container stk-31a6e0d-container stk--no-background stk--no-padding\"><div class=\"stk-block-content stk-inner-blocks stk-31a6e0d-inner-blocks\">\n<div class=\"wp-block-stackable-heading stk-block-heading stk-block-heading--v2 stk-block stk-df5a80e\" id=\"resultados-de-los-sorteos-de-incentivos-a-la-participacion\" data-block-id=\"df5a80e\"><h1 class=\"stk-block-heading__text\">R\u00e9sultats des tirages au sort des incitations \u00e0 la participation<\/h1><\/div>\n\n\n\n<div class=\"wp-block-stackable-text stk-block-text stk-block stk-94759ce\" data-block-id=\"94759ce\"><p class=\"stk-block-text__text\">Proc\u00e8s-verbal des r\u00e9sultats des tirages au sort pour la participation aux enqu\u00eates institutionnelles de l&#039;Universit\u00e9 de La Laguna accept\u00e9s par le&nbsp;<a href=\"https:\/\/docs.google.com\/document\/d\/1Erxv_7DKnZlpryr5JNGeanpQOBzlB6CBlRSQakhP0kA\/preview\" target=\"_blank\" rel=\"noreferrer noopener\">Programme d&#039;incitation<\/a>.<\/p><\/div>\n\n\n\n<p><strong>Enqu\u00eate aupr\u00e8s des dipl\u00f4m\u00e9s 2020-21<\/strong><\/p>\n\n\n\n<ul class=\"wp-block-list\">\n<li><a href=\"https:\/\/drive.google.com\/file\/d\/17XQUf3X7M0v3YdqZtjGyxtwEIqxF_fou\/view\" target=\"_blank\" rel=\"noreferrer noopener\">Proc\u00e8s-verbal du 15 juillet 2024<\/a><\/li>\n<\/ul>\n\n\n\n<p><strong>Ann\u00e9e acad\u00e9mique 2022-2023<\/strong><\/p>\n\n\n\n<ul class=\"wp-block-list\">\n<li><a href=\"https:\/\/drive.google.com\/file\/d\/1wDHTbaXLcZSeZeFEVBdqYQyDen2aBXc2\/view?usp=share_link\" target=\"_blank\" rel=\"noreferrer noopener\">Proc\u00e8s-verbal du tirage au sort du premier quart-temps<\/a><\/li>\n\n\n\n<li><a href=\"https:\/\/drive.google.com\/file\/d\/1yEPgVX0WPJh4PYpIH17HA_ChU9JeHkY8\/view?usp=sharing\" target=\"_blank\" rel=\"noreferrer noopener\">Proc\u00e8s-verbal du tirage au sort du deuxi\u00e8me quart-temps<\/a><\/li>\n<\/ul>\n\n\n\n<p><strong>Ann\u00e9e acad\u00e9mique 2021-2022<\/strong><\/p>\n\n\n\n<ul class=\"wp-block-list\">\n<li><a href=\"https:\/\/drive.google.com\/file\/d\/1dDMIx8ht0bsiQUw4owSPfkTR6K4f7K9k\/view?usp=share_link\" target=\"_blank\" rel=\"noreferrer noopener\">Proc\u00e8s-verbal du tirage au sort du premier quart-temps<\/a><\/li>\n\n\n\n<li><a href=\"https:\/\/drive.google.com\/file\/d\/15E5xFbTeyGjLG7bxnUPVd0m8CEKc_eLc\/view?usp=share_link\" target=\"_blank\" rel=\"noreferrer noopener\">Proc\u00e8s-verbal du tirage au sort du deuxi\u00e8me quart-temps<\/a><\/li>\n<\/ul>\n\n\n\n<p><strong>Ann\u00e9e scolaire 2020-2021<\/strong><\/p>\n\n\n\n<p><a href=\"https:\/\/drive.google.com\/file\/d\/15E5xFbTeyGjLG7bxnUPVd0m8CEKc_eLc\/view?usp=share_link\" target=\"_blank\" rel=\"noreferrer noopener\">Proc\u00e8s-verbal du tirage au sort du deuxi\u00e8me quart-temps<\/a><\/p>\n\n\n\n<p><a href=\"https:\/\/drive.google.com\/file\/d\/1dDMIx8ht0bsiQUw4owSPfkTR6K4f7K9k\/view?usp=share_link\" target=\"_blank\" rel=\"noreferrer noopener\">Proc\u00e8s-verbal du tirage au sort du premier quart-temps<\/a><\/p>\n<\/div><\/div><\/div>\n\n\n\n<div class=\"wp-block-stackable-column stk-block-column stk-column stk-block stk-b9cc001\" data-v=\"4\" data-block-id=\"b9cc001\"><style>@media screen and (min-width:768px){.stk-b9cc001{flex:var(--stk-flex-grow,1) 1 calc(33.33400000000002% - var(--stk-column-gap,0px) * 1 \/ 2 ) !important}}<\/style><div class=\"stk-column-wrapper stk-block-column__content stk-container stk-b9cc001-container stk--no-background stk--no-padding\"><div class=\"stk-block-content stk-inner-blocks stk-b9cc001-inner-blocks\">\n<ul class=\"widget-box\">\n \t<li class=\"contacto-header\">Coordonn\u00e9es<\/li>\n \t<li><i class=\"fa fa-map-marker\"><\/i> C\/ Pedro Zerolo, s\/n. B\u00e2timent central. Bo\u00eete postale 456. Code postal 38200. San Crist\u00f3bal de La Laguna. S\/C de Tenerife.<\/li>\n \t<li><i class=\"fa fa-phone\"><\/i> (+34) 922 31 96 96<\/li>\n \t<li><i class=\"fa fa-envelope\"><\/i> <a href=\"mailto:diruemc@ull.es\" target=\"_blank\" rel=\"noopener\">diruemc@ull.es<\/a><\/li>\n \t<li><i class=\"fa fa-list-ul\"><\/i><a href=\"http:\/\/riull.ull.es\/xmlui\/bitstream\/handle\/915\/3891\/CS_uemc.pdf\" target=\"_blank\" rel=\"noopener\"> Charte de service<\/a><\/li>\n \t<li><i class=\"fa fa-pencil-square-o\"><\/i><a href=\"https:\/\/www.ull.es\/encuestas\/index.php\/74314\/lang-es\" target=\"_blank\" rel=\"noopener\"> Enqu\u00eate de satisfaction<\/a><\/li>\n \t<li><i class=\"fa fa-archive\"><\/i><a href=\"https:\/\/sede.ull.es\/ecivilis-site\/catalog\/showProcedure\/484\" target=\"_blank\" rel=\"noopener\">Proc\u00e9dure de r\u00e9clamations, suggestions et compliments<\/a><\/li>\n<\/ul>\n<\/div><\/div><\/div>\n<\/div><\/div>","protected":false},"excerpt":{"rendered":"<p>R\u00e9sultats des tirages au sort d&#039;incitation \u00e0 la participation Proc\u00e8s-verbal des r\u00e9sultats des tirages au sort pour la participation aux enqu\u00eates institutionnelles de l&#039;Universit\u00e9 de La Laguna dans le cadre du programme d&#039;incitation. Enqu\u00eate aupr\u00e8s des anciens \u00e9l\u00e8ves 2020-21 Ann\u00e9e universitaire 2022-2023 Ann\u00e9e universitaire 2021-2022 Ann\u00e9e universitaire 2020-2021 Proc\u00e8s-verbal du tirage au sort du deuxi\u00e8me semestre Proc\u00e8s-verbal du tirage au sort du premier semestre\u2026<\/p>","protected":false},"author":14,"featured_media":0,"parent":1339,"menu_order":0,"comment_status":"closed","ping_status":"closed","template":"templates\/template-100-width.php","meta":{"footnotes":""},"class_list":["post-14734","page","type-page","status-publish","hentry"],"_links":{"self":[{"href":"https:\/\/www.ull.es\/la-universidad\/fr\/wp-json\/wp\/v2\/pages\/14734","targetHints":{"allow":["GET"]}}],"collection":[{"href":"https:\/\/www.ull.es\/la-universidad\/fr\/wp-json\/wp\/v2\/pages"}],"about":[{"href":"https:\/\/www.ull.es\/la-universidad\/fr\/wp-json\/wp\/v2\/types\/page"}],"author":[{"embeddable":true,"href":"https:\/\/www.ull.es\/la-universidad\/fr\/wp-json\/wp\/v2\/users\/14"}],"replies":[{"embeddable":true,"href":"https:\/\/www.ull.es\/la-universidad\/fr\/wp-json\/wp\/v2\/comments?post=14734"}],"version-history":[{"count":15,"href":"https:\/\/www.ull.es\/la-universidad\/fr\/wp-json\/wp\/v2\/pages\/14734\/revisions"}],"predecessor-version":[{"id":16516,"href":"https:\/\/www.ull.es\/la-universidad\/fr\/wp-json\/wp\/v2\/pages\/14734\/revisions\/16516"}],"up":[{"embeddable":true,"href":"https:\/\/www.ull.es\/la-universidad\/fr\/wp-json\/wp\/v2\/pages\/1339"}],"wp:attachment":[{"href":"https:\/\/www.ull.es\/la-universidad\/fr\/wp-json\/wp\/v2\/media?parent=14734"}],"curies":[{"name":"wp","href":"https:\/\/api.w.org\/{rel}","templated":true}]}}