{"id":17323,"date":"2025-01-20T08:21:55","date_gmt":"2025-01-20T08:21:55","guid":{"rendered":"https:\/\/www.ull.es\/la-universidad\/?page_id=17323"},"modified":"2025-03-05T11:41:34","modified_gmt":"2025-03-05T11:41:34","slug":"ken-bugul","status":"publish","type":"page","link":"https:\/\/www.ull.es\/la-universidad\/fr\/honoris-causa\/ken-bugul\/","title":{"rendered":"Ken Bugul"},"content":{"rendered":"<div class=\"wp-block-stackable-columns alignfull stk-block-columns stk-block stk-bf13746 stk-block-background stk--has-background-overlay\" data-block-id=\"bf13746\"><style>.stk-bf13746 .stk--block-align-bf13746{align-items:center !important;}.stk-bf13746 {background-image:url(https:\/\/www.ull.es\/la-universidad\/wp-content\/uploads\/sites\/2\/2025\/01\/IMG-20210125-WA0004_DITADA-1.jpg) !important;background-position:top center !important;background-repeat:no-repeat !important;background-size:cover !important;padding-bottom:10% !important;margin-top:-2% !important;margin-bottom:0.25% !important;}<\/style><div class=\"stk-row stk-inner-blocks stk--block-align-bf13746 stk-block-content stk-content-align stk-bf13746-column alignfull\">\n<div class=\"wp-block-stackable-column stk-block-column stk-column stk-block stk-52369c8\" data-v=\"4\" data-block-id=\"52369c8\"><div class=\"stk-column-wrapper stk-block-column__content stk-container stk-52369c8-container stk--no-background stk--no-padding\"><div class=\"stk-block-content stk-inner-blocks stk-52369c8-inner-blocks\">\n<div class=\"wp-block-stackable-columns alignwide stk-block-columns stk-block stk-09efffd\" data-block-id=\"09efffd\"><div class=\"stk-row stk-inner-blocks stk-block-content stk-content-align stk-09efffd-column alignwide\">\n<div class=\"wp-block-stackable-column stk-block-column stk-column stk-block stk-079e619\" data-v=\"4\" data-block-id=\"079e619\"><div class=\"stk-column-wrapper stk-block-column__content stk-container stk-079e619-container stk--no-background stk--no-padding\"><div class=\"stk-block-content stk-inner-blocks stk-079e619-inner-blocks\">\n<div class=\"wp-block-stackable-image aligncenter stk-block-image has-text-align-left stk-block stk-bcd1559\" data-block-id=\"bcd1559\"><style>.stk-bcd1559 .stk-img-wrapper{width:35% !important;}<\/style><figure><span class=\"stk-img-wrapper stk-image--shape-stretch\"><img loading=\"lazy\" decoding=\"async\" class=\"stk-img wp-image-17253\" src=\"https:\/\/www.ull.es\/la-universidad\/wp-content\/uploads\/sites\/2\/2025\/01\/Mockup-web-honoris-causa_Texto-ken.png\" width=\"489\" height=\"447\" srcset=\"https:\/\/www.ull.es\/la-universidad\/wp-content\/uploads\/sites\/2\/2025\/01\/Mockup-web-honoris-causa_Texto-ken.png 489w, https:\/\/www.ull.es\/la-universidad\/wp-content\/uploads\/sites\/2\/2025\/01\/Mockup-web-honoris-causa_Texto-ken-300x274.png 300w, https:\/\/www.ull.es\/la-universidad\/wp-content\/uploads\/sites\/2\/2025\/01\/Mockup-web-honoris-causa_Texto-ken-375x343.png 375w\" sizes=\"auto, (max-width: 489px) 100vw, 489px\" \/><\/span><\/figure><\/div>\n<\/div><\/div><\/div>\n<\/div><\/div>\n<\/div><\/div><\/div>\n<\/div><\/div>\n\n\n\n<div class=\"wp-block-stackable-columns alignfull stk-block-columns stk-block stk-593da1e\" data-block-id=\"593da1e\"><style>.stk-593da1e {padding-top:0% !important;}<\/style><div class=\"stk-row stk-inner-blocks stk-block-content stk-content-align stk-593da1e-column alignfull\">\n<div class=\"wp-block-stackable-column stk-block-column stk-column stk-block stk-614a277\" data-v=\"4\" data-block-id=\"614a277\"><div class=\"stk-column-wrapper stk-block-column__content stk-container stk-614a277-container stk--no-background stk--no-padding\"><div class=\"stk-block-content stk-inner-blocks stk-614a277-inner-blocks\">\n<div class=\"wp-block-stackable-columns alignwide stk-block-columns stk-block stk-2fea7a6\" data-block-id=\"2fea7a6\"><style>.stk-2fea7a6 {padding-right:10% !important;padding-left:5% !important;}.stk-2fea7a6-column{--stk-columns-spacing:12px !important;--stk-column-gap:50px !important;}<\/style><div class=\"stk-row stk-inner-blocks stk-block-content stk-content-align stk-2fea7a6-column alignwide\">\n<div class=\"wp-block-stackable-column stk-block-column stk-column stk-block stk-2f0dfa9\" data-v=\"4\" data-block-id=\"2f0dfa9\"><style>@media screen and (min-width: 768px){.stk-2f0dfa9 {flex:var(--stk-flex-grow, 1) 1 calc(55% - var(--stk-column-gap, 0px) * 1 \/ 2 ) !important;}}<\/style><div class=\"stk-column-wrapper stk-block-column__content stk-container stk-2f0dfa9-container stk--no-background stk--no-padding\"><div class=\"stk-block-content stk-inner-blocks stk-2f0dfa9-inner-blocks\">\n<div class=\"wp-block-stackable-text stk-block-text stk-block stk-1102a30\" data-block-id=\"1102a30\"><style>.stk-1102a30 .stk-block-text__text{font-size:18px !important;}@media screen and (max-width: 1023px){.stk-1102a30 .stk-block-text__text{font-size:18px !important;}}<\/style><p class=\"stk-block-text__text\"><a href=\"https:\/\/www.ull.es\/la-universidad\/honoris-causa\/\" target=\"_blank\" rel=\"noreferrer noopener\">Honoris Causa<\/a>&nbsp;\u00bb Ken Bugul<\/p><\/div>\n\n\n\n<div class=\"wp-block-stackable-image stk-block-image has-text-align-left stk-block stk-bade6cd\" data-block-id=\"bade6cd\"><style>.stk-bade6cd {margin-bottom:40px !important;}.stk-bade6cd .stk-img-wrapper{width:100% !important;}<\/style><figure><span class=\"stk-img-wrapper stk-image--shape-stretch\"><img loading=\"lazy\" decoding=\"async\" class=\"stk-img wp-image-17257\" src=\"https:\/\/www.ull.es\/la-universidad\/wp-content\/uploads\/sites\/2\/2025\/01\/Mockup-web-honoris-causa_Trayectoria.png\" width=\"692\" height=\"138\" srcset=\"https:\/\/www.ull.es\/la-universidad\/wp-content\/uploads\/sites\/2\/2025\/01\/Mockup-web-honoris-causa_Trayectoria.png 692w, https:\/\/www.ull.es\/la-universidad\/wp-content\/uploads\/sites\/2\/2025\/01\/Mockup-web-honoris-causa_Trayectoria-300x60.png 300w, https:\/\/www.ull.es\/la-universidad\/wp-content\/uploads\/sites\/2\/2025\/01\/Mockup-web-honoris-causa_Trayectoria-375x75.png 375w\" sizes=\"auto, (max-width: 692px) 100vw, 692px\" \/><\/span><\/figure><\/div>\n\n\n\n<div class=\"wp-block-stackable-text stk-block-text stk-block stk-8a32b18\" data-block-id=\"8a32b18\"><style>.stk-8a32b18 {margin-bottom:10px !important;}<\/style><p class=\"stk-block-text__text\"><a href=\"https:\/\/es.wikipedia.org\/wiki\/Ken_Bugul\" target=\"_blank\" rel=\"noopener\">Ken Bugul<\/a>, pseudonyme wolof de Mari\u00e9tou Mbaye Bil\u00e9oma, est n\u00e9e en 1947 \u00e0 Ndoucoumane, ancienne r\u00e9gion de l&#039;ouest du S\u00e9n\u00e9gal. En 1982, avec son autobiographie romanc\u00e9e \u00ab Le baobab fou \u00bb, il fait son entr\u00e9e dans la litt\u00e9rature.<\/p><\/div>\n\n\n\n<div class=\"wp-block-stackable-text stk-block-text stk-block stk-e85552f\" data-block-id=\"e85552f\"><style>.stk-e85552f {margin-bottom:10px !important;}<\/style><p class=\"stk-block-text__text\">L&#039;\u00e9crivain est l&#039;auteur de onze romans. Sa figure est profond\u00e9ment marqu\u00e9e par le d\u00e9racinement de sa famille dans sa petite enfance. Elle a parcouru le monde, parlant des droits des femmes et de la planification familiale, promouvant l&#039;\u00e9criture th\u00e9rapeutique et la r\u00e9adaptation dans des contextes vuln\u00e9rables. Son style narratif humoristique lui a valu une voix propre dans la litt\u00e9rature africaine. Il \u00e9crit en fran\u00e7ais, la langue de son \u00e9ducation coloniale, explique-t-il, l&#039;outil qui lui a permis de toucher un public plus large, m\u00eame si son contenu se concentre sur le monde wolof.<\/p><\/div>\n\n\n\n<div class=\"wp-block-stackable-text stk-block-text stk-block stk-1c7347c\" data-block-id=\"1c7347c\"><style>.stk-1c7347c {margin-bottom:10px !important;}<\/style><p class=\"stk-block-text__text\">Ken Bugul est l\u2019une des \u00e9crivaines les plus importantes du continent africain et son \u0153uvre offre un aper\u00e7u fascinant de la condition humaine, de l\u2019exil et de la recherche d\u2019une place dans le monde et d\u2019une identit\u00e9, faisant d\u2019elle non seulement une \u00e9crivaine africaine, mais une \u00e9crivaine universelle.<\/p><\/div>\n\n\n\n<div class=\"wp-block-stackable-text stk-block-text stk-block stk-4068788\" data-block-id=\"4068788\"><p class=\"stk-block-text__text\">Ses marraines \u00e0 la c\u00e9r\u00e9monie seront Dulce Mar\u00eda Gonz\u00e1lez Doreste et Alba Rodr\u00edguez Garc\u00eda.<\/p><\/div>\n<\/div><\/div><\/div>\n\n\n\n<div class=\"wp-block-stackable-column stk-block-column stk-column stk-block stk-25b306a\" data-v=\"4\" data-block-id=\"25b306a\"><style>@media screen and (min-width: 768px){.stk-25b306a {flex:var(--stk-flex-grow, 1) 1 calc(45% - var(--stk-column-gap, 0px) * 1 \/ 2 ) !important;}}<\/style><div class=\"stk-column-wrapper stk-block-column__content stk-container stk-25b306a-container stk--no-background stk--no-padding\"><div class=\"stk-block-content stk-inner-blocks stk-25b306a-inner-blocks\">\n<div class=\"wp-block-stackable-spacer stk-block-spacer stk--no-padding stk-block stk-27392cb\" data-block-id=\"27392cb\"><style>.stk-27392cb {height:180px !important;}<\/style><\/div>\n\n\n\n<div class=\"wp-block-stackable-heading stk-block-heading stk-block-heading--v2 stk-block stk-85a5815 stk-block-background\" id=\"a-href-https-www-ull-es-la-universidad-honoris-causa-ken-bugul-laudatio-ken-bugul-span-style-color-ffffff-class-stk-highlight-laudatio-span-a\" data-block-id=\"85a5815\"><style>.stk-85a5815 {background-color:#ffc100 !important;padding-top:2% !important;padding-bottom:2% !important;margin-bottom:50px !important;}.stk-85a5815:before{background-color:#ffc100 !important;}.stk-85a5815 .stk-block-heading__text{color:#ffffff !important;font-weight:700 !important;}<\/style><h2 class=\"stk-block-heading__text has-text-color has-text-align-center\"><a href=\"https:\/\/www.ull.es\/la-universidad\/honoris-causa\/ken-bugul\/laudatio-ken-bugul\/\" target=\"_blank\" rel=\"noopener\"><span style=\"color: #ffffff;\" class=\"stk-highlight\">LAUDATIO<\/span><\/a><\/h2><\/div>\n\n\n\n<div class=\"wp-block-stackable-heading stk-block-heading stk-block-heading--v2 stk-block stk-873311a stk-block-background\" id=\"a-href-https-drive-google-com-file-d-1-p-pl-fx-driy-mn-uz-kn-kt-xv-2-d-0-r-0-si-gxz-a-48-view-usp-sharing-span-style-color-ffffff-class-stk-highlight-discurso-de-ingreso-span-a\" data-block-id=\"873311a\"><style>.stk-873311a {background-color:#5c068c !important;padding-top:3% !important;padding-bottom:2% !important;margin-bottom:80px !important;}.stk-873311a:before{background-color:#5c068c !important;}.stk-873311a .stk-block-heading__text{color:#ffffff !important;font-weight:700 !important;}<\/style><h2 class=\"stk-block-heading__text has-text-color has-text-align-center\"><a href=\"https:\/\/drive.google.com\/file\/d\/1pPlFxDRIYMnUzKNKtXv2d0r0SiGxzA48\/view?usp=sharing\" target=\"_blank\" rel=\"noopener\"><span style=\"color: #ffffff;\" class=\"stk-highlight\">DISCOURS D&#039;INDUCTION<\/span><\/a><\/h2><\/div>\n\n\n\n<div class=\"wp-block-stackable-image stk-block-image stk-block stk-d1d7398\" data-block-id=\"d1d7398\"><style>.stk-d1d7398 .stk-img-wrapper{width:80% !important;}<\/style><figure><span class=\"stk-img-wrapper stk-image--shape-stretch\"><img loading=\"lazy\" decoding=\"async\" class=\"stk-img wp-image-17243\" src=\"https:\/\/www.ull.es\/la-universidad\/wp-content\/uploads\/sites\/2\/2025\/01\/Mockup-web-honoris-causa_Iconos.png\" width=\"276\" height=\"276\" srcset=\"https:\/\/www.ull.es\/la-universidad\/wp-content\/uploads\/sites\/2\/2025\/01\/Mockup-web-honoris-causa_Iconos.png 276w, https:\/\/www.ull.es\/la-universidad\/wp-content\/uploads\/sites\/2\/2025\/01\/Mockup-web-honoris-causa_Iconos-150x150.png 150w, https:\/\/www.ull.es\/la-universidad\/wp-content\/uploads\/sites\/2\/2025\/01\/Mockup-web-honoris-causa_Iconos-50x50.png 50w\" sizes=\"auto, (max-width: 276px) 100vw, 276px\" \/><\/span><\/figure><\/div>\n<\/div><\/div><\/div>\n<\/div><\/div>\n<\/div><\/div><\/div>\n<\/div><\/div>","protected":false},"excerpt":{"rendered":"<p>Honoris Causa \u00bb Ken Bugul Ken Bugul, pseudonyme wolof de Mari\u00e9tou Mbaye Bil\u00e9oma, est n\u00e9e en 1947 \u00e0 Ndoucoumane, une ancienne r\u00e9gion de l&#039;ouest du S\u00e9n\u00e9gal. En 1982, elle fait ses d\u00e9buts en litt\u00e9rature avec son autobiographie romanc\u00e9e, \u00ab Le baobab fou \u00bb. Elle est l&#039;auteure de onze romans. Sa vie est profond\u00e9ment marqu\u00e9e par le d\u00e9racinement de sa famille\u2026<\/p>","protected":false},"author":67,"featured_media":0,"parent":17232,"menu_order":0,"comment_status":"closed","ping_status":"closed","template":"templates\/template-frontpage.php","meta":{"footnotes":""},"class_list":["post-17323","page","type-page","status-publish","hentry"],"_links":{"self":[{"href":"https:\/\/www.ull.es\/la-universidad\/fr\/wp-json\/wp\/v2\/pages\/17323","targetHints":{"allow":["GET"]}}],"collection":[{"href":"https:\/\/www.ull.es\/la-universidad\/fr\/wp-json\/wp\/v2\/pages"}],"about":[{"href":"https:\/\/www.ull.es\/la-universidad\/fr\/wp-json\/wp\/v2\/types\/page"}],"author":[{"embeddable":true,"href":"https:\/\/www.ull.es\/la-universidad\/fr\/wp-json\/wp\/v2\/users\/67"}],"replies":[{"embeddable":true,"href":"https:\/\/www.ull.es\/la-universidad\/fr\/wp-json\/wp\/v2\/comments?post=17323"}],"version-history":[{"count":51,"href":"https:\/\/www.ull.es\/la-universidad\/fr\/wp-json\/wp\/v2\/pages\/17323\/revisions"}],"predecessor-version":[{"id":17975,"href":"https:\/\/www.ull.es\/la-universidad\/fr\/wp-json\/wp\/v2\/pages\/17323\/revisions\/17975"}],"up":[{"embeddable":true,"href":"https:\/\/www.ull.es\/la-universidad\/fr\/wp-json\/wp\/v2\/pages\/17232"}],"wp:attachment":[{"href":"https:\/\/www.ull.es\/la-universidad\/fr\/wp-json\/wp\/v2\/media?parent=17323"}],"curies":[{"name":"wp","href":"https:\/\/api.w.org\/{rel}","templated":true}]}}