{"id":17377,"date":"2025-01-20T09:12:23","date_gmt":"2025-01-20T09:12:23","guid":{"rendered":"https:\/\/www.ull.es\/la-universidad\/?page_id=17377"},"modified":"2025-03-05T12:44:21","modified_gmt":"2025-03-05T12:44:21","slug":"laudatio-amparo-moreno-sarda","status":"publish","type":"page","link":"https:\/\/www.ull.es\/la-universidad\/fr\/honoris-causa\/amparo-moreno-sarda\/laudatio-amparo-moreno-sarda\/","title":{"rendered":"Laudatio"},"content":{"rendered":"<div class=\"wp-block-stackable-columns alignfull stk-block-columns stk-block stk-bf13746 stk-block-background stk--has-background-overlay\" data-block-id=\"bf13746\"><style>.stk-bf13746 .stk--block-align-bf13746{align-items:center !important;}.stk-bf13746 {background-image:url(https:\/\/www.ull.es\/la-universidad\/wp-content\/uploads\/sites\/2\/2025\/01\/Amparo-Moreno-Sarda_editada.jpg) !important;background-position:center center !important;background-repeat:no-repeat !important;background-size:cover !important;padding-bottom:20% !important;margin-top:-2% !important;margin-bottom:1% !important;}<\/style><div class=\"stk-row stk-inner-blocks stk--block-align-bf13746 stk-block-content stk-content-align stk-bf13746-column alignfull\">\n<div class=\"wp-block-stackable-column stk-block-column stk-column stk-block stk-52369c8\" data-v=\"4\" data-block-id=\"52369c8\"><div class=\"stk-column-wrapper stk-block-column__content stk-container stk-52369c8-container stk--no-background stk--no-padding\"><div class=\"stk-block-content stk-inner-blocks stk-52369c8-inner-blocks\">\n<div class=\"wp-block-stackable-columns alignfull stk-block-columns stk-block stk-09efffd\" data-block-id=\"09efffd\"><style>.stk-09efffd {padding-top:3% !important;padding-right:25% !important;}<\/style><div class=\"stk-row stk-inner-blocks stk-block-content stk-content-align stk-09efffd-column alignfull\">\n<div class=\"wp-block-stackable-column stk-block-column stk-column stk-block stk-079e619\" data-v=\"4\" data-block-id=\"079e619\"><div class=\"stk-column-wrapper stk-block-column__content stk-container stk-079e619-container stk--no-background stk--no-padding\"><div class=\"stk-block-content stk-inner-blocks stk-079e619-inner-blocks\">\n<div class=\"wp-block-stackable-image aligncenter stk-block-image has-text-align-left stk-block stk-bcd1559\" data-block-id=\"bcd1559\"><style>.stk-bcd1559 .stk-img-wrapper{width:60% !important;}<\/style><figure><span class=\"stk-img-wrapper stk-image--shape-stretch\"><img loading=\"lazy\" decoding=\"async\" class=\"stk-img wp-image-17362\" src=\"https:\/\/www.ull.es\/la-universidad\/wp-content\/uploads\/sites\/2\/2025\/01\/Mockup-web-honoris-causa-25.png\" width=\"581\" height=\"148\" srcset=\"https:\/\/www.ull.es\/la-universidad\/wp-content\/uploads\/sites\/2\/2025\/01\/Mockup-web-honoris-causa-25.png 581w, https:\/\/www.ull.es\/la-universidad\/wp-content\/uploads\/sites\/2\/2025\/01\/Mockup-web-honoris-causa-25-300x76.png 300w, https:\/\/www.ull.es\/la-universidad\/wp-content\/uploads\/sites\/2\/2025\/01\/Mockup-web-honoris-causa-25-375x96.png 375w\" sizes=\"auto, (max-width: 581px) 100vw, 581px\" \/><\/span><\/figure><\/div>\n<\/div><\/div><\/div>\n<\/div><\/div>\n<\/div><\/div><\/div>\n<\/div><\/div>\n\n\n\n<div class=\"wp-block-stackable-columns alignfull stk-block-columns stk-block stk-593da1e\" data-block-id=\"593da1e\"><div class=\"stk-row stk-inner-blocks stk-block-content stk-content-align stk-593da1e-column alignfull\">\n<div class=\"wp-block-stackable-column stk-block-column stk-column stk-block stk-614a277\" data-v=\"4\" data-block-id=\"614a277\"><div class=\"stk-column-wrapper stk-block-column__content stk-container stk-614a277-container stk--no-background stk--no-padding\"><div class=\"stk-block-content stk-inner-blocks stk-614a277-inner-blocks\">\n<div class=\"wp-block-stackable-columns alignwide stk-block-columns stk-block stk-2fea7a6\" data-block-id=\"2fea7a6\"><style>.stk-2fea7a6 {padding-right:5% !important;padding-left:5% !important;}.stk-2fea7a6-column{--stk-columns-spacing:12px !important;--stk-column-gap:50px !important;}<\/style><div class=\"stk-row stk-inner-blocks stk-block-content stk-content-align stk-2fea7a6-column alignwide\">\n<div class=\"wp-block-stackable-column stk-block-column stk-column stk-block stk-2f0dfa9\" data-v=\"4\" data-block-id=\"2f0dfa9\"><style>@media screen and (min-width: 768px){.stk-2f0dfa9 {flex:var(--stk-flex-grow, 1) 1 calc(60% - var(--stk-column-gap, 0px) * 1 \/ 2 ) !important;}}<\/style><div class=\"stk-column-wrapper stk-block-column__content stk-container stk-2f0dfa9-container stk--no-background stk--no-padding\"><div class=\"stk-block-content stk-inner-blocks stk-2f0dfa9-inner-blocks\">\n<div class=\"wp-block-stackable-text stk-block-text stk-block stk-f7c97c5\" data-block-id=\"f7c97c5\"><p class=\"stk-block-text__text\"><a href=\"https:\/\/www.ull.es\/la-universidad\/honoris-causa\/\" target=\"_blank\" rel=\"noreferrer noopener\">Honoris Causa<\/a>&nbsp;\u00bb&nbsp;<a href=\"https:\/\/www.ull.es\/la-universidad\/honoris-causa\/amparo-moreno-sarda\/\" target=\"_blank\" rel=\"noreferrer noopener\">Amparo Moreno Sard\u00e0<\/a>&nbsp;\u00bb Laudatio<\/p><\/div>\n\n\n\n<div class=\"wp-block-stackable-image stk-block-image has-text-align-left stk-block stk-bade6cd\" data-block-id=\"bade6cd\"><style>.stk-bade6cd .stk-img-wrapper{width:100% !important;}<\/style><figure><span class=\"stk-img-wrapper stk-image--shape-stretch\"><img loading=\"lazy\" decoding=\"async\" class=\"stk-img wp-image-17257\" src=\"https:\/\/www.ull.es\/la-universidad\/wp-content\/uploads\/sites\/2\/2025\/01\/Mockup-web-honoris-causa_Trayectoria.png\" width=\"692\" height=\"138\" srcset=\"https:\/\/www.ull.es\/la-universidad\/wp-content\/uploads\/sites\/2\/2025\/01\/Mockup-web-honoris-causa_Trayectoria.png 692w, https:\/\/www.ull.es\/la-universidad\/wp-content\/uploads\/sites\/2\/2025\/01\/Mockup-web-honoris-causa_Trayectoria-300x60.png 300w, https:\/\/www.ull.es\/la-universidad\/wp-content\/uploads\/sites\/2\/2025\/01\/Mockup-web-honoris-causa_Trayectoria-375x75.png 375w\" sizes=\"auto, (max-width: 692px) 100vw, 692px\" \/><\/span><\/figure><\/div>\n\n\n\n<div class=\"wp-block-stackable-text stk-block-text stk-block stk-8a32b18\" data-block-id=\"8a32b18\"><style>.stk-8a32b18 {margin-bottom:10px !important;}<\/style><p class=\"stk-block-text__text\">Le Dr Amparo Moreno-Sard\u00e0 est une chercheuse de premier plan en histoire et en communication dans une perspective f\u00e9ministe. Il a \u00e9tudi\u00e9 la philosophie et les lettres \u00e0 l&#039;Universit\u00e9 de Saragosse et a obtenu son dipl\u00f4me de l&#039;Universit\u00e9 de Valence en 1969 avec une licence en g\u00e9ographie et en histoire. En 1973, il obtient son dipl\u00f4me en journalisme \u00e0 l&#039;\u00c9cole Officielle de Journalisme de Barcelone. En 1984, il a obtenu son doctorat en histoire \u00e0 l&#039;Universit\u00e9 de Barcelone avec une th\u00e8se sur Les racines historiques des probl\u00e8mes actuels de la communication sociale. \u00c9l\u00e9ments pour une histoire non androcentrique de la communication sociale.<\/p><\/div>\n\n\n\n<div class=\"wp-block-stackable-text stk-block-text stk-block stk-e85552f\" data-block-id=\"e85552f\"><style>.stk-e85552f {margin-bottom:10px !important;}<\/style><p class=\"stk-block-text__text\">\u00c0 partir de l&#039;ann\u00e9e acad\u00e9mique 1973-1974, elle a travaill\u00e9 comme professeure et chercheuse \u00e0 la Facult\u00e9 des Sciences de l&#039;Information de l&#039;Universit\u00e9 Autonome de Barcelone, o\u00f9 elle a obtenu le grade de professeure titulaire en 1986, puis de professeure d&#039;histoire de la communication au D\u00e9partement de journalisme en 1994, et, \u00e0 sa retraite en 2009, professeure \u00e9m\u00e9rite.<\/p><\/div>\n\n\n\n<div class=\"wp-block-stackable-text stk-block-text stk-block stk-1c7347c\" data-block-id=\"1c7347c\"><style>.stk-1c7347c {margin-bottom:10px !important;}<\/style><p class=\"stk-block-text__text\">En 1971-1972, Amparo Moreno-Sard\u00e0 d\u00e9cide de chercher du travail comme journaliste. Mais \u00e0 cette \u00e9poque, ils n\u2019\u00e9taient pas consid\u00e9r\u00e9s comme adapt\u00e9s aux quelques femmes qui travaillaient dans les salles de r\u00e9daction des journaux d\u2019information g\u00e9n\u00e9rale. Il a commenc\u00e9 \u00e0 travailler \u00e0 El Noticiero Universal, dans la section des nouvelles locales, comme \u00ab journaliste de rue \u00bb ; puis \u00e0 El Correo Catal\u00e1n. Ils lui ont dit qu\u2019ils voulaient avoir une femme, mais ils ont vite compris qu\u2019elle n\u2019\u00e9tait pas cette femme.<\/p><\/div>\n\n\n\n<div class=\"wp-block-stackable-text stk-block-text stk-block stk-4068788\" data-block-id=\"4068788\"><style>.stk-4068788 {margin-bottom:10px !important;}<\/style><p class=\"stk-block-text__text\">Moreno Sard\u00e0 s&#039;impliqua activement dans le Groupe D\u00e9mocratique des Journalistes, une organisation clandestine cr\u00e9\u00e9e en 1966. Ses articles critiques, sa participation \u00e0 une gr\u00e8ve exigeant une augmentation de salaire li\u00e9e \u00e0 la hausse du prix des journaux et ses liens avec le mouvement f\u00e9ministe la conduisirent \u00e0 \u00eatre licenci\u00e9e \u00e0 l&#039;obtention de son dipl\u00f4me en mars 1973, au lieu d&#039;\u00eatre int\u00e9gr\u00e9e au personnel, comme cela fut le cas pour d&#039;autres coll\u00e8gues. \u00c0 l&#039;\u00e9poque, elle \u00e9tait \u00e9galement enceinte de sa fille, une situation que de nombreux coll\u00e8gues consid\u00e9raient comme inappropri\u00e9e pour qu&#039;elle participe \u00e0 des conf\u00e9rences de presse. Bien qu\u2019elle ait d\u00e9pos\u00e9 une plainte et qu\u2019elle ait gagn\u00e9, elle n\u2019a jamais \u00e9t\u00e9 r\u00e9embauch\u00e9e. <\/p><\/div>\n\n\n\n<div class=\"wp-block-stackable-text stk-block-text stk-block stk-971dbcd\" data-block-id=\"971dbcd\"><style>.stk-971dbcd {margin-bottom:10px !important;}<\/style><p class=\"stk-block-text__text\">Parall\u00e8lement, sa conscience f\u00e9ministe grandit. Elle participa aux premi\u00e8res Journ\u00e9es de lib\u00e9ration des femmes, organis\u00e9es \u00e0 Madrid quelques jours apr\u00e8s la mort de Franco, alors qu&#039;elle \u00e9tait encore cach\u00e9e. Elle a collabor\u00e9 \u00e0 l&#039;organisation des Journ\u00e9es de la Femme Catalane, qui se sont d\u00e9roul\u00e9es \u00e0 l&#039;Auditorium de l&#039;Universit\u00e9 de Barcelone du 27 au 30 mai 1976, avec une participation de quelque 4 000 personnes et un grand impact sur l&#039;opinion publique. En fait, son premier livre \u00e9tait Femmes en lutte. Le mouvement f\u00e9ministe en Espagne, qu&#039;elle a publi\u00e9 en 1977.<\/p><\/div>\n\n\n\n<div class=\"wp-block-stackable-text stk-block-text stk-block stk-b4a0390\" data-block-id=\"b4a0390\"><style>.stk-b4a0390 {margin-bottom:10px !important;}<\/style><p class=\"stk-block-text__text\">La Dre Amparo Moreno-Sard\u00e1 s&#039;est toujours distingu\u00e9e par sa d\u00e9fense des id\u00e9es f\u00e9ministes avec un engagement d\u00e9mocratique et politique, m\u00eame pendant la dictature de Franco, lorsqu&#039;une telle position \u00e9tait consid\u00e9r\u00e9e comme dangereuse et pouvait avoir de graves cons\u00e9quences sur la vie d&#039;une personne. En fait, sa position militante a fait que les m\u00e9dias lui ont ferm\u00e9 leurs portes, alors il a d\u00e9cid\u00e9 de continuer sa lutte et son travail \u00e0 l&#039;Universit\u00e9, o\u00f9 il a commenc\u00e9 \u00e0 enseigner au cours de l&#039;ann\u00e9e acad\u00e9mique 1973-1974 et a obtenu la plus haute reconnaissance.<\/p><\/div>\n\n\n\n<div class=\"wp-block-stackable-text stk-block-text stk-block stk-0de3193\" data-block-id=\"0de3193\"><p class=\"stk-block-text__text\">Entre 2003 et 2007, elle a \u00e9t\u00e9 conseill\u00e8re municipale de Tortosa pour les Ind\u00e9pendants pour l&#039;\u00c8bre (IPE). Jusqu&#039;en novembre 2006, il \u00e9tait maire adjoint, charg\u00e9 de la Soci\u00e9t\u00e9 de l&#039;information, de la Participation citoyenne, du Service citoyen et des \u00c9tudes universitaires.<\/p><\/div>\n\n\n\n<div class=\"wp-block-stackable-text stk-block-text stk-block stk-1ecf2b3\" data-block-id=\"1ecf2b3\"><style>.stk-1ecf2b3 {margin-bottom:10px !important;}<\/style><p class=\"stk-block-text__text\">En tant qu\u2019enseignante, il convient de souligner son combat contre l\u2019approche androcentrique de l\u2019histoire, qui, selon elle, rendait difficile la compr\u00e9hension des m\u00e9dias de masse qui repr\u00e9sentaient une plus grande diversit\u00e9 de femmes et d\u2019hommes dans des contextes non seulement centraux et publics, mais aussi priv\u00e9s et marginaux.<\/p><\/div>\n\n\n\n<div class=\"wp-block-stackable-text stk-block-text stk-block stk-d704236\" data-block-id=\"d704236\"><style>.stk-d704236 {margin-bottom:10px !important;}<\/style><p class=\"stk-block-text__text\">Je ne sais pas vraiment comment r\u00e9sumer tout ce que cette femme a fait au cours de sa vie. Elle a \u00e9t\u00e9 une militante f\u00e9ministe, une militante de classe et a travaill\u00e9 pour promouvoir la participation sociale et la responsabilit\u00e9 dans les institutions locales. Toute sa vie personnelle (elle est m\u00e8re d\u2019une fille et d\u2019un fils et est aujourd\u2019hui grand-m\u00e8re) et professionnelle a \u00e9t\u00e9 consacr\u00e9e \u00e0 faire progresser les connaissances et \u00e0 donner la parole \u00e0 ceux qui, normalement, n\u2019en ont pas.<\/p><\/div>\n\n\n\n<div class=\"wp-block-stackable-text stk-block-text stk-block stk-327ab68\" data-block-id=\"327ab68\"><style>.stk-327ab68 {margin-bottom:10px !important;}<\/style><p class=\"stk-block-text__text\">\u00c0 l&#039;Universit\u00e9 de La Laguna, nous avons eu la chance de la rencontrer car elle a inclus une bonne partie du corps enseignant des domaines du journalisme et de la communication audiovisuelle dans deux projets : En 2013-2015, Communication et journalisme pour la participation citoyenne au suivi et \u00e0 l&#039;\u00e9valuation de la gestion des gouvernements locaux, financ\u00e9 par le minist\u00e8re de l&#039;\u00c9conomie et de la Comp\u00e9titivit\u00e9 ; et en 2016-2018, M\u00e9thodologies et mod\u00e8les d\u2019information pour le suivi des actions des responsables des collectivit\u00e9s locales et la responsabilisation.<\/p><\/div>\n\n\n\n<div class=\"wp-block-stackable-text stk-block-text stk-block stk-a2cd050\" data-block-id=\"a2cd050\"><style>.stk-a2cd050 {margin-bottom:10px !important;}<\/style><p class=\"stk-block-text__text\">Aujourd&#039;hui, nous pouvons honorer cette collaboration avec cette femme exemplaire en lui d\u00e9cernant le titre de Docteur Honoris Causa. <\/p><\/div>\n\n\n\n<div class=\"wp-block-stackable-text stk-block-text stk-block stk-a396d85\" data-block-id=\"a396d85\"><p class=\"stk-block-text__text has-text-align-right\"><strong>Portes Lara Carrascosa<\/strong><\/p><\/div>\n<\/div><\/div><\/div>\n\n\n\n<div class=\"wp-block-stackable-column stk-block-column stk-column stk-block stk-25b306a\" data-v=\"4\" data-block-id=\"25b306a\"><style>@media screen and (min-width: 768px){.stk-25b306a {flex:var(--stk-flex-grow, 1) 1 calc(40% - var(--stk-column-gap, 0px) * 1 \/ 2 ) !important;}}<\/style><div class=\"stk-column-wrapper stk-block-column__content stk-container stk-25b306a-container stk--no-background stk--no-padding\"><div class=\"stk-block-content stk-inner-blocks stk-25b306a-inner-blocks\">\n<div class=\"wp-block-stackable-heading stk-block-heading stk-block-heading--v2 stk-block stk-85a5815 stk-block-background\" id=\"a-href-https-drive-google-com-file-d-1-ld-dj-2-skwx-oq-7-b-bte-kvx-66-qugu-q-6-o-gv-pq-view-usp-sharing-span-style-color-ffffff-class-stk-highlight-version-leida-en-el-acto-span-a\" data-block-id=\"85a5815\"><style>.stk-85a5815 {background-color:#ffc100 !important;padding-top:5% !important;padding-bottom:2% !important;margin-bottom:50px !important;}.stk-85a5815:before{background-color:#ffc100 !important;}.stk-85a5815 .stk-block-heading__text{color:#ffffff !important;font-weight:700 !important;}<\/style><h2 class=\"stk-block-heading__text has-text-color has-text-align-center\"><a href=\"https:\/\/drive.google.com\/file\/d\/1ldDJ2SkwxOQ7BBteKVX66QuguQ6oGvPQ\/view?usp=sharing\" target=\"_blank\" rel=\"noopener\"><span style=\"color: #ffffff;\" class=\"stk-highlight\">VERSION LUE SUR LA LOI<\/span><\/a><\/h2><\/div>\n\n\n\n<div class=\"wp-block-stackable-image stk-block-image stk-block stk-d1d7398\" data-block-id=\"d1d7398\"><style>.stk-d1d7398 .stk-img-wrapper{width:90% !important;}<\/style><figure><span class=\"stk-img-wrapper stk-image--shape-stretch\"><img loading=\"lazy\" decoding=\"async\" class=\"stk-img wp-image-17243\" src=\"https:\/\/www.ull.es\/la-universidad\/wp-content\/uploads\/sites\/2\/2025\/01\/Mockup-web-honoris-causa_Iconos.png\" width=\"276\" height=\"276\" srcset=\"https:\/\/www.ull.es\/la-universidad\/wp-content\/uploads\/sites\/2\/2025\/01\/Mockup-web-honoris-causa_Iconos.png 276w, https:\/\/www.ull.es\/la-universidad\/wp-content\/uploads\/sites\/2\/2025\/01\/Mockup-web-honoris-causa_Iconos-150x150.png 150w, https:\/\/www.ull.es\/la-universidad\/wp-content\/uploads\/sites\/2\/2025\/01\/Mockup-web-honoris-causa_Iconos-50x50.png 50w\" sizes=\"auto, (max-width: 276px) 100vw, 276px\" \/><\/span><\/figure><\/div>\n<\/div><\/div><\/div>\n<\/div><\/div>\n<\/div><\/div><\/div>\n<\/div><\/div>","protected":false},"excerpt":{"rendered":"<p>La Dre Amparo Moreno-Sard\u00e0 est une chercheuse \u00e9minente en histoire et communication, d&#039;un point de vue f\u00e9ministe. Elle a \u00e9tudi\u00e9 la philosophie et les lettres \u00e0 l&#039;Universit\u00e9 de Saragosse et a obtenu son dipl\u00f4me de l&#039;Universit\u00e9 de Valence en 1969, avec une sp\u00e9cialisation en g\u00e9ographie et histoire. En 1973, elle a obtenu son dipl\u00f4me de journalisme \u00e0\u2026<\/p>","protected":false},"author":67,"featured_media":0,"parent":17373,"menu_order":0,"comment_status":"closed","ping_status":"closed","template":"templates\/template-frontpage.php","meta":{"footnotes":""},"class_list":["post-17377","page","type-page","status-publish","hentry"],"_links":{"self":[{"href":"https:\/\/www.ull.es\/la-universidad\/fr\/wp-json\/wp\/v2\/pages\/17377","targetHints":{"allow":["GET"]}}],"collection":[{"href":"https:\/\/www.ull.es\/la-universidad\/fr\/wp-json\/wp\/v2\/pages"}],"about":[{"href":"https:\/\/www.ull.es\/la-universidad\/fr\/wp-json\/wp\/v2\/types\/page"}],"author":[{"embeddable":true,"href":"https:\/\/www.ull.es\/la-universidad\/fr\/wp-json\/wp\/v2\/users\/67"}],"replies":[{"embeddable":true,"href":"https:\/\/www.ull.es\/la-universidad\/fr\/wp-json\/wp\/v2\/comments?post=17377"}],"version-history":[{"count":16,"href":"https:\/\/www.ull.es\/la-universidad\/fr\/wp-json\/wp\/v2\/pages\/17377\/revisions"}],"predecessor-version":[{"id":17985,"href":"https:\/\/www.ull.es\/la-universidad\/fr\/wp-json\/wp\/v2\/pages\/17377\/revisions\/17985"}],"up":[{"embeddable":true,"href":"https:\/\/www.ull.es\/la-universidad\/fr\/wp-json\/wp\/v2\/pages\/17373"}],"wp:attachment":[{"href":"https:\/\/www.ull.es\/la-universidad\/fr\/wp-json\/wp\/v2\/media?parent=17377"}],"curies":[{"name":"wp","href":"https:\/\/api.w.org\/{rel}","templated":true}]}}