{"id":17385,"date":"2025-01-20T09:22:42","date_gmt":"2025-01-20T09:22:42","guid":{"rendered":"https:\/\/www.ull.es\/la-universidad\/?page_id=17385"},"modified":"2025-03-05T12:53:14","modified_gmt":"2025-03-05T12:53:14","slug":"laudatio-nicholas-a-peppas","status":"publish","type":"page","link":"https:\/\/www.ull.es\/la-universidad\/fr\/honoris-causa\/nicholas-a-peppas\/laudatio-nicholas-a-peppas\/","title":{"rendered":"Laudatio"},"content":{"rendered":"<div class=\"wp-block-stackable-columns alignfull stk-block-columns stk-block stk-bf13746 stk-block-background stk--has-background-overlay\" data-block-id=\"bf13746\"><style>.stk-bf13746 .stk--block-align-bf13746{align-items:center !important;}.stk-bf13746 {background-image:url(https:\/\/www.ull.es\/la-universidad\/wp-content\/uploads\/sites\/2\/2025\/01\/Nicholas-A.-Peppa_editada.png) !important;background-position:top center !important;background-repeat:no-repeat !important;background-size:cover !important;padding-bottom:20% !important;margin-top:-2% !important;margin-bottom:1% !important;}<\/style><div class=\"stk-row stk-inner-blocks stk--block-align-bf13746 stk-block-content stk-content-align stk-bf13746-column alignfull\">\n<div class=\"wp-block-stackable-column stk-block-column stk-column stk-block stk-52369c8\" data-v=\"4\" data-block-id=\"52369c8\"><div class=\"stk-column-wrapper stk-block-column__content stk-container stk-52369c8-container stk--no-background stk--no-padding\"><div class=\"stk-block-content stk-inner-blocks stk-52369c8-inner-blocks\">\n<div class=\"wp-block-stackable-columns alignfull stk-block-columns stk-block stk-09efffd\" data-block-id=\"09efffd\"><style>.stk-09efffd {padding-top:3% !important;padding-right:10% !important;}<\/style><div class=\"stk-row stk-inner-blocks stk-block-content stk-content-align stk-09efffd-column alignfull\">\n<div class=\"wp-block-stackable-column stk-block-column stk-column stk-block stk-079e619\" data-v=\"4\" data-block-id=\"079e619\"><div class=\"stk-column-wrapper stk-block-column__content stk-container stk-079e619-container stk--no-background stk--no-padding\"><div class=\"stk-block-content stk-inner-blocks stk-079e619-inner-blocks\">\n<div class=\"wp-block-stackable-image aligncenter stk-block-image has-text-align-left stk-block stk-bcd1559\" data-block-id=\"bcd1559\"><style>.stk-bcd1559 .stk-img-wrapper{width:40% !important;}<\/style><figure><span class=\"stk-img-wrapper stk-image--shape-stretch\"><img loading=\"lazy\" decoding=\"async\" class=\"stk-img wp-image-17362\" src=\"https:\/\/www.ull.es\/la-universidad\/wp-content\/uploads\/sites\/2\/2025\/01\/Mockup-web-honoris-causa-25.png\" width=\"581\" height=\"148\" srcset=\"https:\/\/www.ull.es\/la-universidad\/wp-content\/uploads\/sites\/2\/2025\/01\/Mockup-web-honoris-causa-25.png 581w, https:\/\/www.ull.es\/la-universidad\/wp-content\/uploads\/sites\/2\/2025\/01\/Mockup-web-honoris-causa-25-300x76.png 300w, https:\/\/www.ull.es\/la-universidad\/wp-content\/uploads\/sites\/2\/2025\/01\/Mockup-web-honoris-causa-25-375x96.png 375w\" sizes=\"auto, (max-width: 581px) 100vw, 581px\" \/><\/span><\/figure><\/div>\n<\/div><\/div><\/div>\n<\/div><\/div>\n<\/div><\/div><\/div>\n<\/div><\/div>\n\n\n\n<div class=\"wp-block-stackable-columns alignfull stk-block-columns stk-block stk-593da1e\" data-block-id=\"593da1e\"><div class=\"stk-row stk-inner-blocks stk-block-content stk-content-align stk-593da1e-column alignfull\">\n<div class=\"wp-block-stackable-column stk-block-column stk-column stk-block stk-614a277\" data-v=\"4\" data-block-id=\"614a277\"><div class=\"stk-column-wrapper stk-block-column__content stk-container stk-614a277-container stk--no-background stk--no-padding\"><div class=\"stk-block-content stk-inner-blocks stk-614a277-inner-blocks\">\n<div class=\"wp-block-stackable-columns alignwide stk-block-columns stk-block stk-2fea7a6\" data-block-id=\"2fea7a6\"><style>.stk-2fea7a6 {padding-right:5% !important;padding-left:5% !important;}.stk-2fea7a6-column{--stk-columns-spacing:12px !important;--stk-column-gap:50px !important;}<\/style><div class=\"stk-row stk-inner-blocks stk-block-content stk-content-align stk-2fea7a6-column alignwide\">\n<div class=\"wp-block-stackable-column stk-block-column stk-column stk-block stk-2f0dfa9\" data-v=\"4\" data-block-id=\"2f0dfa9\"><style>@media screen and (min-width: 768px){.stk-2f0dfa9 {flex:var(--stk-flex-grow, 1) 1 calc(60% - var(--stk-column-gap, 0px) * 1 \/ 2 ) !important;}}<\/style><div class=\"stk-column-wrapper stk-block-column__content stk-container stk-2f0dfa9-container stk--no-background stk--no-padding\"><div class=\"stk-block-content stk-inner-blocks stk-2f0dfa9-inner-blocks\">\n<div class=\"wp-block-stackable-text stk-block-text stk-block stk-6b2b578\" data-block-id=\"6b2b578\"><p class=\"stk-block-text__text\"><a href=\"https:\/\/www.ull.es\/la-universidad\/honoris-causa\/\" target=\"_blank\" rel=\"noreferrer noopener\">Honoris Causa<\/a>&nbsp;\u00bb&nbsp;<a href=\"https:\/\/www.ull.es\/la-universidad\/honoris-causa\/nicholas-a-peppas\/\" target=\"_blank\" rel=\"noreferrer noopener\">Nicolas A. Peppas<\/a>&nbsp;\u00bb Laudatio<\/p><\/div>\n\n\n\n<div class=\"wp-block-stackable-image stk-block-image has-text-align-left stk-block stk-bade6cd\" data-block-id=\"bade6cd\"><style>.stk-bade6cd .stk-img-wrapper{width:70% !important;}<\/style><figure><span class=\"stk-img-wrapper stk-image--shape-stretch\"><img loading=\"lazy\" decoding=\"async\" class=\"stk-img wp-image-17257\" src=\"https:\/\/www.ull.es\/la-universidad\/wp-content\/uploads\/sites\/2\/2025\/01\/Mockup-web-honoris-causa_Trayectoria.png\" width=\"692\" height=\"138\" srcset=\"https:\/\/www.ull.es\/la-universidad\/wp-content\/uploads\/sites\/2\/2025\/01\/Mockup-web-honoris-causa_Trayectoria.png 692w, https:\/\/www.ull.es\/la-universidad\/wp-content\/uploads\/sites\/2\/2025\/01\/Mockup-web-honoris-causa_Trayectoria-300x60.png 300w, https:\/\/www.ull.es\/la-universidad\/wp-content\/uploads\/sites\/2\/2025\/01\/Mockup-web-honoris-causa_Trayectoria-375x75.png 375w\" sizes=\"auto, (max-width: 692px) 100vw, 692px\" \/><\/span><\/figure><\/div>\n\n\n\n<div class=\"wp-block-stackable-text stk-block-text stk-block stk-8a32b18\" data-block-id=\"8a32b18\"><style>.stk-8a32b18 {margin-bottom:10px !important;}<\/style><p class=\"stk-block-text__text\">Ce discours ne peut commencer autrement qu\u2019en remerciant sinc\u00e8rement notre ch\u00e8re institution, l\u2019Universit\u00e9 de La Laguna, pour avoir d\u00e9cern\u00e9 au professeur Nicholas Peppas un doctorat honorifique. Cette reconnaissance bien m\u00e9rit\u00e9e a \u00e9t\u00e9 approuv\u00e9e par le Conseil d&#039;administration et le S\u00e9nat universitaire de notre universit\u00e9, propos\u00e9e par le D\u00e9partement de g\u00e9nie chimique et de technologie pharmaceutique et la Facult\u00e9 de pharmacie de l&#039;Universit\u00e9 de La Laguna, soutenue par l&#039;\u00c9cole d&#039;ing\u00e9nierie et de technologie et la Facult\u00e9 des sciences de notre universit\u00e9, et approuv\u00e9e par le D\u00e9partement de pharmacie gal\u00e9nique et de technologie alimentaire de l&#039;Universit\u00e9 Complutense de Madrid (UCM), et le domaine de pharmacie et de technologie pharmaceutique du D\u00e9partement de pharmacologie, de pharmacie et de technologie pharmaceutique de l&#039;Universit\u00e9 de Saint-Jacques-de-Compostelle (USC). Mes sinc\u00e8res remerciements \u00e0 tous. Sans aucun doute, l&#039;incorporation du professeur Peppas \u00e0 l&#039;Universit\u00e9 de La Laguna contribuera \u00e0 promouvoir l&#039;image de notre universit\u00e9 dans le monde entier, car il est un magnifique ambassadeur international de la science.<\/p><\/div>\n\n\n\n<div class=\"wp-block-stackable-text stk-block-text stk-block stk-e85552f\" data-block-id=\"e85552f\"><style>.stk-e85552f {margin-bottom:10px !important;}<\/style><p class=\"stk-block-text__text\">Je suis tr\u00e8s honor\u00e9 d\u2019\u00eatre le parrain du professeur Peppas et de prononcer la Laudatio pour son investiture en tant que Docteur Honoris Causa par notre institution. Aujourd&#039;hui est certainement un jour dont je me souviendrai toute ma vie, \u00e0 la fois comme professeur et chercheur \u00e0 l&#039;Universit\u00e9 de La Laguna et, surtout, \u00e0 titre personnel, comme son \u00e9l\u00e8ve pendant plus de 15 ans, pendant lesquels j&#039;ai continuellement re\u00e7u ses conseils, sa collaboration et son aide. Ma relation avec le professeur Peppas a commenc\u00e9 en 2009, pendant mon doctorat. J&#039;ai \u00e9t\u00e9 chercheur invit\u00e9 au d\u00e9partement de g\u00e9nie chimique de l&#039;Universit\u00e9 du Texas \u00e0 Austin pendant six mois sous sa supervision.<\/p><\/div>\n\n\n\n<div class=\"wp-block-stackable-text stk-block-text stk-block stk-1c7347c\" data-block-id=\"1c7347c\"><style>.stk-1c7347c {margin-bottom:10px !important;}<\/style><p class=\"stk-block-text__text\">Cette p\u00e9riode de mon doctorat a marqu\u00e9 un tournant dans ma fa\u00e7on de penser, de travailler et, finalement, de faire de la science. \u00c0 cette \u00e9poque, comme le reste de mes coll\u00e8gues, j&#039;\u00e9tais habitu\u00e9 \u00e0 suivre \u00ab \u00e0 la lettre \u00bb les directives de mes directeurs de th\u00e8se, sans avoir la possibilit\u00e9 de proposer des solutions aux probl\u00e8mes qui se posaient quotidiennement et sans avoir l&#039;ind\u00e9pendance n\u00e9cessaire pour d\u00e9cider de l&#039;orientation de mes recherches. Cependant, le professeur Peppas m\u2019a encourag\u00e9 \u00e0 proposer un nouveau projet de recherche dans le domaine fascinant de la reconnaissance mol\u00e9culaire. Et ce n&#039;\u00e9tait pas mal. Cela a abouti \u00e0 la publication de deux articles, \u00e0 l\u2019obtention d\u2019un brevet am\u00e9ricain et \u00e0 l\u2019\u00e9tablissement d\u2019une relation scientifique qui perdure encore aujourd\u2019hui.<\/p><\/div>\n\n\n\n<div class=\"wp-block-stackable-text stk-block-text stk-block stk-4068788\" data-block-id=\"4068788\"><style>.stk-4068788 {margin-bottom:10px !important;}<\/style><p class=\"stk-block-text__text\">Le professeur Peppas est titulaire d&#039;un dipl\u00f4me en g\u00e9nie chimique de l&#039;Universit\u00e9 polytechnique nationale d&#039;Ath\u00e8nes (1971) et d&#039;un doctorat en sciences du Massachusetts Institute of Technology (MIT) (1973), sous la supervision du professeur Edward Merril, o\u00f9 il a \u00e9galement effectu\u00e9 ses \u00e9tudes postdoctorales. Au cours des quatre derni\u00e8res d\u00e9cennies, il a \u00e9tabli les fondements et la conception rationnelle des syst\u00e8mes biom\u00e9dicaux et d\u00e9velopp\u00e9 des mod\u00e8les de diffusion de m\u00e9dicaments et de prot\u00e9ines \u00e0 partir de syst\u00e8mes \u00e0 lib\u00e9ration contr\u00f4l\u00e9e et dans les tissus biologiques. Ses inventions comprennent le cartilage, les cordes vocales, les organes artificiels, les biomat\u00e9riaux non thrombog\u00e8nes et les syst\u00e8mes d\u2019administration d\u2019insuline pour le diab\u00e8te, de calcitonine pour l\u2019ost\u00e9oporose et d\u2019interf\u00e9ron b\u00eata pour la scl\u00e9rose en plaques, entre autres.<\/p><\/div>\n\n\n\n<div class=\"wp-block-stackable-text stk-block-text stk-block stk-971dbcd\" data-block-id=\"971dbcd\"><style>.stk-971dbcd {margin-bottom:10px !important;}<\/style><p class=\"stk-block-text__text\">Pionnier dans les bionanomat\u00e9riaux, l&#039;administration et la lib\u00e9ration de m\u00e9dicaments, la physique des polym\u00e8res et la bionanotechnologie, le professeur Peppas poursuit une approche enti\u00e8rement multidisciplinaire, combinant la biologie mol\u00e9culaire et cellulaire moderne avec des principes d&#039;ing\u00e9nierie pour concevoir des syst\u00e8mes d&#039;administration th\u00e9rapeutique de nouvelle g\u00e9n\u00e9ration pour la gestion des maladies et des dispositifs et syst\u00e8mes m\u00e9dicaux critiques pour les soins aux patients. Cette approche est multinationale, diversifi\u00e9e, inclusive et convergente, capable de r\u00e9pondre aux d\u00e9fis m\u00e9dicaux \u00e9mergents dans de nombreux pays du monde. Ses contributions ont donn\u00e9 naissance \u00e0 plus de vingt produits m\u00e9dicaux et pharmaceutiques repr\u00e9sentant un march\u00e9 de plusieurs milliards de dollars. On estime que 800 millions de patients ont b\u00e9n\u00e9fici\u00e9 des produits issus de ses recherches fondamentales et translationnelles.<\/p><\/div>\n\n\n\n<div class=\"wp-block-stackable-text stk-block-text stk-block stk-b4a0390\" data-block-id=\"b4a0390\"><style>.stk-b4a0390 {margin-bottom:10px !important;}<\/style><p class=\"stk-block-text__text\">La preuve en est sa vaste production scientifique, avec plus de 2 000 articles publi\u00e9s, aboutissant \u00e0 un indice h de 217 et obtenant plus de 226 000 citations, co-auteur ou co-\u00e9diteur de 41 livres, titulaire de 55 brevets, conf\u00e9rencier lors de congr\u00e8s et conf\u00e9rences dans 34 pays avec plus de 1 600 pr\u00e9sentations, et laur\u00e9at de plus de 200 prix internationaux, dont le National Academy of Engineering Founders Award, la National Academy of Medicine Adam Yarmolinsky Medal, le Pharmaceutical Global Leader Award ou les Biomaterials Global Impact Awards.<\/p><\/div>\n\n\n\n<div class=\"wp-block-stackable-text stk-block-text stk-block stk-0de3193\" data-block-id=\"0de3193\"><p class=\"stk-block-text__text\">Il convient de noter qu&#039;il est le seul chercheur \u00e0 avoir re\u00e7u les plus hautes distinctions de l&#039;Acad\u00e9mie am\u00e9ricaine de m\u00e9decine et de l&#039;Acad\u00e9mie am\u00e9ricaine d&#039;ing\u00e9nierie, dont il a \u00e9t\u00e9 \u00e9lu membre, ainsi que de l&#039;Acad\u00e9mie am\u00e9ricaine des arts et des sciences, de l&#039;Acad\u00e9mie des inventeurs, des acad\u00e9mies d&#039;ing\u00e9nierie de Chine et du Canada, de l&#039;Acad\u00e9mie nationale de France, de l&#039;Acad\u00e9mie royale nationale de pharmacie d&#039;Espagne, de l&#039;Acad\u00e9mie d&#039;Ath\u00e8nes, de l&#039;Acad\u00e9mie nationale d&#039;ing\u00e9nierie de l&#039;Inde, de l&#039;Acad\u00e9mie cor\u00e9enne des sciences et de la technologie, de la Royal Society of Chemistry d&#039;Angleterre, de l&#039;Acad\u00e9mie mexicaine des sciences et de l&#039;Acad\u00e9mie de m\u00e9decine, d&#039;ing\u00e9nierie et des sciences du Texas, entre autres.<\/p><\/div>\n\n\n\n<div class=\"wp-block-stackable-text stk-block-text stk-block stk-1ecf2b3\" data-block-id=\"1ecf2b3\"><style>.stk-1ecf2b3 {margin-bottom:10px !important;}<\/style><p class=\"stk-block-text__text\">La contribution du professeur Peppas aux domaines des biomat\u00e9riaux et de la nanom\u00e9decine a \u00e9t\u00e9 fondamentale, posant les bases de la conception rationnelle des syst\u00e8mes d&#039;administration de m\u00e9dicaments dans les ann\u00e9es 1970, abandonnant ainsi la formulation purement empirique pratiqu\u00e9e jusqu&#039;alors. En ce sens, le Dr Peppas a \u00e9t\u00e9 le premier \u00e0 \u00e9tablir les th\u00e9ories et les \u00e9quations qui r\u00e9gissent la lib\u00e9ration de m\u00e9dicaments, de peptides et de prot\u00e9ines \u00e0 partir de leurs formes posologiques, comme par exemple l&#039;\u00e9quation de Korsmeyer-Peppas qui d\u00e9crit de mani\u00e8re simple la lib\u00e9ration contr\u00f4l\u00e9e de m\u00e9dicaments, ou les th\u00e9ories de Peppas-Reinhardt, Brannon-Peppas et Sahlin-Peppas, qui constituent le cadre th\u00e9orique pour l&#039;analyse du transport de m\u00e9dicaments \u00e0 travers des biomat\u00e9riaux polym\u00e8res r\u00e9ticul\u00e9s, des hydrogels ioniques et des formes gonflables, respectivement.<\/p><\/div>\n\n\n\n<div class=\"wp-block-stackable-text stk-block-text stk-block stk-d704236\" data-block-id=\"d704236\"><style>.stk-d704236 {margin-bottom:10px !important;}<\/style><p class=\"stk-block-text__text\">Son groupe a pos\u00e9 les bases des ph\u00e9nom\u00e8nes de transport et d\u2019\u00e9coulement de nombreux probl\u00e8mes m\u00e9dicaux. De plus, le professeur Peppas s\u2019est distingu\u00e9 par son impact translationnel et appliqu\u00e9. D\u00e8s les ann\u00e9es 1970, il a d\u00e9velopp\u00e9 des syst\u00e8mes muco\/bio-adh\u00e9sifs capables d\u2019augmenter la biodisponibilit\u00e9 des prot\u00e9ines et des peptides dans le sang. Il fut le premier \u00e0 synth\u00e9tiser des hydrogels \u00e0 base d&#039;alcool polyvinylique, qui furent utilis\u00e9s avec succ\u00e8s pour le remplacement du cartilage articulaire et des cordes vocales. Il a \u00e9t\u00e9 le pionnier de l&#039;utilisation d&#039;hydrogels pour l&#039;administration de m\u00e9dicaments \u00e9pidermiques et, en collaboration avec les professeurs Conte et Colombo, a d\u00e9velopp\u00e9 la technologie Geomatrix\u00ae pour une lib\u00e9ration orale contr\u00f4l\u00e9e de m\u00e9dicaments sur 24 heures. \u00c0 la fin des ann\u00e9es 1970, il a commenc\u00e9 \u00e0 travailler avec des lentilles de contact et intraoculaires, \u00e9tant l&#039;un des premiers \u00e0 d\u00e9velopper des lentilles de contact dures et perm\u00e9ables \u00e0 l&#039;oxyg\u00e8ne.<\/p><\/div>\n\n\n\n<div class=\"wp-block-stackable-text stk-block-text stk-block stk-327ab68\" data-block-id=\"327ab68\"><style>.stk-327ab68 {margin-bottom:10px !important;}<\/style><p class=\"stk-block-text__text\">Depuis les ann\u00e9es 1980, il a commenc\u00e9 \u00e0 travailler avec des polym\u00e8res intelligents sensibles au pH ou \u00e0 la temp\u00e9rature pour la lib\u00e9ration de m\u00e9dicaments, \u00e9tant l&#039;un des premiers \u00e0 utiliser ces syst\u00e8mes pour la lib\u00e9ration contr\u00f4l\u00e9e d&#039;enzymes. Au cours des derni\u00e8res d\u00e9cennies, depuis les ann\u00e9es 1990, elle a favoris\u00e9 le d\u00e9veloppement de syst\u00e8mes sensibles aux stimuli physiologiques et pathologiques, tels que des plateformes sensibles \u00e0 la glyc\u00e9mie ou des syst\u00e8mes sensibles \u00e0 la temp\u00e9rature qui lib\u00e8rent des antipyr\u00e9tiques. Ses recherches sur les syst\u00e8mes d\u2019administration orale de peptides, tels que l\u2019insuline et la calcitonine, ou de prot\u00e9ines, telles que l\u2019interf\u00e9ron alpha et b\u00eata, ont facilit\u00e9 les avanc\u00e9es dans le traitement du diab\u00e8te, de l\u2019ost\u00e9oporose, du cancer et de la scl\u00e9rose en plaques, et ont \u00e9t\u00e9 une source d\u2019inspiration pour des personnalit\u00e9s importantes de la nanom\u00e9decine et de la pharmacie, telles que la professeure Mar\u00eda Jos\u00e9 Alonso, professeure de pharmacie et de technologie pharmaceutique \u00e0 l\u2019Universit\u00e9 de Saint-Jacques-de-Compostelle, que je tiens \u00e0 remercier sinc\u00e8rement pour sa pr\u00e9sence.<\/p><\/div>\n\n\n\n<div class=\"wp-block-stackable-text stk-block-text stk-block stk-a2cd050\" data-block-id=\"a2cd050\"><style>.stk-a2cd050 {margin-bottom:10px !important;}<\/style><p class=\"stk-block-text__text\">Outre sa formidable contribution \u00e0 l\u2019avancement de la science, il convient de souligner sa passion pour l\u2019aide, la formation et l\u2019encadrement des jeunes chercheurs tout au long de leur carri\u00e8re. Parmi sa famille scientifique, qui comprend plus de 1 500 chercheurs et dont les membres sont affectueusement appel\u00e9s \u00ab peppermers \u00bb, se trouvent des leaders \u00e9minents dans le domaine de la biom\u00e9decine qui contribueront sans aucun doute \u00e0 am\u00e9liorer la vie de nombreuses personnes. Il a enseign\u00e9 \u00e0 plus de 5 600 \u00e9tudiants, dont 125 ont r\u00e9alis\u00e9 leur th\u00e8se de doctorat avec lui, et collabore avec plus de 1 000 scientifiques du monde entier, pla\u00e7ant les universit\u00e9s europ\u00e9ennes dans une position privil\u00e9gi\u00e9e dans ses pr\u00e9f\u00e9rences de collaboration.<\/p><\/div>\n\n\n\n<div class=\"wp-block-stackable-text stk-block-text stk-block stk-bf17300\" data-block-id=\"bf17300\"><style>.stk-bf17300 {margin-bottom:10px !important;}<\/style><p class=\"stk-block-text__text\">Il convient de souligner qu&#039;il a \u00e9t\u00e9 professeur invit\u00e9 dans 14 universit\u00e9s de 11 pays, dont l&#039;Universit\u00e9 de Saint-Jacques-de-Compostelle et l&#039;Universit\u00e9 Complutense de Madrid, o\u00f9 il \u00e9tait en 2001 avec le professeur Juan Jos\u00e9 Torrado, que je remercie de sa pr\u00e9sence ici. Sa relation avec l\u2019Espagne a \u00e9t\u00e9 tr\u00e8s sp\u00e9ciale, ayant visit\u00e9 notre pays plus de 20 fois, l\u2019Universit\u00e9 de La Laguna \u00e9tant l\u2019une de ses visites les plus r\u00e9centes. C&#039;\u00e9tait en mai 2019. Il a donn\u00e9 quatre conf\u00e9rences \u00e0 la Facult\u00e9 de pharmacie dans le cadre du symposium industriel \u00ab Syst\u00e8mes avanc\u00e9s pour un avenir meilleur \u00bb. Il a visit\u00e9 les installations du Service g\u00e9n\u00e9ral d&#039;appui \u00e0 la recherche de l&#039;institution et a \u00e9t\u00e9 re\u00e7u par diverses autorit\u00e9s, dont le vice-recteur \u00e0 l&#039;internationalisation, le vice-recteur \u00e0 la recherche, le doyen de la facult\u00e9 de pharmacie et le directeur du SEGAI (Institut espagnol de recherche et d\u00e9veloppement).<\/p><\/div>\n\n\n\n<div class=\"wp-block-stackable-text stk-block-text stk-block stk-19415cf\" data-block-id=\"19415cf\"><style>.stk-19415cf {margin-bottom:10px !important;}<\/style><p class=\"stk-block-text__text\">Ainsi, apr\u00e8s avoir examin\u00e9 et pr\u00e9sent\u00e9 tous ces faits, autorit\u00e9s et membres du corps enseignant m\u00e9ritants, je demande avec toute la consid\u00e9ration qui leur est due et prie instamment que le plus haut grade de Docteur Honoris Causa soit d\u00e9cern\u00e9 et conf\u00e9r\u00e9 \u00e0 Son Excellence le Professeur Docteur Nicholas A. Peppas par la Facult\u00e9 de Pharmacie de l&#039;Universit\u00e9 de La Laguna, qui s&#039;ajoutera aux 14 doctorats honorifiques qu&#039;il d\u00e9tient d\u00e9j\u00e0 \u00e0 travers le monde en reconnaissance de l&#039;une des carri\u00e8res les plus importantes de l&#039;histoire en ing\u00e9nierie chimique et biom\u00e9dicale, en pharmacie et en m\u00e9decine. <\/p><\/div>\n\n\n\n<div class=\"wp-block-stackable-text stk-block-text stk-block stk-a396d85\" data-block-id=\"a396d85\"><p class=\"stk-block-text__text has-text-align-right\"><strong>Edgar P\u00e9rez Herrero<\/strong><\/p><\/div>\n<\/div><\/div><\/div>\n\n\n\n<div class=\"wp-block-stackable-column stk-block-column stk-column stk-block stk-25b306a\" data-v=\"4\" data-block-id=\"25b306a\"><style>@media screen and (min-width: 768px){.stk-25b306a {flex:var(--stk-flex-grow, 1) 1 calc(40% - var(--stk-column-gap, 0px) * 1 \/ 2 ) !important;}}<\/style><div class=\"stk-column-wrapper stk-block-column__content stk-container stk-25b306a-container stk--no-background stk--no-padding\"><div class=\"stk-block-content stk-inner-blocks stk-25b306a-inner-blocks\">\n<div class=\"wp-block-stackable-heading stk-block-heading stk-block-heading--v2 stk-block stk-85a5815 stk-block-background\" id=\"a-href-https-drive-google-com-file-d-1-fv-5-v-7-h-01-u-g-o-bo-u-pn-jdflofl-idi-ed-py-n-view-usp-sharing-span-style-color-ffffff-class-stk-highlight-version-leida-en-el-acto-span-a\" data-block-id=\"85a5815\"><style>.stk-85a5815 {background-color:#ffc100 !important;padding-top:5% !important;padding-bottom:2% !important;margin-bottom:50px !important;}.stk-85a5815:before{background-color:#ffc100 !important;}.stk-85a5815 .stk-block-heading__text{color:#ffffff !important;font-weight:700 !important;}<\/style><h2 class=\"stk-block-heading__text has-text-color has-text-align-center\"><a href=\"https:\/\/drive.google.com\/file\/d\/1Fv5v7H01u-gOBoUPnJdfloflIdiEdPyN\/view?usp=sharing\" target=\"_blank\" rel=\"noopener\"><span style=\"color: #ffffff;\" class=\"stk-highlight\">VERSION LUE SUR LA LOI<\/span><\/a><\/h2><\/div>\n\n\n\n<div class=\"wp-block-stackable-image stk-block-image stk-block stk-d1d7398\" data-block-id=\"d1d7398\"><style>.stk-d1d7398 .stk-img-wrapper{width:90% !important;}<\/style><figure><span class=\"stk-img-wrapper stk-image--shape-stretch\"><img loading=\"lazy\" decoding=\"async\" class=\"stk-img wp-image-17243\" src=\"https:\/\/www.ull.es\/la-universidad\/wp-content\/uploads\/sites\/2\/2025\/01\/Mockup-web-honoris-causa_Iconos.png\" width=\"276\" height=\"276\" srcset=\"https:\/\/www.ull.es\/la-universidad\/wp-content\/uploads\/sites\/2\/2025\/01\/Mockup-web-honoris-causa_Iconos.png 276w, https:\/\/www.ull.es\/la-universidad\/wp-content\/uploads\/sites\/2\/2025\/01\/Mockup-web-honoris-causa_Iconos-150x150.png 150w, https:\/\/www.ull.es\/la-universidad\/wp-content\/uploads\/sites\/2\/2025\/01\/Mockup-web-honoris-causa_Iconos-50x50.png 50w\" sizes=\"auto, (max-width: 276px) 100vw, 276px\" \/><\/span><\/figure><\/div>\n<\/div><\/div><\/div>\n<\/div><\/div>\n<\/div><\/div><\/div>\n<\/div><\/div>","protected":false},"excerpt":{"rendered":"<p>Honoris Causa \u00bb Nicholas A. Peppas \u00bb Laudatio Ce discours ne pouvait commencer autrement qu&#039;en remerciant sinc\u00e8rement notre ch\u00e8re institution, l&#039;Universit\u00e9 de La Laguna, d&#039;avoir d\u00e9cern\u00e9 au professeur Nicholas Peppas un doctorat honoris causa. Cette distinction bien m\u00e9rit\u00e9e a \u00e9t\u00e9 approuv\u00e9e par le Conseil d&#039;administration et le S\u00e9nat de notre universit\u00e9, sur proposition de\u2026<\/p>","protected":false},"author":67,"featured_media":0,"parent":17380,"menu_order":0,"comment_status":"closed","ping_status":"closed","template":"templates\/template-frontpage.php","meta":{"footnotes":""},"class_list":["post-17385","page","type-page","status-publish","hentry"],"_links":{"self":[{"href":"https:\/\/www.ull.es\/la-universidad\/fr\/wp-json\/wp\/v2\/pages\/17385","targetHints":{"allow":["GET"]}}],"collection":[{"href":"https:\/\/www.ull.es\/la-universidad\/fr\/wp-json\/wp\/v2\/pages"}],"about":[{"href":"https:\/\/www.ull.es\/la-universidad\/fr\/wp-json\/wp\/v2\/types\/page"}],"author":[{"embeddable":true,"href":"https:\/\/www.ull.es\/la-universidad\/fr\/wp-json\/wp\/v2\/users\/67"}],"replies":[{"embeddable":true,"href":"https:\/\/www.ull.es\/la-universidad\/fr\/wp-json\/wp\/v2\/comments?post=17385"}],"version-history":[{"count":8,"href":"https:\/\/www.ull.es\/la-universidad\/fr\/wp-json\/wp\/v2\/pages\/17385\/revisions"}],"predecessor-version":[{"id":17995,"href":"https:\/\/www.ull.es\/la-universidad\/fr\/wp-json\/wp\/v2\/pages\/17385\/revisions\/17995"}],"up":[{"embeddable":true,"href":"https:\/\/www.ull.es\/la-universidad\/fr\/wp-json\/wp\/v2\/pages\/17380"}],"wp:attachment":[{"href":"https:\/\/www.ull.es\/la-universidad\/fr\/wp-json\/wp\/v2\/media?parent=17385"}],"curies":[{"name":"wp","href":"https:\/\/api.w.org\/{rel}","templated":true}]}}