{"id":17393,"date":"2025-01-20T09:29:20","date_gmt":"2025-01-20T09:29:20","guid":{"rendered":"https:\/\/www.ull.es\/la-universidad\/?page_id=17393"},"modified":"2025-03-05T15:32:34","modified_gmt":"2025-03-05T15:32:34","slug":"laudatio-londa-schiebinger","status":"publish","type":"page","link":"https:\/\/www.ull.es\/la-universidad\/fr\/honoris-causa\/londa-schiebinger\/laudatio-londa-schiebinger\/","title":{"rendered":"Laudatio"},"content":{"rendered":"<div class=\"wp-block-stackable-columns alignfull stk-block-columns stk-block stk-bf13746 stk-block-background stk--has-background-overlay\" data-block-id=\"bf13746\"><style>.stk-bf13746 .stk--block-align-bf13746{align-items:center !important;}.stk-bf13746 {background-image:url(https:\/\/www.ull.es\/la-universidad\/wp-content\/uploads\/sites\/2\/2025\/01\/Londa-Schiebinger_EDITADA.jpg) !important;background-position:top center !important;background-repeat:no-repeat !important;background-size:cover !important;padding-bottom:15% !important;margin-top:-2% !important;margin-bottom:0% !important;}<\/style><div class=\"stk-row stk-inner-blocks stk--block-align-bf13746 stk-block-content stk-content-align stk-bf13746-column alignfull\">\n<div class=\"wp-block-stackable-column stk-block-column stk-column stk-block stk-52369c8\" data-v=\"4\" data-block-id=\"52369c8\"><div class=\"stk-column-wrapper stk-block-column__content stk-container stk-52369c8-container stk--no-background stk--no-padding\"><div class=\"stk-block-content stk-inner-blocks stk-52369c8-inner-blocks\">\n<div class=\"wp-block-stackable-columns alignfull stk-block-columns stk-block stk-09efffd\" data-block-id=\"09efffd\"><style>.stk-09efffd {padding-top:3% !important;padding-right:30% !important;}<\/style><div class=\"stk-row stk-inner-blocks stk-block-content stk-content-align stk-09efffd-column alignfull\">\n<div class=\"wp-block-stackable-column stk-block-column stk-column stk-block stk-079e619\" data-v=\"4\" data-block-id=\"079e619\"><div class=\"stk-column-wrapper stk-block-column__content stk-container stk-079e619-container stk--no-background stk--no-padding\"><div class=\"stk-block-content stk-inner-blocks stk-079e619-inner-blocks\">\n<div class=\"wp-block-stackable-image aligncenter stk-block-image has-text-align-left stk-block stk-bcd1559\" data-block-id=\"bcd1559\"><style>.stk-bcd1559 .stk-img-wrapper{width:40% !important;}<\/style><figure><span class=\"stk-img-wrapper stk-image--shape-stretch\"><img loading=\"lazy\" decoding=\"async\" class=\"stk-img wp-image-17362\" src=\"https:\/\/www.ull.es\/la-universidad\/wp-content\/uploads\/sites\/2\/2025\/01\/Mockup-web-honoris-causa-25.png\" width=\"581\" height=\"148\" srcset=\"https:\/\/www.ull.es\/la-universidad\/wp-content\/uploads\/sites\/2\/2025\/01\/Mockup-web-honoris-causa-25.png 581w, https:\/\/www.ull.es\/la-universidad\/wp-content\/uploads\/sites\/2\/2025\/01\/Mockup-web-honoris-causa-25-300x76.png 300w, https:\/\/www.ull.es\/la-universidad\/wp-content\/uploads\/sites\/2\/2025\/01\/Mockup-web-honoris-causa-25-375x96.png 375w\" sizes=\"auto, (max-width: 581px) 100vw, 581px\" \/><\/span><\/figure><\/div>\n<\/div><\/div><\/div>\n<\/div><\/div>\n<\/div><\/div><\/div>\n<\/div><\/div>\n\n\n\n<div class=\"wp-block-stackable-columns alignfull stk-block-columns stk-block stk-593da1e\" data-block-id=\"593da1e\"><style>.stk-593da1e {margin-top:-4% !important;}<\/style><div class=\"stk-row stk-inner-blocks stk-block-content stk-content-align stk-593da1e-column alignfull\">\n<div class=\"wp-block-stackable-column stk-block-column stk-column stk-block stk-614a277\" data-v=\"4\" data-block-id=\"614a277\"><div class=\"stk-column-wrapper stk-block-column__content stk-container stk-614a277-container stk--no-background stk--no-padding\"><div class=\"stk-block-content stk-inner-blocks stk-614a277-inner-blocks\">\n<div class=\"wp-block-stackable-columns alignwide stk-block-columns stk-block stk-2fea7a6\" data-block-id=\"2fea7a6\"><style>.stk-2fea7a6 {padding-right:5% !important;padding-left:5% !important;}.stk-2fea7a6-column{--stk-columns-spacing:12px !important;--stk-column-gap:50px !important;}<\/style><div class=\"stk-row stk-inner-blocks stk-block-content stk-content-align stk-2fea7a6-column alignwide\">\n<div class=\"wp-block-stackable-column stk-block-column stk-column stk-block stk-2f0dfa9\" data-v=\"4\" data-block-id=\"2f0dfa9\"><style>@media screen and (min-width: 768px){.stk-2f0dfa9 {flex:var(--stk-flex-grow, 1) 1 calc(60% - var(--stk-column-gap, 0px) * 1 \/ 2 ) !important;}}<\/style><div class=\"stk-column-wrapper stk-block-column__content stk-container stk-2f0dfa9-container stk--no-background stk--no-padding\"><div class=\"stk-block-content stk-inner-blocks stk-2f0dfa9-inner-blocks\">\n<div class=\"wp-block-stackable-text stk-block-text stk-block stk-53d2046\" data-block-id=\"53d2046\"><p class=\"stk-block-text__text\"><a href=\"https:\/\/www.ull.es\/la-universidad\/honoris-causa\/\" target=\"_blank\" rel=\"noreferrer noopener\">Honoris Causa<\/a>&nbsp;\u00bb&nbsp;<a href=\"https:\/\/www.ull.es\/la-universidad\/honoris-causa\/londa-schiebinger\/\" target=\"_blank\" rel=\"noreferrer noopener\">Londa Schiebinger<\/a>&nbsp;\u00bb Laudatio<\/p><\/div>\n\n\n\n<div class=\"wp-block-stackable-image stk-block-image has-text-align-left stk-block stk-bade6cd\" data-block-id=\"bade6cd\"><style>.stk-bade6cd .stk-img-wrapper{width:100% !important;}<\/style><figure><span class=\"stk-img-wrapper stk-image--shape-stretch\"><img loading=\"lazy\" decoding=\"async\" class=\"stk-img wp-image-17257\" src=\"https:\/\/www.ull.es\/la-universidad\/wp-content\/uploads\/sites\/2\/2025\/01\/Mockup-web-honoris-causa_Trayectoria.png\" width=\"692\" height=\"138\" srcset=\"https:\/\/www.ull.es\/la-universidad\/wp-content\/uploads\/sites\/2\/2025\/01\/Mockup-web-honoris-causa_Trayectoria.png 692w, https:\/\/www.ull.es\/la-universidad\/wp-content\/uploads\/sites\/2\/2025\/01\/Mockup-web-honoris-causa_Trayectoria-300x60.png 300w, https:\/\/www.ull.es\/la-universidad\/wp-content\/uploads\/sites\/2\/2025\/01\/Mockup-web-honoris-causa_Trayectoria-375x75.png 375w\" sizes=\"auto, (max-width: 692px) 100vw, 692px\" \/><\/span><\/figure><\/div>\n\n\n\n<div class=\"wp-block-stackable-text stk-block-text stk-block stk-8a32b18\" data-block-id=\"8a32b18\"><style>.stk-8a32b18 {margin-bottom:10px !important;}<\/style><p class=\"stk-block-text__text\">Londa Schiebinger est professeur d&#039;histoire des sciences \u00e0 l&#039;Universit\u00e9 de Stanford. Il a obtenu son doctorat. de l&#039;Universit\u00e9 de Harvard en 1984. Il est membre \u00e9lu de l&#039;Acad\u00e9mie am\u00e9ricaine des arts et des sciences. Il a d\u00e9j\u00e0 re\u00e7u plusieurs doctorats honorifiques (5 de l&#039;Universit\u00e9 libre de Bruxelles en 2013, de la Facult\u00e9 des Sciences de l&#039;Universit\u00e9 de Lund, en Su\u00e8de, en 2017, et de l&#039;Universit\u00e9 de Valence en 2018). <\/p><\/div>\n\n\n\n<div class=\"wp-block-stackable-text stk-block-text stk-block stk-e85552f\" data-block-id=\"e85552f\"><style>.stk-e85552f {margin-bottom:10px !important;}<\/style><p class=\"stk-block-text__text\">Elle est une autorit\u00e9 internationale en mati\u00e8re de genre et de science. Elle a \u00e9t\u00e9 la premi\u00e8re femme \u00e0 remporter le prix Alexander Humboldt pour la recherche, parmi d\u2019autres prix prestigieux. Elle est chercheuse de premier plan en sciences, technologie et \u00e9tudes de genre et dirige le programme Innovations genr\u00e9es dans les sciences, la sant\u00e9 et la m\u00e9decine, l&#039;ing\u00e9nierie et l&#039;environnement, financ\u00e9 par l&#039;Union europ\u00e9enne et les \u00c9tats-Unis. <\/p><\/div>\n\n\n\n<div class=\"wp-block-stackable-text stk-block-text stk-block stk-1c7347c\" data-block-id=\"1c7347c\"><style>.stk-1c7347c {margin-bottom:10px !important;}<\/style><p class=\"stk-block-text__text\">Ses recherches ont port\u00e9 sur l\u2019histoire de la participation des femmes \u00e0 la science, le genre dans la structure de la recherche scientifique et le genre de la connaissance humaine, faisant d\u2019elle une autorit\u00e9 internationale reconnue sur le genre et la science. <\/p><\/div>\n\n\n\n<div class=\"wp-block-stackable-text stk-block-text stk-block stk-4068788\" data-block-id=\"4068788\"><style>.stk-4068788 {margin-bottom:10px !important;}<\/style><p class=\"stk-block-text__text\">Fort d\u2019une solide formation universitaire et d\u2019une carri\u00e8re prolifique, le Dr Schiebinger a contribu\u00e9 de mani\u00e8re significative \u00e0 la compr\u00e9hension et \u00e0 l\u2019am\u00e9lioration de l\u2019inclusion des genres dans les sciences et la technologie.<\/p><\/div>\n\n\n\n<div class=\"wp-block-stackable-text stk-block-text stk-block stk-971dbcd\" data-block-id=\"971dbcd\"><style>.stk-971dbcd {margin-bottom:10px !important;}<\/style><p class=\"stk-block-text__text\">En tant qu&#039;ing\u00e9nieur informatique et chercheur, je soulignerai la contribution du Dr Schiebinger avec son projet \u00ab Gendered Innovations \u00bb, un terme \u00e9galement invent\u00e9 par elle en 2005, pour d\u00e9velopper des m\u00e9thodes pratiques d&#039;analyse du sexe, du genre et de l&#039;intersectionnalit\u00e9 dans les sciences et l&#039;ing\u00e9nierie et fournir des \u00e9tudes de cas qui illustrent comment l&#039;analyse du sexe, du genre et de l&#039;intersectionnalit\u00e9 conduit \u00e0 l&#039;innovation. Ce projet a d\u00e9but\u00e9 \u00e0 l\u2019Universit\u00e9 de Stanford en juillet 2009 et a \u00e9t\u00e9 \u00e9largi gr\u00e2ce au financement de la Commission europ\u00e9enne et de la National Science Foundation (NSF) des \u00c9tats-Unis.<\/p><\/div>\n\n\n\n<div class=\"wp-block-stackable-text stk-block-text stk-block stk-b4a0390\" data-block-id=\"b4a0390\"><style>.stk-b4a0390 {margin-bottom:10px !important;}<\/style><p class=\"stk-block-text__text\">Depuis 2011, plus de 225 experts d\u2019Europe, des \u00c9tats-Unis, du Canada et d\u2019Asie ont collabor\u00e9 dans le cadre d\u2019ateliers interdisciplinaires pour d\u00e9velopper des \u00e9tudes de cas \u00e9valu\u00e9es par des pairs et des m\u00e9thodes applicables \u00e0 toutes les disciplines, en collaborant et en influen\u00e7ant des institutions telles que le Parlement europ\u00e9en, l\u2019ONU et le Sommet Asie-Pacifique sur le genre. Elle a d\u00e9montr\u00e9 comment l\u2019analyse du sexe, du genre et de l\u2019intersectionnalit\u00e9 peut favoriser l\u2019innovation et que la prise en compte de ces perspectives peut ajouter des dimensions pr\u00e9cieuses \u00e0 la recherche et ouvrir de nouvelles directions dans le domaine scientifique. Pour un r\u00e9sum\u00e9 de cette approche, voir \u00ab Sex and Gender Analysis Improves Science and Engineering \u00bb, publi\u00e9 dans Nature (2019).<\/p><\/div>\n\n\n\n<div class=\"wp-block-stackable-text stk-block-text stk-block stk-0de3193\" data-block-id=\"0de3193\"><style>.stk-0de3193 {margin-bottom:10px !important;}<\/style><p class=\"stk-block-text__text\">Le portail Gendered Innovations nous montre diff\u00e9rents exemples de la mani\u00e8re dont une recherche incorrecte co\u00fbte des vies et de l\u2019argent. Par exemple, entre 1997 et 2000, 10 m\u00e9dicaments ont \u00e9t\u00e9 retir\u00e9s du march\u00e9 aux \u00c9tats-Unis en raison d\u2019effets n\u00e9fastes sur la sant\u00e9. Huit de ces m\u00e9dicaments pr\u00e9sentaient des risques plus importants pour les femmes que pour les hommes. Outre les co\u00fbts de plusieurs millions de dollars associ\u00e9s au d\u00e9veloppement de m\u00e9dicaments, les \u00e9checs ont caus\u00e9 des souffrances et des d\u00e9c\u00e8s humains. En ing\u00e9nierie, par exemple, ignorer les personnes de petite taille (de nombreuses femmes et hommes) en tant que conducteurs \u00ab hors position \u00bb augmente le risque de blessure dans les accidents de voiture. En vision par ordinateur, les syst\u00e8mes de reconnaissance faciale form\u00e9s sur des ensembles de donn\u00e9es biais\u00e9s peuvent ne pas reconna\u00eetre les femmes, les personnes \u00e0 la peau plus fonc\u00e9e ou les personnes transgenres, en particulier pendant les p\u00e9riodes de transition.<\/p><\/div>\n\n\n\n<div class=\"wp-block-stackable-text stk-block-text stk-block stk-1ecf2b3\" data-block-id=\"1ecf2b3\"><style>.stk-1ecf2b3 {margin-bottom:10px !important;}<\/style><p class=\"stk-block-text__text\">Dans la recherche fondamentale, l\u2019absence d\u2019\u00e9chantillons ad\u00e9quats de cellules, de tissus et d\u2019animaux m\u00e2les et femelles conduit \u00e0 des r\u00e9sultats erron\u00e9s. En m\u00e9decine, le fait de ne pas reconna\u00eetre l\u2019ost\u00e9oporose comme une maladie masculine retarde le diagnostic et le traitement chez les hommes. En mati\u00e8re d\u2019urbanisme, l\u2019absence de collecte de donn\u00e9es sur le travail de soins conduit \u00e0 des syst\u00e8mes de transport inefficaces. Ces erreurs de recherche peuvent \u00eatre \u00e9vit\u00e9es gr\u00e2ce \u00e0 leur approche, et mener des recherches correctement peut sauver des vies et r\u00e9duire les co\u00fbts. Les innovations sensibles au genre offrent des m\u00e9thodes d\u2019analyse du sexe, du genre et de l\u2019intersectionnalit\u00e9, et l\u2019int\u00e9gration de ces m\u00e9thodes dans la recherche fondamentale et appliqu\u00e9e am\u00e9liore l\u2019excellence en science, en m\u00e9decine et en ing\u00e9nierie, ainsi que dans les politiques et les pratiques.<\/p><\/div>\n\n\n\n<div class=\"wp-block-stackable-text stk-block-text stk-block stk-d704236\" data-block-id=\"d704236\"><style>.stk-d704236 {margin-bottom:10px !important;}<\/style><p class=\"stk-block-text__text\">De m\u00eame, \u00e0 l\u2019\u00e8re de l\u2019IA, le Dr Schiebinger \u00e9tudie comment les technologies d\u2019apprentissage automatique (ML), telles que la notation des risques, les syst\u00e8mes de recommandation, la reconnaissance vocale et la reconnaissance faciale, fonctionnent dans des soci\u00e9t\u00e9s marqu\u00e9es par une discrimination structurelle fond\u00e9e sur le sexe, la race et d\u2019autres formes de discrimination. Les syst\u00e8mes ML peuvent renforcer ces structures de diverses mani\u00e8res, depuis les biais humains int\u00e9gr\u00e9s dans les donn\u00e9es de formation jusqu\u2019aux d\u00e9cisions conscientes ou inconscientes dans la conception des algorithmes.<\/p><\/div>\n\n\n\n<div class=\"wp-block-stackable-text stk-block-text stk-block stk-327ab68\" data-block-id=\"327ab68\"><style>.stk-327ab68 {margin-bottom:10px !important;}<\/style><p class=\"stk-block-text__text\">Comprendre comment le genre, le sexe, l\u2019origine ethnique et d\u2019autres facteurs sociaux fonctionnent dans les algorithmes dans des contextes sp\u00e9cifiques peut aider les chercheurs \u00e0 prendre des d\u00e9cisions \u00e9clair\u00e9es et conscientes sur l\u2019impact de leur travail sur la soci\u00e9t\u00e9. Le Dr Schiebinger recommande de pr\u00eater attention \u00e0 l\u2019intersectionnalit\u00e9 lors de l\u2019\u00e9valuation des mod\u00e8les ML potentiellement discriminatoires, car certaines mesures d\u2019\u00e9quit\u00e9 peuvent passer \u00e0 c\u00f4t\u00e9 de formes intersectionnelles de discrimination (par exemple, \u00ab femmes noires \u00bb, \u00ab hommes asiatiques \u00e2g\u00e9s \u00bb). Cette analyse est essentielle pour cr\u00e9er des syst\u00e8mes ML plus \u00e9quitables qui att\u00e9nuent les biais sociaux plut\u00f4t que de les renforcer.<\/p><\/div>\n\n\n\n<div class=\"wp-block-stackable-text stk-block-text stk-block stk-a2cd050\" data-block-id=\"a2cd050\"><style>.stk-a2cd050 {margin-bottom:10px !important;}<\/style><p class=\"stk-block-text__text\">Nous voyons comment les gouvernements et les universit\u00e9s ont adopt\u00e9 trois approches strat\u00e9giques en mati\u00e8re d\u2019\u00e9galit\u00e9 des sexes : premi\u00e8rement, corriger les chiffres, c\u2019est-\u00e0-dire accro\u00eetre la participation des femmes et des groupes sous-repr\u00e9sent\u00e9s ; corriger les institutions, ce qui signifie promouvoir l\u2019\u00e9galit\u00e9 inclusive dans les carri\u00e8res par des changements structurels dans les organismes de recherche ; et enfin, mais non des moindres, corriger les connaissances, ce qui signifie int\u00e9grer l\u2019analyse du sexe, du genre et de l\u2019intersectionnalit\u00e9 dans la recherche pour promouvoir l\u2019excellence en science et en technologie. Elle se concentre principalement sur la correction des connaissances, l\u2019ajout de valeur \u00e0 la soci\u00e9t\u00e9 en rendant la recherche plus adapt\u00e9e aux besoins sociaux et la cr\u00e9ation d\u2019une science et d\u2019une technologie responsables.<\/p><\/div>\n\n\n\n<div class=\"wp-block-stackable-text stk-block-text stk-block stk-bf17300\" data-block-id=\"bf17300\"><style>.stk-bf17300 {margin-bottom:10px !important;}<\/style><p class=\"stk-block-text__text\">Sa contribution \u00e0 l\u2019analyse des biais sexistes dans les publications scientifiques est \u00e9galement remarquable. \u00c0 titre d\u2019exemple, on peut citer la r\u00e9alisation d\u2019une m\u00e9ta-analyse de plus d\u2019un million et demi d\u2019articles dans le but d\u2019\u00e9tudier la paternit\u00e9 et la premi\u00e8re paternit\u00e9 de ces articles. Ces travaux ont conduit les \u00e9diteurs scientifiques \u00e0 proposer des politiques de genre pour leurs revues. Ces propositions ont \u00e9t\u00e9 concr\u00e9tis\u00e9es dans la publication en 2016 de l\u2019article \u00ab Editorial Policies for Sex and Gender Analysis \u00bb de The Lancet. <\/p><\/div>\n\n\n\n<div class=\"wp-block-stackable-text stk-block-text stk-block stk-19415cf\" data-block-id=\"19415cf\"><style>.stk-19415cf {margin-bottom:10px !important;}<\/style><p class=\"stk-block-text__text\">La Dre Londa Schiebinger a consacr\u00e9 sa vie \u00e0 d\u00e9montrer qu\u2019une science bien faite est inclusive, innovante et profond\u00e9ment humaine. Ses contributions ont non seulement enrichi les connaissances acad\u00e9miques, mais ont \u00e9galement transform\u00e9 la pratique scientifique en pla\u00e7ant la justice sociale au c\u0153ur du progr\u00e8s technologique et scientifique. Sa vision et son leadership nous poussent \u00e0 repenser nos propres pratiques et \u00e0 nous engager en faveur d\u2019une science responsable.<\/p><\/div>\n\n\n\n<div class=\"wp-block-stackable-text stk-block-text stk-block stk-28eb6a7\" data-block-id=\"28eb6a7\"><style>.stk-28eb6a7 {margin-bottom:10px !important;}<\/style><p class=\"stk-block-text__text\">Proposer sa nomination comme Docteur Honoris Causa est non seulement une reconnaissance de ses m\u00e9rites exceptionnels, mais aussi un acte d\u2019affirmation des valeurs qu\u2019elle repr\u00e9sente. Le Dr Schiebinger nous invite \u00e0 imaginer un avenir dans lequel la science et la technologie non seulement r\u00e9pondent aux questions du pr\u00e9sent, mais refl\u00e8tent \u00e9galement les espoirs d\u2019un monde plus juste. C\u2019est avec admiration que je pr\u00e9sente cette proposition du DHC en hommage \u00e0 un chercheur dont la vie et l\u2019\u0153uvre sont un phare d\u2019inspiration pour tous.<\/p><\/div>\n\n\n\n<div class=\"wp-block-stackable-text stk-block-text stk-block stk-a396d85\" data-block-id=\"a396d85\"><p class=\"stk-block-text__text has-text-align-right\"><strong>Carina Soledad Gonz\u00e1lez Gonz\u00e1lez<\/strong><\/p><\/div>\n<\/div><\/div><\/div>\n\n\n\n<div class=\"wp-block-stackable-column stk-block-column stk-column stk-block stk-25b306a\" data-v=\"4\" data-block-id=\"25b306a\"><style>.stk-25b306a {padding-top:15% !important;}@media screen and (min-width: 768px){.stk-25b306a {flex:var(--stk-flex-grow, 1) 1 calc(40% - var(--stk-column-gap, 0px) * 1 \/ 2 ) !important;}}<\/style><div class=\"stk-column-wrapper stk-block-column__content stk-container stk-25b306a-container stk--no-background stk--no-padding\"><div class=\"stk-block-content stk-inner-blocks stk-25b306a-inner-blocks\">\n<div class=\"wp-block-stackable-heading stk-block-heading stk-block-heading--v2 stk-block stk-85a5815 stk-block-background\" id=\"a-href-https-drive-google-com-file-d-1-c-c-0-5-bumz-6-bh-2-wu-sj-sr-b-yh-we-9-l-vi-b-1-view-usp-sharing-span-style-color-ffffff-class-stk-highlight-version-leida-en-el-acto-span-a\" data-block-id=\"85a5815\"><style>.stk-85a5815 {background-color:#ffc100 !important;padding-top:5% !important;padding-bottom:2% !important;margin-bottom:50px !important;}.stk-85a5815:before{background-color:#ffc100 !important;}.stk-85a5815 .stk-block-heading__text{color:#ffffff !important;font-weight:700 !important;}<\/style><h2 class=\"stk-block-heading__text has-text-color has-text-align-center\"><a href=\"https:\/\/drive.google.com\/file\/d\/1cC0-5bumz6Bh_2wu_SjSrBYhWE9lViB1\/view?usp=sharing\" target=\"_blank\" rel=\"noopener\"><span style=\"color: #ffffff;\" class=\"stk-highlight\">VERSION LUE SUR LA LOI<\/span><\/a><\/h2><\/div>\n\n\n\n<div class=\"wp-block-stackable-image stk-block-image stk-block stk-d1d7398\" data-block-id=\"d1d7398\"><style>.stk-d1d7398 .stk-img-wrapper{width:60% !important;}<\/style><figure><span class=\"stk-img-wrapper stk-image--shape-stretch\"><img loading=\"lazy\" decoding=\"async\" class=\"stk-img wp-image-17243\" src=\"https:\/\/www.ull.es\/la-universidad\/wp-content\/uploads\/sites\/2\/2025\/01\/Mockup-web-honoris-causa_Iconos.png\" width=\"276\" height=\"276\" srcset=\"https:\/\/www.ull.es\/la-universidad\/wp-content\/uploads\/sites\/2\/2025\/01\/Mockup-web-honoris-causa_Iconos.png 276w, https:\/\/www.ull.es\/la-universidad\/wp-content\/uploads\/sites\/2\/2025\/01\/Mockup-web-honoris-causa_Iconos-150x150.png 150w, https:\/\/www.ull.es\/la-universidad\/wp-content\/uploads\/sites\/2\/2025\/01\/Mockup-web-honoris-causa_Iconos-50x50.png 50w\" sizes=\"auto, (max-width: 276px) 100vw, 276px\" \/><\/span><\/figure><\/div>\n<\/div><\/div><\/div>\n<\/div><\/div>\n<\/div><\/div><\/div>\n<\/div><\/div>","protected":false},"excerpt":{"rendered":"<p>Honoris Causa \u00bb Londa Schiebinger \u00bb Laudatio Londa Schiebinger est professeure d&#039;histoire des sciences \u00e0 l&#039;universit\u00e9 Stanford. Elle a obtenu son doctorat \u00e0 l&#039;universit\u00e9 Harvard en 1984. Elle est membre \u00e9lue de l&#039;Acad\u00e9mie am\u00e9ricaine des arts et des sciences. Elle a re\u00e7u plusieurs doctorats honorifiques (cinq de l&#039;Universit\u00e9 libre de Bruxelles, en\u2026<\/p>","protected":false},"author":67,"featured_media":0,"parent":17388,"menu_order":0,"comment_status":"closed","ping_status":"closed","template":"templates\/template-frontpage.php","meta":{"footnotes":""},"class_list":["post-17393","page","type-page","status-publish","hentry"],"_links":{"self":[{"href":"https:\/\/www.ull.es\/la-universidad\/fr\/wp-json\/wp\/v2\/pages\/17393","targetHints":{"allow":["GET"]}}],"collection":[{"href":"https:\/\/www.ull.es\/la-universidad\/fr\/wp-json\/wp\/v2\/pages"}],"about":[{"href":"https:\/\/www.ull.es\/la-universidad\/fr\/wp-json\/wp\/v2\/types\/page"}],"author":[{"embeddable":true,"href":"https:\/\/www.ull.es\/la-universidad\/fr\/wp-json\/wp\/v2\/users\/67"}],"replies":[{"embeddable":true,"href":"https:\/\/www.ull.es\/la-universidad\/fr\/wp-json\/wp\/v2\/comments?post=17393"}],"version-history":[{"count":22,"href":"https:\/\/www.ull.es\/la-universidad\/fr\/wp-json\/wp\/v2\/pages\/17393\/revisions"}],"predecessor-version":[{"id":18066,"href":"https:\/\/www.ull.es\/la-universidad\/fr\/wp-json\/wp\/v2\/pages\/17393\/revisions\/18066"}],"up":[{"embeddable":true,"href":"https:\/\/www.ull.es\/la-universidad\/fr\/wp-json\/wp\/v2\/pages\/17388"}],"wp:attachment":[{"href":"https:\/\/www.ull.es\/la-universidad\/fr\/wp-json\/wp\/v2\/media?parent=17393"}],"curies":[{"name":"wp","href":"https:\/\/api.w.org\/{rel}","templated":true}]}}