{"id":18267,"date":"2025-04-24T09:58:16","date_gmt":"2025-04-24T09:58:16","guid":{"rendered":"https:\/\/www.ull.es\/la-universidad\/?page_id=18267"},"modified":"2025-05-06T17:54:38","modified_gmt":"2025-05-06T17:54:38","slug":"honoris-causa-2025","status":"publish","type":"page","link":"https:\/\/www.ull.es\/la-universidad\/fr\/honoris-causa-2025\/","title":{"rendered":"Honoris causa 2025"},"content":{"rendered":"<div class=\"wp-block-stackable-columns alignfull stk-block-columns stk-block stk-cba7dec stk-block-background stk--has-background-overlay\" data-block-id=\"cba7dec\"><style>.stk-cba7dec {background-image:url(https:\/\/www.ull.es\/la-universidad\/wp-content\/uploads\/sites\/2\/2025\/04\/Web-honoris-causa_Fondo-Slider-2025.jpg) !important;padding-bottom:0% !important;margin-top:-2% !important;}<\/style><div class=\"stk-row stk-inner-blocks stk-block-content stk-content-align stk-cba7dec-column alignfull\">\n<div class=\"wp-block-stackable-column stk-block-column stk-column stk-block stk-5aa66da\" data-v=\"4\" data-block-id=\"5aa66da\"><div class=\"stk-column-wrapper stk-block-column__content stk-container stk-5aa66da-container stk--no-background stk--no-padding\"><div class=\"stk-block-content stk-inner-blocks stk-5aa66da-inner-blocks\">\n<div class=\"wp-block-stackable-columns alignwide stk-block-columns stk-block stk-a09ab0b\" data-block-id=\"a09ab0b\"><style>.stk-a09ab0b {align-items:center !important;padding-top:0% !important;padding-bottom:0% !important;padding-left:5% !important;display:flex !important;}.stk-a09ab0b-column{--stk-column-gap:25px !important;}<\/style><div class=\"stk-row stk-inner-blocks stk-block-content stk-content-align stk-a09ab0b-column alignwide\">\n<div class=\"wp-block-stackable-column stk-block-column stk-column stk-block stk-312c115\" data-v=\"4\" data-block-id=\"312c115\"><div class=\"stk-column-wrapper stk-block-column__content stk-container stk-312c115-container stk--no-background stk--no-padding\"><div class=\"stk-block-content stk-inner-blocks stk-312c115-inner-blocks\">\n<div class=\"wp-block-stackable-image stk-block-image stk-block stk-135509f\" data-block-id=\"135509f\"><style>.stk-135509f .stk-img-wrapper{width:100% !important;}<\/style><figure><span class=\"stk-img-wrapper stk-image--shape-stretch\"><img loading=\"lazy\" decoding=\"async\" class=\"stk-img wp-image-18270\" src=\"https:\/\/www.ull.es\/la-universidad\/wp-content\/uploads\/sites\/2\/2025\/04\/Web-honoris-causa_Titulo-2025.png\" width=\"1267\" height=\"345\" srcset=\"https:\/\/www.ull.es\/la-universidad\/wp-content\/uploads\/sites\/2\/2025\/04\/Web-honoris-causa_Titulo-2025.png 1267w, https:\/\/www.ull.es\/la-universidad\/wp-content\/uploads\/sites\/2\/2025\/04\/Web-honoris-causa_Titulo-2025-300x82.png 300w, https:\/\/www.ull.es\/la-universidad\/wp-content\/uploads\/sites\/2\/2025\/04\/Web-honoris-causa_Titulo-2025-1024x279.png 1024w, https:\/\/www.ull.es\/la-universidad\/wp-content\/uploads\/sites\/2\/2025\/04\/Web-honoris-causa_Titulo-2025-768x209.png 768w, https:\/\/www.ull.es\/la-universidad\/wp-content\/uploads\/sites\/2\/2025\/04\/Web-honoris-causa_Titulo-2025-18x5.png 18w, https:\/\/www.ull.es\/la-universidad\/wp-content\/uploads\/sites\/2\/2025\/04\/Web-honoris-causa_Titulo-2025-375x102.png 375w, https:\/\/www.ull.es\/la-universidad\/wp-content\/uploads\/sites\/2\/2025\/04\/Web-honoris-causa_Titulo-2025-750x204.png 750w, https:\/\/www.ull.es\/la-universidad\/wp-content\/uploads\/sites\/2\/2025\/04\/Web-honoris-causa_Titulo-2025-1140x310.png 1140w\" sizes=\"auto, (max-width: 1267px) 100vw, 1267px\" \/><\/span><\/figure><\/div>\n<\/div><\/div><\/div>\n\n\n\n<div class=\"wp-block-stackable-column stk-block-column stk-column stk-block stk-c1d42b4\" data-v=\"4\" data-block-id=\"c1d42b4\"><div class=\"stk-column-wrapper stk-block-column__content stk-container stk-c1d42b4-container stk--no-background stk--no-padding\"><div class=\"stk-block-content stk-inner-blocks stk-c1d42b4-inner-blocks\">\n<div class=\"wp-block-stackable-image stk-block-image has-text-align-left stk-block stk-527bf4c\" data-block-id=\"527bf4c\"><style>.stk-527bf4c {padding-top:15% !important;}.stk-527bf4c .stk-img-wrapper{width:25% !important;}<\/style><figure><span class=\"stk-img-wrapper stk-image--shape-stretch\"><img loading=\"lazy\" decoding=\"async\" class=\"stk-img wp-image-17242\" src=\"https:\/\/www.ull.es\/la-universidad\/wp-content\/uploads\/sites\/2\/2025\/01\/Mockup-web-honoris-causa_Iconos-2.png\" width=\"236\" height=\"353\" srcset=\"https:\/\/www.ull.es\/la-universidad\/wp-content\/uploads\/sites\/2\/2025\/01\/Mockup-web-honoris-causa_Iconos-2.png 236w, https:\/\/www.ull.es\/la-universidad\/wp-content\/uploads\/sites\/2\/2025\/01\/Mockup-web-honoris-causa_Iconos-2-201x300.png 201w\" sizes=\"auto, (max-width: 236px) 100vw, 236px\" \/><\/span><\/figure><\/div>\n<\/div><\/div><\/div>\n<\/div><\/div>\n<\/div><\/div><\/div>\n<\/div><\/div>\n\n\n\n<div class=\"wp-block-stackable-columns alignfull stk-block-columns stk-block stk-1d638f8\" data-block-id=\"1d638f8\"><div class=\"stk-row stk-inner-blocks stk-block-content stk-content-align stk-1d638f8-column alignfull\">\n<div class=\"wp-block-stackable-column stk-block-column stk-column stk-block stk-bde7195\" data-v=\"4\" data-block-id=\"bde7195\"><div class=\"stk-column-wrapper stk-block-column__content stk-container stk-bde7195-container stk--no-background stk--no-padding\"><div class=\"stk-block-content stk-inner-blocks stk-bde7195-inner-blocks\">\n<div class=\"wp-block-stackable-columns alignfull stk-block-columns stk-block stk-ce6bd83\" data-block-id=\"ce6bd83\"><style>.stk-ce6bd83-column{--stk-column-gap:50px !important;}<\/style><div class=\"stk-row stk-inner-blocks stk-block-content stk-content-align stk-ce6bd83-column alignfull\">\n<div class=\"wp-block-stackable-column stk-block-column stk-column stk-block stk-0cfe84e\" data-v=\"4\" data-block-id=\"0cfe84e\"><style>.stk-0cfe84e {padding-right:0% !important;padding-left:15% !important;}@media screen and (min-width: 768px){.stk-0cfe84e {flex:var(--stk-flex-grow, 1) 1 calc(66.3% - var(--stk-column-gap, 0px) * 1 \/ 2 ) !important;}}<\/style><div class=\"stk-column-wrapper stk-block-column__content stk-container stk-0cfe84e-container stk--no-background stk--no-padding\"><div class=\"stk-block-content stk-inner-blocks stk-0cfe84e-inner-blocks\">\n<div class=\"wp-block-stackable-text stk-block-text stk-block stk-e108203\" data-block-id=\"e108203\"><style>.stk-e108203 {margin-bottom:12px !important;}.stk-e108203 .stk-block-text__text{font-size:16px !important;font-weight:500 !important;font-family:\"Montserrat\", Sans-serif !important;}@media screen and (max-width: 1023px){.stk-e108203 .stk-block-text__text{font-size:16px !important;}}<\/style><p class=\"stk-block-text__text\">La biologiste Ana Mar\u00eda Crespo et l&#039;astrophysicien John Mather recevront la plus haute distinction acad\u00e9mique de l&#039;Universit\u00e9 de La Laguna en reconnaissance de leurs prestigieuses carri\u00e8res scientifiques, au cours desquelles ils ont apport\u00e9 des contributions significatives \u00e0 leurs domaines respectifs.<\/p><\/div>\n\n\n\n<p>Dans ce&nbsp;<a href=\"https:\/\/drive.google.com\/file\/d\/17WwsJLDxf6VJdna2Nr5phPoMKVTbgL4N\/view?usp=sharing\" target=\"_blank\" rel=\"noreferrer noopener\">lien<\/a>&nbsp;Vous pouvez consulter le programme de cet \u00e9v\u00e9nement, qui sera enregistr\u00e9 et diffus\u00e9 ult\u00e9rieurement.<\/p>\n\n\n\n<p><a href=\"https:\/\/drive.google.com\/file\/d\/1SR0Ge8mv6RfiWAlJIxfyVOH1ATlLNuSi\/view?usp=sharing\" target=\"_blank\" rel=\"noreferrer noopener\">Discours de Francisco J. Garc\u00eda Rodr\u00edguez<\/a>, Recteur de l&#039;Universit\u00e9 de La Laguna.<\/p>\n<\/div><\/div><\/div>\n\n\n\n<div class=\"wp-block-stackable-column stk-block-column stk-column stk-block stk-3775463\" data-v=\"4\" data-block-id=\"3775463\"><style>@media screen and (min-width: 768px){.stk-3775463 {flex:var(--stk-flex-grow, 1) 1 calc(33.7% - var(--stk-column-gap, 0px) * 1 \/ 2 ) !important;}}<\/style><div class=\"stk-column-wrapper stk-block-column__content stk-container stk-3775463-container stk--no-background stk--no-padding\"><div class=\"stk-block-content stk-inner-blocks stk-3775463-inner-blocks\">\n<div class=\"wp-block-stackable-icon-list stk-block-icon-list stk-block stk-db7d911\" data-block-id=\"db7d911\"><style>.stk-db7d911 {--stk-icon-list-marker-color:#5c068c !important;margin-bottom:6px !important;}<\/style><svg style=\"display:none\"><defs><g id=\"stk-icon-list__icon-svg-def-db7d911\"><svg xmlns=\"http:\/\/www.w3.org\/2000\/svg\" viewbox=\"0 0 190 190\"><polygon points=\"173.8,28.4 60.4,141.8 15.7,97.2 5.1,107.8 60.4,163 184.4,39 173.8,28.4\"\/><\/svg><\/g><\/defs><\/svg><ul class=\"stk-block-icon-list__ul stk-block-icon-list--column\">\n<li class=\"wp-block-stackable-icon-list-item stk-block-icon-list-item stk-block stk-a9a9edf\" data-block-id=\"a9a9edf\"><style>.stk-a9a9edf .stk-block-icon-list-item__text{font-size:16px !important;font-weight:500 !important;font-family:\"Montserrat\", Sans-serif !important;}@media screen and (max-width: 1023px){.stk-a9a9edf .stk-block-icon-list-item__text{font-size:16px !important;}}<\/style><div class=\"stk-block-icon-list-item__content\"><span class=\"stk--svg-wrapper\"><div class=\"stk--inner-svg\"><svg xmlns=\"http:\/\/www.w3.org\/2000\/svg\" viewbox=\"0 0 448 512\" aria-hidden=\"true\" width=\"32\" height=\"32\"><path d=\"M128 0c17.7 0 32 14.3 32 32V64H288V32c0-17.7 14.3-32 32-32s32 14.3 32 32V64h48c26.5 0 48 21.5 48 48v48H0V112C0 85.5 21.5 64 48 64H96V32c0-17.7 14.3-32 32-32zM0 192H448V464c0 26.5-21.5 48-48 48H48c-26.5 0-48-21.5-48-48V192zm64 80v32c0 8.8 7.2 16 16 16h32c8.8 0 16-7.2 16-16V272c0-8.8-7.2-16-16-16H80c-8.8 0-16 7.2-16 16zm128 0v32c0 8.8 7.2 16 16 16h32c8.8 0 16-7.2 16-16V272c0-8.8-7.2-16-16-16H208c-8.8 0-16 7.2-16 16zm144-16c-8.8 0-16 7.2-16 16v32c0 8.8 7.2 16 16 16h32c8.8 0 16-7.2 16-16V272c0-8.8-7.2-16-16-16H336zM64 400v32c0 8.8 7.2 16 16 16h32c8.8 0 16-7.2 16-16V400c0-8.8-7.2-16-16-16H80c-8.8 0-16 7.2-16 16zm144-16c-8.8 0-16 7.2-16 16v32c0 8.8 7.2 16 16 16h32c8.8 0 16-7.2 16-16V400c0-8.8-7.2-16-16-16H208zm112 16v32c0 8.8 7.2 16 16 16h32c8.8 0 16-7.2 16-16V400c0-8.8-7.2-16-16-16H336c-8.8 0-16 7.2-16 16z\"><\/path><\/svg><\/div><\/span><span class=\"stk-block-icon-list-item__text\">6 mai 2025<\/span><\/div><\/li>\n<\/ul><\/div>\n\n\n\n<div class=\"wp-block-stackable-icon-list stk-block-icon-list stk-block stk-321186c\" data-block-id=\"321186c\"><style>.stk-321186c {--stk-icon-list-marker-color:#5c068c !important;margin-bottom:6px !important;}<\/style><svg style=\"display:none\"><defs><g id=\"stk-icon-list__icon-svg-def-321186c\"><svg xmlns=\"http:\/\/www.w3.org\/2000\/svg\" viewbox=\"0 0 190 190\"><polygon points=\"173.8,28.4 60.4,141.8 15.7,97.2 5.1,107.8 60.4,163 184.4,39 173.8,28.4\"\/><\/svg><\/g><\/defs><\/svg><ul class=\"stk-block-icon-list__ul stk-block-icon-list--column\">\n<li class=\"wp-block-stackable-icon-list-item stk-block-icon-list-item stk-block stk-61182e4\" data-block-id=\"61182e4\"><style>.stk-61182e4 .stk-block-icon-list-item__text{font-size:16px !important;font-weight:500 !important;font-family:\"Montserrat\", Sans-serif !important;}@media screen and (max-width: 1023px){.stk-61182e4 .stk-block-icon-list-item__text{font-size:16px !important;}}<\/style><div class=\"stk-block-icon-list-item__content\"><span class=\"stk--svg-wrapper\"><div class=\"stk--inner-svg\"><svg xmlns=\"http:\/\/www.w3.org\/2000\/svg\" viewbox=\"0 0 512 512\" aria-hidden=\"true\" width=\"32\" height=\"32\"><path d=\"M464 256A208 208 0 1 1 48 256a208 208 0 1 1 416 0zM0 256a256 256 0 1 0 512 0A256 256 0 1 0 0 256zM232 120V256c0 8 4 15.5 10.7 20l96 64c11 7.4 25.9 4.4 33.3-6.7s4.4-25.9-6.7-33.3L280 243.2V120c0-13.3-10.7-24-24-24s-24 10.7-24 24z\"><\/path><\/svg><\/div><\/span><span class=\"stk-block-icon-list-item__text\">\u00c0 19h00<\/span><\/div><\/li>\n<\/ul><\/div>\n\n\n\n<div class=\"wp-block-stackable-icon-list stk-block-icon-list stk-block stk-3d7a43d\" data-block-id=\"3d7a43d\"><style>.stk-3d7a43d {--stk-icon-list-marker-color:#5c068c !important;}<\/style><svg style=\"display:none\"><defs><g id=\"stk-icon-list__icon-svg-def-3d7a43d\"><svg xmlns=\"http:\/\/www.w3.org\/2000\/svg\" viewbox=\"0 0 190 190\"><polygon points=\"173.8,28.4 60.4,141.8 15.7,97.2 5.1,107.8 60.4,163 184.4,39 173.8,28.4\"\/><\/svg><\/g><\/defs><\/svg><ul class=\"stk-block-icon-list__ul stk-block-icon-list--column\">\n<li class=\"wp-block-stackable-icon-list-item stk-block-icon-list-item stk-block stk-ded99ee\" data-block-id=\"ded99ee\"><style>.stk-ded99ee .stk-block-icon-list-item__text{font-size:16px !important;font-weight:500 !important;font-family:\"Montserrat\", Sans-serif !important;}@media screen and (max-width: 1023px){.stk-ded99ee .stk-block-icon-list-item__text{font-size:16px !important;}}<\/style><div class=\"stk-block-icon-list-item__content\"><span class=\"stk--svg-wrapper\"><div class=\"stk--inner-svg\"><svg xmlns=\"http:\/\/www.w3.org\/2000\/svg\" viewbox=\"0 0 384 512\" aria-hidden=\"true\" width=\"32\" height=\"32\"><path d=\"M215.7 499.2C267 435 384 279.4 384 192C384 86 298 0 192 0S0 86 0 192c0 87.4 117 243 168.3 307.2c12.3 15.3 35.1 15.3 47.4 0zM192 128a64 64 0 1 1 0 128 64 64 0 1 1 0-128z\"><\/path><\/svg><\/div><\/span><span class=\"stk-block-icon-list-item__text\">Auditorium de l&#039;Universit\u00e9<\/span><\/div><\/li>\n<\/ul><\/div>\n<\/div><\/div><\/div>\n<\/div><\/div>\n<\/div><\/div><\/div>\n<\/div><\/div>\n\n\n\n<div class=\"wp-block-stackable-columns alignfull stk-block-columns stk-block stk-98c87a3 stk-block-background stk--has-background-overlay\" data-block-id=\"98c87a3\"><style>.stk-98c87a3 {background-image:url(https:\/\/www.ull.es\/la-universidad\/wp-content\/uploads\/sites\/2\/2025\/01\/Mockup-web-honoris-causa_Franja.jpg) !important;}<\/style><div class=\"stk-row stk-inner-blocks stk-block-content stk-content-align stk-98c87a3-column alignfull\">\n<div class=\"wp-block-stackable-column stk-block-column stk-column stk-block stk-ab6a8da\" data-v=\"4\" data-block-id=\"ab6a8da\"><div class=\"stk-column-wrapper stk-block-column__content stk-container stk-ab6a8da-container stk--no-background stk--no-padding\"><div class=\"stk-block-content stk-inner-blocks stk-ab6a8da-inner-blocks\">\n<div class=\"wp-block-stackable-spacer stk-block-spacer stk--no-padding stk-block stk-89b487d\" data-block-id=\"89b487d\"><\/div>\n<\/div><\/div><\/div>\n<\/div><\/div>\n\n\n\n<div class=\"wp-block-stackable-columns alignfull stk-block-columns stk-block stk-2ead4d6\" data-block-id=\"2ead4d6\"><style>.stk-2ead4d6 {margin-left:0.1% !important;}<\/style><div class=\"stk-row stk-inner-blocks stk-block-content stk-content-align stk-2ead4d6-column alignfull\">\n<div class=\"wp-block-stackable-column stk-block-column stk-column stk-block stk-e8970b1\" data-v=\"4\" data-block-id=\"e8970b1\"><div class=\"stk-column-wrapper stk-block-column__content stk-container stk-e8970b1-container stk--no-background stk--no-padding\"><div class=\"stk-block-content stk-inner-blocks stk-e8970b1-inner-blocks\">\n<div class=\"wp-block-stackable-image alignleft stk-block-image has-text-align-left stk-block stk-387710f\" data-block-id=\"387710f\"><style>.stk-387710f .stk-img-wrapper{width:50% !important;}<\/style><figure><span class=\"stk-img-wrapper stk-image--shape-stretch\"><img loading=\"lazy\" decoding=\"async\" class=\"stk-img wp-image-17257\" src=\"https:\/\/www.ull.es\/la-universidad\/wp-content\/uploads\/sites\/2\/2025\/01\/Mockup-web-honoris-causa_Trayectoria.png\" width=\"692\" height=\"138\" srcset=\"https:\/\/www.ull.es\/la-universidad\/wp-content\/uploads\/sites\/2\/2025\/01\/Mockup-web-honoris-causa_Trayectoria.png 692w, https:\/\/www.ull.es\/la-universidad\/wp-content\/uploads\/sites\/2\/2025\/01\/Mockup-web-honoris-causa_Trayectoria-300x60.png 300w, https:\/\/www.ull.es\/la-universidad\/wp-content\/uploads\/sites\/2\/2025\/01\/Mockup-web-honoris-causa_Trayectoria-375x75.png 375w\" sizes=\"auto, (max-width: 692px) 100vw, 692px\" \/><\/span><\/figure><\/div>\n<\/div><\/div><\/div>\n<\/div><\/div>\n\n\n\n<div class=\"wp-block-stackable-columns alignfull stk-block-columns stk-block stk-c0d699c\" data-block-id=\"c0d699c\"><style>.stk-c0d699c {margin-top:-4% !important;}<\/style><div class=\"stk-row stk-inner-blocks stk-block-content stk-content-align stk-c0d699c-column alignfull\">\n<div class=\"wp-block-stackable-column stk-block-column stk-column stk-block stk-f7904fa\" data-v=\"4\" data-block-id=\"f7904fa\"><div class=\"stk-column-wrapper stk-block-column__content stk-container stk-f7904fa-container stk--no-background stk--no-padding\"><div class=\"stk-block-content stk-inner-blocks stk-f7904fa-inner-blocks\">\n<div class=\"wp-block-stackable-columns alignwide stk-block-columns stk-block stk-7ef2adc\" data-block-id=\"7ef2adc\"><style>.stk-7ef2adc {margin-bottom:0px !important;}<\/style><div class=\"stk-row stk-inner-blocks stk-block-content stk-content-align stk-7ef2adc-column alignwide\">\n<div class=\"wp-block-stackable-column stk-block-column stk-column stk-block stk-81f73be\" data-v=\"4\" data-block-id=\"81f73be\"><div class=\"stk-column-wrapper stk-block-column__content stk-container stk-81f73be-container stk--no-background stk--no-padding\"><div class=\"stk-block-content stk-inner-blocks stk-81f73be-inner-blocks\">\n<div class=\"wp-block-stackable-image stk-block-image has-text-align-right stk-block stk-1609934\" data-block-id=\"1609934\"><style>.stk-1609934 {margin-bottom:0px !important;}.stk-1609934 .stk-img-wrapper{width:80% !important;}<\/style><figure><a class=\"stk-link\" href=\"https:\/\/www.ull.es\/la-universidad\/honoris-causa-2025\/ana-maria-crespo\/\" target=\"_blank\" rel=\"noopener\"><span class=\"stk-img-wrapper stk-image--shape-stretch\"><img loading=\"lazy\" decoding=\"async\" class=\"stk-img wp-image-18279\" src=\"https:\/\/www.ull.es\/la-universidad\/wp-content\/uploads\/sites\/2\/2025\/04\/Acto-de-investidura-Honoris-MAYO_Ana-Maria.png\" width=\"598\" height=\"494\" srcset=\"https:\/\/www.ull.es\/la-universidad\/wp-content\/uploads\/sites\/2\/2025\/04\/Acto-de-investidura-Honoris-MAYO_Ana-Maria.png 598w, https:\/\/www.ull.es\/la-universidad\/wp-content\/uploads\/sites\/2\/2025\/04\/Acto-de-investidura-Honoris-MAYO_Ana-Maria-300x248.png 300w, https:\/\/www.ull.es\/la-universidad\/wp-content\/uploads\/sites\/2\/2025\/04\/Acto-de-investidura-Honoris-MAYO_Ana-Maria-15x12.png 15w, https:\/\/www.ull.es\/la-universidad\/wp-content\/uploads\/sites\/2\/2025\/04\/Acto-de-investidura-Honoris-MAYO_Ana-Maria-375x310.png 375w\" sizes=\"auto, (max-width: 598px) 100vw, 598px\" \/><\/span><\/a><\/figure><\/div>\n\n\n\n<div class=\"wp-block-stackable-image stk-block-image has-text-align-right stk-block stk-d600313\" data-block-id=\"d600313\"><style>.stk-d600313 {margin-top:-0.75% !important;}.stk-d600313 .stk-img-wrapper{width:80% !important;}<\/style><figure><a class=\"stk-link\" href=\"https:\/\/www.ull.es\/la-universidad\/honoris-causa-2025\/ana-maria-crespo\/\" target=\"_blank\" rel=\"noopener\"><span class=\"stk-img-wrapper stk-image--shape-stretch\"><img loading=\"lazy\" decoding=\"async\" class=\"stk-img wp-image-18275\" src=\"https:\/\/www.ull.es\/la-universidad\/wp-content\/uploads\/sites\/2\/2025\/04\/Acto-de-investidura-Honoris-MAYO_Nombre-Ana.png\" width=\"598\" height=\"78\" srcset=\"https:\/\/www.ull.es\/la-universidad\/wp-content\/uploads\/sites\/2\/2025\/04\/Acto-de-investidura-Honoris-MAYO_Nombre-Ana.png 598w, https:\/\/www.ull.es\/la-universidad\/wp-content\/uploads\/sites\/2\/2025\/04\/Acto-de-investidura-Honoris-MAYO_Nombre-Ana-300x39.png 300w, https:\/\/www.ull.es\/la-universidad\/wp-content\/uploads\/sites\/2\/2025\/04\/Acto-de-investidura-Honoris-MAYO_Nombre-Ana-18x2.png 18w, https:\/\/www.ull.es\/la-universidad\/wp-content\/uploads\/sites\/2\/2025\/04\/Acto-de-investidura-Honoris-MAYO_Nombre-Ana-375x49.png 375w\" sizes=\"auto, (max-width: 598px) 100vw, 598px\" \/><\/span><\/a><\/figure><\/div>\n<\/div><\/div><\/div>\n\n\n\n<div class=\"wp-block-stackable-column stk-block-column stk-column stk-block stk-23c8141\" data-v=\"4\" data-block-id=\"23c8141\"><div class=\"stk-column-wrapper stk-block-column__content stk-container stk-23c8141-container stk--no-background stk--no-padding\"><div class=\"stk-block-content stk-inner-blocks stk-23c8141-inner-blocks\">\n<div class=\"wp-block-stackable-image stk-block-image has-text-align-left stk-block stk-2c859f3\" data-block-id=\"2c859f3\"><style>.stk-2c859f3 {margin-bottom:0px !important;}.stk-2c859f3 .stk-img-wrapper{width:80% !important;}<\/style><figure><a class=\"stk-link\" href=\"https:\/\/www.ull.es\/la-universidad\/honoris-causa-2025\/john-mather\/\" target=\"_blank\" rel=\"noopener\"><span class=\"stk-img-wrapper stk-image--shape-stretch\"><img loading=\"lazy\" decoding=\"async\" class=\"stk-img wp-image-18276\" src=\"https:\/\/www.ull.es\/la-universidad\/wp-content\/uploads\/sites\/2\/2025\/04\/Acto-de-investidura-Honoris-MAYO_John.png\" width=\"598\" height=\"494\" srcset=\"https:\/\/www.ull.es\/la-universidad\/wp-content\/uploads\/sites\/2\/2025\/04\/Acto-de-investidura-Honoris-MAYO_John.png 598w, https:\/\/www.ull.es\/la-universidad\/wp-content\/uploads\/sites\/2\/2025\/04\/Acto-de-investidura-Honoris-MAYO_John-300x248.png 300w, https:\/\/www.ull.es\/la-universidad\/wp-content\/uploads\/sites\/2\/2025\/04\/Acto-de-investidura-Honoris-MAYO_John-15x12.png 15w, https:\/\/www.ull.es\/la-universidad\/wp-content\/uploads\/sites\/2\/2025\/04\/Acto-de-investidura-Honoris-MAYO_John-375x310.png 375w\" sizes=\"auto, (max-width: 598px) 100vw, 598px\" \/><\/span><\/a><\/figure><\/div>\n\n\n\n<div class=\"wp-block-stackable-image stk-block-image has-text-align-left stk-block stk-8e6623e\" data-block-id=\"8e6623e\"><style>.stk-8e6623e {margin-top:-8px !important;}.stk-8e6623e .stk-img-wrapper{width:80% !important;}<\/style><figure><a class=\"stk-link\" href=\"https:\/\/www.ull.es\/la-universidad\/honoris-causa-2025\/john-mather\/\" target=\"_blank\" rel=\"noopener\"><span class=\"stk-img-wrapper stk-image--shape-stretch\"><img loading=\"lazy\" decoding=\"async\" class=\"stk-img wp-image-18274\" src=\"https:\/\/www.ull.es\/la-universidad\/wp-content\/uploads\/sites\/2\/2025\/04\/Acto-de-investidura-Honoris-MAYO_Nombre-John.png\" width=\"598\" height=\"78\" srcset=\"https:\/\/www.ull.es\/la-universidad\/wp-content\/uploads\/sites\/2\/2025\/04\/Acto-de-investidura-Honoris-MAYO_Nombre-John.png 598w, https:\/\/www.ull.es\/la-universidad\/wp-content\/uploads\/sites\/2\/2025\/04\/Acto-de-investidura-Honoris-MAYO_Nombre-John-300x39.png 300w, https:\/\/www.ull.es\/la-universidad\/wp-content\/uploads\/sites\/2\/2025\/04\/Acto-de-investidura-Honoris-MAYO_Nombre-John-18x2.png 18w, https:\/\/www.ull.es\/la-universidad\/wp-content\/uploads\/sites\/2\/2025\/04\/Acto-de-investidura-Honoris-MAYO_Nombre-John-375x49.png 375w\" sizes=\"auto, (max-width: 598px) 100vw, 598px\" \/><\/span><\/a><\/figure><\/div>\n<\/div><\/div><\/div>\n<\/div><\/div>\n<\/div><\/div><\/div>\n<\/div><\/div>","protected":false},"excerpt":{"rendered":"<p>La biologiste Ana Mar\u00eda Crespo et l&#039;astrophysicien John Mather recevront la plus haute distinction acad\u00e9mique de l&#039;Universit\u00e9 de La Laguna en reconnaissance de leur prestigieuse carri\u00e8re scientifique, marqu\u00e9e par des contributions significatives \u00e0 leurs domaines respectifs. Le programme de cet \u00e9v\u00e9nement, qui sera enregistr\u00e9 et diffus\u00e9, est disponible \u00e0 ce lien.<\/p>","protected":false},"author":67,"featured_media":0,"parent":0,"menu_order":0,"comment_status":"closed","ping_status":"closed","template":"templates\/template-frontpage.php","meta":{"footnotes":""},"class_list":["post-18267","page","type-page","status-publish","hentry"],"_links":{"self":[{"href":"https:\/\/www.ull.es\/la-universidad\/fr\/wp-json\/wp\/v2\/pages\/18267","targetHints":{"allow":["GET"]}}],"collection":[{"href":"https:\/\/www.ull.es\/la-universidad\/fr\/wp-json\/wp\/v2\/pages"}],"about":[{"href":"https:\/\/www.ull.es\/la-universidad\/fr\/wp-json\/wp\/v2\/types\/page"}],"author":[{"embeddable":true,"href":"https:\/\/www.ull.es\/la-universidad\/fr\/wp-json\/wp\/v2\/users\/67"}],"replies":[{"embeddable":true,"href":"https:\/\/www.ull.es\/la-universidad\/fr\/wp-json\/wp\/v2\/comments?post=18267"}],"version-history":[{"count":11,"href":"https:\/\/www.ull.es\/la-universidad\/fr\/wp-json\/wp\/v2\/pages\/18267\/revisions"}],"predecessor-version":[{"id":18404,"href":"https:\/\/www.ull.es\/la-universidad\/fr\/wp-json\/wp\/v2\/pages\/18267\/revisions\/18404"}],"wp:attachment":[{"href":"https:\/\/www.ull.es\/la-universidad\/fr\/wp-json\/wp\/v2\/media?parent=18267"}],"curies":[{"name":"wp","href":"https:\/\/api.w.org\/{rel}","templated":true}]}}