{"id":18285,"date":"2025-04-24T10:06:50","date_gmt":"2025-04-24T10:06:50","guid":{"rendered":"https:\/\/www.ull.es\/la-universidad\/?page_id=18285"},"modified":"2025-05-06T18:00:07","modified_gmt":"2025-05-06T18:00:07","slug":"ana-maria-crespo","status":"publish","type":"page","link":"https:\/\/www.ull.es\/la-universidad\/fr\/honoris-causa-2025\/ana-maria-crespo\/","title":{"rendered":"Ana Mar\u00eda Crespo"},"content":{"rendered":"<div class=\"wp-block-stackable-columns alignfull stk-block-columns stk-block stk-bf13746 stk-block-background stk--has-background-overlay\" data-block-id=\"bf13746\"><style>.stk-bf13746 .stk--block-align-bf13746{align-items:center !important;}.stk-bf13746 {background-image:url(https:\/\/www.ull.es\/la-universidad\/wp-content\/uploads\/sites\/2\/2025\/04\/Copia-de-ANA_CRESPO_06_ok-1.jpg) !important;background-position:center right !important;background-repeat:no-repeat !important;background-size:cover !important;padding-bottom:10% !important;margin-top:-2% !important;margin-bottom:0.25% !important;}<\/style><div class=\"stk-row stk-inner-blocks stk--block-align-bf13746 stk-block-content stk-content-align stk-bf13746-column alignfull\">\n<div class=\"wp-block-stackable-column stk-block-column stk-column stk-block stk-52369c8\" data-v=\"4\" data-block-id=\"52369c8\"><div class=\"stk-column-wrapper stk-block-column__content stk-container stk-52369c8-container stk--no-background stk--no-padding\"><div class=\"stk-block-content stk-inner-blocks stk-52369c8-inner-blocks\">\n<div class=\"wp-block-stackable-columns alignwide stk-block-columns stk-block stk-09efffd\" data-block-id=\"09efffd\"><div class=\"stk-row stk-inner-blocks has-text-align-left stk-block-content stk-content-align stk-09efffd-column alignwide\">\n<div class=\"wp-block-stackable-column stk-block-column stk-column stk-block stk-079e619\" data-v=\"4\" data-block-id=\"079e619\"><div class=\"stk-column-wrapper stk-block-column__content stk-container stk-079e619-container stk--no-background stk--no-padding\"><div class=\"stk-block-content stk-inner-blocks stk-079e619-inner-blocks\">\n<div class=\"wp-block-stackable-image aligncenter stk-block-image has-text-align-left stk-block stk-bcd1559\" data-block-id=\"bcd1559\"><style>.stk-bcd1559 {margin-left:-2% !important;}.stk-bcd1559 .stk-img-wrapper{width:35% !important;}<\/style><figure><span class=\"stk-img-wrapper stk-image--shape-stretch\"><img loading=\"lazy\" decoding=\"async\" class=\"stk-img wp-image-18344\" src=\"https:\/\/www.ull.es\/la-universidad\/wp-content\/uploads\/sites\/2\/2025\/04\/Acto_de_investidura_Honoris_MAYO_Titulo_Ana.png\" width=\"440\" height=\"402\" srcset=\"https:\/\/www.ull.es\/la-universidad\/wp-content\/uploads\/sites\/2\/2025\/04\/Acto_de_investidura_Honoris_MAYO_Titulo_Ana.png 440w, https:\/\/www.ull.es\/la-universidad\/wp-content\/uploads\/sites\/2\/2025\/04\/Acto_de_investidura_Honoris_MAYO_Titulo_Ana-300x274.png 300w, https:\/\/www.ull.es\/la-universidad\/wp-content\/uploads\/sites\/2\/2025\/04\/Acto_de_investidura_Honoris_MAYO_Titulo_Ana-13x12.png 13w, https:\/\/www.ull.es\/la-universidad\/wp-content\/uploads\/sites\/2\/2025\/04\/Acto_de_investidura_Honoris_MAYO_Titulo_Ana-375x343.png 375w\" sizes=\"auto, (max-width: 440px) 100vw, 440px\" \/><\/span><\/figure><\/div>\n<\/div><\/div><\/div>\n<\/div><\/div>\n<\/div><\/div><\/div>\n<\/div><\/div>\n\n\n\n<div class=\"wp-block-stackable-columns alignfull stk-block-columns stk-block stk-593da1e\" data-block-id=\"593da1e\"><style>.stk-593da1e {padding-top:0% !important;}<\/style><div class=\"stk-row stk-inner-blocks stk-block-content stk-content-align stk-593da1e-column alignfull\">\n<div class=\"wp-block-stackable-column stk-block-column stk-column stk-block stk-614a277\" data-v=\"4\" data-block-id=\"614a277\"><div class=\"stk-column-wrapper stk-block-column__content stk-container stk-614a277-container stk--no-background stk--no-padding\"><div class=\"stk-block-content stk-inner-blocks stk-614a277-inner-blocks\">\n<div class=\"wp-block-stackable-columns alignwide stk-block-columns stk-block stk-2fea7a6\" data-block-id=\"2fea7a6\"><style>.stk-2fea7a6 {padding-right:10% !important;padding-left:5% !important;}.stk-2fea7a6-column{--stk-columns-spacing:12px !important;--stk-column-gap:50px !important;}<\/style><div class=\"stk-row stk-inner-blocks stk-block-content stk-content-align stk-2fea7a6-column alignwide\">\n<div class=\"wp-block-stackable-column stk-block-column stk-column stk-block stk-2f0dfa9\" data-v=\"4\" data-block-id=\"2f0dfa9\"><style>@media screen and (min-width: 768px){.stk-2f0dfa9 {flex:var(--stk-flex-grow, 1) 1 calc(55% - var(--stk-column-gap, 0px) * 1 \/ 2 ) !important;}}<\/style><div class=\"stk-column-wrapper stk-block-column__content stk-container stk-2f0dfa9-container stk--no-background stk--no-padding\"><div class=\"stk-block-content stk-inner-blocks stk-2f0dfa9-inner-blocks\">\n<div class=\"wp-block-stackable-text stk-block-text stk-block stk-1102a30\" data-block-id=\"1102a30\"><style>.stk-1102a30 .stk-block-text__text{font-size:18px !important;}@media screen and (max-width: 1023px){.stk-1102a30 .stk-block-text__text{font-size:18px !important;}}<\/style><p class=\"stk-block-text__text\"><a href=\"https:\/\/www.ull.es\/la-universidad\/honoris-causa-2025\/\" target=\"_blank\" rel=\"noreferrer noopener\">Honoris Causa<\/a>&nbsp;\u00bb Ana Mar\u00eda Crespo de las Casas<\/p><\/div>\n\n\n\n<div class=\"wp-block-stackable-image stk-block-image has-text-align-left stk-block stk-bade6cd\" data-block-id=\"bade6cd\"><style>.stk-bade6cd {margin-bottom:40px !important;}.stk-bade6cd .stk-img-wrapper{width:100% !important;}<\/style><figure><span class=\"stk-img-wrapper stk-image--shape-stretch\"><img loading=\"lazy\" decoding=\"async\" class=\"stk-img wp-image-17257\" src=\"https:\/\/www.ull.es\/la-universidad\/wp-content\/uploads\/sites\/2\/2025\/01\/Mockup-web-honoris-causa_Trayectoria.png\" width=\"692\" height=\"138\" srcset=\"https:\/\/www.ull.es\/la-universidad\/wp-content\/uploads\/sites\/2\/2025\/01\/Mockup-web-honoris-causa_Trayectoria.png 692w, https:\/\/www.ull.es\/la-universidad\/wp-content\/uploads\/sites\/2\/2025\/01\/Mockup-web-honoris-causa_Trayectoria-300x60.png 300w, https:\/\/www.ull.es\/la-universidad\/wp-content\/uploads\/sites\/2\/2025\/01\/Mockup-web-honoris-causa_Trayectoria-375x75.png 375w\" sizes=\"auto, (max-width: 692px) 100vw, 692px\" \/><\/span><\/figure><\/div>\n\n\n\n<div class=\"wp-block-stackable-text stk-block-text stk-block stk-8a32b18\" data-block-id=\"8a32b18\"><style>.stk-8a32b18 {margin-bottom:10px !important;}<\/style><p class=\"stk-block-text__text\"><a href=\"https:\/\/es.wikipedia.org\/wiki\/Ana_Mar%C3%ADa_Crespo_de_las_Casas\" data-type=\"link\" data-id=\"https:\/\/es.wikipedia.org\/wiki\/Ana_Mar%C3%ADa_Crespo_de_las_Casas\" target=\"_blank\" rel=\"noreferrer noopener\">Ana Mar\u00eda Crespo de las Casas<\/a> (Santa Cruz de Tenerife, 30 mars 1948) est une biologiste espagnole titulaire d&#039;un doctorat en sciences biologiques de l&#039;Universit\u00e9 Complutense de Madrid (UCM), institution o\u00f9 elle a \u00e9t\u00e9 professeure en 1983 et \u00e9m\u00e9rite depuis 2018. Elle est actuellement pr\u00e9sidente de l&#039;Acad\u00e9mie royale des sciences exactes, physiques et naturelles d&#039;Espagne, premi\u00e8re femme \u00e0 occuper ce poste depuis la fondation de cette organisation en 1847.<\/p><\/div>\n\n\n\n<p>Crespo a travaill\u00e9 sur la relation entre les traits ph\u00e9notypiques et g\u00e9nomiques, mettant en \u00e9vidence le degr\u00e9 \u00e9lev\u00e9 d&#039;homoplasie morphologique parmi les champignons et r\u00e9v\u00e9lant la pr\u00e9sence commune d&#039;un grand nombre d&#039;esp\u00e8ces cryptiques dans les lichens. Il a \u00e9galement contribu\u00e9 \u00e0 la configuration de la syst\u00e9matique \u00e9volutive actuelle des champignons, notamment par sa contribution \u00e0 la d\u00e9finition du concept moderne de genre. Il a \u00e9galement travaill\u00e9 sur l&#039;identification mol\u00e9culaire des esp\u00e8ces (animaux, plantes et champignons) et collabore \u00e0 la conception du code-barres ADN.<\/p>\n\n\n\n<p>Elle a \u00e9t\u00e9 pr\u00e9sidente de la Commission espagnole du programme antarctique entre 1988 et 1994 ; Directeur g\u00e9n\u00e9ral du Cabinet du Secr\u00e9taire d\u2019\u00c9tat aux Universit\u00e9s et \u00e0 la Recherche entre 1987 et 1991 ; Directeur g\u00e9n\u00e9ral des universit\u00e9s entre 1991 et 1993 ; Coordinatrice g\u00e9n\u00e9rale de la Commission nationale d&#039;\u00e9valuation de l&#039;activit\u00e9 de recherche (CNEAI) entre 2005 et 2008. Entre autres honneurs et distinctions, elle est r\u00e9cipiendaire du prix Charter 100 (2024) ; m\u00e9daille de l&#039;Association internationale de lich\u00e9nologie (2012) ; M\u00e9daille d&#039;honneur individuelle de l&#039;Universit\u00e9 internationale Men\u00e9ndez y Pelayo (1993); et s&#039;est distingu\u00e9e par ses coll\u00e8gues avec la d\u00e9dicace de sept esp\u00e8ces, un sous-genre et des genres, la plupart \u00e9tant des lichens.<\/p>\n\n\n\n<p>Sa marraine lors de la c\u00e9r\u00e9monie sera la professeure \u00e9m\u00e9rite et ancienne rectrice Marisa Tejedor Salguero.<\/p>\n<\/div><\/div><\/div>\n\n\n\n<div class=\"wp-block-stackable-column stk-block-column stk-column stk-block stk-25b306a\" data-v=\"4\" data-block-id=\"25b306a\"><style>@media screen and (min-width: 768px){.stk-25b306a {flex:var(--stk-flex-grow, 1) 1 calc(45% - var(--stk-column-gap, 0px) * 1 \/ 2 ) !important;}}<\/style><div class=\"stk-column-wrapper stk-block-column__content stk-container stk-25b306a-container stk--no-background stk--no-padding\"><div class=\"stk-block-content stk-inner-blocks stk-25b306a-inner-blocks\">\n<div class=\"wp-block-stackable-spacer stk-block-spacer stk--no-padding stk-block stk-27392cb\" data-block-id=\"27392cb\"><style>.stk-27392cb {height:180px !important;}<\/style><\/div>\n\n\n\n<div class=\"wp-block-stackable-heading stk-block-heading stk-block-heading--v2 stk-block stk-85a5815 stk-block-background\" id=\"a-href-https-www-ull-es-la-universidad-honoris-causa-2025-ana-maria-crespo-laudatio-ana-maria-crespo-span-style-color-ffffff-class-stk-highlight-laudatio-span-a\" data-block-id=\"85a5815\"><style>.stk-85a5815 {background-color:#ffc100 !important;padding-top:2% !important;padding-bottom:2% !important;margin-bottom:50px !important;}.stk-85a5815:before{background-color:#ffc100 !important;}.stk-85a5815 .stk-block-heading__text{color:#ffffff !important;font-weight:700 !important;}<\/style><h2 class=\"stk-block-heading__text has-text-color has-text-align-center\"><a href=\"https:\/\/www.ull.es\/la-universidad\/honoris-causa-2025\/ana-maria-crespo\/laudatio-ana-maria-crespo\/\" target=\"_blank\" rel=\"noopener\"><span style=\"color: #ffffff;\" class=\"stk-highlight\">LAUDATIO<\/span><\/a><\/h2><\/div>\n\n\n\n<div class=\"wp-block-stackable-heading stk-block-heading stk-block-heading--v2 stk-block stk-873311a stk-block-background\" id=\"span-style-color-ffffff-class-stk-highlight-a-href-https-drive-google-com-file-d-1-fgh-iswv-hk-jy-ci-dl-nkgw-tx-fg-b-nxt-ah-e-view-usp-sharing-data-type-link-data-id-https-drive-google-com-file-d-1-fgh-iswv-hk-jy-ci-dl-nkgw-tx-fg-b-nxt-ah-e-view-usp-sharing-target-blank-rel-noreferrer-noopener-discurso-de-ingreso-a-span\" data-block-id=\"873311a\"><style>.stk-873311a {background-color:#5c068c !important;padding-top:3% !important;padding-bottom:2% !important;margin-bottom:35px !important;}.stk-873311a:before{background-color:#5c068c !important;}.stk-873311a .stk-block-heading__text{font-weight:700 !important;}<\/style><h2 class=\"stk-block-heading__text has-text-align-center\"><span style=\"color: #ffffff;\" class=\"stk-highlight\"><a href=\"https:\/\/drive.google.com\/file\/d\/1FGH-iswvHK-jyCiDLNkgwTxFgBNxtAhE\/view?usp=sharing\" data-type=\"link\" data-id=\"https:\/\/drive.google.com\/file\/d\/1FGH-iswvHK-jyCiDLNkgwTxFgBNxtAhE\/view?usp=sharing\" target=\"_blank\" rel=\"noreferrer noopener\">DISCOURS D&#039;INDUCTION<\/a><\/span><\/h2><\/div>\n\n\n\n<div class=\"wp-block-stackable-text stk-block-text stk-block stk-fa5ad2a\" data-block-id=\"fa5ad2a\"><style>.stk-fa5ad2a {margin-bottom:50px !important;}.stk-fa5ad2a .stk-block-text__text{font-size:20px !important;}@media screen and (max-width: 1023px){.stk-fa5ad2a .stk-block-text__text{font-size:20px !important;}}<\/style><p class=\"stk-block-text__text has-text-align-center\"><\/p><\/div>\n\n\n\n<div class=\"wp-block-stackable-image stk-block-image stk-block stk-d1d7398\" data-block-id=\"d1d7398\"><style>.stk-d1d7398 .stk-img-wrapper{width:80% !important;}<\/style><figure><span class=\"stk-img-wrapper stk-image--shape-stretch\"><img loading=\"lazy\" decoding=\"async\" class=\"stk-img wp-image-17243\" src=\"https:\/\/www.ull.es\/la-universidad\/wp-content\/uploads\/sites\/2\/2025\/01\/Mockup-web-honoris-causa_Iconos.png\" width=\"276\" height=\"276\" srcset=\"https:\/\/www.ull.es\/la-universidad\/wp-content\/uploads\/sites\/2\/2025\/01\/Mockup-web-honoris-causa_Iconos.png 276w, https:\/\/www.ull.es\/la-universidad\/wp-content\/uploads\/sites\/2\/2025\/01\/Mockup-web-honoris-causa_Iconos-150x150.png 150w, https:\/\/www.ull.es\/la-universidad\/wp-content\/uploads\/sites\/2\/2025\/01\/Mockup-web-honoris-causa_Iconos-50x50.png 50w\" sizes=\"auto, (max-width: 276px) 100vw, 276px\" \/><\/span><\/figure><\/div>\n<\/div><\/div><\/div>\n<\/div><\/div>\n<\/div><\/div><\/div>\n<\/div><\/div>","protected":false},"excerpt":{"rendered":"<p>Ana Mar\u00eda Crespo de las Casas (n\u00e9e le 30 mars 1948 \u00e0 Santa Cruz de Tenerife) est une biologiste espagnole titulaire d&#039;un doctorat en sciences biologiques de l&#039;Universit\u00e9 Complutense de Madrid (UCM), o\u00f9 elle a \u00e9t\u00e9 professeure en 1983 et est devenue professeure \u00e9m\u00e9rite en 2018. Elle est actuellement pr\u00e9sidente de la\u2026<\/p>","protected":false},"author":67,"featured_media":0,"parent":18267,"menu_order":0,"comment_status":"closed","ping_status":"closed","template":"templates\/template-frontpage.php","meta":{"footnotes":""},"class_list":["post-18285","page","type-page","status-publish","hentry"],"_links":{"self":[{"href":"https:\/\/www.ull.es\/la-universidad\/fr\/wp-json\/wp\/v2\/pages\/18285","targetHints":{"allow":["GET"]}}],"collection":[{"href":"https:\/\/www.ull.es\/la-universidad\/fr\/wp-json\/wp\/v2\/pages"}],"about":[{"href":"https:\/\/www.ull.es\/la-universidad\/fr\/wp-json\/wp\/v2\/types\/page"}],"author":[{"embeddable":true,"href":"https:\/\/www.ull.es\/la-universidad\/fr\/wp-json\/wp\/v2\/users\/67"}],"replies":[{"embeddable":true,"href":"https:\/\/www.ull.es\/la-universidad\/fr\/wp-json\/wp\/v2\/comments?post=18285"}],"version-history":[{"count":22,"href":"https:\/\/www.ull.es\/la-universidad\/fr\/wp-json\/wp\/v2\/pages\/18285\/revisions"}],"predecessor-version":[{"id":18409,"href":"https:\/\/www.ull.es\/la-universidad\/fr\/wp-json\/wp\/v2\/pages\/18285\/revisions\/18409"}],"up":[{"embeddable":true,"href":"https:\/\/www.ull.es\/la-universidad\/fr\/wp-json\/wp\/v2\/pages\/18267"}],"wp:attachment":[{"href":"https:\/\/www.ull.es\/la-universidad\/fr\/wp-json\/wp\/v2\/media?parent=18285"}],"curies":[{"name":"wp","href":"https:\/\/api.w.org\/{rel}","templated":true}]}}