{"id":18293,"date":"2025-04-24T10:13:30","date_gmt":"2025-04-24T10:13:30","guid":{"rendered":"https:\/\/www.ull.es\/la-universidad\/?page_id=18293"},"modified":"2025-05-06T18:01:28","modified_gmt":"2025-05-06T18:01:28","slug":"laudatio-ana-maria-crespo","status":"publish","type":"page","link":"https:\/\/www.ull.es\/la-universidad\/fr\/honoris-causa-2025\/ana-maria-crespo\/laudatio-ana-maria-crespo\/","title":{"rendered":"Laudatio"},"content":{"rendered":"<div class=\"wp-block-stackable-columns alignfull stk-block-columns stk-block stk-bf13746 stk-block-background stk--has-background-overlay\" data-block-id=\"bf13746\"><style>.stk-bf13746 .stk--block-align-bf13746{align-items:center !important;}.stk-bf13746 {background-image:url(https:\/\/www.ull.es\/la-universidad\/wp-content\/uploads\/sites\/2\/2025\/04\/Copia-de-ANA_CRESPO_06_ok-1.jpg) !important;background-position:center center !important;background-repeat:no-repeat !important;background-size:cover !important;padding-bottom:20% !important;margin-top:-2% !important;}<\/style><div class=\"stk-row stk-inner-blocks stk--block-align-bf13746 stk-block-content stk-content-align stk-bf13746-column alignfull\">\n<div class=\"wp-block-stackable-column stk-block-column stk-column stk-block stk-52369c8\" data-v=\"4\" data-block-id=\"52369c8\"><div class=\"stk-column-wrapper stk-block-column__content stk-container stk-52369c8-container stk--no-background stk--no-padding\"><div class=\"stk-block-content stk-inner-blocks stk-52369c8-inner-blocks\">\n<div class=\"wp-block-stackable-columns alignfull stk-block-columns stk-block stk-09efffd\" data-block-id=\"09efffd\"><style>.stk-09efffd {padding-top:3% !important;padding-right:10% !important;}<\/style><div class=\"stk-row stk-inner-blocks stk-block-content stk-content-align stk-09efffd-column alignfull\">\n<div class=\"wp-block-stackable-column stk-block-column stk-column stk-block stk-079e619\" data-v=\"4\" data-block-id=\"079e619\"><div class=\"stk-column-wrapper stk-block-column__content stk-container stk-079e619-container stk--no-background stk--no-padding\"><div class=\"stk-block-content stk-inner-blocks stk-079e619-inner-blocks\">\n<div class=\"wp-block-stackable-image aligncenter stk-block-image has-text-align-left stk-block stk-bcd1559\" data-block-id=\"bcd1559\"><style>.stk-bcd1559 .stk-img-wrapper{width:40% !important;}<\/style><figure><span class=\"stk-img-wrapper stk-image--shape-stretch\"><img loading=\"lazy\" decoding=\"async\" class=\"stk-img wp-image-17362\" src=\"https:\/\/www.ull.es\/la-universidad\/wp-content\/uploads\/sites\/2\/2025\/01\/Mockup-web-honoris-causa-25.png\" width=\"581\" height=\"148\" srcset=\"https:\/\/www.ull.es\/la-universidad\/wp-content\/uploads\/sites\/2\/2025\/01\/Mockup-web-honoris-causa-25.png 581w, https:\/\/www.ull.es\/la-universidad\/wp-content\/uploads\/sites\/2\/2025\/01\/Mockup-web-honoris-causa-25-300x76.png 300w, https:\/\/www.ull.es\/la-universidad\/wp-content\/uploads\/sites\/2\/2025\/01\/Mockup-web-honoris-causa-25-375x96.png 375w\" sizes=\"auto, (max-width: 581px) 100vw, 581px\" \/><\/span><\/figure><\/div>\n<\/div><\/div><\/div>\n<\/div><\/div>\n<\/div><\/div><\/div>\n<\/div><\/div>\n\n\n\n<div class=\"wp-block-stackable-columns alignfull stk-block-columns stk-block stk-593da1e\" data-block-id=\"593da1e\"><div class=\"stk-row stk-inner-blocks stk-block-content stk-content-align stk-593da1e-column alignfull\">\n<div class=\"wp-block-stackable-column stk-block-column stk-column stk-block stk-614a277\" data-v=\"4\" data-block-id=\"614a277\"><div class=\"stk-column-wrapper stk-block-column__content stk-container stk-614a277-container stk--no-background stk--no-padding\"><div class=\"stk-block-content stk-inner-blocks stk-614a277-inner-blocks\">\n<div class=\"wp-block-stackable-columns alignwide stk-block-columns stk-block stk-2fea7a6\" data-block-id=\"2fea7a6\"><style>.stk-2fea7a6 {padding-right:5% !important;padding-left:5% !important;}.stk-2fea7a6-column{--stk-columns-spacing:12px !important;--stk-column-gap:50px !important;}<\/style><div class=\"stk-row stk-inner-blocks stk-block-content stk-content-align stk-2fea7a6-column alignwide\">\n<div class=\"wp-block-stackable-column stk-block-column stk-column stk-block stk-2f0dfa9\" data-v=\"4\" data-block-id=\"2f0dfa9\"><style>@media screen and (min-width: 768px){.stk-2f0dfa9 {flex:var(--stk-flex-grow, 1) 1 calc(62% - var(--stk-column-gap, 0px) * 1 \/ 2 ) !important;}}<\/style><div class=\"stk-column-wrapper stk-block-column__content stk-container stk-2f0dfa9-container stk--no-background stk--no-padding\"><div class=\"stk-block-content stk-inner-blocks stk-2f0dfa9-inner-blocks\">\n<div class=\"wp-block-stackable-text stk-block-text stk-block stk-1cc959a\" data-block-id=\"1cc959a\"><p class=\"stk-block-text__text\"><a href=\"https:\/\/www.ull.es\/la-universidad\/honoris-causa-2025\/\" target=\"_blank\" rel=\"noreferrer noopener\">Honoris Causa<\/a>&nbsp;\u00bb&nbsp;<a href=\"https:\/\/www.ull.es\/la-universidad\/honoris-causa-2025\/ana-maria-crespo\/\" target=\"_blank\" rel=\"noreferrer noopener\">Ana Mar\u00eda Crespo de las Casas<\/a>&nbsp;\u00bb Laudatio<\/p><\/div>\n\n\n\n<div class=\"wp-block-stackable-image stk-block-image has-text-align-left stk-block stk-bade6cd\" data-block-id=\"bade6cd\"><style>.stk-bade6cd .stk-img-wrapper{width:100% !important;}<\/style><figure><span class=\"stk-img-wrapper stk-image--shape-stretch\"><img loading=\"lazy\" decoding=\"async\" class=\"stk-img wp-image-17257\" src=\"https:\/\/www.ull.es\/la-universidad\/wp-content\/uploads\/sites\/2\/2025\/01\/Mockup-web-honoris-causa_Trayectoria.png\" width=\"692\" height=\"138\" srcset=\"https:\/\/www.ull.es\/la-universidad\/wp-content\/uploads\/sites\/2\/2025\/01\/Mockup-web-honoris-causa_Trayectoria.png 692w, https:\/\/www.ull.es\/la-universidad\/wp-content\/uploads\/sites\/2\/2025\/01\/Mockup-web-honoris-causa_Trayectoria-300x60.png 300w, https:\/\/www.ull.es\/la-universidad\/wp-content\/uploads\/sites\/2\/2025\/01\/Mockup-web-honoris-causa_Trayectoria-375x75.png 375w\" sizes=\"auto, (max-width: 692px) 100vw, 692px\" \/><\/span><\/figure><\/div>\n\n\n\n<div class=\"wp-block-stackable-text stk-block-text stk-block stk-963229e\" data-block-id=\"963229e\"><p class=\"stk-block-text__text\">Ana Mar\u00eda Crespo de las Casas, biologiste de Tenerife, est pr\u00e9sidente de l&#039;Acad\u00e9mie royale des sciences exactes, physiques et naturelles depuis juin 2024. Elle a rejoint l&#039;institution en novembre 2012 en tant que membre titulaire et a \u00e9t\u00e9 pr\u00e9sidente de la section des sciences naturelles de 2014 \u00e0 2020, ann\u00e9e o\u00f9 elle est devenue secr\u00e9taire g\u00e9n\u00e9rale.<\/p><\/div>\n\n\n\n<p>Elle est la troisi\u00e8me femme \u00e0 rejoindre cette Acad\u00e9mie royale, apr\u00e8s la biochimiste Margarita Salas et la math\u00e9maticienne Pilar Bayer ; la premi\u00e8re femme \u00e0 occuper la pr\u00e9sidence de cette institution distingu\u00e9e depuis sa fondation en 1847 ; et la deuxi\u00e8me personne des \u00eeles Canaries, apr\u00e8s Blas Cabrera Felipe.<\/p>\n\n\n\n<p>N\u00e9e \u00e0 Santa Cruz de Tenerife, elle s&#039;installe \u00e0 Madrid en 1966 pour \u00e9tudier les sciences biologiques \u00e0 l&#039;Universit\u00e9 Complutense, car ces cours n&#039;\u00e9taient pas disponibles \u00e0 l&#039;Universit\u00e9 de La Laguna \u00e0 cette \u00e9poque. C&#039;est l\u00e0 qu&#039;elle a men\u00e9 sa carri\u00e8re acad\u00e9mique, sans jamais perdre contact avec sa patrie. Elle a commenc\u00e9 sa carri\u00e8re en botanique sous la direction de Salvador Rivas Mart\u00ednez, devenant professeur de botanique en 1983 et en 2018 professeur \u00e9m\u00e9rite.<\/p>\n\n\n\n<p>Dedans <strong>aspect scientifique<\/strong>, sp\u00e9cialis\u00e9 dans l&#039;\u00e9tude des lichens, un groupe d&#039;organismes sur lequel il a travaill\u00e9 d\u00e8s le d\u00e9but et qu&#039;il n&#039;a jamais abandonn\u00e9, d&#039;abord dans le cadre de la lich\u00e9nologie traditionnelle, puis en int\u00e9grant des m\u00e9thodes mol\u00e9culaires de reconnaissance taxonomique. Les donn\u00e9es bibliom\u00e9triques la placent parmi les scientifiques les plus reconnues dans les s\u00e9ries nationales et internationales dans sa sp\u00e9cialit\u00e9.<\/p>\n\n\n\n<p>Les sp\u00e9cialistes en syst\u00e9matique et en biodiversit\u00e9 lui ont consacr\u00e9 trois genres (<em>Crespoon<\/em>, <em>Cresporaphis<\/em> et <em>Crespoa<\/em>) et sept nouvelles esp\u00e8ces, tous les noms \u00e9tant d\u00e9j\u00e0 inclus dans la litt\u00e9rature internationale.<\/p>\n\n\n\n<p>Je ne soulignerai que trois de ses principales r\u00e9alisations scientifiques :<\/p>\n\n\n\n<ol class=\"wp-block-list\">\n<li>Diriger \u00e0 l\u2019\u00e9chelle internationale, parmi les sp\u00e9cialistes de la diversit\u00e9 des ressources biologiques, l\u2019adoption de nouveaux d\u00e9veloppements technologiques (analyse mol\u00e9culaire et banques de donn\u00e9es g\u00e9nomiques) qui ont conduit \u00e0 un r\u00e9tablissement de la syst\u00e9matique biologique sur des bases phylog\u00e9n\u00e9tiques (taxonomie int\u00e9grative).<\/li>\n\n\n\n<li>Contribuer de mani\u00e8re d\u00e9cisive \u00e0 r\u00e9v\u00e9ler \u00e0 la science la fr\u00e9quence \u00e9lev\u00e9e de lign\u00e9es et d\u2019esp\u00e8ces cryptiques dans de nombreux groupes d\u2019organismes, ce qui a un fort impact sur la gestion de la protection des esp\u00e8ces et des ressources biologiques en g\u00e9n\u00e9ral. Il a contribu\u00e9 de mani\u00e8re d\u00e9cisive \u00e0 d\u00e9montrer que les caract\u00e9ristiques morphologiques des esp\u00e8ces ne refl\u00e8tent pas toujours une r\u00e9elle diversit\u00e9 g\u00e9n\u00e9tique.<\/li>\n\n\n\n<li>Leurs r\u00e9sultats concernant l\u2019objectivation et la d\u00e9limitation du concept d\u2019esp\u00e8ce ont contribu\u00e9 \u00e0 \u00e9tayer la n\u00e9cessit\u00e9 d\u2019\u00e9tudes et de catalogues de biodiversit\u00e9 \u00e0 la lumi\u00e8re de l\u2019analyse des traits mol\u00e9culaires et de la phylog\u00e9nie moderne, \u00e0 la recherche de nouvelles voies pour l\u2019identification mol\u00e9culaire des esp\u00e8ces.<\/li>\n<\/ol>\n\n\n\n<p>Sa vaste carri\u00e8re est visible dans son CV, soulignant, entre autres, sa capacit\u00e9 de formation en promouvant un groupe de recherche international fort d\u00e9di\u00e9 \u00e0 la syst\u00e9matique mol\u00e9culaire des champignons et des plantes ; diriger des doctorants et des \u00e9tudiants pr\u00e9doctoraux de nombreuses r\u00e9gions du monde ; participer et diriger des projets de recherche financ\u00e9s par des institutions publiques ou priv\u00e9es espagnoles et \u00e9trang\u00e8res ; participer et diriger des campagnes de prospection en Espagne et dans de nombreux endroits du monde (Chine, Afrique du Sud, Maroc, Kenya, P\u00e9rou, Japon, Californie, Australie).<\/p>\n\n\n\n<p>En plus du grand nombre d&#039;articles et d&#039;ouvrages scientifiques, il a d\u00e9velopp\u00e9 un travail de vulgarisation notable avec des articles sur des sujets scientifiques et universitaires. Pr\u00e9sident de la Commission du Programme Antarctique Espagnol de 1988 \u00e0 1994, et \u00e9valuateur pour plusieurs des principales agences et gouvernements des \u00c9tats-Unis, de France, d&#039;Autriche, etc.<\/p>\n\n\n\n<p>Elle est, en bref, une chercheuse prestigieuse qui a remport\u00e9 de nombreux prix pour ses travaux scientifiques. Nous soulignons la m\u00e9daille Acharius de 2012, cr\u00e9\u00e9e par l&#039;Acad\u00e9mie royale des sciences de Su\u00e8de et d\u00e9cern\u00e9e par l&#039;Association internationale de lich\u00e9nologie. Il s\u2019agit de la plus haute reconnaissance internationale et elle n\u2019a jamais \u00e9t\u00e9 d\u00e9cern\u00e9e \u00e0 un chercheur espagnol.<\/p>\n\n\n\n<p>Votre activit\u00e9 de <strong>gestion<\/strong> Elle s&#039;est concentr\u00e9e sur la politique scientifique et universitaire dans le cadre du Secr\u00e9tariat d&#039;\u00c9tat aux Universit\u00e9s et \u00e0 la Recherche, \u00e0 l&#039;\u00e9poque de Juan Manuel Rojo Alaminos, \u00e0 diff\u00e9rents postes : conseill\u00e8re au Cabinet du Secr\u00e9taire d&#039;\u00c9tat (1985-1987), directrice g\u00e9n\u00e9rale du Cabinet (1987-1991) et directrice g\u00e9n\u00e9rale des Universit\u00e9s (1991-1993).<\/p>\n\n\n\n<p>Durant cette p\u00e9riode, il a men\u00e9 une intense activit\u00e9 dans la mise \u00e0 jour du syst\u00e8me scientifique de notre pays. Parmi les \u00e9tapes marquantes, nous soulignons le d\u00e9veloppement th\u00e9matique du premier plan national de recherche ; la conception et la mise en \u0153uvre de l\u2019\u00e9valuation de l\u2019activit\u00e9 de recherche ; et la cr\u00e9ation de la Commission Nationale d&#039;Evaluation de l&#039;Activit\u00e9 de Recherche (CNEAI), dont elle a \u00e9t\u00e9 coordinatrice g\u00e9n\u00e9rale. Durant son passage au CNEAI, il a contribu\u00e9 \u00e0 \u00e9tablir de nouveaux crit\u00e8res d&#039;\u00e9valuation des programmes d&#039;\u00e9tudes en sciences et en ing\u00e9nierie de l&#039;environnement, divisant ces derni\u00e8res en trois domaines.<\/p>\n\n\n\n<p>En raison des m\u00e9rites du Dr Crespo, comme je l&#039;ai mentionn\u00e9 au d\u00e9but, l&#039;Acad\u00e9mie royale des sciences exactes, physiques et naturelles l&#039;a d&#039;abord int\u00e9gr\u00e9e \u00e0 l&#039;institution et en 2024 l&#039;a nomm\u00e9e pr\u00e9sidente.<\/p>\n\n\n\n<p>Cette candidature est appuy\u00e9e par le Minist\u00e8re. de Botanique, d&#039;\u00c9cologie et de Physiologie de notre universit\u00e9 ; Dans le domaine de la botanique, qui en a \u00e9t\u00e9 le promoteur, non seulement les membres actuels mais aussi les professeurs retrait\u00e9s et les professeurs titulaires l&#039;approuvent.<\/p>\n\n\n\n<p>Elle est \u00e9galement approuv\u00e9e par la Facult\u00e9 des Sciences, par les docteurs honoris causa et par les anciens recteurs de notre universit\u00e9, et a \u00e9t\u00e9 approuv\u00e9e par le Conseil d&#039;administration lors de sa derni\u00e8re session.<\/p>\n\n\n\n<p>\u00c9tant donn\u00e9 les m\u00e9rites du Dr Crespo de las Casas dans les domaines de la recherche scientifique, de l&#039;enseignement et du travail qu&#039;elle a r\u00e9alis\u00e9 pour les universit\u00e9s espagnoles, elle est consid\u00e9r\u00e9e digne du titre de Docteur Honoris Causa de l&#039;Universit\u00e9 de La Laguna, et je demande donc l&#039;approbation de ce S\u00e9nat.<\/p>\n\n\n\n<p class=\"has-text-align-right\"><strong>Mar\u00eda Isabel Tejedor Salguero<\/strong><\/p>\n\n\n\n<p class=\"has-text-align-right\"><strong>Proposition de candidature soumise au Clo\u00eetre <\/strong><br><strong>24 f\u00e9vrier 2025<\/strong><\/p>\n<\/div><\/div><\/div>\n\n\n\n<div class=\"wp-block-stackable-column stk-block-column stk-column stk-block stk-25b306a\" data-v=\"4\" data-block-id=\"25b306a\"><style>@media screen and (min-width: 768px){.stk-25b306a {flex:var(--stk-flex-grow, 1) 1 calc(38% - var(--stk-column-gap, 0px) * 1 \/ 2 ) !important;}}<\/style><div class=\"stk-column-wrapper stk-block-column__content stk-container stk-25b306a-container stk--no-background stk--no-padding\"><div class=\"stk-block-content stk-inner-blocks stk-25b306a-inner-blocks\">\n<div class=\"wp-block-stackable-heading stk-block-heading stk-block-heading--v2 stk-block stk-85a5815 stk-block-background\" id=\"span-style-color-ffffff-class-stk-highlight-a-href-https-drive-google-com-file-d-1-wd-ur-vayd-sxk-an-x-h-0-g-rm-eh-54-r-i-tpr-6-view-usp-sharing-data-type-link-data-id-https-drive-google-com-file-d-1-wd-ur-vayd-sxk-an-x-h-0-g-rm-eh-54-r-i-tpr-6-view-usp-sharing-target-blank-rel-noreferrer-noopener-version-leida-en-el-acto-a-span\" data-block-id=\"85a5815\"><style>.stk-85a5815 {background-color:#ffc100 !important;padding-top:5% !important;padding-bottom:2% !important;margin-bottom:30px !important;}.stk-85a5815:before{background-color:#ffc100 !important;}.stk-85a5815 .stk-block-heading__text{color:#ffffff !important;font-weight:700 !important;}<\/style><h2 class=\"stk-block-heading__text has-text-color has-text-align-center\"><span style=\"color: #ffffff;\" class=\"stk-highlight\"><a href=\"https:\/\/drive.google.com\/file\/d\/1Wd_UrVaydSxkAnX_h0gRmEH54R-iTPR6\/view?usp=sharing\" data-type=\"link\" data-id=\"https:\/\/drive.google.com\/file\/d\/1Wd_UrVaydSxkAnX_h0gRmEH54R-iTPR6\/view?usp=sharing\" target=\"_blank\" rel=\"noreferrer noopener\">VERSION LUE SUR LA LOI<\/a><\/span><\/h2><\/div>\n\n\n\n<div class=\"wp-block-stackable-text stk-block-text stk-block stk-bde41bd\" data-block-id=\"bde41bd\"><style>.stk-bde41bd .stk-block-text__text{font-size:20px !important;}@media screen and (max-width: 1023px){.stk-bde41bd .stk-block-text__text{font-size:20px !important;}}<\/style><p class=\"stk-block-text__text has-text-align-center\"><\/p><\/div>\n\n\n\n<div class=\"wp-block-stackable-image stk-block-image stk-block stk-d1d7398\" data-block-id=\"d1d7398\"><style>.stk-d1d7398 .stk-img-wrapper{width:90% !important;}<\/style><figure><span class=\"stk-img-wrapper stk-image--shape-stretch\"><img loading=\"lazy\" decoding=\"async\" class=\"stk-img wp-image-17243\" src=\"https:\/\/www.ull.es\/la-universidad\/wp-content\/uploads\/sites\/2\/2025\/01\/Mockup-web-honoris-causa_Iconos.png\" width=\"276\" height=\"276\" srcset=\"https:\/\/www.ull.es\/la-universidad\/wp-content\/uploads\/sites\/2\/2025\/01\/Mockup-web-honoris-causa_Iconos.png 276w, https:\/\/www.ull.es\/la-universidad\/wp-content\/uploads\/sites\/2\/2025\/01\/Mockup-web-honoris-causa_Iconos-150x150.png 150w, https:\/\/www.ull.es\/la-universidad\/wp-content\/uploads\/sites\/2\/2025\/01\/Mockup-web-honoris-causa_Iconos-50x50.png 50w\" sizes=\"auto, (max-width: 276px) 100vw, 276px\" \/><\/span><\/figure><\/div>\n<\/div><\/div><\/div>\n<\/div><\/div>\n<\/div><\/div><\/div>\n<\/div><\/div>\n\n\n\n<p><\/p>","protected":false},"excerpt":{"rendered":"<p>Ana Mar\u00eda Crespo de las Casas, biologiste de Tenerife, est pr\u00e9sidente de l&#039;Acad\u00e9mie royale des sciences exactes, physiques et naturelles depuis juin 2024. Elle a rejoint l&#039;institution en novembre 2012 en tant que membre titulaire et a pris la pr\u00e9sidence de la Section des sciences naturelles\u2026<\/p>","protected":false},"author":67,"featured_media":0,"parent":18285,"menu_order":0,"comment_status":"closed","ping_status":"closed","template":"templates\/template-frontpage.php","meta":{"footnotes":""},"class_list":["post-18293","page","type-page","status-publish","hentry"],"_links":{"self":[{"href":"https:\/\/www.ull.es\/la-universidad\/fr\/wp-json\/wp\/v2\/pages\/18293","targetHints":{"allow":["GET"]}}],"collection":[{"href":"https:\/\/www.ull.es\/la-universidad\/fr\/wp-json\/wp\/v2\/pages"}],"about":[{"href":"https:\/\/www.ull.es\/la-universidad\/fr\/wp-json\/wp\/v2\/types\/page"}],"author":[{"embeddable":true,"href":"https:\/\/www.ull.es\/la-universidad\/fr\/wp-json\/wp\/v2\/users\/67"}],"replies":[{"embeddable":true,"href":"https:\/\/www.ull.es\/la-universidad\/fr\/wp-json\/wp\/v2\/comments?post=18293"}],"version-history":[{"count":21,"href":"https:\/\/www.ull.es\/la-universidad\/fr\/wp-json\/wp\/v2\/pages\/18293\/revisions"}],"predecessor-version":[{"id":18411,"href":"https:\/\/www.ull.es\/la-universidad\/fr\/wp-json\/wp\/v2\/pages\/18293\/revisions\/18411"}],"up":[{"embeddable":true,"href":"https:\/\/www.ull.es\/la-universidad\/fr\/wp-json\/wp\/v2\/pages\/18285"}],"wp:attachment":[{"href":"https:\/\/www.ull.es\/la-universidad\/fr\/wp-json\/wp\/v2\/media?parent=18293"}],"curies":[{"name":"wp","href":"https:\/\/api.w.org\/{rel}","templated":true}]}}