{"id":18298,"date":"2025-04-24T10:19:54","date_gmt":"2025-04-24T10:19:54","guid":{"rendered":"https:\/\/www.ull.es\/la-universidad\/?page_id=18298"},"modified":"2025-05-06T18:02:45","modified_gmt":"2025-05-06T18:02:45","slug":"john-mather","status":"publish","type":"page","link":"https:\/\/www.ull.es\/la-universidad\/fr\/honoris-causa-2025\/john-mather\/","title":{"rendered":"John Mather"},"content":{"rendered":"<div class=\"wp-block-stackable-columns alignfull stk-block-columns stk-block stk-bf13746 stk-block-background stk--has-background-overlay\" data-block-id=\"bf13746\"><style>.stk-bf13746 .stk--block-align-bf13746{align-items:center !important;}.stk-bf13746 {background-image:url(https:\/\/www.ull.es\/la-universidad\/wp-content\/uploads\/sites\/2\/2025\/04\/John_3.jpg) !important;background-position:center right !important;background-repeat:no-repeat !important;background-size:cover !important;padding-bottom:10% !important;margin-top:-2% !important;margin-bottom:0.25% !important;}<\/style><div class=\"stk-row stk-inner-blocks stk--block-align-bf13746 stk-block-content stk-content-align stk-bf13746-column alignfull\">\n<div class=\"wp-block-stackable-column stk-block-column stk-column stk-block stk-52369c8\" data-v=\"4\" data-block-id=\"52369c8\"><div class=\"stk-column-wrapper stk-block-column__content stk-container stk-52369c8-container stk--no-background stk--no-padding\"><div class=\"stk-block-content stk-inner-blocks stk-52369c8-inner-blocks\">\n<div class=\"wp-block-stackable-columns alignwide stk-block-columns stk-block stk-09efffd\" data-block-id=\"09efffd\"><div class=\"stk-row stk-inner-blocks stk-block-content stk-content-align stk-09efffd-column alignwide\">\n<div class=\"wp-block-stackable-column stk-block-column stk-column stk-block stk-079e619\" data-v=\"4\" data-block-id=\"079e619\"><div class=\"stk-column-wrapper stk-block-column__content stk-container stk-079e619-container stk--no-background stk--no-padding\"><div class=\"stk-block-content stk-inner-blocks stk-079e619-inner-blocks\">\n<div class=\"wp-block-stackable-image aligncenter stk-block-image has-text-align-left stk-block stk-bcd1559\" data-block-id=\"bcd1559\"><style>.stk-bcd1559 .stk-img-wrapper{width:35% !important;}<\/style><figure><span class=\"stk-img-wrapper stk-image--shape-stretch\"><img loading=\"lazy\" decoding=\"async\" class=\"stk-img wp-image-18273\" src=\"https:\/\/www.ull.es\/la-universidad\/wp-content\/uploads\/sites\/2\/2025\/04\/Acto-de-investidura-Honoris-MAYO_Titulo-John.png\" width=\"447\" height=\"408\" srcset=\"https:\/\/www.ull.es\/la-universidad\/wp-content\/uploads\/sites\/2\/2025\/04\/Acto-de-investidura-Honoris-MAYO_Titulo-John.png 447w, https:\/\/www.ull.es\/la-universidad\/wp-content\/uploads\/sites\/2\/2025\/04\/Acto-de-investidura-Honoris-MAYO_Titulo-John-300x274.png 300w, https:\/\/www.ull.es\/la-universidad\/wp-content\/uploads\/sites\/2\/2025\/04\/Acto-de-investidura-Honoris-MAYO_Titulo-John-13x12.png 13w, https:\/\/www.ull.es\/la-universidad\/wp-content\/uploads\/sites\/2\/2025\/04\/Acto-de-investidura-Honoris-MAYO_Titulo-John-375x342.png 375w\" sizes=\"auto, (max-width: 447px) 100vw, 447px\" \/><\/span><\/figure><\/div>\n<\/div><\/div><\/div>\n<\/div><\/div>\n<\/div><\/div><\/div>\n<\/div><\/div>\n\n\n\n<div class=\"wp-block-stackable-columns alignfull stk-block-columns stk-block stk-593da1e\" data-block-id=\"593da1e\"><style>.stk-593da1e {padding-top:0% !important;}<\/style><div class=\"stk-row stk-inner-blocks stk-block-content stk-content-align stk-593da1e-column alignfull\">\n<div class=\"wp-block-stackable-column stk-block-column stk-column stk-block stk-614a277\" data-v=\"4\" data-block-id=\"614a277\"><div class=\"stk-column-wrapper stk-block-column__content stk-container stk-614a277-container stk--no-background stk--no-padding\"><div class=\"stk-block-content stk-inner-blocks stk-614a277-inner-blocks\">\n<div class=\"wp-block-stackable-columns alignwide stk-block-columns stk-block stk-2fea7a6\" data-block-id=\"2fea7a6\"><style>.stk-2fea7a6 {padding-right:10% !important;padding-left:5% !important;}.stk-2fea7a6-column{--stk-columns-spacing:12px !important;--stk-column-gap:50px !important;}<\/style><div class=\"stk-row stk-inner-blocks stk-block-content stk-content-align stk-2fea7a6-column alignwide\">\n<div class=\"wp-block-stackable-column stk-block-column stk-column stk-block stk-2f0dfa9\" data-v=\"4\" data-block-id=\"2f0dfa9\"><style>@media screen and (min-width: 768px){.stk-2f0dfa9 {flex:var(--stk-flex-grow, 1) 1 calc(55% - var(--stk-column-gap, 0px) * 1 \/ 2 ) !important;}}<\/style><div class=\"stk-column-wrapper stk-block-column__content stk-container stk-2f0dfa9-container stk--no-background stk--no-padding\"><div class=\"stk-block-content stk-inner-blocks stk-2f0dfa9-inner-blocks\">\n<div class=\"wp-block-stackable-text stk-block-text stk-block stk-1102a30\" data-block-id=\"1102a30\"><style>.stk-1102a30 .stk-block-text__text{font-size:18px !important;}@media screen and (max-width: 1023px){.stk-1102a30 .stk-block-text__text{font-size:18px !important;}}<\/style><p class=\"stk-block-text__text\"><a href=\"https:\/\/www.ull.es\/la-universidad\/honoris-causa-2025\/\" target=\"_blank\" rel=\"noreferrer noopener\">Honoris Causa<\/a>&nbsp;\u00bb John C. Mather<\/p><\/div>\n\n\n\n<div class=\"wp-block-stackable-image stk-block-image has-text-align-left stk-block stk-bade6cd\" data-block-id=\"bade6cd\"><style>.stk-bade6cd {margin-bottom:40px !important;}.stk-bade6cd .stk-img-wrapper{width:100% !important;}<\/style><figure><span class=\"stk-img-wrapper stk-image--shape-stretch\"><img loading=\"lazy\" decoding=\"async\" class=\"stk-img wp-image-17257\" src=\"https:\/\/www.ull.es\/la-universidad\/wp-content\/uploads\/sites\/2\/2025\/01\/Mockup-web-honoris-causa_Trayectoria.png\" width=\"692\" height=\"138\" srcset=\"https:\/\/www.ull.es\/la-universidad\/wp-content\/uploads\/sites\/2\/2025\/01\/Mockup-web-honoris-causa_Trayectoria.png 692w, https:\/\/www.ull.es\/la-universidad\/wp-content\/uploads\/sites\/2\/2025\/01\/Mockup-web-honoris-causa_Trayectoria-300x60.png 300w, https:\/\/www.ull.es\/la-universidad\/wp-content\/uploads\/sites\/2\/2025\/01\/Mockup-web-honoris-causa_Trayectoria-375x75.png 375w\" sizes=\"auto, (max-width: 692px) 100vw, 692px\" \/><\/span><\/figure><\/div>\n\n\n\n<div class=\"wp-block-stackable-text stk-block-text stk-block stk-8a32b18\" data-block-id=\"8a32b18\"><style>.stk-8a32b18 {margin-bottom:10px !important;}<\/style><p class=\"stk-block-text__text\"><a href=\"https:\/\/es.wikipedia.org\/wiki\/John_Mather\" data-type=\"link\" data-id=\"https:\/\/es.wikipedia.org\/wiki\/John_Mather\" target=\"_blank\" rel=\"noreferrer noopener\">John Cromwell Mather<\/a> (7 ao\u00fbt 1946) est un astrophysicien et cosmologiste am\u00e9ricain qui a re\u00e7u le prix Nobel de physique pour ses travaux sur le satellite Cosmic Background Explorer (COBE) avec George Smoot. Ce travail a contribu\u00e9 \u00e0 consolider la th\u00e9orie du Big Bang de l\u2019univers. Selon le comit\u00e9 du prix Nobel, \u00ab le projet COBE peut \u00e9galement \u00eatre consid\u00e9r\u00e9 comme le point de d\u00e9part de la cosmologie en tant que science de pr\u00e9cision \u00bb.<\/p><\/div>\n\n\n\n<p>Il a obtenu son B.S. en physique en 1968 du Swarthmore College et son doctorat. en 1974 de l&#039;Universit\u00e9 de Californie \u00e0 Berkeley. Il est astrophysicien principal au Goddard Space Flight Center (GSFC) de la NASA dans le Maryland et professeur adjoint de physique au College of Computer, Mathematical and Natural Sciences de l&#039;Universit\u00e9 du Maryland.<\/p>\n\n\n\n<p>Il a \u00e9t\u00e9 responsable du projet de t\u00e9lescope spatial James Webb (JWST) ; Il a pr\u00e9c\u00e9demment organis\u00e9 et dirig\u00e9 la proposition qui a conduit au satellite COBE (Cosmic Background Explorer) et a \u00e9galement \u00e9t\u00e9 chercheur principal de l&#039;instrument FIRAS, qui a mesur\u00e9 le spectre du fond diffus cosmologique, pour lequel il a re\u00e7u son prix Nobel. En 2007, le magazine Time a class\u00e9 Mather parmi les 100 personnes les plus influentes au monde. En octobre 2012, le magazine Time l&#039;a de nouveau inclus dans un num\u00e9ro sp\u00e9cial sur les nouvelles d\u00e9couvertes spatiales comme l&#039;une des 25 personnes les plus influentes dans l&#039;espace.<\/p>\n\n\n\n<p>Son parrain est l&#039;astrophysicien et docteur honoris causa de l&#039;Universit\u00e9 de La Laguna, John Beckam.<\/p>\n<\/div><\/div><\/div>\n\n\n\n<div class=\"wp-block-stackable-column stk-block-column stk-column stk-block stk-25b306a\" data-v=\"4\" data-block-id=\"25b306a\"><style>@media screen and (min-width: 768px){.stk-25b306a {flex:var(--stk-flex-grow, 1) 1 calc(45% - var(--stk-column-gap, 0px) * 1 \/ 2 ) !important;}}<\/style><div class=\"stk-column-wrapper stk-block-column__content stk-container stk-25b306a-container stk--no-background stk--no-padding\"><div class=\"stk-block-content stk-inner-blocks stk-25b306a-inner-blocks\">\n<div class=\"wp-block-stackable-spacer stk-block-spacer stk--no-padding stk-block stk-27392cb\" data-block-id=\"27392cb\"><style>.stk-27392cb {height:180px !important;}<\/style><\/div>\n\n\n\n<div class=\"wp-block-stackable-heading stk-block-heading stk-block-heading--v2 stk-block stk-85a5815 stk-block-background\" id=\"a-href-https-www-ull-es-la-universidad-honoris-causa-2025-ana-maria-crespo-laudatio-john-c-mather-span-style-color-ffffff-class-stk-highlight-laudatio-span-a\" data-block-id=\"85a5815\"><style>.stk-85a5815 {background-color:#ffc100 !important;padding-top:2% !important;padding-bottom:2% !important;margin-bottom:50px !important;}.stk-85a5815:before{background-color:#ffc100 !important;}.stk-85a5815 .stk-block-heading__text{color:#ffffff !important;font-weight:700 !important;}<\/style><h2 class=\"stk-block-heading__text has-text-color has-text-align-center\"><a href=\"https:\/\/www.ull.es\/la-universidad\/honoris-causa-2025\/ana-maria-crespo\/laudatio-john-c-mather\/\" target=\"_blank\" rel=\"noopener\"><span style=\"color: #ffffff;\" class=\"stk-highlight\">LAUDATIO<\/span><\/a><\/h2><\/div>\n\n\n\n<div class=\"wp-block-stackable-heading stk-block-heading stk-block-heading--v2 stk-block stk-873311a stk-block-background\" id=\"span-style-color-ffffff-class-stk-highlight-a-href-https-drive-google-com-file-d-1-vey-dtgd-8-tj-z-fc-jx-f-4-ao-ebr-ko-3-ynob-py-0-view-usp-sharing-data-type-link-data-id-https-drive-google-com-file-d-1-vey-dtgd-8-tj-z-fc-jx-f-4-ao-ebr-ko-3-ynob-py-0-view-usp-sharing-target-blank-rel-noreferrer-noopener-discurso-de-ingreso-a-span\" data-block-id=\"873311a\"><style>.stk-873311a {background-color:#5c068c !important;padding-top:3% !important;padding-bottom:2% !important;margin-bottom:38px !important;}.stk-873311a:before{background-color:#5c068c !important;}.stk-873311a .stk-block-heading__text{color:#ffffff !important;font-weight:700 !important;}<\/style><h2 class=\"stk-block-heading__text has-text-color has-text-align-center\"><span style=\"color: #ffffff;\" class=\"stk-highlight\"><a href=\"https:\/\/drive.google.com\/file\/d\/1VeyDtgd8tjZFcJxF4AOEbrKo3YnobPY0\/view?usp=sharing\" data-type=\"link\" data-id=\"https:\/\/drive.google.com\/file\/d\/1VeyDtgd8tjZFcJxF4AOEbrKo3YnobPY0\/view?usp=sharing\" target=\"_blank\" rel=\"noreferrer noopener\">DISCOURS D&#039;INDUCTION<\/a><\/span><\/h2><\/div>\n\n\n\n<div class=\"wp-block-stackable-text stk-block-text stk-block stk-3350e72\" data-block-id=\"3350e72\"><style>.stk-3350e72 .stk-block-text__text{font-size:20px !important;}@media screen and (max-width: 1023px){.stk-3350e72 .stk-block-text__text{font-size:20px !important;}}<\/style><p class=\"stk-block-text__text has-text-align-center\"><\/p><\/div>\n\n\n\n<div class=\"wp-block-stackable-image stk-block-image stk-block stk-d1d7398\" data-block-id=\"d1d7398\"><style>.stk-d1d7398 .stk-img-wrapper{width:80% !important;}<\/style><figure><span class=\"stk-img-wrapper stk-image--shape-stretch\"><img loading=\"lazy\" decoding=\"async\" class=\"stk-img wp-image-17243\" src=\"https:\/\/www.ull.es\/la-universidad\/wp-content\/uploads\/sites\/2\/2025\/01\/Mockup-web-honoris-causa_Iconos.png\" width=\"276\" height=\"276\" srcset=\"https:\/\/www.ull.es\/la-universidad\/wp-content\/uploads\/sites\/2\/2025\/01\/Mockup-web-honoris-causa_Iconos.png 276w, https:\/\/www.ull.es\/la-universidad\/wp-content\/uploads\/sites\/2\/2025\/01\/Mockup-web-honoris-causa_Iconos-150x150.png 150w, https:\/\/www.ull.es\/la-universidad\/wp-content\/uploads\/sites\/2\/2025\/01\/Mockup-web-honoris-causa_Iconos-50x50.png 50w\" sizes=\"auto, (max-width: 276px) 100vw, 276px\" \/><\/span><\/figure><\/div>\n<\/div><\/div><\/div>\n<\/div><\/div>\n<\/div><\/div><\/div>\n<\/div><\/div>","protected":false},"excerpt":{"rendered":"<p>John C. Mather (7 ao\u00fbt 1946) est un astrophysicien et cosmologiste am\u00e9ricain qui a re\u00e7u le prix Nobel de physique pour ses travaux sur l&#039;Explorateur du Fond Cosmique (COBE) avec George Smoot. Ces travaux ont contribu\u00e9 \u00e0 consolider la th\u00e9orie du Big Bang de l&#039;univers. Selon\u2026<\/p>","protected":false},"author":67,"featured_media":0,"parent":18267,"menu_order":0,"comment_status":"closed","ping_status":"closed","template":"templates\/template-frontpage.php","meta":{"footnotes":""},"class_list":["post-18298","page","type-page","status-publish","hentry"],"_links":{"self":[{"href":"https:\/\/www.ull.es\/la-universidad\/fr\/wp-json\/wp\/v2\/pages\/18298","targetHints":{"allow":["GET"]}}],"collection":[{"href":"https:\/\/www.ull.es\/la-universidad\/fr\/wp-json\/wp\/v2\/pages"}],"about":[{"href":"https:\/\/www.ull.es\/la-universidad\/fr\/wp-json\/wp\/v2\/types\/page"}],"author":[{"embeddable":true,"href":"https:\/\/www.ull.es\/la-universidad\/fr\/wp-json\/wp\/v2\/users\/67"}],"replies":[{"embeddable":true,"href":"https:\/\/www.ull.es\/la-universidad\/fr\/wp-json\/wp\/v2\/comments?post=18298"}],"version-history":[{"count":14,"href":"https:\/\/www.ull.es\/la-universidad\/fr\/wp-json\/wp\/v2\/pages\/18298\/revisions"}],"predecessor-version":[{"id":18412,"href":"https:\/\/www.ull.es\/la-universidad\/fr\/wp-json\/wp\/v2\/pages\/18298\/revisions\/18412"}],"up":[{"embeddable":true,"href":"https:\/\/www.ull.es\/la-universidad\/fr\/wp-json\/wp\/v2\/pages\/18267"}],"wp:attachment":[{"href":"https:\/\/www.ull.es\/la-universidad\/fr\/wp-json\/wp\/v2\/media?parent=18298"}],"curies":[{"name":"wp","href":"https:\/\/api.w.org\/{rel}","templated":true}]}}