{"id":18301,"date":"2025-04-24T10:22:38","date_gmt":"2025-04-24T10:22:38","guid":{"rendered":"https:\/\/www.ull.es\/la-universidad\/?page_id=18301"},"modified":"2025-05-06T18:04:52","modified_gmt":"2025-05-06T18:04:52","slug":"laudatio-john-c-mather","status":"publish","type":"page","link":"https:\/\/www.ull.es\/la-universidad\/fr\/honoris-causa-2025\/john-mather\/laudatio-john-c-mather\/","title":{"rendered":"Laudatio"},"content":{"rendered":"<div class=\"wp-block-stackable-columns alignfull stk-block-columns stk-block stk-bf13746 stk-block-background stk--has-background-overlay\" data-block-id=\"bf13746\"><style>.stk-bf13746 .stk--block-align-bf13746{align-items:center !important;}.stk-bf13746 {background-image:url(https:\/\/www.ull.es\/la-universidad\/wp-content\/uploads\/sites\/2\/2025\/04\/John_3.jpg) !important;background-position:top center !important;background-repeat:no-repeat !important;background-size:cover !important;padding-bottom:20% !important;margin-top:-2% !important;}<\/style><div class=\"stk-row stk-inner-blocks stk--block-align-bf13746 stk-block-content stk-content-align stk-bf13746-column alignfull\">\n<div class=\"wp-block-stackable-column stk-block-column stk-column stk-block stk-52369c8\" data-v=\"4\" data-block-id=\"52369c8\"><div class=\"stk-column-wrapper stk-block-column__content stk-container stk-52369c8-container stk--no-background stk--no-padding\"><div class=\"stk-block-content stk-inner-blocks stk-52369c8-inner-blocks\">\n<div class=\"wp-block-stackable-columns alignfull stk-block-columns stk-block stk-09efffd\" data-block-id=\"09efffd\"><style>.stk-09efffd {padding-top:3% !important;padding-right:10% !important;}<\/style><div class=\"stk-row stk-inner-blocks stk-block-content stk-content-align stk-09efffd-column alignfull\">\n<div class=\"wp-block-stackable-column stk-block-column stk-column stk-block stk-079e619\" data-v=\"4\" data-block-id=\"079e619\"><div class=\"stk-column-wrapper stk-block-column__content stk-container stk-079e619-container stk--no-background stk--no-padding\"><div class=\"stk-block-content stk-inner-blocks stk-079e619-inner-blocks\">\n<div class=\"wp-block-stackable-image aligncenter stk-block-image has-text-align-left stk-block stk-bcd1559\" data-block-id=\"bcd1559\"><style>.stk-bcd1559 .stk-img-wrapper{width:40% !important;}<\/style><figure><span class=\"stk-img-wrapper stk-image--shape-stretch\"><img loading=\"lazy\" decoding=\"async\" class=\"stk-img wp-image-17362\" src=\"https:\/\/www.ull.es\/la-universidad\/wp-content\/uploads\/sites\/2\/2025\/01\/Mockup-web-honoris-causa-25.png\" width=\"581\" height=\"148\" srcset=\"https:\/\/www.ull.es\/la-universidad\/wp-content\/uploads\/sites\/2\/2025\/01\/Mockup-web-honoris-causa-25.png 581w, https:\/\/www.ull.es\/la-universidad\/wp-content\/uploads\/sites\/2\/2025\/01\/Mockup-web-honoris-causa-25-300x76.png 300w, https:\/\/www.ull.es\/la-universidad\/wp-content\/uploads\/sites\/2\/2025\/01\/Mockup-web-honoris-causa-25-375x96.png 375w\" sizes=\"auto, (max-width: 581px) 100vw, 581px\" \/><\/span><\/figure><\/div>\n<\/div><\/div><\/div>\n<\/div><\/div>\n<\/div><\/div><\/div>\n<\/div><\/div>\n\n\n\n<div class=\"wp-block-stackable-columns alignfull stk-block-columns stk-block stk-593da1e\" data-block-id=\"593da1e\"><div class=\"stk-row stk-inner-blocks stk-block-content stk-content-align stk-593da1e-column alignfull\">\n<div class=\"wp-block-stackable-column stk-block-column stk-column stk-block stk-614a277\" data-v=\"4\" data-block-id=\"614a277\"><div class=\"stk-column-wrapper stk-block-column__content stk-container stk-614a277-container stk--no-background stk--no-padding\"><div class=\"stk-block-content stk-inner-blocks stk-614a277-inner-blocks\">\n<div class=\"wp-block-stackable-columns alignwide stk-block-columns stk-block stk-2fea7a6\" data-block-id=\"2fea7a6\"><style>.stk-2fea7a6 {padding-right:5% !important;padding-left:5% !important;}.stk-2fea7a6-column{--stk-columns-spacing:12px !important;--stk-column-gap:50px !important;}<\/style><div class=\"stk-row stk-inner-blocks stk-block-content stk-content-align stk-2fea7a6-column alignwide\">\n<div class=\"wp-block-stackable-column stk-block-column stk-column stk-block stk-2f0dfa9\" data-v=\"4\" data-block-id=\"2f0dfa9\"><style>@media screen and (min-width: 768px){.stk-2f0dfa9 {flex:var(--stk-flex-grow, 1) 1 calc(62% - var(--stk-column-gap, 0px) * 1 \/ 2 ) !important;}}<\/style><div class=\"stk-column-wrapper stk-block-column__content stk-container stk-2f0dfa9-container stk--no-background stk--no-padding\"><div class=\"stk-block-content stk-inner-blocks stk-2f0dfa9-inner-blocks\">\n<div class=\"wp-block-stackable-text stk-block-text stk-block stk-1cc959a\" data-block-id=\"1cc959a\"><p class=\"stk-block-text__text\"><a href=\"https:\/\/www.ull.es\/la-universidad\/honoris-causa-2025\/\" target=\"_blank\" rel=\"noreferrer noopener\">Honoris Causa<\/a>&nbsp;\u00bb&nbsp;<a href=\"https:\/\/www.ull.es\/la-universidad\/honoris-causa-2025\/john-mather\/\" target=\"_blank\" rel=\"noreferrer noopener\">John C. Mather<\/a>&nbsp;\u00bb Laudatio<\/p><\/div>\n\n\n\n<div class=\"wp-block-stackable-image stk-block-image has-text-align-left stk-block stk-bade6cd\" data-block-id=\"bade6cd\"><style>.stk-bade6cd .stk-img-wrapper{width:100% !important;}<\/style><figure><span class=\"stk-img-wrapper stk-image--shape-stretch\"><img loading=\"lazy\" decoding=\"async\" class=\"stk-img wp-image-17257\" src=\"https:\/\/www.ull.es\/la-universidad\/wp-content\/uploads\/sites\/2\/2025\/01\/Mockup-web-honoris-causa_Trayectoria.png\" width=\"692\" height=\"138\" srcset=\"https:\/\/www.ull.es\/la-universidad\/wp-content\/uploads\/sites\/2\/2025\/01\/Mockup-web-honoris-causa_Trayectoria.png 692w, https:\/\/www.ull.es\/la-universidad\/wp-content\/uploads\/sites\/2\/2025\/01\/Mockup-web-honoris-causa_Trayectoria-300x60.png 300w, https:\/\/www.ull.es\/la-universidad\/wp-content\/uploads\/sites\/2\/2025\/01\/Mockup-web-honoris-causa_Trayectoria-375x75.png 375w\" sizes=\"auto, (max-width: 692px) 100vw, 692px\" \/><\/span><\/figure><\/div>\n\n\n\n<div class=\"wp-block-stackable-text stk-block-text stk-block stk-963229e\" data-block-id=\"963229e\"><p class=\"stk-block-text__text\">N\u00e9 \u00e0 Roanoake, Virginie, en 1946, il est dipl\u00f4m\u00e9 en physique du Swarthmore College (1968). Doctorat en physique de l&#039;Universit\u00e9 de Californie, Berkeley (1974).<\/p><\/div>\n\n\n\n<p>Dans le cadre de ses travaux de th\u00e8se, il a con\u00e7u un instrument permettant d&#039;observer le rayonnement de fond cosmologique \u00e9mis par un ballon stratosph\u00e9rique. Les r\u00e9sultats l\u2019ont convaincu de la n\u00e9cessit\u00e9 de r\u00e9aliser des observations depuis l\u2019espace.<\/p>\n\n\n\n<p>Suite \u00e0 son contrat postdoctoral avec le Conseil national de recherches (NRC), au Goddard Institute for Space Studies (1974-1976), il a organis\u00e9 et dirig\u00e9 la proposition qui a conduit au satellite COBE (<em>Explorateur de fond cosmique<\/em>) et a travaill\u00e9 comme \u00ab scientifique d\u2019\u00e9tude \u00bb (1976-1988) et \u00ab scientifique de projet \u00bb (1988-1998).<\/p>\n\n\n\n<p>Il \u00e9tait le chercheur principal de l&#039;instrument FIRAS (<em>Spectrophotom\u00e8tre absolu infrarouge lointain<\/em>), qui a mesur\u00e9 le spectre du fond diffus cosmologique.<\/p>\n\n\n\n<p>En 1995, la NASA le choisit comme scientifique d\u2019\u00e9tude pour le projet \u00ab Next Generation Space Telescope \u00bb. Apr\u00e8s l&#039;approbation du projet, ils l&#039;ont renomm\u00e9 le t\u00e9lescope spatial James Webb (JWST), avec Muther comme scientifique du projet. Il a guid\u00e9 toutes les phases de construction et de mise en service, jusqu&#039;\u00e0 son lancement en 2021 et au-del\u00e0, jusqu&#039;en 2023).<\/p>\n\n\n\n<p>Gr\u00e2ce au FIRAS, le spectre du fond diffus cosmologique (CMB) a \u00e9t\u00e9 observ\u00e9, ce qui a permis d&#039;\u00e9tablir le mod\u00e8le \u00e9volutif de l&#039;univers (\u00ab Big Bang \u00bb), un r\u00e9sultat qui a valu \u00e0 John Mather le prix Nobel de physique en 2006.<\/p>\n\n\n\n<p>Le JWST est un t\u00e9lescope infrarouge dot\u00e9 d&#039;instruments photom\u00e9triques et spectroscopiques, fonctionnant \u00e0 partir du point de Lagrangien L2 sur l&#039;orbite terrestre autour du Soleil, \u00e0 une distance de 1,5 million de kilom\u00e8tres de la Terre elle-m\u00eame. C&#039;est de loin le plus grand t\u00e9lescope jamais mis en orbite. Le projet est un effort combin\u00e9 des trois agences spatiales : la NASA, l\u2019ESA et l\u2019ASC (Agence spatiale canadienne).<\/p>\n\n\n\n<p>Techniquement, sa construction et son lancement \u00e9taient tr\u00e8s complexes, n\u00e9cessitant 14 ans de plus que ce que la NASA avait pr\u00e9vu. Seul le courage d\u2019une personne comme Mather aurait pu mener \u00e0 bien ce projet avec autant de succ\u00e8s.<\/p>\n\n\n\n<p>Ses avantages sont :<\/p>\n\n\n\n<ol class=\"wp-block-list\">\n<li>R\u00e9solution angulaire exceptionnelle (&lt; 0,1 seconde d&#039;arc dans toutes les bandes).<\/li>\n<\/ol>\n\n\n\n<ul class=\"wp-block-list\">\n<li>Une p\u00e9n\u00e9tration \u00e0 travers la poussi\u00e8re interstellaire pour observer directement de nombreux processus.<\/li>\n<\/ul>\n\n\n\n<ul class=\"wp-block-list\">\n<li>Une port\u00e9e tr\u00e8s profonde dans l&#039;univers, atteignant des objets avec \u00ab<em>d\u00e9calage vers le rouge<\/em>\u00ab sup\u00e9rieur \u00e0 10, jusqu\u2019\u00e0 l\u2019\u00e9poque o\u00f9 l\u2019univers avait moins de 500 millions d\u2019ann\u00e9es (son \u00e2ge actuel est de 13,7 milliards d\u2019ann\u00e9es).<\/li>\n<\/ul>\n\n\n\n<p>Il convient de noter que les astrophysiciens de l&#039;Universit\u00e9 de La Laguna et de l&#039;Instituto Astrof\u00edsica de Canarias utilisent le JWST pour observer une vari\u00e9t\u00e9 de domaines, notamment : la physique des ast\u00e9ro\u00efdes et des corps mineurs du syst\u00e8me solaire ; les propri\u00e9t\u00e9s des n\u00e9buleuses plan\u00e9taires ; les structures des galaxies dans l\u2019univers primitif ; fondements de la cosmologie; trous noirs supermassifs dans le noyau des galaxies ; l\u2019abondance des \u00e9l\u00e9ments chimiques dans la Voie lact\u00e9e et dans Androm\u00e8de ; les \u00e9toiles chaudes dans les Nuages de Magellan ; et la formation d\u2019\u00e9toiles autour des noyaux galactiques.<\/p>\n\n\n\n<p>Mather continue de travailler \u00e0 la NASA (au Goddard Center), une organisation qui a accept\u00e9 dans la phase d&#039;\u00e9tude son projet de \u00ab satellite pare-soleil \u00bb pour occulter des \u00e9toiles individuelles et ainsi faciliter, de mani\u00e8re impressionnante, l&#039;\u00e9tude de leurs (exo)plan\u00e8tes. Il serait disponible en orbite pour \u00eatre combin\u00e9 avec plusieurs autres satellites dot\u00e9s de diff\u00e9rents types d\u2019instrumentation.<\/p>\n\n\n\n<p>John Mather sera \u00e0 La Palma fin avril pour le festival Starmus 7, ce qui est une bonne occasion de lui d\u00e9cerner un doctorat honorifique de l&#039;Universit\u00e9 de La Laguna. En route vers cette r\u00e9union, Mather donnera une conf\u00e9rence au XVIIe Congr\u00e8s des \u00e9tudiants en physique et, le 9 mai, il donnera une autre conf\u00e9rence au Mus\u00e9e des sciences et du cosmos.<\/p>\n\n\n\n<p class=\"has-text-align-right\"><strong>John Beckham<\/strong><\/p>\n\n\n\n<p class=\"has-text-align-right\"><strong>Proposition de candidature soumise \u00e0 <\/strong><br><strong>le Clo\u00eetre le 24 f\u00e9vrier 2025<\/strong><\/p>\n<\/div><\/div><\/div>\n\n\n\n<div class=\"wp-block-stackable-column stk-block-column stk-column stk-block stk-25b306a\" data-v=\"4\" data-block-id=\"25b306a\"><style>@media screen and (min-width: 768px){.stk-25b306a {flex:var(--stk-flex-grow, 1) 1 calc(38% - var(--stk-column-gap, 0px) * 1 \/ 2 ) !important;}}<\/style><div class=\"stk-column-wrapper stk-block-column__content stk-container stk-25b306a-container stk--no-background stk--no-padding\"><div class=\"stk-block-content stk-inner-blocks stk-25b306a-inner-blocks\">\n<div class=\"wp-block-stackable-heading stk-block-heading stk-block-heading--v2 stk-block stk-85a5815 stk-block-background\" id=\"span-style-color-ffffff-class-stk-highlight-a-href-https-drive-google-com-file-d-1-b-shdmi-k-zkq-bfd-j-fd-0-q-kivch-eb-xp-dc-de-view-usp-sharing-data-type-link-data-id-https-drive-google-com-file-d-1-b-shdmi-k-zkq-bfd-j-fd-0-q-kivch-eb-xp-dc-de-view-usp-sharing-target-blank-rel-noreferrer-noopener-version-leida-en-el-acto-a-span\" data-block-id=\"85a5815\"><style>.stk-85a5815 {background-color:#ffc100 !important;padding-top:5% !important;padding-bottom:2% !important;margin-bottom:31px !important;}.stk-85a5815:before{background-color:#ffc100 !important;}.stk-85a5815 .stk-block-heading__text{color:#ffffff !important;font-weight:700 !important;}<\/style><h2 class=\"stk-block-heading__text has-text-color has-text-align-center\"><span style=\"color: #ffffff;\" class=\"stk-highlight\"><a href=\"https:\/\/drive.google.com\/file\/d\/1bShdmiKZkqBfdJ_Fd0qKIVCHEbXPDcDe\/view?usp=sharing\" data-type=\"link\" data-id=\"https:\/\/drive.google.com\/file\/d\/1bShdmiKZkqBfdJ_Fd0qKIVCHEbXPDcDe\/view?usp=sharing\" target=\"_blank\" rel=\"noreferrer noopener\">VERSION LUE SUR LA LOI<\/a><\/span><\/h2><\/div>\n\n\n\n<div class=\"wp-block-stackable-text stk-block-text stk-block stk-99ec929\" data-block-id=\"99ec929\"><style>.stk-99ec929 .stk-block-text__text{font-size:20px !important;}@media screen and (max-width: 1023px){.stk-99ec929 .stk-block-text__text{font-size:20px !important;}}<\/style><p class=\"stk-block-text__text has-text-align-center\"><\/p><\/div>\n\n\n\n<div class=\"wp-block-stackable-image stk-block-image stk-block stk-d1d7398\" data-block-id=\"d1d7398\"><style>.stk-d1d7398 .stk-img-wrapper{width:90% !important;}<\/style><figure><span class=\"stk-img-wrapper stk-image--shape-stretch\"><img loading=\"lazy\" decoding=\"async\" class=\"stk-img wp-image-17243\" src=\"https:\/\/www.ull.es\/la-universidad\/wp-content\/uploads\/sites\/2\/2025\/01\/Mockup-web-honoris-causa_Iconos.png\" width=\"276\" height=\"276\" srcset=\"https:\/\/www.ull.es\/la-universidad\/wp-content\/uploads\/sites\/2\/2025\/01\/Mockup-web-honoris-causa_Iconos.png 276w, https:\/\/www.ull.es\/la-universidad\/wp-content\/uploads\/sites\/2\/2025\/01\/Mockup-web-honoris-causa_Iconos-150x150.png 150w, https:\/\/www.ull.es\/la-universidad\/wp-content\/uploads\/sites\/2\/2025\/01\/Mockup-web-honoris-causa_Iconos-50x50.png 50w\" sizes=\"auto, (max-width: 276px) 100vw, 276px\" \/><\/span><\/figure><\/div>\n<\/div><\/div><\/div>\n<\/div><\/div>\n<\/div><\/div><\/div>\n<\/div><\/div>","protected":false},"excerpt":{"rendered":"<p>N\u00e9 \u00e0 Roanoake, en Virginie, en 1946, il a obtenu une licence de physique au Swarthmore College (1968). Il a ensuite obtenu un doctorat en physique \u00e0 l&#039;Universit\u00e9 de Californie \u00e0 Berkeley (1974). Dans sa th\u00e8se, il a con\u00e7u un instrument permettant d&#039;observer le rayonnement de fond diffus cosmologique \u00e9mis par un ballon stratosph\u00e9rique. Les r\u00e9sultats l&#039;ont convaincu\u2026<\/p>","protected":false},"author":67,"featured_media":0,"parent":18298,"menu_order":0,"comment_status":"closed","ping_status":"closed","template":"templates\/template-frontpage.php","meta":{"footnotes":""},"class_list":["post-18301","page","type-page","status-publish","hentry"],"_links":{"self":[{"href":"https:\/\/www.ull.es\/la-universidad\/fr\/wp-json\/wp\/v2\/pages\/18301","targetHints":{"allow":["GET"]}}],"collection":[{"href":"https:\/\/www.ull.es\/la-universidad\/fr\/wp-json\/wp\/v2\/pages"}],"about":[{"href":"https:\/\/www.ull.es\/la-universidad\/fr\/wp-json\/wp\/v2\/types\/page"}],"author":[{"embeddable":true,"href":"https:\/\/www.ull.es\/la-universidad\/fr\/wp-json\/wp\/v2\/users\/67"}],"replies":[{"embeddable":true,"href":"https:\/\/www.ull.es\/la-universidad\/fr\/wp-json\/wp\/v2\/comments?post=18301"}],"version-history":[{"count":13,"href":"https:\/\/www.ull.es\/la-universidad\/fr\/wp-json\/wp\/v2\/pages\/18301\/revisions"}],"predecessor-version":[{"id":18434,"href":"https:\/\/www.ull.es\/la-universidad\/fr\/wp-json\/wp\/v2\/pages\/18301\/revisions\/18434"}],"up":[{"embeddable":true,"href":"https:\/\/www.ull.es\/la-universidad\/fr\/wp-json\/wp\/v2\/pages\/18298"}],"wp:attachment":[{"href":"https:\/\/www.ull.es\/la-universidad\/fr\/wp-json\/wp\/v2\/media?parent=18301"}],"curies":[{"name":"wp","href":"https:\/\/api.w.org\/{rel}","templated":true}]}}