{"id":36,"date":"2016-09-01T09:36:35","date_gmt":"2016-09-01T09:36:35","guid":{"rendered":"http:\/\/www.ull.es\/conoce-la-ull\/?page_id=36"},"modified":"2025-10-14T15:20:25","modified_gmt":"2025-10-14T15:20:25","slug":"presentacion-del-rector","status":"publish","type":"page","link":"https:\/\/www.ull.es\/la-universidad\/fr\/presentacion-del-rector\/","title":{"rendered":"Pr\u00e9sentation du Recteur"},"content":{"rendered":"<div class=\"wp-block-stackable-columns stk-block-columns stk-block stk-5f78e59\" data-block-id=\"5f78e59\"><div class=\"stk-row stk-inner-blocks stk-block-content stk-content-align stk-5f78e59-column\">\n<div class=\"wp-block-stackable-column stk-block-column stk-column stk-block stk-d5a3d3e\" data-v=\"4\" data-block-id=\"d5a3d3e\"><style>@media screen and (min-width: 768px){.stk-d5a3d3e {flex:var(--stk-flex-grow, 1) 1 66.7% !important;}}<\/style><div class=\"stk-column-wrapper stk-block-column__content stk-container stk-d5a3d3e-container stk--no-background stk--no-padding\"><div class=\"stk-block-content stk-inner-blocks stk-d5a3d3e-inner-blocks\">\n<h1 class=\"wp-block-heading\">Pr\u00e9sentation du Recteur<\/h1>\n\n\n\n<p><span style=\"font-weight: 400;\">Bienvenue \u00e0 l&#039;Universit\u00e9 de La Laguna, dont le campus principal se trouve dans la ville historique de San Crist\u00f3bal de La Laguna, site du patrimoine mondial. Elle dispose \u00e9galement de centres \u00e0 Santa Cruz de Tenerife et \u00e0 Adeje, sur l&#039;\u00eele de Tenerife, de plusieurs centres affili\u00e9s et d&#039;une succursale sur l&#039;\u00eele de La Palma.&nbsp;<\/span><\/p>\n\n\n\n<p><span style=\"font-weight: 400;\">Une universit\u00e9 atlantique et europ\u00e9enne, mais aussi tr\u00e8s proche de sa r\u00e9alit\u00e9 territoriale. Cr\u00e9\u00e9e en 1792, elle a consolid\u00e9 sa position au XXe si\u00e8cle apr\u00e8s des ouvertures et fermetures successives, cons\u00e9quence des turbulences de son \u00e9poque. L\u2019excellence dans l\u2019enseignement et la recherche, avec une claire vocation de service public et de transfert de connaissances, constitue l\u2019axe central de ce centre acad\u00e9mique.<\/span><\/p>\n\n\n\n<p><span style=\"font-weight: 400;\">L&#039;Universit\u00e9 de La Laguna propose une large gamme de dipl\u00f4mes officiels de premier et de deuxi\u00e8me cycle qui, avec son offre vari\u00e9e de programmes de doctorat, couvrent toutes les branches de la connaissance. \u00c0 cela s&#039;ajoute un vaste catalogue de dipl\u00f4mes et de cours d&#039;extension sp\u00e9cifiques \u00e0 l&#039;universit\u00e9, ainsi qu&#039;une gamme diversifi\u00e9e d&#039;offres culturelles compl\u00e9mentaires. Ann\u00e9e apr\u00e8s ann\u00e9e, de nouveaux dipl\u00f4mes sont ajout\u00e9s et d&#039;autres sont modifi\u00e9s, dans le but de maintenir le catalogue des dipl\u00f4mes aussi \u00e0 jour que possible, afin qu&#039;il soit toujours utile et attrayant pour nos \u00e9tudiants.&nbsp;<\/span><\/p>\n\n\n\n<p><span style=\"font-weight: 400;\">Nous sommes tr\u00e8s clairs sur notre vocation internationale : nous sommes une universit\u00e9 mondiale situ\u00e9e dans un environnement strat\u00e9gique unique, qui nous permet d\u2019\u00eatre pleinement connect\u00e9s aux institutions europ\u00e9ennes, am\u00e9ricaines et africaines, avec lesquelles nous partageons des liens culturels \u00e9troits et une collaboration acad\u00e9mique et scientifique.<\/span><\/p>\n\n\n\n<p><span style=\"font-weight: 400;\">Nous formons des \u00e9tudiants pour le monde, dans un environnement en constante \u00e9volution et avec des d\u00e9fis constants. De nouveaux dirigeants et de nouvelles capacit\u00e9s sont en plein essor et n\u00e9cessitent une formation engag\u00e9e et fond\u00e9e sur des valeurs, comme celle offerte par cette institution.<\/span><\/p>\n\n\n\n<p>Francisco Javier Garc\u00eda Rodr\u00edguez<br>Recteur<\/p>\n<\/div><\/div><\/div>\n\n\n\n<div class=\"wp-block-stackable-column stk-block-column stk-column stk-block stk-22b93a6\" data-v=\"4\" data-block-id=\"22b93a6\"><style>@media screen and (min-width: 768px){.stk-22b93a6 {flex:var(--stk-flex-grow, 1) 1 33.3% !important;}}<\/style><div class=\"stk-column-wrapper stk-block-column__content stk-container stk-22b93a6-container stk--no-background stk--no-padding\"><div class=\"stk-block-content stk-inner-blocks stk-22b93a6-inner-blocks\">\n<div class=\"wp-block-stackable-image stk-block-image stk-block stk-360c155\" data-block-id=\"360c155\"><style>.stk-360c155 .stk-img-wrapper{width:100% !important;}<\/style><figure><span class=\"stk-img-wrapper stk-image--shape-stretch\"><img loading=\"lazy\" decoding=\"async\" class=\"stk-img wp-image-15814\" src=\"https:\/\/www.ull.es\/la-universidad\/wp-content\/uploads\/sites\/2\/2024\/05\/Rector-Francisco-Garcia-2.jpg\" width=\"640\" height=\"640\" srcset=\"https:\/\/www.ull.es\/la-universidad\/wp-content\/uploads\/sites\/2\/2024\/05\/Rector-Francisco-Garcia-2.jpg 640w, https:\/\/www.ull.es\/la-universidad\/wp-content\/uploads\/sites\/2\/2024\/05\/Rector-Francisco-Garcia-2-300x300.jpg 300w, https:\/\/www.ull.es\/la-universidad\/wp-content\/uploads\/sites\/2\/2024\/05\/Rector-Francisco-Garcia-2-150x150.jpg 150w, https:\/\/www.ull.es\/la-universidad\/wp-content\/uploads\/sites\/2\/2024\/05\/Rector-Francisco-Garcia-2-375x375.jpg 375w, https:\/\/www.ull.es\/la-universidad\/wp-content\/uploads\/sites\/2\/2024\/05\/Rector-Francisco-Garcia-2-50x50.jpg 50w\" sizes=\"auto, (max-width: 640px) 100vw, 640px\" \/><\/span><\/figure><\/div>\n\n\n\n<ul class=\"wp-block-list widget-contacto\">\n<li><i class=\"fa fa-phone\"><\/i> (+34) 922 31 94 51<\/li>\n\n\n\n<li><i class=\"fa fa-envelope\"><\/i> <a href=\"mailto:secretaria.rector@ull.es\" target=\"_blank\" rel=\"noopener\">secrector@ull.es<\/a><\/li>\n<\/ul>\n<\/div><\/div><\/div>\n<\/div><\/div>","protected":false},"excerpt":{"rendered":"<p>Pr\u00e9sentation du Recteur Bienvenue \u00e0 l&#039;Universit\u00e9 de La Laguna, dont le campus principal se trouve dans la ville historique de San Crist\u00f3bal de La Laguna, site du patrimoine mondial. Elle dispose \u00e9galement de centres \u00e0 Santa Cruz de Tenerife et \u00e0 Adeje, sur l&#039;\u00eele de Tenerife, de plusieurs centres affili\u00e9s et d&#039;une succursale sur l&#039;\u00eele\u2026<\/p>","protected":false},"author":1,"featured_media":0,"parent":0,"menu_order":0,"comment_status":"closed","ping_status":"closed","template":"templates\/template-100-width.php","meta":{"footnotes":""},"class_list":["post-36","page","type-page","status-publish","hentry"],"_links":{"self":[{"href":"https:\/\/www.ull.es\/la-universidad\/fr\/wp-json\/wp\/v2\/pages\/36","targetHints":{"allow":["GET"]}}],"collection":[{"href":"https:\/\/www.ull.es\/la-universidad\/fr\/wp-json\/wp\/v2\/pages"}],"about":[{"href":"https:\/\/www.ull.es\/la-universidad\/fr\/wp-json\/wp\/v2\/types\/page"}],"author":[{"embeddable":true,"href":"https:\/\/www.ull.es\/la-universidad\/fr\/wp-json\/wp\/v2\/users\/1"}],"replies":[{"embeddable":true,"href":"https:\/\/www.ull.es\/la-universidad\/fr\/wp-json\/wp\/v2\/comments?post=36"}],"version-history":[{"count":51,"href":"https:\/\/www.ull.es\/la-universidad\/fr\/wp-json\/wp\/v2\/pages\/36\/revisions"}],"predecessor-version":[{"id":18521,"href":"https:\/\/www.ull.es\/la-universidad\/fr\/wp-json\/wp\/v2\/pages\/36\/revisions\/18521"}],"wp:attachment":[{"href":"https:\/\/www.ull.es\/la-universidad\/fr\/wp-json\/wp\/v2\/media?parent=36"}],"curies":[{"name":"wp","href":"https:\/\/api.w.org\/{rel}","templated":true}]}}