{"id":395,"date":"2016-09-12T09:17:02","date_gmt":"2016-09-12T09:17:02","guid":{"rendered":"http:\/\/www.ull.es\/conoce-la-ull\/?page_id=395"},"modified":"2026-04-08T11:00:04","modified_gmt":"2026-04-08T11:00:04","slug":"facultades-centros-departamentos","status":"publish","type":"page","link":"https:\/\/www.ull.es\/la-universidad\/fr\/facultades-centros-departamentos\/","title":{"rendered":"Facult\u00e9s, centres et d\u00e9partements"},"content":{"rendered":"<div class=\"wp-block-stackable-heading stk-block-heading stk-block-heading--v2 stk-block stk-588737d\" id=\"facultades-centros-y-departamentos\" data-block-id=\"588737d\"><style>.stk-588737d {margin-bottom:15px !important;}<\/style><h1 class=\"stk-block-heading__text\">Facult\u00e9s, centres et d\u00e9partements<\/h1><\/div>\n\n\n\n<div class=\"wp-block-stackable-columns alignwide stk-block-columns stk-block stk-6300949\" data-block-id=\"6300949\"><style>.stk-6300949 {padding-right:15% !important;padding-left:15% !important;}.stk-6300949-column{--stk-column-gap:15px !important;}<\/style><div class=\"stk-row stk-inner-blocks stk-block-content stk-content-align stk-6300949-column alignwide\">\n<div class=\"wp-block-stackable-column stk-block-column stk-column stk-block stk-31c270f\" data-v=\"4\" data-block-id=\"31c270f\"><div class=\"stk-column-wrapper stk-block-column__content stk-container stk-31c270f-container stk--no-background stk--no-padding\"><div class=\"stk-block-content stk-inner-blocks stk-31c270f-inner-blocks\">\n<div class=\"wp-block-stackable-image stk-block-image stk-block stk-a2565d9\" data-block-id=\"a2565d9\"><style>.stk-a2565d9 {margin-bottom:0px !important;}.stk-a2565d9 .stk-img-wrapper{width:100% !important;}<\/style><figure><span class=\"stk-img-wrapper stk-image--shape-stretch\"><img loading=\"lazy\" decoding=\"async\" class=\"stk-img wp-image-11459\" src=\"https:\/\/www.ull.es\/la-universidad\/wp-content\/uploads\/sites\/2\/2016\/09\/facultad.jpg\" width=\"500\" height=\"300\" srcset=\"https:\/\/www.ull.es\/la-universidad\/wp-content\/uploads\/sites\/2\/2016\/09\/facultad.jpg 500w, https:\/\/www.ull.es\/la-universidad\/wp-content\/uploads\/sites\/2\/2016\/09\/facultad-300x180.jpg 300w, https:\/\/www.ull.es\/la-universidad\/wp-content\/uploads\/sites\/2\/2016\/09\/facultad-375x225.jpg 375w\" sizes=\"auto, (max-width: 500px) 100vw, 500px\" \/><\/span><\/figure><\/div>\n\n\n\n<div class=\"wp-block-stackable-icon-label stk-block-icon-label stk-block stk-0d24b2f stk-block-background\" data-block-id=\"0d24b2f\"><style>.stk-0d24b2f {background-color:#1a1a1a !important;align-items:center !important;padding-top:10px !important;padding-right:10px !important;padding-bottom:10px !important;padding-left:10px !important;display:flex !important;}.stk-0d24b2f:before{background-color:#1a1a1a !important;}<\/style><div class=\"stk-row stk-inner-blocks stk-block-content\">\n<div class=\"wp-block-stackable-heading stk-block-heading stk-block-heading--v2 stk-block stk-721b6ef\" id=\"facultades-y-escuelas\" data-block-id=\"721b6ef\"><style>.stk-721b6ef {padding-bottom:0px !important;}.stk-721b6ef .stk-block-heading__text{font-size:16px !important;color:#ffffff !important;font-weight:400 !important;}@media screen and (max-width: 1023px){.stk-721b6ef .stk-block-heading__text{font-size:16px !important;}}<\/style><h4 class=\"stk-block-heading__text has-text-color\">Facult\u00e9s et \u00e9coles<\/h4><\/div>\n\n\n\n<div class=\"wp-block-stackable-icon stk-block-icon has-text-align-right stk-block stk-b97dcba\" data-block-id=\"b97dcba\"><style>.stk-b97dcba {padding-top:0px !important;}.stk-b97dcba .stk--svg-wrapper .stk--inner-svg svg:last-child{height:18px !important;width:18px !important;}.stk-b97dcba .stk--svg-wrapper .stk--inner-svg svg:last-child, .stk-b97dcba .stk--svg-wrapper .stk--inner-svg svg:last-child :is(g, path, rect, polygon, ellipse){fill:#ffffff !important;}<\/style><span class=\"stk--svg-wrapper\"><div class=\"stk--inner-svg\"><svg style=\"height:0;width:0\"><defs><lineargradient id=\"linear-gradient-b97dcba\" x1=\"0\" x2=\"100%\" y1=\"0\" y2=\"0\"><stop offset=\"0%\" style=\"stop-opacity:1;stop-color:var(--linear-gradient-b-97-dcba-color-1)\"><\/stop><stop offset=\"100%\" style=\"stop-opacity:1;stop-color:var(--linear-gradient-b-97-dcba-color-2)\"><\/stop><\/lineargradient><\/defs><\/svg><svg xmlns=\"http:\/\/www.w3.org\/2000\/svg\" viewbox=\"0 0 320 512\" aria-hidden=\"true\" width=\"32\" height=\"32\"><path d=\"M310.6 233.4c12.5 12.5 12.5 32.8 0 45.3l-192 192c-12.5 12.5-32.8 12.5-45.3 0s-12.5-32.8 0-45.3L242.7 256 73.4 86.6c-12.5-12.5-12.5-32.8 0-45.3s32.8-12.5 45.3 0l192 192z\"\/><\/svg><\/div><\/span><\/div>\n<\/div><\/div>\n<\/div><a class=\"stk-link stk-block-link stk--transparent-overlay\" href=\"https:\/\/www.ull.es\/la-universidad\/facultades-escuelas\/\" aria-hidden=\"true\" tabindex=\"-1\" target=\"_blank\" rel=\"noopener\"><\/a><\/div><\/div>\n\n\n\n<div class=\"wp-block-stackable-column stk-block-column stk-column stk-block stk-344dce0\" data-v=\"4\" data-block-id=\"344dce0\"><div class=\"stk-column-wrapper stk-block-column__content stk-container stk-344dce0-container stk--no-background stk--no-padding\"><div class=\"stk-block-content stk-inner-blocks stk-344dce0-inner-blocks\">\n<div class=\"wp-block-stackable-image stk-block-image stk-block stk-1f0f63f\" data-block-id=\"1f0f63f\"><style>.stk-1f0f63f {margin-bottom:0px !important;}<\/style><figure><span class=\"stk-img-wrapper stk-image--shape-stretch\"><img loading=\"lazy\" decoding=\"async\" class=\"stk-img wp-image-11461\" src=\"https:\/\/www.ull.es\/la-universidad\/wp-content\/uploads\/sites\/2\/2016\/09\/centro.jpg\" width=\"500\" height=\"300\" srcset=\"https:\/\/www.ull.es\/la-universidad\/wp-content\/uploads\/sites\/2\/2016\/09\/centro.jpg 500w, https:\/\/www.ull.es\/la-universidad\/wp-content\/uploads\/sites\/2\/2016\/09\/centro-300x180.jpg 300w, https:\/\/www.ull.es\/la-universidad\/wp-content\/uploads\/sites\/2\/2016\/09\/centro-375x225.jpg 375w\" sizes=\"auto, (max-width: 500px) 100vw, 500px\" \/><\/span><\/figure><\/div>\n\n\n\n<div class=\"wp-block-stackable-icon-label stk-block-icon-label stk-block stk-bd90285 stk-block-background\" data-block-id=\"bd90285\"><style>.stk-bd90285 {background-color:#1a1a1a !important;padding-top:10px !important;padding-right:10px !important;padding-bottom:10px !important;padding-left:10px !important;}.stk-bd90285:before{background-color:#1a1a1a !important;}<\/style><div class=\"stk-row stk-inner-blocks stk-block-content\">\n<div class=\"wp-block-stackable-heading stk-block-heading stk-block-heading--v2 stk-block stk-ecdf7f7\" id=\"centros\" data-block-id=\"ecdf7f7\"><style>.stk-ecdf7f7 .stk-block-heading__text{font-size:16px !important;color:#ffffff !important;font-weight:400 !important;}@media screen and (max-width: 1023px){.stk-ecdf7f7 .stk-block-heading__text{font-size:16px !important;}}<\/style><h4 class=\"stk-block-heading__text has-text-color\">Centres<\/h4><\/div>\n\n\n\n<div class=\"wp-block-stackable-icon stk-block-icon has-text-align-right stk-block stk-dec5cfe\" data-block-id=\"dec5cfe\"><style>.stk-dec5cfe .stk--svg-wrapper .stk--inner-svg svg:last-child{height:18px !important;width:18px !important;}.stk-dec5cfe .stk--svg-wrapper .stk--inner-svg svg:last-child, .stk-dec5cfe .stk--svg-wrapper .stk--inner-svg svg:last-child :is(g, path, rect, polygon, ellipse){fill:#ffffff !important;}<\/style><span class=\"stk--svg-wrapper\"><div class=\"stk--inner-svg\"><svg style=\"height:0;width:0\"><defs><lineargradient id=\"linear-gradient-dec5cfe\" x1=\"0\" x2=\"100%\" y1=\"0\" y2=\"0\"><stop offset=\"0%\" style=\"stop-opacity:1;stop-color:var(--linear-gradient-dec-5-cfe-color-1)\"><\/stop><stop offset=\"100%\" style=\"stop-opacity:1;stop-color:var(--linear-gradient-dec-5-cfe-color-2)\"><\/stop><\/lineargradient><\/defs><\/svg><svg xmlns=\"http:\/\/www.w3.org\/2000\/svg\" viewbox=\"0 0 320 512\" aria-hidden=\"true\" width=\"32\" height=\"32\"><path d=\"M310.6 233.4c12.5 12.5 12.5 32.8 0 45.3l-192 192c-12.5 12.5-32.8 12.5-45.3 0s-12.5-32.8 0-45.3L242.7 256 73.4 86.6c-12.5-12.5-12.5-32.8 0-45.3s32.8-12.5 45.3 0l192 192z\"\/><\/svg><\/div><\/span><\/div>\n<\/div><\/div>\n<\/div><a class=\"stk-link stk-block-link stk--transparent-overlay\" href=\"https:\/\/www.ull.es\/la-universidad\/centros\/\" aria-hidden=\"true\" tabindex=\"-1\" target=\"_blank\" rel=\"noopener\"><\/a><\/div><\/div>\n\n\n\n<div class=\"wp-block-stackable-column stk-block-column stk-column stk-block stk-b959290\" data-v=\"4\" data-block-id=\"b959290\"><div class=\"stk-column-wrapper stk-block-column__content stk-container stk-b959290-container stk--no-background stk--no-padding\"><div class=\"stk-block-content stk-inner-blocks stk-b959290-inner-blocks\">\n<div class=\"wp-block-stackable-image stk-block-image stk-block stk-19b7384\" data-block-id=\"19b7384\"><style>.stk-19b7384 {margin-bottom:0px !important;}<\/style><figure><span class=\"stk-img-wrapper stk-image--shape-stretch\"><img loading=\"lazy\" decoding=\"async\" class=\"stk-img wp-image-11462\" src=\"https:\/\/www.ull.es\/la-universidad\/wp-content\/uploads\/sites\/2\/2016\/09\/institutos.jpg\" width=\"500\" height=\"300\" srcset=\"https:\/\/www.ull.es\/la-universidad\/wp-content\/uploads\/sites\/2\/2016\/09\/institutos.jpg 500w, https:\/\/www.ull.es\/la-universidad\/wp-content\/uploads\/sites\/2\/2016\/09\/institutos-300x180.jpg 300w, https:\/\/www.ull.es\/la-universidad\/wp-content\/uploads\/sites\/2\/2016\/09\/institutos-375x225.jpg 375w\" sizes=\"auto, (max-width: 500px) 100vw, 500px\" \/><\/span><\/figure><\/div>\n\n\n\n<div class=\"wp-block-stackable-icon-label stk-block-icon-label stk-block stk-065f7ea stk-block-background\" data-block-id=\"065f7ea\"><style>.stk-065f7ea .stk-inner-blocks{gap:20px !important;}.stk-065f7ea {background-color:#1a1a1a !important;padding-top:10px !important;padding-right:10px !important;padding-bottom:10px !important;padding-left:10px !important;}.stk-065f7ea:before{background-color:#1a1a1a !important;}<\/style><div class=\"stk-row stk-inner-blocks stk-block-content\">\n<div class=\"wp-block-stackable-heading stk-block-heading stk-block-heading--v2 stk-block stk-00617a6\" id=\"institutos-universitarios\" data-block-id=\"00617a6\"><style>.stk-00617a6 .stk-block-heading__text{font-size:16px !important;color:#ffffff !important;font-weight:400 !important;}@media screen and (max-width: 1023px){.stk-00617a6 .stk-block-heading__text{font-size:16px !important;}}<\/style><h4 class=\"stk-block-heading__text has-text-color\">Instituts universitaires<\/h4><\/div>\n\n\n\n<div class=\"wp-block-stackable-icon stk-block-icon has-text-align-right stk-block stk-91a8674\" data-block-id=\"91a8674\"><style>.stk-91a8674 .stk--svg-wrapper .stk--inner-svg svg:last-child{height:18px !important;width:18px !important;}.stk-91a8674 .stk--svg-wrapper .stk--inner-svg svg:last-child, .stk-91a8674 .stk--svg-wrapper .stk--inner-svg svg:last-child :is(g, path, rect, polygon, ellipse){fill:#ffffff !important;}<\/style><span class=\"stk--svg-wrapper\"><div class=\"stk--inner-svg\"><svg style=\"height:0;width:0\"><defs><lineargradient id=\"linear-gradient-91a8674\" x1=\"0\" x2=\"100%\" y1=\"0\" y2=\"0\"><stop offset=\"0%\" style=\"stop-opacity:1;stop-color:var(--linear-gradient-91-a-8674-color-1)\"><\/stop><stop offset=\"100%\" style=\"stop-opacity:1;stop-color:var(--linear-gradient-91-a-8674-color-2)\"><\/stop><\/lineargradient><\/defs><\/svg><svg xmlns=\"http:\/\/www.w3.org\/2000\/svg\" viewbox=\"0 0 320 512\" aria-hidden=\"true\" width=\"32\" height=\"32\"><path d=\"M310.6 233.4c12.5 12.5 12.5 32.8 0 45.3l-192 192c-12.5 12.5-32.8 12.5-45.3 0s-12.5-32.8 0-45.3L242.7 256 73.4 86.6c-12.5-12.5-12.5-32.8 0-45.3s32.8-12.5 45.3 0l192 192z\"\/><\/svg><\/div><\/span><\/div>\n<\/div><\/div>\n<\/div><a class=\"stk-link stk-block-link stk--transparent-overlay\" href=\"https:\/\/www.ull.es\/la-universidad\/institutos-universitarios\/\" aria-hidden=\"true\" tabindex=\"-1\" target=\"_blank\" rel=\"noopener\"><\/a><\/div><\/div>\n\n\n\n<div class=\"wp-block-stackable-column stk-block-column stk-column stk-block stk-4ecfcd4\" data-v=\"4\" data-block-id=\"4ecfcd4\"><div class=\"stk-column-wrapper stk-block-column__content stk-container stk-4ecfcd4-container stk--no-background stk--no-padding\"><div class=\"stk-block-content stk-inner-blocks stk-4ecfcd4-inner-blocks\">\n<div class=\"wp-block-stackable-image stk-block-image stk-block stk-2fb4966\" data-block-id=\"2fb4966\"><style>.stk-2fb4966 {margin-bottom:0px !important;}<\/style><figure><span class=\"stk-img-wrapper stk-image--shape-stretch\"><img loading=\"lazy\" decoding=\"async\" class=\"stk-img wp-image-12033\" src=\"https:\/\/www.ull.es\/la-universidad\/wp-content\/uploads\/sites\/2\/2017\/04\/imagen-departamento-9.jpg\" width=\"1000\" height=\"600\" srcset=\"https:\/\/www.ull.es\/la-universidad\/wp-content\/uploads\/sites\/2\/2017\/04\/imagen-departamento-9.jpg 1000w, https:\/\/www.ull.es\/la-universidad\/wp-content\/uploads\/sites\/2\/2017\/04\/imagen-departamento-9-300x180.jpg 300w, https:\/\/www.ull.es\/la-universidad\/wp-content\/uploads\/sites\/2\/2017\/04\/imagen-departamento-9-768x461.jpg 768w, https:\/\/www.ull.es\/la-universidad\/wp-content\/uploads\/sites\/2\/2017\/04\/imagen-departamento-9-375x225.jpg 375w, https:\/\/www.ull.es\/la-universidad\/wp-content\/uploads\/sites\/2\/2017\/04\/imagen-departamento-9-750x450.jpg 750w\" sizes=\"auto, (max-width: 1000px) 100vw, 1000px\" \/><\/span><\/figure><\/div>\n\n\n\n<div class=\"wp-block-stackable-icon-label stk-block-icon-label stk-block stk-fc2315d stk-block-background\" data-block-id=\"fc2315d\"><style>.stk-fc2315d {background-color:#1a1a1a !important;padding-top:10px !important;padding-right:10px !important;padding-bottom:10px !important;padding-left:10px !important;}.stk-fc2315d:before{background-color:#1a1a1a !important;}<\/style><div class=\"stk-row stk-inner-blocks stk-block-content\">\n<div class=\"wp-block-stackable-heading stk-block-heading stk-block-heading--v2 stk-block stk-e183370\" id=\"departamentos\" data-block-id=\"e183370\"><style>.stk-e183370 .stk-block-heading__text{font-size:16px !important;color:#ffffff !important;font-weight:400 !important;}@media screen and (max-width: 1023px){.stk-e183370 .stk-block-heading__text{font-size:16px !important;}}<\/style><h4 class=\"stk-block-heading__text has-text-color\">D\u00e9partements<\/h4><\/div>\n\n\n\n<div class=\"wp-block-stackable-icon stk-block-icon has-text-align-right stk-block stk-f850b57\" data-block-id=\"f850b57\"><style>.stk-f850b57 .stk--svg-wrapper .stk--inner-svg svg:last-child{height:18px !important;width:18px !important;}.stk-f850b57 .stk--svg-wrapper .stk--inner-svg svg:last-child, .stk-f850b57 .stk--svg-wrapper .stk--inner-svg svg:last-child :is(g, path, rect, polygon, ellipse){fill:#ffffff !important;}<\/style><span class=\"stk--svg-wrapper\"><div class=\"stk--inner-svg\"><svg style=\"height:0;width:0\"><defs><lineargradient id=\"linear-gradient-f850b57\" x1=\"0\" x2=\"100%\" y1=\"0\" y2=\"0\"><stop offset=\"0%\" style=\"stop-opacity:1;stop-color:var(--linear-gradient-f-850-b-57-color-1)\"><\/stop><stop offset=\"100%\" style=\"stop-opacity:1;stop-color:var(--linear-gradient-f-850-b-57-color-2)\"><\/stop><\/lineargradient><\/defs><\/svg><svg xmlns=\"http:\/\/www.w3.org\/2000\/svg\" viewbox=\"0 0 320 512\" aria-hidden=\"true\" width=\"32\" height=\"32\"><path d=\"M310.6 233.4c12.5 12.5 12.5 32.8 0 45.3l-192 192c-12.5 12.5-32.8 12.5-45.3 0s-12.5-32.8 0-45.3L242.7 256 73.4 86.6c-12.5-12.5-12.5-32.8 0-45.3s32.8-12.5 45.3 0l192 192z\"\/><\/svg><\/div><\/span><\/div>\n<\/div><\/div>\n<\/div><a class=\"stk-link stk-block-link stk--transparent-overlay\" href=\"https:\/\/www.ull.es\/la-universidad\/departamentos\/\" aria-hidden=\"true\" tabindex=\"-1\" target=\"_blank\" rel=\"noopener\"><\/a><\/div><\/div>\n<\/div><\/div>","protected":false},"excerpt":{"rendered":"<p>Facult\u00e9s, centres et d\u00e9partements Facult\u00e9s et \u00e9coles Centres Instituts universitaires D\u00e9partements<\/p>","protected":false},"author":1,"featured_media":0,"parent":0,"menu_order":0,"comment_status":"closed","ping_status":"closed","template":"templates\/template-100-width.php","meta":{"footnotes":""},"class_list":["post-395","page","type-page","status-publish","hentry"],"_links":{"self":[{"href":"https:\/\/www.ull.es\/la-universidad\/fr\/wp-json\/wp\/v2\/pages\/395","targetHints":{"allow":["GET"]}}],"collection":[{"href":"https:\/\/www.ull.es\/la-universidad\/fr\/wp-json\/wp\/v2\/pages"}],"about":[{"href":"https:\/\/www.ull.es\/la-universidad\/fr\/wp-json\/wp\/v2\/types\/page"}],"author":[{"embeddable":true,"href":"https:\/\/www.ull.es\/la-universidad\/fr\/wp-json\/wp\/v2\/users\/1"}],"replies":[{"embeddable":true,"href":"https:\/\/www.ull.es\/la-universidad\/fr\/wp-json\/wp\/v2\/comments?post=395"}],"version-history":[{"count":40,"href":"https:\/\/www.ull.es\/la-universidad\/fr\/wp-json\/wp\/v2\/pages\/395\/revisions"}],"predecessor-version":[{"id":18736,"href":"https:\/\/www.ull.es\/la-universidad\/fr\/wp-json\/wp\/v2\/pages\/395\/revisions\/18736"}],"wp:attachment":[{"href":"https:\/\/www.ull.es\/la-universidad\/fr\/wp-json\/wp\/v2\/media?parent=395"}],"curies":[{"name":"wp","href":"https:\/\/api.w.org\/{rel}","templated":true}]}}