{"id":71,"date":"2016-09-01T12:15:07","date_gmt":"2016-09-01T12:15:07","guid":{"rendered":"http:\/\/www.ull.es\/conoce-la-ull\/?page_id=71"},"modified":"2024-05-29T09:52:48","modified_gmt":"2024-05-29T09:52:48","slug":"inicio","status":"publish","type":"page","link":"https:\/\/www.ull.es\/la-universidad\/fr\/","title":{"rendered":"L&#039;Universit\u00e9"},"content":{"rendered":"<div class=\"container no-height\">\n    <div class=\"container menu-pagina\">\n        <div class=\"row\">\n            <div class=\"col-md-6\">\n                <h2>L&#039;Universit\u00e9<\/h2>\n                <ul>\n                    <li><a href=\"https:\/\/www.ull.es\/la-universidad\/presentacion-del-rector\/\">Pr\u00e9sentation du Recteur<\/a><\/li>\n                    <li><a href=\"https:\/\/www.ull.es\/la-universidad\/historia-mision-vision-valores\">Histoire, mission, vision et valeurs<\/a><\/li>\n                    <li><a href=\"https:\/\/www.ull.es\/estadisticas\/\">Statistiques<\/a><\/li>\n                    <li><a href=\"https:\/\/www.ull.es\/la-universidad\/rankings-distinciones-premios\">Classements, distinctions et r\u00e9compenses<\/a><\/li>\n                    <li><a href=\"https:\/\/www.ull.es\/portal\/transparente\">Portail de transparence<\/a><\/li>\n                    <li><a href=\"https:\/\/www.ull.es\/boletinoficial\">Bulletin officiel de l&#039;ULL<\/a><\/li>\n                    <li><a href=\"https:\/\/www.ull.es\/portal\/normativa\">R\u00e8glements universitaires<\/a><\/li>\n                    <li><a href=\"https:\/\/www.ull.es\/la-universidad\/prevencion-de-riesgos-laborales\">Pr\u00e9vention des risques professionnels<\/a><\/li>\n                <\/ul>\n            <\/div>\n            <div class=\"col-md-6\">\n                <h2>Organisation et gouvernement<\/h2>\n                <ul>\n                    <li><a href=\"https:\/\/www.ull.es\/la-universidad\/equipo-gobierno\">\u00c9quipe gouvernementale<\/a><\/li>\n                    <li><a href=\"https:\/\/www.ull.es\/la-universidad\/organos-colegiados\">Organismes coll\u00e9giaux<\/a><\/li>\n                    <li><a href=\"https:\/\/www.ull.es\/la-universidad\/organos-de-representacion\">Organismes repr\u00e9sentatifs<\/a><\/li>\n                    <li><a href=\"https:\/\/www.ull.es\/la-universidad\/comision-electoral-general\">Commission \u00e9lectorale g\u00e9n\u00e9rale<\/a><\/li>\n                    <li><a href=\"https:\/\/www.ull.es\/la-universidad\/servicios-universitarios\">Services universitaires<\/a><\/li>\n                    <li><a href=\"http:\/\/www.fg.ull.es\">Fondation g\u00e9n\u00e9rale de l&#039;Universit\u00e9 de La Laguna<\/a><\/li>\n                <\/ul>\n            <\/div>\n        <\/div>\n        <div class=\"row\">\n            <div class=\"col-md-6\">\n                <h2>Campus, centres et d\u00e9partements<\/h2>\n                <ul>\n                    <li><a href=\"https:\/\/www.ull.es\/la-universidad\/campus\">Campus<\/a><\/li>\n                    <li><a href=\"https:\/\/www.ull.es\/la-universidad\/facultades-escuelas\/\">Facult\u00e9s et \u00e9coles<\/a><\/li>\n                    <li><a href=\"https:\/\/www.ull.es\/la-universidad\/departamentos\/\">D\u00e9partements<\/a><\/li>\n                    <li><a href=\"https:\/\/www.ull.es\/la-universidad\/institutos-universitarios\/\">Instituts universitaires<\/a><\/li>\n                    <li><a href=\"https:\/\/www.ull.es\/la-universidad\/centros\/\">Centres<\/a><\/li>\n                <\/ul>\n            <\/div>\n            <div class=\"col-md-6\">\n                <h2>Engagement et responsabilit\u00e9 sociale<\/h2>\n                <ul>\n                    <li><a href=\"https:\/\/www.ull.es\/convocatorias\">Portail d&#039;appel<\/a><\/li>\n                    <li><a href=\"https:\/\/www.ull.es\/la-universidad\/calidad\">Qualit\u00e9<\/a><\/li>\n                    <li><a href=\"http:\/\/www.solidaridad.ull.es\/\">Volontariat<\/a><\/li>\n                    <li><a href=\"https:\/\/www.ull.es\/servicios\/igualdad\/\">Unit\u00e9 pour l&#039;\u00e9galit\u00e9 des sexes<\/a><\/li>\n                    <li><a href=\"https:\/\/www.ull.es\/la-universidad\/inclusion\/\">Inclusion<\/a><\/li>\n                    <li><a href=\"http:\/\/rsull.webs.ull.es\/\">Responsabilit\u00e9 sociale des universit\u00e9s<\/a><\/li>\n                    <li><a href=\"https:\/\/www.ull.es\/la-universidad\/catedras-institucionales-empresa\">Chaires institutionnelles et d&#039;entreprise<\/a><\/li>\n                    <li><a href=\"https:\/\/www.ull.es\/colabora\/\">Collaboration commerciale et institutionnelle avec l&#039;ULL<\/a><\/li>\n                <\/ul>\n            <\/div>\n        <\/div>\n    <\/div>\n<\/div>","protected":false},"excerpt":{"rendered":"","protected":false},"author":1,"featured_media":0,"parent":0,"menu_order":0,"comment_status":"closed","ping_status":"closed","template":"","meta":{"footnotes":""},"class_list":["post-71","page","type-page","status-publish","hentry"],"_links":{"self":[{"href":"https:\/\/www.ull.es\/la-universidad\/fr\/wp-json\/wp\/v2\/pages\/71","targetHints":{"allow":["GET"]}}],"collection":[{"href":"https:\/\/www.ull.es\/la-universidad\/fr\/wp-json\/wp\/v2\/pages"}],"about":[{"href":"https:\/\/www.ull.es\/la-universidad\/fr\/wp-json\/wp\/v2\/types\/page"}],"author":[{"embeddable":true,"href":"https:\/\/www.ull.es\/la-universidad\/fr\/wp-json\/wp\/v2\/users\/1"}],"replies":[{"embeddable":true,"href":"https:\/\/www.ull.es\/la-universidad\/fr\/wp-json\/wp\/v2\/comments?post=71"}],"version-history":[{"count":3,"href":"https:\/\/www.ull.es\/la-universidad\/fr\/wp-json\/wp\/v2\/pages\/71\/revisions"}],"predecessor-version":[{"id":15983,"href":"https:\/\/www.ull.es\/la-universidad\/fr\/wp-json\/wp\/v2\/pages\/71\/revisions\/15983"}],"wp:attachment":[{"href":"https:\/\/www.ull.es\/la-universidad\/fr\/wp-json\/wp\/v2\/media?parent=71"}],"curies":[{"name":"wp","href":"https:\/\/api.w.org\/{rel}","templated":true}]}}