{"id":7178,"date":"2017-01-11T09:17:58","date_gmt":"2017-01-11T09:17:58","guid":{"rendered":"http:\/\/www.ull.es\/la-universidad\/?page_id=7178\/"},"modified":"2025-12-01T07:59:22","modified_gmt":"2025-12-01T07:59:22","slug":"rankings-distinciones-premios","status":"publish","type":"page","link":"https:\/\/www.ull.es\/la-universidad\/fr\/rankings-distinciones-premios\/","title":{"rendered":"Classements, distinctions et r\u00e9compenses"},"content":{"rendered":"<div class=\"wp-block-stackable-columns stk-block-columns stk-block stk-9aee410\" data-block-id=\"9aee410\"><style>.stk-9aee410-column{--stk-columns-spacing:0px !important;--stk-column-gap:50px !important;}<\/style><div class=\"stk-row stk-inner-blocks stk-block-content stk-content-align stk-9aee410-column\">\n<div class=\"wp-block-stackable-column stk-block-column stk-column stk-block stk-a636d3a\" data-v=\"4\" data-block-id=\"a636d3a\"><div class=\"stk-column-wrapper stk-block-column__content stk-container stk-a636d3a-container stk--no-background stk--no-padding\"><div class=\"stk-block-content stk-inner-blocks stk-a636d3a-inner-blocks\">\n<h1 class=\"wp-block-heading\">Pr\u00e9sence de l&#039;ULL dans les principaux classements universitaires<\/h1>\n\n\n\n<div class=\"wp-block-stackable-spacer stk-block-spacer stk--no-padding stk-block stk-1841223\" data-block-id=\"1841223\"><style>.stk-1841223 {height:25px !important;}<\/style><\/div>\n\n\n\n<p>Il existe diff\u00e9rents classements universitaires bas\u00e9s sur diff\u00e9rentes dimensions. Certains sont davantage ax\u00e9s sur les aspects de recherche, d\u2019autres sur les aspects d\u2019enseignement ou le degr\u00e9 d\u2019implication dans le d\u00e9veloppement r\u00e9gional. Une grande partie d\u2019entre eux tendent \u00e0 valoriser l\u2019activit\u00e9 des universit\u00e9s de mani\u00e8re plus globale.<\/p>\n\n\n\n<p>L&#039;Universit\u00e9 de La Laguna appara\u00eet dans plusieurs classements, et une lecture d\u00e9taill\u00e9e de ceux-ci nous permet d&#039;avoir une premi\u00e8re impression de notre universit\u00e9 ; quels sont ses points forts et ses domaines les plus remarquables et sur lesquels mettre l\u2019accent pour continuer \u00e0 am\u00e9liorer notre institution. En ce sens, les classements constituent un outil de diagnostic suppl\u00e9mentaire qui doit \u00eatre trait\u00e9 avec rigueur sans tomber dans des interpr\u00e9tations simplistes qui ne tiennent pas compte des objectifs individuels de chaque classement et de la signification de ses indicateurs, qui doivent \u00eatre trait\u00e9s dans leur contexte.<\/p>\n\n\n\n<p>Sa position dans les diff\u00e9rents classements place l&#039;Universit\u00e9 de La Laguna comme une universit\u00e9 de taille moyenne, class\u00e9e au niveau mondial parmi le tiers sup\u00e9rieur des universit\u00e9s espagnoles. Ses diff\u00e9rents domaines sont reconnus au niveau national, l&#039;astrophysique se situant au plus haut niveau international. Il convient de souligner le haut niveau de collaboration internationale dont b\u00e9n\u00e9ficie notre institution, la pla\u00e7ant parmi les meilleures en Espagne \u00e0 cet \u00e9gard.<\/p>\n\n\n\n<p>Les donn\u00e9es fournies ci-dessous sont destin\u00e9es \u00e0 contribuer \u00e0 la diffusion des informations existantes sur l\u2019ULL sans entrer dans une \u00e9valuation d\u00e9taill\u00e9e. \u00c0 l&#039;ULL, nous continuons \u00e0 travailler pour nous am\u00e9liorer de jour en jour.<\/p>\n<\/div><\/div><\/div>\n<\/div><\/div>\n\n\n\n<div class=\"wp-block-stackable-columns stk-block-columns stk-block stk-0e2aa7f\" data-block-id=\"0e2aa7f\"><style>.stk-0e2aa7f-column{--stk-columns-spacing:0px !important;--stk-column-gap:50px !important;}<\/style><div class=\"stk-row stk-inner-blocks stk-block-content stk-content-align stk-0e2aa7f-column\">\n<div class=\"wp-block-stackable-column stk-block-column stk-column stk-block stk-d81675e\" data-v=\"4\" data-block-id=\"d81675e\"><div class=\"stk-column-wrapper stk-block-column__content stk-container stk-d81675e-container stk--no-background stk--no-padding\"><div class=\"stk-block-content stk-inner-blocks stk-d81675e-inner-blocks\">\n<details class=\"wp-block-stackable-accordion stk-block-accordion stk-inner-blocks stk-block-content stk-block stk-e085f28 is-style-plain\" id=\"honores-y-distinciones\" data-block-id=\"e085f28\"><style>.stk-e085f28 {padding-bottom:10px !important;margin-bottom:0px !important;}<\/style>\n<summary class=\"wp-block-stackable-column stk-block-column stk-column stk-block stk-a095982 stk--container-small stk-block-accordion__heading\" data-v=\"4\" data-block-id=\"a095982\"><style>.stk-a095982 {border-style:solid !important;border-top-width:0px !important;border-right-width:0px !important;border-bottom-width:1px !important;border-left-width:0px !important;padding-top:0px !important;padding-right:0px !important;padding-bottom:0px !important;padding-left:0px !important;}.stk-a095982-container{padding-top:0px !important;padding-right:0px !important;padding-bottom:0px !important;padding-left:0px !important;}<\/style><div class=\"stk-column-wrapper stk-block-column__content stk-container stk-a095982-container stk--no-background stk--no-padding\"><div class=\"stk-block-content stk-inner-blocks stk-a095982-inner-blocks\">\n<div class=\"wp-block-stackable-icon-label stk-block-icon-label stk-block stk-9760405\" data-block-id=\"9760405\"><style>.stk-9760405 .stk-inner-blocks{gap:40px !important;}@media screen and (max-width: 1023px){.stk-9760405 .stk-inner-blocks{gap:40px !important;}}@media screen and (max-width: 767px){.stk-9760405 .stk-inner-blocks{gap:40px !important;}}<\/style><div class=\"stk-row stk-inner-blocks stk-block-content\">\n<div class=\"wp-block-stackable-icon stk-block-icon stk-block stk-18a800a\" data-block-id=\"18a800a\"><style>.stk-18a800a .stk--svg-wrapper .stk--inner-svg svg:last-child{height:24px !important;width:24px !important;}.stk-18a800a .stk--svg-wrapper .stk--inner-svg svg:last-child, .stk-18a800a .stk--svg-wrapper .stk--inner-svg svg:last-child :is(g, path, rect, polygon, ellipse){fill:var(--stk-global-color-60833, #5c068c) !important;}<\/style><span class=\"stk--svg-wrapper stk--has-icon2\"><div class=\"stk--inner-svg\"><svg style=\"height:0;width:0\"><defs><lineargradient id=\"linear-gradient-18a800a\" x1=\"0\" x2=\"100%\" y1=\"0\" y2=\"0\"><stop offset=\"0%\" style=\"stop-opacity:1;stop-color:var(--linear-gradient-18-a-800-a-color-1)\"><\/stop><stop offset=\"100%\" style=\"stop-opacity:1;stop-color:var(--linear-gradient-18-a-800-a-color-2)\"><\/stop><\/lineargradient><\/defs><\/svg><svg xmlns=\"http:\/\/www.w3.org\/2000\/svg\" viewbox=\"0 0 512 512\" aria-hidden=\"true\" width=\"32\" height=\"32\"><path d=\"M4.1 38.2C1.4 34.2 0 29.4 0 24.6C0 11 11 0 24.6 0H133.9c11.2 0 21.7 5.9 27.4 15.5l68.5 114.1c-48.2 6.1-91.3 28.6-123.4 61.9L4.1 38.2zm503.7 0L405.6 191.5c-32.1-33.3-75.2-55.8-123.4-61.9L350.7 15.5C356.5 5.9 366.9 0 378.1 0H487.4C501 0 512 11 512 24.6c0 4.8-1.4 9.6-4.1 13.6zM80 336a176 176 0 1 1 352 0A176 176 0 1 1 80 336zm184.4-94.9c-3.4-7-13.3-7-16.8 0l-22.4 45.4c-1.4 2.8-4 4.7-7 5.1L168 298.9c-7.7 1.1-10.7 10.5-5.2 16l36.3 35.4c2.2 2.2 3.2 5.2 2.7 8.3l-8.6 49.9c-1.3 7.6 6.7 13.5 13.6 9.9l44.8-23.6c2.7-1.4 6-1.4 8.7 0l44.8 23.6c6.9 3.6 14.9-2.2 13.6-9.9l-8.6-49.9c-.5-3 .5-6.1 2.7-8.3l36.3-35.4c5.6-5.4 2.5-14.8-5.2-16l-50.1-7.3c-3-.4-5.7-2.4-7-5.1l-22.4-45.4z\"><\/path><\/svg><\/div><div class=\"stk--inner-svg stk--icon-2\" style=\"display:none\"><svg style=\"height:0;width:0\"><defs><lineargradient id=\"linear-gradient-18a800a\" x1=\"0\" x2=\"100%\" y1=\"0\" y2=\"0\"><stop offset=\"0%\" style=\"stop-opacity:1;stop-color:var(--linear-gradient-18-a-800-a-color-1)\"><\/stop><stop offset=\"100%\" style=\"stop-opacity:1;stop-color:var(--linear-gradient-18-a-800-a-color-2)\"><\/stop><\/lineargradient><\/defs><\/svg><svg xmlns=\"http:\/\/www.w3.org\/2000\/svg\" viewbox=\"0 0 640 512\" aria-hidden=\"true\" width=\"32\" height=\"32\"><path d=\"M320 32c-8.1 0-16.1 1.4-23.7 4.1L15.8 137.4C6.3 140.9 0 149.9 0 160s6.3 19.1 15.8 22.6l57.9 20.9C57.3 229.3 48 259.8 48 291.9v28.1c0 28.4-10.8 57.7-22.3 80.8c-6.5 13-13.9 25.8-22.5 37.6C0 442.7-.9 448.3 .9 453.4s6 8.9 11.2 10.2l64 16c4.2 1.1 8.7 .3 12.4-2s6.3-6.1 7.1-10.4c8.6-42.8 4.3-81.2-2.1-108.7C90.3 344.3 86 329.8 80 316.5V291.9c0-30.2 10.2-58.7 27.9-81.5c12.9-15.5 29.6-28 49.2-35.7l157-61.7c8.2-3.2 17.5 .8 20.7 9s-.8 17.5-9 20.7l-157 61.7c-12.4 4.9-23.3 12.4-32.2 21.6l159.6 57.6c7.6 2.7 15.6 4.1 23.7 4.1s16.1-1.4 23.7-4.1L624.2 182.6c9.5-3.4 15.8-12.5 15.8-22.6s-6.3-19.1-15.8-22.6L343.7 36.1C336.1 33.4 328.1 32 320 32zM128 408c0 35.3 86 72 192 72s192-36.7 192-72L496.7 262.6 354.5 314c-11.1 4-22.8 6-34.5 6s-23.5-2-34.5-6L143.3 262.6 128 408z\"><\/path><\/svg><\/div><\/span><\/div>\n\n\n\n<div class=\"wp-block-stackable-heading stk-block-heading stk-block-heading--v2 stk-block stk-55bc496\" id=\"honores-y-distinciones\" data-block-id=\"55bc496\"><style>.stk-55bc496 .stk-block-heading__text{font-weight:500 !important;font-family:\"ArgentumSans\", Sans-serif !important;}<\/style><h4 class=\"stk-block-heading__text\">Honneurs et distinctions<\/h4><\/div>\n<\/div><\/div>\n<\/div><\/div><\/summary>\n\n\n\n<div class=\"wp-block-stackable-column stk-block-column stk-column stk-block stk-a14a92c stk-block-accordion__content\" data-v=\"4\" data-block-id=\"a14a92c\"><style>.stk-a14a92c-container{padding-top:0px !important;padding-right:0px !important;padding-bottom:0px !important;padding-left:0px !important;}<\/style><div class=\"stk-column-wrapper stk-block-column__content stk-container stk-a14a92c-container stk--no-background stk--no-padding\"><div class=\"stk-block-content stk-inner-blocks stk-a14a92c-inner-blocks\">\n<div class=\"wp-block-stackable-columns stk-block-columns stk-block stk-8a85baf\" data-block-id=\"8a85baf\"><div class=\"stk-row stk-inner-blocks stk-block-content stk-content-align stk-8a85baf-column\">\n<div class=\"wp-block-stackable-column stk-block-column stk-column stk-block stk-147e69d\" data-v=\"4\" data-block-id=\"147e69d\"><style>@media screen and (min-width: 768px){.stk-147e69d {flex:var(--stk-flex-grow, 1) 1 calc(50% - var(--stk-column-gap, 0px) * 1 \/ 2 ) !important;}}<\/style><div class=\"stk-column-wrapper stk-block-column__content stk-container stk-147e69d-container stk--no-background stk--no-padding\"><div class=\"stk-block-content stk-inner-blocks stk-147e69d-inner-blocks\">\n<h2 class=\"wp-block-heading\">Recteur honoraire<\/h2>\n\n\n\n<p>1976 \u2013 M. Antonio Gonz\u00e1lez Gonz\u00e1lez<\/p>\n\n\n\n<h3 class=\"wp-block-heading\">M\u00e9dailles d&#039;honneur<\/h3>\n\n\n\n<p>1991 \u2013 Sa Majest\u00e9 la Reine d&#039;Espagne<br>1996 \u2013 M. Francisco Tom\u00e1s y Valiente<br>2022 \u2013 M. C\u00e9sar Manrique Cabrera<\/p>\n\n\n\n<h3 class=\"wp-block-heading\">M\u00e9dailles d&#039;or<\/h3>\n\n\n\n<p>1987 \u2013 M. Felipe Gonz\u00e1lez Vicen<br>1988 \u2013 M. Severo Ochoa<br>1991 \u2013 M. Jorge Fuentes Duchem\u00edn<br>1991 \u2013 M. Antonio Bethencourt Massieu<br>1991 \u2013 M. Juan \u00c1lvarez Delgado<br>1991 \u2013 M. Agust\u00edn Ar\u00e9valo Medina<br>1991 \u2013 M. Nacere Hayek Calil<br>1991 \u2013 M. Jes\u00fas Hern\u00e1ndez Perera<br>1991 \u2013 M. Jos\u00e9 M. de Armas N\u00fa\u00f1ez<br>2003 \u2013 Son Excellence. Conseil insulaire de Tenerife<br>2007 \u2013 Francisco S\u00e1nchez Mart\u00ednez<br>2014 \u2013 Son Excellence. H\u00f4tel de ville d&#039;Adeje<br>2017 \u2013 Son Excellence. Conseil municipal de San Crist\u00f3bal de La Laguna<br>2018 \u2013 Antonio Tejera Gaspar<br>2018 \u2013 Les Sabande\u00f1os<br>2019 \u2013 Manuel \u00c1lvarez de la Rosa<br>2019 \u2013 \u00c1ngeles Betancor Yanes<br>2019 \u2013 Jos\u00e9 Manuel M\u00e9ndez P\u00e9rez<br>2019 \u2013 Fernando Rodr\u00edguez Junco<br>2019 \u2013 Ram\u00f3n Ezequiel Rojas Hern\u00e1ndez<br>2019 \u2013 Angela Sierra Gonzalez<br>2019 \u2013 Mar\u00eda Luisa Tejedor Salguero<br>2025 \u2013 Radio et t\u00e9l\u00e9vision des \u00eeles Canaries<br>2025 \u2013 Fondation Ecca.edu<br>2025 \u2013 Radio et t\u00e9l\u00e9vision espagnoles aux Canaries<br>2025 \u2013 Radio Club Tenerife<br>2025 \u2013 Universit\u00e9 nationale d&#039;enseignement \u00e0 distance&nbsp;<br>2025 \u2013 Universit\u00e9 de Las Palmas de Gran Canaria<\/p>\n<\/div><\/div><\/div>\n\n\n\n<div class=\"wp-block-stackable-column stk-block-column stk-column stk-block stk-f60b5bb\" data-v=\"4\" data-block-id=\"f60b5bb\"><style>@media screen and (min-width: 768px){.stk-f60b5bb {flex:var(--stk-flex-grow, 1) 1 calc(50% - var(--stk-column-gap, 0px) * 1 \/ 2 ) !important;}}<\/style><div class=\"stk-column-wrapper stk-block-column__content stk-container stk-f60b5bb-container stk--no-background stk--no-padding\"><div class=\"stk-block-content stk-inner-blocks stk-f60b5bb-inner-blocks\">\n<h3 class=\"wp-block-heading\">Docteurs Honoris Causa<\/h3>\n\n\n\n<p>1974 \u2013 M. Derek Harold Richard Barton<br>1976 \u2013 M. Agust\u00edn Millares Carlo<br>1976 \u2013 M. Rafael Caldera<br>1983 \u2013 M. Jos\u00e9 L. Botella Llusia<br>1983 \u2013 M. Alfredo Kraus Trujillo<br>1985 \u2013 M. Luis Diego Cuscoy<br>1987 \u2013 M. Domingo P\u00e9rez Minik Armas<br>1990 \u2013 M. Manuel Alvar L\u00f3pez<br>1990 \u2013 M. Alejandro Cioranescu<br>1992 \u2013 M. Russel J. Reiter<br>1992 \u2013 M. Julian M. Davidson<br>1992 \u2013 M. Gregorio Salvador Caja<br>1992 \u2013 M. Alberto Sartoris<br>1994 \u2013 M. Federico Mayor Zaragoza<br>1994 \u2013 M. Fernando L\u00e1zaro Carreter<br>1994 \u2013 M. Jos\u00e9 C. Alberto Bethencourt<br>1994 \u2013 Mme M\u00aa Rosa Alonso Rodr\u00edguez<br>1997 \u2013 M. Emilio Lled\u00f3 \u00cd\u00f1igo<br>1997 \u2013 M. Leoncio Afonso P\u00e9rez<br>1998 \u2013 M. Hans Erih Diemath<br>1998 \u2013 M. Manuel Elkin Patarroyo Murillo<br>1998 \u2013 M. Miguel \u00c1ngel Ladero Quesada<br>1998 \u2013 M. Antonio Rumeu de Armas<br>2000 \u2013 M. Jos\u00e9 Luis Pinillos D\u00edaz<br>2005 \u2013 M. Luis Sainz de Medrano Arce<br>2005 \u2013 M. Manuel Carlos Palomeque L\u00f3pez<br>2006 \u2013 M. Manuel Cardona Castro<br>2006 \u2013 M. Carlos M\u00aa Romeo Casabona<br>2007 \u2013 M. Antonio Garc\u00eda Garc\u00eda<br>2007 \u2013 M. Javier Muguerza Carpintier<br>2009 \u2013 M. Jos\u00e9 Luis Fern\u00e1ndez P\u00e9rez<br>2012 \u2013 M. Manuel Segura Morales<br>2012 \u2013 M. Tom\u00e1s Gonz\u00e1lez Rol\u00e1n<br>2015 \u2013 M. Federico Corriente C\u00f3rdoba<br>2015 \u2013 M. Michel Denis<br>2016 \u2013 M. Juan Esteban Beckman Abramson<br>2016 \u2013 M. Manolo Blahnik Rodr\u00edguez<br>2019 \u2013 M. Antonio L\u00f3pez Alonso<br>2022 \u2013 M. Pedro Valent\u00edn de Pablo Contreras<br>2022 \u2013 Dr Margarita Salas Falgueras<br>2022 \u2013 Dr Serge Fauchereau<br>2022 \u2013 Dr Antonio Fern\u00e1ndez de Buj\u00e1n<br>2022 \u2013 Dr Karl Barry Sharpless<br>2022 \u2013 Dr Mar\u00eda Teresa Anguera Argilaga<br>2024- Dr Eulalia P\u00e9rez Sede\u00f1o<br>2024- Dr Elsa L\u00f3pez Rodr\u00edguez<br>2025 - Dr Ken Bugul<br>2025- Dr Amparo Moreno Sard\u00e0<br>2025 - Dr Londa Shiebinger<br>2025- Dr Nicholas A. Peppas<br>2025 \u2013 Dr Ana Mar\u00eda Crespo<br>2025 \u2013 Dr John C. Mather<\/p>\n<\/div><\/div><\/div>\n<\/div><\/div>\n<\/div><\/div><\/div>\n<\/details>\n\n\n\n<details class=\"wp-block-stackable-accordion stk-block-accordion stk-inner-blocks stk-block-content stk-block stk-4368e49 is-style-plain\" id=\"rankings-destacados\" data-block-id=\"4368e49\"><style>.stk-4368e49 {padding-bottom:10px !important;margin-bottom:0px !important;}<\/style>\n<summary class=\"wp-block-stackable-column stk-block-column stk-column stk-block stk-6dd4a32 stk--container-small stk-block-accordion__heading\" data-v=\"4\" data-block-id=\"6dd4a32\"><style>.stk-6dd4a32 {border-style:solid !important;border-top-width:0px !important;border-right-width:0px !important;border-bottom-width:1px !important;border-left-width:0px !important;padding-top:0px !important;padding-right:0px !important;padding-bottom:0px !important;padding-left:0px !important;}.stk-6dd4a32-container{padding-top:0px !important;padding-right:0px !important;padding-bottom:0px !important;padding-left:0px !important;}<\/style><div class=\"stk-column-wrapper stk-block-column__content stk-container stk-6dd4a32-container stk--no-background stk--no-padding\"><div class=\"stk-block-content stk-inner-blocks stk-6dd4a32-inner-blocks\">\n<div class=\"wp-block-stackable-icon-label stk-block-icon-label stk-block stk-7f0aec5\" data-block-id=\"7f0aec5\"><style>.stk-7f0aec5 .stk-inner-blocks{gap:40px !important;}@media screen and (max-width: 1023px){.stk-7f0aec5 .stk-inner-blocks{gap:40px !important;}}@media screen and (max-width: 767px){.stk-7f0aec5 .stk-inner-blocks{gap:40px !important;}}<\/style><div class=\"stk-row stk-inner-blocks stk-block-content\">\n<div class=\"wp-block-stackable-icon stk-block-icon stk-block stk-e8ad523\" data-block-id=\"e8ad523\"><style>.stk-e8ad523 .stk--svg-wrapper .stk--inner-svg svg:last-child{height:24px !important;width:24px !important;}.stk-e8ad523 .stk--svg-wrapper .stk--inner-svg svg:last-child, .stk-e8ad523 .stk--svg-wrapper .stk--inner-svg svg:last-child :is(g, path, rect, polygon, ellipse){fill:var(--stk-global-color-60833, #5c068c) !important;}<\/style><span class=\"stk--svg-wrapper stk--has-icon2\"><div class=\"stk--inner-svg\"><svg style=\"height:0;width:0\"><defs><lineargradient id=\"linear-gradient-e8ad523\" x1=\"0\" x2=\"100%\" y1=\"0\" y2=\"0\"><stop offset=\"0%\" style=\"stop-opacity:1;stop-color:var(--linear-gradient-e-8-ad-523-color-1)\"><\/stop><stop offset=\"100%\" style=\"stop-opacity:1;stop-color:var(--linear-gradient-e-8-ad-523-color-2)\"><\/stop><\/lineargradient><\/defs><\/svg><svg xmlns=\"http:\/\/www.w3.org\/2000\/svg\" viewbox=\"0 0 640 512\" aria-hidden=\"true\" width=\"32\" height=\"32\"><path d=\"M353.8 54.1L330.2 6.3c-3.9-8.3-16.1-8.6-20.4 0L286.2 54.1l-52.3 7.5c-9.3 1.4-13.3 12.9-6.4 19.8l38 37-9 52.1c-1.4 9.3 8.2 16.5 16.8 12.2l46.9-24.8 46.6 24.4c8.6 4.3 18.3-2.9 16.8-12.2l-9-52.1 38-36.6c6.8-6.8 2.9-18.3-6.4-19.8l-52.3-7.5zM256 256c-17.7 0-32 14.3-32 32V480c0 17.7 14.3 32 32 32H384c17.7 0 32-14.3 32-32V288c0-17.7-14.3-32-32-32H256zM32 320c-17.7 0-32 14.3-32 32V480c0 17.7 14.3 32 32 32H160c17.7 0 32-14.3 32-32V352c0-17.7-14.3-32-32-32H32zm416 96v64c0 17.7 14.3 32 32 32H608c17.7 0 32-14.3 32-32V416c0-17.7-14.3-32-32-32H480c-17.7 0-32 14.3-32 32z\"><\/path><\/svg><\/div><div class=\"stk--inner-svg stk--icon-2\" style=\"display:none\"><svg style=\"height:0;width:0\"><defs><lineargradient id=\"linear-gradient-e8ad523\" x1=\"0\" x2=\"100%\" y1=\"0\" y2=\"0\"><stop offset=\"0%\" style=\"stop-opacity:1;stop-color:var(--linear-gradient-e-8-ad-523-color-1)\"><\/stop><stop offset=\"100%\" style=\"stop-opacity:1;stop-color:var(--linear-gradient-e-8-ad-523-color-2)\"><\/stop><\/lineargradient><\/defs><\/svg><svg xmlns=\"http:\/\/www.w3.org\/2000\/svg\" viewbox=\"0 0 448 512\" aria-hidden=\"true\" width=\"32\" height=\"32\"><path d=\"M160 80c0-26.5 21.5-48 48-48h32c26.5 0 48 21.5 48 48V432c0 26.5-21.5 48-48 48H208c-26.5 0-48-21.5-48-48V80zM0 272c0-26.5 21.5-48 48-48H80c26.5 0 48 21.5 48 48V432c0 26.5-21.5 48-48 48H48c-26.5 0-48-21.5-48-48V272zM368 96h32c26.5 0 48 21.5 48 48V432c0 26.5-21.5 48-48 48H368c-26.5 0-48-21.5-48-48V144c0-26.5 21.5-48 48-48z\"><\/path><\/svg><\/div><\/span><\/div>\n\n\n\n<div class=\"wp-block-stackable-heading stk-block-heading stk-block-heading--v2 stk-block stk-4389e5d\" id=\"rankings-destacados\" data-block-id=\"4389e5d\"><style>.stk-4389e5d .stk-block-heading__text{font-weight:500 !important;font-family:\"ArgentumSans\", Sans-serif !important;}<\/style><h4 class=\"stk-block-heading__text\">Classements en vedette<\/h4><\/div>\n<\/div><\/div>\n<\/div><\/div><\/summary>\n\n\n\n<div class=\"wp-block-stackable-column stk-block-column stk-column stk-block stk-384b7e0 stk-block-accordion__content\" data-v=\"4\" data-block-id=\"384b7e0\"><style>.stk-384b7e0-container{padding-top:0px !important;padding-right:0px !important;padding-bottom:0px !important;padding-left:0px !important;}<\/style><div class=\"stk-column-wrapper stk-block-column__content stk-container stk-384b7e0-container stk--no-background stk--no-padding\"><div class=\"stk-block-content stk-inner-blocks stk-384b7e0-inner-blocks\">\n<ul class=\"wp-block-list\">\n<li><a href=\"https:\/\/cwur.org\/2025.php\" target=\"_blank\" rel=\"noreferrer noopener\">Classement CWUR\u00a0<\/a>\u00a0(2025)<\/li>\n\n\n\n<li><a href=\"https:\/\/www.rankingcyd.org\/info\/universidad-de-la-laguna\" target=\"_blank\" rel=\"noreferrer noopener\">Classement de la Fondation CYD<\/a>\u00a0(2025)<\/li>\n\n\n\n<li><a href=\"https:\/\/www.timeshighereducation.com\/world-university-rankings\/2025\/world-ranking#!\/length\/25\/locations\/ESP\/sort_by\/rank\/sort_order\/asc\/cols\/stats\" target=\"_blank\" rel=\"noreferrer noopener\">Classement mondial des universit\u00e9s du Times Higher Education<\/a>\u00a0(2025)<\/li>\n\n\n\n<li><a href=\"https:\/\/www.shanghairanking.com\/institution\/university-of-la-laguna\" target=\"_blank\" rel=\"noreferrer noopener\">Classement de Shanghai<\/a>\u00a0(2024)<\/li>\n<\/ul>\n<\/div><\/div><\/div>\n<\/details>\n<\/div><\/div><\/div>\n<\/div><\/div>","protected":false},"excerpt":{"rendered":"<p>Pr\u00e9sence de l&#039;ULL dans les principaux classements universitaires Il existe diff\u00e9rents classements universitaires bas\u00e9s sur diff\u00e9rentes dimensions. Certains sont davantage ax\u00e9s sur les aspects de recherche, d\u2019autres sur les aspects d\u2019enseignement ou le degr\u00e9 d\u2019implication dans le d\u00e9veloppement r\u00e9gional. Une grande partie d\u2019entre eux tendent \u00e0 valoriser l\u2019activit\u00e9 des universit\u00e9s de mani\u00e8re plus globale. Le\u2026<\/p>","protected":false},"author":1,"featured_media":0,"parent":0,"menu_order":0,"comment_status":"closed","ping_status":"closed","template":"templates\/template-100-width.php","meta":{"footnotes":""},"class_list":["post-7178","page","type-page","status-publish","hentry"],"_links":{"self":[{"href":"https:\/\/www.ull.es\/la-universidad\/fr\/wp-json\/wp\/v2\/pages\/7178","targetHints":{"allow":["GET"]}}],"collection":[{"href":"https:\/\/www.ull.es\/la-universidad\/fr\/wp-json\/wp\/v2\/pages"}],"about":[{"href":"https:\/\/www.ull.es\/la-universidad\/fr\/wp-json\/wp\/v2\/types\/page"}],"author":[{"embeddable":true,"href":"https:\/\/www.ull.es\/la-universidad\/fr\/wp-json\/wp\/v2\/users\/1"}],"replies":[{"embeddable":true,"href":"https:\/\/www.ull.es\/la-universidad\/fr\/wp-json\/wp\/v2\/comments?post=7178"}],"version-history":[{"count":24,"href":"https:\/\/www.ull.es\/la-universidad\/fr\/wp-json\/wp\/v2\/pages\/7178\/revisions"}],"predecessor-version":[{"id":18571,"href":"https:\/\/www.ull.es\/la-universidad\/fr\/wp-json\/wp\/v2\/pages\/7178\/revisions\/18571"}],"wp:attachment":[{"href":"https:\/\/www.ull.es\/la-universidad\/fr\/wp-json\/wp\/v2\/media?parent=7178"}],"curies":[{"name":"wp","href":"https:\/\/api.w.org\/{rel}","templated":true}]}}